{"id":16363,"date":"2025-12-23T03:16:15","date_gmt":"2025-12-23T03:16:15","guid":{"rendered":"https:\/\/arttao.org\/?page_id=16363"},"modified":"2025-12-23T03:16:15","modified_gmt":"2025-12-23T03:16:15","slug":"a-propos-de-nous-a-propos-darttao","status":"publish","type":"page","link":"https:\/\/arttao.org\/fr\/%e5%85%b3%e4%ba%8e%e6%88%91%e4%bb%ac%ef%bd%9cabout-arttao\/","title":{"rendered":"\u00c0 propos de nous | \u00c0 propos d&#039;Arttao"},"content":{"rendered":"<div style=\"max-width: 900px; margin: 0 auto; font-family: Georgia, 'Times New Roman', serif; line-height: 1.9; color: #333; padding: 10px 16px;\">\n<h2 style=\"text-align:center; margin: 8px 0 18px; font-size: 30px; letter-spacing: 0.5px;\"><\/h2>\n<p style=\"margin: 0 0 16px;\">\n    <strong>Arttao.org<\/strong> C&#039;est un <strong>Sant\u00e9 mentale, art-th\u00e9rapie et soutien assist\u00e9 par l&#039;IA<\/strong> Une plateforme compl\u00e8te centr\u00e9e sur [le noyau].<br \/>\n    Nous nous concentrons sur ceux qui sont facilement n\u00e9glig\u00e9s, incompris ou qui manquent de soutien durable dans la r\u00e9alit\u00e9, et nous nous engageons \u00e0 fournir un contenu structur\u00e9 et une approche douce et durable.<br \/>\n    Cela aide les individus \u00e0 comprendre leur propre \u00e9tat psychologique, \u00e0 r\u00e9tablir l&#039;ordre int\u00e9rieur et \u00e0 instaurer progressivement un rythme de vie plus stable.\n  <\/p>\n<h3 style=\"margin: 22px 0 10px; font-size: 20px;\">\n    Que faisons-nous ?<br \/>\n  <\/h3>\n<p style=\"margin: 0 0 12px;\">\n    Arttao n&#039;est pas un simple site web de tests psychologiques, ni une plateforme de cours en ligne unique. Nous avons con\u00e7u un syst\u00e8me \u00e0 plusieurs niveaux de soutien psychologique et d&#039;art-th\u00e9rapie, comprenant notamment\u00a0:\n  <\/p>\n<ul style=\"margin: 0 0 16px 20px; padding: 0;\">\n<li style=\"margin: 6px 0;\">Outils d&#039;\u00e9valuation syst\u00e9matique de l&#039;\u00e9tat psychologique et de compr\u00e9hension de soi<\/li>\n<li style=\"margin: 6px 0;\">Des programmes de gu\u00e9rison \u00e0 long terme couvrant des domaines tels que l&#039;anxi\u00e9t\u00e9, la d\u00e9pression, les traumatismes, le sommeil et la d\u00e9pendance.<\/li>\n<li style=\"margin: 6px 0;\">Contenu d&#039;art-th\u00e9rapie interculturel combinant la d\u00e9gustation de th\u00e9, la th\u00e9rapie alimentaire, la calligraphie, la peinture, la musique et la contemplation de mandalas.<\/li>\n<li style=\"margin: 6px 0;\">Un accompagnement et des conseils bas\u00e9s sur l&#039;IA, plut\u00f4t qu&#039;un \u201c outil de diagnostic \u201d destin\u00e9 \u00e0 remplacer les soins m\u00e9dicaux professionnels.\u201d<\/li>\n<\/ul>\n<p style=\"margin: 0 0 16px;\">\n    Nous sommes plus inquiets<strong>processus<\/strong>Au lieu de viser une \u201c am\u00e9lioration imm\u00e9diate \u201d, concentrez-vous sur\u2026<strong>Compr\u00e9hension et adaptation<\/strong>Au lieu d&#039;\u00e9tiqueter les conclusions.\n  <\/p>\n<h3 style=\"margin: 22px 0 10px; font-size: 20px;\">\n    Comment envisageons-nous le soutien psychologique\u00a0?<br \/>\n  <\/h3>\n<p style=\"margin: 0 0 16px;\">\n    Nous pensons que la d\u00e9tresse psychologique n&#039;est pas synonyme d&#039;\u201canormalit\u00e9\u201d ; elle r\u00e9sulte souvent des effets combin\u00e9s du stress \u00e0 long terme, de facteurs environnementaux, des sch\u00e9mas relationnels et de l&#039;\u00e9tat physique.<br \/>\n    Par cons\u00e9quent, le contenu fourni par Arttao respecte les principes suivants\u00a0:\n  <\/p>\n<ul style=\"margin: 0 0 16px 20px; padding: 0;\">\n<li style=\"margin: 6px 0;\">Ne cr\u00e9ez pas de panique, n&#039;exag\u00e9rez pas les sympt\u00f4mes<\/li>\n<li style=\"margin: 6px 0;\">Ne r\u00e9duisez pas les exp\u00e9riences complexes \u00e0 une seule conclusion.<\/li>\n<li style=\"margin: 6px 0;\">N&#039;utilisez pas un langage \u00e9motionnel pour cr\u00e9er une d\u00e9pendance.<\/li>\n<li style=\"margin: 6px 0;\">Respectez les rythmes individuels et pr\u00e9voyez des r\u00e9p\u00e9titions et des pauses.<\/li>\n<\/ul>\n<p style=\"margin: 0 0 16px;\">\n    Ici, le soutien psychologique est un \u00e9l\u00e9ment cl\u00e9.<strong>Un chemin que l&#039;on peut parcourir lentement<\/strong>.\n  <\/p>\n<h3 style=\"margin: 22px 0 10px; font-size: 20px;\">\n    L&#039;importance de l&#039;art-th\u00e9rapie<br \/>\n  <\/h3>\n<p style=\"margin: 0 0 12px;\">\n    L&#039;art ne se r\u00e9sume pas \u00e0 \u201c la qualit\u00e9 de son expression \u201d, mais \u00e0...<strong>R\u00e9tablir la perception et la connexion<\/strong>Chez Arttao, l&#039;art-th\u00e9rapie n&#039;est pas un programme de formation technique, mais plut\u00f4t une pratique quotidienne et accessible. Par exemple\u00a0:\n  <\/p>\n<ul style=\"margin: 0 0 16px 20px; padding: 0;\">\n<li style=\"margin: 6px 0;\">Le mandala ne consiste pas \u00e0 \u201c dessiner quelque chose \u201d, mais \u00e0 le contempler et \u00e0 s&#039;y attarder.<\/li>\n<li style=\"margin: 6px 0;\">La calligraphie ne consiste pas \u00e0 rechercher un style, mais le rythme et le souffle.<\/li>\n<li style=\"margin: 6px 0;\">La consommation de th\u00e9 et la th\u00e9rapie di\u00e9t\u00e9tique ne consistent pas \u00e0 \u00e9lucider des recettes myst\u00e9rieuses, mais plut\u00f4t \u00e0 constituer le point de d\u00e9part d&#039;une r\u00e9gulation corporelle.<\/li>\n<\/ul>\n<p style=\"margin: 0 0 16px;\">\n    Ici, l&#039;art est un langage d&#039;adaptation psychologique.\n  <\/p>\n<h3 style=\"margin: 22px 0 10px; font-size: 20px;\">\n    Le r\u00f4le de l&#039;IA<br \/>\n  <\/h3>\n<p style=\"margin: 0 0 16px;\">\n    Arttao utilise l&#039;intelligence artificielle comme...<strong>Outils de support<\/strong>L\u2019IA, plut\u00f4t que les juges faisant autorit\u00e9, joue un r\u00f4le crucial dans\u00a0:\n  <\/p>\n<ul style=\"margin: 0 0 16px 20px; padding: 0;\">\n<li style=\"margin: 6px 0;\">Aider \u00e0 organiser les pens\u00e9es et les signaux \u00e9motionnels<\/li>\n<li style=\"margin: 6px 0;\">Fournir une r\u00e9flexion structur\u00e9e et un accompagnement ax\u00e9 sur la r\u00e9solution de probl\u00e8mes<\/li>\n<li style=\"margin: 6px 0;\">R\u00e9duire les obstacles \u00e0 l&#039;acc\u00e8s au soutien psychologique<\/li>\n<\/ul>\n<p style=\"margin: 0 0 16px;\">\n    Ce contenu ne constitue en aucun cas un diagnostic m\u00e9dical ni ne remplace un traitement professionnel. Nous vous encourageons \u00e0 consulter un m\u00e9decin ou un professionnel de la sant\u00e9 mentale si n\u00e9cessaire.\n  <\/p>\n<h3 style=\"margin: 22px 0 10px; font-size: 20px;\">\n    Notre vision<br \/>\n  <\/h3>\n<p style=\"margin: 0 0 16px;\">\n    Arttao esp\u00e8re devenir<strong>Existence \u00e0 long terme, stable et sans stimulation excessive<\/strong>Un espace de soutien psychologique et artistique \u2013 un lieu o\u00f9 vous pouvez revenir sans cesse, sans avoir \u00e0 jouer un r\u00f4le ni \u00e0 \u201c rendre compte de vos progr\u00e8s \u201d.\n  <\/p>\n<p style=\"margin: 0 0 6px;\">\n    Si vous recherchez une plateforme qui ne cherche pas \u00e0 vous d\u00e9finir ou \u00e0 vous r\u00e9parer,\n  <\/p>\n<p style=\"margin: 0 0 6px;\">\n    C&#039;est donc peut-\u00eatre un endroit o\u00f9 vous pouvez vous attarder un moment.\n  <\/p>\n<hr style=\"border: none; border-top: 1px solid #e6e6e6; margin: 22px 0;\" \/>\n<p style=\"margin: 0; font-size: 13px; color: #666;\">\n    Avertissement\u00a0: Le contenu propos\u00e9 par Arttao.org est uniquement destin\u00e9 \u00e0 des fins d\u2019\u00e9ducation psychologique et d\u2019auto-assistance et ne constitue en aucun cas un avis m\u00e9dical ni un diagnostic. En cas d\u2019urgence ou de risque d\u2019automutilation, veuillez contacter imm\u00e9diatement les services d\u2019urgence ou un organisme professionnel.\n  <\/p>\n<\/div>","protected":false},"excerpt":{"rendered":"<p>Arttao.org \u662f\u4e00\u4e2a\u4ee5 \u5fc3\u7406\u5065\u5eb7\u3001\u827a\u672f\u7597\u6108\u4e0e\u4eba\u5de5\u667a\u80fd\u8f85\u52a9\u652f\u6301 \u4e3a\u6838\u5fc3\u7684\u7efc\u5408\u6027\u5e73\u53f0\u3002 \u6211\u4eec\u5173\u6ce8\u90a3\u4e9b\u5728\u73b0\u5b9e [&hellip;]<\/p>\n","protected":false},"author":1,"featured_media":0,"parent":0,"menu_order":0,"comment_status":"closed","ping_status":"closed","template":"","meta":{"nf_dc_page":"","om_disable_all_campaigns":false,"_monsterinsights_skip_tracking":false,"_monsterinsights_sitenote_active":false,"_monsterinsights_sitenote_note":"","_monsterinsights_sitenote_category":0,"footnotes":""},"class_list":["post-16363","page","type-page","status-publish","hentry"],"_links":{"self":[{"href":"https:\/\/arttao.org\/fr\/wp-json\/wp\/v2\/pages\/16363","targetHints":{"allow":["GET"]}}],"collection":[{"href":"https:\/\/arttao.org\/fr\/wp-json\/wp\/v2\/pages"}],"about":[{"href":"https:\/\/arttao.org\/fr\/wp-json\/wp\/v2\/types\/page"}],"author":[{"embeddable":true,"href":"https:\/\/arttao.org\/fr\/wp-json\/wp\/v2\/users\/1"}],"replies":[{"embeddable":true,"href":"https:\/\/arttao.org\/fr\/wp-json\/wp\/v2\/comments?post=16363"}],"version-history":[{"count":1,"href":"https:\/\/arttao.org\/fr\/wp-json\/wp\/v2\/pages\/16363\/revisions"}],"predecessor-version":[{"id":16364,"href":"https:\/\/arttao.org\/fr\/wp-json\/wp\/v2\/pages\/16363\/revisions\/16364"}],"wp:attachment":[{"href":"https:\/\/arttao.org\/fr\/wp-json\/wp\/v2\/media?parent=16363"}],"curies":[{"name":"wp","href":"https:\/\/api.w.org\/{rel}","templated":true}]}}