{"id":2940,"date":"2025-05-08T04:35:18","date_gmt":"2025-05-08T04:35:18","guid":{"rendered":"https:\/\/arttao.org\/?page_id=2940"},"modified":"2025-09-28T23:36:23","modified_gmt":"2025-09-28T23:36:23","slug":"e-sautes-dhumeur","status":"publish","type":"page","link":"https:\/\/arttao.org\/fr\/e-%e6%83%85%e7%bb%aa%e6%b3%a2%e5%8a%a8%e9%97%ae%e9%a2%98s\/","title":{"rendered":"E. Sautes d&#039;humeur"},"content":{"rendered":"<p class=\"\"><\/p>\n\n\n\n<figure class=\"wp-block-image size-large is-resized\"><img loading=\"lazy\" decoding=\"async\" width=\"1024\" height=\"818\" src=\"https:\/\/arttao.org\/wp-content\/uploads\/2025\/05\/EaI\u00bcIo_402498516_AIAE\u00b2EA\u00aeo\u00a2CaDAAEAth\u00bf\u00a8I\u00a8\u00b2a_\u00b7CAEoO\u00b5EIOA22-1024x818.jpg\" alt=\"\" class=\"wp-image-2694\" style=\"width:69px;height:auto\" srcset=\"https:\/\/arttao.org\/wp-content\/uploads\/2025\/05\/EaI\u00bcIo_402498516_AIAE\u00b2EA\u00aeo\u00a2CaDAAEAth\u00bf\u00a8I\u00a8\u00b2a_\u00b7CAEoO\u00b5EIOA22-1024x818.jpg 1024w, https:\/\/arttao.org\/wp-content\/uploads\/2025\/05\/EaI\u00bcIo_402498516_AIAE\u00b2EA\u00aeo\u00a2CaDAAEAth\u00bf\u00a8I\u00a8\u00b2a_\u00b7CAEoO\u00b5EIOA22-300x240.jpg 300w, https:\/\/arttao.org\/wp-content\/uploads\/2025\/05\/EaI\u00bcIo_402498516_AIAE\u00b2EA\u00aeo\u00a2CaDAAEAth\u00bf\u00a8I\u00a8\u00b2a_\u00b7CAEoO\u00b5EIOA22-768x613.jpg 768w, https:\/\/arttao.org\/wp-content\/uploads\/2025\/05\/EaI\u00bcIo_402498516_AIAE\u00b2EA\u00aeo\u00a2CaDAAEAth\u00bf\u00a8I\u00a8\u00b2a_\u00b7CAEoO\u00b5EIOA22-1536x1227.jpg 1536w, https:\/\/arttao.org\/wp-content\/uploads\/2025\/05\/EaI\u00bcIo_402498516_AIAE\u00b2EA\u00aeo\u00a2CaDAAEAth\u00bf\u00a8I\u00a8\u00b2a_\u00b7CAEoO\u00b5EIOA22.jpg 1718w\" sizes=\"auto, (max-width: 1024px) 100vw, 1024px\" \/><\/figure>\n\n\n\n<p class=\"has-medium-font-size\"><a href=\"https:\/\/arttao.org\/fr\/30%e5%8f%8c%e7%9b%b8%e2%85%b0%e5%9e%8b-%c2%b7-%e8%ba%81%e7%8b%82%e6%9c%9f%e7%89%b9%e5%be%81-s\/\" data-type=\"page\" data-id=\"10971\">s-32:<strong>Syndrome bipolaire I : caract\u00e9ristiques de la phase maniaque<\/strong><\/a><\/p>\n\n\n\n<p class=\"has-small-font-size\"><br>Ce test examine si des sautes d&#039;humeur extr\u00eames (comme des p\u00e9riodes alternantes de manie et de d\u00e9pression) ont eu un impact significatif sur votre vie quotidienne et votre fonctionnement social. Il vous aide \u00e0 identifier si les \u00e9pisodes maniaques pr\u00e9sentent des caract\u00e9ristiques telles qu&#039;une confiance excessive, une loquacit\u00e9 excessive, des d\u00e9bordements d&#039;\u00e9nergie ou des comportements \u00e0 risque, et \u00e9value si ces \u00e9pisodes s&#039;accompagnent de p\u00e9riodes de d\u00e9pression s\u00e9v\u00e8re. En fonction de vos r\u00e9ponses, l&#039;IA d\u00e9terminera si vous pr\u00e9sentez les caract\u00e9ristiques du trouble bipolaire de type I et formulera des recommandations pr\u00e9liminaires d&#039;identification et d&#039;intervention.<\/p>\n\n\n\n<figure class=\"wp-block-image size-large is-resized\"><img loading=\"lazy\" decoding=\"async\" width=\"1024\" height=\"818\" src=\"https:\/\/arttao.org\/wp-content\/uploads\/2025\/05\/EaI\u00bcIo_402498516_AIAE\u00b2EA\u00aeo\u00a2CaDAAEAth\u00bf\u00a8I\u00a8\u00b2a_\u00b7CAEoO\u00b5EIOA22-1024x818.jpg\" alt=\"\" class=\"wp-image-2694\" style=\"width:68px;height:auto\" srcset=\"https:\/\/arttao.org\/wp-content\/uploads\/2025\/05\/EaI\u00bcIo_402498516_AIAE\u00b2EA\u00aeo\u00a2CaDAAEAth\u00bf\u00a8I\u00a8\u00b2a_\u00b7CAEoO\u00b5EIOA22-1024x818.jpg 1024w, https:\/\/arttao.org\/wp-content\/uploads\/2025\/05\/EaI\u00bcIo_402498516_AIAE\u00b2EA\u00aeo\u00a2CaDAAEAth\u00bf\u00a8I\u00a8\u00b2a_\u00b7CAEoO\u00b5EIOA22-300x240.jpg 300w, https:\/\/arttao.org\/wp-content\/uploads\/2025\/05\/EaI\u00bcIo_402498516_AIAE\u00b2EA\u00aeo\u00a2CaDAAEAth\u00bf\u00a8I\u00a8\u00b2a_\u00b7CAEoO\u00b5EIOA22-768x613.jpg 768w, https:\/\/arttao.org\/wp-content\/uploads\/2025\/05\/EaI\u00bcIo_402498516_AIAE\u00b2EA\u00aeo\u00a2CaDAAEAth\u00bf\u00a8I\u00a8\u00b2a_\u00b7CAEoO\u00b5EIOA22-1536x1227.jpg 1536w, https:\/\/arttao.org\/wp-content\/uploads\/2025\/05\/EaI\u00bcIo_402498516_AIAE\u00b2EA\u00aeo\u00a2CaDAAEAth\u00bf\u00a8I\u00a8\u00b2a_\u00b7CAEoO\u00b5EIOA22.jpg 1718w\" sizes=\"auto, (max-width: 1024px) 100vw, 1024px\" \/><\/figure>\n\n\n\n<p class=\"has-medium-font-size\"><a href=\"https:\/\/arttao.org\/fr\/31%e5%8f%8c%e7%9b%b8%e2%85%b1%e5%9e%8b-%c2%b7-%e8%bd%bb%e8%ba%81%e6%9c%9f%e7%89%b9%e5%be%81-s\/\" data-type=\"page\" data-id=\"10973\">s-33:<strong>Trouble bipolaire II\u00a0: caract\u00e9ristiques hypomaniaques<\/strong><\/a><\/p>\n\n\n\n<p class=\"has-small-font-size\"><br>Ce test vise \u00e0 identifier les caract\u00e9ristiques \u00e9motionnelles qui alternent entre p\u00e9riodes d&#039;hypomanie et de d\u00e9pression. Le syst\u00e8me vous aidera \u00e0 distinguer si les p\u00e9riodes d&#039;euphorie sont br\u00e8ves et n&#039;ont pas entra\u00een\u00e9 de perte de contr\u00f4le importante. Il \u00e9valuera \u00e9galement si vous tombez fr\u00e9quemment dans une d\u00e9pression profonde, si vous ressentez une perte d&#039;int\u00e9r\u00eat et si vous vous culpabilisez. L&#039;analyse par IA vous aidera \u00e0 comprendre la nature cach\u00e9e et cyclique des sautes d&#039;humeur hypomaniaques-d\u00e9pressives, en vous fournissant des informations, des outils d&#039;auto-observation et des strat\u00e9gies de soutien.<\/p>\n\n\n\n<figure class=\"wp-block-image size-large is-resized\"><img loading=\"lazy\" decoding=\"async\" width=\"1024\" height=\"818\" src=\"https:\/\/arttao.org\/wp-content\/uploads\/2025\/05\/EaI\u00bcIo_402498516_AIAE\u00b2EA\u00aeo\u00a2CaDAAEAth\u00bf\u00a8I\u00a8\u00b2a_\u00b7CAEoO\u00b5EIOA22-1024x818.jpg\" alt=\"\" class=\"wp-image-2694\" style=\"width:65px;height:auto\" srcset=\"https:\/\/arttao.org\/wp-content\/uploads\/2025\/05\/EaI\u00bcIo_402498516_AIAE\u00b2EA\u00aeo\u00a2CaDAAEAth\u00bf\u00a8I\u00a8\u00b2a_\u00b7CAEoO\u00b5EIOA22-1024x818.jpg 1024w, https:\/\/arttao.org\/wp-content\/uploads\/2025\/05\/EaI\u00bcIo_402498516_AIAE\u00b2EA\u00aeo\u00a2CaDAAEAth\u00bf\u00a8I\u00a8\u00b2a_\u00b7CAEoO\u00b5EIOA22-300x240.jpg 300w, https:\/\/arttao.org\/wp-content\/uploads\/2025\/05\/EaI\u00bcIo_402498516_AIAE\u00b2EA\u00aeo\u00a2CaDAAEAth\u00bf\u00a8I\u00a8\u00b2a_\u00b7CAEoO\u00b5EIOA22-768x613.jpg 768w, https:\/\/arttao.org\/wp-content\/uploads\/2025\/05\/EaI\u00bcIo_402498516_AIAE\u00b2EA\u00aeo\u00a2CaDAAEAth\u00bf\u00a8I\u00a8\u00b2a_\u00b7CAEoO\u00b5EIOA22-1536x1227.jpg 1536w, https:\/\/arttao.org\/wp-content\/uploads\/2025\/05\/EaI\u00bcIo_402498516_AIAE\u00b2EA\u00aeo\u00a2CaDAAEAth\u00bf\u00a8I\u00a8\u00b2a_\u00b7CAEoO\u00b5EIOA22.jpg 1718w\" sizes=\"auto, (max-width: 1024px) 100vw, 1024px\" \/><\/figure>\n\n\n\n<p class=\"has-medium-font-size\"><a href=\"https:\/\/arttao.org\/fr\/32%e5%be%aa%e7%8e%af%e6%80%a7%e5%bf%83%e5%a2%83%e9%9a%9c%e7%a2%8d-s\/\" data-type=\"page\" data-id=\"10975\">s-34:<strong>Trouble cyclothymique<\/strong><\/a><\/p>\n\n\n\n<p class=\"has-small-font-size\"><br>Ce test se concentre sur la col\u00e8re persistante, l&#039;irritabilit\u00e9 et les acc\u00e8s de col\u00e8re chez les adolescents. \u00c0 travers six questions, le syst\u00e8me d\u00e9termine si ces acc\u00e8s sont fr\u00e9quents, difficiles \u00e0 calmer et perturbent la vie familiale et sociale. Il est particuli\u00e8rement utile aux parents, aux enseignants et aux personnes charg\u00e9es d&#039;\u00e9valuer si l&#039;incapacit\u00e9 \u00e0 r\u00e9guler ses \u00e9motions est un probl\u00e8me. L&#039;IA analyse les m\u00e9canismes sous-jacents potentiels des difficult\u00e9s de r\u00e9gulation \u00e9motionnelle et fournit des conseils.<\/p>\n\n\n\n<figure class=\"wp-block-image size-large is-resized\"><img loading=\"lazy\" decoding=\"async\" width=\"1024\" height=\"818\" src=\"https:\/\/arttao.org\/wp-content\/uploads\/2025\/05\/EaI\u00bcIo_402498516_AIAE\u00b2EA\u00aeo\u00a2CaDAAEAth\u00bf\u00a8I\u00a8\u00b2a_\u00b7CAEoO\u00b5EIOA22-1024x818.jpg\" alt=\"\" class=\"wp-image-2694\" style=\"width:67px;height:auto\" srcset=\"https:\/\/arttao.org\/wp-content\/uploads\/2025\/05\/EaI\u00bcIo_402498516_AIAE\u00b2EA\u00aeo\u00a2CaDAAEAth\u00bf\u00a8I\u00a8\u00b2a_\u00b7CAEoO\u00b5EIOA22-1024x818.jpg 1024w, https:\/\/arttao.org\/wp-content\/uploads\/2025\/05\/EaI\u00bcIo_402498516_AIAE\u00b2EA\u00aeo\u00a2CaDAAEAth\u00bf\u00a8I\u00a8\u00b2a_\u00b7CAEoO\u00b5EIOA22-300x240.jpg 300w, https:\/\/arttao.org\/wp-content\/uploads\/2025\/05\/EaI\u00bcIo_402498516_AIAE\u00b2EA\u00aeo\u00a2CaDAAEAth\u00bf\u00a8I\u00a8\u00b2a_\u00b7CAEoO\u00b5EIOA22-768x613.jpg 768w, https:\/\/arttao.org\/wp-content\/uploads\/2025\/05\/EaI\u00bcIo_402498516_AIAE\u00b2EA\u00aeo\u00a2CaDAAEAth\u00bf\u00a8I\u00a8\u00b2a_\u00b7CAEoO\u00b5EIOA22-1536x1227.jpg 1536w, https:\/\/arttao.org\/wp-content\/uploads\/2025\/05\/EaI\u00bcIo_402498516_AIAE\u00b2EA\u00aeo\u00a2CaDAAEAth\u00bf\u00a8I\u00a8\u00b2a_\u00b7CAEoO\u00b5EIOA22.jpg 1718w\" sizes=\"auto, (max-width: 1024px) 100vw, 1024px\" \/><\/figure>\n\n\n\n<p class=\"has-medium-font-size\"><a href=\"https:\/\/arttao.org\/fr\/33%e6%83%85%e7%bb%aa%e4%b8%8d%e7%a8%b3%e5%ae%9a%e5%9e%8b%e4%ba%ba%e6%a0%bc%e7%89%b9%e5%be%81-s\/\" data-type=\"page\" data-id=\"10977\">s-35:<strong>Traits de personnalit\u00e9 \u00e9motionnellement instables<\/strong><\/a><\/p>\n\n\n\n<p class=\"has-small-font-size\"><br><br>Ce test vous aide \u00e0 identifier si vous souffrez de sautes d&#039;humeur extr\u00eames, d&#039;un sentiment intense de vide, d&#039;une polarisation relationnelle (alternance entre id\u00e9alisation et d\u00e9valorisation), d&#039;une perception d\u00e9form\u00e9e de soi ou d&#039;un comportement impulsif. \u00c0 l&#039;aide de questions de style socratique, il vous guide progressivement vers une r\u00e9flexion sur vos r\u00e9actions interpersonnelles, votre intensit\u00e9 \u00e9motionnelle et votre stabilit\u00e9 int\u00e9rieure. Ce test convient aux personnes tr\u00e8s sensibles, sujettes aux d\u00e9bordements \u00e9motionnels ou ayant v\u00e9cu des ruptures relationnelles r\u00e9p\u00e9t\u00e9es. C&#039;est un point de d\u00e9part pour comprendre ses propres \u00e9motions et \u00e9tablir des limites.<\/p>\n\n\n\n<figure class=\"wp-block-image size-large is-resized\"><img loading=\"lazy\" decoding=\"async\" width=\"1024\" height=\"818\" src=\"https:\/\/arttao.org\/wp-content\/uploads\/2025\/05\/EaI\u00bcIo_402498516_AIAE\u00b2EA\u00aeo\u00a2CaDAAEAth\u00bf\u00a8I\u00a8\u00b2a_\u00b7CAEoO\u00b5EIOA22-1024x818.jpg\" alt=\"\" class=\"wp-image-2694\" style=\"width:69px;height:auto\" srcset=\"https:\/\/arttao.org\/wp-content\/uploads\/2025\/05\/EaI\u00bcIo_402498516_AIAE\u00b2EA\u00aeo\u00a2CaDAAEAth\u00bf\u00a8I\u00a8\u00b2a_\u00b7CAEoO\u00b5EIOA22-1024x818.jpg 1024w, https:\/\/arttao.org\/wp-content\/uploads\/2025\/05\/EaI\u00bcIo_402498516_AIAE\u00b2EA\u00aeo\u00a2CaDAAEAth\u00bf\u00a8I\u00a8\u00b2a_\u00b7CAEoO\u00b5EIOA22-300x240.jpg 300w, https:\/\/arttao.org\/wp-content\/uploads\/2025\/05\/EaI\u00bcIo_402498516_AIAE\u00b2EA\u00aeo\u00a2CaDAAEAth\u00bf\u00a8I\u00a8\u00b2a_\u00b7CAEoO\u00b5EIOA22-768x613.jpg 768w, https:\/\/arttao.org\/wp-content\/uploads\/2025\/05\/EaI\u00bcIo_402498516_AIAE\u00b2EA\u00aeo\u00a2CaDAAEAth\u00bf\u00a8I\u00a8\u00b2a_\u00b7CAEoO\u00b5EIOA22-1536x1227.jpg 1536w, https:\/\/arttao.org\/wp-content\/uploads\/2025\/05\/EaI\u00bcIo_402498516_AIAE\u00b2EA\u00aeo\u00a2CaDAAEAth\u00bf\u00a8I\u00a8\u00b2a_\u00b7CAEoO\u00b5EIOA22.jpg 1718w\" sizes=\"auto, (max-width: 1024px) 100vw, 1024px\" \/><\/figure>\n\n\n\n<p class=\"has-medium-font-size\"><a href=\"https:\/\/arttao.org\/fr\/s-36%e7%a0%b4%e5%9d%8f%e6%80%a7%e5%bf%83%e5%a2%83%e5%a4%b1%e8%b0%83%e9%9a%9c%e7%a2%8d\/\" data-type=\"page\" data-id=\"11094\">s-36:<strong>Troubles de l&#039;humeur perturbateurs<\/strong><\/a><br><\/p>\n\n\n\n<p class=\"has-small-font-size\"><br>Ce test vise \u00e0 identifier les enfants ou les adolescents pr\u00e9sentant des acc\u00e8s de col\u00e8re chroniques, des crises \u00e9motionnelles et des comportements difficiles \u00e0 contr\u00f4ler. \u00c0 l&#039;aide de six questions de style socratique, le syst\u00e8me guide les parents ou les personnes en charge de l&#039;enfant dans une r\u00e9flexion approfondie pour d\u00e9terminer si les sautes d&#039;humeur de leur enfant sont hors de leur tranche d&#039;\u00e2ge et perturbent la vie quotidienne, les relations et la communication. L&#039;IA analyse les r\u00e9ponses pour identifier d&#039;\u00e9ventuels troubles de la r\u00e9gulation \u00e9motionnelle (tels que les troubles de l&#039;humeur perturbateurs, ou DMDD) et fournit des recommandations et un soutien en mati\u00e8re d&#039;entra\u00eenement \u00e9motionnel adapt\u00e9s \u00e0 l&#039;\u00e2ge de l&#039;enfant. Ce test s&#039;adresse aux familles et aux \u00e9ducateurs en qu\u00eate de compr\u00e9hension, de strat\u00e9gies \u00e9ducatives et de solutions pour stabiliser les \u00e9motions de leurs enfants.<\/p>\n\n\n\n<p class=\"\"><\/p>","protected":false},"excerpt":{"rendered":"<p>s-32:\u53cc\u76f8\u2160\u578b \u00b7 \u8e81\u72c2\u671f\u7279\u5f81 \u672c\u6d4b\u8bd5\u901a\u8fc7\u63a2\u8ba8\u6781\u7aef\u60c5\u7eea\u6ce2\u52a8\uff08\u5982\u8e81\u72c2\u4e0e\u6291\u90c1\u4ea4\u66ff\uff09\u662f\u5426\u5df2\u4e25\u91cd\u5f71\u54cd\u4f60\u7684\u751f\u6d3b\u8282\u5f8b\u4e0e [&hellip;]<\/p>\n","protected":false},"author":1,"featured_media":0,"parent":0,"menu_order":0,"comment_status":"closed","ping_status":"closed","template":"","meta":{"nf_dc_page":"","om_disable_all_campaigns":false,"_monsterinsights_skip_tracking":false,"_monsterinsights_sitenote_active":false,"_monsterinsights_sitenote_note":"","_monsterinsights_sitenote_category":0,"footnotes":""},"class_list":["post-2940","page","type-page","status-publish","hentry"],"_links":{"self":[{"href":"https:\/\/arttao.org\/fr\/wp-json\/wp\/v2\/pages\/2940","targetHints":{"allow":["GET"]}}],"collection":[{"href":"https:\/\/arttao.org\/fr\/wp-json\/wp\/v2\/pages"}],"about":[{"href":"https:\/\/arttao.org\/fr\/wp-json\/wp\/v2\/types\/page"}],"author":[{"embeddable":true,"href":"https:\/\/arttao.org\/fr\/wp-json\/wp\/v2\/users\/1"}],"replies":[{"embeddable":true,"href":"https:\/\/arttao.org\/fr\/wp-json\/wp\/v2\/comments?post=2940"}],"version-history":[{"count":4,"href":"https:\/\/arttao.org\/fr\/wp-json\/wp\/v2\/pages\/2940\/revisions"}],"predecessor-version":[{"id":11116,"href":"https:\/\/arttao.org\/fr\/wp-json\/wp\/v2\/pages\/2940\/revisions\/11116"}],"wp:attachment":[{"href":"https:\/\/arttao.org\/fr\/wp-json\/wp\/v2\/media?parent=2940"}],"curies":[{"name":"wp","href":"https:\/\/api.w.org\/{rel}","templated":true}]}}