{"id":2946,"date":"2025-05-08T04:48:35","date_gmt":"2025-05-08T04:48:35","guid":{"rendered":"https:\/\/arttao.org\/?page_id=2946"},"modified":"2025-09-28T23:50:16","modified_gmt":"2025-09-28T23:50:16","slug":"f-problemes-de-sommeil-et-problemes-physiques-2","status":"publish","type":"page","link":"https:\/\/arttao.org\/fr\/f-%e7%9d%a1%e7%9c%a0%e4%b8%8e%e8%ba%af%e4%bd%93%e9%97%ae%e9%a2%98s\/","title":{"rendered":"F. Tests de sommeil et de probl\u00e8mes physiques"},"content":{"rendered":"<p class=\"\"><\/p>\n\n\n\n<p class=\"\"><\/p>\n\n\n\n<figure class=\"wp-block-image size-large is-resized\"><img loading=\"lazy\" decoding=\"async\" width=\"1024\" height=\"762\" src=\"https:\/\/arttao.org\/wp-content\/uploads\/2025\/05\/EaI\u00bcIo_402498529_IAEO\u00b6a\u00b0I\u00b0\u00b7I\u00a8AA\u00a8\u00b6aA\u00aeo\u00a2\u00bf\u00a8I\u00a8\u00b6th\u00b4IOa\u00b7CAEoO\u00b5EIOA22-1024x762.jpg\" alt=\"\" class=\"wp-image-2697\" style=\"width:69px;height:auto\" srcset=\"https:\/\/arttao.org\/wp-content\/uploads\/2025\/05\/EaI\u00bcIo_402498529_IAEO\u00b6a\u00b0I\u00b0\u00b7I\u00a8AA\u00a8\u00b6aA\u00aeo\u00a2\u00bf\u00a8I\u00a8\u00b6th\u00b4IOa\u00b7CAEoO\u00b5EIOA22-1024x762.jpg 1024w, https:\/\/arttao.org\/wp-content\/uploads\/2025\/05\/EaI\u00bcIo_402498529_IAEO\u00b6a\u00b0I\u00b0\u00b7I\u00a8AA\u00a8\u00b6aA\u00aeo\u00a2\u00bf\u00a8I\u00a8\u00b6th\u00b4IOa\u00b7CAEoO\u00b5EIOA22-300x223.jpg 300w, https:\/\/arttao.org\/wp-content\/uploads\/2025\/05\/EaI\u00bcIo_402498529_IAEO\u00b6a\u00b0I\u00b0\u00b7I\u00a8AA\u00a8\u00b6aA\u00aeo\u00a2\u00bf\u00a8I\u00a8\u00b6th\u00b4IOa\u00b7CAEoO\u00b5EIOA22-768x572.jpg 768w, https:\/\/arttao.org\/wp-content\/uploads\/2025\/05\/EaI\u00bcIo_402498529_IAEO\u00b6a\u00b0I\u00b0\u00b7I\u00a8AA\u00a8\u00b6aA\u00aeo\u00a2\u00bf\u00a8I\u00a8\u00b6th\u00b4IOa\u00b7CAEoO\u00b5EIOA22-1536x1143.jpg 1536w, https:\/\/arttao.org\/wp-content\/uploads\/2025\/05\/EaI\u00bcIo_402498529_IAEO\u00b6a\u00b0I\u00b0\u00b7I\u00a8AA\u00a8\u00b6aA\u00aeo\u00a2\u00bf\u00a8I\u00a8\u00b6th\u00b4IOa\u00b7CAEoO\u00b5EIOA22.jpg 1940w\" sizes=\"auto, (max-width: 1024px) 100vw, 1024px\" \/><\/figure>\n\n\n\n<p class=\"\"><\/p>\n\n\n\n<p class=\"has-medium-font-size\"><a href=\"https:\/\/arttao.org\/fr\/34-problemes-dinsomnie\/\" data-type=\"page\" data-id=\"10979\">s-37:<strong>Insomnie<\/strong><\/a><\/p>\n\n\n\n<p class=\"has-small-font-size\"><br>Ce test est con\u00e7u pour vous aider \u00e0 identifier si vous pr\u00e9sentez des sympt\u00f4mes d&#039;insomnie chronique, tels que des difficult\u00e9s d&#039;endormissement, des r\u00e9veils nocturnes fr\u00e9quents ou des r\u00e9veils pr\u00e9coces avec difficult\u00e9 \u00e0 vous rendormir. \u00c0 travers six questions guid\u00e9es, le syst\u00e8me analysera vos probl\u00e8mes de temps, de qualit\u00e9 et de fr\u00e9quence de sommeil, et d\u00e9terminera si ces probl\u00e8mes ont affect\u00e9 votre humeur diurne, votre attention, votre efficacit\u00e9 au travail ou votre sant\u00e9. En fonction de vos r\u00e9ponses, l&#039;IA d\u00e9terminera si votre insomnie r\u00e9pond aux crit\u00e8res d&#039;intervention clinique et vous proposera des solutions d&#039;adaptation, telles que des strat\u00e9gies cognitivo-comportementales, l&#039;optimisation de l&#039;environnement de sommeil ou un soutien \u00e9motionnel. Ce test convient aux utilisateurs souffrant depuis longtemps de troubles du sommeil et d&#039;une fatigue accrue due au sommeil. Il constitue une premi\u00e8re \u00e9tape importante vers une r\u00e9cup\u00e9ration et une am\u00e9lioration syst\u00e9matiques de la qualit\u00e9 du sommeil.<\/p>\n\n\n\n<figure class=\"wp-block-image size-large is-resized\"><img loading=\"lazy\" decoding=\"async\" width=\"1024\" height=\"762\" src=\"https:\/\/arttao.org\/wp-content\/uploads\/2025\/05\/EaI\u00bcIo_402498529_IAEO\u00b6a\u00b0I\u00b0\u00b7I\u00a8AA\u00a8\u00b6aA\u00aeo\u00a2\u00bf\u00a8I\u00a8\u00b6th\u00b4IOa\u00b7CAEoO\u00b5EIOA22-1024x762.jpg\" alt=\"\" class=\"wp-image-2697\" style=\"width:67px;height:auto\" srcset=\"https:\/\/arttao.org\/wp-content\/uploads\/2025\/05\/EaI\u00bcIo_402498529_IAEO\u00b6a\u00b0I\u00b0\u00b7I\u00a8AA\u00a8\u00b6aA\u00aeo\u00a2\u00bf\u00a8I\u00a8\u00b6th\u00b4IOa\u00b7CAEoO\u00b5EIOA22-1024x762.jpg 1024w, https:\/\/arttao.org\/wp-content\/uploads\/2025\/05\/EaI\u00bcIo_402498529_IAEO\u00b6a\u00b0I\u00b0\u00b7I\u00a8AA\u00a8\u00b6aA\u00aeo\u00a2\u00bf\u00a8I\u00a8\u00b6th\u00b4IOa\u00b7CAEoO\u00b5EIOA22-300x223.jpg 300w, https:\/\/arttao.org\/wp-content\/uploads\/2025\/05\/EaI\u00bcIo_402498529_IAEO\u00b6a\u00b0I\u00b0\u00b7I\u00a8AA\u00a8\u00b6aA\u00aeo\u00a2\u00bf\u00a8I\u00a8\u00b6th\u00b4IOa\u00b7CAEoO\u00b5EIOA22-768x572.jpg 768w, https:\/\/arttao.org\/wp-content\/uploads\/2025\/05\/EaI\u00bcIo_402498529_IAEO\u00b6a\u00b0I\u00b0\u00b7I\u00a8AA\u00a8\u00b6aA\u00aeo\u00a2\u00bf\u00a8I\u00a8\u00b6th\u00b4IOa\u00b7CAEoO\u00b5EIOA22-1536x1143.jpg 1536w, https:\/\/arttao.org\/wp-content\/uploads\/2025\/05\/EaI\u00bcIo_402498529_IAEO\u00b6a\u00b0I\u00b0\u00b7I\u00a8AA\u00a8\u00b6aA\u00aeo\u00a2\u00bf\u00a8I\u00a8\u00b6th\u00b4IOa\u00b7CAEoO\u00b5EIOA22.jpg 1940w\" sizes=\"auto, (max-width: 1024px) 100vw, 1024px\" \/><\/figure>\n\n\n\n<p class=\"has-medium-font-size\"><a href=\"https:\/\/arttao.org\/fr\/35-somnolence-diurne-somnolence-excessive\/\" data-type=\"page\" data-id=\"10981\">s-38:<strong>Somnolence diurne\/somnolence excessive<\/strong><\/a><\/p>\n\n\n\n<p class=\"has-small-font-size\"><br><br>Ce test vise \u00e0 \u00e9valuer si vous souffrez de somnolence diurne persistante, de difficult\u00e9s \u00e0 vous r\u00e9veiller, de siestes r\u00e9p\u00e9t\u00e9es ou m\u00eame de fatigue malgr\u00e9 des p\u00e9riodes de sommeil prolong\u00e9es. Gr\u00e2ce \u00e0 un questionnaire de type socratique, le test vous aide \u00e0 \u00e9valuer si vous dormez suffisamment la nuit, si vous vous endormez r\u00e9guli\u00e8rement pendant la journ\u00e9e et si ces probl\u00e8mes perturbent votre travail, vos \u00e9tudes et votre vie sociale. L&#039;IA analysera vos sympt\u00f4mes probables d&#039;hypersomnie et vous aidera \u00e0 identifier les causes potentielles (comme une structure de sommeil perturb\u00e9e, une d\u00e9pression ou des probl\u00e8mes m\u00e9taboliques), en vous proposant des suggestions pratiques d&#039;am\u00e9lioration. Ce test est id\u00e9al pour les personnes souffrant de somnolence persistante et souhaitant b\u00e9n\u00e9ficier d&#039;une compr\u00e9hension professionnelle et d&#039;un chemin vers la gu\u00e9rison.<\/p>\n\n\n\n<figure class=\"wp-block-image size-large is-resized\"><img loading=\"lazy\" decoding=\"async\" width=\"1024\" height=\"762\" src=\"https:\/\/arttao.org\/wp-content\/uploads\/2025\/05\/EaI\u00bcIo_402498529_IAEO\u00b6a\u00b0I\u00b0\u00b7I\u00a8AA\u00a8\u00b6aA\u00aeo\u00a2\u00bf\u00a8I\u00a8\u00b6th\u00b4IOa\u00b7CAEoO\u00b5EIOA22-1024x762.jpg\" alt=\"\" class=\"wp-image-2697\" style=\"width:69px;height:auto\" srcset=\"https:\/\/arttao.org\/wp-content\/uploads\/2025\/05\/EaI\u00bcIo_402498529_IAEO\u00b6a\u00b0I\u00b0\u00b7I\u00a8AA\u00a8\u00b6aA\u00aeo\u00a2\u00bf\u00a8I\u00a8\u00b6th\u00b4IOa\u00b7CAEoO\u00b5EIOA22-1024x762.jpg 1024w, https:\/\/arttao.org\/wp-content\/uploads\/2025\/05\/EaI\u00bcIo_402498529_IAEO\u00b6a\u00b0I\u00b0\u00b7I\u00a8AA\u00a8\u00b6aA\u00aeo\u00a2\u00bf\u00a8I\u00a8\u00b6th\u00b4IOa\u00b7CAEoO\u00b5EIOA22-300x223.jpg 300w, https:\/\/arttao.org\/wp-content\/uploads\/2025\/05\/EaI\u00bcIo_402498529_IAEO\u00b6a\u00b0I\u00b0\u00b7I\u00a8AA\u00a8\u00b6aA\u00aeo\u00a2\u00bf\u00a8I\u00a8\u00b6th\u00b4IOa\u00b7CAEoO\u00b5EIOA22-768x572.jpg 768w, https:\/\/arttao.org\/wp-content\/uploads\/2025\/05\/EaI\u00bcIo_402498529_IAEO\u00b6a\u00b0I\u00b0\u00b7I\u00a8AA\u00a8\u00b6aA\u00aeo\u00a2\u00bf\u00a8I\u00a8\u00b6th\u00b4IOa\u00b7CAEoO\u00b5EIOA22-1536x1143.jpg 1536w, https:\/\/arttao.org\/wp-content\/uploads\/2025\/05\/EaI\u00bcIo_402498529_IAEO\u00b6a\u00b0I\u00b0\u00b7I\u00a8AA\u00a8\u00b6aA\u00aeo\u00a2\u00bf\u00a8I\u00a8\u00b6th\u00b4IOa\u00b7CAEoO\u00b5EIOA22.jpg 1940w\" sizes=\"auto, (max-width: 1024px) 100vw, 1024px\" \/><\/figure>\n\n\n\n<p class=\"has-medium-font-size\"><a href=\"https:\/\/arttao.org\/fr\/36-symptomes-physiques\/\" data-type=\"page\" data-id=\"10983\">s-39:<strong>Se concentrer sur les sympt\u00f4mes physiques<\/strong><\/a><\/p>\n\n\n\n<p class=\"has-small-font-size\"><br><br>Ce test est con\u00e7u pour vous aider \u00e0 comprendre si vous souffrez fr\u00e9quemment de divers troubles physiques (tels que douleurs, vertiges et fatigue) et si ces sympt\u00f4mes ont entra\u00een\u00e9 des consultations m\u00e9dicales r\u00e9p\u00e9t\u00e9es, une inqui\u00e9tude excessive ou des r\u00e9percussions \u00e0 long terme sur votre qualit\u00e9 de vie. Gr\u00e2ce \u00e0 six questions d&#039;orientation psychologique, le syst\u00e8me explorera votre tendance \u00e0 traduire le stress \u00e9motionnel en sympt\u00f4mes physiques et si votre anxi\u00e9t\u00e9 face \u00e0 ces sympt\u00f4mes d\u00e9passe l&#039;explication m\u00e9dicale. L&#039;IA g\u00e9n\u00e9rera un rapport d&#039;analyse bas\u00e9 sur vos r\u00e9ponses, indiquant si vous souffrez d&#039;une concentration excessive sur votre corps ou d&#039;un d\u00e9s\u00e9quilibre \u00e9motionnel-physique, et vous fournira des recommandations int\u00e9gr\u00e9es pour g\u00e9rer votre corps et votre esprit. Ce test convient aux personnes qui ressentent un inconfort persistant sans probl\u00e8me m\u00e9dical connu.<\/p>\n\n\n\n<figure class=\"wp-block-image size-large is-resized\"><img loading=\"lazy\" decoding=\"async\" width=\"1024\" height=\"762\" src=\"https:\/\/arttao.org\/wp-content\/uploads\/2025\/05\/EaI\u00bcIo_402498529_IAEO\u00b6a\u00b0I\u00b0\u00b7I\u00a8AA\u00a8\u00b6aA\u00aeo\u00a2\u00bf\u00a8I\u00a8\u00b6th\u00b4IOa\u00b7CAEoO\u00b5EIOA22-1024x762.jpg\" alt=\"\" class=\"wp-image-2697\" style=\"width:69px;height:auto\" srcset=\"https:\/\/arttao.org\/wp-content\/uploads\/2025\/05\/EaI\u00bcIo_402498529_IAEO\u00b6a\u00b0I\u00b0\u00b7I\u00a8AA\u00a8\u00b6aA\u00aeo\u00a2\u00bf\u00a8I\u00a8\u00b6th\u00b4IOa\u00b7CAEoO\u00b5EIOA22-1024x762.jpg 1024w, https:\/\/arttao.org\/wp-content\/uploads\/2025\/05\/EaI\u00bcIo_402498529_IAEO\u00b6a\u00b0I\u00b0\u00b7I\u00a8AA\u00a8\u00b6aA\u00aeo\u00a2\u00bf\u00a8I\u00a8\u00b6th\u00b4IOa\u00b7CAEoO\u00b5EIOA22-300x223.jpg 300w, https:\/\/arttao.org\/wp-content\/uploads\/2025\/05\/EaI\u00bcIo_402498529_IAEO\u00b6a\u00b0I\u00b0\u00b7I\u00a8AA\u00a8\u00b6aA\u00aeo\u00a2\u00bf\u00a8I\u00a8\u00b6th\u00b4IOa\u00b7CAEoO\u00b5EIOA22-768x572.jpg 768w, https:\/\/arttao.org\/wp-content\/uploads\/2025\/05\/EaI\u00bcIo_402498529_IAEO\u00b6a\u00b0I\u00b0\u00b7I\u00a8AA\u00a8\u00b6aA\u00aeo\u00a2\u00bf\u00a8I\u00a8\u00b6th\u00b4IOa\u00b7CAEoO\u00b5EIOA22-1536x1143.jpg 1536w, https:\/\/arttao.org\/wp-content\/uploads\/2025\/05\/EaI\u00bcIo_402498529_IAEO\u00b6a\u00b0I\u00b0\u00b7I\u00a8AA\u00a8\u00b6aA\u00aeo\u00a2\u00bf\u00a8I\u00a8\u00b6th\u00b4IOa\u00b7CAEoO\u00b5EIOA22.jpg 1940w\" sizes=\"auto, (max-width: 1024px) 100vw, 1024px\" \/><\/figure>\n\n\n\n<p class=\"has-medium-font-size\"><a href=\"https:\/\/arttao.org\/fr\/37-anxiete-liee-a-la-maladie\/\" data-type=\"page\" data-id=\"10985\">s-40:<strong>Anxi\u00e9t\u00e9 li\u00e9e \u00e0 la maladie<\/strong><\/a><\/p>\n\n\n\n<p class=\"has-small-font-size\"><br>Ce test examine si vous ressentez une inqui\u00e9tude persistante face \u00e0 une maladie grave (comme un cancer ou un AVC), m\u00eame si les examens m\u00e9dicaux n&#039;ont rien r\u00e9v\u00e9l\u00e9 d&#039;anormal. Gr\u00e2ce \u00e0 un questionnaire guid\u00e9, le syst\u00e8me \u00e9value si vous recherchez fr\u00e9quemment des sympt\u00f4mes en ligne, si vous vous autodiagnostiquez, si vous consultez fr\u00e9quemment un m\u00e9decin ou si vous surinterpr\u00e9tez les signaux corporels. L&#039;IA analysera si vous nourrissez un \u00e9tat d&#039;esprit \u00ab\u00a0trop concentr\u00e9 sur votre sant\u00e9\u00a0\u00bb et vous fournira des conseils pratiques pour r\u00e9tablir une cognition saine, r\u00e9duire les comportements de panique et transformer l&#039;anxi\u00e9t\u00e9. Ce test convient aux utilisateurs qui s&#039;inqui\u00e8tent fr\u00e9quemment de la maladie et ont le sentiment que \u00ab\u00a0quelque chose ne va pas\u00a0\u00bb. C&#039;est le point de d\u00e9part d&#039;un entra\u00eenement psychologique pour lib\u00e9rer votre attention de la peur.<\/p>\n\n\n\n<figure class=\"wp-block-image size-large is-resized\"><img loading=\"lazy\" decoding=\"async\" width=\"1024\" height=\"762\" src=\"https:\/\/arttao.org\/wp-content\/uploads\/2025\/05\/EaI\u00bcIo_402498529_IAEO\u00b6a\u00b0I\u00b0\u00b7I\u00a8AA\u00a8\u00b6aA\u00aeo\u00a2\u00bf\u00a8I\u00a8\u00b6th\u00b4IOa\u00b7CAEoO\u00b5EIOA22-1024x762.jpg\" alt=\"\" class=\"wp-image-2697\" style=\"width:70px;height:auto\" srcset=\"https:\/\/arttao.org\/wp-content\/uploads\/2025\/05\/EaI\u00bcIo_402498529_IAEO\u00b6a\u00b0I\u00b0\u00b7I\u00a8AA\u00a8\u00b6aA\u00aeo\u00a2\u00bf\u00a8I\u00a8\u00b6th\u00b4IOa\u00b7CAEoO\u00b5EIOA22-1024x762.jpg 1024w, https:\/\/arttao.org\/wp-content\/uploads\/2025\/05\/EaI\u00bcIo_402498529_IAEO\u00b6a\u00b0I\u00b0\u00b7I\u00a8AA\u00a8\u00b6aA\u00aeo\u00a2\u00bf\u00a8I\u00a8\u00b6th\u00b4IOa\u00b7CAEoO\u00b5EIOA22-300x223.jpg 300w, https:\/\/arttao.org\/wp-content\/uploads\/2025\/05\/EaI\u00bcIo_402498529_IAEO\u00b6a\u00b0I\u00b0\u00b7I\u00a8AA\u00a8\u00b6aA\u00aeo\u00a2\u00bf\u00a8I\u00a8\u00b6th\u00b4IOa\u00b7CAEoO\u00b5EIOA22-768x572.jpg 768w, https:\/\/arttao.org\/wp-content\/uploads\/2025\/05\/EaI\u00bcIo_402498529_IAEO\u00b6a\u00b0I\u00b0\u00b7I\u00a8AA\u00a8\u00b6aA\u00aeo\u00a2\u00bf\u00a8I\u00a8\u00b6th\u00b4IOa\u00b7CAEoO\u00b5EIOA22-1536x1143.jpg 1536w, https:\/\/arttao.org\/wp-content\/uploads\/2025\/05\/EaI\u00bcIo_402498529_IAEO\u00b6a\u00b0I\u00b0\u00b7I\u00a8AA\u00a8\u00b6aA\u00aeo\u00a2\u00bf\u00a8I\u00a8\u00b6th\u00b4IOa\u00b7CAEoO\u00b5EIOA22.jpg 1940w\" sizes=\"auto, (max-width: 1024px) 100vw, 1024px\" \/><\/figure>\n\n\n\n<p class=\"has-medium-font-size\"><a href=\"https:\/\/arttao.org\/fr\/42-tests-personnalises\/\" data-type=\"page\" data-id=\"10996\">s-41:<strong>Trouble de conversion<\/strong><\/a><\/p>\n\n\n\n<p class=\"has-small-font-size\"><br><br>Ce test identifie les d\u00e9ficiences physiques soudaines (telles que l&#039;aphasie, la paralysie, les convulsions et la c\u00e9cit\u00e9) qui surviennent apr\u00e8s un stress psychologique important ou un conflit \u00e9motionnel, mais pour lesquelles aucune explication m\u00e9dicale n&#039;est disponible. \u00c0 travers six questions de type socratique, le syst\u00e8me vous guidera \u00e0 travers vos exp\u00e9riences d&#039;\u00e9v\u00e9nements psychologiques marquants, vous demandera si vous avez d\u00e9j\u00e0 exprim\u00e9 des \u00e9motions refoul\u00e9es par des r\u00e9actions physiques et si ces d\u00e9ficiences ont entra\u00een\u00e9 des effets secondaires (comme l&#039;\u00e9vitement de t\u00e2ches et la prise en charge). L&#039;IA vous aidera \u00e0 comprendre les manifestations physiques du stress, en partant du principe que \u00ab\u00a0les sympt\u00f4mes ne sont pas artificiels\u00a0\u00bb, et vous proposera un soutien psychologique, des moyens d&#039;expression et des strat\u00e9gies d&#039;adaptation. Ce test convient aux personnes ayant subi des d\u00e9ficiences fonctionnelles inexpliqu\u00e9es et recherchant des outils de conscience de soi int\u00e9grant le corps et l&#039;esprit.<\/p>\n\n\n\n<p class=\"\"><\/p>","protected":false},"excerpt":{"rendered":"<p>s-37:\u5931\u7720\u95ee\u9898 \u672c\u6d4b\u8bd5\u65e8\u5728\u5e2e\u52a9\u4f60\u8bc6\u522b\u662f\u5426\u5b58\u5728\u957f\u671f\u7684\u5165\u7761\u56f0\u96be\u3001\u9891\u7e41\u591c\u9192\u6216\u65e9\u9192\u96be\u518d\u5165\u7761\u7b49\u5931\u7720\u75c7\u72b6\u3002\u901a\u8fc76\u4e2a\u5f15\u5bfc [&hellip;]<\/p>\n","protected":false},"author":1,"featured_media":0,"parent":0,"menu_order":0,"comment_status":"closed","ping_status":"closed","template":"","meta":{"nf_dc_page":"","om_disable_all_campaigns":false,"_monsterinsights_skip_tracking":false,"_monsterinsights_sitenote_active":false,"_monsterinsights_sitenote_note":"","_monsterinsights_sitenote_category":0,"footnotes":""},"class_list":["post-2946","page","type-page","status-publish","hentry"],"_links":{"self":[{"href":"https:\/\/arttao.org\/fr\/wp-json\/wp\/v2\/pages\/2946","targetHints":{"allow":["GET"]}}],"collection":[{"href":"https:\/\/arttao.org\/fr\/wp-json\/wp\/v2\/pages"}],"about":[{"href":"https:\/\/arttao.org\/fr\/wp-json\/wp\/v2\/types\/page"}],"author":[{"embeddable":true,"href":"https:\/\/arttao.org\/fr\/wp-json\/wp\/v2\/users\/1"}],"replies":[{"embeddable":true,"href":"https:\/\/arttao.org\/fr\/wp-json\/wp\/v2\/comments?post=2946"}],"version-history":[{"count":8,"href":"https:\/\/arttao.org\/fr\/wp-json\/wp\/v2\/pages\/2946\/revisions"}],"predecessor-version":[{"id":11118,"href":"https:\/\/arttao.org\/fr\/wp-json\/wp\/v2\/pages\/2946\/revisions\/11118"}],"wp:attachment":[{"href":"https:\/\/arttao.org\/fr\/wp-json\/wp\/v2\/media?parent=2946"}],"curies":[{"name":"wp","href":"https:\/\/api.w.org\/{rel}","templated":true}]}}