{"id":2954,"date":"2025-05-08T05:03:49","date_gmt":"2025-05-08T05:03:49","guid":{"rendered":"https:\/\/arttao.org\/?page_id=2954"},"modified":"2025-10-01T18:46:27","modified_gmt":"2025-10-01T18:46:27","slug":"h-%e4%be%9d%e8%b5%96%e4%b8%8e%e6%88%90%e7%98%be%e9%97%ae%e9%a2%98s","status":"publish","type":"page","link":"https:\/\/arttao.org\/fr\/h-%e4%be%9d%e8%b5%96%e4%b8%8e%e6%88%90%e7%98%be%e9%97%ae%e9%a2%98s\/","title":{"rendered":"H. Probl\u00e8mes de d\u00e9pendance et d&#039;addiction"},"content":{"rendered":"<p class=\"\"><\/p>\n\n\n\n<p class=\"\"><\/p>\n\n\n\n<figure class=\"wp-block-image size-large is-resized\"><img loading=\"lazy\" decoding=\"async\" width=\"1024\" height=\"724\" src=\"https:\/\/arttao.org\/wp-content\/uploads\/2025\/05\/EaI\u00bcIo_402498515_AIAE\u00b2EA\u00aeo\u00a2CaDAAEAth\u00bf\u00a8I\u00a8\u00b2a_\u00b7CAEoO\u00b5EIOA22-1024x724.jpg\" alt=\"\" class=\"wp-image-2693\" style=\"width:68px;height:auto\" srcset=\"https:\/\/arttao.org\/wp-content\/uploads\/2025\/05\/EaI\u00bcIo_402498515_AIAE\u00b2EA\u00aeo\u00a2CaDAAEAth\u00bf\u00a8I\u00a8\u00b2a_\u00b7CAEoO\u00b5EIOA22-1024x724.jpg 1024w, https:\/\/arttao.org\/wp-content\/uploads\/2025\/05\/EaI\u00bcIo_402498515_AIAE\u00b2EA\u00aeo\u00a2CaDAAEAth\u00bf\u00a8I\u00a8\u00b2a_\u00b7CAEoO\u00b5EIOA22-300x212.jpg 300w, https:\/\/arttao.org\/wp-content\/uploads\/2025\/05\/EaI\u00bcIo_402498515_AIAE\u00b2EA\u00aeo\u00a2CaDAAEAth\u00bf\u00a8I\u00a8\u00b2a_\u00b7CAEoO\u00b5EIOA22-768x543.jpg 768w, https:\/\/arttao.org\/wp-content\/uploads\/2025\/05\/EaI\u00bcIo_402498515_AIAE\u00b2EA\u00aeo\u00a2CaDAAEAth\u00bf\u00a8I\u00a8\u00b2a_\u00b7CAEoO\u00b5EIOA22-1536x1086.jpg 1536w, https:\/\/arttao.org\/wp-content\/uploads\/2025\/05\/EaI\u00bcIo_402498515_AIAE\u00b2EA\u00aeo\u00a2CaDAAEAth\u00bf\u00a8I\u00a8\u00b2a_\u00b7CAEoO\u00b5EIOA22.jpg 1750w\" sizes=\"auto, (max-width: 1024px) 100vw, 1024px\" \/><\/figure>\n\n\n\n<p class=\"has-medium-font-size\"><a href=\"https:\/\/arttao.org\/fr\/38%e9%85%92%e7%b2%be%e4%bd%bf%e7%94%a8%e7%9b%b8%e5%85%b3%e9%97%ae%e9%a2%98-s\/\" data-type=\"page\" data-id=\"10987\">s-42 :<strong>Probl\u00e8mes li\u00e9s \u00e0 la consommation d&#039;alcool<\/strong><\/a><\/p>\n\n\n\n<p class=\"has-small-font-size\"><br><br>Ce test vise \u00e0 \u00e9valuer si vous avez perdu le contr\u00f4le de votre consommation d&#039;alcool, si votre d\u00e9pendance s&#039;est accrue ou si les cons\u00e9quences n\u00e9gatives s&#039;aggravent. \u00c0 travers six questions socratiques, le syst\u00e8me vous guide pour identifier des dimensions cl\u00e9s telles que la fr\u00e9quence de votre consommation, la perte de contr\u00f4le apr\u00e8s avoir bu, son impact sur votre travail ou vos relations, et vos tentatives d&#039;arr\u00eat infructueuses. L&#039;IA analysera vos r\u00e9ponses afin de d\u00e9terminer si vous r\u00e9pondez aux crit\u00e8res d&#039;un \u201c\u00a0trouble li\u00e9 \u00e0 l&#039;usage d&#039;alcool\u00a0\u201d et, en fonction de vos souhaits et de votre situation actuelle, vous proposera des pistes d&#039;ajustement cognitif, de gestion de la situation ou d&#039;accompagnement. Ce test est adapt\u00e9 aux personnes qui consomment de l&#039;alcool de mani\u00e8re excessive, qui ont des difficult\u00e9s \u00e0 arr\u00eater ou \u00e0 qui leur en ont conseill\u00e9, et les aide \u00e0 retrouver le chemin de la mod\u00e9ration et du contr\u00f4le.<\/p>\n\n\n\n<figure class=\"wp-block-image size-large is-resized\"><img loading=\"lazy\" decoding=\"async\" width=\"1024\" height=\"724\" src=\"https:\/\/arttao.org\/wp-content\/uploads\/2025\/05\/EaI\u00bcIo_402498515_AIAE\u00b2EA\u00aeo\u00a2CaDAAEAth\u00bf\u00a8I\u00a8\u00b2a_\u00b7CAEoO\u00b5EIOA22-1024x724.jpg\" alt=\"\" class=\"wp-image-2693\" style=\"width:68px;height:auto\" srcset=\"https:\/\/arttao.org\/wp-content\/uploads\/2025\/05\/EaI\u00bcIo_402498515_AIAE\u00b2EA\u00aeo\u00a2CaDAAEAth\u00bf\u00a8I\u00a8\u00b2a_\u00b7CAEoO\u00b5EIOA22-1024x724.jpg 1024w, https:\/\/arttao.org\/wp-content\/uploads\/2025\/05\/EaI\u00bcIo_402498515_AIAE\u00b2EA\u00aeo\u00a2CaDAAEAth\u00bf\u00a8I\u00a8\u00b2a_\u00b7CAEoO\u00b5EIOA22-300x212.jpg 300w, https:\/\/arttao.org\/wp-content\/uploads\/2025\/05\/EaI\u00bcIo_402498515_AIAE\u00b2EA\u00aeo\u00a2CaDAAEAth\u00bf\u00a8I\u00a8\u00b2a_\u00b7CAEoO\u00b5EIOA22-768x543.jpg 768w, https:\/\/arttao.org\/wp-content\/uploads\/2025\/05\/EaI\u00bcIo_402498515_AIAE\u00b2EA\u00aeo\u00a2CaDAAEAth\u00bf\u00a8I\u00a8\u00b2a_\u00b7CAEoO\u00b5EIOA22-1536x1086.jpg 1536w, https:\/\/arttao.org\/wp-content\/uploads\/2025\/05\/EaI\u00bcIo_402498515_AIAE\u00b2EA\u00aeo\u00a2CaDAAEAth\u00bf\u00a8I\u00a8\u00b2a_\u00b7CAEoO\u00b5EIOA22.jpg 1750w\" sizes=\"auto, (max-width: 1024px) 100vw, 1024px\" \/><\/figure>\n\n\n\n<p class=\"has-medium-font-size\"><a href=\"https:\/\/arttao.org\/fr\/39%e7%89%a9%e8%b4%a8%e4%bd%bf%e7%94%a8%e7%9b%b8%e5%85%b3%e9%97%ae%e9%a2%98-s\/\" data-type=\"page\" data-id=\"10989\">s-43\u00a0:<strong>Probl\u00e8mes li\u00e9s \u00e0 l&#039;usage de substances<\/strong><\/a><\/p>\n\n\n\n<p class=\"has-small-font-size\"><br><br>Ce test vise \u00e0 d\u00e9terminer si vous souffrez de d\u00e9pendance ou d&#039;abus d&#039;une substance (tranquillisants, stimulants, cannabis, drogues, etc.). Six questions, dont la difficult\u00e9 est croissante, vous aideront \u00e0 \u00e9valuer la fr\u00e9quence de votre consommation, son impact sur vos \u00e9tudes ou votre travail, les \u00e9ventuels probl\u00e8mes juridiques ou de sant\u00e9 qu&#039;elle a engendr\u00e9s, et si vous avez ressenti des envies irr\u00e9sistibles. L&#039;intelligence artificielle analysera vos r\u00e9ponses afin de d\u00e9terminer si votre consommation constitue un obstacle et vous proposera des pistes de changement personnalis\u00e9es, incluant des strat\u00e9gies d&#039;autocontr\u00f4le, la mise en place d&#039;un r\u00e9seau de soutien et des conseils de prise en charge professionnelle. Ce test est adapt\u00e9 aux personnes ayant tent\u00e9 d&#039;arr\u00eater leur consommation sans succ\u00e8s, ou \u00e0 celles qui souhaitent identifier pr\u00e9cocement les signes de d\u00e9pendance.<\/p>\n\n\n\n<figure class=\"wp-block-image size-large is-resized\"><img loading=\"lazy\" decoding=\"async\" width=\"1024\" height=\"724\" src=\"https:\/\/arttao.org\/wp-content\/uploads\/2025\/05\/EaI\u00bcIo_402498515_AIAE\u00b2EA\u00aeo\u00a2CaDAAEAth\u00bf\u00a8I\u00a8\u00b2a_\u00b7CAEoO\u00b5EIOA22-1024x724.jpg\" alt=\"\" class=\"wp-image-2693\" style=\"width:68px;height:auto\" srcset=\"https:\/\/arttao.org\/wp-content\/uploads\/2025\/05\/EaI\u00bcIo_402498515_AIAE\u00b2EA\u00aeo\u00a2CaDAAEAth\u00bf\u00a8I\u00a8\u00b2a_\u00b7CAEoO\u00b5EIOA22-1024x724.jpg 1024w, https:\/\/arttao.org\/wp-content\/uploads\/2025\/05\/EaI\u00bcIo_402498515_AIAE\u00b2EA\u00aeo\u00a2CaDAAEAth\u00bf\u00a8I\u00a8\u00b2a_\u00b7CAEoO\u00b5EIOA22-300x212.jpg 300w, https:\/\/arttao.org\/wp-content\/uploads\/2025\/05\/EaI\u00bcIo_402498515_AIAE\u00b2EA\u00aeo\u00a2CaDAAEAth\u00bf\u00a8I\u00a8\u00b2a_\u00b7CAEoO\u00b5EIOA22-768x543.jpg 768w, https:\/\/arttao.org\/wp-content\/uploads\/2025\/05\/EaI\u00bcIo_402498515_AIAE\u00b2EA\u00aeo\u00a2CaDAAEAth\u00bf\u00a8I\u00a8\u00b2a_\u00b7CAEoO\u00b5EIOA22-1536x1086.jpg 1536w, https:\/\/arttao.org\/wp-content\/uploads\/2025\/05\/EaI\u00bcIo_402498515_AIAE\u00b2EA\u00aeo\u00a2CaDAAEAth\u00bf\u00a8I\u00a8\u00b2a_\u00b7CAEoO\u00b5EIOA22.jpg 1750w\" sizes=\"auto, (max-width: 1024px) 100vw, 1024px\" \/><\/figure>\n\n\n\n<p class=\"has-medium-font-size\"><a href=\"https:\/\/arttao.org\/fr\/40-problemes-lies-au-jeu\/\" data-type=\"page\" data-id=\"10991\">s-44\u00a0:<strong>Probl\u00e8mes li\u00e9s au jeu<\/strong><\/a><\/p>\n\n\n\n<p class=\"has-small-font-size\"><br><br>Ce test vous aide \u00e0 \u00e9valuer si vous \u00eates d\u00e9pendant au jeu, si vous avez du mal \u00e0 contr\u00f4ler vos paris et si cela vous cause des difficult\u00e9s financi\u00e8res, familiales ou \u00e9motionnelles. Un questionnement socratique vous guide pour examiner si le jeu est un moyen de soulager le stress, si vous avez emprunt\u00e9 de l&#039;argent pour jouer, si vous avez essay\u00e9 \u00e0 plusieurs reprises d&#039;arr\u00eater sans succ\u00e8s, et l&#039;impact important que cela a eu sur votre vie. L&#039;IA analysera vos r\u00e9ponses pour d\u00e9terminer si vous souffrez d&#039;une d\u00e9pendance comportementale et vous proposera des suggestions pratiques telles que la th\u00e9rapie cognitivo-comportementale, la r\u00e9gulation \u00e9motionnelle et l&#039;isolement des risques. Ce test convient aux personnes qui ont pris conscience de leurs difficult\u00e9s \u00e0 contr\u00f4ler leur pratique du jeu et qui souhaitent sortir de ce cercle vicieux, mais qui ne savent pas comment s&#039;y prendre.<\/p>\n\n\n\n<figure class=\"wp-block-image size-large is-resized\"><img loading=\"lazy\" decoding=\"async\" width=\"1024\" height=\"724\" src=\"https:\/\/arttao.org\/wp-content\/uploads\/2025\/05\/EaI\u00bcIo_402498515_AIAE\u00b2EA\u00aeo\u00a2CaDAAEAth\u00bf\u00a8I\u00a8\u00b2a_\u00b7CAEoO\u00b5EIOA22-1024x724.jpg\" alt=\"\" class=\"wp-image-2693\" style=\"width:69px;height:auto\" srcset=\"https:\/\/arttao.org\/wp-content\/uploads\/2025\/05\/EaI\u00bcIo_402498515_AIAE\u00b2EA\u00aeo\u00a2CaDAAEAth\u00bf\u00a8I\u00a8\u00b2a_\u00b7CAEoO\u00b5EIOA22-1024x724.jpg 1024w, https:\/\/arttao.org\/wp-content\/uploads\/2025\/05\/EaI\u00bcIo_402498515_AIAE\u00b2EA\u00aeo\u00a2CaDAAEAth\u00bf\u00a8I\u00a8\u00b2a_\u00b7CAEoO\u00b5EIOA22-300x212.jpg 300w, https:\/\/arttao.org\/wp-content\/uploads\/2025\/05\/EaI\u00bcIo_402498515_AIAE\u00b2EA\u00aeo\u00a2CaDAAEAth\u00bf\u00a8I\u00a8\u00b2a_\u00b7CAEoO\u00b5EIOA22-768x543.jpg 768w, https:\/\/arttao.org\/wp-content\/uploads\/2025\/05\/EaI\u00bcIo_402498515_AIAE\u00b2EA\u00aeo\u00a2CaDAAEAth\u00bf\u00a8I\u00a8\u00b2a_\u00b7CAEoO\u00b5EIOA22-1536x1086.jpg 1536w, https:\/\/arttao.org\/wp-content\/uploads\/2025\/05\/EaI\u00bcIo_402498515_AIAE\u00b2EA\u00aeo\u00a2CaDAAEAth\u00bf\u00a8I\u00a8\u00b2a_\u00b7CAEoO\u00b5EIOA22.jpg 1750w\" sizes=\"auto, (max-width: 1024px) 100vw, 1024px\" \/><\/figure>\n\n\n\n<p class=\"has-medium-font-size\"><a href=\"https:\/\/arttao.org\/fr\/s-45-tendance-a-laddiction-aux-jeux-en-ligne\/\" data-type=\"page\" data-id=\"11104\">s-45\u00a0:<strong>tendances \u00e0 la d\u00e9pendance \u00e0 Internet\/aux jeux vid\u00e9o<\/strong><\/a><\/p>\n\n\n\n<p class=\"has-small-font-size\"><br><br>Ce test vise \u00e0 d\u00e9terminer si vous avez d\u00e9velopp\u00e9 une forte d\u00e9pendance aux activit\u00e9s en ligne ou aux jeux vid\u00e9o, se manifestant par une addiction excessive, une alt\u00e9ration du fonctionnement dans la vie r\u00e9elle ou une manipulation \u00e9motionnelle via Internet. Le syst\u00e8me utilise six questions guid\u00e9es pour vous aider \u00e0 \u00e9valuer si une utilisation excessive d&#039;Internet affecte votre sommeil, vos relations interpersonnelles, vos \u00e9tudes ou votre travail\u00a0; si vous avez essay\u00e9 de r\u00e9duire votre temps d&#039;\u00e9cran sans succ\u00e8s\u00a0; et si vous avez l&#039;impression de ne pouvoir vous d\u00e9tendre ou vous sentir pleinement pr\u00e9sent que dans les jeux vid\u00e9o. L&#039;IA g\u00e9n\u00e9rera une analyse compl\u00e8te \u00e0 partir de vos r\u00e9ponses et vous proposera des suggestions pour fixer des limites d&#039;utilisation, trouver d&#039;autres sources de satisfaction et retrouver un fonctionnement optimal dans la vie r\u00e9elle. Ce test est adapt\u00e9 aux personnes qui passent de longues heures en ligne et qui commencent \u00e0 s&#039;interroger sur un \u00e9ventuel d\u00e9s\u00e9quilibre.<\/p>","protected":false},"excerpt":{"rendered":"<p>s-42:\u9152\u7cbe\u4f7f\u7528\u76f8\u5173\u95ee\u9898 \u672c\u6d4b\u8bd5\u805a\u7126\u4e8e\u8bc4\u4f30\u4f60\u5728\u996e\u9152\u65b9\u9762\u662f\u5426\u5b58\u5728\u63a7\u5236\u529b\u51cf\u5f31\u3001\u4f9d\u8d56\u6027\u589e\u5f3a\u6216\u8d1f\u9762\u5f71\u54cd\u6269\u5927\u7684\u73b0\u8c61\u3002\u901a [&hellip;]<\/p>\n","protected":false},"author":1,"featured_media":0,"parent":0,"menu_order":0,"comment_status":"closed","ping_status":"closed","template":"","meta":{"nf_dc_page":"","om_disable_all_campaigns":false,"_monsterinsights_skip_tracking":false,"_monsterinsights_sitenote_active":false,"_monsterinsights_sitenote_note":"","_monsterinsights_sitenote_category":0,"footnotes":""},"class_list":["post-2954","page","type-page","status-publish","hentry"],"_links":{"self":[{"href":"https:\/\/arttao.org\/fr\/wp-json\/wp\/v2\/pages\/2954","targetHints":{"allow":["GET"]}}],"collection":[{"href":"https:\/\/arttao.org\/fr\/wp-json\/wp\/v2\/pages"}],"about":[{"href":"https:\/\/arttao.org\/fr\/wp-json\/wp\/v2\/types\/page"}],"author":[{"embeddable":true,"href":"https:\/\/arttao.org\/fr\/wp-json\/wp\/v2\/users\/1"}],"replies":[{"embeddable":true,"href":"https:\/\/arttao.org\/fr\/wp-json\/wp\/v2\/comments?post=2954"}],"version-history":[{"count":7,"href":"https:\/\/arttao.org\/fr\/wp-json\/wp\/v2\/pages\/2954\/revisions"}],"predecessor-version":[{"id":11140,"href":"https:\/\/arttao.org\/fr\/wp-json\/wp\/v2\/pages\/2954\/revisions\/11140"}],"wp:attachment":[{"href":"https:\/\/arttao.org\/fr\/wp-json\/wp\/v2\/media?parent=2954"}],"curies":[{"name":"wp","href":"https:\/\/api.w.org\/{rel}","templated":true}]}}