{"id":472,"date":"2025-03-24T18:46:59","date_gmt":"2025-03-24T18:46:59","guid":{"rendered":"https:\/\/arttao.org\/?page_id=472"},"modified":"2025-11-12T23:52:34","modified_gmt":"2025-11-12T23:52:34","slug":"1-problemes-lies-a-lanxiete-2","status":"publish","type":"page","link":"https:\/\/arttao.org\/fr\/%e4%b8%80-%e7%84%a6%e8%99%91%e7%9b%b8%e5%85%b3%e9%97%ae%e9%a2%98%ef%bc%88anxiety-related-issues%ef%bc%89-2\/","title":{"rendered":"A. Cours sur les probl\u00e8mes li\u00e9s \u00e0 l&#039;anxi\u00e9t\u00e9"},"content":{"rendered":"<p class=\"\">&nbsp;<\/p>\n\n\n\n<p class=\"\">UN. <strong>Probl\u00e8mes li\u00e9s \u00e0 l&#039;anxi\u00e9t\u00e9<\/strong><\/p>\n\n\n\n<p class=\"\"><\/p>\n\n\n\n<figure class=\"wp-block-image size-large is-resized\"><img loading=\"lazy\" decoding=\"async\" width=\"1024\" height=\"716\" src=\"https:\/\/arttao.org\/wp-content\/uploads\/2025\/05\/EaI\u00bcIo_402504429_\u00b7UE\u00b3\u00a4\u00b7\u00a2\u00bf \u00a8I\u00a8A\u00aeo\u00a2I\u00b7\u00b4\u00f7\u00a8\u00b6a\u00b7CAEoO\u00b5EIOA22-1024x716.jpg\" alt=\"\" class=\"wp-image-2963\" style=\"width:71px;height:auto\" srcset=\"\" sizes=\"auto, (max-width: 1024px) 100vw, 1024px\" data-srcset=\"\" \/><\/figure>\n\n\n\n<p class=\"\"><a href=\"https:\/\/arttao.org\/fr\/a-%e7%84%a6%e8%99%91%e7%9b%b8%e5%85%b3%e9%97%ae%e9%a2%98-2\/\" data-type=\"page\" data-id=\"11507\">Le\u00e7on 1 :<strong>Cours sur l&#039;anxi\u00e9t\u00e9 g\u00e9n\u00e9ralis\u00e9e<\/strong>(Le\u00e7ons 1 \u00e0 40)<\/a><\/p>\n\n\n\n<p class=\"has-small-font-size\">Le trouble d&#039;anxi\u00e9t\u00e9 g\u00e9n\u00e9ralis\u00e9e (TAG) se manifeste par une inqui\u00e9tude chronique et excessive face \u00e0 divers \u00e9v\u00e9nements du quotidien. Les personnes atteintes peinent \u00e0 contr\u00f4ler leur anxi\u00e9t\u00e9, souvent accompagn\u00e9e de r\u00e9actions physiques et mentales telles que tension, fatigue et troubles du sommeil. Contrairement aux phobies sp\u00e9cifiques, qui ont un objectif pr\u00e9cis, le TAG est un \u00e9tat d&#039;inqui\u00e9tude persistant et global qui affecte profond\u00e9ment la qualit\u00e9 de vie et n\u00e9cessite \u00e0 la fois une r\u00e9gulation cognitive et un entra\u00eenement \u00e0 la relaxation.&nbsp;&nbsp;<\/p>\n\n\n\n<figure class=\"wp-block-image size-large is-resized\"><img loading=\"lazy\" decoding=\"async\" width=\"1024\" height=\"716\" src=\"https:\/\/arttao.org\/wp-content\/uploads\/2025\/05\/EaI\u00bcIo_402504429_\u00b7UE\u00b3\u00a4\u00b7\u00a2\u00bf \u00a8I\u00a8A\u00aeo\u00a2I\u00b7\u00b4\u00f7\u00a8\u00b6a\u00b7CAEoO\u00b5EIOA22-1024x716.jpg\" alt=\"\" class=\"wp-image-2963\" style=\"width:67px;height:auto\" srcset=\"\" sizes=\"auto, (max-width: 1024px) 100vw, 1024px\" data-srcset=\"\" \/><\/figure>\n\n\n\n<p class=\"\"><a href=\"https:\/\/arttao.org\/fr\/%e7%ac%ac%e4%ba%8c%e8%af%be%ef%bc%9a%e7%a4%be%e4%ba%a4%e7%84%a6%e8%99%91%e9%9a%9c%e7%a2%8d%e8%af%be%e7%a8%8b%ef%bc%88%e5%85%b130%e8%af%be%ef%bc%89\/\" data-type=\"page\" data-id=\"11584\">Le\u00e7on deux :<strong>Cours sur le trouble d&#039;anxi\u00e9t\u00e9 sociale<\/strong>(Total 41-80 le\u00e7ons)<\/a>)<\/p>\n\n\n\n<p class=\"has-small-font-size\">Le trouble d&#039;anxi\u00e9t\u00e9 sociale se caract\u00e9rise par une peur intense d&#039;\u00eatre observ\u00e9, jug\u00e9 ou d\u00e9sapprouv\u00e9 par autrui, ce qui entra\u00eene souvent de l&#039;anxi\u00e9t\u00e9, de l&#039;\u00e9vitement, voire de la panique en public, lors de rassemblements et lors d&#039;interactions avec des inconnus. Les personnes atteintes reconnaissent souvent que cette peur est excessive, mais peinent \u00e0 surmonter la honte et l&#039;anxi\u00e9t\u00e9. Dans les cas graves, cela peut affecter les \u00e9tudes, le travail et les relations interpersonnelles, devenant un obstacle fr\u00e9quent au d\u00e9veloppement de la confiance en soi. &nbsp;<\/p>\n\n\n\n<figure class=\"wp-block-image size-large is-resized\"><img loading=\"lazy\" decoding=\"async\" width=\"1024\" height=\"716\" src=\"https:\/\/arttao.org\/wp-content\/uploads\/2025\/05\/EaI\u00bcIo_402504429_\u00b7UE\u00b3\u00a4\u00b7\u00a2\u00bf \u00a8I\u00a8A\u00aeo\u00a2I\u00b7\u00b4\u00f7\u00a8\u00b6a\u00b7CAEoO\u00b5EIOA22-1024x716.jpg\" alt=\"\" class=\"wp-image-2963\" style=\"width:69px;height:auto\" srcset=\"\" sizes=\"auto, (max-width: 1024px) 100vw, 1024px\" data-srcset=\"\" \/><\/figure>\n\n\n\n<p class=\"\"><a href=\"https:\/\/arttao.org\/fr\/%e7%ac%ac%e4%b8%89%e8%af%be%ef%bc%9a%e7%89%b9%e5%ae%9a%e6%81%90%e6%83%a7%e7%97%87%e8%af%be%e7%a8%8b%ef%bc%88%e5%85%b140%e8%af%be%ef%bc%89\/\" data-type=\"page\" data-id=\"11775\">Le\u00e7on 3 :<strong>Cours sp\u00e9cifique sur les phobies<\/strong>(Total 81-120 le\u00e7ons)<\/a><strong> <\/strong><\/p>\n\n\n\n<p class=\"has-small-font-size\">&nbsp;La phobie sp\u00e9cifique est un trouble psychologique caract\u00e9ris\u00e9 par une peur irrationnelle et intense d&#039;objets ou de situations sp\u00e9cifiques, tels que les animaux, les hauteurs, les injections et les espaces confin\u00e9s. Face \u00e0 un stimulus, les personnes concern\u00e9es ressentent une acc\u00e9l\u00e9ration du rythme cardiaque, des sueurs et un comportement d&#039;\u00e9vitement, m\u00eame lorsqu&#039;elles savent que le stimulus n&#039;est pas dangereux. Cette r\u00e9action s&#039;accompagne souvent de comportements d&#039;\u00e9vitement, interf\u00e9rant avec le fonctionnement quotidien.<\/p>\n\n\n\n<figure class=\"wp-block-image size-large is-resized\"><img loading=\"lazy\" decoding=\"async\" width=\"1024\" height=\"716\" src=\"https:\/\/arttao.org\/wp-content\/uploads\/2025\/05\/EaI\u00bcIo_402504429_\u00b7UE\u00b3\u00a4\u00b7\u00a2\u00bf \u00a8I\u00a8A\u00aeo\u00a2I\u00b7\u00b4\u00f7\u00a8\u00b6a\u00b7CAEoO\u00b5EIOA22-1024x716.jpg\" alt=\"\" class=\"wp-image-2963\" style=\"width:67px;height:auto\" srcset=\"\" sizes=\"auto, (max-width: 1024px) 100vw, 1024px\" data-srcset=\"\" \/><\/figure>\n\n\n\n<p class=\"\"><a href=\"https:\/\/arttao.org\/fr\/%e7%ac%ac%e5%9b%9b%e8%af%be%ef%bc%9a%e6%83%8a%e6%81%90%e9%9a%9c%e7%a2%8d%e8%af%be%e7%a8%8b%e7%9b%ae%e5%bd%95%ef%bc%88%e7%ac%ac121%ef%bd%9e160%e8%af%be%ef%bc%89\/\" data-type=\"page\" data-id=\"11917\">Le\u00e7on 4 :<strong>\u00c9volution du trouble panique (<\/strong>Le\u00e7ons 121-160<\/a><strong> &nbsp;<\/strong><\/p>\n\n\n\n<p class=\"has-small-font-size\">Le trouble panique se manifeste par des crises de panique soudaines caract\u00e9ris\u00e9es par des palpitations intenses, un essoufflement, des sueurs, des \u00e9tourdissements et m\u00eame un sentiment de catastrophe imminente. Ces crises surviennent souvent sans d\u00e9clencheur apparent, et les personnes ressentent souvent une peur constante de nouvelles crises. Comme les sympt\u00f4mes ressemblent \u00e0 ceux d&#039;autres affections, comme les maladies cardiaques, ces affections entra\u00eenent souvent une surveillance m\u00e9dicale excessive et des restrictions d&#039;activit\u00e9, n\u00e9cessitant des interventions telles que la restructuration cognitive et l&#039;entra\u00eenement \u00e0 l&#039;exposition.<\/p>\n\n\n\n<figure class=\"wp-block-image size-large is-resized\"><img loading=\"lazy\" decoding=\"async\" width=\"1024\" height=\"716\" src=\"https:\/\/arttao.org\/wp-content\/uploads\/2025\/05\/EaI\u00bcIo_402504429_\u00b7UE\u00b3\u00a4\u00b7\u00a2\u00bf \u00a8I\u00a8A\u00aeo\u00a2I\u00b7\u00b4\u00f7\u00a8\u00b6a\u00b7CAEoO\u00b5EIOA22-1024x716.jpg\" alt=\"\" class=\"wp-image-2963\" style=\"width:69px;height:auto\" srcset=\"\" sizes=\"auto, (max-width: 1024px) 100vw, 1024px\" data-srcset=\"\" \/><\/figure>\n\n\n\n<p class=\"\"><a href=\"https:\/\/arttao.org\/fr\/%e7%ac%ac%e4%ba%94%e8%af%be%ef%bc%9a%e7%a9%ba%e9%97%b4%e6%81%90%e6%83%a7%e7%97%87%e8%af%be%e7%a8%8b%ef%bc%88%e5%85%b1161-200%e8%af%be%ef%bc%89\/\" data-type=\"page\" data-id=\"12043\">Le\u00e7on 5 :<strong>Cours sur la phobie de l&#039;espace<\/strong>(Total 161-200 le\u00e7ons)<\/a><strong> <\/strong><\/p>\n\n\n\n<p class=\"has-small-font-size\">&nbsp;L&#039;agoraphobie n&#039;est pas simplement une peur des grands espaces\u00a0; c&#039;est la peur de se retrouver dans des endroits d&#039;o\u00f9 l&#039;on ne peut ni s&#039;\u00e9chapper ni obtenir de l&#039;aide, comme le m\u00e9tro, les ascenseurs et la foule. Les personnes atteintes craignent de ne pas pouvoir r\u00e9agir rapidement \u00e0 une crise de panique, ce qui les pousse souvent \u00e0 \u00e9viter de sortir et, dans les cas les plus graves, \u00e0 se confiner chez elles. Ce trouble accompagne souvent le trouble panique, et le traitement repose sur des exercices d&#039;exposition et le r\u00e9tablissement d&#039;un sentiment de s\u00e9curit\u00e9.<\/p>\n\n\n\n<figure class=\"wp-block-image size-large is-resized\"><img loading=\"lazy\" decoding=\"async\" width=\"1024\" height=\"716\" src=\"https:\/\/arttao.org\/wp-content\/uploads\/2025\/05\/EaI\u00bcIo_402504429_\u00b7UE\u00b3\u00a4\u00b7\u00a2\u00bf \u00a8I\u00a8A\u00aeo\u00a2I\u00b7\u00b4\u00f7\u00a8\u00b6a\u00b7CAEoO\u00b5EIOA22-1024x716.jpg\" alt=\"\" class=\"wp-image-2963\" style=\"width:66px;height:auto\" srcset=\"\" sizes=\"auto, (max-width: 1024px) 100vw, 1024px\" data-srcset=\"\" \/><\/figure>\n\n\n\n<p class=\"\"><a href=\"https:\/\/arttao.org\/fr\/%e7%ac%ac%e5%85%ad%e8%af%be%ef%bc%9a%e5%88%86%e7%a6%bb%e7%84%a6%e8%99%91%e9%9a%9c%e7%a2%8d%e8%af%be%e7%a8%8b%ef%bc%88201-240%e8%af%be%ef%bc%89\/\" data-type=\"page\" data-id=\"12047\">Le\u00e7on six :<strong>Cours sur le trouble d&#039;anxi\u00e9t\u00e9 de s\u00e9paration<\/strong>(Le\u00e7ons 201-240)<\/a><strong> &nbsp;<\/strong><\/p>\n\n\n\n<p class=\"has-small-font-size\">Le trouble d&#039;anxi\u00e9t\u00e9 de s\u00e9paration (TAS) se caract\u00e9rise par une anxi\u00e9t\u00e9 extr\u00eame, de la peur, voire de la panique, ressentie par une personne s\u00e9par\u00e9e d&#039;une personne importante (comme un parent ou un partenaire). Bien que plus fr\u00e9quent chez les enfants, il peut \u00e9galement persister \u00e0 l&#039;\u00e2ge adulte, se manifestant par un attachement excessif, une difficult\u00e9 \u00e0 vivre seul et un sentiment de catastrophe face \u00e0 la s\u00e9paration. Sa prise en charge n\u00e9cessite une combinaison de reconstruction de l&#039;attachement, de d\u00e9veloppement de l&#039;autonomie et d&#039;entra\u00eenement \u00e0 la stabilit\u00e9 \u00e9motionnelle.<\/p>\n\n\n\n<figure class=\"wp-block-image size-large is-resized\"><img loading=\"lazy\" decoding=\"async\" width=\"1024\" height=\"716\" src=\"https:\/\/arttao.org\/wp-content\/uploads\/2025\/05\/EaI\u00bcIo_402504429_\u00b7UE\u00b3\u00a4\u00b7\u00a2\u00bf \u00a8I\u00a8A\u00aeo\u00a2I\u00b7\u00b4\u00f7\u00a8\u00b6a\u00b7CAEoO\u00b5EIOA22-1024x716.jpg\" alt=\"\" class=\"wp-image-2963\" style=\"width:69px;height:auto\" srcset=\"\" sizes=\"auto, (max-width: 1024px) 100vw, 1024px\" data-srcset=\"\" \/><\/figure>\n\n\n\n<p class=\"\"><a href=\"https:\/\/arttao.org\/fr\/%e7%ac%ac%e4%b8%83%e8%af%be%ef%bc%9a%e9%80%89%e6%8b%a9%e6%80%a7%e7%bc%84%e9%bb%98%e7%97%87%e8%af%be%e7%a8%8b%ef%bc%88%e7%ac%ac241-280%e8%af%be%ef%bc%89\/\" data-type=\"page\" data-id=\"12051\">Le\u00e7on 7 :<strong>Cours sur le mutisme s\u00e9lectif<\/strong>(Le\u00e7ons 241-280)<\/a><\/p>\n\n\n\n<p class=\"has-small-font-size\">Le mutisme s\u00e9lectif est un trouble dans lequel les enfants sont constamment incapables de parler dans certains contextes sociaux, comme l&#039;\u00e9cole, mais peuvent communiquer normalement dans des contextes familiers comme la maison. Il ne s&#039;agit pas d&#039;une perte de comp\u00e9tences verbales, mais plut\u00f4t d&#039;une forte anxi\u00e9t\u00e9 sociale, d&#039;un besoin de contr\u00f4le ou d&#039;exp\u00e9riences traumatisantes. Souvent confondu avec la \u00ab\u00a0timidit\u00e9\u00a0\u00bb ou la \u00ab\u00a0r\u00e9bellion\u00a0\u00bb, un d\u00e9pistage pr\u00e9coce et une intervention de soutien peuvent aider \u00e0 restaurer la confiance dans l&#039;expression verbale.<\/p>\n\n\n\n<p class=\"has-small-font-size\"><\/p>","protected":false},"excerpt":{"rendered":"<p>&nbsp; A. \u7126\u8651\u76f8\u5173\u95ee\u9898 \u7b2c\u4e00\u8bfe\uff1a\u5e7f\u6cdb\u6027\u7126\u8651\u8bfe\u7a0b\uff081-40\u8bfe\uff09 \u5e7f\u6cdb\u6027\u7126\u8651\u969c\u788d\u8868\u73b0\u4e3a\u5bf9\u591a\u79cd\u65e5\u5e38\u4e8b\u52a1\u957f\u671f [&hellip;]<\/p>\n","protected":false},"author":1,"featured_media":0,"parent":0,"menu_order":0,"comment_status":"closed","ping_status":"closed","template":"","meta":{"nf_dc_page":"","om_disable_all_campaigns":false,"_monsterinsights_skip_tracking":false,"_monsterinsights_sitenote_active":false,"_monsterinsights_sitenote_note":"","_monsterinsights_sitenote_category":0,"footnotes":""},"class_list":["post-472","page","type-page","status-publish","hentry"],"_links":{"self":[{"href":"https:\/\/arttao.org\/fr\/wp-json\/wp\/v2\/pages\/472","targetHints":{"allow":["GET"]}}],"collection":[{"href":"https:\/\/arttao.org\/fr\/wp-json\/wp\/v2\/pages"}],"about":[{"href":"https:\/\/arttao.org\/fr\/wp-json\/wp\/v2\/types\/page"}],"author":[{"embeddable":true,"href":"https:\/\/arttao.org\/fr\/wp-json\/wp\/v2\/users\/1"}],"replies":[{"embeddable":true,"href":"https:\/\/arttao.org\/fr\/wp-json\/wp\/v2\/comments?post=472"}],"version-history":[{"count":20,"href":"https:\/\/arttao.org\/fr\/wp-json\/wp\/v2\/pages\/472\/revisions"}],"predecessor-version":[{"id":12750,"href":"https:\/\/arttao.org\/fr\/wp-json\/wp\/v2\/pages\/472\/revisions\/12750"}],"wp:attachment":[{"href":"https:\/\/arttao.org\/fr\/wp-json\/wp\/v2\/media?parent=472"}],"curies":[{"name":"wp","href":"https:\/\/api.w.org\/{rel}","templated":true}]}}