{"id":476,"date":"2025-03-24T18:55:25","date_gmt":"2025-03-24T18:55:25","guid":{"rendered":"https:\/\/arttao.org\/?page_id=476"},"modified":"2025-11-06T06:15:35","modified_gmt":"2025-11-06T06:15:35","slug":"problemes-lies-a-la-depression","status":"publish","type":"page","link":"https:\/\/arttao.org\/fr\/%e4%ba%8c-%e6%8a%91%e9%83%81%e7%9b%b8%e5%85%b3%e9%97%ae%e9%a2%98\/","title":{"rendered":"B. Cours sur les probl\u00e8mes li\u00e9s \u00e0 la d\u00e9pression"},"content":{"rendered":"<p class=\"\">&nbsp;&nbsp;<\/p>\n\n\n\n<p class=\"\">B<strong>Cours sur les probl\u00e8mes li\u00e9s \u00e0 la d\u00e9pression<\/strong><\/p>\n\n\n\n<figure class=\"wp-block-image size-large is-resized\"><img loading=\"lazy\" decoding=\"async\" width=\"1024\" height=\"790\" src=\"https:\/\/arttao.org\/wp-content\/uploads\/2025\/05\/EaI\u00bcIo_601335131_AAAo\u00b5A\u00b7UEI\u00b7\u00b7\u00a2EUA\u00ae\u00b7CAEoO\u00b5EIOA22-1024x790.jpg\" alt=\"\" class=\"wp-image-2967\" style=\"width:61px;height:auto\" srcset=\"https:\/\/arttao.org\/wp-content\/uploads\/2025\/05\/EaI\u00bcIo_601335131_AAAo\u00b5A\u00b7UEI\u00b7\u00b7\u00a2EUA\u00ae\u00b7CAEoO\u00b5EIOA22-1024x790.jpg 1024w, https:\/\/arttao.org\/wp-content\/uploads\/2025\/05\/EaI\u00bcIo_601335131_AAAo\u00b5A\u00b7UEI\u00b7\u00b7\u00a2EUA\u00ae\u00b7CAEoO\u00b5EIOA22-300x231.jpg 300w, https:\/\/arttao.org\/wp-content\/uploads\/2025\/05\/EaI\u00bcIo_601335131_AAAo\u00b5A\u00b7UEI\u00b7\u00b7\u00a2EUA\u00ae\u00b7CAEoO\u00b5EIOA22-768x593.jpg 768w, https:\/\/arttao.org\/wp-content\/uploads\/2025\/05\/EaI\u00bcIo_601335131_AAAo\u00b5A\u00b7UEI\u00b7\u00b7\u00a2EUA\u00ae\u00b7CAEoO\u00b5EIOA22-1536x1185.jpg 1536w, https:\/\/arttao.org\/wp-content\/uploads\/2025\/05\/EaI\u00bcIo_601335131_AAAo\u00b5A\u00b7UEI\u00b7\u00b7\u00a2EUA\u00ae\u00b7CAEoO\u00b5EIOA22-2048x1580.jpg 2048w\" sizes=\"auto, (max-width: 1024px) 100vw, 1024px\" \/><\/figure>\n\n\n\n<p class=\"\"><a href=\"https:\/\/arttao.org\/fr\/%e7%ac%ac%e4%b9%9d%e8%af%be%ef%bc%9a%e9%87%8d%e6%80%a7%e6%8a%91%e9%83%81%e9%9a%9c%e7%a2%8d%e8%af%be%e7%a8%8b%ef%bc%88%e7%ac%ac281%ef%bd%9e320%e8%af%be%ef%bc%89\/\" data-type=\"page\" data-id=\"12119\">Le\u00e7on neuf :<strong>Cours sur le trouble d\u00e9pressif majeur<\/strong>(Le\u00e7ons 281-320)<\/a>)<\/p>\n\n\n\n<p class=\"has-small-font-size\">Ce cours aide \u00e0 identifier les sympt\u00f4mes typiques de la d\u00e9pression majeure, tels que la d\u00e9prime persistante, la perte d&#039;int\u00e9r\u00eat et le sentiment d&#039;inutilit\u00e9, et analyse leurs m\u00e9canismes physiologiques et psychologiques. Gr\u00e2ce \u00e0 la restructuration cognitive, \u00e0 l&#039;activation comportementale et \u00e0 l&#039;adaptation quotidienne, il aide les personnes \u00e0 reconstruire progressivement leur rythme quotidien, \u00e0 sortir de la d\u00e9pression \u00e9motionnelle et \u00e0 retrouver motivation et espoir. &nbsp;<\/p>\n\n\n\n<figure class=\"wp-block-image size-large is-resized\"><img loading=\"lazy\" decoding=\"async\" width=\"1024\" height=\"790\" src=\"https:\/\/arttao.org\/wp-content\/uploads\/2025\/05\/EaI\u00bcIo_601335131_AAAo\u00b5A\u00b7UEI\u00b7\u00b7\u00a2EUA\u00ae\u00b7CAEoO\u00b5EIOA22-1024x790.jpg\" alt=\"\" class=\"wp-image-2967\" style=\"width:63px;height:auto\" srcset=\"https:\/\/arttao.org\/wp-content\/uploads\/2025\/05\/EaI\u00bcIo_601335131_AAAo\u00b5A\u00b7UEI\u00b7\u00b7\u00a2EUA\u00ae\u00b7CAEoO\u00b5EIOA22-1024x790.jpg 1024w, https:\/\/arttao.org\/wp-content\/uploads\/2025\/05\/EaI\u00bcIo_601335131_AAAo\u00b5A\u00b7UEI\u00b7\u00b7\u00a2EUA\u00ae\u00b7CAEoO\u00b5EIOA22-300x231.jpg 300w, https:\/\/arttao.org\/wp-content\/uploads\/2025\/05\/EaI\u00bcIo_601335131_AAAo\u00b5A\u00b7UEI\u00b7\u00b7\u00a2EUA\u00ae\u00b7CAEoO\u00b5EIOA22-768x593.jpg 768w, https:\/\/arttao.org\/wp-content\/uploads\/2025\/05\/EaI\u00bcIo_601335131_AAAo\u00b5A\u00b7UEI\u00b7\u00b7\u00a2EUA\u00ae\u00b7CAEoO\u00b5EIOA22-1536x1185.jpg 1536w, https:\/\/arttao.org\/wp-content\/uploads\/2025\/05\/EaI\u00bcIo_601335131_AAAo\u00b5A\u00b7UEI\u00b7\u00b7\u00a2EUA\u00ae\u00b7CAEoO\u00b5EIOA22-2048x1580.jpg 2048w\" sizes=\"auto, (max-width: 1024px) 100vw, 1024px\" \/><\/figure>\n\n\n\n<p class=\"\"><a href=\"https:\/\/arttao.org\/fr\/%e7%ac%ac%e5%8d%81%e8%af%be%ef%bc%9a%e6%8c%81%e7%bb%ad%e6%80%a7%e6%8a%91%e9%83%81%e9%9a%9c%e7%a2%8d%e8%af%be%e7%a8%8b%ef%bc%88%e7%ac%ac321%ef%bd%9e360%e8%af%be%ef%bc%89\/\" data-type=\"page\" data-id=\"12122\">Le\u00e7on 10\u00a0:<strong>Cours sur le trouble d\u00e9pressif persistant<\/strong>(Le\u00e7ons 321-360)<\/a><\/p>\n\n\n\n<p class=\"has-small-font-size\"><strong>&nbsp;<\/strong>En r\u00e9ponse \u00e0 la d\u00e9pression \u00e0 long terme, \u00e0 la fatigue chronique et \u00e0 l&#039;inefficacit\u00e9 fonctionnelle de la d\u00e9pression persistante (dysthymie), ce cours met l&#039;accent sur la r\u00e9paration du rythme, les soins personnels et les strat\u00e9gies d&#039;adoucissement cognitif pour aider les individus \u00e0 identifier la d\u00e9tresse \u00e9motionnelle chronique dans la \u00ab douleur apparemment calme \u00bb et \u00e0 \u00e9tablir des voies de r\u00e9gulation quotidienne et de soutien \u00e9motionnel.<\/p>\n\n\n\n<figure class=\"wp-block-image size-large is-resized\"><img loading=\"lazy\" decoding=\"async\" width=\"1024\" height=\"790\" src=\"https:\/\/arttao.org\/wp-content\/uploads\/2025\/05\/EaI\u00bcIo_601335131_AAAo\u00b5A\u00b7UEI\u00b7\u00b7\u00a2EUA\u00ae\u00b7CAEoO\u00b5EIOA22-1024x790.jpg\" alt=\"\" class=\"wp-image-2967\" style=\"width:63px;height:auto\" srcset=\"https:\/\/arttao.org\/wp-content\/uploads\/2025\/05\/EaI\u00bcIo_601335131_AAAo\u00b5A\u00b7UEI\u00b7\u00b7\u00a2EUA\u00ae\u00b7CAEoO\u00b5EIOA22-1024x790.jpg 1024w, https:\/\/arttao.org\/wp-content\/uploads\/2025\/05\/EaI\u00bcIo_601335131_AAAo\u00b5A\u00b7UEI\u00b7\u00b7\u00a2EUA\u00ae\u00b7CAEoO\u00b5EIOA22-300x231.jpg 300w, https:\/\/arttao.org\/wp-content\/uploads\/2025\/05\/EaI\u00bcIo_601335131_AAAo\u00b5A\u00b7UEI\u00b7\u00b7\u00a2EUA\u00ae\u00b7CAEoO\u00b5EIOA22-768x593.jpg 768w, https:\/\/arttao.org\/wp-content\/uploads\/2025\/05\/EaI\u00bcIo_601335131_AAAo\u00b5A\u00b7UEI\u00b7\u00b7\u00a2EUA\u00ae\u00b7CAEoO\u00b5EIOA22-1536x1185.jpg 1536w, https:\/\/arttao.org\/wp-content\/uploads\/2025\/05\/EaI\u00bcIo_601335131_AAAo\u00b5A\u00b7UEI\u00b7\u00b7\u00a2EUA\u00ae\u00b7CAEoO\u00b5EIOA22-2048x1580.jpg 2048w\" sizes=\"auto, (max-width: 1024px) 100vw, 1024px\" \/><\/figure>\n\n\n\n<p class=\"\"><a href=\"https:\/\/arttao.org\/fr\/%e7%ac%ac%e5%8d%81%e4%b8%80%e8%af%be%ef%bc%9a%e5%8f%8c%e7%9b%b8%e9%9a%9c%e7%a2%8d%e4%b8%ad%e7%9a%84%e6%8a%91%e9%83%81%e6%9c%9f%e8%af%be%e7%a8%8b%ef%bc%88%e7%ac%ac361%ef%bd%9e400%e8%af%be%ef%bc%89\/\" data-type=\"page\" data-id=\"12125\">Le\u00e7on 11\u00a0:<strong>Cours sur la phase d\u00e9pressive du trouble bipolaire<\/strong>(Le\u00e7ons 361-400)<\/a><\/p>\n\n\n\n<p class=\"has-small-font-size\">Ce cours se concentre sur la phase d\u00e9pressive du trouble bipolaire, expliquant en quoi elle diff\u00e8re de la d\u00e9pression simple, les sch\u00e9mas des sautes d&#039;humeur et les caract\u00e9ristiques de la r\u00e9ponse aux m\u00e9dicaments. Il guide les participants dans l&#039;identification des caract\u00e9ristiques mixtes, l&#039;\u00e9tablissement d&#039;un carnet d&#039;auto-observation et propose des strat\u00e9gies th\u00e9rapeutiques compl\u00e8tes pour stabiliser l&#039;humeur, pr\u00e9venir les erreurs de diagnostic et standardiser les soins.<\/p>\n\n\n\n<figure class=\"wp-block-image size-large is-resized\"><img loading=\"lazy\" decoding=\"async\" width=\"1024\" height=\"790\" src=\"https:\/\/arttao.org\/wp-content\/uploads\/2025\/05\/EaI\u00bcIo_601335131_AAAo\u00b5A\u00b7UEI\u00b7\u00b7\u00a2EUA\u00ae\u00b7CAEoO\u00b5EIOA22-1024x790.jpg\" alt=\"\" class=\"wp-image-2967\" style=\"width:65px;height:auto\" srcset=\"https:\/\/arttao.org\/wp-content\/uploads\/2025\/05\/EaI\u00bcIo_601335131_AAAo\u00b5A\u00b7UEI\u00b7\u00b7\u00a2EUA\u00ae\u00b7CAEoO\u00b5EIOA22-1024x790.jpg 1024w, https:\/\/arttao.org\/wp-content\/uploads\/2025\/05\/EaI\u00bcIo_601335131_AAAo\u00b5A\u00b7UEI\u00b7\u00b7\u00a2EUA\u00ae\u00b7CAEoO\u00b5EIOA22-300x231.jpg 300w, https:\/\/arttao.org\/wp-content\/uploads\/2025\/05\/EaI\u00bcIo_601335131_AAAo\u00b5A\u00b7UEI\u00b7\u00b7\u00a2EUA\u00ae\u00b7CAEoO\u00b5EIOA22-768x593.jpg 768w, https:\/\/arttao.org\/wp-content\/uploads\/2025\/05\/EaI\u00bcIo_601335131_AAAo\u00b5A\u00b7UEI\u00b7\u00b7\u00a2EUA\u00ae\u00b7CAEoO\u00b5EIOA22-1536x1185.jpg 1536w, https:\/\/arttao.org\/wp-content\/uploads\/2025\/05\/EaI\u00bcIo_601335131_AAAo\u00b5A\u00b7UEI\u00b7\u00b7\u00a2EUA\u00ae\u00b7CAEoO\u00b5EIOA22-2048x1580.jpg 2048w\" sizes=\"auto, (max-width: 1024px) 100vw, 1024px\" \/><\/figure>\n\n\n\n<p class=\"\"><a href=\"https:\/\/arttao.org\/fr\/%e7%ac%ac%e5%8d%81%e4%ba%8c%e8%af%be%ef%bc%9a%e5%ad%a3%e8%8a%82%e6%80%a7%e6%83%85%e6%84%9f%e9%9a%9c%e7%a2%8d%e8%af%be%e7%a8%8b%ef%bc%88%e7%ac%ac401%ef%bd%9e440%e8%af%be%ef%bc%89\/\" data-type=\"page\" data-id=\"12128\">Le\u00e7on 12\u00a0:<strong>Cours sur le trouble affectif saisonnier<\/strong>(Le\u00e7ons 401-440)<\/a><\/p>\n\n\n\n<p class=\"has-small-font-size\">Le trouble affectif saisonnier (TAS) survient souvent en automne et en hiver, se manifestant par une humeur maussade, une l\u00e9thargie et des changements d&#039;app\u00e9tit. Ce cours explorera le lien entre les biorythmes, le manque de soleil et l&#039;humeur, en combinant luminoth\u00e9rapie, ajustements nutritionnels et exercices d&#039;activation \u00e9motionnelle pour aider \u00e0 restaurer la r\u00e9silience psychologique et la vitalit\u00e9 int\u00e9rieure pendant ces saisons.<\/p>\n\n\n\n<figure class=\"wp-block-image size-large is-resized\"><img loading=\"lazy\" decoding=\"async\" width=\"1024\" height=\"790\" src=\"https:\/\/arttao.org\/wp-content\/uploads\/2025\/05\/EaI\u00bcIo_601335131_AAAo\u00b5A\u00b7UEI\u00b7\u00b7\u00a2EUA\u00ae\u00b7CAEoO\u00b5EIOA22-1024x790.jpg\" alt=\"\" class=\"wp-image-2967\" style=\"width:64px;height:auto\" srcset=\"https:\/\/arttao.org\/wp-content\/uploads\/2025\/05\/EaI\u00bcIo_601335131_AAAo\u00b5A\u00b7UEI\u00b7\u00b7\u00a2EUA\u00ae\u00b7CAEoO\u00b5EIOA22-1024x790.jpg 1024w, https:\/\/arttao.org\/wp-content\/uploads\/2025\/05\/EaI\u00bcIo_601335131_AAAo\u00b5A\u00b7UEI\u00b7\u00b7\u00a2EUA\u00ae\u00b7CAEoO\u00b5EIOA22-300x231.jpg 300w, https:\/\/arttao.org\/wp-content\/uploads\/2025\/05\/EaI\u00bcIo_601335131_AAAo\u00b5A\u00b7UEI\u00b7\u00b7\u00a2EUA\u00ae\u00b7CAEoO\u00b5EIOA22-768x593.jpg 768w, https:\/\/arttao.org\/wp-content\/uploads\/2025\/05\/EaI\u00bcIo_601335131_AAAo\u00b5A\u00b7UEI\u00b7\u00b7\u00a2EUA\u00ae\u00b7CAEoO\u00b5EIOA22-1536x1185.jpg 1536w, https:\/\/arttao.org\/wp-content\/uploads\/2025\/05\/EaI\u00bcIo_601335131_AAAo\u00b5A\u00b7UEI\u00b7\u00b7\u00a2EUA\u00ae\u00b7CAEoO\u00b5EIOA22-2048x1580.jpg 2048w\" sizes=\"auto, (max-width: 1024px) 100vw, 1024px\" \/><\/figure>\n\n\n\n<p class=\"\"><a href=\"https:\/\/arttao.org\/fr\/%e7%ac%ac%e5%8d%81%e4%b8%89%e8%af%be%ef%bc%9a%e6%83%85%e7%bb%aa%e5%a4%b1%e8%b0%83%e9%9a%9c%e7%a2%8d%e8%af%be%e7%a8%8b%ef%bc%88%e7%ac%ac441%ef%bd%9e480%e8%af%be%ef%bc%89\/\" data-type=\"page\" data-id=\"12130\">Le\u00e7on treize :<strong>Cours sur les troubles de l&#039;humeur<\/strong>(Le\u00e7ons 441-480)<\/a><\/p>\n\n\n\n<p class=\"has-small-font-size\">Les troubles de l&#039;humeur sont fr\u00e9quents chez les adolescents et se manifestent par des acc\u00e8s de col\u00e8re r\u00e9currents, une irritabilit\u00e9 persistante et des r\u00e9actions \u00e9motionnelles incontr\u00f4l\u00e9es. Ce cours aidera \u00e0 identifier les signes d&#039;un acc\u00e8s de col\u00e8re, \u00e0 former les \u00e9l\u00e8ves \u00e0 cr\u00e9er une zone de calme, \u00e0 d\u00e9velopper des radars \u00e9motionnels et \u00e0 d\u00e9velopper des comp\u00e9tences de communication parentale, favorisant ainsi une expression \u00e9motionnelle plus s\u00fbre et plus contr\u00f4l\u00e9e chez les adolescents.<\/p>\n\n\n\n<figure class=\"wp-block-image size-large is-resized\"><img loading=\"lazy\" decoding=\"async\" width=\"1024\" height=\"790\" src=\"https:\/\/arttao.org\/wp-content\/uploads\/2025\/05\/EaI\u00bcIo_601335131_AAAo\u00b5A\u00b7UEI\u00b7\u00b7\u00a2EUA\u00ae\u00b7CAEoO\u00b5EIOA22-1024x790.jpg\" alt=\"\" class=\"wp-image-2967\" style=\"width:67px;height:auto\" srcset=\"https:\/\/arttao.org\/wp-content\/uploads\/2025\/05\/EaI\u00bcIo_601335131_AAAo\u00b5A\u00b7UEI\u00b7\u00b7\u00a2EUA\u00ae\u00b7CAEoO\u00b5EIOA22-1024x790.jpg 1024w, https:\/\/arttao.org\/wp-content\/uploads\/2025\/05\/EaI\u00bcIo_601335131_AAAo\u00b5A\u00b7UEI\u00b7\u00b7\u00a2EUA\u00ae\u00b7CAEoO\u00b5EIOA22-300x231.jpg 300w, https:\/\/arttao.org\/wp-content\/uploads\/2025\/05\/EaI\u00bcIo_601335131_AAAo\u00b5A\u00b7UEI\u00b7\u00b7\u00a2EUA\u00ae\u00b7CAEoO\u00b5EIOA22-768x593.jpg 768w, https:\/\/arttao.org\/wp-content\/uploads\/2025\/05\/EaI\u00bcIo_601335131_AAAo\u00b5A\u00b7UEI\u00b7\u00b7\u00a2EUA\u00ae\u00b7CAEoO\u00b5EIOA22-1536x1185.jpg 1536w, https:\/\/arttao.org\/wp-content\/uploads\/2025\/05\/EaI\u00bcIo_601335131_AAAo\u00b5A\u00b7UEI\u00b7\u00b7\u00a2EUA\u00ae\u00b7CAEoO\u00b5EIOA22-2048x1580.jpg 2048w\" sizes=\"auto, (max-width: 1024px) 100vw, 1024px\" \/><\/figure>\n\n\n\n<p class=\"\"><a href=\"https:\/\/arttao.org\/fr\/%e7%ac%ac%e5%8d%81%e5%9b%9b%e8%af%be%ef%bc%9a%e6%8a%91%e9%83%81%e7%97%87%e5%90%8c%e6%97%b6%e6%80%a7%e7%84%a6%e8%99%91%e8%af%be%e7%a8%8b%ef%bc%88%e7%ac%ac481%ef%bd%9e520%e8%af%be%ef%bc%89\/\" data-type=\"page\" data-id=\"12132\">Le\u00e7on quatorze :<strong>Cours sur l&#039;anxi\u00e9t\u00e9 et la d\u00e9pression simultan\u00e9es<\/strong>(Le\u00e7ons 481-520)<\/a><\/p>\n\n\n\n<p class=\"has-small-font-size\">L&#039;anxi\u00e9t\u00e9 et la d\u00e9pression sont des comorbidit\u00e9s courantes, mais souvent n\u00e9glig\u00e9es. Ce cours aide \u00e0 identifier le dilemme psychologique que constituent \u00ab\u00a0tension et fatigue, anxi\u00e9t\u00e9 et impuissance\u00a0\u00bb et propose des outils de s\u00e9paration des pens\u00e9es, de gestion du rythme et d&#039;adaptation bilat\u00e9rale, afin que chacun puisse trouver l&#039;\u00e9quilibre et l&#039;auto-adaptation face \u00e0 des \u00e9motions complexes.<\/p>\n\n\n\n<figure class=\"wp-block-image size-large is-resized\"><img loading=\"lazy\" decoding=\"async\" width=\"1024\" height=\"790\" src=\"https:\/\/arttao.org\/wp-content\/uploads\/2025\/05\/EaI\u00bcIo_601335131_AAAo\u00b5A\u00b7UEI\u00b7\u00b7\u00a2EUA\u00ae\u00b7CAEoO\u00b5EIOA22-1024x790.jpg\" alt=\"\" class=\"wp-image-2967\" style=\"width:66px;height:auto\" srcset=\"https:\/\/arttao.org\/wp-content\/uploads\/2025\/05\/EaI\u00bcIo_601335131_AAAo\u00b5A\u00b7UEI\u00b7\u00b7\u00a2EUA\u00ae\u00b7CAEoO\u00b5EIOA22-1024x790.jpg 1024w, https:\/\/arttao.org\/wp-content\/uploads\/2025\/05\/EaI\u00bcIo_601335131_AAAo\u00b5A\u00b7UEI\u00b7\u00b7\u00a2EUA\u00ae\u00b7CAEoO\u00b5EIOA22-300x231.jpg 300w, https:\/\/arttao.org\/wp-content\/uploads\/2025\/05\/EaI\u00bcIo_601335131_AAAo\u00b5A\u00b7UEI\u00b7\u00b7\u00a2EUA\u00ae\u00b7CAEoO\u00b5EIOA22-768x593.jpg 768w, https:\/\/arttao.org\/wp-content\/uploads\/2025\/05\/EaI\u00bcIo_601335131_AAAo\u00b5A\u00b7UEI\u00b7\u00b7\u00a2EUA\u00ae\u00b7CAEoO\u00b5EIOA22-1536x1185.jpg 1536w, https:\/\/arttao.org\/wp-content\/uploads\/2025\/05\/EaI\u00bcIo_601335131_AAAo\u00b5A\u00b7UEI\u00b7\u00b7\u00a2EUA\u00ae\u00b7CAEoO\u00b5EIOA22-2048x1580.jpg 2048w\" sizes=\"auto, (max-width: 1024px) 100vw, 1024px\" \/><\/figure>\n\n\n\n<p class=\"\"><a href=\"https:\/\/arttao.org\/fr\/lecon-15-cours-sur-la-depression-reactive-a-lhumeur-lecons-521-560\/\" data-type=\"page\" data-id=\"12134\">Le\u00e7on 15\u00a0:<strong>Cours sur la d\u00e9pression r\u00e9active \u00e0 l&#039;humeur<\/strong>(Le\u00e7ons 521-560)<\/a>)<\/p>\n\n\n\n<p class=\"has-small-font-size\">Lorsque le moindre \u00e9v\u00e9nement de la vie provoque une baisse brutale de moral, vous souffrez peut-\u00eatre de d\u00e9pression r\u00e9actionnelle. Ce cours vous aide \u00e0 identifier les m\u00e9canismes qui amplifient vos \u00e9motions, en clarifiant la cha\u00eene \u00ab\u00a0\u00e9v\u00e9nement-croyance-\u00e9motion\u00a0\u00bb. Il vous apprend \u00e9galement \u00e0 retarder vos r\u00e9actions, \u00e0 calmer vos \u00e9motions et \u00e0 d\u00e9velopper des techniques d&#039;auto-apaisement pour cr\u00e9er une zone tampon psychologique.<\/p>\n\n\n\n<figure class=\"wp-block-image size-large is-resized\"><img loading=\"lazy\" decoding=\"async\" width=\"1024\" height=\"790\" src=\"https:\/\/arttao.org\/wp-content\/uploads\/2025\/05\/EaI\u00bcIo_601335131_AAAo\u00b5A\u00b7UEI\u00b7\u00b7\u00a2EUA\u00ae\u00b7CAEoO\u00b5EIOA22-1024x790.jpg\" alt=\"\" class=\"wp-image-2967\" style=\"width:68px;height:auto\" srcset=\"https:\/\/arttao.org\/wp-content\/uploads\/2025\/05\/EaI\u00bcIo_601335131_AAAo\u00b5A\u00b7UEI\u00b7\u00b7\u00a2EUA\u00ae\u00b7CAEoO\u00b5EIOA22-1024x790.jpg 1024w, https:\/\/arttao.org\/wp-content\/uploads\/2025\/05\/EaI\u00bcIo_601335131_AAAo\u00b5A\u00b7UEI\u00b7\u00b7\u00a2EUA\u00ae\u00b7CAEoO\u00b5EIOA22-300x231.jpg 300w, https:\/\/arttao.org\/wp-content\/uploads\/2025\/05\/EaI\u00bcIo_601335131_AAAo\u00b5A\u00b7UEI\u00b7\u00b7\u00a2EUA\u00ae\u00b7CAEoO\u00b5EIOA22-768x593.jpg 768w, https:\/\/arttao.org\/wp-content\/uploads\/2025\/05\/EaI\u00bcIo_601335131_AAAo\u00b5A\u00b7UEI\u00b7\u00b7\u00a2EUA\u00ae\u00b7CAEoO\u00b5EIOA22-1536x1185.jpg 1536w, https:\/\/arttao.org\/wp-content\/uploads\/2025\/05\/EaI\u00bcIo_601335131_AAAo\u00b5A\u00b7UEI\u00b7\u00b7\u00a2EUA\u00ae\u00b7CAEoO\u00b5EIOA22-2048x1580.jpg 2048w\" sizes=\"auto, (max-width: 1024px) 100vw, 1024px\" \/><\/figure>\n\n\n\n<p class=\"\"><a href=\"https:\/\/arttao.org\/fr\/%e7%ac%ac%e5%8d%81%e5%85%ad%e8%af%be%ef%bc%9a%e6%83%85%e7%bb%aa%e5%9b%a0%e5%ba%94%e9%9a%9c%e7%a2%8d%e8%af%be%e7%a8%8b%ef%bc%88%e7%ac%ac561%ef%bd%9e600%e8%af%be%ef%bc%89\/\" data-type=\"page\" data-id=\"12137\">Le\u00e7on seize :<strong>Cours sur les troubles de la gestion \u00e9motionnelle<\/strong>(Le\u00e7ons 561-600)<\/a><\/p>\n\n\n\n<p class=\"has-small-font-size\">Se sentir d\u00e9pass\u00e9, d\u00e9prim\u00e9 en permanence et incapable de se remettre des changements de vie peut indiquer un trouble d&#039;adaptation \u00e9motionnelle. Ce cours aide les personnes \u00e0 identifier le lien entre leurs r\u00e9actions \u00e9motionnelles et les \u00e9v\u00e9nements de la vie r\u00e9elle, en leur proposant une expression sereine, une int\u00e9gration du sens et des plans de r\u00e9tablissement pour les aider \u00e0 reconstruire leur stabilit\u00e9 int\u00e9rieure et leur r\u00e9silience apr\u00e8s le choc de l&#039;\u00e9v\u00e9nement.<\/p>\n\n\n\n<figure class=\"wp-block-image size-large is-resized\"><img loading=\"lazy\" decoding=\"async\" width=\"1024\" height=\"790\" src=\"https:\/\/arttao.org\/wp-content\/uploads\/2025\/05\/EaI\u00bcIo_601335131_AAAo\u00b5A\u00b7UEI\u00b7\u00b7\u00a2EUA\u00ae\u00b7CAEoO\u00b5EIOA22-1024x790.jpg\" alt=\"\" class=\"wp-image-2967\" style=\"width:67px;height:auto\" srcset=\"https:\/\/arttao.org\/wp-content\/uploads\/2025\/05\/EaI\u00bcIo_601335131_AAAo\u00b5A\u00b7UEI\u00b7\u00b7\u00a2EUA\u00ae\u00b7CAEoO\u00b5EIOA22-1024x790.jpg 1024w, https:\/\/arttao.org\/wp-content\/uploads\/2025\/05\/EaI\u00bcIo_601335131_AAAo\u00b5A\u00b7UEI\u00b7\u00b7\u00a2EUA\u00ae\u00b7CAEoO\u00b5EIOA22-300x231.jpg 300w, https:\/\/arttao.org\/wp-content\/uploads\/2025\/05\/EaI\u00bcIo_601335131_AAAo\u00b5A\u00b7UEI\u00b7\u00b7\u00a2EUA\u00ae\u00b7CAEoO\u00b5EIOA22-768x593.jpg 768w, https:\/\/arttao.org\/wp-content\/uploads\/2025\/05\/EaI\u00bcIo_601335131_AAAo\u00b5A\u00b7UEI\u00b7\u00b7\u00a2EUA\u00ae\u00b7CAEoO\u00b5EIOA22-1536x1185.jpg 1536w, https:\/\/arttao.org\/wp-content\/uploads\/2025\/05\/EaI\u00bcIo_601335131_AAAo\u00b5A\u00b7UEI\u00b7\u00b7\u00a2EUA\u00ae\u00b7CAEoO\u00b5EIOA22-2048x1580.jpg 2048w\" sizes=\"auto, (max-width: 1024px) 100vw, 1024px\" \/><\/figure>\n\n\n\n<p class=\"\"><a href=\"https:\/\/arttao.org\/fr\/%e7%ac%ac%e5%8d%81%e4%b8%83%e8%af%be%ef%bc%9a%e8%8d%af%e7%89%a9%e6%88%96%e7%89%a9%e8%b4%a8%e5%bc%95%e5%8f%91%e7%9a%84%e6%8a%91%e9%83%81%e7%97%87%e8%af%be%e7%a8%8b%ef%bc%88%e7%ac%ac601%ef%bd%9e640\/\" data-type=\"page\" data-id=\"12139\">Le\u00e7on dix-sept :<strong>Cours sur la d\u00e9pression induite par les drogues ou les substances<\/strong>(Le\u00e7ons 601-640)<\/a><\/p>\n\n\n\n<p class=\"has-small-font-size\">Les effets secondaires des m\u00e9dicaments, la consommation de substances ou le sevrage peuvent d\u00e9clencher des sympt\u00f4mes d\u00e9pressifs. Ce cours aide \u00e0 identifier la d\u00e9pression d&#039;origine m\u00e9dicamenteuse et le cycle de la d\u00e9pendance, analyse les voies neurologiques affect\u00e9es et propose un plan de r\u00e9tablissement corps-esprit, des techniques de soutien \u00e9motionnel et des m\u00e9thodes d&#039;adaptation psychologique au sevrage pour aider \u00e0 r\u00e9tablir l&#039;\u00e9quilibre \u00e9motionnel.<\/p>\n\n\n\n<figure class=\"wp-block-image size-large is-resized\"><img loading=\"lazy\" decoding=\"async\" width=\"1024\" height=\"790\" src=\"https:\/\/arttao.org\/wp-content\/uploads\/2025\/05\/EaI\u00bcIo_601335131_AAAo\u00b5A\u00b7UEI\u00b7\u00b7\u00a2EUA\u00ae\u00b7CAEoO\u00b5EIOA22-1024x790.jpg\" alt=\"\" class=\"wp-image-2967\" style=\"width:68px;height:auto\" srcset=\"https:\/\/arttao.org\/wp-content\/uploads\/2025\/05\/EaI\u00bcIo_601335131_AAAo\u00b5A\u00b7UEI\u00b7\u00b7\u00a2EUA\u00ae\u00b7CAEoO\u00b5EIOA22-1024x790.jpg 1024w, https:\/\/arttao.org\/wp-content\/uploads\/2025\/05\/EaI\u00bcIo_601335131_AAAo\u00b5A\u00b7UEI\u00b7\u00b7\u00a2EUA\u00ae\u00b7CAEoO\u00b5EIOA22-300x231.jpg 300w, https:\/\/arttao.org\/wp-content\/uploads\/2025\/05\/EaI\u00bcIo_601335131_AAAo\u00b5A\u00b7UEI\u00b7\u00b7\u00a2EUA\u00ae\u00b7CAEoO\u00b5EIOA22-768x593.jpg 768w, https:\/\/arttao.org\/wp-content\/uploads\/2025\/05\/EaI\u00bcIo_601335131_AAAo\u00b5A\u00b7UEI\u00b7\u00b7\u00a2EUA\u00ae\u00b7CAEoO\u00b5EIOA22-1536x1185.jpg 1536w, https:\/\/arttao.org\/wp-content\/uploads\/2025\/05\/EaI\u00bcIo_601335131_AAAo\u00b5A\u00b7UEI\u00b7\u00b7\u00a2EUA\u00ae\u00b7CAEoO\u00b5EIOA22-2048x1580.jpg 2048w\" sizes=\"auto, (max-width: 1024px) 100vw, 1024px\" \/><\/figure>\n\n\n\n<p class=\"\"><a href=\"https:\/\/arttao.org\/fr\/%e7%ac%ac%e5%8d%81%e5%85%ab%e8%af%be%ef%bc%9a%e8%80%81%e5%b9%b4%e6%9c%9f%e6%8a%91%e9%83%81-%e8%ae%a4%e7%9f%a5%e8%a1%b0%e9%80%80%e5%9e%8b%e6%8a%91%e9%83%81%e8%af%be%e7%a8%8b%ef%bc%88%e7%ac%ac641\/\" data-type=\"page\" data-id=\"12141\">Le\u00e7on 18\u00a0:<strong>Cours sur la d\u00e9pression chez les personnes \u00e2g\u00e9es\/le d\u00e9clin cognitif<\/strong>(Le\u00e7ons 641-680)<\/a><\/p>\n\n\n\n<p class=\"has-small-font-size\">Ce cours se concentre sur les manifestations sp\u00e9cifiques de la d\u00e9pression et du d\u00e9clin cognitif chez les personnes \u00e2g\u00e9es, qui se manifestent souvent par le silence, la perte d&#039;int\u00e9r\u00eat et un ralentissement des r\u00e9actions. Il guidera les familles et les personnes concern\u00e9es dans l&#039;identification des sympt\u00f4mes, l&#039;\u00e9tablissement d&#039;ancrages rythmiques et la mise en \u0153uvre d&#039;exercices d&#039;\u00e9veil cognitif. Il proposera \u00e9galement des m\u00e9thodes de connexion interpersonnelle et de r\u00e9paration \u00e9motionnelle pour favoriser le r\u00e9tablissement physique et mental.<\/p>","protected":false},"excerpt":{"rendered":"<p>&nbsp;&nbsp; B. \u6291\u90c1\u76f8\u5173\u95ee\u9898 \u8bfe\u7a0b \u7b2c\u4e5d\u8bfe\uff1a\u91cd\u6027\u6291\u90c1\u969c\u788d\u8bfe\u7a0b\uff08\u7b2c281\uff5e320\u8bfe\uff09\uff09 \u672c\u8bfe\u7a0b\u5e2e [&hellip;]<\/p>\n","protected":false},"author":1,"featured_media":0,"parent":0,"menu_order":0,"comment_status":"closed","ping_status":"closed","template":"","meta":{"nf_dc_page":"","om_disable_all_campaigns":false,"_monsterinsights_skip_tracking":false,"_monsterinsights_sitenote_active":false,"_monsterinsights_sitenote_note":"","_monsterinsights_sitenote_category":0,"footnotes":""},"class_list":["post-476","page","type-page","status-publish","hentry"],"_links":{"self":[{"href":"https:\/\/arttao.org\/fr\/wp-json\/wp\/v2\/pages\/476","targetHints":{"allow":["GET"]}}],"collection":[{"href":"https:\/\/arttao.org\/fr\/wp-json\/wp\/v2\/pages"}],"about":[{"href":"https:\/\/arttao.org\/fr\/wp-json\/wp\/v2\/types\/page"}],"author":[{"embeddable":true,"href":"https:\/\/arttao.org\/fr\/wp-json\/wp\/v2\/users\/1"}],"replies":[{"embeddable":true,"href":"https:\/\/arttao.org\/fr\/wp-json\/wp\/v2\/comments?post=476"}],"version-history":[{"count":20,"href":"https:\/\/arttao.org\/fr\/wp-json\/wp\/v2\/pages\/476\/revisions"}],"predecessor-version":[{"id":12143,"href":"https:\/\/arttao.org\/fr\/wp-json\/wp\/v2\/pages\/476\/revisions\/12143"}],"wp:attachment":[{"href":"https:\/\/arttao.org\/fr\/wp-json\/wp\/v2\/media?parent=476"}],"curies":[{"name":"wp","href":"https:\/\/api.w.org\/{rel}","templated":true}]}}