{"id":481,"date":"2025-03-24T19:01:04","date_gmt":"2025-03-24T19:01:04","guid":{"rendered":"https:\/\/arttao.org\/?page_id=481"},"modified":"2025-11-22T21:46:43","modified_gmt":"2025-11-22T21:46:43","slug":"problemes-obsessionnels-compulsifs-et-impulsifs","status":"publish","type":"page","link":"https:\/\/arttao.org\/fr\/%e5%bc%ba%e8%bf%ab%e4%b8%8e%e5%86%b2%e5%8a%a8%e9%97%ae%e9%a2%98%ef%bc%88obsessive-compulsive-and-impulse-issues%ef%bc%89\/","title":{"rendered":"C. Probl\u00e8mes compulsifs et impulsifs - Cours"},"content":{"rendered":"<p class=\"\"><\/p>\n\n\n\n<p class=\"\"><strong>C. Probl\u00e8mes compulsifs et impulsifs<\/strong><\/p>\n\n\n\n<figure class=\"wp-block-image size-large is-resized\"><img loading=\"lazy\" decoding=\"async\" width=\"1024\" height=\"760\" src=\"https:\/\/arttao.org\/wp-content\/uploads\/2025\/05\/EaI\u00bcIo_402502795_\u00beOAA\u00b3AO\u00b7UEI\u00b7\u00b7\u00a2\u00b5A\u00bf\u00a8I\u00a8A\u00aeo\u00a2\u00b7CAEoO\u00b5EIOA22-1024x760.jpg\" alt=\"\" class=\"wp-image-2966\" style=\"width:62px;height:auto\" srcset=\"https:\/\/arttao.org\/wp-content\/uploads\/2025\/05\/EaI\u00bcIo_402502795_\u00beOAA\u00b3AO\u00b7UEI\u00b7\u00b7\u00a2\u00b5A\u00bf\u00a8I\u00a8A\u00aeo\u00a2\u00b7CAEoO\u00b5EIOA22-1024x760.jpg 1024w, https:\/\/arttao.org\/wp-content\/uploads\/2025\/05\/EaI\u00bcIo_402502795_\u00beOAA\u00b3AO\u00b7UEI\u00b7\u00b7\u00a2\u00b5A\u00bf\u00a8I\u00a8A\u00aeo\u00a2\u00b7CAEoO\u00b5EIOA22-300x223.jpg 300w, https:\/\/arttao.org\/wp-content\/uploads\/2025\/05\/EaI\u00bcIo_402502795_\u00beOAA\u00b3AO\u00b7UEI\u00b7\u00b7\u00a2\u00b5A\u00bf\u00a8I\u00a8A\u00aeo\u00a2\u00b7CAEoO\u00b5EIOA22-768x570.jpg 768w, https:\/\/arttao.org\/wp-content\/uploads\/2025\/05\/EaI\u00bcIo_402502795_\u00beOAA\u00b3AO\u00b7UEI\u00b7\u00b7\u00a2\u00b5A\u00bf\u00a8I\u00a8A\u00aeo\u00a2\u00b7CAEoO\u00b5EIOA22-1536x1140.jpg 1536w, https:\/\/arttao.org\/wp-content\/uploads\/2025\/05\/EaI\u00bcIo_402502795_\u00beOAA\u00b3AO\u00b7UEI\u00b7\u00b7\u00a2\u00b5A\u00bf\u00a8I\u00a8A\u00aeo\u00a2\u00b7CAEoO\u00b5EIOA22-2048x1520.jpg 2048w\" sizes=\"auto, (max-width: 1024px) 100vw, 1024px\" \/><\/figure>\n\n\n\n<p class=\"\"><a href=\"https:\/\/arttao.org\/fr\/%e7%ac%ac%e5%8d%81%e4%b9%9d%e8%af%be%ef%bc%9a%e5%bc%ba%e8%bf%ab%e7%97%87%e4%b8%8e%e5%86%b2%e5%8a%a8%e9%97%ae%e9%a2%98%ef%bc%88%e7%ac%ac681%ef%bd%9e720%e8%af%be%ef%bc%89\/\" data-type=\"page\" data-id=\"12292\">Le\u00e7on 19\u00a0: Trouble obsessionnel-compulsif et impulsivit\u00e9 (Le\u00e7ons 681-720)<\/a><\/p>\n\n\n\n<p class=\"has-small-font-size\">Le trouble obsessionnel-compulsif (TOC) est un trouble mental caract\u00e9ris\u00e9 par des cognitions et des comportements obsessionnels-compulsifs r\u00e9currents. Les patients reconnaissent souvent que ces pens\u00e9es ou comportements sont irrationnels, mais peinent \u00e0 les contr\u00f4ler. Cela entra\u00eene une aggravation de l&#039;anxi\u00e9t\u00e9, de la perception du temps et du d\u00e9veloppement fonctionnel, n\u00e9cessitant une intervention comportementale et une th\u00e9rapie cognitive.<\/p>\n\n\n\n<figure class=\"wp-block-image size-large is-resized\"><img loading=\"lazy\" decoding=\"async\" width=\"1024\" height=\"760\" src=\"https:\/\/arttao.org\/wp-content\/uploads\/2025\/05\/EaI\u00bcIo_402502795_\u00beOAA\u00b3AO\u00b7UEI\u00b7\u00b7\u00a2\u00b5A\u00bf\u00a8I\u00a8A\u00aeo\u00a2\u00b7CAEoO\u00b5EIOA22-1024x760.jpg\" alt=\"\" class=\"wp-image-2966\" style=\"width:64px;height:auto\" srcset=\"https:\/\/arttao.org\/wp-content\/uploads\/2025\/05\/EaI\u00bcIo_402502795_\u00beOAA\u00b3AO\u00b7UEI\u00b7\u00b7\u00a2\u00b5A\u00bf\u00a8I\u00a8A\u00aeo\u00a2\u00b7CAEoO\u00b5EIOA22-1024x760.jpg 1024w, https:\/\/arttao.org\/wp-content\/uploads\/2025\/05\/EaI\u00bcIo_402502795_\u00beOAA\u00b3AO\u00b7UEI\u00b7\u00b7\u00a2\u00b5A\u00bf\u00a8I\u00a8A\u00aeo\u00a2\u00b7CAEoO\u00b5EIOA22-300x223.jpg 300w, https:\/\/arttao.org\/wp-content\/uploads\/2025\/05\/EaI\u00bcIo_402502795_\u00beOAA\u00b3AO\u00b7UEI\u00b7\u00b7\u00a2\u00b5A\u00bf\u00a8I\u00a8A\u00aeo\u00a2\u00b7CAEoO\u00b5EIOA22-768x570.jpg 768w, https:\/\/arttao.org\/wp-content\/uploads\/2025\/05\/EaI\u00bcIo_402502795_\u00beOAA\u00b3AO\u00b7UEI\u00b7\u00b7\u00a2\u00b5A\u00bf\u00a8I\u00a8A\u00aeo\u00a2\u00b7CAEoO\u00b5EIOA22-1536x1140.jpg 1536w, https:\/\/arttao.org\/wp-content\/uploads\/2025\/05\/EaI\u00bcIo_402502795_\u00beOAA\u00b3AO\u00b7UEI\u00b7\u00b7\u00a2\u00b5A\u00bf\u00a8I\u00a8A\u00aeo\u00a2\u00b7CAEoO\u00b5EIOA22-2048x1520.jpg 2048w\" sizes=\"auto, (max-width: 1024px) 100vw, 1024px\" \/><\/figure>\n\n\n\n<p class=\"\"><a href=\"https:\/\/arttao.org\/fr\/%e7%ac%ac%e4%ba%8c%e5%8d%81%e8%af%be%ef%bc%9a%e8%ba%af%e4%bd%93%e5%8f%98%e5%bd%a2%e9%9a%9c%e7%a2%8d%ef%bc%88%e7%ac%ac701%ef%bd%9e740%e8%af%be%ef%bc%89\/\" data-type=\"page\" data-id=\"12295\">Le\u00e7on 20\u00a0: Troubles de la morphologie corporelle (Le\u00e7ons 721-760)<\/a><strong> <\/strong><\/p>\n\n\n\n<p class=\"has-small-font-size\"><strong>&nbsp;<\/strong>La dysmorphie corporelle se caract\u00e9rise par une pr\u00e9occupation et un d\u00e9ni excessifs de sa propre apparence. Elle peut m\u00eame se croire \u00ab\u00a0laide\u00a0\u00bb m\u00eame si elle se croit normale. Elle a tendance \u00e0 se remettre en question, \u00e0 se contr\u00f4ler, \u00e0 se dissimuler, \u00e0 \u00e9viter les relations sociales et \u00e0 adopter d&#039;autres comportements qui nuisent gravement \u00e0 son estime de soi et \u00e0 celle de ses partenaires.<\/p>\n\n\n\n<figure class=\"wp-block-image size-large is-resized\"><img loading=\"lazy\" decoding=\"async\" width=\"1024\" height=\"760\" src=\"https:\/\/arttao.org\/wp-content\/uploads\/2025\/05\/EaI\u00bcIo_402502795_\u00beOAA\u00b3AO\u00b7UEI\u00b7\u00b7\u00a2\u00b5A\u00bf\u00a8I\u00a8A\u00aeo\u00a2\u00b7CAEoO\u00b5EIOA22-1024x760.jpg\" alt=\"\" class=\"wp-image-2966\" style=\"width:62px;height:auto\" srcset=\"https:\/\/arttao.org\/wp-content\/uploads\/2025\/05\/EaI\u00bcIo_402502795_\u00beOAA\u00b3AO\u00b7UEI\u00b7\u00b7\u00a2\u00b5A\u00bf\u00a8I\u00a8A\u00aeo\u00a2\u00b7CAEoO\u00b5EIOA22-1024x760.jpg 1024w, https:\/\/arttao.org\/wp-content\/uploads\/2025\/05\/EaI\u00bcIo_402502795_\u00beOAA\u00b3AO\u00b7UEI\u00b7\u00b7\u00a2\u00b5A\u00bf\u00a8I\u00a8A\u00aeo\u00a2\u00b7CAEoO\u00b5EIOA22-300x223.jpg 300w, https:\/\/arttao.org\/wp-content\/uploads\/2025\/05\/EaI\u00bcIo_402502795_\u00beOAA\u00b3AO\u00b7UEI\u00b7\u00b7\u00a2\u00b5A\u00bf\u00a8I\u00a8A\u00aeo\u00a2\u00b7CAEoO\u00b5EIOA22-768x570.jpg 768w, https:\/\/arttao.org\/wp-content\/uploads\/2025\/05\/EaI\u00bcIo_402502795_\u00beOAA\u00b3AO\u00b7UEI\u00b7\u00b7\u00a2\u00b5A\u00bf\u00a8I\u00a8A\u00aeo\u00a2\u00b7CAEoO\u00b5EIOA22-1536x1140.jpg 1536w, https:\/\/arttao.org\/wp-content\/uploads\/2025\/05\/EaI\u00bcIo_402502795_\u00beOAA\u00b3AO\u00b7UEI\u00b7\u00b7\u00a2\u00b5A\u00bf\u00a8I\u00a8A\u00aeo\u00a2\u00b7CAEoO\u00b5EIOA22-2048x1520.jpg 2048w\" sizes=\"auto, (max-width: 1024px) 100vw, 1024px\" \/><\/figure>\n\n\n\n<p class=\"\"><a href=\"https:\/\/arttao.org\/fr\/%e7%ac%ac%e4%ba%8c%e5%8d%81%e4%b8%80%e8%af%be%ef%bc%9a%e5%9b%a4%e7%a7%af%e9%9a%9c%e7%a2%8d%ef%bc%88%e7%ac%ac741%ef%bd%9e780%e8%af%be%ef%bc%89\/\" data-type=\"page\" data-id=\"12298\">Le\u00e7on 21\u00a0: Obstacles \u00e0 l\u2019accumulation (Le\u00e7ons 761-800)<\/a><strong>&nbsp;<\/strong><\/p>\n\n\n\n<p class=\"has-small-font-size\">L&#039;accumulation compulsive est un trouble psychologique et comportemental courant caract\u00e9ris\u00e9 par l&#039;accumulation d&#039;objets, une difficult\u00e9 \u00e0 s&#039;en d\u00e9barrasser et un sentiment de s\u00e9curit\u00e9 dans un espace chaotique. Les patients accordent souvent une importance \u00e9motionnelle particuli\u00e8re aux objets et s&#039;inqui\u00e8tent des cons\u00e9quences de leur perte. L&#039;accumulation compulsive est souvent source de conflits familiaux et perturbe la vie quotidienne.<\/p>\n\n\n\n<figure class=\"wp-block-image size-large is-resized\"><img loading=\"lazy\" decoding=\"async\" width=\"1024\" height=\"760\" src=\"https:\/\/arttao.org\/wp-content\/uploads\/2025\/05\/EaI\u00bcIo_402502795_\u00beOAA\u00b3AO\u00b7UEI\u00b7\u00b7\u00a2\u00b5A\u00bf\u00a8I\u00a8A\u00aeo\u00a2\u00b7CAEoO\u00b5EIOA22-1024x760.jpg\" alt=\"\" class=\"wp-image-2966\" style=\"width:64px;height:auto\" srcset=\"https:\/\/arttao.org\/wp-content\/uploads\/2025\/05\/EaI\u00bcIo_402502795_\u00beOAA\u00b3AO\u00b7UEI\u00b7\u00b7\u00a2\u00b5A\u00bf\u00a8I\u00a8A\u00aeo\u00a2\u00b7CAEoO\u00b5EIOA22-1024x760.jpg 1024w, https:\/\/arttao.org\/wp-content\/uploads\/2025\/05\/EaI\u00bcIo_402502795_\u00beOAA\u00b3AO\u00b7UEI\u00b7\u00b7\u00a2\u00b5A\u00bf\u00a8I\u00a8A\u00aeo\u00a2\u00b7CAEoO\u00b5EIOA22-300x223.jpg 300w, https:\/\/arttao.org\/wp-content\/uploads\/2025\/05\/EaI\u00bcIo_402502795_\u00beOAA\u00b3AO\u00b7UEI\u00b7\u00b7\u00a2\u00b5A\u00bf\u00a8I\u00a8A\u00aeo\u00a2\u00b7CAEoO\u00b5EIOA22-768x570.jpg 768w, https:\/\/arttao.org\/wp-content\/uploads\/2025\/05\/EaI\u00bcIo_402502795_\u00beOAA\u00b3AO\u00b7UEI\u00b7\u00b7\u00a2\u00b5A\u00bf\u00a8I\u00a8A\u00aeo\u00a2\u00b7CAEoO\u00b5EIOA22-1536x1140.jpg 1536w, https:\/\/arttao.org\/wp-content\/uploads\/2025\/05\/EaI\u00bcIo_402502795_\u00beOAA\u00b3AO\u00b7UEI\u00b7\u00b7\u00a2\u00b5A\u00bf\u00a8I\u00a8A\u00aeo\u00a2\u00b7CAEoO\u00b5EIOA22-2048x1520.jpg 2048w\" sizes=\"auto, (max-width: 1024px) 100vw, 1024px\" \/><\/figure>\n\n\n\n<p class=\"\"><a href=\"https:\/\/arttao.org\/fr\/%e7%ac%ac%e4%ba%8c%e5%8d%81%e4%ba%8c%e8%af%be%ef%bc%9a%e6%8b%94%e6%af%9b%e7%99%96%ef%bc%88%e7%ac%ac781%ef%bd%9e820%e8%af%be%ef%bc%89\/\" data-type=\"page\" data-id=\"12300\">Le\u00e7on 22\u00a0: Trichotillomanie (Le\u00e7ons 801-830)<\/a><strong>\u00a0<\/strong><\/p>\n\n\n\n<p class=\"has-small-font-size\">Il s&#039;agit d&#039;un trouble fr\u00e9quent o\u00f9 les patients s&#039;arrachent les cheveux, les sourcils ou la t\u00eate de mani\u00e8re r\u00e9p\u00e9t\u00e9e pour soulager la tension, mais cela peut aussi s&#039;accompagner de honte ou de culpabilit\u00e9. Les sympt\u00f4mes sont souvent li\u00e9s au stress et n\u00e9cessitent une combinaison de formation comportementale et de soutien \u00e9motionnel.<\/p>\n\n\n\n<figure class=\"wp-block-image size-large is-resized\"><img loading=\"lazy\" decoding=\"async\" width=\"1024\" height=\"760\" src=\"https:\/\/arttao.org\/wp-content\/uploads\/2025\/05\/EaI\u00bcIo_402502795_\u00beOAA\u00b3AO\u00b7UEI\u00b7\u00b7\u00a2\u00b5A\u00bf\u00a8I\u00a8A\u00aeo\u00a2\u00b7CAEoO\u00b5EIOA22-1024x760.jpg\" alt=\"\" class=\"wp-image-2966\" style=\"width:63px;height:auto\" srcset=\"https:\/\/arttao.org\/wp-content\/uploads\/2025\/05\/EaI\u00bcIo_402502795_\u00beOAA\u00b3AO\u00b7UEI\u00b7\u00b7\u00a2\u00b5A\u00bf\u00a8I\u00a8A\u00aeo\u00a2\u00b7CAEoO\u00b5EIOA22-1024x760.jpg 1024w, https:\/\/arttao.org\/wp-content\/uploads\/2025\/05\/EaI\u00bcIo_402502795_\u00beOAA\u00b3AO\u00b7UEI\u00b7\u00b7\u00a2\u00b5A\u00bf\u00a8I\u00a8A\u00aeo\u00a2\u00b7CAEoO\u00b5EIOA22-300x223.jpg 300w, https:\/\/arttao.org\/wp-content\/uploads\/2025\/05\/EaI\u00bcIo_402502795_\u00beOAA\u00b3AO\u00b7UEI\u00b7\u00b7\u00a2\u00b5A\u00bf\u00a8I\u00a8A\u00aeo\u00a2\u00b7CAEoO\u00b5EIOA22-768x570.jpg 768w, https:\/\/arttao.org\/wp-content\/uploads\/2025\/05\/EaI\u00bcIo_402502795_\u00beOAA\u00b3AO\u00b7UEI\u00b7\u00b7\u00a2\u00b5A\u00bf\u00a8I\u00a8A\u00aeo\u00a2\u00b7CAEoO\u00b5EIOA22-1536x1140.jpg 1536w, https:\/\/arttao.org\/wp-content\/uploads\/2025\/05\/EaI\u00bcIo_402502795_\u00beOAA\u00b3AO\u00b7UEI\u00b7\u00b7\u00a2\u00b5A\u00bf\u00a8I\u00a8A\u00aeo\u00a2\u00b7CAEoO\u00b5EIOA22-2048x1520.jpg 2048w\" sizes=\"auto, (max-width: 1024px) 100vw, 1024px\" \/><\/figure>\n\n\n\n<p class=\"\"><a href=\"https:\/\/arttao.org\/fr\/%e7%ac%ac%e4%ba%8c%e5%8d%81%e4%b8%89%e8%af%be%ef%bc%9a%e7%9a%ae%e8%82%a4%e5%89%a5%e7%a6%bb%e7%97%87%ef%bc%88%e7%ac%ac821%ef%bd%9e840%e8%af%be%ef%bc%89\/\" data-type=\"page\" data-id=\"12303\">Le\u00e7on 23\u00a0: Syndrome de desquamation cutan\u00e9e (Le\u00e7ons 831-860)<\/a><\/p>\n\n\n\n<p class=\"has-small-font-size\">Le dermatoschisis est un trouble du comportement dans lequel les patients se grattent ou se triturent la peau de mani\u00e8re r\u00e9p\u00e9t\u00e9e, souvent pour soulager leur anxi\u00e9t\u00e9 ou ressentir un plaisir passager. Ce comportement peut laisser des cicatrices invisibles et est souvent associ\u00e9 \u00e0 des troubles sous-jacents de la r\u00e9gulation \u00e9motionnelle et de la ma\u00eetrise de soi.<\/p>\n\n\n\n<figure class=\"wp-block-image size-large is-resized\"><img loading=\"lazy\" decoding=\"async\" width=\"1024\" height=\"760\" src=\"https:\/\/arttao.org\/wp-content\/uploads\/2025\/05\/EaI\u00bcIo_402502795_\u00beOAA\u00b3AO\u00b7UEI\u00b7\u00b7\u00a2\u00b5A\u00bf\u00a8I\u00a8A\u00aeo\u00a2\u00b7CAEoO\u00b5EIOA22-1024x760.jpg\" alt=\"\" class=\"wp-image-2966\" style=\"width:63px;height:auto\" srcset=\"https:\/\/arttao.org\/wp-content\/uploads\/2025\/05\/EaI\u00bcIo_402502795_\u00beOAA\u00b3AO\u00b7UEI\u00b7\u00b7\u00a2\u00b5A\u00bf\u00a8I\u00a8A\u00aeo\u00a2\u00b7CAEoO\u00b5EIOA22-1024x760.jpg 1024w, https:\/\/arttao.org\/wp-content\/uploads\/2025\/05\/EaI\u00bcIo_402502795_\u00beOAA\u00b3AO\u00b7UEI\u00b7\u00b7\u00a2\u00b5A\u00bf\u00a8I\u00a8A\u00aeo\u00a2\u00b7CAEoO\u00b5EIOA22-300x223.jpg 300w, https:\/\/arttao.org\/wp-content\/uploads\/2025\/05\/EaI\u00bcIo_402502795_\u00beOAA\u00b3AO\u00b7UEI\u00b7\u00b7\u00a2\u00b5A\u00bf\u00a8I\u00a8A\u00aeo\u00a2\u00b7CAEoO\u00b5EIOA22-768x570.jpg 768w, https:\/\/arttao.org\/wp-content\/uploads\/2025\/05\/EaI\u00bcIo_402502795_\u00beOAA\u00b3AO\u00b7UEI\u00b7\u00b7\u00a2\u00b5A\u00bf\u00a8I\u00a8A\u00aeo\u00a2\u00b7CAEoO\u00b5EIOA22-1536x1140.jpg 1536w, https:\/\/arttao.org\/wp-content\/uploads\/2025\/05\/EaI\u00bcIo_402502795_\u00beOAA\u00b3AO\u00b7UEI\u00b7\u00b7\u00a2\u00b5A\u00bf\u00a8I\u00a8A\u00aeo\u00a2\u00b7CAEoO\u00b5EIOA22-2048x1520.jpg 2048w\" sizes=\"auto, (max-width: 1024px) 100vw, 1024px\" \/><\/figure>\n\n\n\n<p class=\"\"><a href=\"https:\/\/arttao.org\/fr\/%e7%ac%ac%e4%ba%8c%e5%8d%81%e5%9b%9b%e8%af%be%ef%bc%9a%e5%86%b2%e5%8a%a8%e6%8e%a7%e5%88%b6%e9%9a%9c%e7%a2%8d%ef%bc%88%e7%ac%ac841%ef%bd%9e880%e8%af%be%ef%bc%89\/\" data-type=\"page\" data-id=\"12305\">Le\u00e7on 24\u00a0: Troubles du contr\u00f4le des impulsions (Le\u00e7ons 861-900)<\/a><\/p>\n\n\n\n<p class=\"has-small-font-size\">Le dysfonctionnement du contr\u00f4le est un trouble du comportement qui peut inclure une incapacit\u00e9 \u00e0 r\u00e9sister aux chocs, aux actions intenses et aux rappels ult\u00e9rieurs. Ce trouble peut se manifester par des acc\u00e8s de col\u00e8re, des comportements destructeurs ou une alimentation excessive, souvent caus\u00e9s par des d\u00e9s\u00e9quilibres \u00e9motionnels et cognitifs.<\/p>","protected":false},"excerpt":{"rendered":"<p>C. \u5f3a\u8feb\u4e0e\u51b2\u52a8\u95ee\u9898 \u7b2c\u5341\u4e5d\u8bfe\uff1a\u5f3a\u8feb\u75c7\u4e0e\u51b2\u52a8\u95ee\u9898\uff08\u7b2c681\uff5e720\u8bfe\uff09 \u5f3a\u8feb\u75c7\u662f\u4e00\u79cd\u4ee5\u53cd\u590d\u51fa\u73b0\u7684\u5f3a\u8feb\u8ba4\u77e5\u548c\u5f3a\u8feb [&hellip;]<\/p>\n","protected":false},"author":1,"featured_media":0,"parent":0,"menu_order":0,"comment_status":"closed","ping_status":"closed","template":"","meta":{"nf_dc_page":"","om_disable_all_campaigns":false,"_monsterinsights_skip_tracking":false,"_monsterinsights_sitenote_active":false,"_monsterinsights_sitenote_note":"","_monsterinsights_sitenote_category":0,"footnotes":""},"class_list":["post-481","page","type-page","status-publish","hentry"],"_links":{"self":[{"href":"https:\/\/arttao.org\/fr\/wp-json\/wp\/v2\/pages\/481","targetHints":{"allow":["GET"]}}],"collection":[{"href":"https:\/\/arttao.org\/fr\/wp-json\/wp\/v2\/pages"}],"about":[{"href":"https:\/\/arttao.org\/fr\/wp-json\/wp\/v2\/types\/page"}],"author":[{"embeddable":true,"href":"https:\/\/arttao.org\/fr\/wp-json\/wp\/v2\/users\/1"}],"replies":[{"embeddable":true,"href":"https:\/\/arttao.org\/fr\/wp-json\/wp\/v2\/comments?post=481"}],"version-history":[{"count":20,"href":"https:\/\/arttao.org\/fr\/wp-json\/wp\/v2\/pages\/481\/revisions"}],"predecessor-version":[{"id":14374,"href":"https:\/\/arttao.org\/fr\/wp-json\/wp\/v2\/pages\/481\/revisions\/14374"}],"wp:attachment":[{"href":"https:\/\/arttao.org\/fr\/wp-json\/wp\/v2\/media?parent=481"}],"curies":[{"name":"wp","href":"https:\/\/api.w.org\/{rel}","templated":true}]}}