{"id":487,"date":"2025-03-24T19:05:55","date_gmt":"2025-03-24T19:05:55","guid":{"rendered":"https:\/\/arttao.org\/?page_id=487"},"modified":"2025-11-27T08:00:48","modified_gmt":"2025-11-27T08:00:48","slug":"5-problemes-de-dysregulation-de-lhumeur","status":"publish","type":"page","link":"https:\/\/arttao.org\/fr\/%e4%ba%94-%e6%83%85%e7%bb%aa%e6%b3%a2%e5%8a%a8%e9%97%ae%e9%a2%98%ef%bc%88mood-dysregulation-issues%ef%bc%89\/","title":{"rendered":"E. Cours sur les probl\u00e8mes de sautes d&#039;humeur"},"content":{"rendered":"<p class=\"\"><\/p>\n\n\n\n<p class=\"\"><strong>E. Sautes d&#039;humeur &nbsp;<\/strong><\/p>\n\n\n\n<figure class=\"wp-block-image size-large is-resized\"><img loading=\"lazy\" decoding=\"async\" width=\"990\" height=\"1024\" src=\"https:\/\/arttao.org\/wp-content\/uploads\/2025\/05\/EaI\u00bcIo_402534020_I\u00b7EIODoU\u00b6aAE\u00afAAD\u00a1\u00a8\u00b5A\u00bf\u00a8I\u00a8A\u00aeo\u00a2\u00b7CAEoO\u00b5EIOA22-990x1024.jpg\" alt=\"\" class=\"wp-image-2992\" style=\"width:55px;height:auto\" srcset=\"https:\/\/arttao.org\/wp-content\/uploads\/2025\/05\/EaI\u00bcIo_402534020_I\u00b7EIODoU\u00b6aAE\u00afAAD\u00a1\u00a8\u00b5A\u00bf\u00a8I\u00a8A\u00aeo\u00a2\u00b7CAEoO\u00b5EIOA22-990x1024.jpg 990w, https:\/\/arttao.org\/wp-content\/uploads\/2025\/05\/EaI\u00bcIo_402534020_I\u00b7EIODoU\u00b6aAE\u00afAAD\u00a1\u00a8\u00b5A\u00bf\u00a8I\u00a8A\u00aeo\u00a2\u00b7CAEoO\u00b5EIOA22-290x300.jpg 290w, https:\/\/arttao.org\/wp-content\/uploads\/2025\/05\/EaI\u00bcIo_402534020_I\u00b7EIODoU\u00b6aAE\u00afAAD\u00a1\u00a8\u00b5A\u00bf\u00a8I\u00a8A\u00aeo\u00a2\u00b7CAEoO\u00b5EIOA22-768x794.jpg 768w, https:\/\/arttao.org\/wp-content\/uploads\/2025\/05\/EaI\u00bcIo_402534020_I\u00b7EIODoU\u00b6aAE\u00afAAD\u00a1\u00a8\u00b5A\u00bf\u00a8I\u00a8A\u00aeo\u00a2\u00b7CAEoO\u00b5EIOA22-1485x1536.jpg 1485w, https:\/\/arttao.org\/wp-content\/uploads\/2025\/05\/EaI\u00bcIo_402534020_I\u00b7EIODoU\u00b6aAE\u00afAAD\u00a1\u00a8\u00b5A\u00bf\u00a8I\u00a8A\u00aeo\u00a2\u00b7CAEoO\u00b5EIOA22-1980x2048.jpg 1980w\" sizes=\"auto, (max-width: 990px) 100vw, 990px\" \/><\/figure>\n\n\n\n<p class=\"\"><a href=\"https:\/\/arttao.org\/fr\/%e7%ac%ac%e4%b8%89%e5%8d%81%e4%ba%8c%e8%af%be%ef%bc%9a%e5%8f%8c%e7%9b%b8i%e5%9e%8b%e9%9a%9c%e7%a2%8d%ef%bc%88%e7%ac%ac1121%ef%bd%9e1160%e8%af%be%ef%bc%89\/\" data-type=\"page\" data-id=\"12504\">Le\u00e7on 32\u00a0:<strong>Trouble bipolaire de type I<\/strong>(Le\u00e7ons 1141-1180)<\/a><\/p>\n\n\n\n<p class=\"has-small-font-size\">Ce cours explique les caract\u00e9ristiques du trouble bipolaire de type I\u00a0: alternance de p\u00e9riodes maniaques et de d\u00e9pression s\u00e9v\u00e8re. Les \u00e9pisodes maniaques peuvent se caract\u00e9riser par un comportement impulsif, une estime de soi exag\u00e9r\u00e9e, un manque de sommeil et m\u00eame des sympt\u00f4mes psychotiques\u00a0; les \u00e9pisodes d\u00e9pressifs peuvent \u00eatre marqu\u00e9s par des d\u00e9pressions extr\u00eames. Ce cours vous aidera \u00e0 identifier ces sautes d&#039;humeur et vous proposera des strat\u00e9gies et un soutien cl\u00e9s pour maintenir votre \u00e9quilibre \u00e9motionnel.&nbsp;<\/p>\n\n\n\n<figure class=\"wp-block-image size-large is-resized\"><img loading=\"lazy\" decoding=\"async\" width=\"990\" height=\"1024\" src=\"https:\/\/arttao.org\/wp-content\/uploads\/2025\/05\/EaI\u00bcIo_402534020_I\u00b7EIODoU\u00b6aAE\u00afAAD\u00a1\u00a8\u00b5A\u00bf\u00a8I\u00a8A\u00aeo\u00a2\u00b7CAEoO\u00b5EIOA22-990x1024.jpg\" alt=\"\" class=\"wp-image-2992\" style=\"width:56px;height:auto\" srcset=\"https:\/\/arttao.org\/wp-content\/uploads\/2025\/05\/EaI\u00bcIo_402534020_I\u00b7EIODoU\u00b6aAE\u00afAAD\u00a1\u00a8\u00b5A\u00bf\u00a8I\u00a8A\u00aeo\u00a2\u00b7CAEoO\u00b5EIOA22-990x1024.jpg 990w, https:\/\/arttao.org\/wp-content\/uploads\/2025\/05\/EaI\u00bcIo_402534020_I\u00b7EIODoU\u00b6aAE\u00afAAD\u00a1\u00a8\u00b5A\u00bf\u00a8I\u00a8A\u00aeo\u00a2\u00b7CAEoO\u00b5EIOA22-290x300.jpg 290w, https:\/\/arttao.org\/wp-content\/uploads\/2025\/05\/EaI\u00bcIo_402534020_I\u00b7EIODoU\u00b6aAE\u00afAAD\u00a1\u00a8\u00b5A\u00bf\u00a8I\u00a8A\u00aeo\u00a2\u00b7CAEoO\u00b5EIOA22-768x794.jpg 768w, https:\/\/arttao.org\/wp-content\/uploads\/2025\/05\/EaI\u00bcIo_402534020_I\u00b7EIODoU\u00b6aAE\u00afAAD\u00a1\u00a8\u00b5A\u00bf\u00a8I\u00a8A\u00aeo\u00a2\u00b7CAEoO\u00b5EIOA22-1485x1536.jpg 1485w, https:\/\/arttao.org\/wp-content\/uploads\/2025\/05\/EaI\u00bcIo_402534020_I\u00b7EIODoU\u00b6aAE\u00afAAD\u00a1\u00a8\u00b5A\u00bf\u00a8I\u00a8A\u00aeo\u00a2\u00b7CAEoO\u00b5EIOA22-1980x2048.jpg 1980w\" sizes=\"auto, (max-width: 990px) 100vw, 990px\" \/><\/figure>\n\n\n\n<p class=\"\"><a href=\"https:\/\/arttao.org\/fr\/%e7%ac%ac%e4%b8%89%e5%8d%81%e4%b8%89%e8%af%be%ef%bc%9a%e5%8f%8c%e7%9b%b8ii%e5%9e%8b%e9%9a%9c%e7%a2%8d%ef%bc%88%e7%ac%ac1161%ef%bd%9e1200%e8%af%be%ef%bc%89\/\" data-type=\"page\" data-id=\"12506\">Le\u00e7on 33\u00a0:<strong>Trouble bipolaire de type II<\/strong>(Le\u00e7ons 1181-1220)<\/a><\/p>\n\n\n\n<p class=\"has-small-font-size\">Le trouble bipolaire de type II, caract\u00e9ris\u00e9 par une alternance d&#039;\u00e9pisodes d&#039;hypomanie (l\u00e9g\u00e8re excitation et hyperactivit\u00e9) et de d\u00e9pression, est souvent confondu avec des sautes d&#039;humeur intenses et passe inaper\u00e7u. Ce cours approfondira les principaux crit\u00e8res d&#039;identification, les impacts sur la vie et la r\u00e9gulation \u00e9motionnelle, aidant ainsi les personnes \u00e0 comprendre les difficult\u00e9s \u00e9motionnelles profondes qui se cachent derri\u00e8re des situations apparemment normales.<\/p>\n\n\n\n<figure class=\"wp-block-image size-large is-resized\"><img loading=\"lazy\" decoding=\"async\" width=\"990\" height=\"1024\" src=\"https:\/\/arttao.org\/wp-content\/uploads\/2025\/05\/EaI\u00bcIo_402534020_I\u00b7EIODoU\u00b6aAE\u00afAAD\u00a1\u00a8\u00b5A\u00bf\u00a8I\u00a8A\u00aeo\u00a2\u00b7CAEoO\u00b5EIOA22-990x1024.jpg\" alt=\"\" class=\"wp-image-2992\" style=\"width:53px;height:auto\" srcset=\"https:\/\/arttao.org\/wp-content\/uploads\/2025\/05\/EaI\u00bcIo_402534020_I\u00b7EIODoU\u00b6aAE\u00afAAD\u00a1\u00a8\u00b5A\u00bf\u00a8I\u00a8A\u00aeo\u00a2\u00b7CAEoO\u00b5EIOA22-990x1024.jpg 990w, https:\/\/arttao.org\/wp-content\/uploads\/2025\/05\/EaI\u00bcIo_402534020_I\u00b7EIODoU\u00b6aAE\u00afAAD\u00a1\u00a8\u00b5A\u00bf\u00a8I\u00a8A\u00aeo\u00a2\u00b7CAEoO\u00b5EIOA22-290x300.jpg 290w, https:\/\/arttao.org\/wp-content\/uploads\/2025\/05\/EaI\u00bcIo_402534020_I\u00b7EIODoU\u00b6aAE\u00afAAD\u00a1\u00a8\u00b5A\u00bf\u00a8I\u00a8A\u00aeo\u00a2\u00b7CAEoO\u00b5EIOA22-768x794.jpg 768w, https:\/\/arttao.org\/wp-content\/uploads\/2025\/05\/EaI\u00bcIo_402534020_I\u00b7EIODoU\u00b6aAE\u00afAAD\u00a1\u00a8\u00b5A\u00bf\u00a8I\u00a8A\u00aeo\u00a2\u00b7CAEoO\u00b5EIOA22-1485x1536.jpg 1485w, https:\/\/arttao.org\/wp-content\/uploads\/2025\/05\/EaI\u00bcIo_402534020_I\u00b7EIODoU\u00b6aAE\u00afAAD\u00a1\u00a8\u00b5A\u00bf\u00a8I\u00a8A\u00aeo\u00a2\u00b7CAEoO\u00b5EIOA22-1980x2048.jpg 1980w\" sizes=\"auto, (max-width: 990px) 100vw, 990px\" \/><\/figure>\n\n\n\n<p class=\"\"><a href=\"https:\/\/arttao.org\/fr\/lecon-34-troubles-de-lhumeur-cycliques-lecons-1201-1240\/\" data-type=\"page\" data-id=\"12508\">Le\u00e7on 34\u00a0:<strong>Cyclothyrose<\/strong>(Le\u00e7ons 1221-1260)<\/a><\/p>\n\n\n\n<p class=\"has-small-font-size\">Le trouble cyclothymique est un trouble chronique et persistant caract\u00e9ris\u00e9 par une alternance de p\u00e9riodes d&#039;hypomanie et de d\u00e9pression l\u00e9g\u00e8re. Bien que ces sautes d&#039;humeur ne soient pas comparables \u00e0 un trouble bipolaire, elles peuvent perturber votre \u00e9quilibre. Ce cours vous aidera \u00e0 comprendre les causes de ces sautes d&#039;humeur, \u00e0 suivre votre rythme et \u00e0 d\u00e9velopper des m\u00e9canismes de r\u00e9gulation pour att\u00e9nuer les frictions internes caus\u00e9es par ces fluctuations.<\/p>\n\n\n\n<figure class=\"wp-block-image size-large is-resized\"><img loading=\"lazy\" decoding=\"async\" width=\"990\" height=\"1024\" src=\"https:\/\/arttao.org\/wp-content\/uploads\/2025\/05\/EaI\u00bcIo_402534020_I\u00b7EIODoU\u00b6aAE\u00afAAD\u00a1\u00a8\u00b5A\u00bf\u00a8I\u00a8A\u00aeo\u00a2\u00b7CAEoO\u00b5EIOA22-990x1024.jpg\" alt=\"\" class=\"wp-image-2992\" style=\"width:56px;height:auto\" srcset=\"https:\/\/arttao.org\/wp-content\/uploads\/2025\/05\/EaI\u00bcIo_402534020_I\u00b7EIODoU\u00b6aAE\u00afAAD\u00a1\u00a8\u00b5A\u00bf\u00a8I\u00a8A\u00aeo\u00a2\u00b7CAEoO\u00b5EIOA22-990x1024.jpg 990w, https:\/\/arttao.org\/wp-content\/uploads\/2025\/05\/EaI\u00bcIo_402534020_I\u00b7EIODoU\u00b6aAE\u00afAAD\u00a1\u00a8\u00b5A\u00bf\u00a8I\u00a8A\u00aeo\u00a2\u00b7CAEoO\u00b5EIOA22-290x300.jpg 290w, https:\/\/arttao.org\/wp-content\/uploads\/2025\/05\/EaI\u00bcIo_402534020_I\u00b7EIODoU\u00b6aAE\u00afAAD\u00a1\u00a8\u00b5A\u00bf\u00a8I\u00a8A\u00aeo\u00a2\u00b7CAEoO\u00b5EIOA22-768x794.jpg 768w, https:\/\/arttao.org\/wp-content\/uploads\/2025\/05\/EaI\u00bcIo_402534020_I\u00b7EIODoU\u00b6aAE\u00afAAD\u00a1\u00a8\u00b5A\u00bf\u00a8I\u00a8A\u00aeo\u00a2\u00b7CAEoO\u00b5EIOA22-1485x1536.jpg 1485w, https:\/\/arttao.org\/wp-content\/uploads\/2025\/05\/EaI\u00bcIo_402534020_I\u00b7EIODoU\u00b6aAE\u00afAAD\u00a1\u00a8\u00b5A\u00bf\u00a8I\u00a8A\u00aeo\u00a2\u00b7CAEoO\u00b5EIOA22-1980x2048.jpg 1980w\" sizes=\"auto, (max-width: 990px) 100vw, 990px\" \/><\/figure>\n\n\n\n<p class=\"\"><a href=\"https:\/\/arttao.org\/fr\/lecon-35-trouble-de-la-personnalite-limite-lecons-1241-1280\/\" data-type=\"page\" data-id=\"12513\">Le\u00e7on trente-cinq :<strong>Trouble de la personnalit\u00e9 borderline<\/strong>(Le\u00e7ons 1261-1300)<\/a><\/p>\n\n\n\n<p class=\"has-small-font-size\">Le trouble de la personnalit\u00e9 limite se caract\u00e9rise par des sautes d&#039;humeur extr\u00eames, des relations interpersonnelles instables, une perception floue de soi et un comportement impulsif. La peur de l&#039;abandon entra\u00eene souvent des r\u00e9actions extr\u00eames. Ce cours vous aidera \u00e0 comprendre la nature des \u00e9motions limites, \u00e0 identifier la logique sous-jacente de l&#039;impulsivit\u00e9 et du vide, et \u00e0 acqu\u00e9rir des comp\u00e9tences en r\u00e9gulation \u00e9motionnelle et en d\u00e9finition de limites interpersonnelles.<\/p>\n\n\n\n<figure class=\"wp-block-image size-large is-resized\"><img loading=\"lazy\" decoding=\"async\" width=\"990\" height=\"1024\" src=\"https:\/\/arttao.org\/wp-content\/uploads\/2025\/05\/EaI\u00bcIo_402534020_I\u00b7EIODoU\u00b6aAE\u00afAAD\u00a1\u00a8\u00b5A\u00bf\u00a8I\u00a8A\u00aeo\u00a2\u00b7CAEoO\u00b5EIOA22-990x1024.jpg\" alt=\"\" class=\"wp-image-2992\" style=\"width:57px;height:auto\" srcset=\"https:\/\/arttao.org\/wp-content\/uploads\/2025\/05\/EaI\u00bcIo_402534020_I\u00b7EIODoU\u00b6aAE\u00afAAD\u00a1\u00a8\u00b5A\u00bf\u00a8I\u00a8A\u00aeo\u00a2\u00b7CAEoO\u00b5EIOA22-990x1024.jpg 990w, https:\/\/arttao.org\/wp-content\/uploads\/2025\/05\/EaI\u00bcIo_402534020_I\u00b7EIODoU\u00b6aAE\u00afAAD\u00a1\u00a8\u00b5A\u00bf\u00a8I\u00a8A\u00aeo\u00a2\u00b7CAEoO\u00b5EIOA22-290x300.jpg 290w, https:\/\/arttao.org\/wp-content\/uploads\/2025\/05\/EaI\u00bcIo_402534020_I\u00b7EIODoU\u00b6aAE\u00afAAD\u00a1\u00a8\u00b5A\u00bf\u00a8I\u00a8A\u00aeo\u00a2\u00b7CAEoO\u00b5EIOA22-768x794.jpg 768w, https:\/\/arttao.org\/wp-content\/uploads\/2025\/05\/EaI\u00bcIo_402534020_I\u00b7EIODoU\u00b6aAE\u00afAAD\u00a1\u00a8\u00b5A\u00bf\u00a8I\u00a8A\u00aeo\u00a2\u00b7CAEoO\u00b5EIOA22-1485x1536.jpg 1485w, https:\/\/arttao.org\/wp-content\/uploads\/2025\/05\/EaI\u00bcIo_402534020_I\u00b7EIODoU\u00b6aAE\u00afAAD\u00a1\u00a8\u00b5A\u00bf\u00a8I\u00a8A\u00aeo\u00a2\u00b7CAEoO\u00b5EIOA22-1980x2048.jpg 1980w\" sizes=\"auto, (max-width: 990px) 100vw, 990px\" \/><\/figure>\n\n\n\n<p class=\"\">\u00a0<a href=\"https:\/\/arttao.org\/fr\/lecon-36-troubles-de-lhumeur-perturbateurs-lecons-1281-1320\/\" data-type=\"page\" data-id=\"12515\">Le\u00e7on trente-six :<strong>Troubles de l&#039;humeur perturbateurs<\/strong>(Le\u00e7ons 1301-1340)<\/a><strong>\u00a0<\/strong><\/p>\n\n\n\n<p class=\"has-small-font-size\">Ce cours se concentre sur les crises \u00e9motionnelles s\u00e9v\u00e8res et l&#039;irritabilit\u00e9 chronique chez les enfants et les adolescents de 6 \u00e0 18 ans. Les troubles de l&#039;humeur perturbateurs se manifestent souvent par des crises de col\u00e8re fr\u00e9quentes et des r\u00e9actions intenses aux \u00e9v\u00e9nements du quotidien, ce qui impacte gravement les relations scolaires et familiales. Ce cours fournira des conseils pour identifier ces signaux, d\u00e9velopper des comp\u00e9tences de communication parent-enfant et des strat\u00e9gies apaisantes pour aider les enfants \u00e0 d\u00e9velopper leur r\u00e9silience \u00e9motionnelle.<\/p>","protected":false},"excerpt":{"rendered":"<p>E. \u60c5\u7eea\u6ce2\u52a8\u95ee\u9898 &nbsp; \u7b2c\u4e09\u5341\u4e8c\u8bfe\uff1a\u53cc\u76f8I\u578b\u969c\u788d\uff08\u7b2c1141\uff5e1180\u8bfe\uff09 \u672c\u8bfe\u89e3\u6790\u53cc\u76f8I\u578b\u969c\u788d\u7684\u5178 [&hellip;]<\/p>\n","protected":false},"author":1,"featured_media":0,"parent":0,"menu_order":0,"comment_status":"closed","ping_status":"closed","template":"","meta":{"nf_dc_page":"","om_disable_all_campaigns":false,"_monsterinsights_skip_tracking":false,"_monsterinsights_sitenote_active":false,"_monsterinsights_sitenote_note":"","_monsterinsights_sitenote_category":0,"footnotes":""},"class_list":["post-487","page","type-page","status-publish","hentry"],"_links":{"self":[{"href":"https:\/\/arttao.org\/fr\/wp-json\/wp\/v2\/pages\/487","targetHints":{"allow":["GET"]}}],"collection":[{"href":"https:\/\/arttao.org\/fr\/wp-json\/wp\/v2\/pages"}],"about":[{"href":"https:\/\/arttao.org\/fr\/wp-json\/wp\/v2\/types\/page"}],"author":[{"embeddable":true,"href":"https:\/\/arttao.org\/fr\/wp-json\/wp\/v2\/users\/1"}],"replies":[{"embeddable":true,"href":"https:\/\/arttao.org\/fr\/wp-json\/wp\/v2\/comments?post=487"}],"version-history":[{"count":18,"href":"https:\/\/arttao.org\/fr\/wp-json\/wp\/v2\/pages\/487\/revisions"}],"predecessor-version":[{"id":15069,"href":"https:\/\/arttao.org\/fr\/wp-json\/wp\/v2\/pages\/487\/revisions\/15069"}],"wp:attachment":[{"href":"https:\/\/arttao.org\/fr\/wp-json\/wp\/v2\/media?parent=487"}],"curies":[{"name":"wp","href":"https:\/\/api.w.org\/{rel}","templated":true}]}}