{"id":489,"date":"2025-03-24T19:07:20","date_gmt":"2025-03-24T19:07:20","guid":{"rendered":"https:\/\/arttao.org\/?page_id=489"},"modified":"2025-12-01T20:24:18","modified_gmt":"2025-12-01T20:24:18","slug":"6-problemes-de-sommeil-et-problemes-somatiques","status":"publish","type":"page","link":"https:\/\/arttao.org\/fr\/%e5%85%ad-%e7%9d%a1%e7%9c%a0%e4%b8%8e%e8%ba%af%e4%bd%93%e9%97%ae%e9%a2%98%ef%bc%88sleep-and-somatic-issues%ef%bc%89\/","title":{"rendered":"F. Cours sur le sommeil et les probl\u00e8mes physiques"},"content":{"rendered":"<p class=\"\">&nbsp;&nbsp;<\/p>\n\n\n\n<p class=\"\">&nbsp;&nbsp;<\/p>\n\n\n\n<p class=\"\"><strong>F. Cours sur le sommeil et les probl\u00e8mes physiques<\/strong><\/p>\n\n\n\n<figure class=\"wp-block-image size-large is-resized\"><img loading=\"lazy\" decoding=\"async\" width=\"1024\" height=\"824\" src=\"https:\/\/arttao.org\/wp-content\/uploads\/2025\/05\/EaI\u00bcIo_601553802_Aae\u00a8IEA\u00aeae_\u00b7CAEoO\u00b5EIOA22-1024x824.jpg\" alt=\"\" class=\"wp-image-2965\" style=\"width:68px;height:auto\" srcset=\"https:\/\/arttao.org\/wp-content\/uploads\/2025\/05\/EaI\u00bcIo_601553802_Aae\u00a8IEA\u00aeae_\u00b7CAEoO\u00b5EIOA22-1024x824.jpg 1024w, https:\/\/arttao.org\/wp-content\/uploads\/2025\/05\/EaI\u00bcIo_601553802_Aae\u00a8IEA\u00aeae_\u00b7CAEoO\u00b5EIOA22-300x241.jpg 300w, https:\/\/arttao.org\/wp-content\/uploads\/2025\/05\/EaI\u00bcIo_601553802_Aae\u00a8IEA\u00aeae_\u00b7CAEoO\u00b5EIOA22-768x618.jpg 768w, https:\/\/arttao.org\/wp-content\/uploads\/2025\/05\/EaI\u00bcIo_601553802_Aae\u00a8IEA\u00aeae_\u00b7CAEoO\u00b5EIOA22-1536x1236.jpg 1536w, https:\/\/arttao.org\/wp-content\/uploads\/2025\/05\/EaI\u00bcIo_601553802_Aae\u00a8IEA\u00aeae_\u00b7CAEoO\u00b5EIOA22-2048x1648.jpg 2048w\" sizes=\"auto, (max-width: 1024px) 100vw, 1024px\" \/><\/figure>\n\n\n\n<p class=\"\"><a href=\"https:\/\/arttao.org\/fr\/%e7%ac%ac%e4%b8%89%e5%8d%81%e4%b8%83%e8%af%be%ef%bc%9a%e5%a4%b1%e7%9c%a0%e9%9a%9c%e7%a2%8d%ef%bc%88%e7%ac%ac1321%ef%bd%9e1360%e8%af%be%ef%bc%89\/\" data-type=\"page\" data-id=\"12591\">Le\u00e7on 37 :<strong>Insomnie<\/strong>(Le\u00e7ons 1341-1380)<\/a><\/p>\n\n\n\n<p class=\"has-small-font-size\">Ce cours se concentre sur des probl\u00e9matiques telles que les difficult\u00e9s d&#039;endormissement, les r\u00e9veils nocturnes fr\u00e9quents et les r\u00e9veils pr\u00e9matur\u00e9s, en analysant les m\u00e9canismes sous-jacents \u00e0 l&#039;anxi\u00e9t\u00e9, au stress et aux troubles du rythme circadien. Les troubles du sommeil nuisent non seulement \u00e0 la r\u00e9cup\u00e9ration physique, mais peuvent \u00e9galement exacerber la d\u00e9tresse \u00e9motionnelle. Ce cours pr\u00e9sentera la th\u00e9rapie cognitivo-comportementale (TCC-I), la relaxation et l&#039;instauration d&#039;un rituel du coucher pour favoriser un sommeil de qualit\u00e9.&nbsp;<\/p>\n\n\n\n<figure class=\"wp-block-image size-large is-resized\"><img loading=\"lazy\" decoding=\"async\" width=\"1024\" height=\"824\" src=\"https:\/\/arttao.org\/wp-content\/uploads\/2025\/05\/EaI\u00bcIo_601553802_Aae\u00a8IEA\u00aeae_\u00b7CAEoO\u00b5EIOA22-1024x824.jpg\" alt=\"\" class=\"wp-image-2965\" style=\"width:67px;height:auto\" srcset=\"https:\/\/arttao.org\/wp-content\/uploads\/2025\/05\/EaI\u00bcIo_601553802_Aae\u00a8IEA\u00aeae_\u00b7CAEoO\u00b5EIOA22-1024x824.jpg 1024w, https:\/\/arttao.org\/wp-content\/uploads\/2025\/05\/EaI\u00bcIo_601553802_Aae\u00a8IEA\u00aeae_\u00b7CAEoO\u00b5EIOA22-300x241.jpg 300w, https:\/\/arttao.org\/wp-content\/uploads\/2025\/05\/EaI\u00bcIo_601553802_Aae\u00a8IEA\u00aeae_\u00b7CAEoO\u00b5EIOA22-768x618.jpg 768w, https:\/\/arttao.org\/wp-content\/uploads\/2025\/05\/EaI\u00bcIo_601553802_Aae\u00a8IEA\u00aeae_\u00b7CAEoO\u00b5EIOA22-1536x1236.jpg 1536w, https:\/\/arttao.org\/wp-content\/uploads\/2025\/05\/EaI\u00bcIo_601553802_Aae\u00a8IEA\u00aeae_\u00b7CAEoO\u00b5EIOA22-2048x1648.jpg 2048w\" sizes=\"auto, (max-width: 1024px) 100vw, 1024px\" \/><\/figure>\n\n\n\n<p class=\"\"><a href=\"https:\/\/arttao.org\/fr\/%e7%ac%ac%e4%b8%89%e5%8d%81%e5%85%ab%e8%af%be%ef%bc%9a%e5%97%9c%e7%9d%a1%e7%97%87%ef%bc%88%e7%ac%ac1361%ef%bd%9e1400%e8%af%be%ef%bc%89\/\" data-type=\"page\" data-id=\"12593\">Le\u00e7on 38 :<strong>narcolepsie<\/strong>(Le\u00e7ons 1381-1400)<\/a><\/p>\n\n\n\n<p class=\"has-small-font-size\">L&#039;hypersomnie se caract\u00e9rise par une somnolence diurne extr\u00eame et des difficult\u00e9s \u00e0 rester \u00e9veill\u00e9, potentiellement accompagn\u00e9es de sympt\u00f4mes tels que la cataplexie et la paralysie du sommeil. Ce cours vous aidera \u00e0 distinguer la \u00ab\u00a0fatigue d&#039;habitude\u00a0\u00bb de l&#039;\u00ab\u00a0hypersomnie neurog\u00e8ne\u00a0\u00bb, \u00e0 explorer les m\u00e9canismes neuronaux, les rythmes quotidiens et les proc\u00e9dures diagnostiques, et \u00e0 proposer des m\u00e9thodes d&#039;adaptation et des suggestions d&#039;hygi\u00e8ne de vie pour am\u00e9liorer votre sommeil diurne.<\/p>\n\n\n\n<figure class=\"wp-block-image size-large is-resized\"><img loading=\"lazy\" decoding=\"async\" width=\"1024\" height=\"824\" src=\"https:\/\/arttao.org\/wp-content\/uploads\/2025\/05\/EaI\u00bcIo_601553802_Aae\u00a8IEA\u00aeae_\u00b7CAEoO\u00b5EIOA22-1024x824.jpg\" alt=\"\" class=\"wp-image-2965\" style=\"width:62px;height:auto\" srcset=\"https:\/\/arttao.org\/wp-content\/uploads\/2025\/05\/EaI\u00bcIo_601553802_Aae\u00a8IEA\u00aeae_\u00b7CAEoO\u00b5EIOA22-1024x824.jpg 1024w, https:\/\/arttao.org\/wp-content\/uploads\/2025\/05\/EaI\u00bcIo_601553802_Aae\u00a8IEA\u00aeae_\u00b7CAEoO\u00b5EIOA22-300x241.jpg 300w, https:\/\/arttao.org\/wp-content\/uploads\/2025\/05\/EaI\u00bcIo_601553802_Aae\u00a8IEA\u00aeae_\u00b7CAEoO\u00b5EIOA22-768x618.jpg 768w, https:\/\/arttao.org\/wp-content\/uploads\/2025\/05\/EaI\u00bcIo_601553802_Aae\u00a8IEA\u00aeae_\u00b7CAEoO\u00b5EIOA22-1536x1236.jpg 1536w, https:\/\/arttao.org\/wp-content\/uploads\/2025\/05\/EaI\u00bcIo_601553802_Aae\u00a8IEA\u00aeae_\u00b7CAEoO\u00b5EIOA22-2048x1648.jpg 2048w\" sizes=\"auto, (max-width: 1024px) 100vw, 1024px\" \/><\/figure>\n\n\n\n<p class=\"\"><a href=\"https:\/\/arttao.org\/fr\/%e7%ac%ac%e4%b8%89%e5%8d%81%e4%b9%9d%e8%af%be%ef%bc%9a%e8%ba%af%e4%bd%93%e7%97%87%e7%8a%b6%e9%9a%9c%e7%a2%8d%ef%bc%88%e7%ac%ac1401%ef%bd%9e1440%e8%af%be%ef%bc%89\/\" data-type=\"page\" data-id=\"12595\">Le\u00e7on 39 :<strong>Trouble \u00e0 sympt\u00f4mes somatiques<\/strong>(Le\u00e7ons 1401-1440)<\/a><\/p>\n\n\n\n<p class=\"has-small-font-size\">Ce cours aborde les pr\u00e9occupations persistantes et intenses li\u00e9es \u00e0 la douleur, \u00e0 la fatigue, aux sympt\u00f4mes gastro-intestinaux et autres, qui entra\u00eenent souvent des consultations m\u00e9dicales fr\u00e9quentes et des limitations fonctionnelles, malgr\u00e9 des examens m\u00e9dicaux r\u00e9guliers. L&#039;accent est mis sur l&#039;identification des m\u00e9canismes par lesquels les \u00e9motions se traduisent en langage corporel, en proposant un entra\u00eenement cognitif \u00e9motionnel et des strat\u00e9gies de coordination corps-esprit pour all\u00e9ger la charge sur le corps et l&#039;esprit.<\/p>\n\n\n\n<figure class=\"wp-block-image size-large is-resized\"><img loading=\"lazy\" decoding=\"async\" width=\"1024\" height=\"824\" src=\"https:\/\/arttao.org\/wp-content\/uploads\/2025\/05\/EaI\u00bcIo_601553802_Aae\u00a8IEA\u00aeae_\u00b7CAEoO\u00b5EIOA22-1024x824.jpg\" alt=\"\" class=\"wp-image-2965\" style=\"width:67px;height:auto\" srcset=\"https:\/\/arttao.org\/wp-content\/uploads\/2025\/05\/EaI\u00bcIo_601553802_Aae\u00a8IEA\u00aeae_\u00b7CAEoO\u00b5EIOA22-1024x824.jpg 1024w, https:\/\/arttao.org\/wp-content\/uploads\/2025\/05\/EaI\u00bcIo_601553802_Aae\u00a8IEA\u00aeae_\u00b7CAEoO\u00b5EIOA22-300x241.jpg 300w, https:\/\/arttao.org\/wp-content\/uploads\/2025\/05\/EaI\u00bcIo_601553802_Aae\u00a8IEA\u00aeae_\u00b7CAEoO\u00b5EIOA22-768x618.jpg 768w, https:\/\/arttao.org\/wp-content\/uploads\/2025\/05\/EaI\u00bcIo_601553802_Aae\u00a8IEA\u00aeae_\u00b7CAEoO\u00b5EIOA22-1536x1236.jpg 1536w, https:\/\/arttao.org\/wp-content\/uploads\/2025\/05\/EaI\u00bcIo_601553802_Aae\u00a8IEA\u00aeae_\u00b7CAEoO\u00b5EIOA22-2048x1648.jpg 2048w\" sizes=\"auto, (max-width: 1024px) 100vw, 1024px\" \/><\/figure>\n\n\n\n<p class=\"\"><a href=\"https:\/\/arttao.org\/fr\/%e7%ac%ac%e5%9b%9b%e5%8d%81%e8%af%be%ef%bc%9a%e7%96%be%e7%97%85%e7%84%a6%e8%99%91%e9%9a%9c%e7%a2%8d%ef%bc%88%e7%ac%ac1441%ef%bd%9e1480%e8%af%be%ef%bc%89\/\" data-type=\"page\" data-id=\"12597\">Le\u00e7on 40 :<strong>trouble d&#039;anxi\u00e9t\u00e9 li\u00e9 \u00e0 la maladie<\/strong>(Le\u00e7ons 1441-1480)<\/a><\/p>\n\n\n\n<p class=\"has-small-font-size\">Le trouble anxieux li\u00e9 \u00e0 la maladie se manifeste par une peur persistante de la maladie, source constante d&#039;anxi\u00e9t\u00e9 malgr\u00e9 l&#039;absence de preuves m\u00e9dicales av\u00e9r\u00e9es. Les personnes concern\u00e9es se livrent souvent \u00e0 des examens m\u00e9dicaux r\u00e9p\u00e9t\u00e9s, \u00e0 des autodiagnostics en ligne et se focalisent excessivement sur leurs sensations corporelles. Ce cours aidera \u00e0 identifier les \u00ab\u00a0pens\u00e9es catastrophiques\u00a0\u00bb et les \u00ab\u00a0compulsions li\u00e9es \u00e0 la sant\u00e9\u00a0\u00bb et, gr\u00e2ce \u00e0 une restructuration cognitive et \u00e0 un entra\u00eenement \u00e0 l&#039;exposition, \u00e0 att\u00e9nuer progressivement la peur de la maladie.<\/p>\n\n\n\n<figure class=\"wp-block-image size-large is-resized\"><img loading=\"lazy\" decoding=\"async\" width=\"1024\" height=\"824\" src=\"https:\/\/arttao.org\/wp-content\/uploads\/2025\/05\/EaI\u00bcIo_601553802_Aae\u00a8IEA\u00aeae_\u00b7CAEoO\u00b5EIOA22-1024x824.jpg\" alt=\"\" class=\"wp-image-2965\" style=\"width:67px;height:auto\" srcset=\"https:\/\/arttao.org\/wp-content\/uploads\/2025\/05\/EaI\u00bcIo_601553802_Aae\u00a8IEA\u00aeae_\u00b7CAEoO\u00b5EIOA22-1024x824.jpg 1024w, https:\/\/arttao.org\/wp-content\/uploads\/2025\/05\/EaI\u00bcIo_601553802_Aae\u00a8IEA\u00aeae_\u00b7CAEoO\u00b5EIOA22-300x241.jpg 300w, https:\/\/arttao.org\/wp-content\/uploads\/2025\/05\/EaI\u00bcIo_601553802_Aae\u00a8IEA\u00aeae_\u00b7CAEoO\u00b5EIOA22-768x618.jpg 768w, https:\/\/arttao.org\/wp-content\/uploads\/2025\/05\/EaI\u00bcIo_601553802_Aae\u00a8IEA\u00aeae_\u00b7CAEoO\u00b5EIOA22-1536x1236.jpg 1536w, https:\/\/arttao.org\/wp-content\/uploads\/2025\/05\/EaI\u00bcIo_601553802_Aae\u00a8IEA\u00aeae_\u00b7CAEoO\u00b5EIOA22-2048x1648.jpg 2048w\" sizes=\"auto, (max-width: 1024px) 100vw, 1024px\" \/><\/figure>\n\n\n\n<p class=\"\"><a href=\"https:\/\/arttao.org\/fr\/%e7%ac%ac%e5%9b%9b%e5%8d%81%e4%b8%80%e8%af%be%ef%bc%9a%e8%bd%ac%e6%8d%a2%e9%9a%9c%e7%a2%8d%ef%bc%88%e7%ac%ac1481%ef%bd%9e1520%e8%af%be%ef%bc%89\/\" data-type=\"page\" data-id=\"12599\">Le\u00e7on 41 :<strong>Trouble de conversion<\/strong>(Le\u00e7ons 1481-1520)<\/a><\/p>\n\n\n\n<p class=\"has-small-font-size\">Le trouble de conversion est une r\u00e9action o\u00f9 les conflits psychologiques se transforment en sympt\u00f4mes physiques, se manifestant par une aphasie, une paralysie, des convulsions et une c\u00e9cit\u00e9, sans que les examens m\u00e9dicaux ne r\u00e9v\u00e8lent de pathologie sous-jacente. Il est souvent associ\u00e9 \u00e0 un traumatisme et \u00e0 des \u00e9motions refoul\u00e9es. Ce cours permettra de mieux comprendre le m\u00e9canisme subconscient d&#039;expression alternative et proposera des pistes pour un accompagnement \u00e9motionnel et une intervention psychocorporelle simultan\u00e9e.<\/p>","protected":false},"excerpt":{"rendered":"<p>&nbsp;&nbsp; &nbsp;&nbsp; F. \u7761\u7720\u4e0e\u8eaf\u4f53\u95ee\u9898 \u8bfe\u7a0b \u7b2c\u4e09\u5341\u4e03\u8bfe\uff1a\u5931\u7720\u969c\u788d\uff08\u7b2c134 [&hellip;]<\/p>\n","protected":false},"author":1,"featured_media":0,"parent":0,"menu_order":0,"comment_status":"closed","ping_status":"closed","template":"","meta":{"nf_dc_page":"","om_disable_all_campaigns":false,"_monsterinsights_skip_tracking":false,"_monsterinsights_sitenote_active":false,"_monsterinsights_sitenote_note":"","_monsterinsights_sitenote_category":0,"footnotes":""},"class_list":["post-489","page","type-page","status-publish","hentry"],"_links":{"self":[{"href":"https:\/\/arttao.org\/fr\/wp-json\/wp\/v2\/pages\/489","targetHints":{"allow":["GET"]}}],"collection":[{"href":"https:\/\/arttao.org\/fr\/wp-json\/wp\/v2\/pages"}],"about":[{"href":"https:\/\/arttao.org\/fr\/wp-json\/wp\/v2\/types\/page"}],"author":[{"embeddable":true,"href":"https:\/\/arttao.org\/fr\/wp-json\/wp\/v2\/users\/1"}],"replies":[{"embeddable":true,"href":"https:\/\/arttao.org\/fr\/wp-json\/wp\/v2\/comments?post=489"}],"version-history":[{"count":14,"href":"https:\/\/arttao.org\/fr\/wp-json\/wp\/v2\/pages\/489\/revisions"}],"predecessor-version":[{"id":15575,"href":"https:\/\/arttao.org\/fr\/wp-json\/wp\/v2\/pages\/489\/revisions\/15575"}],"wp:attachment":[{"href":"https:\/\/arttao.org\/fr\/wp-json\/wp\/v2\/media?parent=489"}],"curies":[{"name":"wp","href":"https:\/\/api.w.org\/{rel}","templated":true}]}}