{"id":491,"date":"2025-03-24T19:09:00","date_gmt":"2025-03-24T19:09:00","guid":{"rendered":"https:\/\/arttao.org\/?page_id=491"},"modified":"2025-11-12T06:48:28","modified_gmt":"2025-11-12T06:48:28","slug":"7-problemes-de-toxicomanie-et-de-dependance","status":"publish","type":"page","link":"https:\/\/arttao.org\/fr\/%e4%b8%83-%e4%be%9d%e8%b5%96%e4%b8%8e%e6%88%90%e7%98%be%e9%97%ae%e9%a2%98%ef%bc%88substance-and-addiction-issues%ef%bc%89\/","title":{"rendered":"G. D\u00e9pendance et addiction - Cours"},"content":{"rendered":"<p class=\"\"><\/p>\n\n\n\n<p class=\"\">G. <strong>Probl\u00e8mes de d\u00e9pendance et d&#039;addiction<\/strong><\/p>\n\n\n\n<p class=\"\">&nbsp;&nbsp;<\/p>\n\n\n\n<figure class=\"wp-block-image size-large is-resized\"><img loading=\"lazy\" decoding=\"async\" width=\"1024\" height=\"923\" src=\"https:\/\/arttao.org\/wp-content\/uploads\/2025\/05\/EaI\u00bcIo_601335144_\u00a8\u00b6aOD\u00b5A\u00bfE\u00b0\u00aeA\u00aeo\u00a2\u00b7CAEoO\u00b5EIOA22-1024x923.jpg\" alt=\"\" class=\"wp-image-2962\" style=\"width:60px;height:auto\" srcset=\"https:\/\/arttao.org\/wp-content\/uploads\/2025\/05\/EaI\u00bcIo_601335144_\u00a8\u00b6aOD\u00b5A\u00bfE\u00b0\u00aeA\u00aeo\u00a2\u00b7CAEoO\u00b5EIOA22-1024x923.jpg 1024w, https:\/\/arttao.org\/wp-content\/uploads\/2025\/05\/EaI\u00bcIo_601335144_\u00a8\u00b6aOD\u00b5A\u00bfE\u00b0\u00aeA\u00aeo\u00a2\u00b7CAEoO\u00b5EIOA22-300x270.jpg 300w, https:\/\/arttao.org\/wp-content\/uploads\/2025\/05\/EaI\u00bcIo_601335144_\u00a8\u00b6aOD\u00b5A\u00bfE\u00b0\u00aeA\u00aeo\u00a2\u00b7CAEoO\u00b5EIOA22-768x692.jpg 768w, https:\/\/arttao.org\/wp-content\/uploads\/2025\/05\/EaI\u00bcIo_601335144_\u00a8\u00b6aOD\u00b5A\u00bfE\u00b0\u00aeA\u00aeo\u00a2\u00b7CAEoO\u00b5EIOA22-1536x1384.jpg 1536w, https:\/\/arttao.org\/wp-content\/uploads\/2025\/05\/EaI\u00bcIo_601335144_\u00a8\u00b6aOD\u00b5A\u00bfE\u00b0\u00aeA\u00aeo\u00a2\u00b7CAEoO\u00b5EIOA22-2048x1846.jpg 2048w\" sizes=\"auto, (max-width: 1024px) 100vw, 1024px\" \/><\/figure>\n\n\n\n<p class=\"\"><a href=\"https:\/\/arttao.org\/fr\/%e7%ac%ac%e5%9b%9b%e5%8d%81%e4%ba%8c%e8%af%be%ef%bc%9a%e9%85%92%e7%b2%be%e4%bd%bf%e7%94%a8%e9%9a%9c%e7%a2%8d%ef%bc%88%e7%ac%ac1521%ef%bd%9e1540%e8%af%be%ef%bc%89\/\" data-type=\"page\" data-id=\"12674\">Le\u00e7on 42\u00a0:<strong>trouble li\u00e9 \u00e0 l&#039;usage d&#039;alcool<\/strong>(Le\u00e7ons 1521-1540)<\/a><\/p>\n\n\n\n<p class=\"has-small-font-size\">Le trouble li\u00e9 \u00e0 la consommation d&#039;alcool se caract\u00e9rise par une consommation persistante, des difficult\u00e9s \u00e0 s&#039;arr\u00eater et une perte de contr\u00f4le, conduisant souvent \u00e0 une r\u00e9ticence \u00e0 arr\u00eater malgr\u00e9 les cons\u00e9quences sur la sant\u00e9 et le bien-\u00eatre. Ce cours analysera les m\u00e9canismes de d\u00e9pendance, les d\u00e9clencheurs \u00e9motionnels et les id\u00e9es re\u00e7ues, aidant \u00e0 comprendre comment l&#039;alcool peut devenir un outil d&#039;auto-anesth\u00e9sie. Il proposera \u00e9galement des ajustements psychologiques et des strat\u00e9gies de sevrage.<\/p>\n\n\n\n<figure class=\"wp-block-image size-large is-resized\"><img loading=\"lazy\" decoding=\"async\" width=\"1024\" height=\"923\" src=\"https:\/\/arttao.org\/wp-content\/uploads\/2025\/05\/EaI\u00bcIo_601335144_\u00a8\u00b6aOD\u00b5A\u00bfE\u00b0\u00aeA\u00aeo\u00a2\u00b7CAEoO\u00b5EIOA22-1024x923.jpg\" alt=\"\" class=\"wp-image-2962\" style=\"width:59px;height:auto\" srcset=\"https:\/\/arttao.org\/wp-content\/uploads\/2025\/05\/EaI\u00bcIo_601335144_\u00a8\u00b6aOD\u00b5A\u00bfE\u00b0\u00aeA\u00aeo\u00a2\u00b7CAEoO\u00b5EIOA22-1024x923.jpg 1024w, https:\/\/arttao.org\/wp-content\/uploads\/2025\/05\/EaI\u00bcIo_601335144_\u00a8\u00b6aOD\u00b5A\u00bfE\u00b0\u00aeA\u00aeo\u00a2\u00b7CAEoO\u00b5EIOA22-300x270.jpg 300w, https:\/\/arttao.org\/wp-content\/uploads\/2025\/05\/EaI\u00bcIo_601335144_\u00a8\u00b6aOD\u00b5A\u00bfE\u00b0\u00aeA\u00aeo\u00a2\u00b7CAEoO\u00b5EIOA22-768x692.jpg 768w, https:\/\/arttao.org\/wp-content\/uploads\/2025\/05\/EaI\u00bcIo_601335144_\u00a8\u00b6aOD\u00b5A\u00bfE\u00b0\u00aeA\u00aeo\u00a2\u00b7CAEoO\u00b5EIOA22-1536x1384.jpg 1536w, https:\/\/arttao.org\/wp-content\/uploads\/2025\/05\/EaI\u00bcIo_601335144_\u00a8\u00b6aOD\u00b5A\u00bfE\u00b0\u00aeA\u00aeo\u00a2\u00b7CAEoO\u00b5EIOA22-2048x1846.jpg 2048w\" sizes=\"auto, (max-width: 1024px) 100vw, 1024px\" \/><\/figure>\n\n\n\n<p class=\"\"><a href=\"https:\/\/arttao.org\/fr\/%e7%ac%ac%e5%9b%9b%e5%8d%81%e4%b8%89%e8%af%be%ef%bc%9a%e7%89%a9%e8%b4%a8%e4%bd%bf%e7%94%a8%e9%9a%9c%e7%a2%8d%ef%bc%88%e7%ac%ac1541%ef%bd%9e1560%e8%af%be%ef%bc%89\/\" data-type=\"page\" data-id=\"12676\">Le\u00e7on 43 :<strong>Trouble li\u00e9 \u00e0 l&#039;usage de substances (par exemple, d\u00e9pendance aux drogues ou aux tranquillisants)<\/strong>(Le\u00e7ons 1541-1560)<\/a>)<\/p>\n\n\n\n<p class=\"has-small-font-size\">Ce cours se concentre sur les probl\u00e8mes psychologiques et comportementaux caus\u00e9s par la toxicomanie, notamment les drogues, les m\u00e9dicaments sur ordonnance et les s\u00e9datifs. Les troubles li\u00e9s \u00e0 la consommation de substances nuisent non seulement \u00e0 l&#039;organisme, mais perturbent \u00e9galement profond\u00e9ment le fonctionnement \u00e9motionnel et cognitif. Ce cours aidera \u00e0 identifier les cycles addictifs, les sch\u00e9mas d\u00e9clencheurs et les m\u00e9canismes de substitution psychologique, et sera compl\u00e9t\u00e9 par un accompagnement au r\u00e9tablissement et une formation \u00e0 la pr\u00e9vention des rechutes.<\/p>\n\n\n\n<figure class=\"wp-block-image size-large is-resized\"><img loading=\"lazy\" decoding=\"async\" width=\"1024\" height=\"923\" src=\"https:\/\/arttao.org\/wp-content\/uploads\/2025\/05\/EaI\u00bcIo_601335144_\u00a8\u00b6aOD\u00b5A\u00bfE\u00b0\u00aeA\u00aeo\u00a2\u00b7CAEoO\u00b5EIOA22-1024x923.jpg\" alt=\"\" class=\"wp-image-2962\" style=\"width:62px;height:auto\" srcset=\"https:\/\/arttao.org\/wp-content\/uploads\/2025\/05\/EaI\u00bcIo_601335144_\u00a8\u00b6aOD\u00b5A\u00bfE\u00b0\u00aeA\u00aeo\u00a2\u00b7CAEoO\u00b5EIOA22-1024x923.jpg 1024w, https:\/\/arttao.org\/wp-content\/uploads\/2025\/05\/EaI\u00bcIo_601335144_\u00a8\u00b6aOD\u00b5A\u00bfE\u00b0\u00aeA\u00aeo\u00a2\u00b7CAEoO\u00b5EIOA22-300x270.jpg 300w, https:\/\/arttao.org\/wp-content\/uploads\/2025\/05\/EaI\u00bcIo_601335144_\u00a8\u00b6aOD\u00b5A\u00bfE\u00b0\u00aeA\u00aeo\u00a2\u00b7CAEoO\u00b5EIOA22-768x692.jpg 768w, https:\/\/arttao.org\/wp-content\/uploads\/2025\/05\/EaI\u00bcIo_601335144_\u00a8\u00b6aOD\u00b5A\u00bfE\u00b0\u00aeA\u00aeo\u00a2\u00b7CAEoO\u00b5EIOA22-1536x1384.jpg 1536w, https:\/\/arttao.org\/wp-content\/uploads\/2025\/05\/EaI\u00bcIo_601335144_\u00a8\u00b6aOD\u00b5A\u00bfE\u00b0\u00aeA\u00aeo\u00a2\u00b7CAEoO\u00b5EIOA22-2048x1846.jpg 2048w\" sizes=\"auto, (max-width: 1024px) 100vw, 1024px\" \/><\/figure>\n\n\n\n<p class=\"\"><a href=\"https:\/\/arttao.org\/fr\/%e7%ac%ac%e5%9b%9b%e5%8d%81%e5%9b%9b%e8%af%be%ef%bc%9a%e8%b5%8c%e5%8d%9a%e9%9a%9c%e7%a2%8d%ef%bc%88%e7%ac%ac1561%ef%bd%9e1580%e8%af%be%ef%bc%89\/\" data-type=\"page\" data-id=\"12678\">Le\u00e7on 44 :<strong>Trouble du jeu<\/strong>(Le\u00e7ons 1561-1580)<\/a><\/p>\n\n\n\n<p class=\"has-small-font-size\">Le trouble du jeu est une d\u00e9pendance non li\u00e9e \u00e0 une substance, caract\u00e9ris\u00e9e par des compulsions incontr\u00f4lables \u00e0 jouer, malgr\u00e9 de graves cons\u00e9quences financi\u00e8res, interpersonnelles ou \u00e9motionnelles. Ce cours explorera la d\u00e9r\u00e9gulation des prises de d\u00e9cisions risqu\u00e9es, du syst\u00e8me de r\u00e9compense c\u00e9r\u00e9bral et de l&#039;\u00e9vitement \u00e9motionnel, en proposant des pistes d&#039;intervention cognitive, de restriction comportementale et de changement positif.<\/p>\n\n\n\n<figure class=\"wp-block-image size-large is-resized\"><img loading=\"lazy\" decoding=\"async\" width=\"1024\" height=\"923\" src=\"https:\/\/arttao.org\/wp-content\/uploads\/2025\/05\/EaI\u00bcIo_601335144_\u00a8\u00b6aOD\u00b5A\u00bfE\u00b0\u00aeA\u00aeo\u00a2\u00b7CAEoO\u00b5EIOA22-1024x923.jpg\" alt=\"\" class=\"wp-image-2962\" style=\"width:65px;height:auto\" srcset=\"https:\/\/arttao.org\/wp-content\/uploads\/2025\/05\/EaI\u00bcIo_601335144_\u00a8\u00b6aOD\u00b5A\u00bfE\u00b0\u00aeA\u00aeo\u00a2\u00b7CAEoO\u00b5EIOA22-1024x923.jpg 1024w, https:\/\/arttao.org\/wp-content\/uploads\/2025\/05\/EaI\u00bcIo_601335144_\u00a8\u00b6aOD\u00b5A\u00bfE\u00b0\u00aeA\u00aeo\u00a2\u00b7CAEoO\u00b5EIOA22-300x270.jpg 300w, https:\/\/arttao.org\/wp-content\/uploads\/2025\/05\/EaI\u00bcIo_601335144_\u00a8\u00b6aOD\u00b5A\u00bfE\u00b0\u00aeA\u00aeo\u00a2\u00b7CAEoO\u00b5EIOA22-768x692.jpg 768w, https:\/\/arttao.org\/wp-content\/uploads\/2025\/05\/EaI\u00bcIo_601335144_\u00a8\u00b6aOD\u00b5A\u00bfE\u00b0\u00aeA\u00aeo\u00a2\u00b7CAEoO\u00b5EIOA22-1536x1384.jpg 1536w, https:\/\/arttao.org\/wp-content\/uploads\/2025\/05\/EaI\u00bcIo_601335144_\u00a8\u00b6aOD\u00b5A\u00bfE\u00b0\u00aeA\u00aeo\u00a2\u00b7CAEoO\u00b5EIOA22-2048x1846.jpg 2048w\" sizes=\"auto, (max-width: 1024px) 100vw, 1024px\" \/><\/figure>\n\n\n\n<p class=\"\"><a href=\"https:\/\/arttao.org\/fr\/%e7%ac%ac%e5%9b%9b%e5%8d%81%e4%ba%94%e8%af%be%ef%bc%9a%e7%bd%91%e7%bb%9c%e6%88%90%e7%98%be%ef%bc%88%e7%ac%ac1581%ef%bd%9e1600%e8%af%be%ef%bc%89\/\" data-type=\"page\" data-id=\"12680\">Le\u00e7on 45 :<strong>D\u00e9pendance \u00e0 Internet \u2013 D\u00e9pendance \u00e0 Internet ou aux jeux<\/strong>(Le\u00e7ons 1581-1600)<\/a>\u00a0<\/p>\n\n\n\n<p class=\"has-small-font-size\">La d\u00e9pendance \u00e0 Internet se manifeste souvent par une obsession pour les jeux, les r\u00e9seaux sociaux ou les courtes vid\u00e9os, entra\u00eenant une perte de ma\u00eetrise de soi et une tendance \u00e0 fuir la r\u00e9alit\u00e9, accompagn\u00e9es d&#039;anxi\u00e9t\u00e9, de distraction et de troubles du sommeil et du repos. Ce cours analysera comment Internet stimule le syst\u00e8me de r\u00e9compense du cerveau, contribuant \u00e0 restaurer le rythme, l&#039;autodiscipline et un sentiment d&#039;engagement avec la r\u00e9alit\u00e9. Il proposera \u00e9galement des solutions comportementales et des strat\u00e9gies de d\u00e9sintoxication num\u00e9rique.<\/p>","protected":false},"excerpt":{"rendered":"<p>G. \u4f9d\u8d56\u4e0e\u6210\u763e\u95ee\u9898 &nbsp;&nbsp; \u7b2c\u56db\u5341\u4e8c\u8bfe\uff1a\u9152\u7cbe\u4f7f\u7528\u969c\u788d\uff08\u7b2c1521\uff5e1540\u8bfe\uff09 \u9152\u7cbe\u4f7f\u7528\u969c [&hellip;]<\/p>\n","protected":false},"author":1,"featured_media":0,"parent":0,"menu_order":0,"comment_status":"closed","ping_status":"closed","template":"","meta":{"nf_dc_page":"","om_disable_all_campaigns":false,"_monsterinsights_skip_tracking":false,"_monsterinsights_sitenote_active":false,"_monsterinsights_sitenote_note":"","_monsterinsights_sitenote_category":0,"footnotes":""},"class_list":["post-491","page","type-page","status-publish","hentry"],"_links":{"self":[{"href":"https:\/\/arttao.org\/fr\/wp-json\/wp\/v2\/pages\/491","targetHints":{"allow":["GET"]}}],"collection":[{"href":"https:\/\/arttao.org\/fr\/wp-json\/wp\/v2\/pages"}],"about":[{"href":"https:\/\/arttao.org\/fr\/wp-json\/wp\/v2\/types\/page"}],"author":[{"embeddable":true,"href":"https:\/\/arttao.org\/fr\/wp-json\/wp\/v2\/users\/1"}],"replies":[{"embeddable":true,"href":"https:\/\/arttao.org\/fr\/wp-json\/wp\/v2\/comments?post=491"}],"version-history":[{"count":14,"href":"https:\/\/arttao.org\/fr\/wp-json\/wp\/v2\/pages\/491\/revisions"}],"predecessor-version":[{"id":12686,"href":"https:\/\/arttao.org\/fr\/wp-json\/wp\/v2\/pages\/491\/revisions\/12686"}],"wp:attachment":[{"href":"https:\/\/arttao.org\/fr\/wp-json\/wp\/v2\/media?parent=491"}],"curies":[{"name":"wp","href":"https:\/\/api.w.org\/{rel}","templated":true}]}}