{"id":650,"date":"2025-03-26T04:31:15","date_gmt":"2025-03-26T04:31:15","guid":{"rendered":"https:\/\/arttao.org\/?page_id=650"},"modified":"2025-09-29T01:20:40","modified_gmt":"2025-09-29T01:20:40","slug":"4-problemes-lies-aux-traumatismes-et-au-stress-2","status":"publish","type":"page","link":"https:\/\/arttao.org\/fr\/%e5%9b%9b-%e5%88%9b%e4%bc%a4%e4%b8%8e%e5%ba%94%e6%bf%80%e9%97%ae%e9%a2%98%ef%bc%88trauma-and-stress-related-issues%ef%bc%89-2\/","title":{"rendered":"D. Probl\u00e8mes de traumatisme et de stress"},"content":{"rendered":"<p class=\"\"><\/p>\n\n\n\n<p class=\"\"><\/p>\n\n\n\n<p class=\"\"><\/p>\n\n\n\n<figure class=\"wp-block-image size-large is-resized\"><img loading=\"lazy\" decoding=\"async\" width=\"1024\" height=\"725\" src=\"https:\/\/arttao.org\/wp-content\/uploads\/2025\/05\/EaI\u00bcIo_402498526_AEAthI\u00a8AAAIAE\u00b2EA\u00aeo\u00a2\u00b7CAEoO\u00b5EIOA22-1024x725.jpg\" alt=\"\" class=\"wp-image-2696\" style=\"width:71px;height:auto\" srcset=\"https:\/\/arttao.org\/wp-content\/uploads\/2025\/05\/EaI\u00bcIo_402498526_AEAthI\u00a8AAAIAE\u00b2EA\u00aeo\u00a2\u00b7CAEoO\u00b5EIOA22-1024x725.jpg 1024w, https:\/\/arttao.org\/wp-content\/uploads\/2025\/05\/EaI\u00bcIo_402498526_AEAthI\u00a8AAAIAE\u00b2EA\u00aeo\u00a2\u00b7CAEoO\u00b5EIOA22-300x212.jpg 300w, https:\/\/arttao.org\/wp-content\/uploads\/2025\/05\/EaI\u00bcIo_402498526_AEAthI\u00a8AAAIAE\u00b2EA\u00aeo\u00a2\u00b7CAEoO\u00b5EIOA22-768x544.jpg 768w, https:\/\/arttao.org\/wp-content\/uploads\/2025\/05\/EaI\u00bcIo_402498526_AEAthI\u00a8AAAIAE\u00b2EA\u00aeo\u00a2\u00b7CAEoO\u00b5EIOA22-1536x1088.jpg 1536w, https:\/\/arttao.org\/wp-content\/uploads\/2025\/05\/EaI\u00bcIo_402498526_AEAthI\u00a8AAAIAE\u00b2EA\u00aeo\u00a2\u00b7CAEoO\u00b5EIOA22.jpg 1796w\" sizes=\"auto, (max-width: 1024px) 100vw, 1024px\" \/><\/figure>\n\n\n\n<p class=\"\"><a href=\"https:\/\/arttao.org\/fr\/24%e5%88%9b%e4%bc%a4%e5%90%8e%e5%ba%94%e6%bf%80%e9%9a%9c%e7%a2%8d-s\/\" data-type=\"page\" data-id=\"10959\">s-25:<strong>trouble de stress post-traumatique<\/strong><\/a><\/p>\n\n\n\n<p class=\"has-small-font-size\"><strong> <\/strong>Cette \u00e9valuation explore les m\u00e9canismes psychologiques du trouble de stress post-traumatique (TSPT) et aide les participants \u00e0 comprendre l&#039;impact d&#039;un sch\u00e9ma chronique d&#039;hyper\u00e9veil, d&#039;engourdissement et de flashbacks sur leurs \u00e9motions et leur vie. Gr\u00e2ce \u00e0 l&#039;analyse de cas et \u00e0 l&#039;auto-\u00e9valuation, les participants identifieront la d\u00e9tresse persistante li\u00e9e \u00e0 l&#039;\u00e9v\u00e9nement traumatique et apprendront des strat\u00e9gies de gu\u00e9rison progressive, incluant des techniques de respiration, l&#039;ancrage de la pleine conscience et des exercices d&#039;expression \u00e9motionnelle. Le cours met l&#039;accent sur la restauration d&#039;un sentiment de s\u00e9curit\u00e9 et l&#039;int\u00e9gration de la m\u00e9moire, guidant les participants vers la croissance et le r\u00e9tablissement post-traumatiques.<\/p>\n\n\n\n<figure class=\"wp-block-image size-large is-resized\"><img loading=\"lazy\" decoding=\"async\" width=\"1024\" height=\"725\" src=\"https:\/\/arttao.org\/wp-content\/uploads\/2025\/05\/EaI\u00bcIo_402498526_AEAthI\u00a8AAAIAE\u00b2EA\u00aeo\u00a2\u00b7CAEoO\u00b5EIOA22-1024x725.jpg\" alt=\"\" class=\"wp-image-2696\" style=\"width:72px;height:auto\" srcset=\"https:\/\/arttao.org\/wp-content\/uploads\/2025\/05\/EaI\u00bcIo_402498526_AEAthI\u00a8AAAIAE\u00b2EA\u00aeo\u00a2\u00b7CAEoO\u00b5EIOA22-1024x725.jpg 1024w, https:\/\/arttao.org\/wp-content\/uploads\/2025\/05\/EaI\u00bcIo_402498526_AEAthI\u00a8AAAIAE\u00b2EA\u00aeo\u00a2\u00b7CAEoO\u00b5EIOA22-300x212.jpg 300w, https:\/\/arttao.org\/wp-content\/uploads\/2025\/05\/EaI\u00bcIo_402498526_AEAthI\u00a8AAAIAE\u00b2EA\u00aeo\u00a2\u00b7CAEoO\u00b5EIOA22-768x544.jpg 768w, https:\/\/arttao.org\/wp-content\/uploads\/2025\/05\/EaI\u00bcIo_402498526_AEAthI\u00a8AAAIAE\u00b2EA\u00aeo\u00a2\u00b7CAEoO\u00b5EIOA22-1536x1088.jpg 1536w, https:\/\/arttao.org\/wp-content\/uploads\/2025\/05\/EaI\u00bcIo_402498526_AEAthI\u00a8AAAIAE\u00b2EA\u00aeo\u00a2\u00b7CAEoO\u00b5EIOA22.jpg 1796w\" sizes=\"auto, (max-width: 1024px) 100vw, 1024px\" \/><\/figure>\n\n\n\n<p class=\"\"><a href=\"https:\/\/arttao.org\/fr\/25-reponses-au-stress-aigu-tsa\/\" data-type=\"page\" data-id=\"10961\">s-26:<strong>Trouble de stress aigu (TSA)<\/strong><\/a><strong> <\/strong><\/p>\n\n\n\n<p class=\"has-small-font-size\">Dans les jours et les semaines suivant une urgence majeure, les personnes peuvent ressentir de graves troubles \u00e9motionnels et cognitifs. Ce cours aide les \u00e9tudiants \u00e0 distinguer le trouble de stress aigu (TSA) des r\u00e9actions normales au stress, et \u00e0 comprendre les manifestations cliniques telles que les r\u00eaves, la dissociation, la panique et l&#039;\u00e9vitement. Il pr\u00e9sentera des techniques de premiers secours psychologiques, des exercices d&#039;autostabilisation et des recommandations pour un rythme de r\u00e9cup\u00e9ration post-stress, id\u00e9al pour les personnes en \u00e9tat de choc et qui apprennent \u00e0 soutenir leur syst\u00e8me psychologique.<\/p>\n\n\n\n<figure class=\"wp-block-image size-large is-resized\"><img loading=\"lazy\" decoding=\"async\" width=\"1024\" height=\"725\" src=\"https:\/\/arttao.org\/wp-content\/uploads\/2025\/05\/EaI\u00bcIo_402498526_AEAthI\u00a8AAAIAE\u00b2EA\u00aeo\u00a2\u00b7CAEoO\u00b5EIOA22-1024x725.jpg\" alt=\"\" class=\"wp-image-2696\" style=\"width:73px;height:auto\" srcset=\"https:\/\/arttao.org\/wp-content\/uploads\/2025\/05\/EaI\u00bcIo_402498526_AEAthI\u00a8AAAIAE\u00b2EA\u00aeo\u00a2\u00b7CAEoO\u00b5EIOA22-1024x725.jpg 1024w, https:\/\/arttao.org\/wp-content\/uploads\/2025\/05\/EaI\u00bcIo_402498526_AEAthI\u00a8AAAIAE\u00b2EA\u00aeo\u00a2\u00b7CAEoO\u00b5EIOA22-300x212.jpg 300w, https:\/\/arttao.org\/wp-content\/uploads\/2025\/05\/EaI\u00bcIo_402498526_AEAthI\u00a8AAAIAE\u00b2EA\u00aeo\u00a2\u00b7CAEoO\u00b5EIOA22-768x544.jpg 768w, https:\/\/arttao.org\/wp-content\/uploads\/2025\/05\/EaI\u00bcIo_402498526_AEAthI\u00a8AAAIAE\u00b2EA\u00aeo\u00a2\u00b7CAEoO\u00b5EIOA22-1536x1088.jpg 1536w, https:\/\/arttao.org\/wp-content\/uploads\/2025\/05\/EaI\u00bcIo_402498526_AEAthI\u00a8AAAIAE\u00b2EA\u00aeo\u00a2\u00b7CAEoO\u00b5EIOA22.jpg 1796w\" sizes=\"auto, (max-width: 1024px) 100vw, 1024px\" \/><\/figure>\n\n\n\n<p class=\"\"><a href=\"https:\/\/arttao.org\/fr\/26-troubles-de-ladaptation\/\" data-type=\"page\" data-id=\"10963\">s-27:<\/a><strong><a href=\"https:\/\/arttao.org\/fr\/26-troubles-de-ladaptation\/\" data-type=\"page\" data-id=\"10963\">Trouble de l&#039;adaptation<\/a> <\/strong><\/p>\n\n\n\n<p class=\"has-small-font-size\">Cette \u00e9valuation se concentre sur les difficult\u00e9s d&#039;adaptation et les ruptures \u00e9motionnelles qui peuvent survenir apr\u00e8s des \u00e9v\u00e9nements de la vie (comme un d\u00e9m\u00e9nagement, une perte d&#039;emploi ou une rupture amoureuse). En identifiant les signes de r\u00e9actions excessives et d&#039;incapacit\u00e9 persistante \u00e0 s&#039;adapter, les participants peuvent apprendre \u00e0 g\u00e9rer le stress de la vie r\u00e9elle de mani\u00e8re plus saine. Le cours int\u00e8gre la restructuration cognitive, l&#039;\u00e9criture expressive et des exercices de renforcement du soutien social pour aider les participants \u00e0 recadrer leur compr\u00e9hension de l&#039;\u00e9v\u00e9nement et \u00e0 \u00e9viter de d\u00e9velopper une anxi\u00e9t\u00e9 ou une d\u00e9pression plus grave.<\/p>\n\n\n\n<figure class=\"wp-block-image size-large is-resized\"><img loading=\"lazy\" decoding=\"async\" width=\"1024\" height=\"725\" src=\"https:\/\/arttao.org\/wp-content\/uploads\/2025\/05\/EaI\u00bcIo_402498526_AEAthI\u00a8AAAIAE\u00b2EA\u00aeo\u00a2\u00b7CAEoO\u00b5EIOA22-1024x725.jpg\" alt=\"\" class=\"wp-image-2696\" style=\"width:78px;height:auto\" srcset=\"https:\/\/arttao.org\/wp-content\/uploads\/2025\/05\/EaI\u00bcIo_402498526_AEAthI\u00a8AAAIAE\u00b2EA\u00aeo\u00a2\u00b7CAEoO\u00b5EIOA22-1024x725.jpg 1024w, https:\/\/arttao.org\/wp-content\/uploads\/2025\/05\/EaI\u00bcIo_402498526_AEAthI\u00a8AAAIAE\u00b2EA\u00aeo\u00a2\u00b7CAEoO\u00b5EIOA22-300x212.jpg 300w, https:\/\/arttao.org\/wp-content\/uploads\/2025\/05\/EaI\u00bcIo_402498526_AEAthI\u00a8AAAIAE\u00b2EA\u00aeo\u00a2\u00b7CAEoO\u00b5EIOA22-768x544.jpg 768w, https:\/\/arttao.org\/wp-content\/uploads\/2025\/05\/EaI\u00bcIo_402498526_AEAthI\u00a8AAAIAE\u00b2EA\u00aeo\u00a2\u00b7CAEoO\u00b5EIOA22-1536x1088.jpg 1536w, https:\/\/arttao.org\/wp-content\/uploads\/2025\/05\/EaI\u00bcIo_402498526_AEAthI\u00a8AAAIAE\u00b2EA\u00aeo\u00a2\u00b7CAEoO\u00b5EIOA22.jpg 1796w\" sizes=\"auto, (max-width: 1024px) 100vw, 1024px\" \/><\/figure>\n\n\n\n<p class=\"has-medium-font-size\"><a href=\"https:\/\/arttao.org\/fr\/27-troubles-de-lhumeur-perturbateurs-enfants\/\" data-type=\"page\" data-id=\"10965\">s-28 : cass\u00e9<strong>Trouble d\u00e9pressif (enfants)<\/strong><\/a><\/p>\n\n\n\n<p class=\"has-small-font-size\">Les traces des traumatismes de l&#039;enfance se cachent souvent dans la d\u00e9tresse \u00e9motionnelle, les difficult\u00e9s interpersonnelles et le d\u00e9nigrement \u00e0 l&#039;\u00e2ge adulte. Ce cours accompagnera les participants dans la gestion des traumatismes psychologiques qu&#039;ils ont pu subir durant leur enfance, tels que la n\u00e9gligence affective, les remarques d\u00e9sobligeantes, le fait d&#039;\u00eatre t\u00e9moin de violences et la perte d&#039;un proche aidant.<\/p>\n\n\n\n<figure class=\"wp-block-image size-large is-resized\"><img loading=\"lazy\" decoding=\"async\" width=\"1024\" height=\"725\" src=\"https:\/\/arttao.org\/wp-content\/uploads\/2025\/05\/EaI\u00bcIo_402498526_AEAthI\u00a8AAAIAE\u00b2EA\u00aeo\u00a2\u00b7CAEoO\u00b5EIOA22-1024x725.jpg\" alt=\"\" class=\"wp-image-2696\" style=\"width:85px;height:auto\" srcset=\"https:\/\/arttao.org\/wp-content\/uploads\/2025\/05\/EaI\u00bcIo_402498526_AEAthI\u00a8AAAIAE\u00b2EA\u00aeo\u00a2\u00b7CAEoO\u00b5EIOA22-1024x725.jpg 1024w, https:\/\/arttao.org\/wp-content\/uploads\/2025\/05\/EaI\u00bcIo_402498526_AEAthI\u00a8AAAIAE\u00b2EA\u00aeo\u00a2\u00b7CAEoO\u00b5EIOA22-300x212.jpg 300w, https:\/\/arttao.org\/wp-content\/uploads\/2025\/05\/EaI\u00bcIo_402498526_AEAthI\u00a8AAAIAE\u00b2EA\u00aeo\u00a2\u00b7CAEoO\u00b5EIOA22-768x544.jpg 768w, https:\/\/arttao.org\/wp-content\/uploads\/2025\/05\/EaI\u00bcIo_402498526_AEAthI\u00a8AAAIAE\u00b2EA\u00aeo\u00a2\u00b7CAEoO\u00b5EIOA22-1536x1088.jpg 1536w, https:\/\/arttao.org\/wp-content\/uploads\/2025\/05\/EaI\u00bcIo_402498526_AEAthI\u00a8AAAIAE\u00b2EA\u00aeo\u00a2\u00b7CAEoO\u00b5EIOA22.jpg 1796w\" sizes=\"auto, (max-width: 1024px) 100vw, 1024px\" \/><\/figure>\n\n\n\n<p class=\"\"><a href=\"https:\/\/arttao.org\/fr\/28%e5%a4%8d%e6%9d%82%e6%80%a7%e5%88%9b%e4%bc%a4%ef%bc%88c-ptsd%ef%bc%89-s\/\" data-type=\"page\" data-id=\"10967\">s-29:<strong>Traumatisme complexe (ESPT complexe)<\/strong><\/a><\/p>\n\n\n\n<p class=\"has-small-font-size\">Un traumatisme complexe diff\u00e8re de l&#039;impact psychologique d&#039;un \u00e9v\u00e9nement isol\u00e9\u00a0; il r\u00e9sulte souvent d&#039;un stress ou d&#039;un pr\u00e9judice persistant et r\u00e9p\u00e9t\u00e9, comme des violences conjugales chroniques, des manipulations \u00e9motionnelles, des situations de domination ou un isolement extr\u00eame. Ce cours aidera les participants \u00e0 comprendre qu&#039;un traumatisme complexe n&#039;est pas simplement un probl\u00e8me \u00e9motionnel, mais plut\u00f4t un \u00e9tat psychologique caract\u00e9ris\u00e9 par une \u00ab\u00a0structure de soi endommag\u00e9e\u00a0\u00bb, se manifestant souvent par des difficult\u00e9s \u00e0 r\u00e9guler ses \u00e9motions, des relations extr\u00eames, une autod\u00e9rision ou une confusion identitaire.<\/p>\n\n\n\n<figure class=\"wp-block-image size-large is-resized\"><img loading=\"lazy\" decoding=\"async\" width=\"1024\" height=\"725\" src=\"https:\/\/arttao.org\/wp-content\/uploads\/2025\/05\/EaI\u00bcIo_402498526_AEAthI\u00a8AAAIAE\u00b2EA\u00aeo\u00a2\u00b7CAEoO\u00b5EIOA22-1024x725.jpg\" alt=\"\" class=\"wp-image-2696\" style=\"width:82px;height:auto\" srcset=\"https:\/\/arttao.org\/wp-content\/uploads\/2025\/05\/EaI\u00bcIo_402498526_AEAthI\u00a8AAAIAE\u00b2EA\u00aeo\u00a2\u00b7CAEoO\u00b5EIOA22-1024x725.jpg 1024w, https:\/\/arttao.org\/wp-content\/uploads\/2025\/05\/EaI\u00bcIo_402498526_AEAthI\u00a8AAAIAE\u00b2EA\u00aeo\u00a2\u00b7CAEoO\u00b5EIOA22-300x212.jpg 300w, https:\/\/arttao.org\/wp-content\/uploads\/2025\/05\/EaI\u00bcIo_402498526_AEAthI\u00a8AAAIAE\u00b2EA\u00aeo\u00a2\u00b7CAEoO\u00b5EIOA22-768x544.jpg 768w, https:\/\/arttao.org\/wp-content\/uploads\/2025\/05\/EaI\u00bcIo_402498526_AEAthI\u00a8AAAIAE\u00b2EA\u00aeo\u00a2\u00b7CAEoO\u00b5EIOA22-1536x1088.jpg 1536w, https:\/\/arttao.org\/wp-content\/uploads\/2025\/05\/EaI\u00bcIo_402498526_AEAthI\u00a8AAAIAE\u00b2EA\u00aeo\u00a2\u00b7CAEoO\u00b5EIOA22.jpg 1796w\" sizes=\"auto, (max-width: 1024px) 100vw, 1024px\" \/><\/figure>\n\n\n\n<p class=\"\"><a href=\"https:\/\/arttao.org\/fr\/29%e5%88%9b%e4%bc%a4%e5%ba%94%e5%af%b9%e5%8f%8d%e5%ba%94%ef%bc%88%e9%80%9a%e7%94%a8%ef%bc%89-s\/\" data-type=\"page\" data-id=\"10969\">s-30:<strong>R\u00e9ponse d&#039;adaptation au traumatisme (g\u00e9n\u00e9rique)<\/strong><\/a><\/p>\n\n\n\n<p class=\"has-small-font-size\">Lors d&#039;\u00e9v\u00e9nements soudains tels que catastrophes, accidents, violences et \u00e9pid\u00e9mies, les individus subissent souvent un choc psychologique intense. Ce cours se concentre sur ce type particulier d&#039;exp\u00e9rience traumatique. Nous analyserons les trois \u00e9tapes d&#039;un traumatisme soudain\u00a0: la r\u00e9action imm\u00e9diate au stress, la p\u00e9riode d&#039;adaptation chaotique \u00e0 court terme et le risque de traumatisme \u00e0 moyen et long terme.<\/p>\n\n\n\n<figure class=\"wp-block-image size-large is-resized\"><img loading=\"lazy\" decoding=\"async\" width=\"1024\" height=\"725\" src=\"https:\/\/arttao.org\/wp-content\/uploads\/2025\/05\/EaI\u00bcIo_402498526_AEAthI\u00a8AAAIAE\u00b2EA\u00aeo\u00a2\u00b7CAEoO\u00b5EIOA22-1024x725.jpg\" alt=\"\" class=\"wp-image-2696\" style=\"width:80px;height:auto\" srcset=\"https:\/\/arttao.org\/wp-content\/uploads\/2025\/05\/EaI\u00bcIo_402498526_AEAthI\u00a8AAAIAE\u00b2EA\u00aeo\u00a2\u00b7CAEoO\u00b5EIOA22-1024x725.jpg 1024w, https:\/\/arttao.org\/wp-content\/uploads\/2025\/05\/EaI\u00bcIo_402498526_AEAthI\u00a8AAAIAE\u00b2EA\u00aeo\u00a2\u00b7CAEoO\u00b5EIOA22-300x212.jpg 300w, https:\/\/arttao.org\/wp-content\/uploads\/2025\/05\/EaI\u00bcIo_402498526_AEAthI\u00a8AAAIAE\u00b2EA\u00aeo\u00a2\u00b7CAEoO\u00b5EIOA22-768x544.jpg 768w, https:\/\/arttao.org\/wp-content\/uploads\/2025\/05\/EaI\u00bcIo_402498526_AEAthI\u00a8AAAIAE\u00b2EA\u00aeo\u00a2\u00b7CAEoO\u00b5EIOA22-1536x1088.jpg 1536w, https:\/\/arttao.org\/wp-content\/uploads\/2025\/05\/EaI\u00bcIo_402498526_AEAthI\u00a8AAAIAE\u00b2EA\u00aeo\u00a2\u00b7CAEoO\u00b5EIOA22.jpg 1796w\" sizes=\"auto, (max-width: 1024px) 100vw, 1024px\" \/><\/figure>\n\n\n\n<p class=\"\"><a href=\"https:\/\/arttao.org\/fr\/resume-du-cours-s-31-sur-les-traumatismes-et-le-stress\/\" data-type=\"page\" data-id=\"11088\">s-31<strong>R\u00e9sum\u00e9 du cours sur les traumatismes et le stress<\/strong><\/a><\/p>\n\n\n\n<p class=\"has-small-font-size\">Les traumatismes et le stress laissent des cicatrices profondes sur le corps et l&#039;esprit, mais ils offrent aussi des opportunit\u00e9s de gu\u00e9rison et de d\u00e9veloppement personnel. Ce bilan de formation vous aidera \u00e0 analyser les caract\u00e9ristiques des r\u00e9actions traumatiques et le processus de gu\u00e9rison, \u00e0 acqu\u00e9rir des techniques de stabilit\u00e9 \u00e9motionnelle et de relaxation, et \u00e0 utiliser le soutien social et les m\u00e9thodes de bien-\u00eatre personnel. En int\u00e9grant les exp\u00e9riences et en r\u00e9tablissant votre rythme, vous renforcerez progressivement votre r\u00e9silience, retrouverez un sentiment de s\u00e9curit\u00e9 et de sens dans votre vie, et vous vous ressourcerez int\u00e9rieurement.<\/p>\n\n\n\n<p class=\"\"><\/p>","protected":false},"excerpt":{"rendered":"<p>s-25:\u521b\u4f24\u540e\u5e94\u6fc0\u969c\u788d \u672c\u6d4b\u8bd5\u6df1\u5165\u63a2\u8ba8\u521b\u4f24\u540e\u5e94\u6fc0\u969c\u788d\uff08PTSD\uff09\u7684\u5fc3\u7406\u673a\u5236\uff0c\u5e2e\u52a9\u5b66\u5458\u7406\u89e3\u957f\u671f\u5904\u4e8e\u201c\u8fc7\u5ea6\u8b66\u89c9\u2014 [&hellip;]<\/p>\n","protected":false},"author":1,"featured_media":0,"parent":0,"menu_order":0,"comment_status":"closed","ping_status":"closed","template":"","meta":{"nf_dc_page":"","om_disable_all_campaigns":false,"_monsterinsights_skip_tracking":false,"_monsterinsights_sitenote_active":false,"_monsterinsights_sitenote_note":"","_monsterinsights_sitenote_category":0,"footnotes":""},"class_list":["post-650","page","type-page","status-publish","hentry"],"_links":{"self":[{"href":"https:\/\/arttao.org\/fr\/wp-json\/wp\/v2\/pages\/650","targetHints":{"allow":["GET"]}}],"collection":[{"href":"https:\/\/arttao.org\/fr\/wp-json\/wp\/v2\/pages"}],"about":[{"href":"https:\/\/arttao.org\/fr\/wp-json\/wp\/v2\/types\/page"}],"author":[{"embeddable":true,"href":"https:\/\/arttao.org\/fr\/wp-json\/wp\/v2\/users\/1"}],"replies":[{"embeddable":true,"href":"https:\/\/arttao.org\/fr\/wp-json\/wp\/v2\/comments?post=650"}],"version-history":[{"count":20,"href":"https:\/\/arttao.org\/fr\/wp-json\/wp\/v2\/pages\/650\/revisions"}],"predecessor-version":[{"id":11123,"href":"https:\/\/arttao.org\/fr\/wp-json\/wp\/v2\/pages\/650\/revisions\/11123"}],"wp:attachment":[{"href":"https:\/\/arttao.org\/fr\/wp-json\/wp\/v2\/media?parent=650"}],"curies":[{"name":"wp","href":"https:\/\/api.w.org\/{rel}","templated":true}]}}