{"id":6853,"date":"2025-06-28T05:27:50","date_gmt":"2025-06-28T05:27:50","guid":{"rendered":"https:\/\/arttao.org\/?page_id=6853"},"modified":"2025-07-25T19:15:08","modified_gmt":"2025-07-25T19:15:08","slug":"un-test-de-questions-et-reponses-socratiques-liees-a-lanxiete","status":"publish","type":"page","link":"https:\/\/arttao.org\/fr\/a-%e8%8b%8f%e6%a0%bc%e6%8b%89%e5%ba%95%e9%97%ae%e7%ad%94-%e7%84%a6%e8%99%91%e7%9b%b8%e5%85%b3%e9%97%ae%e9%a2%98%e6%b5%8b%e8%af%95\/","title":{"rendered":"A. Questions et r\u00e9ponses socratiques - Test de questions li\u00e9es \u00e0 l&#039;anxi\u00e9t\u00e9"},"content":{"rendered":"<p class=\"\"><\/p>\n\n\n\n<figure class=\"wp-block-image size-large is-resized\"><img loading=\"lazy\" decoding=\"async\" width=\"1024\" height=\"735\" src=\"https:\/\/arttao.org\/wp-content\/uploads\/2025\/06\/EaI\u00bcIo_601793889_\u00bf \u00a8I\u00a8D\u00a1 A\u00aeo\u00a2I\u00b7\u00b4\u00f7\u00a8\u00b6a\u00b7CAEoO\u00b5EIOA-1024x735.jpg\" alt=\"\" class=\"wp-image-7104\" style=\"width:69px;height:auto\" srcset=\"\" sizes=\"auto, (max-width: 1024px) 100vw, 1024px\" data-srcset=\"\" \/><\/figure>\n\n\n\n<p class=\"\">UN<a href=\"https:\/\/arttao.org\/fr\/a2-quest-ce-que-lanxiete-psychologique\/\">.\u00a0<strong>Quels sont les probl\u00e8mes d\u2019anxi\u00e9t\u00e9 psychologique ?<\/strong><\/a><\/p>\n\n\n\n<p class=\"has-small-font-size\">Avant de commencer tout test psychologique, il est essentiel de comprendre ce qu&#039;est l&#039;anxi\u00e9t\u00e9. Nombreux sont ceux qui abordent les tests d&#039;anxi\u00e9t\u00e9 avec des concepts vagues, voire mal compris, pensant que l&#039;anxi\u00e9t\u00e9 est synonyme de vuln\u00e9rabilit\u00e9 ou de maladie. Cela peut entra\u00eener des r\u00e9actions d\u00e9fensives et une suppression excessive des v\u00e9ritables sentiments, compromettant la validit\u00e9 du test et le r\u00e9tablissement ult\u00e9rieur.<\/p>\n\n\n\n<p class=\"has-small-font-size\">Comprendre la v\u00e9ritable nature de l&#039;anxi\u00e9t\u00e9 peut aider les individus \u00e0 se lib\u00e9rer de la peur de l&#039;\u00e9tiquetage. L&#039;anxi\u00e9t\u00e9 n&#039;est pas un d\u00e9faut, mais plut\u00f4t une r\u00e9action courante au stress. Si une anxi\u00e9t\u00e9 mod\u00e9r\u00e9e peut avoir un effet protecteur, lorsqu&#039;elle devient excessive, fr\u00e9quente et persistante, interf\u00e9rant avec la vie quotidienne, elle peut se transformer en probl\u00e8me psychologique. Par cons\u00e9quent, clarifier la diff\u00e9rence entre \u00ab\u00a0anxi\u00e9t\u00e9 normale\u00a0\u00bb et \u00ab\u00a0anxi\u00e9t\u00e9 pathologique\u00a0\u00bb avant le test peut contribuer \u00e0 am\u00e9liorer la conscience de soi et permettre une \u00e9valuation objective de son \u00e9tat, plut\u00f4t que de succomber \u00e0 la honte ou au d\u00e9ni.<\/p>\n\n\n\n<p class=\"has-small-font-size\">Plus important encore, seule la compr\u00e9hension des m\u00e9canismes sous-jacents \u00e0 l&#039;anxi\u00e9t\u00e9 (tels que les distorsions cognitives, l&#039;hypervigilance et les comportements d&#039;\u00e9vitement) permet d&#039;identifier plus pr\u00e9cis\u00e9ment les sympt\u00f4mes lors des tests et de poser les bases d&#039;une analyse et d&#039;un traitement ult\u00e9rieurs. En d&#039;autres termes, comprendre la v\u00e9ritable signification de l&#039;anxi\u00e9t\u00e9 est le point de d\u00e9part d&#039;une \u00e9valuation psychologique et d&#039;une prise en charge personnelle efficaces.<\/p>\n\n\n\n<p class=\"has-small-font-size\"><\/p>\n\n\n\n<figure class=\"wp-block-image size-large is-resized\"><img loading=\"lazy\" decoding=\"async\" width=\"1024\" height=\"735\" src=\"https:\/\/arttao.org\/wp-content\/uploads\/2025\/06\/EaI\u00bcIo_601793889_\u00bf \u00a8I\u00a8D\u00a1 A\u00aeo\u00a2I\u00b7\u00b4\u00f7\u00a8\u00b6a\u00b7CAEoO\u00b5EIOA-1024x735.jpg\" alt=\"\" class=\"wp-image-7104\" style=\"width:68px;height:auto\" srcset=\"\" sizes=\"auto, (max-width: 1024px) 100vw, 1024px\" data-srcset=\"\" \/><\/figure>\n\n\n\n<p class=\"has-medium-font-size\">UN.<a style=\"font-weight: bold;\" href=\"https:\/\/arttao.org\/fr\/a-problemes-lies-a-lanxiete\/\"><strong>Tests sur les probl\u00e8mes li\u00e9s \u00e0 l&#039;anxi\u00e9t\u00e9<\/strong><\/a><\/p>\n\n\n\n<p class=\"has-small-font-size\">Avant de passer un test psychologique, il est essentiel de comprendre ce qu&#039;est l&#039;anxi\u00e9t\u00e9 li\u00e9e \u00e0 un test. Cela influence non seulement la pr\u00e9cision des r\u00e9sultats, mais d\u00e9termine \u00e9galement si vous pouvez r\u00e9ellement en tirer profit. Nombreux sont ceux qui, lorsqu&#039;ils voient le mot \u00ab anxi\u00e9t\u00e9 \u00bb, ont tendance \u00e0 l&#039;associer \u00e0 des questions telles que \u00ab Suis-je atteint d&#039;une maladie mentale ? \u00bb ou \u00ab Ai-je un probl\u00e8me ? \u00bb. Cela peut les conduire \u00e0 une attitude d\u00e9fensive et affecter l&#039;authenticit\u00e9 de leurs r\u00e9ponses. En r\u00e9alit\u00e9, l&#039;anxi\u00e9t\u00e9 est une r\u00e9action \u00e9motionnelle courante, consid\u00e9r\u00e9e comme une d\u00e9tresse psychologique uniquement lorsqu&#039;elle devient fr\u00e9quente, excessive ou perturbe la vie quotidienne.<\/p>\n\n\n\n<p class=\"has-small-font-size\">Le test \u00ab\u00a0Questions li\u00e9es \u00e0 l&#039;anxi\u00e9t\u00e9\u00a0\u00bb n&#039;est pas con\u00e7u pour classer les personnes\u00a0; il vise \u00e0 vous aider \u00e0 identifier le type d&#039;anxi\u00e9t\u00e9 (par exemple, anxi\u00e9t\u00e9 g\u00e9n\u00e9ralis\u00e9e, anxi\u00e9t\u00e9 sociale, peurs sp\u00e9cifiques), les m\u00e9canismes sous-jacents (par exemple, distorsions cognitives, comportements d&#039;\u00e9vitement), les r\u00e9actions physiques (par exemple, acc\u00e9l\u00e9ration du rythme cardiaque, tensions musculaires) et l&#039;expression \u00e9motionnelle. Cette compr\u00e9hension peut vous aider \u00e0 g\u00e9rer l&#039;anxi\u00e9t\u00e9 de mani\u00e8re plus strat\u00e9gique plut\u00f4t que de paniquer.<\/p>\n\n\n\n<p class=\"has-small-font-size\">Comprendre \u00e0 l&#039;avance la structure et l&#039;objectif du test vous aidera \u00e9galement \u00e0 vous lib\u00e9rer de votre \u00ab\u00a0mentalit\u00e9 de test\u00a0\u00bb et \u00e0 r\u00e9pondre avec une attitude plus ouverte et honn\u00eate. Cette pr\u00e9paration psychologique est essentielle pour am\u00e9liorer la validit\u00e9 du test. Comprendre la nature de l&#039;anxi\u00e9t\u00e9 li\u00e9e au test est le premier pas vers l&#039;exploration de soi et la gu\u00e9rison.<strong>.<\/strong><\/p>\n\n\n\n<p class=\"\"><\/p>","protected":false},"excerpt":{"rendered":"<p>A.\u00a0\u4ec0\u4e48\u662f\u5fc3\u7406\u7126\u8651\u95ee\u9898\uff1f \u5728\u5fc3\u7406\u6d4b\u8bd5\u5f00\u59cb\u4e4b\u524d\uff0c\u4e86\u89e3\u201c\u4ec0\u4e48\u662f\u5fc3\u7406\u7126\u8651\u95ee\u9898\u201d\u5177\u6709\u975e\u5e38\u91cd\u8981\u7684\u610f\u4e49\u3002\u8bb8\u591a\u4eba\u5728\u9762\u5bf9\u7126\u8651 [&hellip;]<\/p>\n","protected":false},"author":1,"featured_media":0,"parent":0,"menu_order":0,"comment_status":"closed","ping_status":"closed","template":"","meta":{"nf_dc_page":"","om_disable_all_campaigns":false,"_monsterinsights_skip_tracking":false,"_monsterinsights_sitenote_active":false,"_monsterinsights_sitenote_note":"","_monsterinsights_sitenote_category":0,"footnotes":""},"class_list":["post-6853","page","type-page","status-publish","hentry"],"_links":{"self":[{"href":"https:\/\/arttao.org\/fr\/wp-json\/wp\/v2\/pages\/6853","targetHints":{"allow":["GET"]}}],"collection":[{"href":"https:\/\/arttao.org\/fr\/wp-json\/wp\/v2\/pages"}],"about":[{"href":"https:\/\/arttao.org\/fr\/wp-json\/wp\/v2\/types\/page"}],"author":[{"embeddable":true,"href":"https:\/\/arttao.org\/fr\/wp-json\/wp\/v2\/users\/1"}],"replies":[{"embeddable":true,"href":"https:\/\/arttao.org\/fr\/wp-json\/wp\/v2\/comments?post=6853"}],"version-history":[{"count":10,"href":"https:\/\/arttao.org\/fr\/wp-json\/wp\/v2\/pages\/6853\/revisions"}],"predecessor-version":[{"id":8184,"href":"https:\/\/arttao.org\/fr\/wp-json\/wp\/v2\/pages\/6853\/revisions\/8184"}],"wp:attachment":[{"href":"https:\/\/arttao.org\/fr\/wp-json\/wp\/v2\/media?parent=6853"}],"curies":[{"name":"wp","href":"https:\/\/api.w.org\/{rel}","templated":true}]}}