{"id":6864,"date":"2025-06-28T06:05:33","date_gmt":"2025-06-28T06:05:33","guid":{"rendered":"https:\/\/arttao.org\/?page_id=6864"},"modified":"2025-07-25T19:16:17","modified_gmt":"2025-07-25T19:16:17","slug":"b-questions-et-reponses-socratiques-test-de-questions-liees-a-la-depression","status":"publish","type":"page","link":"https:\/\/arttao.org\/fr\/b-%e8%8b%8f%e6%a0%bc%e6%8b%89%e5%ba%95%e9%97%ae%e7%ad%94-%e6%8a%91%e9%83%81%e7%9b%b8%e5%85%b3%e9%97%ae%e9%a2%98%e6%b5%8b%e8%af%95\/","title":{"rendered":"B. Questions et r\u00e9ponses socratiques - Test de questions li\u00e9es \u00e0 la d\u00e9pression"},"content":{"rendered":"<p class=\"\"><\/p>\n\n\n\n<figure class=\"wp-block-image size-large is-resized\"><img loading=\"lazy\" decoding=\"async\" width=\"927\" height=\"1024\" src=\"https:\/\/arttao.org\/wp-content\/uploads\/2025\/05\/EaI\u00bcIo_601794473_\u00a8\u00b7\u00a2EUA\u00aeD\u00a4In\u00b7CAEoO\u00b5EIOA2-927x1024.jpg\" alt=\"\" class=\"wp-image-3663\" style=\"width:56px;height:auto\" srcset=\"https:\/\/arttao.org\/wp-content\/uploads\/2025\/05\/EaI\u00bcIo_601794473_\u00a8\u00b7\u00a2EUA\u00aeD\u00a4In\u00b7CAEoO\u00b5EIOA2-927x1024.jpg 927w, https:\/\/arttao.org\/wp-content\/uploads\/2025\/05\/EaI\u00bcIo_601794473_\u00a8\u00b7\u00a2EUA\u00aeD\u00a4In\u00b7CAEoO\u00b5EIOA2-272x300.jpg 272w, https:\/\/arttao.org\/wp-content\/uploads\/2025\/05\/EaI\u00bcIo_601794473_\u00a8\u00b7\u00a2EUA\u00aeD\u00a4In\u00b7CAEoO\u00b5EIOA2-768x848.jpg 768w, https:\/\/arttao.org\/wp-content\/uploads\/2025\/05\/EaI\u00bcIo_601794473_\u00a8\u00b7\u00a2EUA\u00aeD\u00a4In\u00b7CAEoO\u00b5EIOA2-1391x1536.jpg 1391w, https:\/\/arttao.org\/wp-content\/uploads\/2025\/05\/EaI\u00bcIo_601794473_\u00a8\u00b7\u00a2EUA\u00aeD\u00a4In\u00b7CAEoO\u00b5EIOA2-1855x2048.jpg 1855w\" sizes=\"auto, (max-width: 927px) 100vw, 927px\" \/><\/figure>\n\n\n\n<p class=\"\"><a href=\"https:\/\/arttao.org\/fr\/b-quels-sont-les-problemes-lies-a-la-depression\/\" data-type=\"page\" data-id=\"6936\">B. <strong>Quels sont les probl\u00e8mes li\u00e9s \u00e0 la d\u00e9pression ?<\/strong><\/a><\/p>\n\n\n\n<p class=\"has-small-font-size\">Avant de passer un test psychologique, il est essentiel de comprendre les troubles li\u00e9s \u00e0 la d\u00e9pression. Beaucoup de gens confondent la d\u00e9pression avec un sentiment passager de mal-\u00eatre ou de baisse d&#039;humeur, mais le trouble d\u00e9pressif est bien plus que cela. Il peut se manifester par un pessimisme persistant, une perte d&#039;int\u00e9r\u00eat, une baisse d&#039;\u00e9nergie et un sentiment de d\u00e9sespoir, parfois accompagn\u00e9s de sympt\u00f4mes tels que des troubles du sommeil, des changements d&#039;app\u00e9tit et un d\u00e9ni de soi. Sans comprendre ces caract\u00e9ristiques fondamentales, les personnes concern\u00e9es n\u00e9gligent souvent les probl\u00e8mes existants lors du test ou les attribuent au stress, \u00e0 la fatigue ou \u00e0 des probl\u00e8mes de personnalit\u00e9, manquant ainsi l&#039;occasion d&#039;\u00e9valuer correctement leur \u00e9tat et de demander de l&#039;aide.<\/p>\n\n\n\n<p class=\"has-small-font-size\">De plus, les diff\u00e9rents types de d\u00e9pression, comme la d\u00e9pression majeure, la d\u00e9pression persistante, la d\u00e9pression saisonni\u00e8re et la d\u00e9pression post-partum, varient dans leurs manifestations et leur niveau de d\u00e9tresse. Sans une compr\u00e9hension de base de ces types, les r\u00e9sultats des tests peuvent facilement para\u00eetre superficiels et ne pas r\u00e9v\u00e9ler les v\u00e9ritables probl\u00e8mes sous-jacents. Plus important encore, comprendre que la d\u00e9pression n&#039;est pas une faiblesse ou un \u00e9chec, mais un \u00e9tat psychologique qui peut \u00eatre identifi\u00e9, soutenu et gu\u00e9ri, peut aider les personnes \u00e0 maintenir un \u00e9tat d&#039;esprit plus ouvert et r\u00e9ceptif pendant le processus de d\u00e9pistage.<\/p>\n\n\n\n<p class=\"has-small-font-size\">Par cons\u00e9quent, la pr\u00e9paration des connaissances avant le test am\u00e9liore non seulement la pr\u00e9cision de l&#039;\u00e9valuation, mais am\u00e9liore \u00e9galement la compr\u00e9hension des ph\u00e9nom\u00e8nes auto-psychologiques, rendant l&#039;exploration psychologique plus consciente et plus puissante.<\/p>\n\n\n\n<p class=\"has-small-font-size\"><\/p>\n\n\n\n<figure class=\"wp-block-image size-large is-resized\"><img loading=\"lazy\" decoding=\"async\" width=\"927\" height=\"1024\" src=\"https:\/\/arttao.org\/wp-content\/uploads\/2025\/05\/EaI\u00bcIo_601794473_\u00a8\u00b7\u00a2EUA\u00aeD\u00a4In\u00b7CAEoO\u00b5EIOA2-927x1024.jpg\" alt=\"\" class=\"wp-image-3663\" style=\"width:55px;height:auto\" srcset=\"https:\/\/arttao.org\/wp-content\/uploads\/2025\/05\/EaI\u00bcIo_601794473_\u00a8\u00b7\u00a2EUA\u00aeD\u00a4In\u00b7CAEoO\u00b5EIOA2-927x1024.jpg 927w, https:\/\/arttao.org\/wp-content\/uploads\/2025\/05\/EaI\u00bcIo_601794473_\u00a8\u00b7\u00a2EUA\u00aeD\u00a4In\u00b7CAEoO\u00b5EIOA2-272x300.jpg 272w, https:\/\/arttao.org\/wp-content\/uploads\/2025\/05\/EaI\u00bcIo_601794473_\u00a8\u00b7\u00a2EUA\u00aeD\u00a4In\u00b7CAEoO\u00b5EIOA2-768x848.jpg 768w, https:\/\/arttao.org\/wp-content\/uploads\/2025\/05\/EaI\u00bcIo_601794473_\u00a8\u00b7\u00a2EUA\u00aeD\u00a4In\u00b7CAEoO\u00b5EIOA2-1391x1536.jpg 1391w, https:\/\/arttao.org\/wp-content\/uploads\/2025\/05\/EaI\u00bcIo_601794473_\u00a8\u00b7\u00a2EUA\u00aeD\u00a4In\u00b7CAEoO\u00b5EIOA2-1855x2048.jpg 1855w\" sizes=\"auto, (max-width: 927px) 100vw, 927px\" \/><\/figure>\n\n\n\n<p class=\"\"><a href=\"https:\/\/arttao.org\/fr\/2-problemes-lies-a-la-depression-2\/\" data-type=\"page\" data-id=\"1476\">B. <strong>Test de questions li\u00e9es \u00e0 la d\u00e9pression <\/strong><\/a><\/p>\n\n\n\n<p class=\"has-small-font-size\">La d\u00e9pression est un trouble psychologique caract\u00e9ris\u00e9 par une humeur maussade. Les sympt\u00f4mes courants incluent une tristesse persistante, une perte d&#039;int\u00e9r\u00eat pour les activit\u00e9s quotidiennes, un d\u00e9ni de soi, de la fatigue, une baisse de concentration, voire un sentiment de d\u00e9sespoir et des pens\u00e9es suicidaires. Les cas graves s&#039;accompagnent \u00e9galement de modifications de l&#039;app\u00e9tit ou du poids, de troubles du sommeil, d&#039;un engourdissement \u00e9motionnel et de douleurs physiques. La d\u00e9pression n&#039;est pas une humeur maussade passag\u00e8re, mais un \u00e9tat psychologique qui dure plus de deux semaines et affecte significativement le fonctionnement. Elle peut \u00eatre caus\u00e9e par un h\u00e9ritage biologique, un traumatisme de la vie, l&#039;isolement social et un stress prolong\u00e9. Une d\u00e9pression prolong\u00e9e peut \u00e9galement entra\u00eener un d\u00e9clin des fonctions sociales, une ali\u00e9nation interpersonnelle et une perte de sens \u00e0 la vie. Une expression \u00e9motionnelle opportune et une intervention professionnelle sont essentielles.<\/p>\n\n\n\n<p class=\"\"><\/p>","protected":false},"excerpt":{"rendered":"<p>B. \u4ec0\u4e48\u662f\u6291\u90c1\u76f8\u5173\u95ee\u9898\uff1f \u5728\u5fc3\u7406\u6d4b\u8bd5\u524d\uff0c\u7406\u89e3\u201c\u4ec0\u4e48\u662f\u6291\u90c1\u76f8\u5173\u95ee\u9898\u201d\u5177\u6709\u5173\u952e\u610f\u4e49\u3002\u5f88\u591a\u4eba\u5c06\u6291\u90c1\u8bef\u89e3\u4e3a\u4e00\u65f6\u7684\u4e0d\u5f00 [&hellip;]<\/p>\n","protected":false},"author":1,"featured_media":0,"parent":0,"menu_order":0,"comment_status":"closed","ping_status":"closed","template":"","meta":{"nf_dc_page":"","om_disable_all_campaigns":false,"_monsterinsights_skip_tracking":false,"_monsterinsights_sitenote_active":false,"_monsterinsights_sitenote_note":"","_monsterinsights_sitenote_category":0,"footnotes":""},"class_list":["post-6864","page","type-page","status-publish","hentry"],"_links":{"self":[{"href":"https:\/\/arttao.org\/fr\/wp-json\/wp\/v2\/pages\/6864","targetHints":{"allow":["GET"]}}],"collection":[{"href":"https:\/\/arttao.org\/fr\/wp-json\/wp\/v2\/pages"}],"about":[{"href":"https:\/\/arttao.org\/fr\/wp-json\/wp\/v2\/types\/page"}],"author":[{"embeddable":true,"href":"https:\/\/arttao.org\/fr\/wp-json\/wp\/v2\/users\/1"}],"replies":[{"embeddable":true,"href":"https:\/\/arttao.org\/fr\/wp-json\/wp\/v2\/comments?post=6864"}],"version-history":[{"count":6,"href":"https:\/\/arttao.org\/fr\/wp-json\/wp\/v2\/pages\/6864\/revisions"}],"predecessor-version":[{"id":8185,"href":"https:\/\/arttao.org\/fr\/wp-json\/wp\/v2\/pages\/6864\/revisions\/8185"}],"wp:attachment":[{"href":"https:\/\/arttao.org\/fr\/wp-json\/wp\/v2\/media?parent=6864"}],"curies":[{"name":"wp","href":"https:\/\/api.w.org\/{rel}","templated":true}]}}