{"id":6866,"date":"2025-06-28T06:19:19","date_gmt":"2025-06-28T06:19:19","guid":{"rendered":"https:\/\/arttao.org\/?page_id=6866"},"modified":"2025-10-18T06:32:36","modified_gmt":"2025-10-18T06:32:36","slug":"c-test-de-socrate-sur-les-problemes-obsessionnels-compulsifs-et-impulsifs","status":"publish","type":"page","link":"https:\/\/arttao.org\/fr\/c-%e8%8b%8f%e6%a0%bc%e6%8b%89%e5%ba%95-%e5%bc%ba%e8%bf%ab%e4%b8%8e%e5%86%b2%e5%8a%a8%e9%97%ae%e9%a2%98%e6%b5%8b%e8%af%95\/","title":{"rendered":"C. Socrate - Test des probl\u00e8mes compulsifs et impulsifs"},"content":{"rendered":"<p class=\"\"><\/p>\n\n\n\n<figure class=\"wp-block-image size-large is-resized\"><img loading=\"lazy\" decoding=\"async\" width=\"927\" height=\"1024\" src=\"https:\/\/arttao.org\/wp-content\/uploads\/2025\/05\/EaI\u00bcIo_601830467_\u00b4\u00f7\u00a8\u00b5A\u00bfE\u00b0\u00ae\u00bf\u00a8I\u00a8A\u00aeo\u00a2D\u00a4In\u00b7CAEoO\u00b5EIOA2-927x1024.jpg\" alt=\"\" class=\"wp-image-3665\" style=\"width:58px;height:auto\" srcset=\"https:\/\/arttao.org\/wp-content\/uploads\/2025\/05\/EaI\u00bcIo_601830467_\u00b4\u00f7\u00a8\u00b5A\u00bfE\u00b0\u00ae\u00bf\u00a8I\u00a8A\u00aeo\u00a2D\u00a4In\u00b7CAEoO\u00b5EIOA2-927x1024.jpg 927w, https:\/\/arttao.org\/wp-content\/uploads\/2025\/05\/EaI\u00bcIo_601830467_\u00b4\u00f7\u00a8\u00b5A\u00bfE\u00b0\u00ae\u00bf\u00a8I\u00a8A\u00aeo\u00a2D\u00a4In\u00b7CAEoO\u00b5EIOA2-272x300.jpg 272w, https:\/\/arttao.org\/wp-content\/uploads\/2025\/05\/EaI\u00bcIo_601830467_\u00b4\u00f7\u00a8\u00b5A\u00bfE\u00b0\u00ae\u00bf\u00a8I\u00a8A\u00aeo\u00a2D\u00a4In\u00b7CAEoO\u00b5EIOA2-768x848.jpg 768w, https:\/\/arttao.org\/wp-content\/uploads\/2025\/05\/EaI\u00bcIo_601830467_\u00b4\u00f7\u00a8\u00b5A\u00bfE\u00b0\u00ae\u00bf\u00a8I\u00a8A\u00aeo\u00a2D\u00a4In\u00b7CAEoO\u00b5EIOA2-1391x1536.jpg 1391w, https:\/\/arttao.org\/wp-content\/uploads\/2025\/05\/EaI\u00bcIo_601830467_\u00b4\u00f7\u00a8\u00b5A\u00bfE\u00b0\u00ae\u00bf\u00a8I\u00a8A\u00aeo\u00a2D\u00a4In\u00b7CAEoO\u00b5EIOA2-1854x2048.jpg 1854w\" sizes=\"auto, (max-width: 927px) 100vw, 927px\" \/><\/figure>\n\n\n\n<p class=\"\"><a href=\"https:\/\/arttao.org\/fr\/c1-quels-sont-les-problemes-compulsifs-et-impulsifs\/\" data-type=\"page\" data-id=\"7274\">C.<strong> Quels sont les probl\u00e8mes compulsifs et impulsifs ?<\/strong><\/a><\/p>\n\n\n\n<p class=\"has-small-font-size\">Avant de passer un test psychologique, il est essentiel de bien comprendre ce que sont les troubles compulsifs et impulsifs pour obtenir des r\u00e9sultats authentiques et valides. Ces troubles ne sont pas simplement une question de personnalit\u00e9 ou de manque de ma\u00eetrise de soi\u00a0; ils d\u00e9coulent plut\u00f4t d&#039;un d\u00e9s\u00e9quilibre entre anxi\u00e9t\u00e9, r\u00e9pression et contr\u00f4le au sein du syst\u00e8me psychologique. Par exemple, les comportements compulsifs (comme se laver les mains \u00e0 r\u00e9p\u00e9tition et v\u00e9rifier constamment les serrures) servent souvent \u00e0 soulager une anxi\u00e9t\u00e9 accablante, tandis que les comportements impulsifs (comme les acc\u00e8s de col\u00e8re soudains, les achats impulsifs et l&#039;\u00e9pilation des cheveux) sont un soulagement momentan\u00e9 d&#039;une tension ou d&#039;un vide int\u00e9rieur. Sans comprendre ces ph\u00e9nom\u00e8nes, beaucoup les interpr\u00e8tent facilement \u00e0 tort comme des \u00ab\u00a0bizarreries\u00a0\u00bb, de la \u00ab\u00a0paresse\u00a0\u00bb ou un \u00ab\u00a0comportement indisciplin\u00e9\u00a0\u00bb, oubliant ainsi leurs racines psychologiques profondes.<\/p>\n\n\n\n<p class=\"has-small-font-size\">Sans comprendre la nature de ces probl\u00e8mes, les participants risquent de sous-estimer l&#039;ampleur de leur d\u00e9tresse ou de dissimuler d\u00e9lib\u00e9r\u00e9ment leur comportement, ce qui fausse les r\u00e9sultats des tests et perturbe le jugement ult\u00e9rieur et l&#039;orientation th\u00e9rapeutique. \u00c0 l&#039;inverse, si les m\u00e9canismes sous-jacents de ces probl\u00e8mes sont compris avant le test, les individus peuvent plus facilement confronter leurs propres comportements et pens\u00e9es, r\u00e9pondre aux questions avec plus de pr\u00e9cision et am\u00e9liorer la validit\u00e9 de l&#039;\u00e9valuation.<\/p>\n\n\n\n<p class=\"has-small-font-size\">Comprendre la v\u00e9ritable nature de la compulsion et de l&#039;impulsion est une pr\u00e9paration essentielle avant de passer le test et constitue la premi\u00e8re \u00e9tape vers la gu\u00e9rison psychologique et la conscience de soi. C&#039;est une \u00e9tape cruciale pour transformer des exp\u00e9riences indicibles en probl\u00e8mes compr\u00e9hensibles.<\/p>\n\n\n\n<p class=\"has-small-font-size\"><\/p>\n\n\n\n<figure class=\"wp-block-image size-large is-resized\"><img loading=\"lazy\" decoding=\"async\" width=\"927\" height=\"1024\" src=\"https:\/\/arttao.org\/wp-content\/uploads\/2025\/05\/EaI\u00bcIo_601830467_\u00b4\u00f7\u00a8\u00b5A\u00bfE\u00b0\u00ae\u00bf\u00a8I\u00a8A\u00aeo\u00a2D\u00a4In\u00b7CAEoO\u00b5EIOA2-927x1024.jpg\" alt=\"\" class=\"wp-image-3665\" style=\"width:55px;height:auto\" srcset=\"https:\/\/arttao.org\/wp-content\/uploads\/2025\/05\/EaI\u00bcIo_601830467_\u00b4\u00f7\u00a8\u00b5A\u00bfE\u00b0\u00ae\u00bf\u00a8I\u00a8A\u00aeo\u00a2D\u00a4In\u00b7CAEoO\u00b5EIOA2-927x1024.jpg 927w, https:\/\/arttao.org\/wp-content\/uploads\/2025\/05\/EaI\u00bcIo_601830467_\u00b4\u00f7\u00a8\u00b5A\u00bfE\u00b0\u00ae\u00bf\u00a8I\u00a8A\u00aeo\u00a2D\u00a4In\u00b7CAEoO\u00b5EIOA2-272x300.jpg 272w, https:\/\/arttao.org\/wp-content\/uploads\/2025\/05\/EaI\u00bcIo_601830467_\u00b4\u00f7\u00a8\u00b5A\u00bfE\u00b0\u00ae\u00bf\u00a8I\u00a8A\u00aeo\u00a2D\u00a4In\u00b7CAEoO\u00b5EIOA2-768x848.jpg 768w, https:\/\/arttao.org\/wp-content\/uploads\/2025\/05\/EaI\u00bcIo_601830467_\u00b4\u00f7\u00a8\u00b5A\u00bfE\u00b0\u00ae\u00bf\u00a8I\u00a8A\u00aeo\u00a2D\u00a4In\u00b7CAEoO\u00b5EIOA2-1391x1536.jpg 1391w, https:\/\/arttao.org\/wp-content\/uploads\/2025\/05\/EaI\u00bcIo_601830467_\u00b4\u00f7\u00a8\u00b5A\u00bfE\u00b0\u00ae\u00bf\u00a8I\u00a8A\u00aeo\u00a2D\u00a4In\u00b7CAEoO\u00b5EIOA2-1854x2048.jpg 1854w\" sizes=\"auto, (max-width: 927px) 100vw, 927px\" \/><\/figure>\n\n\n\n<p class=\"\"><a href=\"https:\/\/arttao.org\/fr\/3-problemes-de-compulsion-et-dimpulsivite\/\" data-type=\"page\" data-id=\"1480\">C. <strong>Test des probl\u00e8mes obsessionnels compulsifs et impulsifs <\/strong><\/a><\/p>\n\n\n\n<p class=\"has-small-font-size\">Avant de passer un test psychologique, il est important de comprendre ce que sont les compulsions et l&#039;impulsivit\u00e9. Les compulsions et l&#039;impulsivit\u00e9 ne sont pas simplement de mauvaises habitudes ou des d\u00e9fauts de personnalit\u00e9\u00a0; elles repr\u00e9sentent plut\u00f4t un conflit interne \u00e9troitement li\u00e9 au stress psychologique. Les compulsions se manifestent souvent par des pens\u00e9es r\u00e9p\u00e9titives et incontr\u00f4l\u00e9es (comme le doute et l&#039;inqui\u00e9tude) et des comportements (comme se laver les mains constamment et v\u00e9rifier sans cesse), masquant souvent une anxi\u00e9t\u00e9 et une peur sous-jacentes. Les comportements impulsifs, quant \u00e0 eux, se manifestent par des compulsions incontr\u00f4lables, comme des acc\u00e8s de col\u00e8re soudains, des achats excessifs, l&#039;\u00e9pilation des cheveux et le fait de se ronger les ongles. Il s&#039;agit souvent de r\u00e9actions automatiques qui surviennent rapidement pour soulager la tension \u00e9motionnelle.<\/p>\n\n\n\n<p class=\"has-small-font-size\">Sans une compr\u00e9hension ad\u00e9quate de ces sympt\u00f4mes avant le test, les personnes peuvent les consid\u00e9rer \u00e0 tort comme des \u00ab\u00a0probl\u00e8mes mineurs\u00a0\u00bb ou des \u00ab\u00a0troubles de personnalit\u00e9\u00a0\u00bb, minimisant ainsi leur gravit\u00e9 et se montrant r\u00e9ticentes \u00e0 r\u00e9pondre honn\u00eatement ou \u00e9vasives aux questions pos\u00e9es pendant le test. Comprendre ces probl\u00e8mes peut aider les personnes \u00e0 exprimer leurs exp\u00e9riences avec plus d&#039;honn\u00eatet\u00e9 et de pr\u00e9cision, rendant le test psychologique plus utile et offrant une base plus authentique pour une intervention et une am\u00e9lioration psychologiques ult\u00e9rieures. Le test psychologique ne vise pas \u00e0 \u00ab\u00a0diagnostiquer une maladie\u00a0\u00bb, mais plut\u00f4t \u00e0 mieux comprendre les conflits internes et les sch\u00e9mas \u00e9motionnels que vous vivez. Comprendre ces m\u00e9canismes psychologiques \u00e0 l&#039;avance vous permet d&#039;aborder le processus de test avec une attitude ouverte et r\u00e9ceptive.<\/p>","protected":false},"excerpt":{"rendered":"<p>C. \u4ec0\u4e48\u662f\u5f3a\u8feb\u4e0e\u51b2\u52a8\u95ee\u9898\uff1f \u5728\u8fdb\u884c\u5fc3\u7406\u6d4b\u8bd5\u524d\uff0c\u6df1\u5165\u4e86\u89e3\u4ec0\u4e48\u662f\u201c\u5f3a\u8feb\u4e0e\u51b2\u52a8\u95ee\u9898\u201d\uff0c\u5bf9\u4e8e\u83b7\u5f97\u771f\u5b9e\u3001\u6709\u6548\u7684\u8bc4\u4f30\u7ed3\u679c [&hellip;]<\/p>\n","protected":false},"author":1,"featured_media":0,"parent":0,"menu_order":0,"comment_status":"closed","ping_status":"closed","template":"","meta":{"nf_dc_page":"","om_disable_all_campaigns":false,"_monsterinsights_skip_tracking":false,"_monsterinsights_sitenote_active":false,"_monsterinsights_sitenote_note":"","_monsterinsights_sitenote_category":0,"footnotes":""},"class_list":["post-6866","page","type-page","status-publish","hentry"],"_links":{"self":[{"href":"https:\/\/arttao.org\/fr\/wp-json\/wp\/v2\/pages\/6866","targetHints":{"allow":["GET"]}}],"collection":[{"href":"https:\/\/arttao.org\/fr\/wp-json\/wp\/v2\/pages"}],"about":[{"href":"https:\/\/arttao.org\/fr\/wp-json\/wp\/v2\/types\/page"}],"author":[{"embeddable":true,"href":"https:\/\/arttao.org\/fr\/wp-json\/wp\/v2\/users\/1"}],"replies":[{"embeddable":true,"href":"https:\/\/arttao.org\/fr\/wp-json\/wp\/v2\/comments?post=6866"}],"version-history":[{"count":11,"href":"https:\/\/arttao.org\/fr\/wp-json\/wp\/v2\/pages\/6866\/revisions"}],"predecessor-version":[{"id":11288,"href":"https:\/\/arttao.org\/fr\/wp-json\/wp\/v2\/pages\/6866\/revisions\/11288"}],"wp:attachment":[{"href":"https:\/\/arttao.org\/fr\/wp-json\/wp\/v2\/media?parent=6866"}],"curies":[{"name":"wp","href":"https:\/\/api.w.org\/{rel}","templated":true}]}}