{"id":6870,"date":"2025-06-28T17:05:32","date_gmt":"2025-06-28T17:05:32","guid":{"rendered":"https:\/\/arttao.org\/?page_id=6870"},"modified":"2025-07-25T19:18:06","modified_gmt":"2025-07-25T19:18:06","slug":"d-test-de-traumatisme-et-de-stress-socratique","status":"publish","type":"page","link":"https:\/\/arttao.org\/fr\/d-%e8%8b%8f%e6%a0%bc%e6%8b%89%e5%ba%95-%e5%88%9b%e4%bc%a4%e4%b8%8e%e5%ba%94%e6%bf%80%e9%97%ae%e9%a2%98%e6%b5%8b%e8%af%95\/","title":{"rendered":"D. Socrates-Test de traumatisme et de stress"},"content":{"rendered":"<p class=\"\"><\/p>\n\n\n\n<figure class=\"wp-block-image size-large is-resized\"><img loading=\"lazy\" decoding=\"async\" width=\"1024\" height=\"696\" src=\"https:\/\/arttao.org\/wp-content\/uploads\/2025\/06\/EaI\u00bcIo_601799129_AE\u00afAA\u00b5AA\u00ae\u00d7O\u00b7CAEoO\u00b5EIOA22-1024x696.jpg\" alt=\"\" class=\"wp-image-6917\" style=\"width:77px;height:auto\" srcset=\"\" sizes=\"auto, (max-width: 1024px) 100vw, 1024px\" data-srcset=\"\" \/><\/figure>\n\n\n\n<p class=\"\"><a href=\"https:\/\/arttao.org\/fr\/d-1-quels-sont-les-problemes-lies-aux-traumatismes-et-au-stress\/\" data-type=\"page\" data-id=\"6965\">D. <strong>Quels sont les probl\u00e8mes li\u00e9s aux traumatismes et au stress ?<\/strong><\/a><\/p>\n\n\n\n<p class=\"has-small-font-size\">Avant de passer un test psychologique, il est essentiel de comprendre ce que sont les troubles compulsifs et impulsifs. Cela vous permettra non seulement de mieux comprendre les questions du test, mais aussi d&#039;appr\u00e9hender vos \u00e9motions et vos comportements avec plus de r\u00e9alisme. Les troubles compulsifs se manifestent principalement par des pens\u00e9es r\u00e9currentes et incontr\u00f4lables (comme la crainte des microbes ou la peur de nuire \u00e0 autrui) et les comportements r\u00e9p\u00e9titifs qui en d\u00e9coulent (comme se laver les mains et v\u00e9rifier les serrures). Si ces comportements peuvent soulager temporairement l&#039;anxi\u00e9t\u00e9, ils prennent souvent beaucoup de temps et perturbent la vie quotidienne. Les troubles impulsifs, quant \u00e0 eux, d\u00e9signent des comportements incontr\u00f4lables et soudains, comme une col\u00e8re soudaine, une suralimentation, une addiction au shopping et m\u00eame l&#039;automutilation. Ces comportements visent souvent \u00e0 soulager rapidement un malaise int\u00e9rieur, mais peuvent engendrer des regrets et une douleur plus profonds.<\/p>\n\n\n\n<p class=\"has-small-font-size\">Comprendre ces deux concepts peut vous aider \u00e0 distinguer les \u00ab\u00a0pens\u00e9es occasionnelles\u00a0\u00bb des \u00ab\u00a0sympt\u00f4mes persistants, intenses et perturbateurs\u00a0\u00bb lors de l&#039;\u00e9valuation. Cela vous rappelle \u00e9galement que ces probl\u00e8mes ne sont pas des d\u00e9fauts de personnalit\u00e9, mais plut\u00f4t des d\u00e9s\u00e9quilibres temporaires de votre syst\u00e8me psychologique. En abordant l&#039;\u00e9valuation avec cette compr\u00e9hension, il vous sera plus facile de vous lib\u00e9rer de la honte et de l&#039;autocritique, d&#039;exprimer clairement votre \u00e9tat et d&#039;obtenir des r\u00e9sultats significatifs. C&#039;est une \u00e9tape importante vers l&#039;adaptation et la gu\u00e9rison.<\/p>\n\n\n\n<p class=\"has-small-font-size\"><\/p>\n\n\n\n<figure class=\"wp-block-image size-large is-resized\"><img loading=\"lazy\" decoding=\"async\" width=\"1024\" height=\"696\" src=\"https:\/\/arttao.org\/wp-content\/uploads\/2025\/06\/EaI\u00bcIo_601799129_AE\u00afAA\u00b5AA\u00ae\u00d7O\u00b7CAEoO\u00b5EIOA22-1024x696.jpg\" alt=\"\" class=\"wp-image-6917\" style=\"width:83px;height:auto\" srcset=\"\" sizes=\"auto, (max-width: 1024px) 100vw, 1024px\" data-srcset=\"\" \/><\/figure>\n\n\n\n<p class=\"\"><a href=\"https:\/\/arttao.org\/fr\/4-problemes-lies-aux-traumatismes-et-au-stress-2\/\" data-type=\"page\" data-id=\"650\">D. <strong>Tests de traumatisme et de stress<\/strong><\/a><\/p>\n\n\n\n<p class=\"has-small-font-size\">Avant de passer un test psychologique, passer un test pour les troubles obsessionnels compulsifs et compulsifs ne vise pas \u00e0 vous identifier, mais plut\u00f4t \u00e0 vous aider \u00e0 comprendre vos m\u00e9canismes psychologiques sous-jacents. Les troubles obsessionnels compulsifs se manifestent souvent par des pens\u00e9es r\u00e9p\u00e9titives et incontr\u00f4l\u00e9es (comme une inqui\u00e9tude excessive concernant la contamination) ou des comportements r\u00e9p\u00e9titifs (comme se laver les mains ou v\u00e9rifier), tandis que les troubles impulsifs se manifestent par des envies soudaines et incontr\u00f4lables d&#039;agir (comme des acc\u00e8s de col\u00e8re, des crises de boulimie et des achats impulsifs). Ce test peut vous aider \u00e0 identifier si ces comportements interf\u00e8rent avec votre fonctionnement et s&#039;ils cachent une ins\u00e9curit\u00e9 plus profonde ou des \u00e9motions non trait\u00e9es.<\/p>\n\n\n\n<p class=\"has-small-font-size\">Avant de passer le test, vous devez vous lib\u00e9rer de toute anxi\u00e9t\u00e9 li\u00e9e \u00e0 votre \u00e9tat de sant\u00e9 et aborder les questions avec l&#039;attitude \u00ab\u00a0Je veux me comprendre\u00a0\u00bb. Les questions peuvent porter sur des d\u00e9tails tels que la fr\u00e9quence des comportements, l&#039;intensit\u00e9 des \u00e9motions et le sentiment de perte de contr\u00f4le. Veuillez baser vos r\u00e9ponses sur vos exp\u00e9riences des derni\u00e8res semaines. Ne dissimulez pas vos sentiments, car le test lui-m\u00eame ne juge pas du bien ou du mal\u00a0; il r\u00e9v\u00e8le simplement une tendance.<\/p>\n\n\n\n<p class=\"has-small-font-size\">Apr\u00e8s avoir termin\u00e9 le test, ne tirez pas de conclusions h\u00e2tives. Servez-vous plut\u00f4t des r\u00e9sultats comme d&#039;une r\u00e9f\u00e9rence pour vous aider \u00e0 affronter votre \u00e9tat mental de mani\u00e8re plus consciente. Si n\u00e9cessaire, vous pouvez \u00e9galement discuter des r\u00e9sultats du test avec un psychologue pour mieux comprendre et obtenir du soutien.<\/p>","protected":false},"excerpt":{"rendered":"<p>D. \u4ec0\u4e48\u662f\u521b\u4f24\u4e0e\u5e94\u6fc0\u95ee\u9898\uff1f \u5728\u5fc3\u7406\u6d4b\u8bd5\u524d\uff0c\u4e86\u89e3\u4ec0\u4e48\u662f\u5f3a\u8feb\u4e0e\u51b2\u52a8\u95ee\u9898\u975e\u5e38\u91cd\u8981\u3002\u8fd9\u4e0d\u4ec5\u6709\u52a9\u4e8e\u4f60\u66f4\u51c6\u786e\u5730\u7406\u89e3\u6d4b\u8bd5\u9898 [&hellip;]<\/p>\n","protected":false},"author":1,"featured_media":0,"parent":0,"menu_order":0,"comment_status":"closed","ping_status":"closed","template":"","meta":{"nf_dc_page":"","om_disable_all_campaigns":false,"_monsterinsights_skip_tracking":false,"_monsterinsights_sitenote_active":false,"_monsterinsights_sitenote_note":"","_monsterinsights_sitenote_category":0,"footnotes":""},"class_list":["post-6870","page","type-page","status-publish","hentry"],"_links":{"self":[{"href":"https:\/\/arttao.org\/fr\/wp-json\/wp\/v2\/pages\/6870","targetHints":{"allow":["GET"]}}],"collection":[{"href":"https:\/\/arttao.org\/fr\/wp-json\/wp\/v2\/pages"}],"about":[{"href":"https:\/\/arttao.org\/fr\/wp-json\/wp\/v2\/types\/page"}],"author":[{"embeddable":true,"href":"https:\/\/arttao.org\/fr\/wp-json\/wp\/v2\/users\/1"}],"replies":[{"embeddable":true,"href":"https:\/\/arttao.org\/fr\/wp-json\/wp\/v2\/comments?post=6870"}],"version-history":[{"count":12,"href":"https:\/\/arttao.org\/fr\/wp-json\/wp\/v2\/pages\/6870\/revisions"}],"predecessor-version":[{"id":8187,"href":"https:\/\/arttao.org\/fr\/wp-json\/wp\/v2\/pages\/6870\/revisions\/8187"}],"wp:attachment":[{"href":"https:\/\/arttao.org\/fr\/wp-json\/wp\/v2\/media?parent=6870"}],"curies":[{"name":"wp","href":"https:\/\/api.w.org\/{rel}","templated":true}]}}