{"id":6898,"date":"2025-06-28T18:40:30","date_gmt":"2025-06-28T18:40:30","guid":{"rendered":"https:\/\/arttao.org\/?page_id=6898"},"modified":"2025-07-25T19:19:47","modified_gmt":"2025-07-25T19:19:47","slug":"test-de-questions-sur-les-sautes-dhumeur-de-socrate","status":"publish","type":"page","link":"https:\/\/arttao.org\/fr\/e-%e8%8b%8f%e6%a0%bc%e6%8b%89%e5%ba%95-%e6%83%85%e7%bb%aa%e6%b3%a2%e5%8a%a8%e9%97%ae%e9%a2%98%e6%b5%8b%e8%af%95\/","title":{"rendered":"E. Socrate - Questions sur le test de swing \u00e9motionnel"},"content":{"rendered":"<p class=\"\"><\/p>\n\n\n\n<figure class=\"wp-block-image size-large is-resized\"><img loading=\"lazy\" decoding=\"async\" width=\"1024\" height=\"637\" src=\"https:\/\/arttao.org\/wp-content\/uploads\/2025\/06\/EaI\u00bcIo_601786894_\u00b3EE\u00b1\u00b3\u00be\u00b0EI\u00b5AEUA\u00ae\u00b7CAEoO\u00b5EIOA22-1024x637.jpg\" alt=\"\" class=\"wp-image-6921\" style=\"width:80px;height:auto\" srcset=\"\" sizes=\"auto, (max-width: 1024px) 100vw, 1024px\" data-srcset=\"\" \/><\/figure>\n\n\n\n<p class=\"\"><a href=\"https:\/\/arttao.org\/fr\/e1-quels-sont-les-problemes-de-sautes-dhumeur\/\" data-type=\"page\" data-id=\"6901\">E. <strong>Quels sont les probl\u00e8mes de sautes d\u2019humeur ?<\/strong><\/a><\/p>\n\n\n\n<p class=\"has-small-font-size\">Les sautes d&#039;humeur d\u00e9signent des changements d&#039;humeur fr\u00e9quents et importants qui d\u00e9passent les fluctuations normales et impactent la vie, les relations et la perception globale de soi. En temps normal, les gens ressentent des \u00e9motions comme la joie, la col\u00e8re, la tristesse et le bonheur en r\u00e9action \u00e0 des \u00e9v\u00e9nements ext\u00e9rieurs, mais retrouvent g\u00e9n\u00e9ralement leur \u00e9quilibre rapidement. Cependant, les sautes d&#039;humeur se manifestent souvent par des sautes d&#039;humeur incontr\u00f4lables, telles que des passages soudains d&#039;une excitation extr\u00eame \u00e0 la d\u00e9pression, des acc\u00e8s de calme soudains \u00e0 la col\u00e8re, ou des p\u00e9riodes prolong\u00e9es d&#039;irritabilit\u00e9 et de vide. Ces fluctuations manquent souvent de cause claire et peuvent d\u00e9clencher des r\u00e9actions intenses, m\u00eame \u00e0 des incidents mineurs.<\/p>\n\n\n\n<p class=\"has-small-font-size\">Les sautes d&#039;humeur ne sont pas simplement \u00ab\u00a0\u00e9motionnelles\u00a0\u00bb ou \u00ab\u00a0sensibles\u00a0\u00bb, mais plut\u00f4t l&#039;instabilit\u00e9 du m\u00e9canisme de r\u00e9gulation interne, qui peut impliquer de multiples facteurs tels que le syst\u00e8me nerveux, des facteurs physiologiques, les exp\u00e9riences de l&#039;enfance et les traits de personnalit\u00e9. En pratique clinique, elles sont fr\u00e9quentes chez<strong>Trouble bipolaire, trouble de la personnalit\u00e9 limite, trouble de la r\u00e9gulation de l\u2019humeur, trouble de dysr\u00e9gulation de l\u2019humeur disruptive (DMDD), etc.<\/strong>En cas de maladie, les sautes d\u2019humeur non seulement \u00e9puisent les individus, mais peuvent aussi facilement conduire \u00e0 des relations bris\u00e9es, \u00e0 une estime de soi endommag\u00e9e et m\u00eame \u00e0 un comportement impulsif.<\/p>\n\n\n\n<p class=\"has-small-font-size\">Comprendre le probl\u00e8me des fluctuations \u00e9motionnelles est une pr\u00e9paration importante avant de proc\u00e9der \u00e0 une \u00e9valuation psychologique. Cela nous aide \u00e0 identifier si nous sommes en \u00e9tat de \u00ab d\u00e9s\u00e9quilibre \u00e9motionnel \u00bb et pose les bases d&#039;un soutien psychologique et d&#039;une autor\u00e9gulation ult\u00e9rieurs.<\/p>\n\n\n\n<p class=\"has-small-font-size\"><\/p>\n\n\n\n<figure class=\"wp-block-image size-large is-resized\"><img loading=\"lazy\" decoding=\"async\" width=\"1024\" height=\"637\" src=\"https:\/\/arttao.org\/wp-content\/uploads\/2025\/06\/EaI\u00bcIo_601786894_\u00b3EE\u00b1\u00b3\u00be\u00b0EI\u00b5AEUA\u00ae\u00b7CAEoO\u00b5EIOA22-1024x637.jpg\" alt=\"\" class=\"wp-image-6921\" style=\"width:84px;height:auto\" srcset=\"\" sizes=\"auto, (max-width: 1024px) 100vw, 1024px\" data-srcset=\"\" \/><\/figure>\n\n\n\n<p class=\"\">E. <strong><a href=\"https:\/\/arttao.org\/fr\/e-sautes-dhumeur\/\">Tests sur les probl\u00e8mes de sautes d&#039;humeur<\/a><\/strong><\/p>\n\n\n\n<p class=\"has-small-font-size\">L&#039;\u00e9valuation des sautes d&#039;humeur par des tests psychologiques est cruciale, car ces troubles se cachent souvent dans les sautes d&#039;humeur quotidiennes et peuvent facilement \u00eatre interpr\u00e9t\u00e9s \u00e0 tort comme une \u00ab mauvaise personnalit\u00e9 \u00bb ou un \u00ab mauvais caract\u00e8re \u00bb. Cependant, les v\u00e9ritables troubles de l&#039;humeur (tels que le trouble bipolaire, le trouble de la r\u00e9gulation de l&#039;humeur et le trouble de la personnalit\u00e9 limite) impliquent souvent des difficult\u00e9s plus profondes de r\u00e9gulation \u00e9motionnelle, une instabilit\u00e9 de l&#039;identit\u00e9 personnelle et des relations interpersonnelles tendues. Gr\u00e2ce \u00e0 des tests psychologiques syst\u00e9matiques, nous pouvons aider les individus \u00e0 identifier la p\u00e9riodicit\u00e9, l&#039;intensit\u00e9 et la dur\u00e9e des hauts et des bas, ainsi qu&#039;\u00e0 d\u00e9terminer s&#039;ils s&#039;accompagnent de comportements impulsifs, distinguant ainsi les fluctuations normales des \u00e9tats pathologiques.<\/p>\n\n\n\n<p class=\"has-small-font-size\">Les tests sont \u00e9galement importants car ils fournissent une base claire pour le jugement clinique, l&#039;entraide personnelle et l&#039;intervention ult\u00e9rieure. De nombreuses personnes souffrent de d\u00e9tresse \u00e9motionnelle pendant des ann\u00e9es sans pouvoir nommer ou comprendre ce qu&#039;elles ressentent, ce qui entra\u00eene des retards de traitement ou des strat\u00e9gies d&#039;adaptation inadapt\u00e9es. L&#039;\u00e9valuation scientifique peut aider les individus \u00e0 prendre conscience de leurs propres sch\u00e9mas \u00e9motionnels et \u00e0 am\u00e9liorer leur gestion proactive des \u00e9motions. Elle peut \u00e9galement informer les professionnels sur les options d&#039;intervention, comme la n\u00e9cessit\u00e9 de m\u00e9dicaments, d&#039;une formation \u00e0 la stabilit\u00e9 \u00e9motionnelle ou d&#039;un accompagnement relationnel. Par cons\u00e9quent, le d\u00e9pistage des sautes d&#039;humeur est une \u00e9tape cruciale vers la sant\u00e9 mentale.<\/p>","protected":false},"excerpt":{"rendered":"<p>E. \u4ec0\u4e48\u662f\u60c5\u7eea\u6ce2\u52a8\u95ee\u9898\uff1f \u60c5\u7eea\u6ce2\u52a8\u95ee\u9898\u662f\u6307\u4e00\u4e2a\u4eba\u60c5\u7eea\u72b6\u6001\u9891\u7e41\u3001\u5267\u70c8\u5730\u53d1\u751f\u53d8\u5316\uff0c\u4e14\u8fd9\u4e9b\u53d8\u5316\u8d85\u51fa\u65e5\u5e38\u6ce2\u52a8\u7684\u8303\u56f4\uff0c [&hellip;]<\/p>\n","protected":false},"author":1,"featured_media":0,"parent":0,"menu_order":0,"comment_status":"closed","ping_status":"closed","template":"","meta":{"nf_dc_page":"","om_disable_all_campaigns":false,"_monsterinsights_skip_tracking":false,"_monsterinsights_sitenote_active":false,"_monsterinsights_sitenote_note":"","_monsterinsights_sitenote_category":0,"footnotes":""},"class_list":["post-6898","page","type-page","status-publish","hentry"],"_links":{"self":[{"href":"https:\/\/arttao.org\/fr\/wp-json\/wp\/v2\/pages\/6898","targetHints":{"allow":["GET"]}}],"collection":[{"href":"https:\/\/arttao.org\/fr\/wp-json\/wp\/v2\/pages"}],"about":[{"href":"https:\/\/arttao.org\/fr\/wp-json\/wp\/v2\/types\/page"}],"author":[{"embeddable":true,"href":"https:\/\/arttao.org\/fr\/wp-json\/wp\/v2\/users\/1"}],"replies":[{"embeddable":true,"href":"https:\/\/arttao.org\/fr\/wp-json\/wp\/v2\/comments?post=6898"}],"version-history":[{"count":7,"href":"https:\/\/arttao.org\/fr\/wp-json\/wp\/v2\/pages\/6898\/revisions"}],"predecessor-version":[{"id":8188,"href":"https:\/\/arttao.org\/fr\/wp-json\/wp\/v2\/pages\/6898\/revisions\/8188"}],"wp:attachment":[{"href":"https:\/\/arttao.org\/fr\/wp-json\/wp\/v2\/media?parent=6898"}],"curies":[{"name":"wp","href":"https:\/\/api.w.org\/{rel}","templated":true}]}}