{"id":6997,"date":"2025-06-29T17:59:35","date_gmt":"2025-06-29T17:59:35","guid":{"rendered":"https:\/\/arttao.org\/?page_id=6997"},"modified":"2025-07-25T19:20:39","modified_gmt":"2025-07-25T19:20:39","slug":"f-problemes-de-sommeil-et-problemes-physiques","status":"publish","type":"page","link":"https:\/\/arttao.org\/fr\/f-%e7%9d%a1%e7%9c%a0%e4%b8%8e%e8%ba%af%e4%bd%93%e9%97%ae%e9%a2%98\/","title":{"rendered":"F. Probl\u00e8mes de sommeil et probl\u00e8mes physiques"},"content":{"rendered":"<p class=\"\"><\/p>\n\n\n\n<figure class=\"wp-block-image size-large is-resized\"><img loading=\"lazy\" decoding=\"async\" width=\"1024\" height=\"734\" src=\"https:\/\/arttao.org\/wp-content\/uploads\/2025\/06\/EaI\u00bcIo_601794472_AAAo\u00b5A\u00a8\u00b6aoIEUA\u00ae\u00b7CAEoO\u00b5EIOA-1024x734.jpg\" alt=\"\" class=\"wp-image-7007\" style=\"width:66px;height:auto\" srcset=\"https:\/\/arttao.org\/wp-content\/uploads\/2025\/06\/EaI\u00bcIo_601794472_AAAo\u00b5A\u00a8\u00b6aoIEUA\u00ae\u00b7CAEoO\u00b5EIOA-1024x734.jpg 1024w, https:\/\/arttao.org\/wp-content\/uploads\/2025\/06\/EaI\u00bcIo_601794472_AAAo\u00b5A\u00a8\u00b6aoIEUA\u00ae\u00b7CAEoO\u00b5EIOA-300x215.jpg 300w, https:\/\/arttao.org\/wp-content\/uploads\/2025\/06\/EaI\u00bcIo_601794472_AAAo\u00b5A\u00a8\u00b6aoIEUA\u00ae\u00b7CAEoO\u00b5EIOA-768x551.jpg 768w, https:\/\/arttao.org\/wp-content\/uploads\/2025\/06\/EaI\u00bcIo_601794472_AAAo\u00b5A\u00a8\u00b6aoIEUA\u00ae\u00b7CAEoO\u00b5EIOA-1536x1101.jpg 1536w, https:\/\/arttao.org\/wp-content\/uploads\/2025\/06\/EaI\u00bcIo_601794472_AAAo\u00b5A\u00a8\u00b6aoIEUA\u00ae\u00b7CAEoO\u00b5EIOA-2048x1468.jpg 2048w\" sizes=\"auto, (max-width: 1024px) 100vw, 1024px\" \/><\/figure>\n\n\n\n<p class=\"\"><a href=\"https:\/\/arttao.org\/fr\/f1-%e4%bb%80%e4%b9%88%e6%98%af%e7%9d%a1%e7%9c%a0%e4%b8%8e%e8%ba%af%e4%bd%93%e9%97%ae%e9%a2%98%ef%bc%9f\/\" data-type=\"page\" data-id=\"7001\">F. <strong>Quels sont les probl\u00e8mes de sommeil et de corps ?<\/strong><\/a><\/p>\n\n\n\n<p class=\"has-small-font-size\">Le sommeil et l&#039;inconfort physique sont souvent les premiers signes de troubles psychologiques. Ce cours vous permettra de mieux comprendre ce que sont les \u00ab\u00a0troubles du sommeil et du corps\u00a0\u00bb. Ces sympt\u00f4mes vont au-del\u00e0 des sympt\u00f4mes superficiels comme l&#039;insomnie, les r\u00e9veils pr\u00e9coces, les maux de ventre, l&#039;oppression thoracique et la fatigue. Ils repr\u00e9sentent la manifestation physique d&#039;un stress interne, d&#039;\u00e9motions refoul\u00e9es et de conflits psychologiques inexprim\u00e9s. Lorsqu&#039;une personne a du mal \u00e0 exprimer ses \u00e9motions verbalement, son corps parle \u00e0 sa place, ce qui entra\u00eene des sympt\u00f4mes qui d\u00e9fient les explications m\u00e9dicales conventionnelles. Ce cours examinera les manifestations courantes de ces troubles, les m\u00e9canismes psychologiques qui les sous-tendent et leurs liens avec l&#039;anxi\u00e9t\u00e9, la d\u00e9pression et les traumatismes. Cela vous aidera \u00e0 distinguer entre \u00ab\u00a0maladie physique r\u00e9elle\u00a0\u00bb et \u00ab\u00a0maladie psychosomatique\u00a0\u00bb. Vous comprendrez pourquoi des probl\u00e8mes physiques souvent apparemment incurables n\u00e9cessitent une intervention psychologique. Ce cours met l&#039;accent sur l&#039;int\u00e9gration du syst\u00e8me corps-esprit, offrant une perspective fondamentale pour l&#039;\u00e9valuation et le traitement ult\u00e9rieurs. Apprendre \u00e0 \u00e9couter son corps est la premi\u00e8re \u00e9tape vers la gu\u00e9rison.<\/p>\n\n\n\n<p class=\"has-small-font-size\"><\/p>\n\n\n\n<figure class=\"wp-block-image size-large is-resized\"><img loading=\"lazy\" decoding=\"async\" width=\"1024\" height=\"734\" src=\"https:\/\/arttao.org\/wp-content\/uploads\/2025\/06\/EaI\u00bcIo_601794472_AAAo\u00b5A\u00a8\u00b6aoIEUA\u00ae\u00b7CAEoO\u00b5EIOA-1024x734.jpg\" alt=\"\" class=\"wp-image-7007\" style=\"width:70px;height:auto\" srcset=\"https:\/\/arttao.org\/wp-content\/uploads\/2025\/06\/EaI\u00bcIo_601794472_AAAo\u00b5A\u00a8\u00b6aoIEUA\u00ae\u00b7CAEoO\u00b5EIOA-1024x734.jpg 1024w, https:\/\/arttao.org\/wp-content\/uploads\/2025\/06\/EaI\u00bcIo_601794472_AAAo\u00b5A\u00a8\u00b6aoIEUA\u00ae\u00b7CAEoO\u00b5EIOA-300x215.jpg 300w, https:\/\/arttao.org\/wp-content\/uploads\/2025\/06\/EaI\u00bcIo_601794472_AAAo\u00b5A\u00a8\u00b6aoIEUA\u00ae\u00b7CAEoO\u00b5EIOA-768x551.jpg 768w, https:\/\/arttao.org\/wp-content\/uploads\/2025\/06\/EaI\u00bcIo_601794472_AAAo\u00b5A\u00a8\u00b6aoIEUA\u00ae\u00b7CAEoO\u00b5EIOA-1536x1101.jpg 1536w, https:\/\/arttao.org\/wp-content\/uploads\/2025\/06\/EaI\u00bcIo_601794472_AAAo\u00b5A\u00a8\u00b6aoIEUA\u00ae\u00b7CAEoO\u00b5EIOA-2048x1468.jpg 2048w\" sizes=\"auto, (max-width: 1024px) 100vw, 1024px\" \/><\/figure>\n\n\n\n<p class=\"\"><a href=\"https:\/\/arttao.org\/fr\/f-%e7%9d%a1%e7%9c%a0%e4%b8%8e%e8%ba%af%e4%bd%93%e9%97%ae%e9%a2%98s\/\">F.<strong>Tests de sommeil et de probl\u00e8mes physiques<\/strong><\/a><\/p>\n\n\n\n<p class=\"has-small-font-size\">Le sommeil et l&#039;inconfort physique sont souvent confondus avec des troubles purement physiologiques, mais ils peuvent en r\u00e9alit\u00e9 r\u00e9sulter d&#039;un stress psychologique chronique. Ce cours vous guidera \u00e0 travers une \u00e9valuation psychologique ax\u00e9e sur les \u00ab\u00a0troubles du sommeil et troubles somatiques\u00a0\u00bb. \u00c0 l&#039;aide de questions structur\u00e9es, vous \u00e9valuerez si vous pr\u00e9sentez les sympt\u00f4mes suivants\u00a0: difficult\u00e9s d&#039;endormissement, r\u00e9veils pr\u00e9coces, r\u00eaves fr\u00e9quents, r\u00e9veils en sursaut, fatigue persistante, courbatures, troubles gastro-intestinaux et essoufflement. Bien que ces sympt\u00f4mes puissent para\u00eetre physiques, ils sont souvent \u00e9troitement li\u00e9s \u00e0 l&#039;anxi\u00e9t\u00e9, \u00e0 la d\u00e9pression et \u00e0 des exp\u00e9riences traumatisantes. Ce test n&#039;est pas un outil de diagnostic, mais plut\u00f4t un outil pour vous aider \u00e0 comprendre le lien entre votre corps et votre esprit. Le cours expliquera \u00e9galement la signification de chaque indicateur, vous guidant vers la conscience de soi et l&#039;\u00e9laboration d&#039;un cadre pour comprendre l&#039;int\u00e9gration du corps et de l&#039;esprit. Apr\u00e8s avoir termin\u00e9 l&#039;\u00e9valuation, vous comprendrez mieux quels signaux n\u00e9cessitent une attention particuli\u00e8re, quand consulter un professionnel et comment g\u00e9rer et pr\u00e9venir ces probl\u00e8mes au quotidien. Il s&#039;agit bien plus qu&#039;un simple exercice d&#039;auto-\u00e9valuation\u00a0; c&#039;est l&#039;occasion d&#039;\u00e9couter en profondeur le dialogue entre votre corps et votre esprit.<\/p>\n\n\n\n<p class=\"\"><\/p>","protected":false},"excerpt":{"rendered":"<p>F. \u4ec0\u4e48\u662f\u7761\u7720\u4e0e\u8eaf\u4f53\u95ee\u9898\uff1f \u7761\u7720\u4e0e\u8eab\u4f53\u7684\u4e0d\u9002\uff0c\u5e38\u5e38\u662f\u5fc3\u7406\u95ee\u9898\u6700\u65e9\u53d1\u51fa\u7684\u4fe1\u53f7\u3002\u672c\u8bfe\u5c06\u5e26\u4f60\u6df1\u5165\u4e86\u89e3\uff1a\u4ec0\u4e48\u662f\u201c\u7761\u7720 [&hellip;]<\/p>\n","protected":false},"author":1,"featured_media":0,"parent":0,"menu_order":0,"comment_status":"closed","ping_status":"closed","template":"","meta":{"nf_dc_page":"","om_disable_all_campaigns":false,"_monsterinsights_skip_tracking":false,"_monsterinsights_sitenote_active":false,"_monsterinsights_sitenote_note":"","_monsterinsights_sitenote_category":0,"footnotes":""},"class_list":["post-6997","page","type-page","status-publish","hentry"],"_links":{"self":[{"href":"https:\/\/arttao.org\/fr\/wp-json\/wp\/v2\/pages\/6997","targetHints":{"allow":["GET"]}}],"collection":[{"href":"https:\/\/arttao.org\/fr\/wp-json\/wp\/v2\/pages"}],"about":[{"href":"https:\/\/arttao.org\/fr\/wp-json\/wp\/v2\/types\/page"}],"author":[{"embeddable":true,"href":"https:\/\/arttao.org\/fr\/wp-json\/wp\/v2\/users\/1"}],"replies":[{"embeddable":true,"href":"https:\/\/arttao.org\/fr\/wp-json\/wp\/v2\/comments?post=6997"}],"version-history":[{"count":6,"href":"https:\/\/arttao.org\/fr\/wp-json\/wp\/v2\/pages\/6997\/revisions"}],"predecessor-version":[{"id":8189,"href":"https:\/\/arttao.org\/fr\/wp-json\/wp\/v2\/pages\/6997\/revisions\/8189"}],"wp:attachment":[{"href":"https:\/\/arttao.org\/fr\/wp-json\/wp\/v2\/media?parent=6997"}],"curies":[{"name":"wp","href":"https:\/\/api.w.org\/{rel}","templated":true}]}}