{"id":7032,"date":"2025-06-29T20:28:02","date_gmt":"2025-06-29T20:28:02","guid":{"rendered":"https:\/\/arttao.org\/?page_id=7032"},"modified":"2025-07-25T19:21:22","modified_gmt":"2025-07-25T19:21:22","slug":"h1-dependance-et-addiction","status":"publish","type":"page","link":"https:\/\/arttao.org\/fr\/h1-%e4%be%9d%e8%b5%96%e4%b8%8e%e6%88%90%e7%98%be%e9%97%ae%e9%a2%98\/","title":{"rendered":"G. Questions et r\u00e9ponses socratiques - D\u00e9pendance et addiction"},"content":{"rendered":"<p class=\"\"><\/p>\n\n\n\n<p class=\"\"><\/p>\n\n\n\n<figure class=\"wp-block-image size-large is-resized\"><img loading=\"lazy\" decoding=\"async\" width=\"1024\" height=\"770\" src=\"https:\/\/arttao.org\/wp-content\/uploads\/2025\/06\/EaI\u00bcIo_601793890_\u00bf \u00a8I\u00a8D\u00a1 A\u00aeo\u00a2\u00b2a_\u00b7CAEoO\u00b5EIOA1-1024x770.jpg\" alt=\"\" class=\"wp-image-7140\" style=\"width:65px;height:auto\" srcset=\"\" sizes=\"auto, (max-width: 1024px) 100vw, 1024px\" data-srcset=\"\" \/><\/figure>\n\n\n\n<p class=\"\"><a href=\"https:\/\/arttao.org\/fr\/h-1-quels-sont-les-problemes-de-dependance-et-daddiction\/\" data-type=\"page\" data-id=\"7042\">G. <strong>Quels sont les probl\u00e8mes de d\u00e9pendance et d\u2019addiction ?<\/strong><\/a><\/p>\n\n\n\n<p class=\"has-small-font-size\">Dans le domaine de la sant\u00e9 mentale, la \u00ab\u00a0d\u00e9pendance\u00a0\u00bb ne d\u00e9signe pas seulement la d\u00e9pendance \u00e0 des substances (comme l&#039;alcool, les drogues et la nicotine), mais inclut \u00e9galement une obsession excessive et un contr\u00f4le d\u00e9s\u00e9quilibr\u00e9 sur certains comportements (comme Internet, les jeux d&#039;argent et les relations affectives). Ses principales caract\u00e9ristiques sont les suivantes\u00a0:<strong>Sachant que c&#039;est nocif pour le corps et l&#039;esprit, mais ayant encore du mal \u00e0 s&#039;arr\u00eater ou \u00e0 s&#039;en d\u00e9tacher<\/strong>, et s\u2019accompagnent de sautes d\u2019humeur, d\u2019envies intenses, de culpabilit\u00e9 et m\u00eame de d\u00e9go\u00fbt de soi.<\/p>\n\n\n\n<p class=\"has-small-font-size\">La d\u00e9pendance commence souvent par une lutte contre l&#039;autor\u00e9gulation. Face au stress, \u00e0 la souffrance \u00e9motionnelle ou au sentiment de vide, les individus recherchent un r\u00e9confort temporaire par des moyens ext\u00e9rieurs (substances ou comportements). Au d\u00e9but, ces comportements peuvent sembler inoffensifs, comme s&#039;endormir sur son t\u00e9l\u00e9phone ou se d\u00e9tendre avec un verre, mais ils augmentent progressivement en fr\u00e9quence et deviennent incontr\u00f4lables, jusqu&#039;\u00e0 finalement devenir une addiction. Les comportements addictifs peuvent occulter d&#039;autres aspects importants de la vie, entra\u00eenant une perte de sens, des troubles relationnels, une mauvaise sant\u00e9 et m\u00eame une d\u00e9tresse psychologique.<\/p>\n\n\n\n<p class=\"has-small-font-size\">Ce cours vous aidera \u00e0 identifier les diff\u00e9rentes formes de d\u00e9pendance et d&#039;addiction, \u00e0 comprendre les m\u00e9canismes psychologiques qui les sous-tendent (tels que l&#039;\u00e9vitement, le d\u00e9ni de soi et la difficult\u00e9 \u00e0 r\u00e9guler ses \u00e9motions), et \u00e0 retrouver votre libert\u00e9 int\u00e9rieure gr\u00e2ce \u00e0 la prise de conscience de soi, au r\u00e9tablissement de votre rythme, au d\u00e9veloppement de strat\u00e9gies alternatives et au soutien psychologique. La d\u00e9pendance n&#039;est pas un signe de faiblesse, mais plut\u00f4t le cri d&#039;\u00e9motions non r\u00e9solues. Seule la compr\u00e9hension permet de gu\u00e9rir.<\/p>\n\n\n\n<figure class=\"wp-block-image size-large is-resized\"><img loading=\"lazy\" decoding=\"async\" width=\"1024\" height=\"770\" src=\"https:\/\/arttao.org\/wp-content\/uploads\/2025\/06\/EaI\u00bcIo_601793890_\u00bf \u00a8I\u00a8D\u00a1 A\u00aeo\u00a2\u00b2a_\u00b7CAEoO\u00b5EIOA1-1024x770.jpg\" alt=\"\" class=\"wp-image-7140\" style=\"width:67px;height:auto\" srcset=\"\" sizes=\"auto, (max-width: 1024px) 100vw, 1024px\" data-srcset=\"\" \/><\/figure>\n\n\n\n<p class=\"\"><a href=\"https:\/\/arttao.org\/fr\/h-%e4%be%9d%e8%b5%96%e4%b8%8e%e6%88%90%e7%98%be%e9%97%ae%e9%a2%98s\/\" data-type=\"page\" data-id=\"2954\">G. <strong>Tests de d\u00e9pendance et d&#039;addiction<\/strong><\/a><\/p>\n\n\n\n<p class=\"has-small-font-size\">Nous passerons<strong>Questionnement socratique<\/strong>, pour explorer en profondeur les m\u00e9canismes psychologiques et les sch\u00e9mas comportementaux de la \u00ab\u00a0d\u00e9pendance\u00a0\u00bb. Ce test n&#039;est pas un questionnaire de notation traditionnel, mais un dialogue guid\u00e9.<strong>Vous aider \u00e0 voir clairement si vous utilisez certains comportements pour combler un vide int\u00e9rieur, perdre le contr\u00f4le de vos \u00e9motions ou \u00e9viter de r\u00e9elles difficult\u00e9s<\/strong>.<\/p>\n\n\n\n<p class=\"has-small-font-size\">La d\u00e9pendance ne se limite pas aux drogues ou \u00e0 l\u2019alcool\u00a0;<strong>T\u00e9l\u00e9phones portables, jeux, r\u00e9seaux sociaux, suralimentation, shopping, travail et m\u00eame attachement dans les relations<\/strong>Les tests porteront sur les domaines cl\u00e9s suivants :<\/p>\n\n\n\n<ul class=\"wp-block-list\">\n<li class=\"has-small-font-size\"><strong>M\u00e9canisme de d\u00e9clenchement<\/strong>:Dans quelles situations \u00eates-vous le plus susceptible d\u2019adopter un comportement d\u00e9pendant ?<\/li>\n\n\n\n<li class=\"has-small-font-size\"><strong>R\u00e9gulation \u00e9motionnelle<\/strong>:Ces comportements sont-ils quelque chose que vous faites pour faire face \u00e0 la douleur, \u00e0 l\u2019anxi\u00e9t\u00e9 ou \u00e0 la solitude\u00a0?<\/li>\n\n\n\n<li class=\"has-small-font-size\"><strong>Exp\u00e9rience de ma\u00eetrise de soi<\/strong>:Avez-vous d\u00e9j\u00e0 essay\u00e9 de r\u00e9duire ou d\u2019arr\u00eater, mais avez-vous toujours \u00e9chou\u00e9 et \u00eates-vous tomb\u00e9 dans l\u2019auto-accusation ?<\/li>\n\n\n\n<li class=\"has-small-font-size\"><strong>Impact sur la vie<\/strong>:Cela a-t-il affect\u00e9 vos relations, votre sommeil, vos finances ou votre estime de soi ?<\/li>\n<\/ul>\n\n\n\n<p class=\"has-small-font-size\">Gr\u00e2ce \u00e0 ces questions exploratoires, le syst\u00e8me vous aidera \u00e0 cr\u00e9er votre propre \u00ab\u00a0carte de d\u00e9pendance psychologique\u00a0\u00bb, \u00e9tablissant ainsi une orientation plus claire pour votre gu\u00e9rison, vos ajustements comportementaux et vos strat\u00e9gies de vie. Ce test n&#039;a ni bon ni mauvais sens, seulement compr\u00e9hension et prise de conscience. C&#039;est une \u00e9tape pour vous permettre d&#039;\u00eatre honn\u00eate et bienveillant envers vous-m\u00eame.<\/p>\n\n\n\n<p class=\"\"><\/p>","protected":false},"excerpt":{"rendered":"<p>G. \u4ec0\u4e48\u662f\u4f9d\u8d56\u4e0e\u6210\u763e\u95ee\u9898\uff1f \u5728\u5fc3\u7406\u5065\u5eb7\u9886\u57df\uff0c\u201c\u4f9d\u8d56\u4e0e\u6210\u763e\u201d\u4e0d\u4ec5\u4ec5\u6307\u5bf9\u7269\u8d28\uff08\u5982\u9152\u7cbe\u3001\u836f\u7269\u3001\u5c3c\u53e4\u4e01\uff09\u7684\u4f9d\u8d56\uff0c\u66f4\u5305 [&hellip;]<\/p>\n","protected":false},"author":1,"featured_media":0,"parent":0,"menu_order":0,"comment_status":"closed","ping_status":"closed","template":"","meta":{"nf_dc_page":"","om_disable_all_campaigns":false,"_monsterinsights_skip_tracking":false,"_monsterinsights_sitenote_active":false,"_monsterinsights_sitenote_note":"","_monsterinsights_sitenote_category":0,"footnotes":""},"class_list":["post-7032","page","type-page","status-publish","hentry"],"_links":{"self":[{"href":"https:\/\/arttao.org\/fr\/wp-json\/wp\/v2\/pages\/7032","targetHints":{"allow":["GET"]}}],"collection":[{"href":"https:\/\/arttao.org\/fr\/wp-json\/wp\/v2\/pages"}],"about":[{"href":"https:\/\/arttao.org\/fr\/wp-json\/wp\/v2\/types\/page"}],"author":[{"embeddable":true,"href":"https:\/\/arttao.org\/fr\/wp-json\/wp\/v2\/users\/1"}],"replies":[{"embeddable":true,"href":"https:\/\/arttao.org\/fr\/wp-json\/wp\/v2\/comments?post=7032"}],"version-history":[{"count":9,"href":"https:\/\/arttao.org\/fr\/wp-json\/wp\/v2\/pages\/7032\/revisions"}],"predecessor-version":[{"id":8190,"href":"https:\/\/arttao.org\/fr\/wp-json\/wp\/v2\/pages\/7032\/revisions\/8190"}],"wp:attachment":[{"href":"https:\/\/arttao.org\/fr\/wp-json\/wp\/v2\/media?parent=7032"}],"curies":[{"name":"wp","href":"https:\/\/api.w.org\/{rel}","templated":true}]}}