{"id":7385,"date":"2025-07-01T01:25:42","date_gmt":"2025-07-01T01:25:42","guid":{"rendered":"https:\/\/arttao.org\/?page_id=7385"},"modified":"2025-10-28T20:23:12","modified_gmt":"2025-10-28T20:23:12","slug":"guerison-psychologique","status":"publish","type":"page","link":"https:\/\/arttao.org\/fr\/a-g-%e5%bf%83%e7%90%86%e7%96%97%e6%84%88\/","title":{"rendered":"AG. Gu\u00e9rison psychologique"},"content":{"rendered":"<section class=\"arttao-healing-path is-layout-flow wp-block-group-is-layout-flow\">\n\n  \n  <div style=\"height:40px\" aria-hidden=\"true\" class=\"wp-block-spacer\"><\/div>\n  \n\n  <!-- ===== A. \u7126\u8651\u76f8\u5173\u95ee\u9898 ===== -->\n  \n  <figure class=\"wp-block-image size-large is-resized\">\n    <img loading=\"lazy\" decoding=\"async\" width=\"1024\" height=\"723\" src=\"https:\/\/arttao.org\/wp-content\/uploads\/2025\/07\/EaI\u00bcIo_601794472_AAAo\u00b5A\u00a8\u00b6aoIEUA\u00ae\u00b7CAEoO\u00b5EIOA1-1024x723.jpg\"\n         alt=\"Probl\u00e8mes li\u00e9s \u00e0 l&#039;anxi\u00e9t\u00e9\" class=\"wp-image-7386\"\n         style=\"width:71px;height:auto\" srcset=\"\" sizes=\"auto, (max-width: 1024px) 100vw, 1024px\" data-srcset=\"\" \/>\n  <\/figure>\n  \n\n  \n  <p>\n    <a href=\"https:\/\/arttao.org\/fr\/1-problemes-lies-a-lanxiete-2\/\">\n      <strong>A. Cours sur les probl\u00e8mes li\u00e9s \u00e0 l&#039;anxi\u00e9t\u00e9<\/strong>\n    <\/a>\n  <\/p>\n  \n\n  \n  <p class=\"has-small-font-size\">\n    L&#039;anxi\u00e9t\u00e9 est un \u00e9tat psychologique courant, mais souvent n\u00e9glig\u00e9, qui peut se manifester par des inqui\u00e9tudes persistantes, une introspection excessive ou le sentiment d&#039;impuissance face \u00e0 l&#039;avenir. Ce cours aide les apprenants \u00e0 identifier les types d&#039;anxi\u00e9t\u00e9 les plus fr\u00e9quents, comme l&#039;anxi\u00e9t\u00e9 g\u00e9n\u00e9ralis\u00e9e, l&#039;anxi\u00e9t\u00e9 sociale, les crises de panique et les phobies sp\u00e9cifiques, \u00e0 comprendre leurs manifestations psychologiques et physiques, et \u00e0 retrouver un sentiment de s\u00e9curit\u00e9 et d&#039;\u00e9quilibre.\n  <\/p>\n  \n\n  <!-- ===== B. \u6291\u90c1\u76f8\u5173\u95ee\u9898 ===== -->\n  <figure class=\"wp-block-image size-large is-resized\">\n    <img decoding=\"async\" src=\"https:\/\/arttao.org\/wp-content\/uploads\/2025\/06\/EaI\u00bcIo_601793889_\u00bf \u00a8I\u00a8D\u00a1 A\u00aeo\u00a2I\u00b7\u00b4\u00f7\u00a8\u00b6a\u00b7CAEoO\u00b5EIOA-1024x735.jpg\"\n         alt=\"\u6291\u90c1\u76f8\u5173\u95ee\u9898\"\n         style=\"width:71px;height:auto\"\/>\n  <\/figure>\n\n  <p>\n    <a href=\"https:\/\/arttao.org\/fr\/problemes-lies-a-la-depression\/\">\n      <strong>B. Cours sur les probl\u00e8mes li\u00e9s \u00e0 la d\u00e9pression<\/strong>\n    <\/a>\n  <\/p>\n\n  <p class=\"has-small-font-size\">\n    La d\u00e9pression ne se limite pas \u00e0 une simple baisse d&#039;humeur\u00a0; elle s&#039;accompagne d&#039;un \u00e9puisement psychologique. Ce module explore diff\u00e9rents types de d\u00e9pression, comme le trouble d\u00e9pressif majeur, la d\u00e9pression persistante et la d\u00e9pression post-partum. Il analyse les m\u00e9canismes cognitifs et \u00e9motionnels qui la sous-tendent et vous aide \u00e0 reconna\u00eetre les premiers signes avant-coureurs afin de retrouver votre vitalit\u00e9 et un sens \u00e0 votre vie.\n  <\/p>\n\n  <!-- ===== C. \u5f3a\u8feb\u4e0e\u51b2\u52a8 ===== -->\n  <figure class=\"wp-block-image size-large is-resized\">\n    <img decoding=\"async\" src=\"https:\/\/arttao.org\/wp-content\/uploads\/2025\/06\/EaI\u00bcIo_601793890_\u00bf \u00a8I\u00a8D\u00a1 A\u00aeo\u00a2\u00b2a_\u00b7CAEoO\u00b5EIOA1-1024x770.jpg\"\n         alt=\"\u5f3a\u8feb\u4e0e\u51b2\u52a8\"\n         style=\"width:74px;height:auto\"\/>\n  <\/figure>\n\n  <p>\n    <a href=\"https:\/\/arttao.org\/fr\/problemes-obsessionnels-compulsifs-et-impulsifs\/\">\n      <strong>C. Cours sur les troubles compulsifs et impulsifs<\/strong>\n    <\/a>\n  <\/p>\n\n  <p class=\"has-small-font-size\">\n    La compulsion et l&#039;impulsion sont deux p\u00f4les du conflit psychologique\u00a0: l&#039;un est \u201c\u00a0l&#039;incapacit\u00e9 \u00e0 se contr\u00f4ler pour commettre un acte\u00a0\u201d, l&#039;autre \u201c\u00a0l&#039;incapacit\u00e9 \u00e0 se contr\u00f4ler pour ne pas le commettre\u00a0\u201d. Ce cours vous aide \u00e0 comprendre les m\u00e9canismes d&#039;anxi\u00e9t\u00e9, les biais cognitifs et les techniques de r\u00e9gulation \u00e9motionnelle qui les sous-tendent, vous apprenant \u00e0 passer de la r\u00e9pression \u00e0 la transformation et \u00e0 retrouver un \u00e9quilibre psychologique.\n  <\/p>\n\n  <!-- ===== D. \u521b\u4f24\u4e0e\u5e94\u6fc0 ===== -->\n  <figure class=\"wp-block-image size-large is-resized\">\n    <img decoding=\"async\" src=\"https:\/\/arttao.org\/wp-content\/uploads\/2025\/06\/EaI\u00bcIo_601794471_\u00b3EE\u00b1\u00b3\u00be\u00b0EI\u00b5AEUA\u00ae\u00b7CAEoO\u00b5EIOA22-1024x674.jpg\"\n         alt=\"\u521b\u4f24\u4e0e\u5e94\u6fc0\"\n         style=\"width:81px;height:auto\"\/>\n  <\/figure>\n\n  <p>\n    <a href=\"https:\/\/arttao.org\/fr\/d-cours-sur-les-problemes-de-traumatisme-et-de-stress\/\">\n      <strong>D. Cours sur les traumatismes et le stress<\/strong>\n    <\/a>\n  <\/p>\n\n  <p class=\"has-small-font-size\">\n    Les traumatismes ne r\u00e9sultent pas uniquement d&#039;\u00e9v\u00e9nements ext\u00e9rieurs, mais peuvent aussi \u00eatre la cons\u00e9quence d&#039;une n\u00e9gligence et d&#039;une privation affective prolong\u00e9es. Ce cours vous aide \u00e0 comprendre les m\u00e9canismes neuronaux des traumatismes manifestes et latents, le ph\u00e9nom\u00e8ne de blocage \u00e9motionnel, et comment reconstruire un sentiment de s\u00e9curit\u00e9 et de confiance interpersonnelle, permettant ainsi \u00e0 la gu\u00e9rison de s&#039;amorcer v\u00e9ritablement.\n  <\/p>\n\n  <!-- ===== E. \u60c5\u7eea\u6ce2\u52a8 ===== -->\n  <figure class=\"wp-block-image size-large is-resized\">\n    <img decoding=\"async\" src=\"https:\/\/arttao.org\/wp-content\/uploads\/2025\/06\/EaI\u00bcIo_601786897_\u00b2EE\u00b7\u00a2EI\u00b5AA\u00aeo\u00a2\u00b7CAEoO\u00b5EIOA22-1024x654.jpg\"\n         alt=\"Sautes d&#039;humeur\"\n         style=\"width:79px;height:auto\"\/>\n  <\/figure>\n\n  <p>\n    <a href=\"https:\/\/arttao.org\/fr\/5-problemes-de-dysregulation-de-lhumeur\/\">\n      <strong>E. Cours sur les fluctuations \u00e9motionnelles<\/strong>\n    <\/a>\n  <\/p>\n\n  <p class=\"has-small-font-size\">\n    Les sautes d&#039;humeur peuvent \u00eatre dues \u00e0 des d\u00e9s\u00e9quilibres du syst\u00e8me de r\u00e9gulation. Ce module aborde des probl\u00e9matiques telles que les troubles de la r\u00e9gulation de l&#039;humeur et le trouble bipolaire, aidant les apprenants \u00e0 identifier les besoins psychologiques sous-jacents aux \u00e9motions et \u00e0 transformer ces derni\u00e8res en informations plut\u00f4t qu&#039;en fardeau.\n  <\/p>\n\n  <!-- ===== F. \u7761\u7720\u4e0e\u8eaf\u4f53 ===== -->\n  <figure class=\"wp-block-image size-large is-resized\">\n    <img decoding=\"async\" src=\"https:\/\/arttao.org\/wp-content\/uploads\/2025\/06\/EaI\u00bcIo_601786894_\u00b3EE\u00b1\u00b3\u00be\u00b0EI\u00b5AEUA\u00ae\u00b7CAEoO\u00b5EIOA22-1024x637.jpg\"\n         alt=\"\u7761\u7720\u4e0e\u8eaf\u4f53\"\n         style=\"width:84px;height:auto\"\/>\n  <\/figure>\n\n  <p>\n    <a href=\"https:\/\/arttao.org\/fr\/%e5%85%ad-%e7%9d%a1%e7%9c%a0%e4%b8%8e%e8%ba%af%e4%bd%93%e9%97%ae%e9%a2%98%ef%bc%88sleep-and-somatic-issues%ef%bc%89\/\">\n      <strong>F. Cours sur le sommeil et les probl\u00e8mes physiques<\/strong>\n    <\/a>\n  <\/p>\n\n  <p class=\"has-small-font-size\">\n    Le corps est le reflet de l&#039;esprit. Ce module explique comment les probl\u00e8mes psychologiques se manifestent par des sympt\u00f4mes physiques, tels que l&#039;insomnie, les maux de t\u00eate et les troubles digestifs, et enseigne des techniques de r\u00e9gulation corps-esprit pour aider le corps \u00e0 retrouver sa capacit\u00e9 \u00e0 \u00eatre un refuge s\u00fbr.\n  <\/p>\n\n  <!-- ===== G. \u4f9d\u8d56\u4e0e\u6210\u763e ===== -->\n  <figure class=\"wp-block-image size-large is-resized\">\n    <img decoding=\"async\" src=\"https:\/\/arttao.org\/wp-content\/uploads\/2025\/06\/EaI\u00bcIo_601799129_AE\u00afAA\u00b5AA\u00ae\u00d7O\u00b7CAEoO\u00b5EIOA22-1024x696.jpg\"\n         alt=\"\u4f9d\u8d56\u4e0e\u6210\u763e\"\n         style=\"width:81px;height:auto\"\/>\n  <\/figure>\n\n  <p>\n    <a href=\"https:\/\/arttao.org\/fr\/7-problemes-de-toxicomanie-et-de-dependance\/\">\n      <strong>G. Cours sur les probl\u00e8mes de d\u00e9pendance et d&#039;addiction<\/strong>\n    <\/a>\n  <\/p>\n\n  <p class=\"has-small-font-size\">\n    La racine de la d\u00e9pendance ne r\u00e9side pas dans le \u201c\u00a0plaisir\u00a0\u201d, mais dans \u201c\u00a0l\u2019\u00e9vitement\u00a0\u201d. Ce cours explore la structure psychologique, le syst\u00e8me de r\u00e9compense et les d\u00e9ficits d\u2019attachement des d\u00e9pendances aux substances et aux comportements, aidant les apprenants \u00e0 comprendre la logique de survie de la d\u00e9pendance et \u00e0 reconstruire les liens int\u00e9rieurs gr\u00e2ce \u00e0 la prise de conscience et \u00e0 l\u2019empathie.\n  <\/p>\n\n<\/section>","protected":false},"excerpt":{"rendered":"<p>A. \u7126\u8651\u76f8\u5173\u95ee\u9898\u8bfe\u7a0b \u7126\u8651\u662f\u4e00\u79cd\u5e38\u89c1\u4f46\u9690\u853d\u7684\u5fc3\u7406\u72b6\u6001\uff0c\u5b83\u53ef\u80fd\u8868\u73b0\u4e3a\u6301\u7eed\u62c5\u5fe7\u3001\u81ea\u6211\u5ba1\u89c6\u6216\u5bf9\u672a\u6765\u7684\u65e0\u6cd5\u638c\u63a7\u3002 \u672c [&hellip;]<\/p>\n","protected":false},"author":1,"featured_media":0,"parent":0,"menu_order":0,"comment_status":"closed","ping_status":"closed","template":"","meta":{"nf_dc_page":"","om_disable_all_campaigns":false,"_monsterinsights_skip_tracking":false,"_monsterinsights_sitenote_active":false,"_monsterinsights_sitenote_note":"","_monsterinsights_sitenote_category":0,"footnotes":""},"class_list":["post-7385","page","type-page","status-publish","hentry"],"_links":{"self":[{"href":"https:\/\/arttao.org\/fr\/wp-json\/wp\/v2\/pages\/7385","targetHints":{"allow":["GET"]}}],"collection":[{"href":"https:\/\/arttao.org\/fr\/wp-json\/wp\/v2\/pages"}],"about":[{"href":"https:\/\/arttao.org\/fr\/wp-json\/wp\/v2\/types\/page"}],"author":[{"embeddable":true,"href":"https:\/\/arttao.org\/fr\/wp-json\/wp\/v2\/users\/1"}],"replies":[{"embeddable":true,"href":"https:\/\/arttao.org\/fr\/wp-json\/wp\/v2\/comments?post=7385"}],"version-history":[{"count":11,"href":"https:\/\/arttao.org\/fr\/wp-json\/wp\/v2\/pages\/7385\/revisions"}],"predecessor-version":[{"id":11409,"href":"https:\/\/arttao.org\/fr\/wp-json\/wp\/v2\/pages\/7385\/revisions\/11409"}],"wp:attachment":[{"href":"https:\/\/arttao.org\/fr\/wp-json\/wp\/v2\/media?parent=7385"}],"curies":[{"name":"wp","href":"https:\/\/api.w.org\/{rel}","templated":true}]}}