{"id":7618,"date":"2025-07-06T22:10:23","date_gmt":"2025-07-06T22:10:23","guid":{"rendered":"https:\/\/arttao.org\/?page_id=7618"},"modified":"2025-11-23T07:19:23","modified_gmt":"2025-11-23T07:19:23","slug":"d-cours-sur-les-problemes-de-traumatisme-et-de-stress","status":"publish","type":"page","link":"https:\/\/arttao.org\/fr\/d-%e5%88%9b%e4%bc%a4%e4%b8%8e%e5%ba%94%e6%bf%80%e9%97%ae%e9%a2%98-%e8%af%be%e7%a8%8b\/","title":{"rendered":"D. Probl\u00e8mes de traumatisme et de stress - Cours"},"content":{"rendered":"<p class=\"\"><\/p>\n\n\n\n<p class=\"\"><\/p>\n\n\n\n<figure class=\"wp-block-image size-large is-resized\"><img loading=\"lazy\" decoding=\"async\" width=\"1011\" height=\"1024\" src=\"https:\/\/arttao.org\/wp-content\/uploads\/2025\/07\/EaI\u00bcIo_601794473_\u00a8\u00b7\u00a2EUA\u00aeD\u00a4In\u00b7CAEoO\u00b5EIOA1-1011x1024.jpg\" alt=\"\" class=\"wp-image-7624\" style=\"width:67px;height:auto\" srcset=\"https:\/\/arttao.org\/wp-content\/uploads\/2025\/07\/EaI\u00bcIo_601794473_\u00a8\u00b7\u00a2EUA\u00aeD\u00a4In\u00b7CAEoO\u00b5EIOA1-1011x1024.jpg 1011w, https:\/\/arttao.org\/wp-content\/uploads\/2025\/07\/EaI\u00bcIo_601794473_\u00a8\u00b7\u00a2EUA\u00aeD\u00a4In\u00b7CAEoO\u00b5EIOA1-296x300.jpg 296w, https:\/\/arttao.org\/wp-content\/uploads\/2025\/07\/EaI\u00bcIo_601794473_\u00a8\u00b7\u00a2EUA\u00aeD\u00a4In\u00b7CAEoO\u00b5EIOA1-768x778.jpg 768w, https:\/\/arttao.org\/wp-content\/uploads\/2025\/07\/EaI\u00bcIo_601794473_\u00a8\u00b7\u00a2EUA\u00aeD\u00a4In\u00b7CAEoO\u00b5EIOA1-1516x1536.jpg 1516w, https:\/\/arttao.org\/wp-content\/uploads\/2025\/07\/EaI\u00bcIo_601794473_\u00a8\u00b7\u00a2EUA\u00aeD\u00a4In\u00b7CAEoO\u00b5EIOA1-2021x2048.jpg 2021w\" sizes=\"auto, (max-width: 1011px) 100vw, 1011px\" \/><\/figure>\n\n\n\n<p class=\"\"><a href=\"https:\/\/arttao.org\/fr\/%e7%ac%ac%e4%ba%8c%e5%8d%81%e4%ba%94%e8%af%be%ef%bc%9a%e5%88%9b%e4%bc%a4%e5%90%8e%e5%ba%94%e6%bf%80%e9%9a%9c%e7%a2%8d%ef%bc%88ptsd%ef%bc%89%ef%bc%88%e7%ac%ac881%ef%bd%9e920%e8%af%be%ef%bc%89\/\" data-type=\"page\" data-id=\"12411\">Le\u00e7on 25\u00a0: Trouble de stress post-traumatique (TSPT) (Le\u00e7ons 901-940)<\/a><\/p>\n\n\n\n<p class=\"has-small-font-size\">Ce cours se concentre sur le trouble de stress post-traumatique (TSPT), une r\u00e9action psychologique persistante d\u00e9clench\u00e9e par un \u00e9v\u00e9nement traumatique majeur. Nous expliquerons syst\u00e9matiquement les principaux sympt\u00f4mes du TSPT\u00a0: flashbacks, \u00e9vitement, \u00e9motions n\u00e9gatives et hyperactivit\u00e9. \u00c0 travers des \u00e9tudes de cas, nous aiderons les \u00e9tudiants \u00e0 identifier des manifestations souvent n\u00e9glig\u00e9es du quotidien, telles que les cauchemars, l&#039;engourdissement \u00e9motionnel et les acc\u00e8s de col\u00e8re. De plus, le cours explore ses m\u00e9canismes, notamment le mod\u00e8le \u00ab\u00a0sursaut-gel-compression de la m\u00e9moire\u00a0\u00bb, qui explique les d\u00e9fenses psychologiques d\u00e9velopp\u00e9es par les individus face \u00e0 un stress extr\u00eame. Gr\u00e2ce \u00e0 ce cours, les \u00e9tudiants comprendront que le TSPT n&#039;est pas un signe de faiblesse, mais plut\u00f4t une tentative du cerveau de se prot\u00e9ger dans des situations extr\u00eames. Nous pr\u00e9senterons \u00e9galement des approches psychoth\u00e9rapeutiques et d&#039;auto-gu\u00e9rison couramment utilis\u00e9es, telles que la d\u00e9sensibilisation par les mouvements oculaires (EMDR), la th\u00e9rapie d&#039;exposition et la m\u00e9ditation de pleine conscience. Gr\u00e2ce \u00e0 des modules interactifs bas\u00e9s sur l&#039;IA, nous aiderons les \u00e9tudiants \u00e0 entreprendre une exploration psychologique en toute s\u00e9curit\u00e9. Ce cours s&#039;adresse aux \u00e9tudiants ayant v\u00e9cu des \u00e9v\u00e9nements traumatisants, souffrant de troubles de la m\u00e9moire ou travaillant dans des environnements de soutien.<\/p>\n\n\n\n<figure class=\"wp-block-image size-large is-resized\"><img loading=\"lazy\" decoding=\"async\" width=\"1011\" height=\"1024\" src=\"https:\/\/arttao.org\/wp-content\/uploads\/2025\/07\/EaI\u00bcIo_601794473_\u00a8\u00b7\u00a2EUA\u00aeD\u00a4In\u00b7CAEoO\u00b5EIOA1-1011x1024.jpg\" alt=\"\" class=\"wp-image-7624\" style=\"width:69px;height:auto\" srcset=\"https:\/\/arttao.org\/wp-content\/uploads\/2025\/07\/EaI\u00bcIo_601794473_\u00a8\u00b7\u00a2EUA\u00aeD\u00a4In\u00b7CAEoO\u00b5EIOA1-1011x1024.jpg 1011w, https:\/\/arttao.org\/wp-content\/uploads\/2025\/07\/EaI\u00bcIo_601794473_\u00a8\u00b7\u00a2EUA\u00aeD\u00a4In\u00b7CAEoO\u00b5EIOA1-296x300.jpg 296w, https:\/\/arttao.org\/wp-content\/uploads\/2025\/07\/EaI\u00bcIo_601794473_\u00a8\u00b7\u00a2EUA\u00aeD\u00a4In\u00b7CAEoO\u00b5EIOA1-768x778.jpg 768w, https:\/\/arttao.org\/wp-content\/uploads\/2025\/07\/EaI\u00bcIo_601794473_\u00a8\u00b7\u00a2EUA\u00aeD\u00a4In\u00b7CAEoO\u00b5EIOA1-1516x1536.jpg 1516w, https:\/\/arttao.org\/wp-content\/uploads\/2025\/07\/EaI\u00bcIo_601794473_\u00a8\u00b7\u00a2EUA\u00aeD\u00a4In\u00b7CAEoO\u00b5EIOA1-2021x2048.jpg 2021w\" sizes=\"auto, (max-width: 1011px) 100vw, 1011px\" \/><\/figure>\n\n\n\n<p class=\"\"><a href=\"https:\/\/arttao.org\/fr\/%e7%ac%ac%e4%ba%8c%e5%8d%81%e5%85%ad%e8%af%be%ef%bc%9a%e5%bf%83%e7%90%86%e6%80%a5%e6%80%a7%e5%ba%94%e6%bf%80%e9%9a%9c%e7%a2%8d%ef%bc%88%e7%ac%ac921%ef%bd%9e960%e8%af%be%ef%bc%89\/\" data-type=\"page\" data-id=\"12413\">Le\u00e7on 26\u00a0: Trouble de stress aigu (Le\u00e7ons 941-980)<\/a><\/p>\n\n\n\n<p class=\"has-small-font-size\">Le trouble de stress aigu (TSA) se d\u00e9veloppe g\u00e9n\u00e9ralement dans les jours qui suivent un \u00e9v\u00e9nement traumatique majeur et constitue une r\u00e9action br\u00e8ve et intense \u00e0 un choc \u00e9motionnel soudain. Ce cours aidera les participants \u00e0 identifier les premiers sympt\u00f4mes du TSA, tels que la confusion, la dissociation, les explosions \u00e9motionnelles ou la vigilance persistante, et \u00e0 explorer les similitudes et les diff\u00e9rences entre le TSA et le TSPT. Il souligne que le TSA est un \u00ab\u00a0signal psychologique d&#039;urgence\u00a0\u00bb et qu&#039;une identification et une intervention rapides peuvent r\u00e9duire consid\u00e9rablement le risque de le voir \u00e9voluer vers un trouble psychologique \u00e0 long terme. Nous expliquerons la r\u00e9action c\u00e9r\u00e9brale \u00ab\u00a0combat-fuite-paralysie\u00a0\u00bb en temps de crise, aidant les participants \u00e0 comprendre pourquoi ils peuvent ressentir une perte de temps, de l&#039;apathie ou des insomnies apr\u00e8s un \u00e9v\u00e9nement. De plus, ce cours pr\u00e9sente des techniques de premiers secours psychologiques pour les premiers stades du stress, notamment des techniques de respiration, le toucher et des exercices de cartographie \u00e9motionnelle. Les participants sont \u00e9galement encourag\u00e9s \u00e0 \u00e9tablir un r\u00e9seau de soutien initial (famille, professionnels de sant\u00e9 et modules d&#039;accompagnement IA). Ce cours convient \u00e0 ceux qui vivent des situations d\u2019urgence, des pressions \u00e9lev\u00e9es sur le lieu de travail ou des situations de catastrophe, en posant les bases psychologiques du r\u00e9tablissement.<\/p>\n\n\n\n<figure class=\"wp-block-image size-large is-resized\"><img loading=\"lazy\" decoding=\"async\" width=\"1011\" height=\"1024\" src=\"https:\/\/arttao.org\/wp-content\/uploads\/2025\/07\/EaI\u00bcIo_601794473_\u00a8\u00b7\u00a2EUA\u00aeD\u00a4In\u00b7CAEoO\u00b5EIOA1-1011x1024.jpg\" alt=\"\" class=\"wp-image-7624\" style=\"width:70px;height:auto\" srcset=\"https:\/\/arttao.org\/wp-content\/uploads\/2025\/07\/EaI\u00bcIo_601794473_\u00a8\u00b7\u00a2EUA\u00aeD\u00a4In\u00b7CAEoO\u00b5EIOA1-1011x1024.jpg 1011w, https:\/\/arttao.org\/wp-content\/uploads\/2025\/07\/EaI\u00bcIo_601794473_\u00a8\u00b7\u00a2EUA\u00aeD\u00a4In\u00b7CAEoO\u00b5EIOA1-296x300.jpg 296w, https:\/\/arttao.org\/wp-content\/uploads\/2025\/07\/EaI\u00bcIo_601794473_\u00a8\u00b7\u00a2EUA\u00aeD\u00a4In\u00b7CAEoO\u00b5EIOA1-768x778.jpg 768w, https:\/\/arttao.org\/wp-content\/uploads\/2025\/07\/EaI\u00bcIo_601794473_\u00a8\u00b7\u00a2EUA\u00aeD\u00a4In\u00b7CAEoO\u00b5EIOA1-1516x1536.jpg 1516w, https:\/\/arttao.org\/wp-content\/uploads\/2025\/07\/EaI\u00bcIo_601794473_\u00a8\u00b7\u00a2EUA\u00aeD\u00a4In\u00b7CAEoO\u00b5EIOA1-2021x2048.jpg 2021w\" sizes=\"auto, (max-width: 1011px) 100vw, 1011px\" \/><\/figure>\n\n\n\n<p class=\"\"><a href=\"https:\/\/arttao.org\/fr\/%e7%ac%ac%e4%ba%8c%e5%8d%81%e4%b8%83%e8%af%be%ef%bc%9a%e5%bf%83%e7%90%86%e9%80%82%e5%ba%94%e9%9a%9c%e7%a2%8d%ef%bc%88%e7%ac%ac961%ef%bd%9e1000%e8%af%be%ef%bc%89\/\" data-type=\"page\" data-id=\"12422\">Le\u00e7on 27\u00a0: Troubles de l\u2019adaptation psychologique (Le\u00e7ons 981-1020)<\/a><\/p>\n\n\n\n<p class=\"has-small-font-size\">Lorsqu&#039;une personne \u00e9prouve une d\u00e9tresse \u00e9motionnelle importante ou une d\u00e9ficience fonctionnelle pendant six mois apr\u00e8s un changement de vie majeur, comme un divorce, une perte d&#039;emploi, un d\u00e9m\u00e9nagement ou une maladie physique grave, elle peut souffrir d&#039;un trouble de l&#039;adaptation. Ce cours aidera les \u00e9tudiants \u00e0 comprendre cet \u00e9tat psychologique \u00ab\u00a0ni une maladie ni un \u00e9tat normal\u00a0\u00bb et \u00e0 surmonter le sentiment de culpabilit\u00e9 et de \u00ab\u00a0suis-je simplement trop fragile\u00a0?\u00a0\u00bb Le trouble de l&#039;adaptation est une r\u00e9action psychologique \u00e0 une incapacit\u00e9 temporaire \u00e0 s&#039;adapter \u00e0 un environnement changeant. Les manifestations courantes incluent l&#039;anxi\u00e9t\u00e9, la d\u00e9pression, l&#039;irritabilit\u00e9, une baisse de concentration, un inconfort physique ou une perte d&#039;int\u00e9r\u00eat pour la vie. Ce cours s&#039;appuiera sur des \u00e9tudes de cas pour aider les \u00e9tudiants \u00e0 distinguer les \u00ab\u00a0sautes d&#039;humeur normales\u00a0\u00bb des \u00ab\u00a0troubles de l&#039;adaptation\u00a0\u00bb, en mettant l&#039;accent sur la fa\u00e7on de r\u00e9tablir un rythme et un ordre psychologique. Gr\u00e2ce \u00e0 des strat\u00e9gies d&#039;adaptation psychologique structur\u00e9es, telles que le \u00ab\u00a0processus de reconstruction du sens en trois \u00e9tapes\u00a0\u00bb, les \u00ab\u00a0exercices d&#039;identification de nouveaux r\u00f4les\u00a0\u00bb et la \u00ab\u00a0red\u00e9finition des limites de soi\u00a0\u00bb, ce cours aide les \u00e9tudiants \u00e0 retrouver progressivement un sentiment de stabilit\u00e9 int\u00e9rieure. Ce cours est adapt\u00e9 aux \u00e9tudiants qui vivent des changements et des transitions de vie.<\/p>\n\n\n\n<figure class=\"wp-block-image size-large is-resized\"><img loading=\"lazy\" decoding=\"async\" width=\"1011\" height=\"1024\" src=\"https:\/\/arttao.org\/wp-content\/uploads\/2025\/07\/EaI\u00bcIo_601794473_\u00a8\u00b7\u00a2EUA\u00aeD\u00a4In\u00b7CAEoO\u00b5EIOA1-1011x1024.jpg\" alt=\"\" class=\"wp-image-7624\" style=\"width:72px;height:auto\" srcset=\"https:\/\/arttao.org\/wp-content\/uploads\/2025\/07\/EaI\u00bcIo_601794473_\u00a8\u00b7\u00a2EUA\u00aeD\u00a4In\u00b7CAEoO\u00b5EIOA1-1011x1024.jpg 1011w, https:\/\/arttao.org\/wp-content\/uploads\/2025\/07\/EaI\u00bcIo_601794473_\u00a8\u00b7\u00a2EUA\u00aeD\u00a4In\u00b7CAEoO\u00b5EIOA1-296x300.jpg 296w, https:\/\/arttao.org\/wp-content\/uploads\/2025\/07\/EaI\u00bcIo_601794473_\u00a8\u00b7\u00a2EUA\u00aeD\u00a4In\u00b7CAEoO\u00b5EIOA1-768x778.jpg 768w, https:\/\/arttao.org\/wp-content\/uploads\/2025\/07\/EaI\u00bcIo_601794473_\u00a8\u00b7\u00a2EUA\u00aeD\u00a4In\u00b7CAEoO\u00b5EIOA1-1516x1536.jpg 1516w, https:\/\/arttao.org\/wp-content\/uploads\/2025\/07\/EaI\u00bcIo_601794473_\u00a8\u00b7\u00a2EUA\u00aeD\u00a4In\u00b7CAEoO\u00b5EIOA1-2021x2048.jpg 2021w\" sizes=\"auto, (max-width: 1011px) 100vw, 1011px\" \/><\/figure>\n\n\n\n<p class=\"\"><a href=\"https:\/\/arttao.org\/fr\/%e7%ac%ac%e4%ba%8c%e5%8d%81%e5%85%ab%e8%af%be%ef%bc%9a%e7%ab%a5%e5%b9%b4%e5%bf%83%e7%90%86%e5%88%9b%e4%bc%a4%ef%bc%88%e7%ac%ac1001%ef%bd%9e1040%e8%af%be%ef%bc%89\/\" data-type=\"page\" data-id=\"12415\">Le\u00e7on 28\u00a0: Traumatismes psychologiques de l\u2019enfance (Le\u00e7ons 1021-1060)<\/a><\/p>\n\n\n\n<p class=\"has-small-font-size\">Les traces des traumatismes de l&#039;enfance se cachent souvent dans la d\u00e9tresse \u00e9motionnelle, les difficult\u00e9s interpersonnelles et le d\u00e9ni de soi de l&#039;\u00e2ge adulte. Ce cours guidera les participants en douceur \u00e0 travers une analyse des exp\u00e9riences potentiellement traumatisantes de l&#039;enfance, telles que la n\u00e9gligence \u00e9motionnelle, le langage d\u00e9gradant, le t\u00e9moignage de violence et la perte d&#039;un proche aidant. Nous les aiderons \u00e0 comprendre la nature unique du traumatisme d\u00e9veloppemental\u00a0: il ne s&#039;agit pas n\u00e9cessairement d&#039;un \u00e9v\u00e9nement unique et significatif, mais plut\u00f4t d&#039;un sch\u00e9ma continu et subtil de privation ou de manipulation \u00e9motionnelle. Ce cours pr\u00e9sentera la th\u00e9orie de \u00ab\u00a0l&#039;enfant int\u00e9rieur\u00a0\u00bb, guidant les participants \u00e0 travers la m\u00e9ditation, le dessin et des exercices de dialogue avec l&#039;IA pour se reconnecter progressivement \u00e0 leur moi enfantin. Explorer cela dans un cadre s\u00e9curisant est la premi\u00e8re \u00e9tape vers la gu\u00e9rison. Nous pr\u00e9senterons \u00e9galement l&#039;outil de \u00ab\u00a0reconnaissance des sch\u00e9mas r\u00e9currents\u00a0\u00bb pour aider les participants \u00e0 observer les sc\u00e9narios r\u00e9p\u00e9titifs dans leurs relations et leurs r\u00e9actions au stress. Par l&#039;art-th\u00e9rapie, l&#039;expression verbale et la reconstruction symbolique, ce cours encourage les participants \u00e0 s&#039;engager dans un profond cheminement vers le bien-\u00eatre personnel. Ce cours est particuli\u00e8rement adapt\u00e9 aux participants aux prises avec des souvenirs d&#039;enfance ou cherchant \u00e0 comprendre les causes profondes de leur propre comportement.<\/p>\n\n\n\n<figure class=\"wp-block-image size-large is-resized\"><img loading=\"lazy\" decoding=\"async\" width=\"1011\" height=\"1024\" src=\"https:\/\/arttao.org\/wp-content\/uploads\/2025\/07\/EaI\u00bcIo_601794473_\u00a8\u00b7\u00a2EUA\u00aeD\u00a4In\u00b7CAEoO\u00b5EIOA1-1011x1024.jpg\" alt=\"\" class=\"wp-image-7624\" style=\"width:70px;height:auto\" srcset=\"https:\/\/arttao.org\/wp-content\/uploads\/2025\/07\/EaI\u00bcIo_601794473_\u00a8\u00b7\u00a2EUA\u00aeD\u00a4In\u00b7CAEoO\u00b5EIOA1-1011x1024.jpg 1011w, https:\/\/arttao.org\/wp-content\/uploads\/2025\/07\/EaI\u00bcIo_601794473_\u00a8\u00b7\u00a2EUA\u00aeD\u00a4In\u00b7CAEoO\u00b5EIOA1-296x300.jpg 296w, https:\/\/arttao.org\/wp-content\/uploads\/2025\/07\/EaI\u00bcIo_601794473_\u00a8\u00b7\u00a2EUA\u00aeD\u00a4In\u00b7CAEoO\u00b5EIOA1-768x778.jpg 768w, https:\/\/arttao.org\/wp-content\/uploads\/2025\/07\/EaI\u00bcIo_601794473_\u00a8\u00b7\u00a2EUA\u00aeD\u00a4In\u00b7CAEoO\u00b5EIOA1-1516x1536.jpg 1516w, https:\/\/arttao.org\/wp-content\/uploads\/2025\/07\/EaI\u00bcIo_601794473_\u00a8\u00b7\u00a2EUA\u00aeD\u00a4In\u00b7CAEoO\u00b5EIOA1-2021x2048.jpg 2021w\" sizes=\"auto, (max-width: 1011px) 100vw, 1011px\" \/><\/figure>\n\n\n\n<p class=\"\"><a href=\"https:\/\/arttao.org\/fr\/%e7%ac%ac%e4%ba%8c%e5%8d%81%e4%b9%9d%e8%af%be%ef%bc%9a%e5%bf%83%e7%90%86%e5%a4%8d%e6%9d%82%e6%80%a7%e5%88%9b%e4%bc%a4%ef%bc%88%e7%ac%ac1041%ef%bd%9e1080%e8%af%be%ef%bc%89\/\" data-type=\"page\" data-id=\"12417\">Le\u00e7on 29\u00a0: Traumatisme psychologique complexe (Le\u00e7ons 1061-1100)<\/a><\/p>\n\n\n\n<p class=\"has-small-font-size\">Un traumatisme complexe diff\u00e8re de l&#039;impact psychologique d&#039;un \u00e9v\u00e9nement isol\u00e9\u00a0; il r\u00e9sulte souvent d&#039;un stress ou d&#039;un pr\u00e9judice r\u00e9current et durable, comme la violence domestique chronique, la manipulation \u00e9motionnelle, les situations de domination ou l&#039;isolement extr\u00eame. Ce cours aidera les participants \u00e0 comprendre que le traumatisme complexe n&#039;est pas simplement un probl\u00e8me \u00e9motionnel, mais plut\u00f4t un \u00e9tat psychologique caract\u00e9ris\u00e9 par une \u00ab\u00a0structure de soi endommag\u00e9e\u00a0\u00bb, se manifestant souvent par des difficult\u00e9s \u00e0 r\u00e9guler ses \u00e9motions, des relations extr\u00eames, de l&#039;autod\u00e9rision ou une confusion identitaire. Nous combinerons le \u00ab\u00a0Mod\u00e8le du traumatisme complexe\u00a0\u00bb aux \u00ab\u00a0M\u00e9canismes neurophysiologiques du stress chronique\u00a0\u00bb pour analyser son impact \u00e0 long terme sur la structure c\u00e9r\u00e9brale, les fonctions cognitives et le syst\u00e8me \u00e9motionnel. Ce cours propose des m\u00e9thodes de gu\u00e9rison, notamment des exercices de r\u00e9paration \u00e0 plusieurs niveaux (\u00e9motion \u2192 cognition \u2192 identit\u00e9 \u2192 relations), la m\u00e9ditation de pleine conscience, des rituels de soins personnels et des exercices de dialogue pour renforcer la confiance. Gr\u00e2ce \u00e0 des exercices d&#039;\u00e9criture et d&#039;expression structur\u00e9s guid\u00e9s par l&#039;IA, les participants peuvent g\u00e9rer des \u00e9motions et des souvenirs longtemps refoul\u00e9s dans un cadre s\u00e9curis\u00e9. Ce cours est adapt\u00e9 \u00e0 la participation approfondie des apprenants qui ont depuis longtemps des difficult\u00e9s \u00e0 g\u00e9rer leurs \u00e9motions, \u00e0 faire confiance aux autres ou \u00e0 avoir un sentiment d\u2019identit\u00e9 trouble.<\/p>\n\n\n\n<figure class=\"wp-block-image size-large is-resized\"><img loading=\"lazy\" decoding=\"async\" width=\"1011\" height=\"1024\" src=\"https:\/\/arttao.org\/wp-content\/uploads\/2025\/07\/EaI\u00bcIo_601794473_\u00a8\u00b7\u00a2EUA\u00aeD\u00a4In\u00b7CAEoO\u00b5EIOA1-1011x1024.jpg\" alt=\"\" class=\"wp-image-7624\" style=\"width:71px;height:auto\" srcset=\"https:\/\/arttao.org\/wp-content\/uploads\/2025\/07\/EaI\u00bcIo_601794473_\u00a8\u00b7\u00a2EUA\u00aeD\u00a4In\u00b7CAEoO\u00b5EIOA1-1011x1024.jpg 1011w, https:\/\/arttao.org\/wp-content\/uploads\/2025\/07\/EaI\u00bcIo_601794473_\u00a8\u00b7\u00a2EUA\u00aeD\u00a4In\u00b7CAEoO\u00b5EIOA1-296x300.jpg 296w, https:\/\/arttao.org\/wp-content\/uploads\/2025\/07\/EaI\u00bcIo_601794473_\u00a8\u00b7\u00a2EUA\u00aeD\u00a4In\u00b7CAEoO\u00b5EIOA1-768x778.jpg 768w, https:\/\/arttao.org\/wp-content\/uploads\/2025\/07\/EaI\u00bcIo_601794473_\u00a8\u00b7\u00a2EUA\u00aeD\u00a4In\u00b7CAEoO\u00b5EIOA1-1516x1536.jpg 1516w, https:\/\/arttao.org\/wp-content\/uploads\/2025\/07\/EaI\u00bcIo_601794473_\u00a8\u00b7\u00a2EUA\u00aeD\u00a4In\u00b7CAEoO\u00b5EIOA1-2021x2048.jpg 2021w\" sizes=\"auto, (max-width: 1011px) 100vw, 1011px\" \/><\/figure>\n\n\n\n<p class=\"\"><a href=\"https:\/\/arttao.org\/fr\/%e7%ac%ac%e4%b8%89%e5%8d%81%e8%af%be%ef%bc%9a%e7%aa%81%e5%8f%91%e4%ba%8b%e4%bb%b6%e5%bf%83%e7%90%86%e5%88%9b%e4%bc%a4%ef%bc%88%e7%ac%ac1081%ef%bd%9e1120%e8%af%be%ef%bc%89\/\" data-type=\"page\" data-id=\"12419\">Le\u00e7on 30\u00a0: Traumatisme psychologique li\u00e9 \u00e0 des \u00e9v\u00e9nements soudains (Le\u00e7ons 1101-1140)<\/a><\/p>\n\n\n\n<p class=\"has-small-font-size\">Les \u00e9v\u00e9nements soudains tels que les catastrophes, les accidents, la violence et les \u00e9pid\u00e9mies provoquent souvent un choc psychologique intense. Ce cours se concentre sur ce type particulier d&#039;exp\u00e9rience traumatique. Nous analyserons les trois \u00e9tapes d&#039;un traumatisme soudain\u00a0: la r\u00e9action imm\u00e9diate au stress, la p\u00e9riode d&#039;adaptation chaotique \u00e0 court terme et le risque de traumatisme \u00e0 moyen et long terme. \u00c0 l&#039;aide d&#039;exemples concrets, le cours reconstruira la trajectoire psychologique suivant un incident et pr\u00e9sentera les \u00ab\u00a0Cinq \u00e9tapes des premiers secours psychologiques\u00a0\u00bb, qui incluent le r\u00e9tablissement d&#039;un sentiment de s\u00e9curit\u00e9, l&#039;ouverture de canaux de communication, la clarification de l&#039;information, la gestion des \u00e9motions et l&#039;orientation des ressources. De plus, un exercice sp\u00e9cial de \u00ab\u00a0cartographie psychologique\u00a0\u00bb aidera les participants \u00e0 analyser leurs propres r\u00e9actions au stress soudain et \u00e0 explorer des pistes de soutien personnalis\u00e9 efficaces. Qu&#039;ils soient des personnes directement concern\u00e9es, des t\u00e9moins ou des professionnels de l&#039;aide, ce cours propose des strat\u00e9gies d&#039;adaptation alliant psychologie et soins humanistes. Gr\u00e2ce \u00e0 des modules tels que la musicoth\u00e9rapie, les techniques de stabilisation respiratoire et la cr\u00e9ation d&#039;images, les participants seront aid\u00e9s \u00e0 restaurer un sentiment de confiance et une stabilit\u00e9 psychologique pendant cette p\u00e9riode de choc.<\/p>\n\n\n\n<p class=\"has-small-font-size\"><\/p>","protected":false},"excerpt":{"rendered":"<p>\u7b2c\u4e8c\u5341\u4e94\u8bfe\uff1a\u521b\u4f24\u540e\u5e94\u6fc0\u969c\u788d\uff08PTSD\uff09\uff08\u7b2c901\uff5e940\u8bfe\uff09 \u672c\u8bfe\u805a\u7126\u521b\u4f24\u540e\u5e94\u6fc0\u969c\u788d\uff08PTSD\uff09\uff0c\u4e00\u79cd\u56e0\u91cd\u5927\u5fc3 [&hellip;]<\/p>\n","protected":false},"author":1,"featured_media":0,"parent":0,"menu_order":0,"comment_status":"closed","ping_status":"closed","template":"","meta":{"nf_dc_page":"","om_disable_all_campaigns":false,"_monsterinsights_skip_tracking":false,"_monsterinsights_sitenote_active":false,"_monsterinsights_sitenote_note":"","_monsterinsights_sitenote_category":0,"footnotes":""},"class_list":["post-7618","page","type-page","status-publish","hentry"],"_links":{"self":[{"href":"https:\/\/arttao.org\/fr\/wp-json\/wp\/v2\/pages\/7618","targetHints":{"allow":["GET"]}}],"collection":[{"href":"https:\/\/arttao.org\/fr\/wp-json\/wp\/v2\/pages"}],"about":[{"href":"https:\/\/arttao.org\/fr\/wp-json\/wp\/v2\/types\/page"}],"author":[{"embeddable":true,"href":"https:\/\/arttao.org\/fr\/wp-json\/wp\/v2\/users\/1"}],"replies":[{"embeddable":true,"href":"https:\/\/arttao.org\/fr\/wp-json\/wp\/v2\/comments?post=7618"}],"version-history":[{"count":5,"href":"https:\/\/arttao.org\/fr\/wp-json\/wp\/v2\/pages\/7618\/revisions"}],"predecessor-version":[{"id":14563,"href":"https:\/\/arttao.org\/fr\/wp-json\/wp\/v2\/pages\/7618\/revisions\/14563"}],"wp:attachment":[{"href":"https:\/\/arttao.org\/fr\/wp-json\/wp\/v2\/media?parent=7618"}],"curies":[{"name":"wp","href":"https:\/\/api.w.org\/{rel}","templated":true}]}}