{"id":8006,"date":"2025-07-18T01:27:25","date_gmt":"2025-07-18T01:27:25","guid":{"rendered":"https:\/\/arttao.org\/?page_id=8006"},"modified":"2025-07-24T19:30:48","modified_gmt":"2025-07-24T19:30:48","slug":"b-guidance-de-guerison-repondre-aux-questions-psychologiques","status":"publish","type":"page","link":"https:\/\/arttao.org\/fr\/b-%e7%96%97%e6%84%88%e5%bc%95%e5%af%bc%ef%bc%9a%e5%85%b3%e4%ba%8e%e5%bf%83%e7%90%86%e7%ad%94%e7%96%91\/","title":{"rendered":"B. Guidance de gu\u00e9rison\u00a0: r\u00e9pondre aux questions psychologiques"},"content":{"rendered":"<p class=\"\"><\/p>\n\n\n\n<p class=\"\"><\/p>\n\n\n\n<figure class=\"wp-block-image size-full is-resized\"><img loading=\"lazy\" decoding=\"async\" width=\"308\" height=\"480\" src=\"https:\/\/arttao.org\/wp-content\/uploads\/2025\/07\/Flower-Love-Sticker-by-Manon-Louart.gif\" alt=\"\" class=\"wp-image-8007\" style=\"width:60px;height:auto\"\/><\/figure>\n\n\n\n<h3 class=\"wp-block-heading\">1. Quelle est l\u2019importance de r\u00e9pondre aux questions psychologiques ?<\/h3>\n\n\n\n<p class=\"\">En termes simples, le Q&amp;R psychologique est un processus de clarification de la confusion, de compr\u00e9hension des \u00e9motions, d&#039;exploration de soi et de d\u00e9veloppement personnel par le dialogue et le questionnement. Dans le syst\u00e8me ArtTao, le Q&amp;R psychologique ne consiste pas seulement \u00e0 poser des questions \u00e0 l&#039;IA, mais aussi \u00e0 entamer un voyage de \u00ab dialogue int\u00e9rieur \u00bb.<\/p>\n\n\n\n<p class=\"has-small-font-size\">Au quotidien, les personnes sont confront\u00e9es \u00e0 diverses formes de d\u00e9tresse psychologique\u00a0: anxi\u00e9t\u00e9, col\u00e8re, confusion, insomnie, conflits interpersonnels, d\u00e9ni de soi, etc. Ces pr\u00e9occupations peuvent persister longtemps, mais demeurer difficiles \u00e0 exprimer. L\u2019objectif des questions-r\u00e9ponses psychologiques est de fournir un espace s\u00fbr, sans jugement et accessible o\u00f9 vous pouvez exprimer et clarifier ces probl\u00e8mes et recevoir des r\u00e9ponses scientifiques et logiques.<\/p>\n\n\n\n<p class=\"\">De plus, le processus de questions-r\u00e9ponses privil\u00e9gie la prise de conscience plut\u00f4t que l&#039;injonction. Il ne vous force pas \u00e0 agir, mais vous aide plut\u00f4t \u00e0 comprendre les m\u00e9canismes psychologiques sous-jacents, comme les raisons de votre anxi\u00e9t\u00e9, l&#039;origine de ces \u00e9motions et l&#039;existence de sch\u00e9mas de pens\u00e9e habituels. Souvent, le simple fait de \u00ab\u00a0voir ses propres pens\u00e9es\u00a0\u00bb est le premier pas vers la gu\u00e9rison.<\/p>\n\n\n\n<p class=\"has-small-font-size\">Le sens profond des questions-r\u00e9ponses psychologiques est qu&#039;elles vous permettent de d\u00e9velopper progressivement la capacit\u00e9 \u00e0 vous aider vous-m\u00eame. Gr\u00e2ce \u00e0 des conversations r\u00e9p\u00e9t\u00e9es, vous r\u00e9solvez non seulement des probl\u00e8mes imm\u00e9diats, mais apprenez aussi de nouvelles fa\u00e7ons de vous comprendre et d&#039;affronter la vie. Cette capacit\u00e9 vous sera pr\u00e9cieuse dans de nombreux moments futurs, vous permettant d&#039;avancer avec plus de stabilit\u00e9 et de libert\u00e9.<\/p>\n\n\n\n\n\n<figure class=\"wp-block-image size-full is-resized\"><img loading=\"lazy\" decoding=\"async\" width=\"308\" height=\"480\" src=\"https:\/\/arttao.org\/wp-content\/uploads\/2025\/07\/Flower-Love-Sticker-by-Manon-Louart.gif\" alt=\"\" class=\"wp-image-8007\" style=\"width:64px;height:auto\"\/><\/figure>\n\n\n\n<h3 class=\"wp-block-heading\">2. Dois-je faire une consultation psychologique ?<\/h3>\n\n\n\n<p class=\"has-small-font-size\">Nul besoin d&#039;attendre que la situation devienne s\u00e9rieuse avant de r\u00e9pondre aux questions. En fait, chaque fois que vous vous sentez mal \u00e0 l&#039;aise, en conflit, et que vous souhaitez clarifier la situation sans savoir par o\u00f9 commencer, c&#039;est une bonne occasion de r\u00e9pondre aux questions.<\/p>\n\n\n\n<p class=\"has-small-font-size\">Dans les situations suivantes, il est particuli\u00e8rement recommand\u00e9 d\u2019utiliser le module de questions-r\u00e9ponses psychologiques :<\/p>\n\n\n\n<ul class=\"wp-block-list\">\n<li class=\"\">Vous ressentez une d\u00e9tresse \u00e9motionnelle persistante, telle que de l\u2019irritabilit\u00e9, de l\u2019insomnie, de la faiblesse, de la tension, etc.<\/li>\n\n\n\n<li class=\"\">Vous vous sentez constamment bless\u00e9, incompris et incapable de vous exprimer dans certaines relations\u00a0;<\/li>\n\n\n\n<li class=\"\">Vous \u00eates devenu confus au sujet de certains concepts psychologiques au cours de vos \u00e9tudes\u00a0;<\/li>\n\n\n\n<li class=\"\">Vous souhaitez essayer de comprendre vos propres r\u00e9actions psychologiques \u00e0 l\u2019aide de l\u2019IA ;<\/li>\n\n\n\n<li class=\"\">Vous \u00eates pr\u00eat \u00e0 vous exprimer de mani\u00e8re proactive et esp\u00e9rez recevoir des r\u00e9ponses et des conseils syst\u00e9matiques.<\/li>\n<\/ul>\n\n\n\n<p class=\"has-small-font-size\">M\u00eame si vous recherchez simplement un \u00ab\u00a0auditeur non humain\u00a0\u00bb capable de vous \u00e9couter et de vous aider \u00e0 organiser vos pens\u00e9es, les questions-r\u00e9ponses psychologiques sont une m\u00e9thode int\u00e9ressante. Elles sont sans limite de temps, sans rendez-vous et sans jugement sur vos questions. De plus, le contenu de chaque question-r\u00e9ponse peut \u00eatre enregistr\u00e9 pour vous permettre de le consulter et d&#039;y r\u00e9fl\u00e9chir ult\u00e9rieurement.<\/p>\n\n\n\n<p class=\"has-small-font-size\">Bien entendu, si vous \u00eates dans un \u00e9tat \u00e9motionnel extr\u00eame, comme l&#039;automutilation, des pulsions autodestructrices, une insomnie s\u00e9v\u00e8re, une confusion mentale, etc., le syst\u00e8me de questions-r\u00e9ponses psychologiques ne remplace pas un diagnostic et un traitement professionnels. Il est recommand\u00e9 de contacter rapidement un psychologue hors ligne ou des services d&#039;urgence.<\/p>\n\n\n\n<figure class=\"wp-block-image size-full is-resized\"><img loading=\"lazy\" decoding=\"async\" width=\"308\" height=\"480\" src=\"https:\/\/arttao.org\/wp-content\/uploads\/2025\/07\/Flower-Love-Sticker-by-Manon-Louart.gif\" alt=\"\" class=\"wp-image-8007\" style=\"width:67px;height:auto\"\/><\/figure>\n\n\n\n<h3 class=\"wp-block-heading\">3. Que se passe-t-il apr\u00e8s la s\u00e9ance de questions-r\u00e9ponses psychologiques ?<\/h3>\n\n\n\n<p class=\"has-small-font-size\">Le processus psychologique de questions-r\u00e9ponses est un processus d&#039;\u00e9change d&#039;informations et d&#039;int\u00e9gration interne. Chaque question et chaque r\u00e9ponse laissent un \u00ab\u00a0\u00e9cho\u00a0\u00bb psychologique, et c&#039;est l\u00e0 que la transformation commence.<\/p>\n\n\n\n<p class=\"has-small-font-size\">En g\u00e9n\u00e9ral, l\u2019exp\u00e9rience apr\u00e8s un interrogatoire psychologique comprend les \u00e9l\u00e9ments suivants :<\/p>\n\n\n\n<p class=\"\"><strong>1. Soulagement \u00e9motionnel initial<\/strong><br>De nombreux utilisateurs, apr\u00e8s avoir pos\u00e9 une question et re\u00e7u une r\u00e9ponse, ont le sentiment d&#039;\u00eatre \u00ab enfin compris \u00bb et \u00ab soulag\u00e9s \u00bb. Cette exp\u00e9rience r\u00e9sulte de l&#039;ext\u00e9riorisation du contenu psychologique et de la r\u00e9ponse.<\/p>\n\n\n\n<p class=\"\"><strong>2. Reconstruction cognitive<\/strong><br>Les r\u00e9ponses de l&#039;IA mettent souvent en lumi\u00e8re des perspectives que vous auriez pu n\u00e9gliger ou les probl\u00e8mes qui se cachent derri\u00e8re certains sch\u00e9mas de pens\u00e9e \u00e9tablis. Par exemple, vous avez peut-\u00eatre l&#039;habitude de vous culpabiliser, mais l&#039;IA peut vous aider \u00e0 percevoir la structure plus complexe des interactions. Ce processus de \u00ab\u00a0recompr\u00e9hension\u00a0\u00bb permet de briser les anciennes contraintes et d&#039;adopter des perspectives plus saines.<\/p>\n\n\n\n<p class=\"\"><strong>3. Suggestions d&#039;action et conseils pratiques<\/strong><br>\u00c0 la fin de chaque s\u00e9ance de questions-r\u00e9ponses, le syst\u00e8me sugg\u00e8re souvent des exercices sp\u00e9cifiques, tels que l&#039;\u00e9criture, la respiration consciente, l&#039;enregistrement \u00e9motionnel, des recommandations de cours, etc. Tout le monde ne les mettra pas en \u0153uvre imm\u00e9diatement, mais ces suggestions peuvent \u00eatre stock\u00e9es dans votre parcours de croissance pour que vous puissiez les utiliser lorsque le moment sera venu.<\/p>\n\n\n\n<p class=\"\"><strong>4. Constituer des dossiers de questions-r\u00e9ponses et des fichiers de croissance \u00e0 long terme<\/strong><br>Vous pouvez enregistrer des r\u00e9ponses pr\u00e9cieuses \u00e0 vos questions et cr\u00e9er un \u00ab\u00a0registre de r\u00e9ponses psychologiques\u00a0\u00bb. Au fil du temps, ce registre deviendra une ressource pr\u00e9cieuse pour votre d\u00e9veloppement personnel. Il vous permettra non seulement de voir d&#039;o\u00f9 vous venez, mais aussi d&#039;indiquer o\u00f9 vous allez.<\/p>\n\n\n\n<p class=\"has-small-font-size\">Le plus important est que le conseil psychologique ne peut pas r\u00e9soudre tous les probl\u00e8mes \u00e0 la fois, mais il peut \u00eatre un moyen pour vous de rester connect\u00e9 \u00e0 vous-m\u00eame, une mani\u00e8re plus positive de prendre soin de vous que de vous plaindre, de r\u00e9primer et de fuir.<\/p>\n\n\n\n<figure class=\"wp-block-image size-full is-resized\"><img loading=\"lazy\" decoding=\"async\" width=\"308\" height=\"480\" src=\"https:\/\/arttao.org\/wp-content\/uploads\/2025\/07\/Flower-Love-Sticker-by-Manon-Louart.gif\" alt=\"\" class=\"wp-image-8007\" style=\"width:70px;height:auto\"\/><\/figure>\n\n\n\n<h3 class=\"wp-block-heading\">4. Que dois-je faire si j\u2019ai des questions sur les r\u00e9sultats des questions-r\u00e9ponses psychologiques ?<\/h3>\n\n\n\n<p class=\"has-small-font-size\">Il s&#039;agit d&#039;un ph\u00e9nom\u00e8ne tr\u00e8s courant et normal. Bien que le syst\u00e8me de questions-r\u00e9ponses psychologiques repose sur une technologie d&#039;IA avanc\u00e9e, il ne s&#039;agit pas d&#039;une source de r\u00e9ponses \u00ab\u00a0omnipotentes et omniscientes\u00a0\u00bb, mais plut\u00f4t d&#039;un \u00ab\u00a0coach psychologique\u00a0\u00bb qui r\u00e9fl\u00e9chit et discute avec vous.<\/p>\n\n\n\n<p class=\"has-small-font-size\">Si vous avez des questions sur les r\u00e9sultats des questions-r\u00e9ponses, vous pouvez proc\u00e9der comme suit\u00a0:<\/p>\n\n\n\n<p class=\"\"><strong>1. Posez la \u00ab\u00a0deuxi\u00e8me question\u00a0\u00bb<\/strong><br>Par exemple, vous pourriez \u00e9crire\u00a0: \u00ab\u00a0Vous venez de dire que j&#039;\u00e9vitais les \u00e9motions. Je ne comprends pas bien ce que cela signifie\u00a0?\u00a0\u00bb ou \u00ab\u00a0J&#039;ai l&#039;impression d&#039;avoir fait de mon mieux. Pourquoi me sugg\u00e9rez-vous encore d&#039;accepter l&#039;\u00e9chec\u00a0?\u00a0\u00bb En continuant \u00e0 poser des questions, l&#039;IA ajustera sa r\u00e9ponse en fonction de vos commentaires jusqu&#039;\u00e0 ce que vous trouviez une affirmation plus adapt\u00e9e \u00e0 votre exp\u00e9rience.<\/p>\n\n\n\n<p class=\"\"><strong>2. Faites une pause dans l\u2019absorption et donnez-vous le temps de dig\u00e9rer<\/strong><br>Parfois, la r\u00e9ponse de l&#039;IA peut aborder un sujet auquel vous n&#039;\u00eates pas pr\u00e9par\u00e9, ou le langage peut \u00eatre trop abstrait. Dans ce cas, ne vous pr\u00e9cipitez pas pour y croire. \u00c9crivez-la plut\u00f4t et relisez-la quelques jours plus tard\u00a0; vous pourriez en tirer une nouvelle compr\u00e9hension.<\/p>\n\n\n\n<p class=\"\"><strong>3. Valider de mani\u00e8re crois\u00e9e avec le cours ou d&#039;autres<\/strong><br>Vous pouvez comparer les r\u00e9ponses de l&#039;IA avec les points de connaissance du cours, ou partager la conversation avec des amis de confiance ou des psychologues pour recueillir leurs avis. Il ne s&#039;agit pas de nier la r\u00e9ponse de l&#039;IA, mais de construire un syst\u00e8me de compr\u00e9hension plus approfondi.<\/p>\n\n\n\n<p class=\"\"><strong>4. N&#039;oubliez pas : l&#039;IA est un guide, pas un juge<\/strong><br>L&#039;IA ne vous jugera pas et ne vous forcera pas \u00e0 croire ses suggestions. Elle explorera avec vous et vous guidera pour identifier les possibilit\u00e9s, mais la d\u00e9cision finale et l&#039;interpr\u00e9tation vous appartiennent.<\/p>\n\n\n\n<p class=\"\"><strong>B. Guidance de gu\u00e9rison\u00a0: r\u00e9pondre aux questions psychologiques<\/strong><\/p>\n\n\n\n<p class=\"has-small-font-size\">La section \u00ab Questions-r\u00e9ponses psychologiques \u00bb est un module interactif essentiel du programme de gu\u00e9rison d&#039;ArtTao. Elle int\u00e8gre l&#039;IA aux principes de la psychoth\u00e9rapie pour offrir aux utilisateurs une exp\u00e9rience de conseil psychologique de haute qualit\u00e9, continue et structur\u00e9e. Contrairement au service client traditionnel, qui repose sur des r\u00e9ponses m\u00e9caniques, cette section adopte une approche p\u00e9dagogique, r\u00e9flexive et guid\u00e9e, encourageant les utilisateurs \u00e0 approfondir leur conscience par le questionnement et \u00e0 puiser leur force dans les r\u00e9ponses de l&#039;IA. Plus qu&#039;un simple syst\u00e8me de r\u00e9ponse, c&#039;est un cadre durable pour l&#039;apprentissage de la gu\u00e9rison.<\/p>\n\n\n\n<figure class=\"wp-block-image size-full is-resized\"><img loading=\"lazy\" decoding=\"async\" width=\"308\" height=\"480\" src=\"https:\/\/arttao.org\/wp-content\/uploads\/2025\/07\/Flower-Love-Sticker-by-Manon-Louart.gif\" alt=\"\" class=\"wp-image-8007\" style=\"width:68px;height:auto\"\/><\/figure>\n\n\n\n<h3 class=\"wp-block-heading\">5. \u00c9vitez les questions-r\u00e9ponses fr\u00e9quentes pour \u00e9viter toute confusion cognitive<\/h3>\n\n\n\n<p class=\"\">\u2014\u2014\u00c9galement sur la rationalit\u00e9 de la conception du \u00ab rapport d\u2019analyse par phases \u00bb<\/p>\n\n\n\n<p class=\"has-small-font-size\">Dans le syst\u00e8me psychologique de questions-r\u00e9ponses, on dit souvent\u00a0: \u00ab\u00a0Posez des questions mod\u00e9r\u00e9es et r\u00e9fl\u00e9chissez profond\u00e9ment\u00a0\u00bb. Il s\u2019agit non seulement d\u2019une suggestion douce, mais aussi d\u2019un principe important dans le processus de d\u00e9veloppement psychologique.<strong>Questions et r\u00e9ponses fr\u00e9quentes<\/strong>, en particulier les questions r\u00e9p\u00e9t\u00e9es \u00e0 haute fr\u00e9quence, fragment\u00e9es et non int\u00e9gr\u00e9es, conduisent souvent \u00e0 des troubles cognitifs<strong>Confusion, surcharge \u00e9motionnelle et manque de compr\u00e9hension<\/strong>La raison derri\u00e8re ce ph\u00e9nom\u00e8ne n\u2019est pas le fait de \u00ab poser la mauvaise question \u00bb, mais le manque de rythme et de m\u00e9canisme d\u2019int\u00e9gration.<\/p>\n\n\n\n<h4 class=\"wp-block-heading\">1. Pourquoi \u00ab plus vous demandez, plus vous \u00eates confus \u00bb ?<\/h4>\n\n\n\n<p class=\"has-small-font-size\">Chaque r\u00e9ponse aux questions-r\u00e9ponses psychologiques vise \u00e0 vous aider \u00e0 comprendre un ph\u00e9nom\u00e8ne psychologique, \u00e0 clarifier un biais de pens\u00e9e ou \u00e0 vous indiquer une voie d&#039;adaptation. Cependant, l&#039;\u00e9tat psychologique humain est complexe et comporte plusieurs niveaux. Si vous posez plusieurs questions sur la d\u00e9tresse \u00e9motionnelle, les conflits d&#039;identit\u00e9 et les conflits interpersonnels en une seule journ\u00e9e, le syst\u00e8me pourra peut-\u00eatre y r\u00e9pondre une par une, mais vous risquez de ne pas pouvoir y r\u00e9pondre \u00e0 temps.<strong>Absorption, s\u00e9dimentation et pratique<\/strong>.<\/p>\n\n\n\n<p class=\"has-small-font-size\">Le r\u00e9sultat est :<\/p>\n\n\n\n<ul class=\"wp-block-list\">\n<li class=\"\"><strong>Accumulation d&#039;informations<\/strong>:Vous voyez de nombreuses suggestions mais vous ne savez pas laquelle faire en premier\u00a0;<\/li>\n\n\n\n<li class=\"\"><strong>Flou directionnel<\/strong>:Diff\u00e9rents probl\u00e8mes s&#039;entrem\u00ealent, le fil conducteur est perdu et j&#039;ai l&#039;impression que \u00ab tout va mal \u00bb ;<\/li>\n\n\n\n<li class=\"\"><strong>D\u00e9pendance aux r\u00e9ponses externes<\/strong>:Une fois que des probl\u00e8mes surviennent, recherchez imm\u00e9diatement des solutions, ce qui affaiblit les muscles r\u00e9gulateurs internes\u00a0;<\/li>\n\n\n\n<li class=\"\"><strong>\u00e9motions g\u00e9n\u00e9ralis\u00e9es<\/strong>:Un point d\u2019anxi\u00e9t\u00e9 initial peut \u00eatre d\u00e9clench\u00e9 par d\u2019autres probl\u00e8mes pour devenir une anxi\u00e9t\u00e9 plus grande.<\/li>\n<\/ul>\n\n\n\n<p class=\"\"><strong>Poser fr\u00e9quemment des questions et r\u00e9pondre \u00e0 des questions n&#039;est pas un raccourci pour r\u00e9soudre les probl\u00e8mes, mais peut vous conduire dans un cycle d&#039;\u00ab \u00e9puisement psychologique \u00bb.<\/strong>.<\/p>\n\n\n\n<h4 class=\"wp-block-heading\">2. M\u00e9thodes de questions-r\u00e9ponses vraiment efficaces : rythm\u00e9es, structur\u00e9es et int\u00e9gr\u00e9es<\/h4>\n\n\n\n<p class=\"has-small-font-size\">Pour \u00e9viter les risques de \u00ab surcharge cognitive \u00bb et de \u00ab g\u00e9n\u00e9ralisation \u00e9motionnelle \u00bb, nous avons con\u00e7u un \u00ab m\u00e9canisme d&#039;analyse et de reporting Q&amp;R par phases \u00bb de \u00ab semaine \u00bb \u00e0 \u00ab ann\u00e9e \u00bb pour vous aider \u00e0 former un bon rythme d&#039;utilisation et \u00e0 revoir vos habitudes.<\/p>\n\n\n\n<h5 class=\"wp-block-heading\">\uff081\uff09. <strong>Rapport hebdomadaire (tous les 7 jours)<\/strong><\/h5>\n\n\n\n<p class=\"\">Vous pouvez participer \u00e0 une \u00e0 trois s\u00e9ances de questions-r\u00e9ponses par semaine, chacune portant sur un sujet sp\u00e9cifique (par exemple, \u00ab\u00a0l&#039;anxi\u00e9t\u00e9 interpersonnelle\u00a0\u00bb). Le syst\u00e8me recommande de cr\u00e9er un \u00ab\u00a0Rapport hebdomadaire de questions-r\u00e9ponses\u00a0\u00bb \u00e0 la fin de la semaine pour passer en revue les questions soulev\u00e9es\u00a0: sont-elles li\u00e9es\u00a0? Y a-t-il des r\u00e9p\u00e9titions\u00a0? Quelles suggestions avez-vous d\u00e9j\u00e0 mises en \u0153uvre\u00a0? Quelles \u00e9motions persistent\u00a0? Ce processus de r\u00e9flexion s&#039;apparente \u00e0 une \u00ab\u00a0organisation de l&#039;information\u00a0\u00bb, vous aidant \u00e0 identifier progressivement des indices dans votre labyrinthe mental.<\/p>\n\n\n\n<h5 class=\"wp-block-heading\">\uff082\uff09. <strong>Rapport mensuel (tous les 30 jours)<\/strong><\/h5>\n\n\n\n<p class=\"\">Une fois les quatre rapports hebdomadaires g\u00e9n\u00e9r\u00e9s, vous pouvez les r\u00e9sumer en un seul<strong>R\u00e9sum\u00e9 mensuel des questions-r\u00e9ponses<\/strong>\u00c0 ce stade, le syst\u00e8me analyse les mots-cl\u00e9s les plus fr\u00e9quemment utilis\u00e9s dans vos questions (par exemple, \u00ab\u00a0contr\u00f4le\u00a0\u00bb, \u00ab\u00a0insomnie\u00a0\u00bb et \u00ab\u00a0honte\u00a0\u00bb) et fournit des graphiques de tendance\u00a0: vos probl\u00e8mes ont-ils diminu\u00e9 ou prennent-ils de nouvelles formes\u00a0? Dans quelle mesure assimilez-vous et r\u00e9agissez-vous aux suggestions\u00a0? Ce type d&#039;analyse de donn\u00e9es vous permet de d\u00e9passer les perspectives unilat\u00e9rales et de commencer \u00e0 identifier vos propres \u00ab\u00a0sch\u00e9mas psychologiques et comportementaux\u00a0\u00bb.<\/p>\n\n\n\n<h5 class=\"wp-block-heading\">\uff083\uff09. <strong>Rapport trimestriel (tous les 90 jours)<\/strong><\/h5>\n\n\n\n<p class=\"\">Apr\u00e8s trois mois de questions-r\u00e9ponses, les enregistrements sont int\u00e9gr\u00e9s,<strong>Rapport de r\u00e9flexion trimestriel<\/strong>Il ne s&#039;agit plus d&#039;une analyse fragment\u00e9e, mais d&#039;une \u00e9tape vers une \u00ab\u00a0conscience structurelle\u00a0\u00bb. Vous pouvez voir\u00a0: dans quels domaines avez-vous r\u00e9ellement \u00e9volu\u00e9\u00a0? Quels probl\u00e8mes persistent\u00a0? Revenez-vous sans cesse aux m\u00eames probl\u00e8mes\u00a0? Le syst\u00e8me fournira des graphiques, une r\u00e9partition des mots-cl\u00e9s et des tableaux de tendances comportementales pour vous aider \u00e0 acqu\u00e9rir une compr\u00e9hension plus objective de vous-m\u00eame.<\/p>\n\n\n\n<h5 class=\"wp-block-heading\">\uff084\uff09. <strong>Rapport semestriel (tous les 180 jours)<\/strong><\/h5>\n\n\n\n<p class=\"\">Six mois constituent une p\u00e9riode cruciale de transformation psychologique. Le rapport g\u00e9n\u00e9r\u00e9 durant cette p\u00e9riode vous aidera \u00e0 examiner les questions suivantes\u00a0: votre compr\u00e9hension de vous-m\u00eame s&#039;est-elle am\u00e9lior\u00e9e\u00a0? Vos r\u00e9actions sont-elles plus flexibles\u00a0? Avez-vous appliqu\u00e9 proactivement les suggestions du syst\u00e8me et d\u00e9velopp\u00e9 votre propre bo\u00eete \u00e0 outils de r\u00e9gulation \u00e9motionnelle\u00a0? Ces r\u00e9sultats serviront d&#039;\u00e9valuation \u00e0 mi-parcours pour une gu\u00e9rison continue et approfondie.<\/p>\n\n\n\n<h5 class=\"wp-block-heading\">\uff085\uff09. <strong>Rapport annuel (tous les 365 jours)<\/strong><\/h5>\n\n\n\n<p class=\"\">Un rapport annuel n&#039;est pas un r\u00e9sum\u00e9, mais une r\u00e9flexion et un nouveau d\u00e9part. En int\u00e9grant deux rapports semestriels, vous pouvez visualiser clairement la trajectoire de votre d\u00e9veloppement psychologique. Il vous montrera comment vous passez de la d\u00e9tresse initiale \u00e0 la clart\u00e9 progressive, \u00e0 l&#039;adaptation, aux essais et erreurs, \u00e0 la r\u00e9int\u00e9gration et \u00e0 la croissance, pour finalement atteindre un \u00e9tat plus stable, plus clair et plus autonome. Ce rapport transforme v\u00e9ritablement le suivi psychologique en bien plus qu&#039;un simple \u00ab r\u00e9confort temporaire \u00bb\u00a0: c&#039;est un processus de \u00ab construction syst\u00e9mique \u00bb.<\/p>\n\n\n\n<h4 class=\"wp-block-heading\">3. Une fr\u00e9quence moindre signifie des r\u00e9sultats plus solides ; un rythme plus lent signifie une croissance plus stable<\/h4>\n\n\n\n<p class=\"has-small-font-size\">Nous voyons souvent des utilisateurs poser presque toujours les m\u00eames questions, telles que : \u00ab Comment dois-je g\u00e9rer les commentaires des autres ? \u00bb, \u00ab Pourquoi ai-je toujours l&#039;impression de ne pas \u00eatre assez bien ? \u00bb, \u00ab Suis-je trop sensible ? \u00bb...<\/p>\n\n\n\n<p class=\"has-small-font-size\">Ces questions ne sont pas surprenantes et peuvent m\u00eame \u00eatre consid\u00e9r\u00e9es comme courantes pour beaucoup. Cependant, si vous les posez quotidiennement sans examiner les r\u00e9ponses et suggestions fournies par le syst\u00e8me, vous risquez\u00a0:<\/p>\n\n\n\n<ul class=\"wp-block-list\">\n<li class=\"\">Ignorant que j&#039;ai d\u00e9j\u00e0 obtenu quelques r\u00e9ponses ;<\/li>\n\n\n\n<li class=\"\">En sautant la partie pratique, en se contentant de \u00ab demander \u00bb au lieu de \u00ab faire \u00bb ;<\/li>\n\n\n\n<li class=\"\">Sans permettre \u00e0 la cognition et aux \u00e9motions de \u00ab se stabiliser \u00bb, vous ne ressentirez naturellement pas la transformation.<\/li>\n<\/ul>\n\n\n\n<figure class=\"wp-block-image size-full is-resized\"><img loading=\"lazy\" decoding=\"async\" width=\"308\" height=\"480\" src=\"https:\/\/arttao.org\/wp-content\/uploads\/2025\/07\/Flower-Love-Sticker-by-Manon-Louart.gif\" alt=\"\" class=\"wp-image-8007\" style=\"width:74px;height:auto\"\/><\/figure>\n\n\n\n<h4 class=\"wp-block-heading\">4. Conclusion\u00a0: Que les questions-r\u00e9ponses deviennent v\u00e9ritablement une \u00ab\u00a0passerelle vers la croissance\u00a0\u00bb<\/h4>\n\n\n\n<p class=\"\">Les questions-r\u00e9ponses psychologiques sont un moyen d&#039;introspection, et non un outil de \u00ab\u00a0d\u00e9pendance \u00e9motionnelle\u00a0\u00bb. En ralentissant consciemment la fr\u00e9quence, en organisant le contenu et en g\u00e9n\u00e9rant des rapports, vous constaterez que<strong>Vous n\u2019acqu\u00e9rez pas seulement des informations, mais vous construisez \u00e9galement votre propre syst\u00e8me de navigation psychologique<\/strong>.<\/p>\n\n\n\n<p class=\"has-small-font-size\">Que chaque question devienne une prise de conscience et chaque rapport une int\u00e9gration. Ainsi, le questionnement psychologique ne sera pas un \u00ab\u00a0bouton de panique\u00a0\u00bb, mais le point de d\u00e9part de votre progression progressive vers la clart\u00e9, la stabilit\u00e9 et la maturit\u00e9.<\/p>\n\n\n\n<p class=\"\">Soyez convaincu qu&#039;il est normal d&#039;avancer lentement. Si vous allez dans la bonne direction, vous arriverez certainement \u00e0 destination. L&#039;importance des questions-r\u00e9ponses psychologiques ne r\u00e9side pas dans le fait de poser trop de questions, mais dans votre volont\u00e9 d&#039;avoir une conversation lente et constructive avec vous-m\u00eame.<\/p>","protected":false},"excerpt":{"rendered":"<p>\u4e00\u3001\u5fc3\u7406\u7b54\u7591\u7684\u610f\u4e49\u662f\u4ec0\u4e48\uff1f \u5fc3\u7406\u7b54\u7591\uff0c\u7b80\u5355\u6765\u8bf4\uff0c\u662f\u4e00\u79cd\u901a\u8fc7\u5bf9\u8bdd\u548c\u63d0\u95ee\u6765\u6f84\u6e05\u56f0\u60d1\u3001\u7406\u89e3\u60c5\u7eea\u3001\u63a2\u7d22\u81ea\u6211\u4e0e\u83b7\u5f97\u6210\u957f\u7684 [&hellip;]<\/p>\n","protected":false},"author":1,"featured_media":0,"parent":0,"menu_order":0,"comment_status":"closed","ping_status":"closed","template":"","meta":{"nf_dc_page":"","om_disable_all_campaigns":false,"_monsterinsights_skip_tracking":false,"_monsterinsights_sitenote_active":false,"_monsterinsights_sitenote_note":"","_monsterinsights_sitenote_category":0,"footnotes":""},"class_list":["post-8006","page","type-page","status-publish","hentry"],"_links":{"self":[{"href":"https:\/\/arttao.org\/fr\/wp-json\/wp\/v2\/pages\/8006","targetHints":{"allow":["GET"]}}],"collection":[{"href":"https:\/\/arttao.org\/fr\/wp-json\/wp\/v2\/pages"}],"about":[{"href":"https:\/\/arttao.org\/fr\/wp-json\/wp\/v2\/types\/page"}],"author":[{"embeddable":true,"href":"https:\/\/arttao.org\/fr\/wp-json\/wp\/v2\/users\/1"}],"replies":[{"embeddable":true,"href":"https:\/\/arttao.org\/fr\/wp-json\/wp\/v2\/comments?post=8006"}],"version-history":[{"count":5,"href":"https:\/\/arttao.org\/fr\/wp-json\/wp\/v2\/pages\/8006\/revisions"}],"predecessor-version":[{"id":8100,"href":"https:\/\/arttao.org\/fr\/wp-json\/wp\/v2\/pages\/8006\/revisions\/8100"}],"wp:attachment":[{"href":"https:\/\/arttao.org\/fr\/wp-json\/wp\/v2\/media?parent=8006"}],"curies":[{"name":"wp","href":"https:\/\/api.w.org\/{rel}","templated":true}]}}