{"id":8014,"date":"2025-07-18T16:35:11","date_gmt":"2025-07-18T16:35:11","guid":{"rendered":"https:\/\/arttao.org\/?page_id=8014"},"modified":"2025-10-27T05:23:11","modified_gmt":"2025-10-27T05:23:11","slug":"plan-dadhesion-2","status":"publish","type":"page","link":"https:\/\/arttao.org\/fr\/%e4%bc%9a%e5%91%98%e8%ae%a1%e5%88%92-2\/","title":{"rendered":"Programme d&#039;adh\u00e9sion"},"content":{"rendered":"<p class=\"\"><\/p>\n\n\n\n<p class=\"\"><\/p>\n\n\n\n<figure class=\"wp-block-image aligncenter size-full is-resized\"><img loading=\"lazy\" decoding=\"async\" width=\"308\" height=\"480\" src=\"https:\/\/arttao.org\/wp-content\/uploads\/2025\/07\/Flower-Love-Sticker-by-Manon-Louart-1.gif\" alt=\"\" class=\"wp-image-8039\" style=\"width:72px;height:auto\"\/><\/figure>\n\n\n\n<p class=\"has-text-color has-link-color wp-elements-ddcdd9b15d4b71223aa9c92650911cc6\" style=\"color:#1bac94\">Arttao.org s&#039;engage \u00e0 cr\u00e9er une plateforme compl\u00e8te int\u00e9grant la gu\u00e9rison psychologique, la cr\u00e9ation artistique et l&#039;interaction avec l&#039;IA. Dans ce processus, nous comprenons que le rythme, les besoins et les ressources de chaque utilisateur sont uniques. Afin de mieux accompagner les apprenants \u00e0 chaque \u00e9tape de leur d\u00e9veloppement, nous avons mis en place plusieurs formules d&#039;abonnement afin de vous offrir une exp\u00e9rience personnalis\u00e9e, rythm\u00e9e, approfondie et respectueuse.<\/p>\n\n\n\n<p class=\"has-small-font-size\">Le syst\u00e8me d&#039;adh\u00e9sion actuel est divis\u00e9 en :<\/p>\n\n\n\n<ul class=\"wp-block-list\">\n<li class=\"has-small-font-size\">Invit\u00e9<\/li>\n\n\n\n<li class=\"has-small-font-size\">Inscrit<\/li>\n\n\n\n<li class=\"has-small-font-size\">Adh\u00e9sion Senior : Cinq niveaux : A \/ B \/ C \/ D \/ E<\/li>\n\n\n\n<li class=\"has-small-font-size\">Utilisateurs du Plan Humanitaire Gratuit<\/li>\n<\/ul>\n\n\n\n<figure class=\"wp-block-image aligncenter size-full is-resized\"><img loading=\"lazy\" decoding=\"async\" width=\"480\" height=\"480\" src=\"https:\/\/arttao.org\/wp-content\/uploads\/2025\/07\/Saturday-Night-Friday-Sticker-by-LOrbe-Spirits.gif\" alt=\"\" class=\"wp-image-7993\" style=\"width:119px;height:auto\"\/><\/figure>\n\n\n\n<p class=\"has-text-align-center has-small-font-size\"><\/p>\n\n\n<p style=\"color:red; text-align:center;\">\u26a0\ufe0f Veuillez d&#039;abord vous connecter pour voir les informations des membres.<\/p>\n\n\n\n<p class=\"has-text-align-center has-text-color has-link-color has-small-font-size wp-elements-171b32732e7b3a179916660bec82bce1\" style=\"color:#07902e\">Cette section d\u00e9crit le contenu du service et les avantages de chaque niveau, y compris le temps d&#039;utilisation du GPT, le nombre de questions psychologiques auxquelles il est r\u00e9pondu et l&#039;analyse des tests, pour vous aider \u00e0 choisir le plan d&#039;assistance le plus adapt\u00e9.<\/p>\n\n\n\n<div style=\"height:63px\" aria-hidden=\"true\" class=\"wp-block-spacer\"><\/div>\n\n\n\n<figure class=\"wp-block-image aligncenter size-full is-resized\"><img loading=\"lazy\" decoding=\"async\" width=\"480\" height=\"480\" src=\"https:\/\/arttao.org\/wp-content\/uploads\/2025\/07\/Take-Care-Mood-Sticker-by-Dyanapyehchek.gif\" alt=\"\" class=\"wp-image-8015\" style=\"width:99px;height:auto\"\/><\/figure>\n\n\n\n<p class=\"has-text-align-center has-small-font-size\"><\/p>\n\n\n<p style=\"color:red;\">Veuillez d&#039;abord vous connecter pour voir et rejoindre le plan d&#039;adh\u00e9sion.<\/p>\n\n\n\n<p class=\"has-text-align-center has-text-color has-link-color has-small-font-size wp-elements-94edde228586bd48d5d801590f8d62ad\" style=\"color:#9c0a0a\">Nous offrons une vari\u00e9t\u00e9 de programmes de soutien psychologique pour r\u00e9pondre \u00e0 diff\u00e9rents niveaux de besoins et vous aider \u00e0 grandir de mani\u00e8re globale, tant physiquement que mentalement.<\/p>\n\n\n\n<h3 class=\"wp-block-heading has-text-align-center\"><\/h3>\n\n\n\n<p class=\"\"><\/p>\n\n\n\n<div style=\"height:80px\" aria-hidden=\"true\" class=\"wp-block-spacer\"><\/div>\n\n\n\n<figure class=\"wp-block-image aligncenter size-full is-resized\"><img loading=\"lazy\" decoding=\"async\" width=\"480\" height=\"468\" src=\"https:\/\/arttao.org\/wp-content\/uploads\/2025\/08\/Gay-Love-Sticker-by-Lider-Chile-1.gif\" alt=\"\" class=\"wp-image-8881\" style=\"width:131px;height:auto\"\/><\/figure>\n\n\n<p style=\"color:red;\">Veuillez vous connecter \u00e0 votre compte avant de postuler au programme de charit\u00e9.<\/p>\n\n\n\n<p class=\"has-text-align-center has-text-color has-link-color has-small-font-size wp-elements-f2e4e0a0909a3b9156672d0951d35262\" style=\"color:#056e0c\">Promouvoir le soutien psychologique, la gu\u00e9rison assist\u00e9e par l&#039;IA et atteindre les personnes marginalis\u00e9es dans le monde entier<\/p>\n\n\n\n<p class=\"\"><\/p>","protected":false},"excerpt":{"rendered":"<p>Arttao.org \u81f4\u529b\u4e8e\u6784\u5efa\u4e00\u4e2a\u878d\u5408\u5fc3\u7406\u7597\u6108\u3001\u827a\u672f\u521b\u9020\u4e0e AI \u4ea4\u4e92\u7684\u7efc\u5408\u5e73\u53f0\u3002\u5728\u8fd9\u4e2a\u8fc7\u7a0b\u4e2d\uff0c\u6211\u4eec\u660e\u767d\u6bcf\u4e00 [&hellip;]<\/p>\n","protected":false},"author":1,"featured_media":0,"parent":0,"menu_order":0,"comment_status":"closed","ping_status":"closed","template":"","meta":{"nf_dc_page":"","om_disable_all_campaigns":false,"_monsterinsights_skip_tracking":false,"_monsterinsights_sitenote_active":false,"_monsterinsights_sitenote_note":"","_monsterinsights_sitenote_category":0,"footnotes":""},"class_list":["post-8014","page","type-page","status-publish","hentry"],"_links":{"self":[{"href":"https:\/\/arttao.org\/fr\/wp-json\/wp\/v2\/pages\/8014","targetHints":{"allow":["GET"]}}],"collection":[{"href":"https:\/\/arttao.org\/fr\/wp-json\/wp\/v2\/pages"}],"about":[{"href":"https:\/\/arttao.org\/fr\/wp-json\/wp\/v2\/types\/page"}],"author":[{"embeddable":true,"href":"https:\/\/arttao.org\/fr\/wp-json\/wp\/v2\/users\/1"}],"replies":[{"embeddable":true,"href":"https:\/\/arttao.org\/fr\/wp-json\/wp\/v2\/comments?post=8014"}],"version-history":[{"count":20,"href":"https:\/\/arttao.org\/fr\/wp-json\/wp\/v2\/pages\/8014\/revisions"}],"predecessor-version":[{"id":11379,"href":"https:\/\/arttao.org\/fr\/wp-json\/wp\/v2\/pages\/8014\/revisions\/11379"}],"wp:attachment":[{"href":"https:\/\/arttao.org\/fr\/wp-json\/wp\/v2\/media?parent=8014"}],"curies":[{"name":"wp","href":"https:\/\/api.w.org\/{rel}","templated":true}]}}