{"id":1251,"date":"2025-03-31T20:19:15","date_gmt":"2025-03-31T20:19:15","guid":{"rendered":"https:\/\/arttao.org\/?page_id=1251"},"modified":"2025-08-16T18:30:08","modified_gmt":"2025-08-16T18:30:08","slug":"un-test-psicologico","status":"publish","type":"page","link":"https:\/\/arttao.org\/it\/a-%e5%bf%83%e7%90%86%e6%b5%8b%e8%af%95\/","title":{"rendered":"AG. Test psicologici"},"content":{"rendered":"<p class=\"\"><\/p>\n\n\n\n<p class=\"\"><\/p>\n\n\n\n<figure class=\"wp-block-image size-large is-resized\"><img loading=\"lazy\" decoding=\"async\" width=\"1024\" height=\"647\" src=\"https:\/\/arttao.org\/wp-content\/uploads\/2025\/03\/EaI\u00bcIo_601830466_\u00b2EE\u00b5A\u00bfE\u00b0\u00aeEUA\u00ae\u00b7CAEoO\u00b5EIOA22-1024x647.jpg\" alt=\"\" class=\"wp-image-1243\" style=\"width:82px;height:auto\" srcset=\"https:\/\/arttao.org\/wp-content\/uploads\/2025\/03\/EaI\u00bcIo_601830466_\u00b2EE\u00b5A\u00bfE\u00b0\u00aeEUA\u00ae\u00b7CAEoO\u00b5EIOA22-1024x647.jpg 1024w, https:\/\/arttao.org\/wp-content\/uploads\/2025\/03\/EaI\u00bcIo_601830466_\u00b2EE\u00b5A\u00bfE\u00b0\u00aeEUA\u00ae\u00b7CAEoO\u00b5EIOA22-300x189.jpg 300w, https:\/\/arttao.org\/wp-content\/uploads\/2025\/03\/EaI\u00bcIo_601830466_\u00b2EE\u00b5A\u00bfE\u00b0\u00aeEUA\u00ae\u00b7CAEoO\u00b5EIOA22-768x485.jpg 768w, https:\/\/arttao.org\/wp-content\/uploads\/2025\/03\/EaI\u00bcIo_601830466_\u00b2EE\u00b5A\u00bfE\u00b0\u00aeEUA\u00ae\u00b7CAEoO\u00b5EIOA22-1536x970.jpg 1536w, https:\/\/arttao.org\/wp-content\/uploads\/2025\/03\/EaI\u00bcIo_601830466_\u00b2EE\u00b5A\u00bfE\u00b0\u00aeEUA\u00ae\u00b7CAEoO\u00b5EIOA22-2048x1294.jpg 2048w\" sizes=\"auto, (max-width: 1024px) 100vw, 1024px\" \/><\/figure>\n\n\n\n<p class=\"\"><a href=\"https:\/\/arttao.org\/it\/a-%e8%8b%8f%e6%a0%bc%e6%8b%89%e5%ba%95%e9%97%ae%e7%ad%94-%e7%84%a6%e8%99%91%e7%9b%b8%e5%85%b3%e9%97%ae%e9%a2%98%e6%b5%8b%e8%af%95\/\" data-type=\"page\" data-id=\"6853\">UN. <strong>Domande socratiche - Test sulle domande relative all&#039;ansia<\/strong><\/a><\/p>\n\n\n\n<p class=\"has-small-font-size\">I disturbi d&#039;ansia si manifestano come una preoccupazione persistente ed eccessiva per eventi futuri, spesso in assenza di prove specifiche di una minaccia. I disturbi d&#039;ansia pi\u00f9 comuni includono il disturbo d&#039;ansia generalizzato, l&#039;ansia sociale, le fobie, il disturbo di panico e il mutismo selettivo. I pazienti sperimentano un intenso disagio, tensione, battito cardiaco accelerato, sudorazione, mancanza di respiro e disturbi allo stomaco, e possono manifestare comportamenti di evitamento come evitare situazioni sociali, non riuscire a stare da soli e avere paura di entrare in determinati luoghi. I disturbi d&#039;ansia compromettono il funzionamento quotidiano, limitando la libert\u00e0 di movimento e la qualit\u00e0 della vita. Sono spesso correlati alle capacit\u00e0 di coping e all&#039;autopercezione, e possono anche derivare da una combinazione di fattori, tra cui esperienze infantili, stress e personalit\u00e0.<\/p>\n\n\n\n<figure class=\"wp-block-image size-large is-resized\"><img loading=\"lazy\" decoding=\"async\" width=\"1024\" height=\"647\" src=\"https:\/\/arttao.org\/wp-content\/uploads\/2025\/03\/EaI\u00bcIo_601830466_\u00b2EE\u00b5A\u00bfE\u00b0\u00aeEUA\u00ae\u00b7CAEoO\u00b5EIOA22-1024x647.jpg\" alt=\"\" class=\"wp-image-1243\" style=\"width:78px;height:auto\" srcset=\"https:\/\/arttao.org\/wp-content\/uploads\/2025\/03\/EaI\u00bcIo_601830466_\u00b2EE\u00b5A\u00bfE\u00b0\u00aeEUA\u00ae\u00b7CAEoO\u00b5EIOA22-1024x647.jpg 1024w, https:\/\/arttao.org\/wp-content\/uploads\/2025\/03\/EaI\u00bcIo_601830466_\u00b2EE\u00b5A\u00bfE\u00b0\u00aeEUA\u00ae\u00b7CAEoO\u00b5EIOA22-300x189.jpg 300w, https:\/\/arttao.org\/wp-content\/uploads\/2025\/03\/EaI\u00bcIo_601830466_\u00b2EE\u00b5A\u00bfE\u00b0\u00aeEUA\u00ae\u00b7CAEoO\u00b5EIOA22-768x485.jpg 768w, https:\/\/arttao.org\/wp-content\/uploads\/2025\/03\/EaI\u00bcIo_601830466_\u00b2EE\u00b5A\u00bfE\u00b0\u00aeEUA\u00ae\u00b7CAEoO\u00b5EIOA22-1536x970.jpg 1536w, https:\/\/arttao.org\/wp-content\/uploads\/2025\/03\/EaI\u00bcIo_601830466_\u00b2EE\u00b5A\u00bfE\u00b0\u00aeEUA\u00ae\u00b7CAEoO\u00b5EIOA22-2048x1294.jpg 2048w\" sizes=\"auto, (max-width: 1024px) 100vw, 1024px\" \/><\/figure>\n\n\n\n<p class=\"\"><a href=\"https:\/\/arttao.org\/it\/b-test-socratico-con-domande-e-risposte-su-temi-legati-alla-depressione\/\" data-type=\"page\" data-id=\"6864\">B. <strong>Domande socratiche - Test sulle domande relative alla depressione<\/strong><\/a><\/p>\n\n\n\n<h5 class=\"wp-block-heading has-small-font-size\">La depressione \u00e8 un disturbo mentale caratterizzato da un umore persistentemente basso. I sintomi comuni includono tristezza persistente, perdita di interesse nelle attivit\u00e0 quotidiane, autostima bassa, affaticamento, difficolt\u00e0 di concentrazione e persino sentimenti di disperazione e pensieri suicidi. Nei casi pi\u00f9 gravi possono manifestarsi anche cambiamenti nell&#039;appetito o nel peso, problemi di sonno, intorpidimento emotivo e dolore fisico. La depressione non \u00e8 un umore basso temporaneo, ma uno stato mentale che dura pi\u00f9 di due settimane e ha un impatto significativo sul funzionamento quotidiano. Pu\u00f2 derivare da fattori genetici, traumi, isolamento sociale o stress prolungato. La depressione cronica pu\u00f2 anche portare a un declino del funzionamento sociale, all&#039;alienazione interpersonale e alla perdita di significato nella vita. Esprimere tempestivamente le proprie emozioni e intervenire con un professionista sono fondamentali.<\/h5>\n\n\n\n<figure class=\"wp-block-image size-large is-resized\"><img loading=\"lazy\" decoding=\"async\" width=\"1024\" height=\"647\" src=\"https:\/\/arttao.org\/wp-content\/uploads\/2025\/03\/EaI\u00bcIo_601830466_\u00b2EE\u00b5A\u00bfE\u00b0\u00aeEUA\u00ae\u00b7CAEoO\u00b5EIOA22-1024x647.jpg\" alt=\"\" class=\"wp-image-1243\" style=\"width:78px;height:auto\" srcset=\"https:\/\/arttao.org\/wp-content\/uploads\/2025\/03\/EaI\u00bcIo_601830466_\u00b2EE\u00b5A\u00bfE\u00b0\u00aeEUA\u00ae\u00b7CAEoO\u00b5EIOA22-1024x647.jpg 1024w, https:\/\/arttao.org\/wp-content\/uploads\/2025\/03\/EaI\u00bcIo_601830466_\u00b2EE\u00b5A\u00bfE\u00b0\u00aeEUA\u00ae\u00b7CAEoO\u00b5EIOA22-300x189.jpg 300w, https:\/\/arttao.org\/wp-content\/uploads\/2025\/03\/EaI\u00bcIo_601830466_\u00b2EE\u00b5A\u00bfE\u00b0\u00aeEUA\u00ae\u00b7CAEoO\u00b5EIOA22-768x485.jpg 768w, https:\/\/arttao.org\/wp-content\/uploads\/2025\/03\/EaI\u00bcIo_601830466_\u00b2EE\u00b5A\u00bfE\u00b0\u00aeEUA\u00ae\u00b7CAEoO\u00b5EIOA22-1536x970.jpg 1536w, https:\/\/arttao.org\/wp-content\/uploads\/2025\/03\/EaI\u00bcIo_601830466_\u00b2EE\u00b5A\u00bfE\u00b0\u00aeEUA\u00ae\u00b7CAEoO\u00b5EIOA22-2048x1294.jpg 2048w\" sizes=\"auto, (max-width: 1024px) 100vw, 1024px\" \/><\/figure>\n\n\n\n<p class=\"\"><a href=\"https:\/\/arttao.org\/it\/c-test-di-coercizione-socratica-e-di-gestione-degli-impulsi\/\" data-type=\"page\" data-id=\"6866\">C. <strong>Domande socratiche - Test sui problemi compulsivi e impulsivi<\/strong><\/a><\/p>\n\n\n\n<p class=\"has-small-font-size\">Questi tipi di problemi comprendono il disturbo ossessivo-compulsivo (DOC) e i disturbi del controllo degli impulsi, la cui caratteristica principale \u00e8 la presenza di pensieri ricorrenti e incontrollabili (pensieri ossessivi) e comportamenti (comportamenti compulsivi o impulsivi) che l&#039;individuo non riesce a sopprimere, anche quando \u00e8 consapevole della loro irrazionalit\u00e0. Chi soffre di DOC pu\u00f2 essere tormentato da pensieri come &quot;\u00c8 pulito?&quot; o &quot;\u00c8 sicuro?&quot; e alleviare l&#039;ansia lavandosi le mani o controllando ripetutamente. I disturbi impulsivi, d&#039;altra parte, si manifestano come improvvisi comportamenti impulsivi come rabbia, furto, gioco d&#039;azzardo o eccesso di cibo. Gli individui in genere provano sensi di colpa e rimorso in seguito, ma faticano a resistere all&#039;impulso successivo. Questi problemi sono profondamente influenzati da distorsioni cognitive, circuiti neurali anomali e insufficiente autoregolazione, spesso compromettendo la vita quotidiana e le relazioni interpersonali.<\/p>\n\n\n\n<figure class=\"wp-block-image size-large is-resized\"><img loading=\"lazy\" decoding=\"async\" width=\"1024\" height=\"647\" src=\"https:\/\/arttao.org\/wp-content\/uploads\/2025\/03\/EaI\u00bcIo_601830466_\u00b2EE\u00b5A\u00bfE\u00b0\u00aeEUA\u00ae\u00b7CAEoO\u00b5EIOA22-1024x647.jpg\" alt=\"\" class=\"wp-image-1243\" style=\"width:79px;height:auto\" srcset=\"https:\/\/arttao.org\/wp-content\/uploads\/2025\/03\/EaI\u00bcIo_601830466_\u00b2EE\u00b5A\u00bfE\u00b0\u00aeEUA\u00ae\u00b7CAEoO\u00b5EIOA22-1024x647.jpg 1024w, https:\/\/arttao.org\/wp-content\/uploads\/2025\/03\/EaI\u00bcIo_601830466_\u00b2EE\u00b5A\u00bfE\u00b0\u00aeEUA\u00ae\u00b7CAEoO\u00b5EIOA22-300x189.jpg 300w, https:\/\/arttao.org\/wp-content\/uploads\/2025\/03\/EaI\u00bcIo_601830466_\u00b2EE\u00b5A\u00bfE\u00b0\u00aeEUA\u00ae\u00b7CAEoO\u00b5EIOA22-768x485.jpg 768w, https:\/\/arttao.org\/wp-content\/uploads\/2025\/03\/EaI\u00bcIo_601830466_\u00b2EE\u00b5A\u00bfE\u00b0\u00aeEUA\u00ae\u00b7CAEoO\u00b5EIOA22-1536x970.jpg 1536w, https:\/\/arttao.org\/wp-content\/uploads\/2025\/03\/EaI\u00bcIo_601830466_\u00b2EE\u00b5A\u00bfE\u00b0\u00aeEUA\u00ae\u00b7CAEoO\u00b5EIOA22-2048x1294.jpg 2048w\" sizes=\"auto, (max-width: 1024px) 100vw, 1024px\" \/><\/figure>\n\n\n\n<p class=\"\"><a href=\"https:\/\/arttao.org\/it\/d-%e8%8b%8f%e6%a0%bc%e6%8b%89%e5%ba%95-%e5%88%9b%e4%bc%a4%e4%b8%8e%e5%ba%94%e6%bf%80%e9%97%ae%e9%a2%98%e6%b5%8b%e8%af%95\/\" data-type=\"page\" data-id=\"6870\">D. <strong>Domande socratiche - Test su traumi e stress<\/strong><\/a><\/p>\n\n\n\n<p class=\"has-small-font-size\">Questi tipi di problemi derivano dall&#039;esperienza o dall&#039;essere testimoni di eventi estremamente dolorosi, pericolosi per la vita o per la sicurezza, come incidenti, violenza, abusi o importanti cambiamenti di vita. I disturbi pi\u00f9 comuni includono il disturbo da stress post-traumatico (PTSD), il disturbo acuto da stress e il disturbo dell&#039;adattamento. I pazienti possono rievocare ripetutamente immagini traumatiche (flashback), avere incubi, sperimentare sfoghi emotivi e ipervigilanza, evitando deliberatamente scene, persone o argomenti correlati al trauma. Il trauma pu\u00f2 causare un persistente ritiro psicologico, autodissociazione, perdita di fiducia e persino alterare la percezione della realt\u00e0. Le reazioni traumatiche non trattate a lungo termine possono trasformarsi in ansia cronica, depressione e comportamenti autolesionistici, richiedendo un intervento psicologico professionale e un percorso riabilitativo.<\/p>\n\n\n\n<figure class=\"wp-block-image size-large is-resized\"><img loading=\"lazy\" decoding=\"async\" width=\"1024\" height=\"647\" src=\"https:\/\/arttao.org\/wp-content\/uploads\/2025\/03\/EaI\u00bcIo_601830466_\u00b2EE\u00b5A\u00bfE\u00b0\u00aeEUA\u00ae\u00b7CAEoO\u00b5EIOA22-1024x647.jpg\" alt=\"\" class=\"wp-image-1243\" style=\"width:74px;height:auto\" srcset=\"https:\/\/arttao.org\/wp-content\/uploads\/2025\/03\/EaI\u00bcIo_601830466_\u00b2EE\u00b5A\u00bfE\u00b0\u00aeEUA\u00ae\u00b7CAEoO\u00b5EIOA22-1024x647.jpg 1024w, https:\/\/arttao.org\/wp-content\/uploads\/2025\/03\/EaI\u00bcIo_601830466_\u00b2EE\u00b5A\u00bfE\u00b0\u00aeEUA\u00ae\u00b7CAEoO\u00b5EIOA22-300x189.jpg 300w, https:\/\/arttao.org\/wp-content\/uploads\/2025\/03\/EaI\u00bcIo_601830466_\u00b2EE\u00b5A\u00bfE\u00b0\u00aeEUA\u00ae\u00b7CAEoO\u00b5EIOA22-768x485.jpg 768w, https:\/\/arttao.org\/wp-content\/uploads\/2025\/03\/EaI\u00bcIo_601830466_\u00b2EE\u00b5A\u00bfE\u00b0\u00aeEUA\u00ae\u00b7CAEoO\u00b5EIOA22-1536x970.jpg 1536w, https:\/\/arttao.org\/wp-content\/uploads\/2025\/03\/EaI\u00bcIo_601830466_\u00b2EE\u00b5A\u00bfE\u00b0\u00aeEUA\u00ae\u00b7CAEoO\u00b5EIOA22-2048x1294.jpg 2048w\" sizes=\"auto, (max-width: 1024px) 100vw, 1024px\" \/><\/figure>\n\n\n\n<p class=\"\"><a href=\"https:\/\/arttao.org\/it\/e-%e8%8b%8f%e6%a0%bc%e6%8b%89%e5%ba%95-%e6%83%85%e7%bb%aa%e6%b3%a2%e5%8a%a8%e9%97%ae%e9%a2%98%e6%b5%8b%e8%af%95\/\" data-type=\"page\" data-id=\"6898\">E. <strong>Domande socratiche - Test sulle fluttuazioni emotive<\/strong><\/a><\/p>\n\n\n\n<p class=\"has-small-font-size\">Gli sbalzi d&#039;umore sono caratterizzati da reazioni emotive intense e instabili, significative fluttuazioni dell&#039;umore e difficolt\u00e0 nell&#039;autoregolazione. Questi problemi possono includere disturbi della regolazione dell&#039;umore, disturbo bipolare e disturbi di personalit\u00e0. Gli individui possono sperimentare rapidi passaggi dall&#039;eccitazione e dal piacere alla rabbia e alla disperazione in un breve periodo, spesso accompagnati da comportamenti impulsivi, tensioni relazionali e cambiamenti estremi nell&#039;autostima. Gli sbalzi d&#039;umore possono compromettere significativamente il lavoro, gli studi e le relazioni interpersonali, spesso lasciando l&#039;individuo con la sensazione di &quot;perdere il controllo&quot;. Questi problemi sono tipicamente correlati a relazioni di attaccamento precoci, a un&#039;identit\u00e0 di s\u00e9 instabile e a confini sfumati; il processo di guarigione si concentra sulla costruzione di stabilit\u00e0 interiore e di un sistema di auto-supporto.<\/p>\n\n\n\n<figure class=\"wp-block-image size-large is-resized\"><img loading=\"lazy\" decoding=\"async\" width=\"1024\" height=\"647\" src=\"https:\/\/arttao.org\/wp-content\/uploads\/2025\/03\/EaI\u00bcIo_601830466_\u00b2EE\u00b5A\u00bfE\u00b0\u00aeEUA\u00ae\u00b7CAEoO\u00b5EIOA22-1024x647.jpg\" alt=\"\" class=\"wp-image-1243\" style=\"width:76px;height:auto\" srcset=\"https:\/\/arttao.org\/wp-content\/uploads\/2025\/03\/EaI\u00bcIo_601830466_\u00b2EE\u00b5A\u00bfE\u00b0\u00aeEUA\u00ae\u00b7CAEoO\u00b5EIOA22-1024x647.jpg 1024w, https:\/\/arttao.org\/wp-content\/uploads\/2025\/03\/EaI\u00bcIo_601830466_\u00b2EE\u00b5A\u00bfE\u00b0\u00aeEUA\u00ae\u00b7CAEoO\u00b5EIOA22-300x189.jpg 300w, https:\/\/arttao.org\/wp-content\/uploads\/2025\/03\/EaI\u00bcIo_601830466_\u00b2EE\u00b5A\u00bfE\u00b0\u00aeEUA\u00ae\u00b7CAEoO\u00b5EIOA22-768x485.jpg 768w, https:\/\/arttao.org\/wp-content\/uploads\/2025\/03\/EaI\u00bcIo_601830466_\u00b2EE\u00b5A\u00bfE\u00b0\u00aeEUA\u00ae\u00b7CAEoO\u00b5EIOA22-1536x970.jpg 1536w, https:\/\/arttao.org\/wp-content\/uploads\/2025\/03\/EaI\u00bcIo_601830466_\u00b2EE\u00b5A\u00bfE\u00b0\u00aeEUA\u00ae\u00b7CAEoO\u00b5EIOA22-2048x1294.jpg 2048w\" sizes=\"auto, (max-width: 1024px) 100vw, 1024px\" \/><\/figure>\n\n\n\n<p class=\"\"><a href=\"https:\/\/arttao.org\/it\/f-%e7%9d%a1%e7%9c%a0%e4%b8%8e%e8%ba%af%e4%bd%93%e9%97%ae%e9%a2%98\/\" data-type=\"page\" data-id=\"6997\">F. <strong>Domande socratiche - Test sui problemi del sonno e fisici<\/strong><\/a><\/p>\n\n\n\n<p class=\"has-small-font-size\">I disturbi del sonno, tra cui difficolt\u00e0 ad addormentarsi, risvegli precoci, risvegli frequenti, sogni vividi e stanchezza diurna, sono spesso segnali di diverse problematiche psicologiche. I disturbi del sonno cronici possono compromettere la stabilit\u00e0 emotiva, la memoria e il sistema immunitario. I sintomi di somatizzazione si manifestano come ricorrenti disturbi fisici (come mal di testa, mal di stomaco, mancanza di respiro e palpitazioni), ma gli esami medici non ne rivelano una causa precisa. I pazienti sono sensibili ai cambiamenti corporei e la loro ansia interiore si esprime spesso attraverso il &quot;linguaggio del corpo&quot;. Questi problemi sono spesso correlati a stress, emozioni represse ed eccessivo autocontrollo. Molti pazienti inizialmente si rivolgono al sistema sanitario, ma in realt\u00e0 \u00e8 necessario un intervento psicologico. Ripristinare i ritmi del sonno e rafforzare la connessione tra corpo e mente sono aspetti cruciali del trattamento.<\/p>\n\n\n\n<figure class=\"wp-block-image size-large is-resized\"><img loading=\"lazy\" decoding=\"async\" width=\"1024\" height=\"647\" src=\"https:\/\/arttao.org\/wp-content\/uploads\/2025\/03\/EaI\u00bcIo_601830466_\u00b2EE\u00b5A\u00bfE\u00b0\u00aeEUA\u00ae\u00b7CAEoO\u00b5EIOA22-1024x647.jpg\" alt=\"\" class=\"wp-image-1243\" style=\"width:78px;height:auto\" srcset=\"https:\/\/arttao.org\/wp-content\/uploads\/2025\/03\/EaI\u00bcIo_601830466_\u00b2EE\u00b5A\u00bfE\u00b0\u00aeEUA\u00ae\u00b7CAEoO\u00b5EIOA22-1024x647.jpg 1024w, https:\/\/arttao.org\/wp-content\/uploads\/2025\/03\/EaI\u00bcIo_601830466_\u00b2EE\u00b5A\u00bfE\u00b0\u00aeEUA\u00ae\u00b7CAEoO\u00b5EIOA22-300x189.jpg 300w, https:\/\/arttao.org\/wp-content\/uploads\/2025\/03\/EaI\u00bcIo_601830466_\u00b2EE\u00b5A\u00bfE\u00b0\u00aeEUA\u00ae\u00b7CAEoO\u00b5EIOA22-768x485.jpg 768w, https:\/\/arttao.org\/wp-content\/uploads\/2025\/03\/EaI\u00bcIo_601830466_\u00b2EE\u00b5A\u00bfE\u00b0\u00aeEUA\u00ae\u00b7CAEoO\u00b5EIOA22-1536x970.jpg 1536w, https:\/\/arttao.org\/wp-content\/uploads\/2025\/03\/EaI\u00bcIo_601830466_\u00b2EE\u00b5A\u00bfE\u00b0\u00aeEUA\u00ae\u00b7CAEoO\u00b5EIOA22-2048x1294.jpg 2048w\" sizes=\"auto, (max-width: 1024px) 100vw, 1024px\" \/><\/figure>\n\n\n\n<p class=\"\"><a href=\"https:\/\/arttao.org\/it\/h1-problemi-di-dipendenza-e-assuefazione\/\" data-type=\"page\" data-id=\"7032\">G.<strong>Domande socratiche - Test di dipendenza e assuefazione<\/strong><\/a><\/p>\n\n\n\n<p class=\"has-small-font-size\">I problemi di dipendenza non si limitano alle sostanze (come alcol, nicotina e droghe), ma includono anche dipendenze comportamentali come la dipendenza da internet, la ludopatia, la dipendenza emotiva e la dipendenza dal lavoro. Sono caratterizzate dalla ripetizione incontrollabile di un determinato comportamento, difficile da interrompere nonostante le conseguenze negative. La dipendenza procura un piacere a breve termine, ma priva gradualmente la persona di libert\u00e0 e volont\u00e0, danneggiando persino la salute fisica, le relazioni e la carriera. Dietro la dipendenza si cela spesso un profondo vuoto, una mancanza di autocontrollo o la tendenza a sfuggire al dolore psicologico. Un trattamento efficace deve passare dal &quot;controllo&quot; alla &quot;comprensione&quot;, ripristinando gradualmente l&#039;autonomia interiore attraverso la creazione di sani modelli di attaccamento, un senso di autostima e comportamenti vicarianti.<\/p>","protected":false},"excerpt":{"rendered":"<p>A. \u82cf\u683c\u62c9\u5e95\u95ee\u7b54-\u7126\u8651\u76f8\u5173\u95ee\u9898\u6d4b\u8bd5 \u7126\u8651\u95ee\u9898\u8868\u73b0\u4e3a\u5bf9\u672a\u6765\u4e8b\u4ef6\u6301\u7eed\u4e14\u8fc7\u5ea6\u7684\u62c5\u5fe7\uff0c\u5f80\u5f80\u7f3a\u4e4f\u5177\u4f53\u7684\u5a01\u80c1\u4f9d\u636e\u3002\u5e38\u89c1\u7684 [&hellip;]<\/p>\n","protected":false},"author":1,"featured_media":0,"parent":0,"menu_order":0,"comment_status":"closed","ping_status":"closed","template":"","meta":{"nf_dc_page":"","om_disable_all_campaigns":false,"_monsterinsights_skip_tracking":false,"_monsterinsights_sitenote_active":false,"_monsterinsights_sitenote_note":"","_monsterinsights_sitenote_category":0,"footnotes":""},"class_list":["post-1251","page","type-page","status-publish","hentry"],"_links":{"self":[{"href":"https:\/\/arttao.org\/it\/wp-json\/wp\/v2\/pages\/1251","targetHints":{"allow":["GET"]}}],"collection":[{"href":"https:\/\/arttao.org\/it\/wp-json\/wp\/v2\/pages"}],"about":[{"href":"https:\/\/arttao.org\/it\/wp-json\/wp\/v2\/types\/page"}],"author":[{"embeddable":true,"href":"https:\/\/arttao.org\/it\/wp-json\/wp\/v2\/users\/1"}],"replies":[{"embeddable":true,"href":"https:\/\/arttao.org\/it\/wp-json\/wp\/v2\/comments?post=1251"}],"version-history":[{"count":20,"href":"https:\/\/arttao.org\/it\/wp-json\/wp\/v2\/pages\/1251\/revisions"}],"predecessor-version":[{"id":8874,"href":"https:\/\/arttao.org\/it\/wp-json\/wp\/v2\/pages\/1251\/revisions\/8874"}],"wp:attachment":[{"href":"https:\/\/arttao.org\/it\/wp-json\/wp\/v2\/media?parent=1251"}],"curies":[{"name":"wp","href":"https:\/\/api.w.org\/{rel}","templated":true}]}}