{"id":2954,"date":"2025-05-08T05:03:49","date_gmt":"2025-05-08T05:03:49","guid":{"rendered":"https:\/\/arttao.org\/?page_id=2954"},"modified":"2025-10-01T18:46:27","modified_gmt":"2025-10-01T18:46:27","slug":"h-problemi-di-dipendenza-e-assuefazione-s","status":"publish","type":"page","link":"https:\/\/arttao.org\/it\/h-%e4%be%9d%e8%b5%96%e4%b8%8e%e6%88%90%e7%98%be%e9%97%ae%e9%a2%98s\/","title":{"rendered":"H. Problemi di dipendenza e assuefazione"},"content":{"rendered":"<p class=\"\"><\/p>\n\n\n\n<p class=\"\"><\/p>\n\n\n\n<figure class=\"wp-block-image size-large is-resized\"><img loading=\"lazy\" decoding=\"async\" width=\"1024\" height=\"724\" src=\"https:\/\/arttao.org\/wp-content\/uploads\/2025\/05\/EaI\u00bcIo_402498515_AIAE\u00b2EA\u00aeo\u00a2CaDAAEAth\u00bf\u00a8I\u00a8\u00b2a_\u00b7CAEoO\u00b5EIOA22-1024x724.jpg\" alt=\"\" class=\"wp-image-2693\" style=\"width:68px;height:auto\" srcset=\"https:\/\/arttao.org\/wp-content\/uploads\/2025\/05\/EaI\u00bcIo_402498515_AIAE\u00b2EA\u00aeo\u00a2CaDAAEAth\u00bf\u00a8I\u00a8\u00b2a_\u00b7CAEoO\u00b5EIOA22-1024x724.jpg 1024w, https:\/\/arttao.org\/wp-content\/uploads\/2025\/05\/EaI\u00bcIo_402498515_AIAE\u00b2EA\u00aeo\u00a2CaDAAEAth\u00bf\u00a8I\u00a8\u00b2a_\u00b7CAEoO\u00b5EIOA22-300x212.jpg 300w, https:\/\/arttao.org\/wp-content\/uploads\/2025\/05\/EaI\u00bcIo_402498515_AIAE\u00b2EA\u00aeo\u00a2CaDAAEAth\u00bf\u00a8I\u00a8\u00b2a_\u00b7CAEoO\u00b5EIOA22-768x543.jpg 768w, https:\/\/arttao.org\/wp-content\/uploads\/2025\/05\/EaI\u00bcIo_402498515_AIAE\u00b2EA\u00aeo\u00a2CaDAAEAth\u00bf\u00a8I\u00a8\u00b2a_\u00b7CAEoO\u00b5EIOA22-1536x1086.jpg 1536w, https:\/\/arttao.org\/wp-content\/uploads\/2025\/05\/EaI\u00bcIo_402498515_AIAE\u00b2EA\u00aeo\u00a2CaDAAEAth\u00bf\u00a8I\u00a8\u00b2a_\u00b7CAEoO\u00b5EIOA22.jpg 1750w\" sizes=\"auto, (max-width: 1024px) 100vw, 1024px\" \/><\/figure>\n\n\n\n<p class=\"has-medium-font-size\"><a href=\"https:\/\/arttao.org\/it\/38%e9%85%92%e7%b2%be%e4%bd%bf%e7%94%a8%e7%9b%b8%e5%85%b3%e9%97%ae%e9%a2%98-s\/\" data-type=\"page\" data-id=\"10987\">s-42:<strong>Problemi legati al consumo di alcol<\/strong><\/a><\/p>\n\n\n\n<p class=\"has-small-font-size\"><br><br>Questo test si concentra sulla valutazione di un eventuale indebolimento del controllo sul consumo di alcol, di una maggiore dipendenza o di un impatto negativo sempre pi\u00f9 marcato. Attraverso sei domande socratiche, il sistema ti guida a riconoscere dimensioni chiave come la frequenza del consumo di alcol, la perdita di controllo dopo aver bevuto, l&#039;impatto sul lavoro o sulle relazioni e l&#039;eventuale fallimento di tentativi di smettere. L&#039;intelligenza artificiale integrer\u00e0 le tue risposte, analizzer\u00e0 se soddisfi i criteri per la diagnosi di &quot;disturbo da uso di alcol&quot; e, in base ai tuoi desideri e alla tua situazione attuale, ti proporr\u00e0 suggerimenti appropriati per la regolazione cognitiva, la gestione della situazione o interventi di supporto. Questo test \u00e8 adatto a chi beve in modo eccessivo consapevolmente, ha difficolt\u00e0 a smettere o \u00e8 stato consigliato da altri di farlo, aiutandoti a ricostruire un percorso verso la moderazione e il controllo.<\/p>\n\n\n\n<figure class=\"wp-block-image size-large is-resized\"><img loading=\"lazy\" decoding=\"async\" width=\"1024\" height=\"724\" src=\"https:\/\/arttao.org\/wp-content\/uploads\/2025\/05\/EaI\u00bcIo_402498515_AIAE\u00b2EA\u00aeo\u00a2CaDAAEAth\u00bf\u00a8I\u00a8\u00b2a_\u00b7CAEoO\u00b5EIOA22-1024x724.jpg\" alt=\"\" class=\"wp-image-2693\" style=\"width:68px;height:auto\" srcset=\"https:\/\/arttao.org\/wp-content\/uploads\/2025\/05\/EaI\u00bcIo_402498515_AIAE\u00b2EA\u00aeo\u00a2CaDAAEAth\u00bf\u00a8I\u00a8\u00b2a_\u00b7CAEoO\u00b5EIOA22-1024x724.jpg 1024w, https:\/\/arttao.org\/wp-content\/uploads\/2025\/05\/EaI\u00bcIo_402498515_AIAE\u00b2EA\u00aeo\u00a2CaDAAEAth\u00bf\u00a8I\u00a8\u00b2a_\u00b7CAEoO\u00b5EIOA22-300x212.jpg 300w, https:\/\/arttao.org\/wp-content\/uploads\/2025\/05\/EaI\u00bcIo_402498515_AIAE\u00b2EA\u00aeo\u00a2CaDAAEAth\u00bf\u00a8I\u00a8\u00b2a_\u00b7CAEoO\u00b5EIOA22-768x543.jpg 768w, https:\/\/arttao.org\/wp-content\/uploads\/2025\/05\/EaI\u00bcIo_402498515_AIAE\u00b2EA\u00aeo\u00a2CaDAAEAth\u00bf\u00a8I\u00a8\u00b2a_\u00b7CAEoO\u00b5EIOA22-1536x1086.jpg 1536w, https:\/\/arttao.org\/wp-content\/uploads\/2025\/05\/EaI\u00bcIo_402498515_AIAE\u00b2EA\u00aeo\u00a2CaDAAEAth\u00bf\u00a8I\u00a8\u00b2a_\u00b7CAEoO\u00b5EIOA22.jpg 1750w\" sizes=\"auto, (max-width: 1024px) 100vw, 1024px\" \/><\/figure>\n\n\n\n<p class=\"has-medium-font-size\"><a href=\"https:\/\/arttao.org\/it\/39%e7%89%a9%e8%b4%a8%e4%bd%bf%e7%94%a8%e7%9b%b8%e5%85%b3%e9%97%ae%e9%a2%98-s\/\" data-type=\"page\" data-id=\"10989\">s-43:<strong>Questioni relative all&#039;uso di sostanze<\/strong><\/a><\/p>\n\n\n\n<p class=\"has-small-font-size\"><br><br>Questo test mira a identificare un&#039;eventuale dipendenza o abuso di una determinata sostanza (come tranquillanti, stimolanti, marijuana, droghe, ecc.). Sei domande di difficolt\u00e0 crescente ti aiuteranno a valutare la frequenza d&#039;uso, l&#039;impatto sugli studi o sul lavoro, eventuali problemi legali o di salute e la presenza di forti voglie incontrollabili. L&#039;intelligenza artificiale analizzer\u00e0 il tuo feedback per determinare se l&#039;uso costituisce un ostacolo e proporr\u00e0 percorsi di cambiamento personalizzati, tra cui strategie di autocontrollo, supporto sociale e consulenza professionale. \u00c8 indicato per chi ha gi\u00e0 tentato di smettere senza successo o per chi desidera individuare precocemente eventuali tendenze alla dipendenza.<\/p>\n\n\n\n<figure class=\"wp-block-image size-large is-resized\"><img loading=\"lazy\" decoding=\"async\" width=\"1024\" height=\"724\" src=\"https:\/\/arttao.org\/wp-content\/uploads\/2025\/05\/EaI\u00bcIo_402498515_AIAE\u00b2EA\u00aeo\u00a2CaDAAEAth\u00bf\u00a8I\u00a8\u00b2a_\u00b7CAEoO\u00b5EIOA22-1024x724.jpg\" alt=\"\" class=\"wp-image-2693\" style=\"width:68px;height:auto\" srcset=\"https:\/\/arttao.org\/wp-content\/uploads\/2025\/05\/EaI\u00bcIo_402498515_AIAE\u00b2EA\u00aeo\u00a2CaDAAEAth\u00bf\u00a8I\u00a8\u00b2a_\u00b7CAEoO\u00b5EIOA22-1024x724.jpg 1024w, https:\/\/arttao.org\/wp-content\/uploads\/2025\/05\/EaI\u00bcIo_402498515_AIAE\u00b2EA\u00aeo\u00a2CaDAAEAth\u00bf\u00a8I\u00a8\u00b2a_\u00b7CAEoO\u00b5EIOA22-300x212.jpg 300w, https:\/\/arttao.org\/wp-content\/uploads\/2025\/05\/EaI\u00bcIo_402498515_AIAE\u00b2EA\u00aeo\u00a2CaDAAEAth\u00bf\u00a8I\u00a8\u00b2a_\u00b7CAEoO\u00b5EIOA22-768x543.jpg 768w, https:\/\/arttao.org\/wp-content\/uploads\/2025\/05\/EaI\u00bcIo_402498515_AIAE\u00b2EA\u00aeo\u00a2CaDAAEAth\u00bf\u00a8I\u00a8\u00b2a_\u00b7CAEoO\u00b5EIOA22-1536x1086.jpg 1536w, https:\/\/arttao.org\/wp-content\/uploads\/2025\/05\/EaI\u00bcIo_402498515_AIAE\u00b2EA\u00aeo\u00a2CaDAAEAth\u00bf\u00a8I\u00a8\u00b2a_\u00b7CAEoO\u00b5EIOA22.jpg 1750w\" sizes=\"auto, (max-width: 1024px) 100vw, 1024px\" \/><\/figure>\n\n\n\n<p class=\"has-medium-font-size\"><a href=\"https:\/\/arttao.org\/it\/40%e8%b5%8c%e5%8d%9a%e7%9b%b8%e5%85%b3%e9%97%ae%e9%a2%98-s\/\" data-type=\"page\" data-id=\"10991\">s-44:<strong>Problemi legati al gioco d&#039;azzardo<\/strong><\/a><\/p>\n\n\n\n<p class=\"has-small-font-size\"><br><br>Questo test ti aiuta a valutare se sei dipendente dal gioco d&#039;azzardo, se hai difficolt\u00e0 a controllare il tuo comportamento di scommessa e se, di conseguenza, stai vivendo difficolt\u00e0 finanziarie, familiari o emotive. Il metodo socratico ti guida nell&#039;esaminare se il gioco d&#039;azzardo \u00e8 un modo per alleviare lo stress, se hai preso in prestito denaro per giocare, se hai ripetutamente tentato di smettere senza successo e quale impatto significativo questo abbia avuto sulla tua vita. L&#039;intelligenza artificiale integrer\u00e0 le tue risposte per determinare se potresti avere una dipendenza comportamentale e ti fornir\u00e0 suggerimenti pratici come l&#039;intervento cognitivo-comportamentale, la regolazione delle emozioni e l&#039;isolamento del rischio. Questo test \u00e8 adatto a chi si \u00e8 reso conto di avere difficolt\u00e0 a controllare il proprio gioco d&#039;azzardo e desidera interrompere questo circolo vizioso, ma non ha una chiara via d&#039;uscita.<\/p>\n\n\n\n<figure class=\"wp-block-image size-large is-resized\"><img loading=\"lazy\" decoding=\"async\" width=\"1024\" height=\"724\" src=\"https:\/\/arttao.org\/wp-content\/uploads\/2025\/05\/EaI\u00bcIo_402498515_AIAE\u00b2EA\u00aeo\u00a2CaDAAEAth\u00bf\u00a8I\u00a8\u00b2a_\u00b7CAEoO\u00b5EIOA22-1024x724.jpg\" alt=\"\" class=\"wp-image-2693\" style=\"width:69px;height:auto\" srcset=\"https:\/\/arttao.org\/wp-content\/uploads\/2025\/05\/EaI\u00bcIo_402498515_AIAE\u00b2EA\u00aeo\u00a2CaDAAEAth\u00bf\u00a8I\u00a8\u00b2a_\u00b7CAEoO\u00b5EIOA22-1024x724.jpg 1024w, https:\/\/arttao.org\/wp-content\/uploads\/2025\/05\/EaI\u00bcIo_402498515_AIAE\u00b2EA\u00aeo\u00a2CaDAAEAth\u00bf\u00a8I\u00a8\u00b2a_\u00b7CAEoO\u00b5EIOA22-300x212.jpg 300w, https:\/\/arttao.org\/wp-content\/uploads\/2025\/05\/EaI\u00bcIo_402498515_AIAE\u00b2EA\u00aeo\u00a2CaDAAEAth\u00bf\u00a8I\u00a8\u00b2a_\u00b7CAEoO\u00b5EIOA22-768x543.jpg 768w, https:\/\/arttao.org\/wp-content\/uploads\/2025\/05\/EaI\u00bcIo_402498515_AIAE\u00b2EA\u00aeo\u00a2CaDAAEAth\u00bf\u00a8I\u00a8\u00b2a_\u00b7CAEoO\u00b5EIOA22-1536x1086.jpg 1536w, https:\/\/arttao.org\/wp-content\/uploads\/2025\/05\/EaI\u00bcIo_402498515_AIAE\u00b2EA\u00aeo\u00a2CaDAAEAth\u00bf\u00a8I\u00a8\u00b2a_\u00b7CAEoO\u00b5EIOA22.jpg 1750w\" sizes=\"auto, (max-width: 1024px) 100vw, 1024px\" \/><\/figure>\n\n\n\n<p class=\"has-medium-font-size\"><a href=\"https:\/\/arttao.org\/it\/s-45%e7%bd%91%e7%bb%9c-%e6%b8%b8%e6%88%8f%e4%bd%bf%e7%94%a8%e6%88%90%e7%98%be%e5%80%be%e5%90%91\/\" data-type=\"page\" data-id=\"11104\">s-45:<strong>tendenze alla dipendenza da internet\/videogiochi<\/strong><\/a><\/p>\n\n\n\n<p class=\"has-small-font-size\"><br><br>Questo test si concentra sull&#039;individuazione di una forte dipendenza dalle attivit\u00e0 online o dai videogiochi, che si manifesta con eccessiva dipendenza, compromissione del funzionamento nella vita reale o manipolazione emotiva tramite internet. Il sistema utilizza sei domande guida per aiutarti a valutare se l&#039;uso eccessivo di internet sta influenzando il tuo sonno, le relazioni interpersonali, lo studio o il lavoro; se hai provato a ridurre il tempo trascorso online senza successo; e se senti di &quot;poterti rilassare o sentirti presente solo nei videogiochi&quot;. L&#039;intelligenza artificiale generer\u00e0 un&#039;analisi completa basata sulle tue risposte e offrir\u00e0 suggerimenti per stabilire dei limiti di utilizzo, trovare metodi di gratificazione alternativi e ripristinare il funzionamento nella vita reale. \u00c8 adatto a chi trascorre molte ore online ma sta iniziando a chiedersi se sta vivendo uno squilibrio.<\/p>","protected":false},"excerpt":{"rendered":"<p>s-42:\u9152\u7cbe\u4f7f\u7528\u76f8\u5173\u95ee\u9898 \u672c\u6d4b\u8bd5\u805a\u7126\u4e8e\u8bc4\u4f30\u4f60\u5728\u996e\u9152\u65b9\u9762\u662f\u5426\u5b58\u5728\u63a7\u5236\u529b\u51cf\u5f31\u3001\u4f9d\u8d56\u6027\u589e\u5f3a\u6216\u8d1f\u9762\u5f71\u54cd\u6269\u5927\u7684\u73b0\u8c61\u3002\u901a [&hellip;]<\/p>\n","protected":false},"author":1,"featured_media":0,"parent":0,"menu_order":0,"comment_status":"closed","ping_status":"closed","template":"","meta":{"nf_dc_page":"","om_disable_all_campaigns":false,"_monsterinsights_skip_tracking":false,"_monsterinsights_sitenote_active":false,"_monsterinsights_sitenote_note":"","_monsterinsights_sitenote_category":0,"footnotes":""},"class_list":["post-2954","page","type-page","status-publish","hentry"],"_links":{"self":[{"href":"https:\/\/arttao.org\/it\/wp-json\/wp\/v2\/pages\/2954","targetHints":{"allow":["GET"]}}],"collection":[{"href":"https:\/\/arttao.org\/it\/wp-json\/wp\/v2\/pages"}],"about":[{"href":"https:\/\/arttao.org\/it\/wp-json\/wp\/v2\/types\/page"}],"author":[{"embeddable":true,"href":"https:\/\/arttao.org\/it\/wp-json\/wp\/v2\/users\/1"}],"replies":[{"embeddable":true,"href":"https:\/\/arttao.org\/it\/wp-json\/wp\/v2\/comments?post=2954"}],"version-history":[{"count":7,"href":"https:\/\/arttao.org\/it\/wp-json\/wp\/v2\/pages\/2954\/revisions"}],"predecessor-version":[{"id":11140,"href":"https:\/\/arttao.org\/it\/wp-json\/wp\/v2\/pages\/2954\/revisions\/11140"}],"wp:attachment":[{"href":"https:\/\/arttao.org\/it\/wp-json\/wp\/v2\/media?parent=2954"}],"curies":[{"name":"wp","href":"https:\/\/api.w.org\/{rel}","templated":true}]}}