{"id":491,"date":"2025-03-24T19:09:00","date_gmt":"2025-03-24T19:09:00","guid":{"rendered":"https:\/\/arttao.org\/?page_id=491"},"modified":"2025-11-12T06:48:28","modified_gmt":"2025-11-12T06:48:28","slug":"7-problemi-legati-a-sostanze-e-dipendenze","status":"publish","type":"page","link":"https:\/\/arttao.org\/it\/%e4%b8%83-%e4%be%9d%e8%b5%96%e4%b8%8e%e6%88%90%e7%98%be%e9%97%ae%e9%a2%98%ef%bc%88substance-and-addiction-issues%ef%bc%89\/","title":{"rendered":"G. Problemi di dipendenza e assuefazione - Corso"},"content":{"rendered":"<p class=\"\"><\/p>\n\n\n\n<p class=\"\">G. <strong>Problemi di dipendenza e assuefazione<\/strong><\/p>\n\n\n\n<p class=\"\">&nbsp;&nbsp;<\/p>\n\n\n\n<figure class=\"wp-block-image size-large is-resized\"><img loading=\"lazy\" decoding=\"async\" width=\"1024\" height=\"923\" src=\"https:\/\/arttao.org\/wp-content\/uploads\/2025\/05\/EaI\u00bcIo_601335144_\u00a8\u00b6aOD\u00b5A\u00bfE\u00b0\u00aeA\u00aeo\u00a2\u00b7CAEoO\u00b5EIOA22-1024x923.jpg\" alt=\"\" class=\"wp-image-2962\" style=\"width:60px;height:auto\" srcset=\"https:\/\/arttao.org\/wp-content\/uploads\/2025\/05\/EaI\u00bcIo_601335144_\u00a8\u00b6aOD\u00b5A\u00bfE\u00b0\u00aeA\u00aeo\u00a2\u00b7CAEoO\u00b5EIOA22-1024x923.jpg 1024w, https:\/\/arttao.org\/wp-content\/uploads\/2025\/05\/EaI\u00bcIo_601335144_\u00a8\u00b6aOD\u00b5A\u00bfE\u00b0\u00aeA\u00aeo\u00a2\u00b7CAEoO\u00b5EIOA22-300x270.jpg 300w, https:\/\/arttao.org\/wp-content\/uploads\/2025\/05\/EaI\u00bcIo_601335144_\u00a8\u00b6aOD\u00b5A\u00bfE\u00b0\u00aeA\u00aeo\u00a2\u00b7CAEoO\u00b5EIOA22-768x692.jpg 768w, https:\/\/arttao.org\/wp-content\/uploads\/2025\/05\/EaI\u00bcIo_601335144_\u00a8\u00b6aOD\u00b5A\u00bfE\u00b0\u00aeA\u00aeo\u00a2\u00b7CAEoO\u00b5EIOA22-1536x1384.jpg 1536w, https:\/\/arttao.org\/wp-content\/uploads\/2025\/05\/EaI\u00bcIo_601335144_\u00a8\u00b6aOD\u00b5A\u00bfE\u00b0\u00aeA\u00aeo\u00a2\u00b7CAEoO\u00b5EIOA22-2048x1846.jpg 2048w\" sizes=\"auto, (max-width: 1024px) 100vw, 1024px\" \/><\/figure>\n\n\n\n<p class=\"\"><a href=\"https:\/\/arttao.org\/it\/%e7%ac%ac%e5%9b%9b%e5%8d%81%e4%ba%8c%e8%af%be%ef%bc%9a%e9%85%92%e7%b2%be%e4%bd%bf%e7%94%a8%e9%9a%9c%e7%a2%8d%ef%bc%88%e7%ac%ac1521%ef%bd%9e1540%e8%af%be%ef%bc%89\/\" data-type=\"page\" data-id=\"12674\">Lezione 42:<strong>disturbo da uso di alcol<\/strong>(Lezioni 1521-1540)<\/a><\/p>\n\n\n\n<p class=\"has-small-font-size\">Il disturbo da uso di alcol \u00e8 caratterizzato da un consumo persistente di alcol, difficolt\u00e0 nell&#039;astinenza e ridotto autocontrollo, che rendono difficile smettere nonostante l&#039;impatto sulla salute e sulla vita quotidiana. Questo corso analizzer\u00e0 i meccanismi della dipendenza, i fattori scatenanti e le errate convinzioni sociali per aiutare a comprendere come l&#039;alcol diventi uno strumento di &quot;autoanestesia&quot; e fornir\u00e0 strategie di adattamento psicologico e di supporto per la disintossicazione.<\/p>\n\n\n\n<figure class=\"wp-block-image size-large is-resized\"><img loading=\"lazy\" decoding=\"async\" width=\"1024\" height=\"923\" src=\"https:\/\/arttao.org\/wp-content\/uploads\/2025\/05\/EaI\u00bcIo_601335144_\u00a8\u00b6aOD\u00b5A\u00bfE\u00b0\u00aeA\u00aeo\u00a2\u00b7CAEoO\u00b5EIOA22-1024x923.jpg\" alt=\"\" class=\"wp-image-2962\" style=\"width:59px;height:auto\" srcset=\"https:\/\/arttao.org\/wp-content\/uploads\/2025\/05\/EaI\u00bcIo_601335144_\u00a8\u00b6aOD\u00b5A\u00bfE\u00b0\u00aeA\u00aeo\u00a2\u00b7CAEoO\u00b5EIOA22-1024x923.jpg 1024w, https:\/\/arttao.org\/wp-content\/uploads\/2025\/05\/EaI\u00bcIo_601335144_\u00a8\u00b6aOD\u00b5A\u00bfE\u00b0\u00aeA\u00aeo\u00a2\u00b7CAEoO\u00b5EIOA22-300x270.jpg 300w, https:\/\/arttao.org\/wp-content\/uploads\/2025\/05\/EaI\u00bcIo_601335144_\u00a8\u00b6aOD\u00b5A\u00bfE\u00b0\u00aeA\u00aeo\u00a2\u00b7CAEoO\u00b5EIOA22-768x692.jpg 768w, https:\/\/arttao.org\/wp-content\/uploads\/2025\/05\/EaI\u00bcIo_601335144_\u00a8\u00b6aOD\u00b5A\u00bfE\u00b0\u00aeA\u00aeo\u00a2\u00b7CAEoO\u00b5EIOA22-1536x1384.jpg 1536w, https:\/\/arttao.org\/wp-content\/uploads\/2025\/05\/EaI\u00bcIo_601335144_\u00a8\u00b6aOD\u00b5A\u00bfE\u00b0\u00aeA\u00aeo\u00a2\u00b7CAEoO\u00b5EIOA22-2048x1846.jpg 2048w\" sizes=\"auto, (max-width: 1024px) 100vw, 1024px\" \/><\/figure>\n\n\n\n<p class=\"\"><a href=\"https:\/\/arttao.org\/it\/%e7%ac%ac%e5%9b%9b%e5%8d%81%e4%b8%89%e8%af%be%ef%bc%9a%e7%89%a9%e8%b4%a8%e4%bd%bf%e7%94%a8%e9%9a%9c%e7%a2%8d%ef%bc%88%e7%ac%ac1541%ef%bd%9e1560%e8%af%be%ef%bc%89\/\" data-type=\"page\" data-id=\"12676\">Lezione 43:<strong>Disturbo da uso di sostanze \u2013 (ad es. dipendenza da droghe, tranquillanti)<\/strong>(Lezioni 1541-1560)<\/a>\uff09<\/p>\n\n\n\n<p class=\"has-small-font-size\">Questo corso si concentra sui problemi psicologici e comportamentali causati dall&#039;abuso di sostanze, tra cui droghe, farmaci da prescrizione e tranquillanti. I disturbi da uso di sostanze non solo danneggiano il corpo, ma compromettono profondamente anche le funzioni emotive e cognitive. Il corso aiuter\u00e0 a identificare i cicli di dipendenza, i meccanismi scatenanti e i meccanismi psicologici sostitutivi, con il supporto di programmi di riabilitazione e formazione sulla prevenzione delle ricadute.<\/p>\n\n\n\n<figure class=\"wp-block-image size-large is-resized\"><img loading=\"lazy\" decoding=\"async\" width=\"1024\" height=\"923\" src=\"https:\/\/arttao.org\/wp-content\/uploads\/2025\/05\/EaI\u00bcIo_601335144_\u00a8\u00b6aOD\u00b5A\u00bfE\u00b0\u00aeA\u00aeo\u00a2\u00b7CAEoO\u00b5EIOA22-1024x923.jpg\" alt=\"\" class=\"wp-image-2962\" style=\"width:62px;height:auto\" srcset=\"https:\/\/arttao.org\/wp-content\/uploads\/2025\/05\/EaI\u00bcIo_601335144_\u00a8\u00b6aOD\u00b5A\u00bfE\u00b0\u00aeA\u00aeo\u00a2\u00b7CAEoO\u00b5EIOA22-1024x923.jpg 1024w, https:\/\/arttao.org\/wp-content\/uploads\/2025\/05\/EaI\u00bcIo_601335144_\u00a8\u00b6aOD\u00b5A\u00bfE\u00b0\u00aeA\u00aeo\u00a2\u00b7CAEoO\u00b5EIOA22-300x270.jpg 300w, https:\/\/arttao.org\/wp-content\/uploads\/2025\/05\/EaI\u00bcIo_601335144_\u00a8\u00b6aOD\u00b5A\u00bfE\u00b0\u00aeA\u00aeo\u00a2\u00b7CAEoO\u00b5EIOA22-768x692.jpg 768w, https:\/\/arttao.org\/wp-content\/uploads\/2025\/05\/EaI\u00bcIo_601335144_\u00a8\u00b6aOD\u00b5A\u00bfE\u00b0\u00aeA\u00aeo\u00a2\u00b7CAEoO\u00b5EIOA22-1536x1384.jpg 1536w, https:\/\/arttao.org\/wp-content\/uploads\/2025\/05\/EaI\u00bcIo_601335144_\u00a8\u00b6aOD\u00b5A\u00bfE\u00b0\u00aeA\u00aeo\u00a2\u00b7CAEoO\u00b5EIOA22-2048x1846.jpg 2048w\" sizes=\"auto, (max-width: 1024px) 100vw, 1024px\" \/><\/figure>\n\n\n\n<p class=\"\"><a href=\"https:\/\/arttao.org\/it\/%e7%ac%ac%e5%9b%9b%e5%8d%81%e5%9b%9b%e8%af%be%ef%bc%9a%e8%b5%8c%e5%8d%9a%e9%9a%9c%e7%a2%8d%ef%bc%88%e7%ac%ac1561%ef%bd%9e1580%e8%af%be%ef%bc%89\/\" data-type=\"page\" data-id=\"12678\">Lezione 44:<strong>Disturbo del gioco d&#039;azzardo<\/strong>(Lezioni 1561-1580)<\/a><\/p>\n\n\n\n<p class=\"has-small-font-size\">Il disturbo da gioco d&#039;azzardo \u00e8 una dipendenza non legata a sostanze, caratterizzata da un impulso incontrollabile a giocare, difficile da interrompere nonostante le gravi conseguenze economiche, interpersonali o emotive. Questo corso esplorer\u00e0 le disfunzioni nel processo decisionale relativo al rischio, i meccanismi di ricompensa del cervello e i fattori di evitamento emotivo, fornendo percorsi per l&#039;intervento cognitivo, la restrizione comportamentale e il cambiamento di supporto.<\/p>\n\n\n\n<figure class=\"wp-block-image size-large is-resized\"><img loading=\"lazy\" decoding=\"async\" width=\"1024\" height=\"923\" src=\"https:\/\/arttao.org\/wp-content\/uploads\/2025\/05\/EaI\u00bcIo_601335144_\u00a8\u00b6aOD\u00b5A\u00bfE\u00b0\u00aeA\u00aeo\u00a2\u00b7CAEoO\u00b5EIOA22-1024x923.jpg\" alt=\"\" class=\"wp-image-2962\" style=\"width:65px;height:auto\" srcset=\"https:\/\/arttao.org\/wp-content\/uploads\/2025\/05\/EaI\u00bcIo_601335144_\u00a8\u00b6aOD\u00b5A\u00bfE\u00b0\u00aeA\u00aeo\u00a2\u00b7CAEoO\u00b5EIOA22-1024x923.jpg 1024w, https:\/\/arttao.org\/wp-content\/uploads\/2025\/05\/EaI\u00bcIo_601335144_\u00a8\u00b6aOD\u00b5A\u00bfE\u00b0\u00aeA\u00aeo\u00a2\u00b7CAEoO\u00b5EIOA22-300x270.jpg 300w, https:\/\/arttao.org\/wp-content\/uploads\/2025\/05\/EaI\u00bcIo_601335144_\u00a8\u00b6aOD\u00b5A\u00bfE\u00b0\u00aeA\u00aeo\u00a2\u00b7CAEoO\u00b5EIOA22-768x692.jpg 768w, https:\/\/arttao.org\/wp-content\/uploads\/2025\/05\/EaI\u00bcIo_601335144_\u00a8\u00b6aOD\u00b5A\u00bfE\u00b0\u00aeA\u00aeo\u00a2\u00b7CAEoO\u00b5EIOA22-1536x1384.jpg 1536w, https:\/\/arttao.org\/wp-content\/uploads\/2025\/05\/EaI\u00bcIo_601335144_\u00a8\u00b6aOD\u00b5A\u00bfE\u00b0\u00aeA\u00aeo\u00a2\u00b7CAEoO\u00b5EIOA22-2048x1846.jpg 2048w\" sizes=\"auto, (max-width: 1024px) 100vw, 1024px\" \/><\/figure>\n\n\n\n<p class=\"\"><a href=\"https:\/\/arttao.org\/it\/%e7%ac%ac%e5%9b%9b%e5%8d%81%e4%ba%94%e8%af%be%ef%bc%9a%e7%bd%91%e7%bb%9c%e6%88%90%e7%98%be%ef%bc%88%e7%ac%ac1581%ef%bd%9e1600%e8%af%be%ef%bc%89\/\" data-type=\"page\" data-id=\"12680\">Lezione 45:<strong>Dipendenza da Internet \u2013 dipendenza da Internet o dai videogiochi<\/strong>(Lezioni 1581-1600)<\/a>\u00a0<\/p>\n\n\n\n<p class=\"has-small-font-size\">La dipendenza da internet si manifesta spesso con un&#039;eccessiva immersione in giochi, social media o brevi video, difficolt\u00e0 di autocontrollo, evasione dalla realt\u00e0 ed \u00e8 accompagnata da ansia, disattenzione e disturbi del sonno. Questo corso analizzer\u00e0 i meccanismi di stimolazione di internet sul sistema di ricompensa del cervello, aiuter\u00e0 a ricostruire il ritmo, l&#039;autodisciplina e il senso di coinvolgimento nella realt\u00e0, e fornir\u00e0 alternative comportamentali e metodi di disintossicazione digitale.<\/p>","protected":false},"excerpt":{"rendered":"<p>G. \u4f9d\u8d56\u4e0e\u6210\u763e\u95ee\u9898 &nbsp;&nbsp; \u7b2c\u56db\u5341\u4e8c\u8bfe\uff1a\u9152\u7cbe\u4f7f\u7528\u969c\u788d\uff08\u7b2c1521\uff5e1540\u8bfe\uff09 \u9152\u7cbe\u4f7f\u7528\u969c [&hellip;]<\/p>\n","protected":false},"author":1,"featured_media":0,"parent":0,"menu_order":0,"comment_status":"closed","ping_status":"closed","template":"","meta":{"nf_dc_page":"","om_disable_all_campaigns":false,"_monsterinsights_skip_tracking":false,"_monsterinsights_sitenote_active":false,"_monsterinsights_sitenote_note":"","_monsterinsights_sitenote_category":0,"footnotes":""},"class_list":["post-491","page","type-page","status-publish","hentry"],"_links":{"self":[{"href":"https:\/\/arttao.org\/it\/wp-json\/wp\/v2\/pages\/491","targetHints":{"allow":["GET"]}}],"collection":[{"href":"https:\/\/arttao.org\/it\/wp-json\/wp\/v2\/pages"}],"about":[{"href":"https:\/\/arttao.org\/it\/wp-json\/wp\/v2\/types\/page"}],"author":[{"embeddable":true,"href":"https:\/\/arttao.org\/it\/wp-json\/wp\/v2\/users\/1"}],"replies":[{"embeddable":true,"href":"https:\/\/arttao.org\/it\/wp-json\/wp\/v2\/comments?post=491"}],"version-history":[{"count":14,"href":"https:\/\/arttao.org\/it\/wp-json\/wp\/v2\/pages\/491\/revisions"}],"predecessor-version":[{"id":12686,"href":"https:\/\/arttao.org\/it\/wp-json\/wp\/v2\/pages\/491\/revisions\/12686"}],"wp:attachment":[{"href":"https:\/\/arttao.org\/it\/wp-json\/wp\/v2\/media?parent=491"}],"curies":[{"name":"wp","href":"https:\/\/api.w.org\/{rel}","templated":true}]}}