{"id":6853,"date":"2025-06-28T05:27:50","date_gmt":"2025-06-28T05:27:50","guid":{"rendered":"https:\/\/arttao.org\/?page_id=6853"},"modified":"2025-07-25T19:15:08","modified_gmt":"2025-07-25T19:15:08","slug":"test-di-domande-e-risposte-socratiche-sullansia","status":"publish","type":"page","link":"https:\/\/arttao.org\/it\/a-%e8%8b%8f%e6%a0%bc%e6%8b%89%e5%ba%95%e9%97%ae%e7%ad%94-%e7%84%a6%e8%99%91%e7%9b%b8%e5%85%b3%e9%97%ae%e9%a2%98%e6%b5%8b%e8%af%95\/","title":{"rendered":"A. Domande e risposte socratiche - Test sulle domande relative all&#039;ansia"},"content":{"rendered":"<p class=\"\"><\/p>\n\n\n\n<figure class=\"wp-block-image size-large is-resized\"><img loading=\"lazy\" decoding=\"async\" width=\"1024\" height=\"735\" src=\"https:\/\/arttao.org\/wp-content\/uploads\/2025\/06\/EaI\u00bcIo_601793889_\u00bf\u00a8I\u00a8D\u00a1A\u00aeo\u00a2I\u00b7\u00b4\u00f7\u00a8\u00b6a\u00b7CAEoO\u00b5EIOA-1024x735.jpg\" alt=\"\" class=\"wp-image-7104\" style=\"width:69px;height:auto\" srcset=\"https:\/\/arttao.org\/wp-content\/uploads\/2025\/06\/EaI\u00bcIo_601793889_\u00bf\u00a8I\u00a8D\u00a1A\u00aeo\u00a2I\u00b7\u00b4\u00f7\u00a8\u00b6a\u00b7CAEoO\u00b5EIOA-1024x735.jpg 1024w, https:\/\/arttao.org\/wp-content\/uploads\/2025\/06\/EaI\u00bcIo_601793889_\u00bf\u00a8I\u00a8D\u00a1A\u00aeo\u00a2I\u00b7\u00b4\u00f7\u00a8\u00b6a\u00b7CAEoO\u00b5EIOA-300x215.jpg 300w, https:\/\/arttao.org\/wp-content\/uploads\/2025\/06\/EaI\u00bcIo_601793889_\u00bf\u00a8I\u00a8D\u00a1A\u00aeo\u00a2I\u00b7\u00b4\u00f7\u00a8\u00b6a\u00b7CAEoO\u00b5EIOA-768x551.jpg 768w, https:\/\/arttao.org\/wp-content\/uploads\/2025\/06\/EaI\u00bcIo_601793889_\u00bf\u00a8I\u00a8D\u00a1A\u00aeo\u00a2I\u00b7\u00b4\u00f7\u00a8\u00b6a\u00b7CAEoO\u00b5EIOA-1536x1102.jpg 1536w, https:\/\/arttao.org\/wp-content\/uploads\/2025\/06\/EaI\u00bcIo_601793889_\u00bf\u00a8I\u00a8D\u00a1A\u00aeo\u00a2I\u00b7\u00b4\u00f7\u00a8\u00b6a\u00b7CAEoO\u00b5EIOA-2048x1469.jpg 2048w\" sizes=\"auto, (max-width: 1024px) 100vw, 1024px\" \/><\/figure>\n\n\n\n<p class=\"\">A<a href=\"https:\/\/arttao.org\/it\/a2-%e4%bb%80%e4%b9%88%e6%98%af%e5%bf%83%e7%90%86%e7%84%a6%e8%99%91%e9%97%ae%e9%a2%98%ef%bc%9f\/\">.\u00a0<strong>Che cos&#039;\u00e8 l&#039;ansia psicologica?<\/strong><\/a><\/p>\n\n\n\n<p class=\"has-small-font-size\">Comprendere &quot;cos&#039;\u00e8 l&#039;ansia&quot; prima di iniziare un test psicologico \u00e8 fondamentale. Molte persone si avvicinano ai test sull&#039;ansia con concetti vaghi o addirittura fraintesi, credendo che &quot;ansia equivalga a vulnerabilit\u00e0&quot; o &quot;ansia equivalga a malattia&quot;. Questo pu\u00f2 portare a risposte difensive, a un&#039;eccessiva soppressione delle vere emozioni e influire negativamente sulla validit\u00e0 del test e sui successivi percorsi di guarigione.<\/p>\n\n\n\n<p class=\"has-small-font-size\">Comprendere la natura dell&#039;ansia pu\u00f2 aiutare le persone a liberarsi dalle paure stigmatizzate. L&#039;ansia non \u00e8 un difetto, ma una comune risposta umana allo stress. L&#039;ansia moderata ha una funzione protettiva, ma quando diventa eccessiva, frequente e persistente, interferendo con la vita quotidiana, pu\u00f2 trasformarsi in un problema psicologico. Pertanto, chiarire la differenza tra &quot;ansia normale&quot; e &quot;ansia patologica&quot; prima di sottoporsi a un test aiuta a migliorare l&#039;autoconsapevolezza e a consentire una visione oggettiva del proprio stato, evitando di cadere nella vergogna o nella negazione.<\/p>\n\n\n\n<p class=\"has-small-font-size\">Ancora pi\u00f9 importante, solo comprendendo i meccanismi alla base dell&#039;ansia (come le distorsioni cognitive, l&#039;ipervigilanza e i comportamenti di evitamento) possiamo identificare con maggiore precisione i sintomi durante la valutazione e gettare le basi per l&#039;analisi e il trattamento successivi. In breve, comprendere il vero significato dell&#039;ansia \u00e8 il punto di partenza per una valutazione psicologica efficace e per la cura di s\u00e9.<\/p>\n\n\n\n<p class=\"has-small-font-size\"><\/p>\n\n\n\n<figure class=\"wp-block-image size-large is-resized\"><img loading=\"lazy\" decoding=\"async\" width=\"1024\" height=\"735\" src=\"https:\/\/arttao.org\/wp-content\/uploads\/2025\/06\/EaI\u00bcIo_601793889_\u00bf\u00a8I\u00a8D\u00a1A\u00aeo\u00a2I\u00b7\u00b4\u00f7\u00a8\u00b6a\u00b7CAEoO\u00b5EIOA-1024x735.jpg\" alt=\"\" class=\"wp-image-7104\" style=\"width:68px;height:auto\" srcset=\"https:\/\/arttao.org\/wp-content\/uploads\/2025\/06\/EaI\u00bcIo_601793889_\u00bf\u00a8I\u00a8D\u00a1A\u00aeo\u00a2I\u00b7\u00b4\u00f7\u00a8\u00b6a\u00b7CAEoO\u00b5EIOA-1024x735.jpg 1024w, https:\/\/arttao.org\/wp-content\/uploads\/2025\/06\/EaI\u00bcIo_601793889_\u00bf\u00a8I\u00a8D\u00a1A\u00aeo\u00a2I\u00b7\u00b4\u00f7\u00a8\u00b6a\u00b7CAEoO\u00b5EIOA-300x215.jpg 300w, https:\/\/arttao.org\/wp-content\/uploads\/2025\/06\/EaI\u00bcIo_601793889_\u00bf\u00a8I\u00a8D\u00a1A\u00aeo\u00a2I\u00b7\u00b4\u00f7\u00a8\u00b6a\u00b7CAEoO\u00b5EIOA-768x551.jpg 768w, https:\/\/arttao.org\/wp-content\/uploads\/2025\/06\/EaI\u00bcIo_601793889_\u00bf\u00a8I\u00a8D\u00a1A\u00aeo\u00a2I\u00b7\u00b4\u00f7\u00a8\u00b6a\u00b7CAEoO\u00b5EIOA-1536x1102.jpg 1536w, https:\/\/arttao.org\/wp-content\/uploads\/2025\/06\/EaI\u00bcIo_601793889_\u00bf\u00a8I\u00a8D\u00a1A\u00aeo\u00a2I\u00b7\u00b4\u00f7\u00a8\u00b6a\u00b7CAEoO\u00b5EIOA-2048x1469.jpg 2048w\" sizes=\"auto, (max-width: 1024px) 100vw, 1024px\" \/><\/figure>\n\n\n\n<p class=\"has-medium-font-size\">UN.<a style=\"font-weight: bold;\" href=\"https:\/\/arttao.org\/it\/a-%e7%84%a6%e8%99%91%e7%9b%b8%e5%85%b3%e9%97%ae%e9%a2%98\/\"><strong>Test di domande relative all&#039;ansia<\/strong><\/a><\/p>\n\n\n\n<p class=\"has-small-font-size\">Prima di sottoporsi a un test psicologico, \u00e8 fondamentale comprendere cosa si intende per &quot;problemi legati all&#039;ansia da test&quot;. Questo non solo influisce sull&#039;accuratezza dei risultati, ma determina anche se il test pu\u00f2 effettivamente essere utile. Molte persone, sentendo la parola &quot;ansia&quot;, la associano facilmente a domande come &quot;Ho una malattia mentale?&quot; o &quot;C&#039;\u00e8 qualcosa che non va in me?&quot;. Questo pu\u00f2 generare un atteggiamento difensivo e compromettere l&#039;autenticit\u00e0 delle risposte. In realt\u00e0, l&#039;ansia \u00e8 una comune risposta emotiva; viene considerata un disagio psicologico solo quando \u00e8 frequente, eccessiva o interferisce con la vita quotidiana.<\/p>\n\n\n\n<p class=\"has-small-font-size\">\u201cIl test &quot;Problemi legati all&#039;ansia&quot; non ha lo scopo di etichettare, bens\u00ec di aiutarti a identificare il tipo di ansia (come ansia generalizzata, ansia sociale, fobie specifiche, ecc.), i suoi meccanismi sottostanti (come distorsioni cognitive e comportamenti di evitamento), le reazioni fisiche (come aumento della frequenza cardiaca e tensione muscolare) e l&#039;espressione emotiva. Questa comprensione ti permette di affrontare l&#039;ansia in modo pi\u00f9 strategico, anzich\u00e9 farti prendere dal panico.<\/p>\n\n\n\n<p class=\"has-small-font-size\">Comprendere in anticipo la struttura e lo scopo del test aiuta a liberarsi dalla &quot;mentalit\u00e0 da esame&quot; e a rispondere con un atteggiamento pi\u00f9 aperto e onesto. Questa preparazione mentale \u00e8 un passo cruciale per migliorare la validit\u00e0 del test. In breve, comprendere la natura dell&#039;ansia da esame \u00e8 il primo ostacolo nell&#039;esplorazione di s\u00e9 e nella guarigione.<strong>\u3002<\/strong><\/p>\n\n\n\n<p class=\"\"><\/p>","protected":false},"excerpt":{"rendered":"<p>A.\u00a0\u4ec0\u4e48\u662f\u5fc3\u7406\u7126\u8651\u95ee\u9898\uff1f \u5728\u5fc3\u7406\u6d4b\u8bd5\u5f00\u59cb\u4e4b\u524d\uff0c\u4e86\u89e3\u201c\u4ec0\u4e48\u662f\u5fc3\u7406\u7126\u8651\u95ee\u9898\u201d\u5177\u6709\u975e\u5e38\u91cd\u8981\u7684\u610f\u4e49\u3002\u8bb8\u591a\u4eba\u5728\u9762\u5bf9\u7126\u8651 [&hellip;]<\/p>\n","protected":false},"author":1,"featured_media":0,"parent":0,"menu_order":0,"comment_status":"closed","ping_status":"closed","template":"","meta":{"nf_dc_page":"","om_disable_all_campaigns":false,"_monsterinsights_skip_tracking":false,"_monsterinsights_sitenote_active":false,"_monsterinsights_sitenote_note":"","_monsterinsights_sitenote_category":0,"footnotes":""},"class_list":["post-6853","page","type-page","status-publish","hentry"],"_links":{"self":[{"href":"https:\/\/arttao.org\/it\/wp-json\/wp\/v2\/pages\/6853","targetHints":{"allow":["GET"]}}],"collection":[{"href":"https:\/\/arttao.org\/it\/wp-json\/wp\/v2\/pages"}],"about":[{"href":"https:\/\/arttao.org\/it\/wp-json\/wp\/v2\/types\/page"}],"author":[{"embeddable":true,"href":"https:\/\/arttao.org\/it\/wp-json\/wp\/v2\/users\/1"}],"replies":[{"embeddable":true,"href":"https:\/\/arttao.org\/it\/wp-json\/wp\/v2\/comments?post=6853"}],"version-history":[{"count":10,"href":"https:\/\/arttao.org\/it\/wp-json\/wp\/v2\/pages\/6853\/revisions"}],"predecessor-version":[{"id":8184,"href":"https:\/\/arttao.org\/it\/wp-json\/wp\/v2\/pages\/6853\/revisions\/8184"}],"wp:attachment":[{"href":"https:\/\/arttao.org\/it\/wp-json\/wp\/v2\/media?parent=6853"}],"curies":[{"name":"wp","href":"https:\/\/api.w.org\/{rel}","templated":true}]}}