{"id":6864,"date":"2025-06-28T06:05:33","date_gmt":"2025-06-28T06:05:33","guid":{"rendered":"https:\/\/arttao.org\/?page_id=6864"},"modified":"2025-07-25T19:16:17","modified_gmt":"2025-07-25T19:16:17","slug":"b-test-socratico-con-domande-e-risposte-su-temi-legati-alla-depressione","status":"publish","type":"page","link":"https:\/\/arttao.org\/it\/b-%e8%8b%8f%e6%a0%bc%e6%8b%89%e5%ba%95%e9%97%ae%e7%ad%94-%e6%8a%91%e9%83%81%e7%9b%b8%e5%85%b3%e9%97%ae%e9%a2%98%e6%b5%8b%e8%af%95\/","title":{"rendered":"B. Domande socratiche - Test sulle domande relative alla depressione"},"content":{"rendered":"<p class=\"\"><\/p>\n\n\n\n<figure class=\"wp-block-image size-large is-resized\"><img loading=\"lazy\" decoding=\"async\" width=\"927\" height=\"1024\" src=\"https:\/\/arttao.org\/wp-content\/uploads\/2025\/05\/EaI\u00bcIo_601794473_\u00a8\u00b7\u00a2EUA\u00aeD\u00a4In\u00b7CAEoO\u00b5EIOA2-927x1024.jpg\" alt=\"\" class=\"wp-image-3663\" style=\"width:56px;height:auto\" srcset=\"https:\/\/arttao.org\/wp-content\/uploads\/2025\/05\/EaI\u00bcIo_601794473_\u00a8\u00b7\u00a2EUA\u00aeD\u00a4In\u00b7CAEoO\u00b5EIOA2-927x1024.jpg 927w, https:\/\/arttao.org\/wp-content\/uploads\/2025\/05\/EaI\u00bcIo_601794473_\u00a8\u00b7\u00a2EUA\u00aeD\u00a4In\u00b7CAEoO\u00b5EIOA2-272x300.jpg 272w, https:\/\/arttao.org\/wp-content\/uploads\/2025\/05\/EaI\u00bcIo_601794473_\u00a8\u00b7\u00a2EUA\u00aeD\u00a4In\u00b7CAEoO\u00b5EIOA2-768x848.jpg 768w, https:\/\/arttao.org\/wp-content\/uploads\/2025\/05\/EaI\u00bcIo_601794473_\u00a8\u00b7\u00a2EUA\u00aeD\u00a4In\u00b7CAEoO\u00b5EIOA2-1391x1536.jpg 1391w, https:\/\/arttao.org\/wp-content\/uploads\/2025\/05\/EaI\u00bcIo_601794473_\u00a8\u00b7\u00a2EUA\u00aeD\u00a4In\u00b7CAEoO\u00b5EIOA2-1855x2048.jpg 1855w\" sizes=\"auto, (max-width: 927px) 100vw, 927px\" \/><\/figure>\n\n\n\n<p class=\"\"><a href=\"https:\/\/arttao.org\/it\/b-%e4%bb%80%e4%b9%88%e6%98%af%e6%8a%91%e9%83%81%e7%9b%b8%e5%85%b3%e9%97%ae%e9%a2%98%ef%bc%9f\/\" data-type=\"page\" data-id=\"6936\">B. <strong>Quali sono i problemi legati alla depressione?<\/strong><\/a><\/p>\n\n\n\n<p class=\"has-small-font-size\">Prima di sottoporsi a un test psicologico, \u00e8 fondamentale comprendere &quot;cosa siano i problemi legati alla depressione&quot;. Molte persone fraintendono la depressione, considerandola semplicemente un&#039;infelicit\u00e0 temporanea o un umore basso; tuttavia, i disturbi depressivi sono molto pi\u00f9 complessi. Possono manifestarsi con pessimismo persistente, perdita di interesse, calo di energia, disperazione e persino essere accompagnati da disturbi del sonno, cambiamenti nell&#039;appetito e bassa autostima. Senza comprendere queste caratteristiche fondamentali, chi si sottopone al test spesso trascura i propri problemi o li attribuisce allo stress, alla stanchezza o a problemi di personalit\u00e0, perdendo cos\u00ec l&#039;opportunit\u00e0 di una diagnosi accurata e di cercare aiuto.<\/p>\n\n\n\n<p class=\"has-small-font-size\">Inoltre, i diversi tipi di depressione, come il disturbo depressivo maggiore, la depressione persistente, il disturbo affettivo stagionale e la depressione post-partum, differiscono nelle loro manifestazioni e nei livelli di interferenza. Senza una conoscenza di base di queste tipologie, i risultati dei test possono facilmente rimanere superficiali e non rivelare i veri problemi sottostanti. Ancora pi\u00f9 importante, comprendere che la depressione non \u00e8 una debolezza o un fallimento, ma uno stato psicologico che pu\u00f2 essere identificato, supportato e curato, aiuta le persone a mantenere una mentalit\u00e0 pi\u00f9 aperta e accogliente durante il processo di valutazione.<\/p>\n\n\n\n<p class=\"has-small-font-size\">Pertanto, la preparazione teorica prima del test non solo migliora l&#039;accuratezza della valutazione, ma accresce anche la comprensione dei propri fenomeni psicologici, rendendo l&#039;esplorazione psicologica pi\u00f9 consapevole ed efficace.<\/p>\n\n\n\n<p class=\"has-small-font-size\"><\/p>\n\n\n\n<figure class=\"wp-block-image size-large is-resized\"><img loading=\"lazy\" decoding=\"async\" width=\"927\" height=\"1024\" src=\"https:\/\/arttao.org\/wp-content\/uploads\/2025\/05\/EaI\u00bcIo_601794473_\u00a8\u00b7\u00a2EUA\u00aeD\u00a4In\u00b7CAEoO\u00b5EIOA2-927x1024.jpg\" alt=\"\" class=\"wp-image-3663\" style=\"width:55px;height:auto\" srcset=\"https:\/\/arttao.org\/wp-content\/uploads\/2025\/05\/EaI\u00bcIo_601794473_\u00a8\u00b7\u00a2EUA\u00aeD\u00a4In\u00b7CAEoO\u00b5EIOA2-927x1024.jpg 927w, https:\/\/arttao.org\/wp-content\/uploads\/2025\/05\/EaI\u00bcIo_601794473_\u00a8\u00b7\u00a2EUA\u00aeD\u00a4In\u00b7CAEoO\u00b5EIOA2-272x300.jpg 272w, https:\/\/arttao.org\/wp-content\/uploads\/2025\/05\/EaI\u00bcIo_601794473_\u00a8\u00b7\u00a2EUA\u00aeD\u00a4In\u00b7CAEoO\u00b5EIOA2-768x848.jpg 768w, https:\/\/arttao.org\/wp-content\/uploads\/2025\/05\/EaI\u00bcIo_601794473_\u00a8\u00b7\u00a2EUA\u00aeD\u00a4In\u00b7CAEoO\u00b5EIOA2-1391x1536.jpg 1391w, https:\/\/arttao.org\/wp-content\/uploads\/2025\/05\/EaI\u00bcIo_601794473_\u00a8\u00b7\u00a2EUA\u00aeD\u00a4In\u00b7CAEoO\u00b5EIOA2-1855x2048.jpg 1855w\" sizes=\"auto, (max-width: 927px) 100vw, 927px\" \/><\/figure>\n\n\n\n<p class=\"\"><a href=\"https:\/\/arttao.org\/it\/%e4%ba%8c-%e6%8a%91%e9%83%81%e7%9b%b8%e5%85%b3%e9%97%ae%e9%a2%98-2\/\" data-type=\"page\" data-id=\"1476\">B. <strong>Test sulle domande relative alla depressione <\/strong><\/a><\/p>\n\n\n\n<p class=\"has-small-font-size\">La depressione \u00e8 un disturbo mentale caratterizzato da un umore persistentemente basso. I sintomi comuni includono tristezza persistente, perdita di interesse nelle attivit\u00e0 quotidiane, autostima bassa, affaticamento, difficolt\u00e0 di concentrazione e persino sentimenti di disperazione e pensieri suicidi. Nei casi pi\u00f9 gravi possono manifestarsi anche cambiamenti nell&#039;appetito o nel peso, problemi di sonno, intorpidimento emotivo e dolore fisico. La depressione non \u00e8 un umore basso temporaneo, ma uno stato mentale che dura pi\u00f9 di due settimane e ha un impatto significativo sul funzionamento quotidiano. Pu\u00f2 derivare da fattori genetici, traumi, isolamento sociale o stress prolungato. La depressione cronica pu\u00f2 anche portare a un declino del funzionamento sociale, all&#039;alienazione interpersonale e alla perdita di significato nella vita. Esprimere tempestivamente le proprie emozioni e intervenire con un professionista sono fondamentali.<\/p>\n\n\n\n<p class=\"\"><\/p>","protected":false},"excerpt":{"rendered":"<p>B. \u4ec0\u4e48\u662f\u6291\u90c1\u76f8\u5173\u95ee\u9898\uff1f \u5728\u5fc3\u7406\u6d4b\u8bd5\u524d\uff0c\u7406\u89e3\u201c\u4ec0\u4e48\u662f\u6291\u90c1\u76f8\u5173\u95ee\u9898\u201d\u5177\u6709\u5173\u952e\u610f\u4e49\u3002\u5f88\u591a\u4eba\u5c06\u6291\u90c1\u8bef\u89e3\u4e3a\u4e00\u65f6\u7684\u4e0d\u5f00 [&hellip;]<\/p>\n","protected":false},"author":1,"featured_media":0,"parent":0,"menu_order":0,"comment_status":"closed","ping_status":"closed","template":"","meta":{"nf_dc_page":"","om_disable_all_campaigns":false,"_monsterinsights_skip_tracking":false,"_monsterinsights_sitenote_active":false,"_monsterinsights_sitenote_note":"","_monsterinsights_sitenote_category":0,"footnotes":""},"class_list":["post-6864","page","type-page","status-publish","hentry"],"_links":{"self":[{"href":"https:\/\/arttao.org\/it\/wp-json\/wp\/v2\/pages\/6864","targetHints":{"allow":["GET"]}}],"collection":[{"href":"https:\/\/arttao.org\/it\/wp-json\/wp\/v2\/pages"}],"about":[{"href":"https:\/\/arttao.org\/it\/wp-json\/wp\/v2\/types\/page"}],"author":[{"embeddable":true,"href":"https:\/\/arttao.org\/it\/wp-json\/wp\/v2\/users\/1"}],"replies":[{"embeddable":true,"href":"https:\/\/arttao.org\/it\/wp-json\/wp\/v2\/comments?post=6864"}],"version-history":[{"count":6,"href":"https:\/\/arttao.org\/it\/wp-json\/wp\/v2\/pages\/6864\/revisions"}],"predecessor-version":[{"id":8185,"href":"https:\/\/arttao.org\/it\/wp-json\/wp\/v2\/pages\/6864\/revisions\/8185"}],"wp:attachment":[{"href":"https:\/\/arttao.org\/it\/wp-json\/wp\/v2\/media?parent=6864"}],"curies":[{"name":"wp","href":"https:\/\/api.w.org\/{rel}","templated":true}]}}