{"id":6866,"date":"2025-06-28T06:19:19","date_gmt":"2025-06-28T06:19:19","guid":{"rendered":"https:\/\/arttao.org\/?page_id=6866"},"modified":"2025-10-18T06:32:36","modified_gmt":"2025-10-18T06:32:36","slug":"c-test-di-coercizione-socratica-e-di-gestione-degli-impulsi","status":"publish","type":"page","link":"https:\/\/arttao.org\/it\/c-%e8%8b%8f%e6%a0%bc%e6%8b%89%e5%ba%95-%e5%bc%ba%e8%bf%ab%e4%b8%8e%e5%86%b2%e5%8a%a8%e9%97%ae%e9%a2%98%e6%b5%8b%e8%af%95\/","title":{"rendered":"C. Socrate - Test sui problemi di compulsione e impulsi"},"content":{"rendered":"<p class=\"\"><\/p>\n\n\n\n<figure class=\"wp-block-image size-large is-resized\"><img loading=\"lazy\" decoding=\"async\" width=\"927\" height=\"1024\" src=\"https:\/\/arttao.org\/wp-content\/uploads\/2025\/05\/EaI\u00bcIo_601830467_\u00b4\u00f7\u00a8\u00b5A\u00bfE\u00b0\u00ae\u00bf\u00a8I\u00a8A\u00aeo\u00a2D\u00a4In\u00b7CAEoO\u00b5EIOA2-927x1024.jpg\" alt=\"\" class=\"wp-image-3665\" style=\"width:58px;height:auto\" srcset=\"https:\/\/arttao.org\/wp-content\/uploads\/2025\/05\/EaI\u00bcIo_601830467_\u00b4\u00f7\u00a8\u00b5A\u00bfE\u00b0\u00ae\u00bf\u00a8I\u00a8A\u00aeo\u00a2D\u00a4In\u00b7CAEoO\u00b5EIOA2-927x1024.jpg 927w, https:\/\/arttao.org\/wp-content\/uploads\/2025\/05\/EaI\u00bcIo_601830467_\u00b4\u00f7\u00a8\u00b5A\u00bfE\u00b0\u00ae\u00bf\u00a8I\u00a8A\u00aeo\u00a2D\u00a4In\u00b7CAEoO\u00b5EIOA2-272x300.jpg 272w, https:\/\/arttao.org\/wp-content\/uploads\/2025\/05\/EaI\u00bcIo_601830467_\u00b4\u00f7\u00a8\u00b5A\u00bfE\u00b0\u00ae\u00bf\u00a8I\u00a8A\u00aeo\u00a2D\u00a4In\u00b7CAEoO\u00b5EIOA2-768x848.jpg 768w, https:\/\/arttao.org\/wp-content\/uploads\/2025\/05\/EaI\u00bcIo_601830467_\u00b4\u00f7\u00a8\u00b5A\u00bfE\u00b0\u00ae\u00bf\u00a8I\u00a8A\u00aeo\u00a2D\u00a4In\u00b7CAEoO\u00b5EIOA2-1391x1536.jpg 1391w, https:\/\/arttao.org\/wp-content\/uploads\/2025\/05\/EaI\u00bcIo_601830467_\u00b4\u00f7\u00a8\u00b5A\u00bfE\u00b0\u00ae\u00bf\u00a8I\u00a8A\u00aeo\u00a2D\u00a4In\u00b7CAEoO\u00b5EIOA2-1854x2048.jpg 1854w\" sizes=\"auto, (max-width: 927px) 100vw, 927px\" \/><\/figure>\n\n\n\n<p class=\"\"><a href=\"https:\/\/arttao.org\/it\/c1-%e4%bb%80%e4%b9%88%e6%98%af%e5%bc%ba%e8%bf%ab%e4%b8%8e%e5%86%b2%e5%8a%a8%e9%97%ae%e9%a2%98%ef%bc%9f\/\" data-type=\"page\" data-id=\"7274\">C.<strong> Che cosa sono i problemi ossessivo-compulsivi e impulsivi?<\/strong><\/a><\/p>\n\n\n\n<p class=\"has-small-font-size\">Prima di sottoporsi a una valutazione psicologica, \u00e8 fondamentale comprendere a fondo cosa siano i &quot;problemi compulsivi e impulsivi&quot; per ottenere risultati accurati ed efficaci. I problemi compulsivi e impulsivi non sono semplicemente una questione di &quot;personalit\u00e0&quot; o di &quot;mancanza di autocontrollo&quot;, ma derivano piuttosto da uno squilibrio nei meccanismi psicologici che coinvolgono ansia, repressione e controllo. Ad esempio, i comportamenti compulsivi (come lavarsi ripetutamente le mani o controllare continuamente le serrature delle porte) sono spesso un modo per alleviare un&#039;ansia insopportabile; mentre i comportamenti impulsivi (come improvvisi scoppi d&#039;ira, acquisti impulsivi o strapparsi i capelli) rappresentano una momentanea liberazione da tensione o vuoto interiore. Senza riconoscere questi fenomeni, molte persone li fraintendono facilmente come &quot;eccentricit\u00e0&quot;, &quot;pigrizia&quot; o &quot;mancanza di disciplina&quot;, ignorandone cos\u00ec le radici psicologiche.<\/p>\n\n\n\n<p class=\"has-small-font-size\">Sottoporsi a test senza comprendere la natura di queste problematiche pu\u00f2 indurre i partecipanti a sottovalutare l&#039;entit\u00e0 del proprio disagio o a nascondere deliberatamente il proprio comportamento, con conseguenti risultati distorti e interferenze con i successivi giudizi e approcci terapeutici. Al contrario, se i meccanismi alla base di queste problematiche vengono compresi prima del test, gli individui possono affrontare pi\u00f9 apertamente i propri comportamenti e pensieri, rispondendo cos\u00ec alle domande in modo pi\u00f9 accurato e migliorando la validit\u00e0 della valutazione.<\/p>\n\n\n\n<p class=\"has-small-font-size\">Comprendere la natura dei &quot;problemi compulsivi e impulsivi&quot; \u00e8 una preparazione importante prima di sottoporsi a un test e il primo passo verso la guarigione psicologica e la consapevolezza di s\u00e9. Questo \u00e8 un passaggio fondamentale per trasformare &quot;esperienze indicibili&quot; in &quot;problemi comprensibili&quot;.<\/p>\n\n\n\n<p class=\"has-small-font-size\"><\/p>\n\n\n\n<figure class=\"wp-block-image size-large is-resized\"><img loading=\"lazy\" decoding=\"async\" width=\"927\" height=\"1024\" src=\"https:\/\/arttao.org\/wp-content\/uploads\/2025\/05\/EaI\u00bcIo_601830467_\u00b4\u00f7\u00a8\u00b5A\u00bfE\u00b0\u00ae\u00bf\u00a8I\u00a8A\u00aeo\u00a2D\u00a4In\u00b7CAEoO\u00b5EIOA2-927x1024.jpg\" alt=\"\" class=\"wp-image-3665\" style=\"width:55px;height:auto\" srcset=\"https:\/\/arttao.org\/wp-content\/uploads\/2025\/05\/EaI\u00bcIo_601830467_\u00b4\u00f7\u00a8\u00b5A\u00bfE\u00b0\u00ae\u00bf\u00a8I\u00a8A\u00aeo\u00a2D\u00a4In\u00b7CAEoO\u00b5EIOA2-927x1024.jpg 927w, https:\/\/arttao.org\/wp-content\/uploads\/2025\/05\/EaI\u00bcIo_601830467_\u00b4\u00f7\u00a8\u00b5A\u00bfE\u00b0\u00ae\u00bf\u00a8I\u00a8A\u00aeo\u00a2D\u00a4In\u00b7CAEoO\u00b5EIOA2-272x300.jpg 272w, https:\/\/arttao.org\/wp-content\/uploads\/2025\/05\/EaI\u00bcIo_601830467_\u00b4\u00f7\u00a8\u00b5A\u00bfE\u00b0\u00ae\u00bf\u00a8I\u00a8A\u00aeo\u00a2D\u00a4In\u00b7CAEoO\u00b5EIOA2-768x848.jpg 768w, https:\/\/arttao.org\/wp-content\/uploads\/2025\/05\/EaI\u00bcIo_601830467_\u00b4\u00f7\u00a8\u00b5A\u00bfE\u00b0\u00ae\u00bf\u00a8I\u00a8A\u00aeo\u00a2D\u00a4In\u00b7CAEoO\u00b5EIOA2-1391x1536.jpg 1391w, https:\/\/arttao.org\/wp-content\/uploads\/2025\/05\/EaI\u00bcIo_601830467_\u00b4\u00f7\u00a8\u00b5A\u00bfE\u00b0\u00ae\u00bf\u00a8I\u00a8A\u00aeo\u00a2D\u00a4In\u00b7CAEoO\u00b5EIOA2-1854x2048.jpg 1854w\" sizes=\"auto, (max-width: 927px) 100vw, 927px\" \/><\/figure>\n\n\n\n<p class=\"\"><a href=\"https:\/\/arttao.org\/it\/%e4%b8%89-%e5%bc%ba%e8%bf%ab%e4%b8%8e%e5%86%b2%e5%8a%a8%e9%97%ae%e9%a2%98\/\" data-type=\"page\" data-id=\"1480\">C. <strong>Test sui problemi compulsivi e impulsivi <\/strong><\/a><\/p>\n\n\n\n<p class=\"has-small-font-size\">Prima di sottoporsi a un test psicologico, \u00e8 importante comprendere cosa siano le compulsioni e l&#039;impulsivit\u00e0. Le compulsioni e l&#039;impulsivit\u00e0 non sono semplicemente cattive abitudini o difetti di personalit\u00e0, ma piuttosto manifestazioni di un conflitto interiore strettamente correlato allo stress psicologico. I problemi compulsivi si manifestano spesso come pensieri ripetitivi e incontrollabili (come dubbi e preoccupazioni) e comportamenti (come lavarsi continuamente le mani o controllare ripetutamente), che di solito nascondono ansia e paura profonde. L&#039;impulsivit\u00e0, d&#039;altro canto, si manifesta come impulsi comportamentali incontrollabili, come improvvisi scoppi d&#039;ira, shopping compulsivo, strapparsi i capelli o mangiarsi le unghie; si tratta spesso di reazioni automatiche che si verificano a breve termine per alleviare la tensione emotiva.<\/p>\n\n\n\n<p class=\"has-small-font-size\">Senza una corretta comprensione di questi sintomi prima del test, gli individui potrebbero erroneamente percepirli come disturbi minori o problemi di personalit\u00e0, sottovalutando cos\u00ec la gravit\u00e0 del problema e manifestando riluttanza a rispondere sinceramente o addirittura evitando deliberatamente di rispondere durante il test. Comprendere questi aspetti pu\u00f2 aiutare le persone a esprimere le proprie esperienze in modo pi\u00f9 onesto e accurato, rendendo i test psicologici pi\u00f9 utili e fornendo una base pi\u00f9 solida per successivi interventi e miglioramenti psicologici. Il test psicologico non ha lo scopo di &quot;determinare se sei malato&quot;, ma piuttosto di comprendere meglio i conflitti interiori e gli schemi emotivi che si sperimentano. Riconoscere questi meccanismi psicologici in anticipo aiuta ad affrontare il processo di test con un atteggiamento aperto e accogliente.<\/p>","protected":false},"excerpt":{"rendered":"<p>C. \u4ec0\u4e48\u662f\u5f3a\u8feb\u4e0e\u51b2\u52a8\u95ee\u9898\uff1f \u5728\u8fdb\u884c\u5fc3\u7406\u6d4b\u8bd5\u524d\uff0c\u6df1\u5165\u4e86\u89e3\u4ec0\u4e48\u662f\u201c\u5f3a\u8feb\u4e0e\u51b2\u52a8\u95ee\u9898\u201d\uff0c\u5bf9\u4e8e\u83b7\u5f97\u771f\u5b9e\u3001\u6709\u6548\u7684\u8bc4\u4f30\u7ed3\u679c [&hellip;]<\/p>\n","protected":false},"author":1,"featured_media":0,"parent":0,"menu_order":0,"comment_status":"closed","ping_status":"closed","template":"","meta":{"nf_dc_page":"","om_disable_all_campaigns":false,"_monsterinsights_skip_tracking":false,"_monsterinsights_sitenote_active":false,"_monsterinsights_sitenote_note":"","_monsterinsights_sitenote_category":0,"footnotes":""},"class_list":["post-6866","page","type-page","status-publish","hentry"],"_links":{"self":[{"href":"https:\/\/arttao.org\/it\/wp-json\/wp\/v2\/pages\/6866","targetHints":{"allow":["GET"]}}],"collection":[{"href":"https:\/\/arttao.org\/it\/wp-json\/wp\/v2\/pages"}],"about":[{"href":"https:\/\/arttao.org\/it\/wp-json\/wp\/v2\/types\/page"}],"author":[{"embeddable":true,"href":"https:\/\/arttao.org\/it\/wp-json\/wp\/v2\/users\/1"}],"replies":[{"embeddable":true,"href":"https:\/\/arttao.org\/it\/wp-json\/wp\/v2\/comments?post=6866"}],"version-history":[{"count":11,"href":"https:\/\/arttao.org\/it\/wp-json\/wp\/v2\/pages\/6866\/revisions"}],"predecessor-version":[{"id":11288,"href":"https:\/\/arttao.org\/it\/wp-json\/wp\/v2\/pages\/6866\/revisions\/11288"}],"wp:attachment":[{"href":"https:\/\/arttao.org\/it\/wp-json\/wp\/v2\/media?parent=6866"}],"curies":[{"name":"wp","href":"https:\/\/api.w.org\/{rel}","templated":true}]}}