{"id":7032,"date":"2025-06-29T20:28:02","date_gmt":"2025-06-29T20:28:02","guid":{"rendered":"https:\/\/arttao.org\/?page_id=7032"},"modified":"2025-07-25T19:21:22","modified_gmt":"2025-07-25T19:21:22","slug":"h1-problemi-di-dipendenza-e-assuefazione","status":"publish","type":"page","link":"https:\/\/arttao.org\/it\/h1-%e4%be%9d%e8%b5%96%e4%b8%8e%e6%88%90%e7%98%be%e9%97%ae%e9%a2%98\/","title":{"rendered":"G. Domande e risposte socratiche - Il problema della dipendenza e dell&#039;assuefazione"},"content":{"rendered":"<p class=\"\"><\/p>\n\n\n\n<p class=\"\"><\/p>\n\n\n\n<figure class=\"wp-block-image size-large is-resized\"><img loading=\"lazy\" decoding=\"async\" width=\"1024\" height=\"770\" src=\"https:\/\/arttao.org\/wp-content\/uploads\/2025\/06\/EaI\u00bcIo_601793890_\u00bf\u00a8I\u00a8D\u00a1A\u00aeo\u00a2\u00b2a_\u00b7CAEoO\u00b5EIOA1-1024x770.jpg\" alt=\"\" class=\"wp-image-7140\" style=\"width:65px;height:auto\" srcset=\"https:\/\/arttao.org\/wp-content\/uploads\/2025\/06\/EaI\u00bcIo_601793890_\u00bf\u00a8I\u00a8D\u00a1A\u00aeo\u00a2\u00b2a_\u00b7CAEoO\u00b5EIOA1-1024x770.jpg 1024w, https:\/\/arttao.org\/wp-content\/uploads\/2025\/06\/EaI\u00bcIo_601793890_\u00bf\u00a8I\u00a8D\u00a1A\u00aeo\u00a2\u00b2a_\u00b7CAEoO\u00b5EIOA1-300x226.jpg 300w, https:\/\/arttao.org\/wp-content\/uploads\/2025\/06\/EaI\u00bcIo_601793890_\u00bf\u00a8I\u00a8D\u00a1A\u00aeo\u00a2\u00b2a_\u00b7CAEoO\u00b5EIOA1-768x577.jpg 768w, https:\/\/arttao.org\/wp-content\/uploads\/2025\/06\/EaI\u00bcIo_601793890_\u00bf\u00a8I\u00a8D\u00a1A\u00aeo\u00a2\u00b2a_\u00b7CAEoO\u00b5EIOA1-1536x1155.jpg 1536w, https:\/\/arttao.org\/wp-content\/uploads\/2025\/06\/EaI\u00bcIo_601793890_\u00bf\u00a8I\u00a8D\u00a1A\u00aeo\u00a2\u00b2a_\u00b7CAEoO\u00b5EIOA1-2048x1540.jpg 2048w\" sizes=\"auto, (max-width: 1024px) 100vw, 1024px\" \/><\/figure>\n\n\n\n<p class=\"\"><a href=\"https:\/\/arttao.org\/it\/h-1-%e4%bb%80%e4%b9%88%e6%98%af%e4%be%9d%e8%b5%96%e4%b8%8e%e6%88%90%e7%98%be%e9%97%ae%e9%a2%98%ef%bc%9f\/\" data-type=\"page\" data-id=\"7042\">G. <strong>Quali sono i problemi legati alla dipendenza e alla tossicodipendenza?<\/strong><\/a><\/p>\n\n\n\n<p class=\"has-small-font-size\">Nell&#039;ambito della salute mentale, &quot;dipendenza e assuefazione&quot; si riferisce non solo alla dipendenza da sostanze (come alcol, droghe e nicotina), ma anche all&#039;attaccamento eccessivo e alla perdita di controllo sui comportamenti (come internet, gioco d&#039;azzardo e relazioni sentimentali). Le sue caratteristiche principali sono:<strong>Pur sapendo che \u00e8 dannoso sia per il corpo che per la mente, risulta comunque difficile smettere o liberarsene.<\/strong>A ci\u00f2 si accompagnano sbalzi d&#039;umore, voglie intense, sensi di colpa e persino disprezzo di s\u00e9.<\/p>\n\n\n\n<p class=\"has-small-font-size\">I problemi di dipendenza spesso iniziano con la &quot;mancanza di autoregolazione&quot;. Di fronte a stress, disagio emotivo o sentimenti di vuoto, gli individui cercano di ottenere un conforto temporaneo attraverso qualche mezzo esterno (materiale o comportamentale). Inizialmente, pu\u00f2 sembrare innocuo, come &quot;addormentarsi scorrendo il telefono&quot; o &quot;rilassarsi con un drink&quot;, ma gradualmente la frequenza aumenta, portando a una perdita di controllo e alla trasformazione in dipendenza. I comportamenti di dipendenza soffocano altri aspetti importanti della vita, causando una perdita di scopo, danneggiando le relazioni interpersonali, trascurando la salute e persino scatenando disturbi mentali.<\/p>\n\n\n\n<p class=\"has-small-font-size\">Questo corso ti guider\u00e0 nell&#039;identificazione delle diverse forme di dipendenza e assuefazione, nella comprensione dei meccanismi psicologici sottostanti (come l&#039;evitamento, l&#039;autonegazione e la difficolt\u00e0 nella regolazione emotiva) e ti aiuter\u00e0 a ritrovare la libert\u00e0 interiore attraverso l&#039;autoconsapevolezza, la ricostruzione del ritmo, strategie alternative e il supporto psicologico. La dipendenza non \u00e8 segno di debolezza di volont\u00e0, ma piuttosto un grido emotivo inappagato. Solo attraverso la comprensione \u00e8 possibile la guarigione.<\/p>\n\n\n\n<figure class=\"wp-block-image size-large is-resized\"><img loading=\"lazy\" decoding=\"async\" width=\"1024\" height=\"770\" src=\"https:\/\/arttao.org\/wp-content\/uploads\/2025\/06\/EaI\u00bcIo_601793890_\u00bf\u00a8I\u00a8D\u00a1A\u00aeo\u00a2\u00b2a_\u00b7CAEoO\u00b5EIOA1-1024x770.jpg\" alt=\"\" class=\"wp-image-7140\" style=\"width:67px;height:auto\" srcset=\"https:\/\/arttao.org\/wp-content\/uploads\/2025\/06\/EaI\u00bcIo_601793890_\u00bf\u00a8I\u00a8D\u00a1A\u00aeo\u00a2\u00b2a_\u00b7CAEoO\u00b5EIOA1-1024x770.jpg 1024w, https:\/\/arttao.org\/wp-content\/uploads\/2025\/06\/EaI\u00bcIo_601793890_\u00bf\u00a8I\u00a8D\u00a1A\u00aeo\u00a2\u00b2a_\u00b7CAEoO\u00b5EIOA1-300x226.jpg 300w, https:\/\/arttao.org\/wp-content\/uploads\/2025\/06\/EaI\u00bcIo_601793890_\u00bf\u00a8I\u00a8D\u00a1A\u00aeo\u00a2\u00b2a_\u00b7CAEoO\u00b5EIOA1-768x577.jpg 768w, https:\/\/arttao.org\/wp-content\/uploads\/2025\/06\/EaI\u00bcIo_601793890_\u00bf\u00a8I\u00a8D\u00a1A\u00aeo\u00a2\u00b2a_\u00b7CAEoO\u00b5EIOA1-1536x1155.jpg 1536w, https:\/\/arttao.org\/wp-content\/uploads\/2025\/06\/EaI\u00bcIo_601793890_\u00bf\u00a8I\u00a8D\u00a1A\u00aeo\u00a2\u00b2a_\u00b7CAEoO\u00b5EIOA1-2048x1540.jpg 2048w\" sizes=\"auto, (max-width: 1024px) 100vw, 1024px\" \/><\/figure>\n\n\n\n<p class=\"\"><a href=\"https:\/\/arttao.org\/it\/h-%e4%be%9d%e8%b5%96%e4%b8%8e%e6%88%90%e7%98%be%e9%97%ae%e9%a2%98s\/\" data-type=\"page\" data-id=\"2954\">G. <strong>Test di dipendenza e assuefazione<\/strong><\/a><\/p>\n\n\n\n<p class=\"has-small-font-size\">Noi lo faremo attraverso<strong>Metodo di interrogazione socratica<\/strong>Questo test approfondisce i meccanismi psicologici e i modelli comportamentali della dipendenza e della tossicodipendenza. Non si tratta di un questionario di valutazione tradizionale, bens\u00ec di un dialogo guidato volto a\u2026<strong>Questo ti aiuter\u00e0 a capire chiaramente se stai usando certi comportamenti per colmare un vuoto interiore, per dare sfogo alle tue emozioni o per evitare difficolt\u00e0 reali.<\/strong>\u3002<\/p>\n\n\n\n<p class=\"has-small-font-size\">La dipendenza non significa solo droghe o alcol; pu\u00f2 anche essere...<strong>Cellulari, videogiochi, social media, eccessi alimentari, shopping, lavoro e persino l&#039;attaccamento nelle relazioni.<\/strong>I test si concentreranno sulle seguenti aree chiave:<\/p>\n\n\n\n<ul class=\"wp-block-list\">\n<li class=\"has-small-font-size\"><strong>Meccanismo di innesco<\/strong>In quali situazioni \u00e8 pi\u00f9 probabile che si inneschi un comportamento di dipendenza?<\/li>\n\n\n\n<li class=\"has-small-font-size\"><strong>Regolazione delle emozioni<\/strong>Questi comportamenti rappresentano il tuo modo di affrontare il dolore, l&#039;ansia o la solitudine?<\/li>\n\n\n\n<li class=\"has-small-font-size\"><strong>Esperienza di autocontrollo<\/strong>Hai mai provato a ridurre o smettere, ma hai sempre fallito e hai finito per incolpare te stesso?<\/li>\n\n\n\n<li class=\"has-small-font-size\"><strong>Impatto sulla vita<\/strong>Influisce sulle tue relazioni, sul sonno, sulle finanze o sull&#039;autostima?<\/li>\n<\/ul>\n\n\n\n<p class=\"has-small-font-size\">Attraverso queste domande esplorative, il sistema ti aiuter\u00e0 a creare la tua &quot;mappa della dipendenza psicologica&quot;, fornendoti una direzione pi\u00f9 chiara per la successiva guarigione, l&#039;adattamento comportamentale e le strategie di vita. Non ci sono risposte giuste o sbagliate in questo test, solo comprensione e consapevolezza. Questo \u00e8 un passo verso l&#039;onest\u00e0 e la gentilezza verso te stesso.<\/p>\n\n\n\n<p class=\"\"><\/p>","protected":false},"excerpt":{"rendered":"<p>G. \u4ec0\u4e48\u662f\u4f9d\u8d56\u4e0e\u6210\u763e\u95ee\u9898\uff1f \u5728\u5fc3\u7406\u5065\u5eb7\u9886\u57df\uff0c\u201c\u4f9d\u8d56\u4e0e\u6210\u763e\u201d\u4e0d\u4ec5\u4ec5\u6307\u5bf9\u7269\u8d28\uff08\u5982\u9152\u7cbe\u3001\u836f\u7269\u3001\u5c3c\u53e4\u4e01\uff09\u7684\u4f9d\u8d56\uff0c\u66f4\u5305 [&hellip;]<\/p>\n","protected":false},"author":1,"featured_media":0,"parent":0,"menu_order":0,"comment_status":"closed","ping_status":"closed","template":"","meta":{"nf_dc_page":"","om_disable_all_campaigns":false,"_monsterinsights_skip_tracking":false,"_monsterinsights_sitenote_active":false,"_monsterinsights_sitenote_note":"","_monsterinsights_sitenote_category":0,"footnotes":""},"class_list":["post-7032","page","type-page","status-publish","hentry"],"_links":{"self":[{"href":"https:\/\/arttao.org\/it\/wp-json\/wp\/v2\/pages\/7032","targetHints":{"allow":["GET"]}}],"collection":[{"href":"https:\/\/arttao.org\/it\/wp-json\/wp\/v2\/pages"}],"about":[{"href":"https:\/\/arttao.org\/it\/wp-json\/wp\/v2\/types\/page"}],"author":[{"embeddable":true,"href":"https:\/\/arttao.org\/it\/wp-json\/wp\/v2\/users\/1"}],"replies":[{"embeddable":true,"href":"https:\/\/arttao.org\/it\/wp-json\/wp\/v2\/comments?post=7032"}],"version-history":[{"count":9,"href":"https:\/\/arttao.org\/it\/wp-json\/wp\/v2\/pages\/7032\/revisions"}],"predecessor-version":[{"id":8190,"href":"https:\/\/arttao.org\/it\/wp-json\/wp\/v2\/pages\/7032\/revisions\/8190"}],"wp:attachment":[{"href":"https:\/\/arttao.org\/it\/wp-json\/wp\/v2\/media?parent=7032"}],"curies":[{"name":"wp","href":"https:\/\/api.w.org\/{rel}","templated":true}]}}