{"id":7385,"date":"2025-07-01T01:25:42","date_gmt":"2025-07-01T01:25:42","guid":{"rendered":"https:\/\/arttao.org\/?page_id=7385"},"modified":"2025-10-28T20:23:12","modified_gmt":"2025-10-28T20:23:12","slug":"ag-guarigione-psicologica","status":"publish","type":"page","link":"https:\/\/arttao.org\/it\/a-g-%e5%bf%83%e7%90%86%e7%96%97%e6%84%88\/","title":{"rendered":"AG. Guarigione psicologica"},"content":{"rendered":"<section class=\"arttao-healing-path is-layout-flow wp-block-group-is-layout-flow\">\n\n  \n  <div style=\"height:40px\" aria-hidden=\"true\" class=\"wp-block-spacer\"><\/div>\n  \n\n  <!-- ===== A. \u7126\u8651\u76f8\u5173\u95ee\u9898 ===== -->\n  \n  <figure class=\"wp-block-image size-large is-resized\">\n    <img loading=\"lazy\" decoding=\"async\" width=\"1024\" height=\"723\" src=\"https:\/\/arttao.org\/wp-content\/uploads\/2025\/07\/EaI\u00bcIo_601794472_AAAo\u00b5A\u00a8\u00b6aoIEUA\u00ae\u00b7CAEoO\u00b5EIOA1-1024x723.jpg\"\n         alt=\"Problemi legati all&#039;ansia\" class=\"wp-image-7386\"\n         style=\"width:71px;height:auto\" srcset=\"https:\/\/arttao.org\/wp-content\/uploads\/2025\/07\/EaI\u00bcIo_601794472_AAAo\u00b5A\u00a8\u00b6aoIEUA\u00ae\u00b7CAEoO\u00b5EIOA1-1024x723.jpg 1024w, https:\/\/arttao.org\/wp-content\/uploads\/2025\/07\/EaI\u00bcIo_601794472_AAAo\u00b5A\u00a8\u00b6aoIEUA\u00ae\u00b7CAEoO\u00b5EIOA1-300x212.jpg 300w, https:\/\/arttao.org\/wp-content\/uploads\/2025\/07\/EaI\u00bcIo_601794472_AAAo\u00b5A\u00a8\u00b6aoIEUA\u00ae\u00b7CAEoO\u00b5EIOA1-768x542.jpg 768w, https:\/\/arttao.org\/wp-content\/uploads\/2025\/07\/EaI\u00bcIo_601794472_AAAo\u00b5A\u00a8\u00b6aoIEUA\u00ae\u00b7CAEoO\u00b5EIOA1-1536x1085.jpg 1536w, https:\/\/arttao.org\/wp-content\/uploads\/2025\/07\/EaI\u00bcIo_601794472_AAAo\u00b5A\u00a8\u00b6aoIEUA\u00ae\u00b7CAEoO\u00b5EIOA1-2048x1446.jpg 2048w\" sizes=\"auto, (max-width: 1024px) 100vw, 1024px\" \/>\n  <\/figure>\n  \n\n  \n  <p>\n    <a href=\"https:\/\/arttao.org\/it\/%e4%b8%80-%e7%84%a6%e8%99%91%e7%9b%b8%e5%85%b3%e9%97%ae%e9%a2%98%ef%bc%88anxiety-related-issues%ef%bc%89-2\/\">\n      <strong>A. Corsi su problematiche legate all&#039;ansia<\/strong>\n    <\/a>\n  <\/p>\n  \n\n  \n  <p class=\"has-small-font-size\">\n    L&#039;ansia \u00e8 uno stato psicologico comune ma spesso trascurato, che pu\u00f2 manifestarsi come preoccupazione persistente, introspezione o sensazione di non avere il controllo sul futuro. Questo corso aiuta i partecipanti a identificare le tipologie pi\u00f9 comuni, come l&#039;ansia generalizzata, l&#039;ansia sociale, gli attacchi di panico e le fobie specifiche, a comprendere le manifestazioni psicologiche e fisiche dell&#039;ansia e a ritrovare un senso di sicurezza ed equilibrio.\n  <\/p>\n  \n\n  <!-- ===== B. \u6291\u90c1\u76f8\u5173\u95ee\u9898 ===== -->\n  <figure class=\"wp-block-image size-large is-resized\">\n    <img decoding=\"async\" src=\"https:\/\/arttao.org\/wp-content\/uploads\/2025\/06\/EaI\u00bcIo_601793889_\u00bf\u00a8I\u00a8D\u00a1A\u00aeo\u00a2I\u00b7\u00b4\u00f7\u00a8\u00b6a\u00b7CAEoO\u00b5EIOA-1024x735.jpg\"\n         alt=\"Problemi legati alla depressione\"\n         style=\"width:71px;height:auto\"\/>\n  <\/figure>\n\n  <p>\n    <a href=\"https:\/\/arttao.org\/it\/%e4%ba%8c-%e6%8a%91%e9%83%81%e7%9b%b8%e5%85%b3%e9%97%ae%e9%a2%98\/\">\n      <strong>B. Corsi su tematiche legate alla depressione<\/strong>\n    <\/a>\n  <\/p>\n\n  <p class=\"has-small-font-size\">\n    La depressione non \u00e8 solo un umore basso, ma anche un esaurimento di energia psicologica. Questa unit\u00e0 esplora tipologie come il disturbo depressivo maggiore, la depressione persistente e la depressione post-partum, analizza i meccanismi del ciclo cognitivo ed emotivo e ti aiuta a riconoscere i segnali precoci per ritrovare la tua vitalit\u00e0 interiore e il senso di significato nella vita.\n  <\/p>\n\n  <!-- ===== C. \u5f3a\u8feb\u4e0e\u51b2\u52a8 ===== -->\n  <figure class=\"wp-block-image size-large is-resized\">\n    <img decoding=\"async\" src=\"https:\/\/arttao.org\/wp-content\/uploads\/2025\/06\/EaI\u00bcIo_601793890_\u00bf\u00a8I\u00a8D\u00a1A\u00aeo\u00a2\u00b2a_\u00b7CAEoO\u00b5EIOA1-1024x770.jpg\"\n         alt=\"Compulsione e impulso\"\n         style=\"width:74px;height:auto\"\/>\n  <\/figure>\n\n  <p>\n    <a href=\"https:\/\/arttao.org\/it\/%e5%bc%ba%e8%bf%ab%e4%b8%8e%e5%86%b2%e5%8a%a8%e9%97%ae%e9%a2%98%ef%bc%88obsessive-compulsive-and-impulse-issues%ef%bc%89\/\">\n      <strong>C. Corso sulle problematiche ossessivo-compulsive e impulsive<\/strong>\n    <\/a>\n  <\/p>\n\n  <p class=\"has-small-font-size\">\n    Compulsione e impulso sono i due poli del conflitto psicologico: uno \u00e8 &quot;l&#039;incapacit\u00e0 di controllarsi per compiere un&#039;azione&quot;, l&#039;altro \u00e8 &quot;l&#039;incapacit\u00e0 di controllarsi per non compierla&quot;. Questo corso ti aiuta a comprendere i meccanismi dell&#039;ansia, i bias cognitivi e le tecniche di regolazione emotiva che ne sono alla base, insegnandoti a passare dalla repressione alla trasformazione e a ricostruire l&#039;equilibrio psicologico.\n  <\/p>\n\n  <!-- ===== D. \u521b\u4f24\u4e0e\u5e94\u6fc0 ===== -->\n  <figure class=\"wp-block-image size-large is-resized\">\n    <img decoding=\"async\" src=\"https:\/\/arttao.org\/wp-content\/uploads\/2025\/06\/EaI\u00bcIo_601794471_\u00b3EE\u00b1\u00b3\u00be\u00b0EI\u00b5AEUA\u00ae\u00b7CAEoO\u00b5EIOA22-1024x674.jpg\"\n         alt=\"Trauma e stress\"\n         style=\"width:81px;height:auto\"\/>\n  <\/figure>\n\n  <p>\n    <a href=\"https:\/\/arttao.org\/it\/d-%e5%88%9b%e4%bc%a4%e4%b8%8e%e5%ba%94%e6%bf%80%e9%97%ae%e9%a2%98-%e8%af%be%e7%a8%8b\/\">\n      <strong>D. Corso su traumi e stress<\/strong>\n    <\/a>\n  <\/p>\n\n  <p class=\"has-small-font-size\">\n    Il trauma non deriva solo da eventi esterni, ma pu\u00f2 anche scaturire da negligenza prolungata e privazione emotiva. Questo corso ti aiuter\u00e0 a comprendere i meccanismi neurali del trauma manifesto e latente, il fenomeno del blocco emotivo e come ricostruire un senso di sicurezza e fiducia interpersonale, permettendo cos\u00ec al processo di guarigione di iniziare davvero.\n  <\/p>\n\n  <!-- ===== E. \u60c5\u7eea\u6ce2\u52a8 ===== -->\n  <figure class=\"wp-block-image size-large is-resized\">\n    <img decoding=\"async\" src=\"https:\/\/arttao.org\/wp-content\/uploads\/2025\/06\/EaI\u00bcIo_601786897_\u00b2EE\u00b7\u00a2EI\u00b5AA\u00aeo\u00a2\u00b7CAEoO\u00b5EIOA22-1024x654.jpg\"\n         alt=\"Fluttuazioni emotive\"\n         style=\"width:79px;height:auto\"\/>\n  <\/figure>\n\n  <p>\n    <a href=\"https:\/\/arttao.org\/it\/%e4%ba%94-%e6%83%85%e7%bb%aa%e6%b3%a2%e5%8a%a8%e9%97%ae%e9%a2%98%ef%bc%88mood-dysregulation-issues%ef%bc%89\/\">\n      <strong>E. Corso sulle fluttuazioni emotive<\/strong>\n    <\/a>\n  <\/p>\n\n  <p class=\"has-small-font-size\">\n    Gli sbalzi d&#039;umore possono derivare da squilibri nel sistema di regolazione. Questa unit\u00e0 si concentra su problematiche quali i disturbi della regolazione dell&#039;umore e il disturbo bipolare, aiutando gli studenti a identificare i bisogni psicologici alla base delle emozioni e a trasformare le emozioni in informazioni anzich\u00e9 in un peso.\n  <\/p>\n\n  <!-- ===== F. \u7761\u7720\u4e0e\u8eaf\u4f53 ===== -->\n  <figure class=\"wp-block-image size-large is-resized\">\n    <img decoding=\"async\" src=\"https:\/\/arttao.org\/wp-content\/uploads\/2025\/06\/EaI\u00bcIo_601786894_\u00b3EE\u00b1\u00b3\u00be\u00b0EI\u00b5AEUA\u00ae\u00b7CAEoO\u00b5EIOA22-1024x637.jpg\"\n         alt=\"Il sonno e il corpo\"\n         style=\"width:84px;height:auto\"\/>\n  <\/figure>\n\n  <p>\n    <a href=\"https:\/\/arttao.org\/it\/%e5%85%ad-%e7%9d%a1%e7%9c%a0%e4%b8%8e%e8%ba%af%e4%bd%93%e9%97%ae%e9%a2%98%ef%bc%88sleep-and-somatic-issues%ef%bc%89\/\">\n      <strong>F. Corso sui problemi del sonno e fisici<\/strong>\n    <\/a>\n  <\/p>\n\n  <p class=\"has-small-font-size\">\n    Il corpo \u00e8 lo specchio della mente. Questa unit\u00e0 spiega come i problemi psicologici si manifestano con sintomi fisici, come insonnia, mal di testa e disturbi digestivi, e insegna tecniche di regolazione mente-corpo per aiutare a ripristinare la capacit\u00e0 del corpo di funzionare come un rifugio sicuro.\n  <\/p>\n\n  <!-- ===== G. \u4f9d\u8d56\u4e0e\u6210\u763e ===== -->\n  <figure class=\"wp-block-image size-large is-resized\">\n    <img decoding=\"async\" src=\"https:\/\/arttao.org\/wp-content\/uploads\/2025\/06\/EaI\u00bcIo_601799129_AE\u00afAA\u00b5AA\u00ae\u00d7O\u00b7CAEoO\u00b5EIOA22-1024x696.jpg\"\n         alt=\"Dipendenza e assuefazione\"\n         style=\"width:81px;height:auto\"\/>\n  <\/figure>\n\n  <p>\n    <a href=\"https:\/\/arttao.org\/it\/%e4%b8%83-%e4%be%9d%e8%b5%96%e4%b8%8e%e6%88%90%e7%98%be%e9%97%ae%e9%a2%98%ef%bc%88substance-and-addiction-issues%ef%bc%89\/\">\n      <strong>G. Corso sui problemi di dipendenza e assuefazione<\/strong>\n    <\/a>\n  <\/p>\n\n  <p class=\"has-small-font-size\">\n    La radice della dipendenza non risiede nel &quot;piacere&quot;, ma nell&#039;&quot;evitamento&quot;. Questo corso esplora la struttura psicologica, il sistema di ricompensa e i deficit di attaccamento delle dipendenze da sostanze e comportamentali, aiutando i partecipanti a comprendere la logica di sopravvivenza della dipendenza e a ricostruire i legami interiori attraverso la consapevolezza e l&#039;empatia.\n  <\/p>\n\n<\/section>","protected":false},"excerpt":{"rendered":"<p>A. \u7126\u8651\u76f8\u5173\u95ee\u9898\u8bfe\u7a0b \u7126\u8651\u662f\u4e00\u79cd\u5e38\u89c1\u4f46\u9690\u853d\u7684\u5fc3\u7406\u72b6\u6001\uff0c\u5b83\u53ef\u80fd\u8868\u73b0\u4e3a\u6301\u7eed\u62c5\u5fe7\u3001\u81ea\u6211\u5ba1\u89c6\u6216\u5bf9\u672a\u6765\u7684\u65e0\u6cd5\u638c\u63a7\u3002 \u672c [&hellip;]<\/p>\n","protected":false},"author":1,"featured_media":0,"parent":0,"menu_order":0,"comment_status":"closed","ping_status":"closed","template":"","meta":{"nf_dc_page":"","om_disable_all_campaigns":false,"_monsterinsights_skip_tracking":false,"_monsterinsights_sitenote_active":false,"_monsterinsights_sitenote_note":"","_monsterinsights_sitenote_category":0,"footnotes":""},"class_list":["post-7385","page","type-page","status-publish","hentry"],"_links":{"self":[{"href":"https:\/\/arttao.org\/it\/wp-json\/wp\/v2\/pages\/7385","targetHints":{"allow":["GET"]}}],"collection":[{"href":"https:\/\/arttao.org\/it\/wp-json\/wp\/v2\/pages"}],"about":[{"href":"https:\/\/arttao.org\/it\/wp-json\/wp\/v2\/types\/page"}],"author":[{"embeddable":true,"href":"https:\/\/arttao.org\/it\/wp-json\/wp\/v2\/users\/1"}],"replies":[{"embeddable":true,"href":"https:\/\/arttao.org\/it\/wp-json\/wp\/v2\/comments?post=7385"}],"version-history":[{"count":11,"href":"https:\/\/arttao.org\/it\/wp-json\/wp\/v2\/pages\/7385\/revisions"}],"predecessor-version":[{"id":11409,"href":"https:\/\/arttao.org\/it\/wp-json\/wp\/v2\/pages\/7385\/revisions\/11409"}],"wp:attachment":[{"href":"https:\/\/arttao.org\/it\/wp-json\/wp\/v2\/media?parent=7385"}],"curies":[{"name":"wp","href":"https:\/\/api.w.org\/{rel}","templated":true}]}}