{"id":1251,"date":"2025-03-31T20:19:15","date_gmt":"2025-03-31T20:19:15","guid":{"rendered":"https:\/\/arttao.org\/?page_id=1251"},"modified":"2025-08-16T18:30:08","modified_gmt":"2025-08-16T18:30:08","slug":"um-teste-psicologico","status":"publish","type":"page","link":"https:\/\/arttao.org\/pt\/a-%e5%bf%83%e7%90%86%e6%b5%8b%e8%af%95\/","title":{"rendered":"AG. Testes Psicol\u00f3gicos"},"content":{"rendered":"<p class=\"\"><\/p>\n\n\n\n<p class=\"\"><\/p>\n\n\n\n<figure class=\"wp-block-image size-large is-resized\"><img loading=\"lazy\" decoding=\"async\" width=\"1024\" height=\"647\" src=\"https:\/\/arttao.org\/wp-content\/uploads\/2025\/03\/EaI\u00bcIo_601830466_\u00b2EE\u00b5A\u00bfE\u00b0\u00aeEUA\u00ae\u00b7CAEoO\u00b5EIOA22-1024x647.jpg\" alt=\"\" class=\"wp-image-1243\" style=\"width:82px;height:auto\" srcset=\"https:\/\/arttao.org\/wp-content\/uploads\/2025\/03\/EaI\u00bcIo_601830466_\u00b2EE\u00b5A\u00bfE\u00b0\u00aeEUA\u00ae\u00b7CAEoO\u00b5EIOA22-1024x647.jpg 1024w, https:\/\/arttao.org\/wp-content\/uploads\/2025\/03\/EaI\u00bcIo_601830466_\u00b2EE\u00b5A\u00bfE\u00b0\u00aeEUA\u00ae\u00b7CAEoO\u00b5EIOA22-300x189.jpg 300w, https:\/\/arttao.org\/wp-content\/uploads\/2025\/03\/EaI\u00bcIo_601830466_\u00b2EE\u00b5A\u00bfE\u00b0\u00aeEUA\u00ae\u00b7CAEoO\u00b5EIOA22-768x485.jpg 768w, https:\/\/arttao.org\/wp-content\/uploads\/2025\/03\/EaI\u00bcIo_601830466_\u00b2EE\u00b5A\u00bfE\u00b0\u00aeEUA\u00ae\u00b7CAEoO\u00b5EIOA22-1536x970.jpg 1536w, https:\/\/arttao.org\/wp-content\/uploads\/2025\/03\/EaI\u00bcIo_601830466_\u00b2EE\u00b5A\u00bfE\u00b0\u00aeEUA\u00ae\u00b7CAEoO\u00b5EIOA22-2048x1294.jpg 2048w\" sizes=\"auto, (max-width: 1024px) 100vw, 1024px\" \/><\/figure>\n\n\n\n<p class=\"\"><a href=\"https:\/\/arttao.org\/pt\/a-%e8%8b%8f%e6%a0%bc%e6%8b%89%e5%ba%95%e9%97%ae%e7%ad%94-%e7%84%a6%e8%99%91%e7%9b%b8%e5%85%b3%e9%97%ae%e9%a2%98%e6%b5%8b%e8%af%95\/\" data-type=\"page\" data-id=\"6853\">UM. <strong>Perguntas Socr\u00e1ticas - Teste de Perguntas Relacionadas \u00e0 Ansiedade<\/strong><\/a><\/p>\n\n\n\n<p class=\"has-small-font-size\">Os problemas de ansiedade manifestam-se como preocupa\u00e7\u00e3o persistente e excessiva com eventos futuros, muitas vezes sem evid\u00eancias espec\u00edficas de amea\u00e7a. Os transtornos de ansiedade mais comuns incluem transtorno de ansiedade generalizada, ansiedade social, fobias, transtorno do p\u00e2nico e mutismo seletivo. Os pacientes experimentam intenso mal-estar, tens\u00e3o, palpita\u00e7\u00f5es, sudorese, falta de ar e desconforto estomacal, podendo apresentar comportamentos de evita\u00e7\u00e3o, como evitar situa\u00e7\u00f5es sociais, incapacidade de ficar sozinho e medo de entrar em certos lugares. Os problemas de ansiedade prejudicam o funcionamento di\u00e1rio, limitando a liberdade de movimento e a qualidade de vida. Frequentemente, est\u00e3o relacionados \u00e0 capacidade de lidar com problemas e \u00e0 autoimagem, podendo tamb\u00e9m surgir de uma combina\u00e7\u00e3o de fatores, incluindo experi\u00eancias da inf\u00e2ncia, estresse e personalidade.<\/p>\n\n\n\n<figure class=\"wp-block-image size-large is-resized\"><img loading=\"lazy\" decoding=\"async\" width=\"1024\" height=\"647\" src=\"https:\/\/arttao.org\/wp-content\/uploads\/2025\/03\/EaI\u00bcIo_601830466_\u00b2EE\u00b5A\u00bfE\u00b0\u00aeEUA\u00ae\u00b7CAEoO\u00b5EIOA22-1024x647.jpg\" alt=\"\" class=\"wp-image-1243\" style=\"width:78px;height:auto\" srcset=\"https:\/\/arttao.org\/wp-content\/uploads\/2025\/03\/EaI\u00bcIo_601830466_\u00b2EE\u00b5A\u00bfE\u00b0\u00aeEUA\u00ae\u00b7CAEoO\u00b5EIOA22-1024x647.jpg 1024w, https:\/\/arttao.org\/wp-content\/uploads\/2025\/03\/EaI\u00bcIo_601830466_\u00b2EE\u00b5A\u00bfE\u00b0\u00aeEUA\u00ae\u00b7CAEoO\u00b5EIOA22-300x189.jpg 300w, https:\/\/arttao.org\/wp-content\/uploads\/2025\/03\/EaI\u00bcIo_601830466_\u00b2EE\u00b5A\u00bfE\u00b0\u00aeEUA\u00ae\u00b7CAEoO\u00b5EIOA22-768x485.jpg 768w, https:\/\/arttao.org\/wp-content\/uploads\/2025\/03\/EaI\u00bcIo_601830466_\u00b2EE\u00b5A\u00bfE\u00b0\u00aeEUA\u00ae\u00b7CAEoO\u00b5EIOA22-1536x970.jpg 1536w, https:\/\/arttao.org\/wp-content\/uploads\/2025\/03\/EaI\u00bcIo_601830466_\u00b2EE\u00b5A\u00bfE\u00b0\u00aeEUA\u00ae\u00b7CAEoO\u00b5EIOA22-2048x1294.jpg 2048w\" sizes=\"auto, (max-width: 1024px) 100vw, 1024px\" \/><\/figure>\n\n\n\n<p class=\"\"><a href=\"https:\/\/arttao.org\/pt\/b-%e8%8b%8f%e6%a0%bc%e6%8b%89%e5%ba%95%e9%97%ae%e7%ad%94-%e6%8a%91%e9%83%81%e7%9b%b8%e5%85%b3%e9%97%ae%e9%a2%98%e6%b5%8b%e8%af%95\/\" data-type=\"page\" data-id=\"6864\">B. <strong>Perguntas Socr\u00e1ticas - Teste de Perguntas Relacionadas \u00e0 Depress\u00e3o<\/strong><\/a><\/p>\n\n\n\n<h5 class=\"wp-block-heading has-small-font-size\">A depress\u00e3o \u00e9 um transtorno mental caracterizado por humor persistentemente baixo. Os sintomas comuns incluem tristeza persistente, perda de interesse em atividades di\u00e1rias, autodeprecia\u00e7\u00e3o, fadiga, dificuldade de concentra\u00e7\u00e3o e at\u00e9 mesmo sentimentos de desesperan\u00e7a e pensamentos suicidas. Casos graves podem ser acompanhados por altera\u00e7\u00f5es no apetite ou peso, problemas de sono, entorpecimento emocional e dor f\u00edsica. A depress\u00e3o n\u00e3o \u00e9 um estado de humor passageiro, mas sim um estado mental que dura mais de duas semanas e impacta significativamente o funcionamento da pessoa. Pode ter origem em fatores gen\u00e9ticos, traumas de vida, isolamento social ou estresse prolongado. A depress\u00e3o de longa dura\u00e7\u00e3o tamb\u00e9m pode levar a um decl\u00ednio no funcionamento social, aliena\u00e7\u00e3o interpessoal e perda de sentido na vida. A express\u00e3o oportuna das emo\u00e7\u00f5es e a interven\u00e7\u00e3o profissional s\u00e3o cruciais.<\/h5>\n\n\n\n<figure class=\"wp-block-image size-large is-resized\"><img loading=\"lazy\" decoding=\"async\" width=\"1024\" height=\"647\" src=\"https:\/\/arttao.org\/wp-content\/uploads\/2025\/03\/EaI\u00bcIo_601830466_\u00b2EE\u00b5A\u00bfE\u00b0\u00aeEUA\u00ae\u00b7CAEoO\u00b5EIOA22-1024x647.jpg\" alt=\"\" class=\"wp-image-1243\" style=\"width:78px;height:auto\" srcset=\"https:\/\/arttao.org\/wp-content\/uploads\/2025\/03\/EaI\u00bcIo_601830466_\u00b2EE\u00b5A\u00bfE\u00b0\u00aeEUA\u00ae\u00b7CAEoO\u00b5EIOA22-1024x647.jpg 1024w, https:\/\/arttao.org\/wp-content\/uploads\/2025\/03\/EaI\u00bcIo_601830466_\u00b2EE\u00b5A\u00bfE\u00b0\u00aeEUA\u00ae\u00b7CAEoO\u00b5EIOA22-300x189.jpg 300w, https:\/\/arttao.org\/wp-content\/uploads\/2025\/03\/EaI\u00bcIo_601830466_\u00b2EE\u00b5A\u00bfE\u00b0\u00aeEUA\u00ae\u00b7CAEoO\u00b5EIOA22-768x485.jpg 768w, https:\/\/arttao.org\/wp-content\/uploads\/2025\/03\/EaI\u00bcIo_601830466_\u00b2EE\u00b5A\u00bfE\u00b0\u00aeEUA\u00ae\u00b7CAEoO\u00b5EIOA22-1536x970.jpg 1536w, https:\/\/arttao.org\/wp-content\/uploads\/2025\/03\/EaI\u00bcIo_601830466_\u00b2EE\u00b5A\u00bfE\u00b0\u00aeEUA\u00ae\u00b7CAEoO\u00b5EIOA22-2048x1294.jpg 2048w\" sizes=\"auto, (max-width: 1024px) 100vw, 1024px\" \/><\/figure>\n\n\n\n<p class=\"\"><a href=\"https:\/\/arttao.org\/pt\/c-%e8%8b%8f%e6%a0%bc%e6%8b%89%e5%ba%95-%e5%bc%ba%e8%bf%ab%e4%b8%8e%e5%86%b2%e5%8a%a8%e9%97%ae%e9%a2%98%e6%b5%8b%e8%af%95\/\" data-type=\"page\" data-id=\"6866\">C. <strong>Quest\u00f5es Socr\u00e1ticas - Teste de Problemas Compulsivos e Impulsivos<\/strong><\/a><\/p>\n\n\n\n<p class=\"has-small-font-size\">Esses tipos de problemas abrangem o transtorno obsessivo-compulsivo (TOC) e os transtornos do controle dos impulsos, cuja principal caracter\u00edstica s\u00e3o os pensamentos recorrentes e incontrol\u00e1veis (pensamentos obsessivos) e comportamentos (comportamentos compulsivos ou impulsivos) que o indiv\u00edduo n\u00e3o consegue suprimir, mesmo quando consciente de sua irracionalidade. Pessoas com TOC podem ser atormentadas por pensamentos como &quot;Est\u00e1 limpo?&quot; ou &quot;\u00c9 seguro?&quot; e aliviar a ansiedade lavando as m\u00e3os repetidamente ou verificando-as. Os transtornos de controle dos impulsos, por outro lado, manifestam-se como comportamentos impulsivos repentinos, como raiva, roubo, jogos de azar ou compuls\u00e3o alimentar. Os indiv\u00edduos geralmente sentem culpa e remorso posteriormente, mas t\u00eam dificuldade em resistir ao pr\u00f3ximo impulso. Esses problemas s\u00e3o profundamente influenciados por vieses cognitivos, circuitos neurais anormais e autorregula\u00e7\u00e3o insuficiente, frequentemente prejudicando a vida di\u00e1ria e os relacionamentos interpessoais.<\/p>\n\n\n\n<figure class=\"wp-block-image size-large is-resized\"><img loading=\"lazy\" decoding=\"async\" width=\"1024\" height=\"647\" src=\"https:\/\/arttao.org\/wp-content\/uploads\/2025\/03\/EaI\u00bcIo_601830466_\u00b2EE\u00b5A\u00bfE\u00b0\u00aeEUA\u00ae\u00b7CAEoO\u00b5EIOA22-1024x647.jpg\" alt=\"\" class=\"wp-image-1243\" style=\"width:79px;height:auto\" srcset=\"https:\/\/arttao.org\/wp-content\/uploads\/2025\/03\/EaI\u00bcIo_601830466_\u00b2EE\u00b5A\u00bfE\u00b0\u00aeEUA\u00ae\u00b7CAEoO\u00b5EIOA22-1024x647.jpg 1024w, https:\/\/arttao.org\/wp-content\/uploads\/2025\/03\/EaI\u00bcIo_601830466_\u00b2EE\u00b5A\u00bfE\u00b0\u00aeEUA\u00ae\u00b7CAEoO\u00b5EIOA22-300x189.jpg 300w, https:\/\/arttao.org\/wp-content\/uploads\/2025\/03\/EaI\u00bcIo_601830466_\u00b2EE\u00b5A\u00bfE\u00b0\u00aeEUA\u00ae\u00b7CAEoO\u00b5EIOA22-768x485.jpg 768w, https:\/\/arttao.org\/wp-content\/uploads\/2025\/03\/EaI\u00bcIo_601830466_\u00b2EE\u00b5A\u00bfE\u00b0\u00aeEUA\u00ae\u00b7CAEoO\u00b5EIOA22-1536x970.jpg 1536w, https:\/\/arttao.org\/wp-content\/uploads\/2025\/03\/EaI\u00bcIo_601830466_\u00b2EE\u00b5A\u00bfE\u00b0\u00aeEUA\u00ae\u00b7CAEoO\u00b5EIOA22-2048x1294.jpg 2048w\" sizes=\"auto, (max-width: 1024px) 100vw, 1024px\" \/><\/figure>\n\n\n\n<p class=\"\"><a href=\"https:\/\/arttao.org\/pt\/d-%e8%8b%8f%e6%a0%bc%e6%8b%89%e5%ba%95-%e5%88%9b%e4%bc%a4%e4%b8%8e%e5%ba%94%e6%bf%80%e9%97%ae%e9%a2%98%e6%b5%8b%e8%af%95\/\" data-type=\"page\" data-id=\"6870\">D. <strong>Perguntas Socr\u00e1ticas - Teste de Trauma e Estresse<\/strong><\/a><\/p>\n\n\n\n<p class=\"has-small-font-size\">Esses tipos de problemas t\u00eam origem na experi\u00eancia ou testemunho de eventos extremamente dolorosos, que amea\u00e7am a vida ou a seguran\u00e7a, como acidentes, viol\u00eancia, abuso ou grandes mudan\u00e7as de vida. Transtornos comuns incluem transtorno de estresse p\u00f3s-traum\u00e1tico (TEPT), transtorno de estresse agudo e transtorno de adapta\u00e7\u00e3o. Os pacientes podem relembrar repetidamente imagens traum\u00e1ticas (flashbacks), ter pesadelos, apresentar explos\u00f5es emocionais e hipervigil\u00e2ncia, evitando deliberadamente cenas, pessoas ou assuntos relacionados ao trauma. O trauma pode causar retraimento psicol\u00f3gico persistente, autodissocia\u00e7\u00e3o, quebra de confian\u00e7a e at\u00e9 afetar a percep\u00e7\u00e3o da realidade. Rea\u00e7\u00f5es traum\u00e1ticas n\u00e3o tratadas a longo prazo podem se transformar em ansiedade cr\u00f4nica, depress\u00e3o e comportamentos autolesivos, exigindo interven\u00e7\u00e3o psicol\u00f3gica profissional e treinamento de reabilita\u00e7\u00e3o.<\/p>\n\n\n\n<figure class=\"wp-block-image size-large is-resized\"><img loading=\"lazy\" decoding=\"async\" width=\"1024\" height=\"647\" src=\"https:\/\/arttao.org\/wp-content\/uploads\/2025\/03\/EaI\u00bcIo_601830466_\u00b2EE\u00b5A\u00bfE\u00b0\u00aeEUA\u00ae\u00b7CAEoO\u00b5EIOA22-1024x647.jpg\" alt=\"\" class=\"wp-image-1243\" style=\"width:74px;height:auto\" srcset=\"https:\/\/arttao.org\/wp-content\/uploads\/2025\/03\/EaI\u00bcIo_601830466_\u00b2EE\u00b5A\u00bfE\u00b0\u00aeEUA\u00ae\u00b7CAEoO\u00b5EIOA22-1024x647.jpg 1024w, https:\/\/arttao.org\/wp-content\/uploads\/2025\/03\/EaI\u00bcIo_601830466_\u00b2EE\u00b5A\u00bfE\u00b0\u00aeEUA\u00ae\u00b7CAEoO\u00b5EIOA22-300x189.jpg 300w, https:\/\/arttao.org\/wp-content\/uploads\/2025\/03\/EaI\u00bcIo_601830466_\u00b2EE\u00b5A\u00bfE\u00b0\u00aeEUA\u00ae\u00b7CAEoO\u00b5EIOA22-768x485.jpg 768w, https:\/\/arttao.org\/wp-content\/uploads\/2025\/03\/EaI\u00bcIo_601830466_\u00b2EE\u00b5A\u00bfE\u00b0\u00aeEUA\u00ae\u00b7CAEoO\u00b5EIOA22-1536x970.jpg 1536w, https:\/\/arttao.org\/wp-content\/uploads\/2025\/03\/EaI\u00bcIo_601830466_\u00b2EE\u00b5A\u00bfE\u00b0\u00aeEUA\u00ae\u00b7CAEoO\u00b5EIOA22-2048x1294.jpg 2048w\" sizes=\"auto, (max-width: 1024px) 100vw, 1024px\" \/><\/figure>\n\n\n\n<p class=\"\"><a href=\"https:\/\/arttao.org\/pt\/e-%e8%8b%8f%e6%a0%bc%e6%8b%89%e5%ba%95-%e6%83%85%e7%bb%aa%e6%b3%a2%e5%8a%a8%e9%97%ae%e9%a2%98%e6%b5%8b%e8%af%95\/\" data-type=\"page\" data-id=\"6898\">E. <strong>Perguntas Socr\u00e1ticas - Teste de Flutua\u00e7\u00e3o Emocional<\/strong><\/a><\/p>\n\n\n\n<p class=\"has-small-font-size\">As oscila\u00e7\u00f5es de humor s\u00e3o caracterizadas por rea\u00e7\u00f5es emocionais intensas e inst\u00e1veis, flutua\u00e7\u00f5es significativas de humor e dificuldade em autorregula\u00e7\u00e3o. Esses problemas podem incluir transtornos de regula\u00e7\u00e3o do humor, transtorno bipolar e transtornos de personalidade. Os indiv\u00edduos podem experimentar mudan\u00e7as r\u00e1pidas de excita\u00e7\u00e3o e prazer para raiva e desespero em um curto per\u00edodo, frequentemente acompanhadas por comportamento impulsivo, tens\u00e3o nos relacionamentos e altera\u00e7\u00f5es extremas na autoestima. As oscila\u00e7\u00f5es de humor podem prejudicar significativamente o trabalho, os estudos e os relacionamentos interpessoais, muitas vezes deixando o indiv\u00edduo com a sensa\u00e7\u00e3o de estar &quot;fora de controle&quot;. Esses problemas geralmente est\u00e3o relacionados a v\u00ednculos afetivos precoces, instabilidade na autoimagem e limites pouco definidos; o processo de cura concentra-se na constru\u00e7\u00e3o da estabilidade interna e de uma rede de apoio pr\u00f3prio.<\/p>\n\n\n\n<figure class=\"wp-block-image size-large is-resized\"><img loading=\"lazy\" decoding=\"async\" width=\"1024\" height=\"647\" src=\"https:\/\/arttao.org\/wp-content\/uploads\/2025\/03\/EaI\u00bcIo_601830466_\u00b2EE\u00b5A\u00bfE\u00b0\u00aeEUA\u00ae\u00b7CAEoO\u00b5EIOA22-1024x647.jpg\" alt=\"\" class=\"wp-image-1243\" style=\"width:76px;height:auto\" srcset=\"https:\/\/arttao.org\/wp-content\/uploads\/2025\/03\/EaI\u00bcIo_601830466_\u00b2EE\u00b5A\u00bfE\u00b0\u00aeEUA\u00ae\u00b7CAEoO\u00b5EIOA22-1024x647.jpg 1024w, https:\/\/arttao.org\/wp-content\/uploads\/2025\/03\/EaI\u00bcIo_601830466_\u00b2EE\u00b5A\u00bfE\u00b0\u00aeEUA\u00ae\u00b7CAEoO\u00b5EIOA22-300x189.jpg 300w, https:\/\/arttao.org\/wp-content\/uploads\/2025\/03\/EaI\u00bcIo_601830466_\u00b2EE\u00b5A\u00bfE\u00b0\u00aeEUA\u00ae\u00b7CAEoO\u00b5EIOA22-768x485.jpg 768w, https:\/\/arttao.org\/wp-content\/uploads\/2025\/03\/EaI\u00bcIo_601830466_\u00b2EE\u00b5A\u00bfE\u00b0\u00aeEUA\u00ae\u00b7CAEoO\u00b5EIOA22-1536x970.jpg 1536w, https:\/\/arttao.org\/wp-content\/uploads\/2025\/03\/EaI\u00bcIo_601830466_\u00b2EE\u00b5A\u00bfE\u00b0\u00aeEUA\u00ae\u00b7CAEoO\u00b5EIOA22-2048x1294.jpg 2048w\" sizes=\"auto, (max-width: 1024px) 100vw, 1024px\" \/><\/figure>\n\n\n\n<p class=\"\"><a href=\"https:\/\/arttao.org\/pt\/f-%e7%9d%a1%e7%9c%a0%e4%b8%8e%e8%ba%af%e4%bd%93%e9%97%ae%e9%a2%98\/\" data-type=\"page\" data-id=\"6997\">F. <strong>Perguntas Socr\u00e1ticas - Teste sobre Sono e Problemas F\u00edsicos<\/strong><\/a><\/p>\n\n\n\n<p class=\"has-small-font-size\">Problemas de sono, incluindo dificuldade para adormecer, despertar precoce, despertares frequentes, sonhos v\u00edvidos e fadiga diurna, s\u00e3o frequentemente sinais de diversos problemas psicol\u00f3gicos. Dist\u00farbios do sono a longo prazo podem afetar a estabilidade emocional, a mem\u00f3ria e a imunidade. Os sintomas de somatiza\u00e7\u00e3o manifestam-se como desconforto f\u00edsico recorrente (como dores de cabe\u00e7a, dores de est\u00f4mago, falta de ar e palpita\u00e7\u00f5es), mas os exames m\u00e9dicos n\u00e3o revelam uma causa clara. Os pacientes s\u00e3o sens\u00edveis a mudan\u00e7as corporais e sua ansiedade interna \u00e9 frequentemente expressa por meio da linguagem corporal. Esses problemas est\u00e3o frequentemente relacionados ao estresse, \u00e0 repress\u00e3o emocional e ao excesso de autocontrole. Muitos pacientes inicialmente buscam ajuda no sistema m\u00e9dico, mas o ajuste psicol\u00f3gico \u00e9, na verdade, necess\u00e1rio. Restaurar os ritmos do sono e fortalecer a conex\u00e3o entre corpo e mente s\u00e3o aspectos cruciais do tratamento.<\/p>\n\n\n\n<figure class=\"wp-block-image size-large is-resized\"><img loading=\"lazy\" decoding=\"async\" width=\"1024\" height=\"647\" src=\"https:\/\/arttao.org\/wp-content\/uploads\/2025\/03\/EaI\u00bcIo_601830466_\u00b2EE\u00b5A\u00bfE\u00b0\u00aeEUA\u00ae\u00b7CAEoO\u00b5EIOA22-1024x647.jpg\" alt=\"\" class=\"wp-image-1243\" style=\"width:78px;height:auto\" srcset=\"https:\/\/arttao.org\/wp-content\/uploads\/2025\/03\/EaI\u00bcIo_601830466_\u00b2EE\u00b5A\u00bfE\u00b0\u00aeEUA\u00ae\u00b7CAEoO\u00b5EIOA22-1024x647.jpg 1024w, https:\/\/arttao.org\/wp-content\/uploads\/2025\/03\/EaI\u00bcIo_601830466_\u00b2EE\u00b5A\u00bfE\u00b0\u00aeEUA\u00ae\u00b7CAEoO\u00b5EIOA22-300x189.jpg 300w, https:\/\/arttao.org\/wp-content\/uploads\/2025\/03\/EaI\u00bcIo_601830466_\u00b2EE\u00b5A\u00bfE\u00b0\u00aeEUA\u00ae\u00b7CAEoO\u00b5EIOA22-768x485.jpg 768w, https:\/\/arttao.org\/wp-content\/uploads\/2025\/03\/EaI\u00bcIo_601830466_\u00b2EE\u00b5A\u00bfE\u00b0\u00aeEUA\u00ae\u00b7CAEoO\u00b5EIOA22-1536x970.jpg 1536w, https:\/\/arttao.org\/wp-content\/uploads\/2025\/03\/EaI\u00bcIo_601830466_\u00b2EE\u00b5A\u00bfE\u00b0\u00aeEUA\u00ae\u00b7CAEoO\u00b5EIOA22-2048x1294.jpg 2048w\" sizes=\"auto, (max-width: 1024px) 100vw, 1024px\" \/><\/figure>\n\n\n\n<p class=\"\"><a href=\"https:\/\/arttao.org\/pt\/h1-%e4%be%9d%e8%b5%96%e4%b8%8e%e6%88%90%e7%98%be%e9%97%ae%e9%a2%98\/\" data-type=\"page\" data-id=\"7032\">G.<strong>Perguntas Socr\u00e1ticas - Teste de Depend\u00eancia e V\u00edcio<\/strong><\/a><\/p>\n\n\n\n<p class=\"has-small-font-size\">Os problemas de depend\u00eancia n\u00e3o se limitam a subst\u00e2ncias (como \u00e1lcool, nicotina e drogas), mas tamb\u00e9m incluem depend\u00eancias comportamentais, como v\u00edcio em internet, v\u00edcio em jogos de azar, depend\u00eancia emocional e v\u00edcio em trabalho. Caracterizam-se pela repeti\u00e7\u00e3o incontrol\u00e1vel de um determinado comportamento, dif\u00edcil de interromper apesar das consequ\u00eancias negativas. O v\u00edcio proporciona prazer a curto prazo, mas gradualmente priva a pessoa de sua liberdade e vontade, prejudicando inclusive sua sa\u00fade f\u00edsica, seus relacionamentos e sua carreira. Por tr\u00e1s do v\u00edcio, muitas vezes, reside um profundo vazio, uma falta de autorregula\u00e7\u00e3o ou uma tend\u00eancia a escapar da dor psicol\u00f3gica. Um tratamento eficaz precisa mudar o foco do &quot;controle&quot; para a &quot;compreens\u00e3o&quot;, restaurando gradualmente a autonomia interior por meio do estabelecimento de padr\u00f5es de apego saud\u00e1veis, um senso de autoestima e comportamentos vic\u00e1rios.<\/p>","protected":false},"excerpt":{"rendered":"<p>A. \u82cf\u683c\u62c9\u5e95\u95ee\u7b54-\u7126\u8651\u76f8\u5173\u95ee\u9898\u6d4b\u8bd5 \u7126\u8651\u95ee\u9898\u8868\u73b0\u4e3a\u5bf9\u672a\u6765\u4e8b\u4ef6\u6301\u7eed\u4e14\u8fc7\u5ea6\u7684\u62c5\u5fe7\uff0c\u5f80\u5f80\u7f3a\u4e4f\u5177\u4f53\u7684\u5a01\u80c1\u4f9d\u636e\u3002\u5e38\u89c1\u7684 [&hellip;]<\/p>\n","protected":false},"author":1,"featured_media":0,"parent":0,"menu_order":0,"comment_status":"closed","ping_status":"closed","template":"","meta":{"nf_dc_page":"","om_disable_all_campaigns":false,"_monsterinsights_skip_tracking":false,"_monsterinsights_sitenote_active":false,"_monsterinsights_sitenote_note":"","_monsterinsights_sitenote_category":0,"footnotes":""},"class_list":["post-1251","page","type-page","status-publish","hentry"],"_links":{"self":[{"href":"https:\/\/arttao.org\/pt\/wp-json\/wp\/v2\/pages\/1251","targetHints":{"allow":["GET"]}}],"collection":[{"href":"https:\/\/arttao.org\/pt\/wp-json\/wp\/v2\/pages"}],"about":[{"href":"https:\/\/arttao.org\/pt\/wp-json\/wp\/v2\/types\/page"}],"author":[{"embeddable":true,"href":"https:\/\/arttao.org\/pt\/wp-json\/wp\/v2\/users\/1"}],"replies":[{"embeddable":true,"href":"https:\/\/arttao.org\/pt\/wp-json\/wp\/v2\/comments?post=1251"}],"version-history":[{"count":20,"href":"https:\/\/arttao.org\/pt\/wp-json\/wp\/v2\/pages\/1251\/revisions"}],"predecessor-version":[{"id":8874,"href":"https:\/\/arttao.org\/pt\/wp-json\/wp\/v2\/pages\/1251\/revisions\/8874"}],"wp:attachment":[{"href":"https:\/\/arttao.org\/pt\/wp-json\/wp\/v2\/media?parent=1251"}],"curies":[{"name":"wp","href":"https:\/\/api.w.org\/{rel}","templated":true}]}}