{"id":16363,"date":"2025-12-23T03:16:15","date_gmt":"2025-12-23T03:16:15","guid":{"rendered":"https:\/\/arttao.org\/?page_id=16363"},"modified":"2025-12-23T03:16:15","modified_gmt":"2025-12-23T03:16:15","slug":"sobre-nos-sobre-a-arttao","status":"publish","type":"page","link":"https:\/\/arttao.org\/pt\/%e5%85%b3%e4%ba%8e%e6%88%91%e4%bb%ac%ef%bd%9cabout-arttao\/","title":{"rendered":"Sobre n\u00f3s | Sobre a Arttao"},"content":{"rendered":"<div style=\"max-width: 900px; margin: 0 auto; font-family: Georgia, 'Times New Roman', serif; line-height: 1.9; color: #333; padding: 10px 16px;\">\n<h2 style=\"text-align:center; margin: 8px 0 18px; font-size: 30px; letter-spacing: 0.5px;\"><\/h2>\n<p style=\"margin: 0 0 16px;\">\n    <strong>Arttao.org<\/strong> \u00c9 um <strong>Sa\u00fade mental, arteterapia e apoio assistido por IA<\/strong> Uma plataforma abrangente centrada no [n\u00facleo].<br \/>\n    Nos concentramos naqueles que s\u00e3o facilmente ignorados, incompreendidos ou que n\u00e3o recebem apoio constante na vida real, e estamos comprometidos em fornecer conte\u00fado estruturado e uma abordagem gentil e sustent\u00e1vel.<br \/>\n    Isso ajuda os indiv\u00edduos a compreenderem seu pr\u00f3prio estado psicol\u00f3gico, restaurarem a ordem interior e, gradualmente, estabelecerem um ritmo de vida mais est\u00e1vel.\n  <\/p>\n<h3 style=\"margin: 22px 0 10px; font-size: 20px;\">\n    O que estamos fazendo?<br \/>\n  <\/h3>\n<p style=\"margin: 0 0 12px;\">\n    A Arttao n\u00e3o \u00e9 um simples &quot;site de testes psicol\u00f3gicos&quot;, nem uma plataforma de cursos online isolada. Constru\u00edmos um sistema multifacetado de suporte psicol\u00f3gico e arteterapia, que inclui, entre outros:\n  <\/p>\n<ul style=\"margin: 0 0 16px 20px; padding: 0;\">\n<li style=\"margin: 6px 0;\">Ferramentas sistem\u00e1ticas de avalia\u00e7\u00e3o do estado psicol\u00f3gico e autoconhecimento<\/li>\n<li style=\"margin: 6px 0;\">Cursos de cura a longo prazo que abrangem \u00e1reas como ansiedade, depress\u00e3o, trauma, sono e depend\u00eancia.<\/li>\n<li style=\"margin: 6px 0;\">Conte\u00fado de arteterapia intercultural que combina degusta\u00e7\u00e3o de ch\u00e1, terapia alimentar, caligrafia, pintura, m\u00fasica e contempla\u00e7\u00e3o de mandalas.<\/li>\n<li style=\"margin: 6px 0;\">Companheirismo e orienta\u00e7\u00e3o baseados em intelig\u00eancia artificial, em vez de uma &quot;ferramenta de diagn\u00f3stico&quot; para substituir o atendimento m\u00e9dico profissional.\u201c<\/li>\n<\/ul>\n<p style=\"margin: 0 0 16px;\">\n    Estamos mais preocupados<strong>processo<\/strong>Em vez de &quot;melhoria imediata&quot;, concentre-se em<strong>Compreens\u00e3o e Ajuste<\/strong>Em vez de rotular as conclus\u00f5es.\n  <\/p>\n<h3 style=\"margin: 22px 0 10px; font-size: 20px;\">\n    Como encaramos o apoio psicol\u00f3gico?<br \/>\n  <\/h3>\n<p style=\"margin: 0 0 16px;\">\n    Acreditamos que o sofrimento psicol\u00f3gico n\u00e3o \u00e9 o mesmo que &quot;anormal&quot;; muitas vezes \u00e9 o resultado dos efeitos combinados do estresse prolongado, fatores ambientais, padr\u00f5es de relacionamento e condi\u00e7\u00e3o f\u00edsica.<br \/>\n    Portanto, o conte\u00fado fornecido pela Arttao segue estes princ\u00edpios:\n  <\/p>\n<ul style=\"margin: 0 0 16px 20px; padding: 0;\">\n<li style=\"margin: 6px 0;\">N\u00e3o entre em p\u00e2nico, n\u00e3o exagere os sintomas.<\/li>\n<li style=\"margin: 6px 0;\">N\u00e3o reduza experi\u00eancias complexas a uma \u00fanica conclus\u00e3o.<\/li>\n<li style=\"margin: 6px 0;\">N\u00e3o utilize linguagem emotiva para gerar depend\u00eancia.<\/li>\n<li style=\"margin: 6px 0;\">Respeite os ritmos individuais e permita repeti\u00e7\u00f5es e pausas.<\/li>\n<\/ul>\n<p style=\"margin: 0 0 16px;\">\n    Nesse contexto, o apoio psicol\u00f3gico \u00e9 um elemento fundamental.<strong>Um caminho que pode ser percorrido lentamente.<\/strong>\u3002\n  <\/p>\n<h3 style=\"margin: 22px 0 10px; font-size: 20px;\">\n    A import\u00e2ncia da arteterapia<br \/>\n  <\/h3>\n<p style=\"margin: 0 0 12px;\">\n    A arte n\u00e3o se resume a &quot;qu\u00e3o bem ela \u00e9 expressa&quot;, mas sim a...<strong>Restaurando a percep\u00e7\u00e3o e a conex\u00e3o<\/strong>Na Arttao, a arteterapia n\u00e3o \u00e9 um programa de treinamento de habilidades, mas sim uma pr\u00e1tica di\u00e1ria e acess\u00edvel. Por exemplo:\n  <\/p>\n<ul style=\"margin: 0 0 16px 20px; padding: 0;\">\n<li style=\"margin: 6px 0;\">A mandala n\u00e3o se trata de &quot;desenhar algo&quot;, mas sim de contempl\u00e1-la e de se demorar nela.<\/li>\n<li style=\"margin: 6px 0;\">A caligrafia n\u00e3o se trata de buscar estilo, mas sim de ritmo e respira\u00e7\u00e3o.<\/li>\n<li style=\"margin: 6px 0;\">O consumo de ch\u00e1 e a terapia alimentar n\u00e3o se resumem a receitas misteriosas, mas sim ao ponto de partida para a regula\u00e7\u00e3o do organismo.<\/li>\n<\/ul>\n<p style=\"margin: 0 0 16px;\">\n    Aqui, a arte \u00e9 uma linguagem de ajuste psicol\u00f3gico.\n  <\/p>\n<h3 style=\"margin: 22px 0 10px; font-size: 20px;\">\n    O papel da IA<br \/>\n  <\/h3>\n<p style=\"margin: 0 0 16px;\">\n    Arttao utiliza intelig\u00eancia artificial como...<strong>Ferramentas de suporte<\/strong>A intelig\u00eancia artificial, em vez de ju\u00edzes com autoridade, desempenha um papel crucial em:\n  <\/p>\n<ul style=\"margin: 0 0 16px 20px; padding: 0;\">\n<li style=\"margin: 6px 0;\">Ajuda a organizar pensamentos e sinais emocionais.<\/li>\n<li style=\"margin: 6px 0;\">Proporcione reflex\u00e3o estruturada e orienta\u00e7\u00e3o baseada em problemas.<\/li>\n<li style=\"margin: 6px 0;\">Reduzir as barreiras de acesso ao apoio psicol\u00f3gico.<\/li>\n<\/ul>\n<p style=\"margin: 0 0 16px;\">\n    Todo o conte\u00fado aqui apresentado n\u00e3o se destina a ser um diagn\u00f3stico m\u00e9dico nem um substituto para tratamento profissional. Recomendamos que voc\u00ea procure ajuda de um m\u00e9dico ou profissional de sa\u00fade mental, se necess\u00e1rio.\n  <\/p>\n<h3 style=\"margin: 22px 0 10px; font-size: 20px;\">\n    Nossa vis\u00e3o<br \/>\n  <\/h3>\n<p style=\"margin: 0 0 16px;\">\n    Arttao espera se tornar<strong>Exist\u00eancia a longo prazo, est\u00e1vel e sem estimula\u00e7\u00e3o excessiva.<\/strong>Um espa\u00e7o de apoio psicol\u00f3gico e art\u00edstico \u2014 um lugar para onde voc\u00ea pode voltar sempre que precisar, sem ter que se apresentar ou &quot;relatar seu progresso&quot;.\n  <\/p>\n<p style=\"margin: 0 0 6px;\">\n    Se voc\u00ea est\u00e1 procurando uma plataforma que n\u00e3o se apresse em definir ou consertar voc\u00ea,\n  <\/p>\n<p style=\"margin: 0 0 6px;\">\n    Ent\u00e3o talvez este seja um lugar onde voc\u00ea possa ficar por um tempo.\n  <\/p>\n<hr style=\"border: none; border-top: 1px solid #e6e6e6; margin: 22px 0;\" \/>\n<p style=\"margin: 0; font-size: 13px; color: #666;\">\n    Aviso: O conte\u00fado fornecido por Arttao.org destina-se apenas \u00e0 educa\u00e7\u00e3o psicol\u00f3gica e como refer\u00eancia para autoajuda, e n\u00e3o constitui aconselhamento ou diagn\u00f3stico m\u00e9dico. Em caso de emerg\u00eancia ou risco de autoles\u00e3o, entre em contato imediatamente com os servi\u00e7os de emerg\u00eancia locais ou com uma organiza\u00e7\u00e3o profissional.\n  <\/p>\n<\/div>","protected":false},"excerpt":{"rendered":"<p>Arttao.org \u662f\u4e00\u4e2a\u4ee5 \u5fc3\u7406\u5065\u5eb7\u3001\u827a\u672f\u7597\u6108\u4e0e\u4eba\u5de5\u667a\u80fd\u8f85\u52a9\u652f\u6301 \u4e3a\u6838\u5fc3\u7684\u7efc\u5408\u6027\u5e73\u53f0\u3002 \u6211\u4eec\u5173\u6ce8\u90a3\u4e9b\u5728\u73b0\u5b9e [&hellip;]<\/p>\n","protected":false},"author":1,"featured_media":0,"parent":0,"menu_order":0,"comment_status":"closed","ping_status":"closed","template":"","meta":{"nf_dc_page":"","om_disable_all_campaigns":false,"_monsterinsights_skip_tracking":false,"_monsterinsights_sitenote_active":false,"_monsterinsights_sitenote_note":"","_monsterinsights_sitenote_category":0,"footnotes":""},"class_list":["post-16363","page","type-page","status-publish","hentry"],"_links":{"self":[{"href":"https:\/\/arttao.org\/pt\/wp-json\/wp\/v2\/pages\/16363","targetHints":{"allow":["GET"]}}],"collection":[{"href":"https:\/\/arttao.org\/pt\/wp-json\/wp\/v2\/pages"}],"about":[{"href":"https:\/\/arttao.org\/pt\/wp-json\/wp\/v2\/types\/page"}],"author":[{"embeddable":true,"href":"https:\/\/arttao.org\/pt\/wp-json\/wp\/v2\/users\/1"}],"replies":[{"embeddable":true,"href":"https:\/\/arttao.org\/pt\/wp-json\/wp\/v2\/comments?post=16363"}],"version-history":[{"count":1,"href":"https:\/\/arttao.org\/pt\/wp-json\/wp\/v2\/pages\/16363\/revisions"}],"predecessor-version":[{"id":16364,"href":"https:\/\/arttao.org\/pt\/wp-json\/wp\/v2\/pages\/16363\/revisions\/16364"}],"wp:attachment":[{"href":"https:\/\/arttao.org\/pt\/wp-json\/wp\/v2\/media?parent=16363"}],"curies":[{"name":"wp","href":"https:\/\/api.w.org\/{rel}","templated":true}]}}