{"id":491,"date":"2025-03-24T19:09:00","date_gmt":"2025-03-24T19:09:00","guid":{"rendered":"https:\/\/arttao.org\/?page_id=491"},"modified":"2025-11-12T06:48:28","modified_gmt":"2025-11-12T06:48:28","slug":"7-problemas-com-substancias-e-dependencia","status":"publish","type":"page","link":"https:\/\/arttao.org\/pt\/%e4%b8%83-%e4%be%9d%e8%b5%96%e4%b8%8e%e6%88%90%e7%98%be%e9%97%ae%e9%a2%98%ef%bc%88substance-and-addiction-issues%ef%bc%89\/","title":{"rendered":"G. Problemas de Depend\u00eancia e V\u00edcio - Curso"},"content":{"rendered":"<p class=\"\"><\/p>\n\n\n\n<p class=\"\">G. <strong>Problemas de depend\u00eancia e v\u00edcio<\/strong><\/p>\n\n\n\n<p class=\"\">&nbsp;&nbsp;<\/p>\n\n\n\n<figure class=\"wp-block-image size-large is-resized\"><img loading=\"lazy\" decoding=\"async\" width=\"1024\" height=\"923\" src=\"https:\/\/arttao.org\/wp-content\/uploads\/2025\/05\/EaI\u00bcIo_601335144_\u00a8\u00b6aOD\u00b5A\u00bfE\u00b0\u00aeA\u00aeo\u00a2\u00b7CAEoO\u00b5EIOA22-1024x923.jpg\" alt=\"\" class=\"wp-image-2962\" style=\"width:60px;height:auto\" srcset=\"https:\/\/arttao.org\/wp-content\/uploads\/2025\/05\/EaI\u00bcIo_601335144_\u00a8\u00b6aOD\u00b5A\u00bfE\u00b0\u00aeA\u00aeo\u00a2\u00b7CAEoO\u00b5EIOA22-1024x923.jpg 1024w, https:\/\/arttao.org\/wp-content\/uploads\/2025\/05\/EaI\u00bcIo_601335144_\u00a8\u00b6aOD\u00b5A\u00bfE\u00b0\u00aeA\u00aeo\u00a2\u00b7CAEoO\u00b5EIOA22-300x270.jpg 300w, https:\/\/arttao.org\/wp-content\/uploads\/2025\/05\/EaI\u00bcIo_601335144_\u00a8\u00b6aOD\u00b5A\u00bfE\u00b0\u00aeA\u00aeo\u00a2\u00b7CAEoO\u00b5EIOA22-768x692.jpg 768w, https:\/\/arttao.org\/wp-content\/uploads\/2025\/05\/EaI\u00bcIo_601335144_\u00a8\u00b6aOD\u00b5A\u00bfE\u00b0\u00aeA\u00aeo\u00a2\u00b7CAEoO\u00b5EIOA22-1536x1384.jpg 1536w, https:\/\/arttao.org\/wp-content\/uploads\/2025\/05\/EaI\u00bcIo_601335144_\u00a8\u00b6aOD\u00b5A\u00bfE\u00b0\u00aeA\u00aeo\u00a2\u00b7CAEoO\u00b5EIOA22-2048x1846.jpg 2048w\" sizes=\"auto, (max-width: 1024px) 100vw, 1024px\" \/><\/figure>\n\n\n\n<p class=\"\"><a href=\"https:\/\/arttao.org\/pt\/%e7%ac%ac%e5%9b%9b%e5%8d%81%e4%ba%8c%e8%af%be%ef%bc%9a%e9%85%92%e7%b2%be%e4%bd%bf%e7%94%a8%e9%9a%9c%e7%a2%8d%ef%bc%88%e7%ac%ac1521%ef%bd%9e1540%e8%af%be%ef%bc%89\/\" data-type=\"page\" data-id=\"12674\">Li\u00e7\u00e3o 42:<strong>transtorno por uso de \u00e1lcool<\/strong>(Li\u00e7\u00f5es 1521-1540)<\/a><\/p>\n\n\n\n<p class=\"has-small-font-size\">O transtorno por uso de \u00e1lcool \u00e9 caracterizado pelo consumo persistente, dificuldade na abstin\u00eancia e diminui\u00e7\u00e3o do autocontrole, tornando dif\u00edcil a interrup\u00e7\u00e3o do consumo, apesar do impacto na sa\u00fade e na vida di\u00e1ria. Este curso analisar\u00e1 os mecanismos de depend\u00eancia, os fatores desencadeantes e os equ\u00edvocos sociais para ajudar a compreender como o \u00e1lcool se torna uma ferramenta de &quot;autoanestesia&quot;, al\u00e9m de fornecer estrat\u00e9gias de adapta\u00e7\u00e3o psicol\u00f3gica e apoio durante a abstin\u00eancia.<\/p>\n\n\n\n<figure class=\"wp-block-image size-large is-resized\"><img loading=\"lazy\" decoding=\"async\" width=\"1024\" height=\"923\" src=\"https:\/\/arttao.org\/wp-content\/uploads\/2025\/05\/EaI\u00bcIo_601335144_\u00a8\u00b6aOD\u00b5A\u00bfE\u00b0\u00aeA\u00aeo\u00a2\u00b7CAEoO\u00b5EIOA22-1024x923.jpg\" alt=\"\" class=\"wp-image-2962\" style=\"width:59px;height:auto\" srcset=\"https:\/\/arttao.org\/wp-content\/uploads\/2025\/05\/EaI\u00bcIo_601335144_\u00a8\u00b6aOD\u00b5A\u00bfE\u00b0\u00aeA\u00aeo\u00a2\u00b7CAEoO\u00b5EIOA22-1024x923.jpg 1024w, https:\/\/arttao.org\/wp-content\/uploads\/2025\/05\/EaI\u00bcIo_601335144_\u00a8\u00b6aOD\u00b5A\u00bfE\u00b0\u00aeA\u00aeo\u00a2\u00b7CAEoO\u00b5EIOA22-300x270.jpg 300w, https:\/\/arttao.org\/wp-content\/uploads\/2025\/05\/EaI\u00bcIo_601335144_\u00a8\u00b6aOD\u00b5A\u00bfE\u00b0\u00aeA\u00aeo\u00a2\u00b7CAEoO\u00b5EIOA22-768x692.jpg 768w, https:\/\/arttao.org\/wp-content\/uploads\/2025\/05\/EaI\u00bcIo_601335144_\u00a8\u00b6aOD\u00b5A\u00bfE\u00b0\u00aeA\u00aeo\u00a2\u00b7CAEoO\u00b5EIOA22-1536x1384.jpg 1536w, https:\/\/arttao.org\/wp-content\/uploads\/2025\/05\/EaI\u00bcIo_601335144_\u00a8\u00b6aOD\u00b5A\u00bfE\u00b0\u00aeA\u00aeo\u00a2\u00b7CAEoO\u00b5EIOA22-2048x1846.jpg 2048w\" sizes=\"auto, (max-width: 1024px) 100vw, 1024px\" \/><\/figure>\n\n\n\n<p class=\"\"><a href=\"https:\/\/arttao.org\/pt\/%e7%ac%ac%e5%9b%9b%e5%8d%81%e4%b8%89%e8%af%be%ef%bc%9a%e7%89%a9%e8%b4%a8%e4%bd%bf%e7%94%a8%e9%9a%9c%e7%a2%8d%ef%bc%88%e7%ac%ac1541%ef%bd%9e1560%e8%af%be%ef%bc%89\/\" data-type=\"page\" data-id=\"12676\">Li\u00e7\u00e3o 43:<strong>Transtorno por uso de subst\u00e2ncias \u2013 (ex.: drogas, tranquilizantes)<\/strong>(Li\u00e7\u00f5es 1541-1560)<\/a>\uff09<\/p>\n\n\n\n<p class=\"has-small-font-size\">Este curso aborda os problemas psicol\u00f3gicos e comportamentais causados pelo abuso de subst\u00e2ncias, incluindo drogas, medicamentos prescritos e tranquilizantes. Os transtornos por uso de subst\u00e2ncias n\u00e3o apenas prejudicam o corpo, mas tamb\u00e9m afetam profundamente as fun\u00e7\u00f5es emocionais e cognitivas. O curso ajudar\u00e1 a identificar os ciclos de depend\u00eancia, os padr\u00f5es de gatilho e os mecanismos psicol\u00f3gicos de substitui\u00e7\u00e3o, complementados por apoio \u00e0 reabilita\u00e7\u00e3o e treinamento em preven\u00e7\u00e3o de reca\u00eddas.<\/p>\n\n\n\n<figure class=\"wp-block-image size-large is-resized\"><img loading=\"lazy\" decoding=\"async\" width=\"1024\" height=\"923\" src=\"https:\/\/arttao.org\/wp-content\/uploads\/2025\/05\/EaI\u00bcIo_601335144_\u00a8\u00b6aOD\u00b5A\u00bfE\u00b0\u00aeA\u00aeo\u00a2\u00b7CAEoO\u00b5EIOA22-1024x923.jpg\" alt=\"\" class=\"wp-image-2962\" style=\"width:62px;height:auto\" srcset=\"https:\/\/arttao.org\/wp-content\/uploads\/2025\/05\/EaI\u00bcIo_601335144_\u00a8\u00b6aOD\u00b5A\u00bfE\u00b0\u00aeA\u00aeo\u00a2\u00b7CAEoO\u00b5EIOA22-1024x923.jpg 1024w, https:\/\/arttao.org\/wp-content\/uploads\/2025\/05\/EaI\u00bcIo_601335144_\u00a8\u00b6aOD\u00b5A\u00bfE\u00b0\u00aeA\u00aeo\u00a2\u00b7CAEoO\u00b5EIOA22-300x270.jpg 300w, https:\/\/arttao.org\/wp-content\/uploads\/2025\/05\/EaI\u00bcIo_601335144_\u00a8\u00b6aOD\u00b5A\u00bfE\u00b0\u00aeA\u00aeo\u00a2\u00b7CAEoO\u00b5EIOA22-768x692.jpg 768w, https:\/\/arttao.org\/wp-content\/uploads\/2025\/05\/EaI\u00bcIo_601335144_\u00a8\u00b6aOD\u00b5A\u00bfE\u00b0\u00aeA\u00aeo\u00a2\u00b7CAEoO\u00b5EIOA22-1536x1384.jpg 1536w, https:\/\/arttao.org\/wp-content\/uploads\/2025\/05\/EaI\u00bcIo_601335144_\u00a8\u00b6aOD\u00b5A\u00bfE\u00b0\u00aeA\u00aeo\u00a2\u00b7CAEoO\u00b5EIOA22-2048x1846.jpg 2048w\" sizes=\"auto, (max-width: 1024px) 100vw, 1024px\" \/><\/figure>\n\n\n\n<p class=\"\"><a href=\"https:\/\/arttao.org\/pt\/%e7%ac%ac%e5%9b%9b%e5%8d%81%e5%9b%9b%e8%af%be%ef%bc%9a%e8%b5%8c%e5%8d%9a%e9%9a%9c%e7%a2%8d%ef%bc%88%e7%ac%ac1561%ef%bd%9e1580%e8%af%be%ef%bc%89\/\" data-type=\"page\" data-id=\"12678\">Li\u00e7\u00e3o 44:<strong>Transtorno do jogo<\/strong>(Li\u00e7\u00f5es 1561-1580)<\/a><\/p>\n\n\n\n<p class=\"has-small-font-size\">O transtorno do jogo \u00e9 uma depend\u00eancia n\u00e3o relacionada a subst\u00e2ncias, caracterizada por um impulso incontrol\u00e1vel de jogar, dif\u00edcil de interromper apesar das graves consequ\u00eancias econ\u00f4micas, interpessoais ou emocionais. Este curso explorar\u00e1 a disfun\u00e7\u00e3o na tomada de decis\u00f5es de risco, os mecanismos de recompensa do c\u00e9rebro e os fatores de evita\u00e7\u00e3o emocional, fornecendo caminhos para interven\u00e7\u00e3o cognitiva, restri\u00e7\u00e3o comportamental e mudan\u00e7a de apoio.<\/p>\n\n\n\n<figure class=\"wp-block-image size-large is-resized\"><img loading=\"lazy\" decoding=\"async\" width=\"1024\" height=\"923\" src=\"https:\/\/arttao.org\/wp-content\/uploads\/2025\/05\/EaI\u00bcIo_601335144_\u00a8\u00b6aOD\u00b5A\u00bfE\u00b0\u00aeA\u00aeo\u00a2\u00b7CAEoO\u00b5EIOA22-1024x923.jpg\" alt=\"\" class=\"wp-image-2962\" style=\"width:65px;height:auto\" srcset=\"https:\/\/arttao.org\/wp-content\/uploads\/2025\/05\/EaI\u00bcIo_601335144_\u00a8\u00b6aOD\u00b5A\u00bfE\u00b0\u00aeA\u00aeo\u00a2\u00b7CAEoO\u00b5EIOA22-1024x923.jpg 1024w, https:\/\/arttao.org\/wp-content\/uploads\/2025\/05\/EaI\u00bcIo_601335144_\u00a8\u00b6aOD\u00b5A\u00bfE\u00b0\u00aeA\u00aeo\u00a2\u00b7CAEoO\u00b5EIOA22-300x270.jpg 300w, https:\/\/arttao.org\/wp-content\/uploads\/2025\/05\/EaI\u00bcIo_601335144_\u00a8\u00b6aOD\u00b5A\u00bfE\u00b0\u00aeA\u00aeo\u00a2\u00b7CAEoO\u00b5EIOA22-768x692.jpg 768w, https:\/\/arttao.org\/wp-content\/uploads\/2025\/05\/EaI\u00bcIo_601335144_\u00a8\u00b6aOD\u00b5A\u00bfE\u00b0\u00aeA\u00aeo\u00a2\u00b7CAEoO\u00b5EIOA22-1536x1384.jpg 1536w, https:\/\/arttao.org\/wp-content\/uploads\/2025\/05\/EaI\u00bcIo_601335144_\u00a8\u00b6aOD\u00b5A\u00bfE\u00b0\u00aeA\u00aeo\u00a2\u00b7CAEoO\u00b5EIOA22-2048x1846.jpg 2048w\" sizes=\"auto, (max-width: 1024px) 100vw, 1024px\" \/><\/figure>\n\n\n\n<p class=\"\"><a href=\"https:\/\/arttao.org\/pt\/%e7%ac%ac%e5%9b%9b%e5%8d%81%e4%ba%94%e8%af%be%ef%bc%9a%e7%bd%91%e7%bb%9c%e6%88%90%e7%98%be%ef%bc%88%e7%ac%ac1581%ef%bd%9e1600%e8%af%be%ef%bc%89\/\" data-type=\"page\" data-id=\"12680\">Li\u00e7\u00e3o 45:<strong>V\u00edcio em internet \u2013 depend\u00eancia da internet ou de jogos.<\/strong>(Li\u00e7\u00f5es 1581-1600)<\/a>\u00a0<\/p>\n\n\n\n<p class=\"has-small-font-size\">O v\u00edcio em internet frequentemente se manifesta como imers\u00e3o excessiva em jogos, redes sociais ou v\u00eddeos curtos, dificuldade em autocontrole, escapismo e \u00e9 acompanhado por ansiedade, desaten\u00e7\u00e3o e dist\u00farbios do sono. Este curso analisar\u00e1 os mecanismos de estimula\u00e7\u00e3o da internet no sistema de recompensa do c\u00e9rebro, ajudar\u00e1 a reconstruir o ritmo, a autodisciplina e o senso de conex\u00e3o com a realidade, al\u00e9m de fornecer alternativas comportamentais e m\u00e9todos de desintoxica\u00e7\u00e3o digital.<\/p>","protected":false},"excerpt":{"rendered":"<p>G. \u4f9d\u8d56\u4e0e\u6210\u763e\u95ee\u9898 &nbsp;&nbsp; \u7b2c\u56db\u5341\u4e8c\u8bfe\uff1a\u9152\u7cbe\u4f7f\u7528\u969c\u788d\uff08\u7b2c1521\uff5e1540\u8bfe\uff09 \u9152\u7cbe\u4f7f\u7528\u969c [&hellip;]<\/p>\n","protected":false},"author":1,"featured_media":0,"parent":0,"menu_order":0,"comment_status":"closed","ping_status":"closed","template":"","meta":{"nf_dc_page":"","om_disable_all_campaigns":false,"_monsterinsights_skip_tracking":false,"_monsterinsights_sitenote_active":false,"_monsterinsights_sitenote_note":"","_monsterinsights_sitenote_category":0,"footnotes":""},"class_list":["post-491","page","type-page","status-publish","hentry"],"_links":{"self":[{"href":"https:\/\/arttao.org\/pt\/wp-json\/wp\/v2\/pages\/491","targetHints":{"allow":["GET"]}}],"collection":[{"href":"https:\/\/arttao.org\/pt\/wp-json\/wp\/v2\/pages"}],"about":[{"href":"https:\/\/arttao.org\/pt\/wp-json\/wp\/v2\/types\/page"}],"author":[{"embeddable":true,"href":"https:\/\/arttao.org\/pt\/wp-json\/wp\/v2\/users\/1"}],"replies":[{"embeddable":true,"href":"https:\/\/arttao.org\/pt\/wp-json\/wp\/v2\/comments?post=491"}],"version-history":[{"count":14,"href":"https:\/\/arttao.org\/pt\/wp-json\/wp\/v2\/pages\/491\/revisions"}],"predecessor-version":[{"id":12686,"href":"https:\/\/arttao.org\/pt\/wp-json\/wp\/v2\/pages\/491\/revisions\/12686"}],"wp:attachment":[{"href":"https:\/\/arttao.org\/pt\/wp-json\/wp\/v2\/media?parent=491"}],"curies":[{"name":"wp","href":"https:\/\/api.w.org\/{rel}","templated":true}]}}