{"id":6864,"date":"2025-06-28T06:05:33","date_gmt":"2025-06-28T06:05:33","guid":{"rendered":"https:\/\/arttao.org\/?page_id=6864"},"modified":"2025-07-25T19:16:17","modified_gmt":"2025-07-25T19:16:17","slug":"b-%e8%8b%8f%e6%a0%bc%e6%8b%89%e5%ba%95%e9%97%ae%e7%ad%94-%e6%8a%91%e9%83%81%e7%9b%b8%e5%85%b3%e9%97%ae%e9%a2%98%e6%b5%8b%e8%af%95","status":"publish","type":"page","link":"https:\/\/arttao.org\/pt\/b-%e8%8b%8f%e6%a0%bc%e6%8b%89%e5%ba%95%e9%97%ae%e7%ad%94-%e6%8a%91%e9%83%81%e7%9b%b8%e5%85%b3%e9%97%ae%e9%a2%98%e6%b5%8b%e8%af%95\/","title":{"rendered":"B. \u82cf\u683c\u62c9\u5e95\u95ee\u7b54-\u6291\u90c1\u76f8\u5173\u95ee\u9898\u6d4b\u8bd5"},"content":{"rendered":"<p class=\"\"><\/p>\n\n\n\n<figure class=\"wp-block-image size-large is-resized\"><img loading=\"lazy\" decoding=\"async\" width=\"927\" height=\"1024\" src=\"https:\/\/arttao.org\/wp-content\/uploads\/2025\/05\/EaI\u00bcIo_601794473_\u00a8\u00b7\u00a2EUA\u00aeD\u00a4In\u00b7CAEoO\u00b5EIOA2-927x1024.jpg\" alt=\"\" class=\"wp-image-3663\" style=\"width:56px;height:auto\" srcset=\"https:\/\/arttao.org\/wp-content\/uploads\/2025\/05\/EaI\u00bcIo_601794473_\u00a8\u00b7\u00a2EUA\u00aeD\u00a4In\u00b7CAEoO\u00b5EIOA2-927x1024.jpg 927w, https:\/\/arttao.org\/wp-content\/uploads\/2025\/05\/EaI\u00bcIo_601794473_\u00a8\u00b7\u00a2EUA\u00aeD\u00a4In\u00b7CAEoO\u00b5EIOA2-272x300.jpg 272w, https:\/\/arttao.org\/wp-content\/uploads\/2025\/05\/EaI\u00bcIo_601794473_\u00a8\u00b7\u00a2EUA\u00aeD\u00a4In\u00b7CAEoO\u00b5EIOA2-768x848.jpg 768w, https:\/\/arttao.org\/wp-content\/uploads\/2025\/05\/EaI\u00bcIo_601794473_\u00a8\u00b7\u00a2EUA\u00aeD\u00a4In\u00b7CAEoO\u00b5EIOA2-1391x1536.jpg 1391w, https:\/\/arttao.org\/wp-content\/uploads\/2025\/05\/EaI\u00bcIo_601794473_\u00a8\u00b7\u00a2EUA\u00aeD\u00a4In\u00b7CAEoO\u00b5EIOA2-1855x2048.jpg 1855w\" sizes=\"auto, (max-width: 927px) 100vw, 927px\" \/><\/figure>\n\n\n\n<p class=\"\"><a href=\"https:\/\/arttao.org\/pt\/b-%e4%bb%80%e4%b9%88%e6%98%af%e6%8a%91%e9%83%81%e7%9b%b8%e5%85%b3%e9%97%ae%e9%a2%98%ef%bc%9f\/\" data-type=\"page\" data-id=\"6936\">B. <strong>\u4ec0\u4e48\u662f\u6291\u90c1\u76f8\u5173\u95ee\u9898\uff1f<\/strong><\/a><\/p>\n\n\n\n<p class=\"has-small-font-size\">\u5728\u5fc3\u7406\u6d4b\u8bd5\u524d\uff0c\u7406\u89e3\u201c\u4ec0\u4e48\u662f\u6291\u90c1\u76f8\u5173\u95ee\u9898\u201d\u5177\u6709\u5173\u952e\u610f\u4e49\u3002\u5f88\u591a\u4eba\u5c06\u6291\u90c1\u8bef\u89e3\u4e3a\u4e00\u65f6\u7684\u4e0d\u5f00\u5fc3\u6216\u60c5\u7eea\u4f4e\u843d\uff0c\u7136\u800c\u6291\u90c1\u969c\u788d\u8fdc\u4e0d\u6b62\u5982\u6b64\u3002\u5b83\u53ef\u80fd\u8868\u73b0\u4e3a\u6301\u7eed\u7684\u60b2\u89c2\u3001\u5174\u8da3\u4e27\u5931\u3001\u7cbe\u529b\u4e0b\u964d\u3001\u65e0\u671b\u611f\uff0c\u751a\u81f3\u4f34\u968f\u7761\u7720\u969c\u788d\u3001\u98df\u6b32\u53d8\u5316\u3001\u81ea\u6211\u5426\u5b9a\u7b49\u75c7\u72b6\u3002\u82e5\u4e0d\u4e86\u89e3\u8fd9\u4e9b\u6838\u5fc3\u7279\u5f81\uff0c\u5728\u6d4b\u8bd5\u65f6\u5f80\u5f80\u4f1a\u5ffd\u7565\u81ea\u8eab\u5df2\u51fa\u73b0\u7684\u95ee\u9898\uff0c\u6216\u5c06\u5176\u5f52\u548e\u4e8e\u751f\u6d3b\u538b\u529b\u3001\u75b2\u52b3\u3001\u4e2a\u6027\u95ee\u9898\uff0c\u4ece\u800c\u9519\u5931\u6b63\u786e\u5224\u65ad\u4e0e\u6c42\u52a9\u7684\u673a\u4f1a\u3002<\/p>\n\n\n\n<p class=\"has-small-font-size\">\u6b64\u5916\uff0c\u4e0d\u540c\u7c7b\u578b\u7684\u6291\u90c1\u95ee\u9898\uff0c\u5982\u91cd\u6027\u6291\u90c1\u3001\u6301\u7eed\u6027\u6291\u90c1\u3001\u5b63\u8282\u6027\u6291\u90c1\u3001\u4ea7\u540e\u6291\u90c1\u7b49\uff0c\u5728\u8868\u73b0\u5f62\u5f0f\u4e0e\u5e72\u6270\u7a0b\u5ea6\u4e0a\u6709\u6240\u5dee\u5f02\u3002\u5982\u679c\u5bf9\u8fd9\u4e9b\u7c7b\u578b\u6ca1\u6709\u57fa\u672c\u4e86\u89e3\uff0c\u6d4b\u8bd5\u7ed3\u679c\u5c31\u5bb9\u6613\u6d41\u4e8e\u8868\u9762\uff0c\u4e0d\u80fd\u6df1\u5165\u63ed\u793a\u771f\u6b63\u7684\u95ee\u9898\u6240\u5728\u3002\u66f4\u91cd\u8981\u7684\u662f\uff0c\u4e86\u89e3\u6291\u90c1\u5e76\u4e0d\u662f\u5f31\u70b9\u6216\u5931\u8d25\uff0c\u800c\u662f\u4e00\u79cd\u53ef\u4ee5\u88ab\u8bc6\u522b\u3001\u652f\u6301\u4e0e\u7597\u6108\u7684\u5fc3\u7406\u72b6\u6001\uff0c\u80fd\u5e2e\u52a9\u4e2a\u4f53\u5728\u6d4b\u8bd5\u8fc7\u7a0b\u4e2d\u4fdd\u6301\u66f4\u5f00\u653e\u3001\u66f4\u63a5\u7eb3\u7684\u5fc3\u6001\u3002<\/p>\n\n\n\n<p class=\"has-small-font-size\">\u56e0\u6b64\uff0c\u6d4b\u8bd5\u524d\u7684\u77e5\u8bc6\u51c6\u5907\u4e0d\u4ec5\u63d0\u5347\u8bc4\u4f30\u7684\u51c6\u786e\u6027\uff0c\u4e5f\u589e\u5f3a\u4e86\u5bf9\u81ea\u6211\u5fc3\u7406\u73b0\u8c61\u7684\u7406\u89e3\u529b\uff0c\u4f7f\u5fc3\u7406\u63a2\u7d22\u66f4\u52a0\u6709\u610f\u8bc6\u3001\u6709\u529b\u91cf\u3002<\/p>\n\n\n\n<p class=\"has-small-font-size\"><\/p>\n\n\n\n<figure class=\"wp-block-image size-large is-resized\"><img loading=\"lazy\" decoding=\"async\" width=\"927\" height=\"1024\" src=\"https:\/\/arttao.org\/wp-content\/uploads\/2025\/05\/EaI\u00bcIo_601794473_\u00a8\u00b7\u00a2EUA\u00aeD\u00a4In\u00b7CAEoO\u00b5EIOA2-927x1024.jpg\" alt=\"\" class=\"wp-image-3663\" style=\"width:55px;height:auto\" srcset=\"https:\/\/arttao.org\/wp-content\/uploads\/2025\/05\/EaI\u00bcIo_601794473_\u00a8\u00b7\u00a2EUA\u00aeD\u00a4In\u00b7CAEoO\u00b5EIOA2-927x1024.jpg 927w, https:\/\/arttao.org\/wp-content\/uploads\/2025\/05\/EaI\u00bcIo_601794473_\u00a8\u00b7\u00a2EUA\u00aeD\u00a4In\u00b7CAEoO\u00b5EIOA2-272x300.jpg 272w, https:\/\/arttao.org\/wp-content\/uploads\/2025\/05\/EaI\u00bcIo_601794473_\u00a8\u00b7\u00a2EUA\u00aeD\u00a4In\u00b7CAEoO\u00b5EIOA2-768x848.jpg 768w, https:\/\/arttao.org\/wp-content\/uploads\/2025\/05\/EaI\u00bcIo_601794473_\u00a8\u00b7\u00a2EUA\u00aeD\u00a4In\u00b7CAEoO\u00b5EIOA2-1391x1536.jpg 1391w, https:\/\/arttao.org\/wp-content\/uploads\/2025\/05\/EaI\u00bcIo_601794473_\u00a8\u00b7\u00a2EUA\u00aeD\u00a4In\u00b7CAEoO\u00b5EIOA2-1855x2048.jpg 1855w\" sizes=\"auto, (max-width: 927px) 100vw, 927px\" \/><\/figure>\n\n\n\n<p class=\"\"><a href=\"https:\/\/arttao.org\/pt\/%e4%ba%8c-%e6%8a%91%e9%83%81%e7%9b%b8%e5%85%b3%e9%97%ae%e9%a2%98-2\/\" data-type=\"page\" data-id=\"1476\">B. <strong>\u6291\u90c1\u76f8\u5173\u95ee\u9898\u6d4b\u8bd5s <\/strong><\/a><\/p>\n\n\n\n<p class=\"has-small-font-size\">A depress\u00e3o \u00e9 um transtorno mental caracterizado por humor persistentemente baixo. Os sintomas comuns incluem tristeza persistente, perda de interesse em atividades di\u00e1rias, autodeprecia\u00e7\u00e3o, fadiga, dificuldade de concentra\u00e7\u00e3o e at\u00e9 mesmo sentimentos de desesperan\u00e7a e pensamentos suicidas. Casos graves podem ser acompanhados por altera\u00e7\u00f5es no apetite ou peso, problemas de sono, entorpecimento emocional e dor f\u00edsica. A depress\u00e3o n\u00e3o \u00e9 um estado de humor passageiro, mas sim um estado mental que dura mais de duas semanas e impacta significativamente o funcionamento da pessoa. Pode ter origem em fatores gen\u00e9ticos, traumas de vida, isolamento social ou estresse prolongado. A depress\u00e3o de longa dura\u00e7\u00e3o tamb\u00e9m pode levar a um decl\u00ednio no funcionamento social, aliena\u00e7\u00e3o interpessoal e perda de sentido na vida. A express\u00e3o oportuna das emo\u00e7\u00f5es e a interven\u00e7\u00e3o profissional s\u00e3o cruciais.<\/p>\n\n\n\n<p class=\"\"><\/p>","protected":false},"excerpt":{"rendered":"<p>B. \u4ec0\u4e48\u662f\u6291\u90c1\u76f8\u5173\u95ee\u9898\uff1f \u5728\u5fc3\u7406\u6d4b\u8bd5\u524d\uff0c\u7406\u89e3\u201c\u4ec0\u4e48\u662f\u6291\u90c1\u76f8\u5173\u95ee\u9898\u201d\u5177\u6709\u5173\u952e\u610f\u4e49\u3002\u5f88\u591a\u4eba\u5c06\u6291\u90c1\u8bef\u89e3\u4e3a\u4e00\u65f6\u7684\u4e0d\u5f00 [&hellip;]<\/p>\n","protected":false},"author":1,"featured_media":0,"parent":0,"menu_order":0,"comment_status":"closed","ping_status":"closed","template":"","meta":{"nf_dc_page":"","om_disable_all_campaigns":false,"_monsterinsights_skip_tracking":false,"_monsterinsights_sitenote_active":false,"_monsterinsights_sitenote_note":"","_monsterinsights_sitenote_category":0,"footnotes":""},"class_list":["post-6864","page","type-page","status-publish","hentry"],"_links":{"self":[{"href":"https:\/\/arttao.org\/pt\/wp-json\/wp\/v2\/pages\/6864","targetHints":{"allow":["GET"]}}],"collection":[{"href":"https:\/\/arttao.org\/pt\/wp-json\/wp\/v2\/pages"}],"about":[{"href":"https:\/\/arttao.org\/pt\/wp-json\/wp\/v2\/types\/page"}],"author":[{"embeddable":true,"href":"https:\/\/arttao.org\/pt\/wp-json\/wp\/v2\/users\/1"}],"replies":[{"embeddable":true,"href":"https:\/\/arttao.org\/pt\/wp-json\/wp\/v2\/comments?post=6864"}],"version-history":[{"count":6,"href":"https:\/\/arttao.org\/pt\/wp-json\/wp\/v2\/pages\/6864\/revisions"}],"predecessor-version":[{"id":8185,"href":"https:\/\/arttao.org\/pt\/wp-json\/wp\/v2\/pages\/6864\/revisions\/8185"}],"wp:attachment":[{"href":"https:\/\/arttao.org\/pt\/wp-json\/wp\/v2\/media?parent=6864"}],"curies":[{"name":"wp","href":"https:\/\/api.w.org\/{rel}","templated":true}]}}