{"id":7618,"date":"2025-07-06T22:10:23","date_gmt":"2025-07-06T22:10:23","guid":{"rendered":"https:\/\/arttao.org\/?page_id=7618"},"modified":"2025-11-23T07:19:23","modified_gmt":"2025-11-23T07:19:23","slug":"d-curso-sobre-trauma-e-estresse","status":"publish","type":"page","link":"https:\/\/arttao.org\/pt\/d-%e5%88%9b%e4%bc%a4%e4%b8%8e%e5%ba%94%e6%bf%80%e9%97%ae%e9%a2%98-%e8%af%be%e7%a8%8b\/","title":{"rendered":"D. Quest\u00f5es de Trauma e Estresse - Curso"},"content":{"rendered":"<p class=\"\"><\/p>\n\n\n\n<p class=\"\"><\/p>\n\n\n\n<figure class=\"wp-block-image size-large is-resized\"><img loading=\"lazy\" decoding=\"async\" width=\"1011\" height=\"1024\" src=\"https:\/\/arttao.org\/wp-content\/uploads\/2025\/07\/EaI\u00bcIo_601794473_\u00a8\u00b7\u00a2EUA\u00aeD\u00a4In\u00b7CAEoO\u00b5EIOA1-1011x1024.jpg\" alt=\"\" class=\"wp-image-7624\" style=\"width:67px;height:auto\" srcset=\"https:\/\/arttao.org\/wp-content\/uploads\/2025\/07\/EaI\u00bcIo_601794473_\u00a8\u00b7\u00a2EUA\u00aeD\u00a4In\u00b7CAEoO\u00b5EIOA1-1011x1024.jpg 1011w, https:\/\/arttao.org\/wp-content\/uploads\/2025\/07\/EaI\u00bcIo_601794473_\u00a8\u00b7\u00a2EUA\u00aeD\u00a4In\u00b7CAEoO\u00b5EIOA1-296x300.jpg 296w, https:\/\/arttao.org\/wp-content\/uploads\/2025\/07\/EaI\u00bcIo_601794473_\u00a8\u00b7\u00a2EUA\u00aeD\u00a4In\u00b7CAEoO\u00b5EIOA1-768x778.jpg 768w, https:\/\/arttao.org\/wp-content\/uploads\/2025\/07\/EaI\u00bcIo_601794473_\u00a8\u00b7\u00a2EUA\u00aeD\u00a4In\u00b7CAEoO\u00b5EIOA1-1516x1536.jpg 1516w, https:\/\/arttao.org\/wp-content\/uploads\/2025\/07\/EaI\u00bcIo_601794473_\u00a8\u00b7\u00a2EUA\u00aeD\u00a4In\u00b7CAEoO\u00b5EIOA1-2021x2048.jpg 2021w\" sizes=\"auto, (max-width: 1011px) 100vw, 1011px\" \/><\/figure>\n\n\n\n<p class=\"\"><a href=\"https:\/\/arttao.org\/pt\/%e7%ac%ac%e4%ba%8c%e5%8d%81%e4%ba%94%e8%af%be%ef%bc%9a%e5%88%9b%e4%bc%a4%e5%90%8e%e5%ba%94%e6%bf%80%e9%9a%9c%e7%a2%8d%ef%bc%88ptsd%ef%bc%89%ef%bc%88%e7%ac%ac881%ef%bd%9e920%e8%af%be%ef%bc%89\/\" data-type=\"page\" data-id=\"12411\">Li\u00e7\u00e3o 25: Transtorno de Estresse P\u00f3s-Traum\u00e1tico (TEPT) (Li\u00e7\u00f5es 901-940)<\/a><\/p>\n\n\n\n<p class=\"has-small-font-size\">Este curso aborda o Transtorno de Estresse P\u00f3s-Traum\u00e1tico (TEPT), uma rea\u00e7\u00e3o psicol\u00f3gica persistente desencadeada por um evento traum\u00e1tico grave. Explicaremos sistematicamente os principais sintomas do TEPT: flashbacks, evita\u00e7\u00e3o, emo\u00e7\u00f5es negativas e hipervigil\u00e2ncia. Por meio de estudos de caso, ajudaremos os participantes a identificar manifesta\u00e7\u00f5es facilmente negligenciadas no dia a dia, como pesadelos, entorpecimento emocional e explos\u00f5es de raiva. Al\u00e9m disso, o curso explora seus mecanismos, como o modelo de &quot;medo-congelamento-compress\u00e3o da mem\u00f3ria&quot;, esclarecendo os mecanismos de defesa psicol\u00f3gica que os indiv\u00edduos desenvolvem ao enfrentar estresse extremo. Ao final do curso, os participantes compreender\u00e3o que o TEPT n\u00e3o \u00e9 um sinal de fraqueza, mas sim uma tentativa do c\u00e9rebro de se proteger em situa\u00e7\u00f5es extremas. Tamb\u00e9m apresentaremos terapias psicol\u00f3gicas e estrat\u00e9gias de autorrepara\u00e7\u00e3o comumente utilizadas, como a Terapia de Dessensibiliza\u00e7\u00e3o e Reprocessamento por Movimentos Oculares (EMDR), a terapia de exposi\u00e7\u00e3o e a medita\u00e7\u00e3o mindfulness, juntamente com um m\u00f3dulo interativo de Intelig\u00eancia Artificial para auxiliar os participantes na condu\u00e7\u00e3o de uma explora\u00e7\u00e3o psicol\u00f3gica inicial segura. Este curso \u00e9 indicado para participantes que vivenciaram eventos traum\u00e1ticos, sentem-se presos em suas mem\u00f3rias ou trabalham em profiss\u00f5es da \u00e1rea da sa\u00fade e assist\u00eancia social.<\/p>\n\n\n\n<figure class=\"wp-block-image size-large is-resized\"><img loading=\"lazy\" decoding=\"async\" width=\"1011\" height=\"1024\" src=\"https:\/\/arttao.org\/wp-content\/uploads\/2025\/07\/EaI\u00bcIo_601794473_\u00a8\u00b7\u00a2EUA\u00aeD\u00a4In\u00b7CAEoO\u00b5EIOA1-1011x1024.jpg\" alt=\"\" class=\"wp-image-7624\" style=\"width:69px;height:auto\" srcset=\"https:\/\/arttao.org\/wp-content\/uploads\/2025\/07\/EaI\u00bcIo_601794473_\u00a8\u00b7\u00a2EUA\u00aeD\u00a4In\u00b7CAEoO\u00b5EIOA1-1011x1024.jpg 1011w, https:\/\/arttao.org\/wp-content\/uploads\/2025\/07\/EaI\u00bcIo_601794473_\u00a8\u00b7\u00a2EUA\u00aeD\u00a4In\u00b7CAEoO\u00b5EIOA1-296x300.jpg 296w, https:\/\/arttao.org\/wp-content\/uploads\/2025\/07\/EaI\u00bcIo_601794473_\u00a8\u00b7\u00a2EUA\u00aeD\u00a4In\u00b7CAEoO\u00b5EIOA1-768x778.jpg 768w, https:\/\/arttao.org\/wp-content\/uploads\/2025\/07\/EaI\u00bcIo_601794473_\u00a8\u00b7\u00a2EUA\u00aeD\u00a4In\u00b7CAEoO\u00b5EIOA1-1516x1536.jpg 1516w, https:\/\/arttao.org\/wp-content\/uploads\/2025\/07\/EaI\u00bcIo_601794473_\u00a8\u00b7\u00a2EUA\u00aeD\u00a4In\u00b7CAEoO\u00b5EIOA1-2021x2048.jpg 2021w\" sizes=\"auto, (max-width: 1011px) 100vw, 1011px\" \/><\/figure>\n\n\n\n<p class=\"\"><a href=\"https:\/\/arttao.org\/pt\/%e7%ac%ac%e4%ba%8c%e5%8d%81%e5%85%ad%e8%af%be%ef%bc%9a%e5%bf%83%e7%90%86%e6%80%a5%e6%80%a7%e5%ba%94%e6%bf%80%e9%9a%9c%e7%a2%8d%ef%bc%88%e7%ac%ac921%ef%bd%9e960%e8%af%be%ef%bc%89\/\" data-type=\"page\" data-id=\"12413\">Li\u00e7\u00e3o 26: Transtorno de Estresse Agudo (Li\u00e7\u00f5es 941-980)<\/a><\/p>\n\n\n\n<p class=\"has-small-font-size\">O Transtorno de Estresse Agudo (TEA) geralmente se manifesta poucos dias ap\u00f3s um evento traum\u00e1tico importante e consiste em uma rea\u00e7\u00e3o intensa e de curta dura\u00e7\u00e3o a um choque psicol\u00f3gico repentino. Este curso ajudar\u00e1 os participantes a identificar os sintomas iniciais do TEA, como confus\u00e3o, dissocia\u00e7\u00e3o, explos\u00f5es emocionais ou estado de alerta persistente, bem como suas semelhan\u00e7as e diferen\u00e7as em rela\u00e7\u00e3o ao Transtorno de Estresse P\u00f3s-Traum\u00e1tico (TEPT). O curso enfatiza que o TEA \u00e9 um &quot;sinal psicol\u00f3gico de emerg\u00eancia&quot; e que a identifica\u00e7\u00e3o e interven\u00e7\u00e3o oportunas podem reduzir significativamente o risco de desenvolvimento de um transtorno psicol\u00f3gico a longo prazo. Explicaremos a resposta cerebral de &quot;luta, fuga ou congelamento&quot; em situa\u00e7\u00f5es de crise, ajudando os participantes a compreender por que podem apresentar desorienta\u00e7\u00e3o, apatia ou ins\u00f4nia ap\u00f3s um evento. Al\u00e9m disso, este curso oferece t\u00e9cnicas de primeiros socorros psicol\u00f3gicos adequadas aos est\u00e1gios iniciais do estresse, incluindo regula\u00e7\u00e3o da respira\u00e7\u00e3o, t\u00e9cnicas de contato f\u00edsico e exerc\u00edcios de localiza\u00e7\u00e3o emocional, e incentiva os participantes a estabelecerem uma rede de apoio inicial (fam\u00edlia, assist\u00eancia m\u00e9dica e m\u00f3dulos de acompanhamento com intelig\u00eancia artificial). Este curso \u00e9 indicado para pessoas que vivenciaram eventos repentinos, ambientes de trabalho de alta press\u00e3o ou cenas de desastre, estabelecendo uma base psicol\u00f3gica s\u00f3lida para o processo de recupera\u00e7\u00e3o subsequente.<\/p>\n\n\n\n<figure class=\"wp-block-image size-large is-resized\"><img loading=\"lazy\" decoding=\"async\" width=\"1011\" height=\"1024\" src=\"https:\/\/arttao.org\/wp-content\/uploads\/2025\/07\/EaI\u00bcIo_601794473_\u00a8\u00b7\u00a2EUA\u00aeD\u00a4In\u00b7CAEoO\u00b5EIOA1-1011x1024.jpg\" alt=\"\" class=\"wp-image-7624\" style=\"width:70px;height:auto\" srcset=\"https:\/\/arttao.org\/wp-content\/uploads\/2025\/07\/EaI\u00bcIo_601794473_\u00a8\u00b7\u00a2EUA\u00aeD\u00a4In\u00b7CAEoO\u00b5EIOA1-1011x1024.jpg 1011w, https:\/\/arttao.org\/wp-content\/uploads\/2025\/07\/EaI\u00bcIo_601794473_\u00a8\u00b7\u00a2EUA\u00aeD\u00a4In\u00b7CAEoO\u00b5EIOA1-296x300.jpg 296w, https:\/\/arttao.org\/wp-content\/uploads\/2025\/07\/EaI\u00bcIo_601794473_\u00a8\u00b7\u00a2EUA\u00aeD\u00a4In\u00b7CAEoO\u00b5EIOA1-768x778.jpg 768w, https:\/\/arttao.org\/wp-content\/uploads\/2025\/07\/EaI\u00bcIo_601794473_\u00a8\u00b7\u00a2EUA\u00aeD\u00a4In\u00b7CAEoO\u00b5EIOA1-1516x1536.jpg 1516w, https:\/\/arttao.org\/wp-content\/uploads\/2025\/07\/EaI\u00bcIo_601794473_\u00a8\u00b7\u00a2EUA\u00aeD\u00a4In\u00b7CAEoO\u00b5EIOA1-2021x2048.jpg 2021w\" sizes=\"auto, (max-width: 1011px) 100vw, 1011px\" \/><\/figure>\n\n\n\n<p class=\"\"><a href=\"https:\/\/arttao.org\/pt\/%e7%ac%ac%e4%ba%8c%e5%8d%81%e4%b8%83%e8%af%be%ef%bc%9a%e5%bf%83%e7%90%86%e9%80%82%e5%ba%94%e9%9a%9c%e7%a2%8d%ef%bc%88%e7%ac%ac961%ef%bd%9e1000%e8%af%be%ef%bc%89\/\" data-type=\"page\" data-id=\"12422\">Li\u00e7\u00e3o 27: Transtornos de Ajustamento Psicol\u00f3gico (Li\u00e7\u00f5es 981-1020)<\/a><\/p>\n\n\n\n<p class=\"has-small-font-size\">Quando as pessoas enfrentam mudan\u00e7as significativas na vida, como div\u00f3rcio, desemprego, migra\u00e7\u00e3o ou doen\u00e7as f\u00edsicas graves, o sofrimento emocional persistente e significativo ou o comprometimento funcional dentro de seis meses podem indicar um transtorno de adapta\u00e7\u00e3o. Este curso ajudar\u00e1 os participantes a compreender esse estado psicol\u00f3gico, que n\u00e3o \u00e9 nem doen\u00e7a nem normalidade, e a superar a autocr\u00edtica, como &quot;Ser\u00e1 que sou muito fr\u00e1gil?&quot;. O transtorno de adapta\u00e7\u00e3o \u00e9 uma rea\u00e7\u00e3o psicol\u00f3gica a uma &quot;falha tempor\u00e1ria em se adaptar&quot; \u00e0s mudan\u00e7as ambientais, manifestando-se comumente como ansiedade, depress\u00e3o, irritabilidade, diminui\u00e7\u00e3o da aten\u00e7\u00e3o, desconforto f\u00edsico ou perda de interesse pela vida. Este curso utilizar\u00e1 estudos de caso para orientar os participantes a distinguir o ponto cr\u00edtico entre &quot;oscila\u00e7\u00f5es de humor comuns&quot; e &quot;transtorno de adapta\u00e7\u00e3o&quot;, com foco em como reconstruir os ritmos de vida e a ordem psicol\u00f3gica. Por meio de estrat\u00e9gias estruturadas de adapta\u00e7\u00e3o psicol\u00f3gica, como o &quot;M\u00e9todo de Reconstru\u00e7\u00e3o de Significado em Tr\u00eas Etapas&quot;, &quot;Exerc\u00edcios de Identifica\u00e7\u00e3o de Novos Pap\u00e9is&quot; e &quot;Redefini\u00e7\u00e3o de Limites Pessoais&quot;, este curso ajuda os participantes a restaurar gradualmente a estabilidade interior. \u00c9 indicado para pessoas que est\u00e3o passando por mudan\u00e7as na vida e que se encontram em um per\u00edodo de transi\u00e7\u00e3o.<\/p>\n\n\n\n<figure class=\"wp-block-image size-large is-resized\"><img loading=\"lazy\" decoding=\"async\" width=\"1011\" height=\"1024\" src=\"https:\/\/arttao.org\/wp-content\/uploads\/2025\/07\/EaI\u00bcIo_601794473_\u00a8\u00b7\u00a2EUA\u00aeD\u00a4In\u00b7CAEoO\u00b5EIOA1-1011x1024.jpg\" alt=\"\" class=\"wp-image-7624\" style=\"width:72px;height:auto\" srcset=\"https:\/\/arttao.org\/wp-content\/uploads\/2025\/07\/EaI\u00bcIo_601794473_\u00a8\u00b7\u00a2EUA\u00aeD\u00a4In\u00b7CAEoO\u00b5EIOA1-1011x1024.jpg 1011w, https:\/\/arttao.org\/wp-content\/uploads\/2025\/07\/EaI\u00bcIo_601794473_\u00a8\u00b7\u00a2EUA\u00aeD\u00a4In\u00b7CAEoO\u00b5EIOA1-296x300.jpg 296w, https:\/\/arttao.org\/wp-content\/uploads\/2025\/07\/EaI\u00bcIo_601794473_\u00a8\u00b7\u00a2EUA\u00aeD\u00a4In\u00b7CAEoO\u00b5EIOA1-768x778.jpg 768w, https:\/\/arttao.org\/wp-content\/uploads\/2025\/07\/EaI\u00bcIo_601794473_\u00a8\u00b7\u00a2EUA\u00aeD\u00a4In\u00b7CAEoO\u00b5EIOA1-1516x1536.jpg 1516w, https:\/\/arttao.org\/wp-content\/uploads\/2025\/07\/EaI\u00bcIo_601794473_\u00a8\u00b7\u00a2EUA\u00aeD\u00a4In\u00b7CAEoO\u00b5EIOA1-2021x2048.jpg 2021w\" sizes=\"auto, (max-width: 1011px) 100vw, 1011px\" \/><\/figure>\n\n\n\n<p class=\"\"><a href=\"https:\/\/arttao.org\/pt\/%e7%ac%ac%e4%ba%8c%e5%8d%81%e5%85%ab%e8%af%be%ef%bc%9a%e7%ab%a5%e5%b9%b4%e5%bf%83%e7%90%86%e5%88%9b%e4%bc%a4%ef%bc%88%e7%ac%ac1001%ef%bd%9e1040%e8%af%be%ef%bc%89\/\" data-type=\"page\" data-id=\"12415\">Li\u00e7\u00e3o 28: Trauma Psicol\u00f3gico na Inf\u00e2ncia (Li\u00e7\u00f5es 1021-1060)<\/a><\/p>\n\n\n\n<p class=\"has-small-font-size\">Os vest\u00edgios de traumas infantis muitas vezes permanecem ocultos na instabilidade emocional, nas dificuldades interpessoais e na nega\u00e7\u00e3o da pr\u00f3pria individualidade na vida adulta. Este curso guiar\u00e1 os participantes a revisitarem, com delicadeza, poss\u00edveis eventos traum\u00e1ticos da inf\u00e2ncia, como neglig\u00eancia emocional, menosprezo verbal, testemunho de viol\u00eancia ou perda de cuidadores. Ajudaremos os participantes a compreender a natureza singular do &quot;trauma do desenvolvimento&quot;: n\u00e3o se trata necessariamente de um \u00fanico evento marcante, mas sim de um processo cont\u00ednuo e sutil de priva\u00e7\u00e3o emocional ou comportamento controlador. O curso apresentar\u00e1 a teoria da &quot;crian\u00e7a interior&quot;, guiando os participantes a se conectarem gradualmente com seu eu infantil por meio de medita\u00e7\u00e3o, desenho e exerc\u00edcios de di\u00e1logo com a Intelig\u00eancia Artificial. Explorar dentro de um ambiente seguro \u00e9 o primeiro passo para a cura. Tamb\u00e9m apresentaremos a ferramenta de &quot;reconhecimento de padr\u00f5es recorrentes&quot; para ajudar os participantes a observarem seus padr\u00f5es recorrentes em relacionamentos \u00edntimos ou em suas respostas ao estresse. Por meio da arteterapia, da express\u00e3o verbal e da reconstru\u00e7\u00e3o simb\u00f3lica, este curso incentiva os participantes a embarcarem em uma profunda jornada de autocuidado. \u00c9 particularmente indicado para participantes que ainda se sentem perturbados por mem\u00f3rias da inf\u00e2ncia ou que desejam compreender as ra\u00edzes de seu comportamento.<\/p>\n\n\n\n<figure class=\"wp-block-image size-large is-resized\"><img loading=\"lazy\" decoding=\"async\" width=\"1011\" height=\"1024\" src=\"https:\/\/arttao.org\/wp-content\/uploads\/2025\/07\/EaI\u00bcIo_601794473_\u00a8\u00b7\u00a2EUA\u00aeD\u00a4In\u00b7CAEoO\u00b5EIOA1-1011x1024.jpg\" alt=\"\" class=\"wp-image-7624\" style=\"width:70px;height:auto\" srcset=\"https:\/\/arttao.org\/wp-content\/uploads\/2025\/07\/EaI\u00bcIo_601794473_\u00a8\u00b7\u00a2EUA\u00aeD\u00a4In\u00b7CAEoO\u00b5EIOA1-1011x1024.jpg 1011w, https:\/\/arttao.org\/wp-content\/uploads\/2025\/07\/EaI\u00bcIo_601794473_\u00a8\u00b7\u00a2EUA\u00aeD\u00a4In\u00b7CAEoO\u00b5EIOA1-296x300.jpg 296w, https:\/\/arttao.org\/wp-content\/uploads\/2025\/07\/EaI\u00bcIo_601794473_\u00a8\u00b7\u00a2EUA\u00aeD\u00a4In\u00b7CAEoO\u00b5EIOA1-768x778.jpg 768w, https:\/\/arttao.org\/wp-content\/uploads\/2025\/07\/EaI\u00bcIo_601794473_\u00a8\u00b7\u00a2EUA\u00aeD\u00a4In\u00b7CAEoO\u00b5EIOA1-1516x1536.jpg 1516w, https:\/\/arttao.org\/wp-content\/uploads\/2025\/07\/EaI\u00bcIo_601794473_\u00a8\u00b7\u00a2EUA\u00aeD\u00a4In\u00b7CAEoO\u00b5EIOA1-2021x2048.jpg 2021w\" sizes=\"auto, (max-width: 1011px) 100vw, 1011px\" \/><\/figure>\n\n\n\n<p class=\"\"><a href=\"https:\/\/arttao.org\/pt\/%e7%ac%ac%e4%ba%8c%e5%8d%81%e4%b9%9d%e8%af%be%ef%bc%9a%e5%bf%83%e7%90%86%e5%a4%8d%e6%9d%82%e6%80%a7%e5%88%9b%e4%bc%a4%ef%bc%88%e7%ac%ac1041%ef%bd%9e1080%e8%af%be%ef%bc%89\/\" data-type=\"page\" data-id=\"12417\">Li\u00e7\u00e3o 29: Trauma Psicol\u00f3gico Complexo (Li\u00e7\u00f5es 1061-1100)<\/a><\/p>\n\n\n\n<p class=\"has-small-font-size\">O trauma complexo difere do impacto psicol\u00f3gico de um \u00fanico evento; ele geralmente resulta de estresse ou danos recorrentes e de longo prazo, como viol\u00eancia dom\u00e9stica cr\u00f4nica, manipula\u00e7\u00e3o emocional, opress\u00e3o de poder ou isolamento extremo. Este curso ajudar\u00e1 os participantes a compreender que o trauma complexo n\u00e3o \u00e9 meramente um problema emocional, mas um estado psicol\u00f3gico de &quot;estrutura do eu danificada&quot;, comumente manifestado como dificuldade na regula\u00e7\u00e3o emocional, polariza\u00e7\u00e3o nos relacionamentos, autodeprecia\u00e7\u00e3o ou confus\u00e3o de identidade. Combinaremos o &quot;modelo de trauma complexo&quot; e os &quot;mecanismos neurofisiol\u00f3gicos do estresse cr\u00f4nico&quot; para analisar seus efeitos a longo prazo na estrutura cerebral, na fun\u00e7\u00e3o cognitiva e no sistema emocional. Os m\u00e9todos de cura oferecidos no curso incluem exerc\u00edcios de repara\u00e7\u00e3o em m\u00faltiplos n\u00edveis (emo\u00e7\u00e3o \u2192 cogni\u00e7\u00e3o \u2192 identidade \u2192 relacionamento), medita\u00e7\u00e3o mindfulness, rituais de autocompaix\u00e3o e exerc\u00edcios de di\u00e1logo para &quot;reconstru\u00e7\u00e3o da confian\u00e7a&quot;. Por meio de exerc\u00edcios estruturados de escrita e express\u00e3o guiados por intelig\u00eancia artificial, os participantes poder\u00e3o organizar emo\u00e7\u00f5es e mem\u00f3rias reprimidas por muito tempo dentro de uma estrutura segura. Este curso \u00e9 adequado para pessoas que t\u00eam dificuldade em controlar suas emo\u00e7\u00f5es, em confiar nos outros ou que apresentam identidade confusa.<\/p>\n\n\n\n<figure class=\"wp-block-image size-large is-resized\"><img loading=\"lazy\" decoding=\"async\" width=\"1011\" height=\"1024\" src=\"https:\/\/arttao.org\/wp-content\/uploads\/2025\/07\/EaI\u00bcIo_601794473_\u00a8\u00b7\u00a2EUA\u00aeD\u00a4In\u00b7CAEoO\u00b5EIOA1-1011x1024.jpg\" alt=\"\" class=\"wp-image-7624\" style=\"width:71px;height:auto\" srcset=\"https:\/\/arttao.org\/wp-content\/uploads\/2025\/07\/EaI\u00bcIo_601794473_\u00a8\u00b7\u00a2EUA\u00aeD\u00a4In\u00b7CAEoO\u00b5EIOA1-1011x1024.jpg 1011w, https:\/\/arttao.org\/wp-content\/uploads\/2025\/07\/EaI\u00bcIo_601794473_\u00a8\u00b7\u00a2EUA\u00aeD\u00a4In\u00b7CAEoO\u00b5EIOA1-296x300.jpg 296w, https:\/\/arttao.org\/wp-content\/uploads\/2025\/07\/EaI\u00bcIo_601794473_\u00a8\u00b7\u00a2EUA\u00aeD\u00a4In\u00b7CAEoO\u00b5EIOA1-768x778.jpg 768w, https:\/\/arttao.org\/wp-content\/uploads\/2025\/07\/EaI\u00bcIo_601794473_\u00a8\u00b7\u00a2EUA\u00aeD\u00a4In\u00b7CAEoO\u00b5EIOA1-1516x1536.jpg 1516w, https:\/\/arttao.org\/wp-content\/uploads\/2025\/07\/EaI\u00bcIo_601794473_\u00a8\u00b7\u00a2EUA\u00aeD\u00a4In\u00b7CAEoO\u00b5EIOA1-2021x2048.jpg 2021w\" sizes=\"auto, (max-width: 1011px) 100vw, 1011px\" \/><\/figure>\n\n\n\n<p class=\"\"><a href=\"https:\/\/arttao.org\/pt\/%e7%ac%ac%e4%b8%89%e5%8d%81%e8%af%be%ef%bc%9a%e7%aa%81%e5%8f%91%e4%ba%8b%e4%bb%b6%e5%bf%83%e7%90%86%e5%88%9b%e4%bc%a4%ef%bc%88%e7%ac%ac1081%ef%bd%9e1120%e8%af%be%ef%bc%89\/\" data-type=\"page\" data-id=\"12419\">Li\u00e7\u00e3o 30: Trauma Psicol\u00f3gico Decorrente de Eventos S\u00fabitos (Li\u00e7\u00f5es 1101-1140)<\/a><\/p>\n\n\n\n<p class=\"has-small-font-size\">Diante de eventos s\u00fabitos como desastres, acidentes, viol\u00eancia e pandemias, as pessoas frequentemente vivenciam um intenso choque psicol\u00f3gico. Este curso se concentra nesse tipo espec\u00edfico de experi\u00eancia traum\u00e1tica. Analisaremos os tr\u00eas est\u00e1gios do trauma s\u00fabito: resposta imediata ao estresse, desorienta\u00e7\u00e3o e per\u00edodo de adapta\u00e7\u00e3o de curto prazo e risco traum\u00e1tico a m\u00e9dio e longo prazo. O curso utiliza casos reais para reconstruir a trajet\u00f3ria psicol\u00f3gica ap\u00f3s um evento e apresenta os &quot;cinco passos do primeiro socorro psicol\u00f3gico&quot;, incluindo a reconstru\u00e7\u00e3o da sensa\u00e7\u00e3o de seguran\u00e7a, a abertura de canais de express\u00e3o, o esclarecimento de informa\u00e7\u00f5es, o gerenciamento emocional e a orienta\u00e7\u00e3o sobre recursos dispon\u00edveis. Al\u00e9m disso, este curso inclui um &quot;Exerc\u00edcio de Mapeamento Psicol\u00f3gico para Eventos S\u00fabitos&quot; especialmente desenvolvido para ajudar os participantes a revisar seus pr\u00f3prios tipos de rea\u00e7\u00e3o sob estresse s\u00fabito e explorar caminhos eficazes de apoio personalizado. Seja voc\u00ea um participante, um observador ou um profissional da \u00e1rea, este curso oferece estrat\u00e9gias de enfrentamento que combinam a ci\u00eancia psicol\u00f3gica com o cuidado human\u00edstico. Por meio de m\u00f3dulos como musicoterapia, t\u00e9cnicas de estabiliza\u00e7\u00e3o da respira\u00e7\u00e3o e cria\u00e7\u00e3o de imagens, auxiliamos os participantes a restaurar a confian\u00e7a b\u00e1sica e a estabilidade psicol\u00f3gica durante o choque.<\/p>\n\n\n\n<p class=\"has-small-font-size\"><\/p>","protected":false},"excerpt":{"rendered":"<p>\u7b2c\u4e8c\u5341\u4e94\u8bfe\uff1a\u521b\u4f24\u540e\u5e94\u6fc0\u969c\u788d\uff08PTSD\uff09\uff08\u7b2c901\uff5e940\u8bfe\uff09 \u672c\u8bfe\u805a\u7126\u521b\u4f24\u540e\u5e94\u6fc0\u969c\u788d\uff08PTSD\uff09\uff0c\u4e00\u79cd\u56e0\u91cd\u5927\u5fc3 [&hellip;]<\/p>\n","protected":false},"author":1,"featured_media":0,"parent":0,"menu_order":0,"comment_status":"closed","ping_status":"closed","template":"","meta":{"nf_dc_page":"","om_disable_all_campaigns":false,"_monsterinsights_skip_tracking":false,"_monsterinsights_sitenote_active":false,"_monsterinsights_sitenote_note":"","_monsterinsights_sitenote_category":0,"footnotes":""},"class_list":["post-7618","page","type-page","status-publish","hentry"],"_links":{"self":[{"href":"https:\/\/arttao.org\/pt\/wp-json\/wp\/v2\/pages\/7618","targetHints":{"allow":["GET"]}}],"collection":[{"href":"https:\/\/arttao.org\/pt\/wp-json\/wp\/v2\/pages"}],"about":[{"href":"https:\/\/arttao.org\/pt\/wp-json\/wp\/v2\/types\/page"}],"author":[{"embeddable":true,"href":"https:\/\/arttao.org\/pt\/wp-json\/wp\/v2\/users\/1"}],"replies":[{"embeddable":true,"href":"https:\/\/arttao.org\/pt\/wp-json\/wp\/v2\/comments?post=7618"}],"version-history":[{"count":5,"href":"https:\/\/arttao.org\/pt\/wp-json\/wp\/v2\/pages\/7618\/revisions"}],"predecessor-version":[{"id":14563,"href":"https:\/\/arttao.org\/pt\/wp-json\/wp\/v2\/pages\/7618\/revisions\/14563"}],"wp:attachment":[{"href":"https:\/\/arttao.org\/pt\/wp-json\/wp\/v2\/media?parent=7618"}],"curies":[{"name":"wp","href":"https:\/\/api.w.org\/{rel}","templated":true}]}}