{"id":1251,"date":"2025-03-31T20:19:15","date_gmt":"2025-03-31T20:19:15","guid":{"rendered":"https:\/\/arttao.org\/?page_id=1251"},"modified":"2025-08-16T18:30:08","modified_gmt":"2025-08-16T18:30:08","slug":"psikolojik-bir-test","status":"publish","type":"page","link":"https:\/\/arttao.org\/tr\/a-%e5%bf%83%e7%90%86%e6%b5%8b%e8%af%95\/","title":{"rendered":"AG. Psikolojik Testler"},"content":{"rendered":"<p class=\"\"><\/p>\n\n\n\n<p class=\"\"><\/p>\n\n\n\n<figure class=\"wp-block-image size-large is-resized\"><img loading=\"lazy\" decoding=\"async\" width=\"1024\" height=\"647\" src=\"https:\/\/arttao.org\/wp-content\/uploads\/2025\/03\/EaI\u00bcIo_601830466_\u00b2EE\u00b5A\u00bfE\u00b0\u00aeEUA\u00ae\u00b7CAEoO\u00b5EIOA22-1024x647.jpg\" alt=\"\" class=\"wp-image-1243\" style=\"width:82px;height:auto\" srcset=\"https:\/\/arttao.org\/wp-content\/uploads\/2025\/03\/EaI\u00bcIo_601830466_\u00b2EE\u00b5A\u00bfE\u00b0\u00aeEUA\u00ae\u00b7CAEoO\u00b5EIOA22-1024x647.jpg 1024w, https:\/\/arttao.org\/wp-content\/uploads\/2025\/03\/EaI\u00bcIo_601830466_\u00b2EE\u00b5A\u00bfE\u00b0\u00aeEUA\u00ae\u00b7CAEoO\u00b5EIOA22-300x189.jpg 300w, https:\/\/arttao.org\/wp-content\/uploads\/2025\/03\/EaI\u00bcIo_601830466_\u00b2EE\u00b5A\u00bfE\u00b0\u00aeEUA\u00ae\u00b7CAEoO\u00b5EIOA22-768x485.jpg 768w, https:\/\/arttao.org\/wp-content\/uploads\/2025\/03\/EaI\u00bcIo_601830466_\u00b2EE\u00b5A\u00bfE\u00b0\u00aeEUA\u00ae\u00b7CAEoO\u00b5EIOA22-1536x970.jpg 1536w, https:\/\/arttao.org\/wp-content\/uploads\/2025\/03\/EaI\u00bcIo_601830466_\u00b2EE\u00b5A\u00bfE\u00b0\u00aeEUA\u00ae\u00b7CAEoO\u00b5EIOA22-2048x1294.jpg 2048w\" sizes=\"auto, (max-width: 1024px) 100vw, 1024px\" \/><\/figure>\n\n\n\n<p class=\"\"><a href=\"https:\/\/arttao.org\/tr\/a-%e8%8b%8f%e6%a0%bc%e6%8b%89%e5%ba%95%e9%97%ae%e7%ad%94-%e7%84%a6%e8%99%91%e7%9b%b8%e5%85%b3%e9%97%ae%e9%a2%98%e6%b5%8b%e8%af%95\/\" data-type=\"page\" data-id=\"6853\">A. <strong>Sokratik Sorular - Kayg\u0131ya Dayal\u0131 Sorular Testi<\/strong><\/a><\/p>\n\n\n\n<p class=\"has-small-font-size\">Kayg\u0131 sorunlar\u0131, genellikle somut bir tehdit kan\u0131t\u0131 olmaks\u0131z\u0131n, gelecekteki olaylar hakk\u0131nda s\u00fcrekli ve a\u015f\u0131r\u0131 endi\u015fe olarak kendini g\u00f6sterir. Yayg\u0131n kayg\u0131 bozukluklar\u0131 aras\u0131nda genelle\u015ftirilmi\u015f kayg\u0131 bozuklu\u011fu, sosyal kayg\u0131, fobiler, panik bozuklu\u011fu ve se\u00e7ici mutizm bulunur. Hastalar yo\u011fun huzursuzluk, gerginlik, h\u0131zl\u0131 kalp at\u0131\u015f\u0131, terleme, nefes darl\u0131\u011f\u0131 ve mide rahats\u0131zl\u0131\u011f\u0131 ya\u015farlar ve sosyal durumlardan ka\u00e7\u0131nma, yaln\u0131z kalamama ve belirli yerlere girmekten korkma gibi ka\u00e7\u0131nma davran\u0131\u015flar\u0131 sergileyebilirler. Kayg\u0131 sorunlar\u0131 g\u00fcnl\u00fck i\u015flevleri bozarak hareket \u00f6zg\u00fcrl\u00fc\u011f\u00fcn\u00fc ve ya\u015fam kalitesini s\u0131n\u0131rlar. Genellikle ba\u015fa \u00e7\u0131kma becerileri ve \u00f6z alg\u0131 ile ili\u015fkilidir ve \u00e7ocukluk deneyimleri, stres ve ki\u015filik gibi fakt\u00f6rlerin bir kombinasyonundan da kaynaklanabilir.<\/p>\n\n\n\n<figure class=\"wp-block-image size-large is-resized\"><img loading=\"lazy\" decoding=\"async\" width=\"1024\" height=\"647\" src=\"https:\/\/arttao.org\/wp-content\/uploads\/2025\/03\/EaI\u00bcIo_601830466_\u00b2EE\u00b5A\u00bfE\u00b0\u00aeEUA\u00ae\u00b7CAEoO\u00b5EIOA22-1024x647.jpg\" alt=\"\" class=\"wp-image-1243\" style=\"width:78px;height:auto\" srcset=\"https:\/\/arttao.org\/wp-content\/uploads\/2025\/03\/EaI\u00bcIo_601830466_\u00b2EE\u00b5A\u00bfE\u00b0\u00aeEUA\u00ae\u00b7CAEoO\u00b5EIOA22-1024x647.jpg 1024w, https:\/\/arttao.org\/wp-content\/uploads\/2025\/03\/EaI\u00bcIo_601830466_\u00b2EE\u00b5A\u00bfE\u00b0\u00aeEUA\u00ae\u00b7CAEoO\u00b5EIOA22-300x189.jpg 300w, https:\/\/arttao.org\/wp-content\/uploads\/2025\/03\/EaI\u00bcIo_601830466_\u00b2EE\u00b5A\u00bfE\u00b0\u00aeEUA\u00ae\u00b7CAEoO\u00b5EIOA22-768x485.jpg 768w, https:\/\/arttao.org\/wp-content\/uploads\/2025\/03\/EaI\u00bcIo_601830466_\u00b2EE\u00b5A\u00bfE\u00b0\u00aeEUA\u00ae\u00b7CAEoO\u00b5EIOA22-1536x970.jpg 1536w, https:\/\/arttao.org\/wp-content\/uploads\/2025\/03\/EaI\u00bcIo_601830466_\u00b2EE\u00b5A\u00bfE\u00b0\u00aeEUA\u00ae\u00b7CAEoO\u00b5EIOA22-2048x1294.jpg 2048w\" sizes=\"auto, (max-width: 1024px) 100vw, 1024px\" \/><\/figure>\n\n\n\n<p class=\"\"><a href=\"https:\/\/arttao.org\/tr\/b-%e8%8b%8f%e6%a0%bc%e6%8b%89%e5%ba%95%e9%97%ae%e7%ad%94-%e6%8a%91%e9%83%81%e7%9b%b8%e5%85%b3%e9%97%ae%e9%a2%98%e6%b5%8b%e8%af%95\/\" data-type=\"page\" data-id=\"6864\">B. <strong>Sokratik Sorular - Depresyonla \u0130lgili Sorular Testi<\/strong><\/a><\/p>\n\n\n\n<h5 class=\"wp-block-heading has-small-font-size\">Depresyon, s\u00fcrekli d\u00fc\u015f\u00fck ruh haliyle karakterize edilen bir ruhsal bozukluktur. Yayg\u0131n belirtiler aras\u0131nda s\u00fcrekli \u00fcz\u00fcnt\u00fc, g\u00fcnl\u00fck aktivitelere ilgi kayb\u0131, kendini k\u00fc\u00e7\u00fcmseme, yorgunluk, konsantrasyon azalmas\u0131 ve hatta umutsuzluk ve intihar d\u00fc\u015f\u00fcnceleri yer al\u0131r. \u015eiddetli vakalara i\u015ftah veya kilo de\u011fi\u015fiklikleri, uyku sorunlar\u0131, duygusal uyu\u015fukluk ve fiziksel a\u011fr\u0131 da e\u015flik edebilir. Depresyon ge\u00e7ici bir d\u00fc\u015f\u00fck ruh hali de\u011fil, iki haftadan uzun s\u00fcren ve i\u015flevselli\u011fi \u00f6nemli \u00f6l\u00e7\u00fcde etkileyen bir ruhsal durumdur. Biyolojik genetik, ya\u015fam travmas\u0131, sosyal izolasyon veya uzun s\u00fcreli stresten kaynaklanabilir. Uzun s\u00fcreli depresyon ayr\u0131ca sosyal i\u015flevsellikte azalmaya, ki\u015fileraras\u0131 yabanc\u0131la\u015fmaya ve ya\u015famda anlam kayb\u0131na yol a\u00e7abilir. Duygular\u0131n zaman\u0131nda ifade edilmesi ve profesyonel m\u00fcdahale \u00e7ok \u00f6nemlidir.<\/h5>\n\n\n\n<figure class=\"wp-block-image size-large is-resized\"><img loading=\"lazy\" decoding=\"async\" width=\"1024\" height=\"647\" src=\"https:\/\/arttao.org\/wp-content\/uploads\/2025\/03\/EaI\u00bcIo_601830466_\u00b2EE\u00b5A\u00bfE\u00b0\u00aeEUA\u00ae\u00b7CAEoO\u00b5EIOA22-1024x647.jpg\" alt=\"\" class=\"wp-image-1243\" style=\"width:78px;height:auto\" srcset=\"https:\/\/arttao.org\/wp-content\/uploads\/2025\/03\/EaI\u00bcIo_601830466_\u00b2EE\u00b5A\u00bfE\u00b0\u00aeEUA\u00ae\u00b7CAEoO\u00b5EIOA22-1024x647.jpg 1024w, https:\/\/arttao.org\/wp-content\/uploads\/2025\/03\/EaI\u00bcIo_601830466_\u00b2EE\u00b5A\u00bfE\u00b0\u00aeEUA\u00ae\u00b7CAEoO\u00b5EIOA22-300x189.jpg 300w, https:\/\/arttao.org\/wp-content\/uploads\/2025\/03\/EaI\u00bcIo_601830466_\u00b2EE\u00b5A\u00bfE\u00b0\u00aeEUA\u00ae\u00b7CAEoO\u00b5EIOA22-768x485.jpg 768w, https:\/\/arttao.org\/wp-content\/uploads\/2025\/03\/EaI\u00bcIo_601830466_\u00b2EE\u00b5A\u00bfE\u00b0\u00aeEUA\u00ae\u00b7CAEoO\u00b5EIOA22-1536x970.jpg 1536w, https:\/\/arttao.org\/wp-content\/uploads\/2025\/03\/EaI\u00bcIo_601830466_\u00b2EE\u00b5A\u00bfE\u00b0\u00aeEUA\u00ae\u00b7CAEoO\u00b5EIOA22-2048x1294.jpg 2048w\" sizes=\"auto, (max-width: 1024px) 100vw, 1024px\" \/><\/figure>\n\n\n\n<p class=\"\"><a href=\"https:\/\/arttao.org\/tr\/c-%e8%8b%8f%e6%a0%bc%e6%8b%89%e5%ba%95-%e5%bc%ba%e8%bf%ab%e4%b8%8e%e5%86%b2%e5%8a%a8%e9%97%ae%e9%a2%98%e6%b5%8b%e8%af%95\/\" data-type=\"page\" data-id=\"6866\">C. <strong>Sokratik Sorular - Zorlay\u0131c\u0131 ve D\u00fcrt\u00fcsel Problem Testi<\/strong><\/a><\/p>\n\n\n\n<p class=\"has-small-font-size\">Bu t\u00fcr sorunlar, obsesif-kompulsif bozukluk (OKB) ve d\u00fcrt\u00fc kontrol bozukluklar\u0131n\u0131 kapsar; temel \u00f6zelli\u011fi ise bireyin mant\u0131ks\u0131z oldu\u011funun fark\u0131nda olsa bile bast\u0131ramad\u0131\u011f\u0131, tekrarlayan, kontrol edilemeyen d\u00fc\u015f\u00fcnceler (obsesif d\u00fc\u015f\u00fcnme) ve davran\u0131\u015flard\u0131r (kompulsif veya d\u00fcrt\u00fcsel davran\u0131\u015flar). OKB hastalar\u0131 &quot;Temiz mi?&quot; veya &quot;G\u00fcvenli mi?&quot; gibi d\u00fc\u015f\u00fcncelerle bo\u011fu\u015fabilir ve kayg\u0131lar\u0131n\u0131 tekrarlayan el y\u0131kama veya kontrol etme yoluyla hafifletebilirler. \u00d6te yandan, d\u00fcrt\u00fcsel bozukluklar, \u00f6fke, h\u0131rs\u0131zl\u0131k, kumar veya a\u015f\u0131r\u0131 yeme gibi ani d\u00fcrt\u00fcsel davran\u0131\u015flar olarak kendini g\u00f6sterir. Bireyler genellikle sonras\u0131nda su\u00e7luluk ve pi\u015fmanl\u0131k duyarlar, ancak bir sonraki d\u00fcrt\u00fcye kar\u015f\u0131 koymakta zorlan\u0131rlar. Bu sorunlar, bili\u015fsel \u00f6nyarg\u0131lar, anormal sinir devreleri ve yetersiz \u00f6z d\u00fczenleme taraf\u0131ndan derinden etkilenir ve genellikle g\u00fcnl\u00fck ya\u015fam\u0131 ve ki\u015fileraras\u0131 ili\u015fkileri bozar.<\/p>\n\n\n\n<figure class=\"wp-block-image size-large is-resized\"><img loading=\"lazy\" decoding=\"async\" width=\"1024\" height=\"647\" src=\"https:\/\/arttao.org\/wp-content\/uploads\/2025\/03\/EaI\u00bcIo_601830466_\u00b2EE\u00b5A\u00bfE\u00b0\u00aeEUA\u00ae\u00b7CAEoO\u00b5EIOA22-1024x647.jpg\" alt=\"\" class=\"wp-image-1243\" style=\"width:79px;height:auto\" srcset=\"https:\/\/arttao.org\/wp-content\/uploads\/2025\/03\/EaI\u00bcIo_601830466_\u00b2EE\u00b5A\u00bfE\u00b0\u00aeEUA\u00ae\u00b7CAEoO\u00b5EIOA22-1024x647.jpg 1024w, https:\/\/arttao.org\/wp-content\/uploads\/2025\/03\/EaI\u00bcIo_601830466_\u00b2EE\u00b5A\u00bfE\u00b0\u00aeEUA\u00ae\u00b7CAEoO\u00b5EIOA22-300x189.jpg 300w, https:\/\/arttao.org\/wp-content\/uploads\/2025\/03\/EaI\u00bcIo_601830466_\u00b2EE\u00b5A\u00bfE\u00b0\u00aeEUA\u00ae\u00b7CAEoO\u00b5EIOA22-768x485.jpg 768w, https:\/\/arttao.org\/wp-content\/uploads\/2025\/03\/EaI\u00bcIo_601830466_\u00b2EE\u00b5A\u00bfE\u00b0\u00aeEUA\u00ae\u00b7CAEoO\u00b5EIOA22-1536x970.jpg 1536w, https:\/\/arttao.org\/wp-content\/uploads\/2025\/03\/EaI\u00bcIo_601830466_\u00b2EE\u00b5A\u00bfE\u00b0\u00aeEUA\u00ae\u00b7CAEoO\u00b5EIOA22-2048x1294.jpg 2048w\" sizes=\"auto, (max-width: 1024px) 100vw, 1024px\" \/><\/figure>\n\n\n\n<p class=\"\"><a href=\"https:\/\/arttao.org\/tr\/d-%e8%8b%8f%e6%a0%bc%e6%8b%89%e5%ba%95-%e5%88%9b%e4%bc%a4%e4%b8%8e%e5%ba%94%e6%bf%80%e9%97%ae%e9%a2%98%e6%b5%8b%e8%af%95\/\" data-type=\"page\" data-id=\"6870\">D. <strong>Sokratik Sorular - Travma ve Stres Testi<\/strong><\/a><\/p>\n\n\n\n<p class=\"has-small-font-size\">Bu t\u00fcr sorunlar, bireyin kaza, \u015fiddet, istismar veya b\u00fcy\u00fck ya\u015fam de\u011fi\u015fiklikleri gibi son derece ac\u0131 verici, ya\u015fam\u0131 tehdit eden veya g\u00fcvenli\u011fi tehlikeye atan olaylar\u0131 deneyimlemesi veya bunlara tan\u0131k olmas\u0131 sonucu ortaya \u00e7\u0131kar. Yayg\u0131n rahats\u0131zl\u0131klar aras\u0131nda travma sonras\u0131 stres bozuklu\u011fu (TSSB), akut stres bozuklu\u011fu ve uyum bozuklu\u011fu bulunur. Hastalar travmatik g\u00f6r\u00fcnt\u00fcleri tekrar tekrar hat\u0131rlayabilir (fla\u015fback), kabuslar g\u00f6rebilir, duygusal patlamalar ya\u015fayabilir ve a\u015f\u0131r\u0131 tetikte olabilirken, travmayla ilgili sahnelerden, insanlardan veya konulardan kas\u0131tl\u0131 olarak ka\u00e7\u0131nabilirler. Travma, kal\u0131c\u0131 psikolojik geri \u00e7ekilmeye, benlikten kopmaya, g\u00fcvenin y\u0131k\u0131lmas\u0131na ve hatta ger\u00e7eklik alg\u0131s\u0131n\u0131 etkilemeye neden olabilir. Uzun s\u00fcreli tedavi edilmemi\u015f travmatik reaksiyonlar, kronik kayg\u0131, depresyon ve kendine zarar verme davran\u0131\u015flar\u0131na d\u00f6n\u00fc\u015febilir ve profesyonel psikolojik m\u00fcdahale ve rehabilitasyon e\u011fitimi gerektirebilir.<\/p>\n\n\n\n<figure class=\"wp-block-image size-large is-resized\"><img loading=\"lazy\" decoding=\"async\" width=\"1024\" height=\"647\" src=\"https:\/\/arttao.org\/wp-content\/uploads\/2025\/03\/EaI\u00bcIo_601830466_\u00b2EE\u00b5A\u00bfE\u00b0\u00aeEUA\u00ae\u00b7CAEoO\u00b5EIOA22-1024x647.jpg\" alt=\"\" class=\"wp-image-1243\" style=\"width:74px;height:auto\" srcset=\"https:\/\/arttao.org\/wp-content\/uploads\/2025\/03\/EaI\u00bcIo_601830466_\u00b2EE\u00b5A\u00bfE\u00b0\u00aeEUA\u00ae\u00b7CAEoO\u00b5EIOA22-1024x647.jpg 1024w, https:\/\/arttao.org\/wp-content\/uploads\/2025\/03\/EaI\u00bcIo_601830466_\u00b2EE\u00b5A\u00bfE\u00b0\u00aeEUA\u00ae\u00b7CAEoO\u00b5EIOA22-300x189.jpg 300w, https:\/\/arttao.org\/wp-content\/uploads\/2025\/03\/EaI\u00bcIo_601830466_\u00b2EE\u00b5A\u00bfE\u00b0\u00aeEUA\u00ae\u00b7CAEoO\u00b5EIOA22-768x485.jpg 768w, https:\/\/arttao.org\/wp-content\/uploads\/2025\/03\/EaI\u00bcIo_601830466_\u00b2EE\u00b5A\u00bfE\u00b0\u00aeEUA\u00ae\u00b7CAEoO\u00b5EIOA22-1536x970.jpg 1536w, https:\/\/arttao.org\/wp-content\/uploads\/2025\/03\/EaI\u00bcIo_601830466_\u00b2EE\u00b5A\u00bfE\u00b0\u00aeEUA\u00ae\u00b7CAEoO\u00b5EIOA22-2048x1294.jpg 2048w\" sizes=\"auto, (max-width: 1024px) 100vw, 1024px\" \/><\/figure>\n\n\n\n<p class=\"\"><a href=\"https:\/\/arttao.org\/tr\/e-%e8%8b%8f%e6%a0%bc%e6%8b%89%e5%ba%95-%e6%83%85%e7%bb%aa%e6%b3%a2%e5%8a%a8%e9%97%ae%e9%a2%98%e6%b5%8b%e8%af%95\/\" data-type=\"page\" data-id=\"6898\">E. <strong>Sokratik Sorular - Duygusal Dalgalanma Testi<\/strong><\/a><\/p>\n\n\n\n<p class=\"has-small-font-size\">Duygu durum dalgalanmalar\u0131, yo\u011fun ve istikrars\u0131z duygusal tepkiler, \u00f6nemli duygu dalgalanmalar\u0131 ve \u00f6z d\u00fczenlemede zorluk ile karakterize edilir. Bu sorunlar aras\u0131nda duygu durum d\u00fczenleme bozukluklar\u0131, bipolar bozukluk ve ki\u015filik bozukluklar\u0131 yer alabilir. Bireyler, k\u0131sa bir s\u00fcre i\u00e7inde heyecan ve zevkten \u00f6fke ve umutsuzlu\u011fa h\u0131zl\u0131 ge\u00e7i\u015fler ya\u015fayabilir; bu durum genellikle d\u00fcrt\u00fcsel davran\u0131\u015flar, ili\u015fki gerginli\u011fi ve \u00f6z sayg\u0131da a\u015f\u0131r\u0131 de\u011fi\u015fikliklerle birlikte g\u00f6r\u00fcl\u00fcr. Duygu durum dalgalanmalar\u0131, i\u015f, e\u011fitim ve ki\u015fileraras\u0131 ili\u015fkileri \u00f6nemli \u00f6l\u00e7\u00fcde aksatabilir ve bireyin kendini &quot;kontrol d\u0131\u015f\u0131&quot; hissetmesine neden olabilir. Bu sorunlar tipik olarak erken ba\u011flanma ili\u015fkileri, istikrars\u0131z \u00f6z kimlik ve bulan\u0131k s\u0131n\u0131rlar ile ili\u015fkilidir; iyile\u015fme s\u00fcreci, i\u00e7sel istikrar ve \u00f6z destek sistemi olu\u015fturmaya odaklan\u0131r.<\/p>\n\n\n\n<figure class=\"wp-block-image size-large is-resized\"><img loading=\"lazy\" decoding=\"async\" width=\"1024\" height=\"647\" src=\"https:\/\/arttao.org\/wp-content\/uploads\/2025\/03\/EaI\u00bcIo_601830466_\u00b2EE\u00b5A\u00bfE\u00b0\u00aeEUA\u00ae\u00b7CAEoO\u00b5EIOA22-1024x647.jpg\" alt=\"\" class=\"wp-image-1243\" style=\"width:76px;height:auto\" srcset=\"https:\/\/arttao.org\/wp-content\/uploads\/2025\/03\/EaI\u00bcIo_601830466_\u00b2EE\u00b5A\u00bfE\u00b0\u00aeEUA\u00ae\u00b7CAEoO\u00b5EIOA22-1024x647.jpg 1024w, https:\/\/arttao.org\/wp-content\/uploads\/2025\/03\/EaI\u00bcIo_601830466_\u00b2EE\u00b5A\u00bfE\u00b0\u00aeEUA\u00ae\u00b7CAEoO\u00b5EIOA22-300x189.jpg 300w, https:\/\/arttao.org\/wp-content\/uploads\/2025\/03\/EaI\u00bcIo_601830466_\u00b2EE\u00b5A\u00bfE\u00b0\u00aeEUA\u00ae\u00b7CAEoO\u00b5EIOA22-768x485.jpg 768w, https:\/\/arttao.org\/wp-content\/uploads\/2025\/03\/EaI\u00bcIo_601830466_\u00b2EE\u00b5A\u00bfE\u00b0\u00aeEUA\u00ae\u00b7CAEoO\u00b5EIOA22-1536x970.jpg 1536w, https:\/\/arttao.org\/wp-content\/uploads\/2025\/03\/EaI\u00bcIo_601830466_\u00b2EE\u00b5A\u00bfE\u00b0\u00aeEUA\u00ae\u00b7CAEoO\u00b5EIOA22-2048x1294.jpg 2048w\" sizes=\"auto, (max-width: 1024px) 100vw, 1024px\" \/><\/figure>\n\n\n\n<p class=\"\"><a href=\"https:\/\/arttao.org\/tr\/f-%e7%9d%a1%e7%9c%a0%e4%b8%8e%e8%ba%af%e4%bd%93%e9%97%ae%e9%a2%98\/\" data-type=\"page\" data-id=\"6997\">F. <strong>Sokratik Sorular - Uyku ve Fiziksel Problemler Testi<\/strong><\/a><\/p>\n\n\n\n<p class=\"has-small-font-size\">Uyku sorunlar\u0131, uykuya dalmada zorluk, erken uyanma, s\u0131k uyanma, canl\u0131 r\u00fcyalar ve g\u00fcnd\u00fcz yorgunlu\u011fu gibi durumlar, genellikle bir\u00e7ok psikolojik sorunun belirtisidir. Uzun s\u00fcreli uyku bozukluklar\u0131 duygusal istikrar\u0131, haf\u0131zay\u0131 ve ba\u011f\u0131\u015f\u0131kl\u0131\u011f\u0131 etkileyebilir. Somatizasyon belirtileri, tekrarlayan fiziksel rahats\u0131zl\u0131klar (ba\u015f a\u011fr\u0131s\u0131, mide a\u011fr\u0131s\u0131, nefes darl\u0131\u011f\u0131 ve \u00e7arp\u0131nt\u0131 gibi) \u015feklinde ortaya \u00e7\u0131kar, ancak t\u0131bbi muayeneler net bir neden ortaya koymaz. Hastalar bedensel de\u011fi\u015fikliklere kar\u015f\u0131 hassast\u0131r ve i\u00e7sel kayg\u0131lar\u0131 genellikle &quot;beden dili&quot; yoluyla ifade edilir. Bu sorunlar genellikle stres, bast\u0131r\u0131lm\u0131\u015f duygular ve a\u015f\u0131r\u0131 \u00f6z denetimle ili\u015fkilidir. Bir\u00e7ok hasta ba\u015flang\u0131\u00e7ta t\u0131bbi sistemden yard\u0131m arar, ancak asl\u0131nda psikolojik uyum gereklidir. Uyku ritimlerini yeniden sa\u011flamak ve beden ile zihin aras\u0131ndaki ba\u011flant\u0131y\u0131 g\u00fc\u00e7lendirmek, tedavinin \u00f6nemli y\u00f6nleridir.<\/p>\n\n\n\n<figure class=\"wp-block-image size-large is-resized\"><img loading=\"lazy\" decoding=\"async\" width=\"1024\" height=\"647\" src=\"https:\/\/arttao.org\/wp-content\/uploads\/2025\/03\/EaI\u00bcIo_601830466_\u00b2EE\u00b5A\u00bfE\u00b0\u00aeEUA\u00ae\u00b7CAEoO\u00b5EIOA22-1024x647.jpg\" alt=\"\" class=\"wp-image-1243\" style=\"width:78px;height:auto\" srcset=\"https:\/\/arttao.org\/wp-content\/uploads\/2025\/03\/EaI\u00bcIo_601830466_\u00b2EE\u00b5A\u00bfE\u00b0\u00aeEUA\u00ae\u00b7CAEoO\u00b5EIOA22-1024x647.jpg 1024w, https:\/\/arttao.org\/wp-content\/uploads\/2025\/03\/EaI\u00bcIo_601830466_\u00b2EE\u00b5A\u00bfE\u00b0\u00aeEUA\u00ae\u00b7CAEoO\u00b5EIOA22-300x189.jpg 300w, https:\/\/arttao.org\/wp-content\/uploads\/2025\/03\/EaI\u00bcIo_601830466_\u00b2EE\u00b5A\u00bfE\u00b0\u00aeEUA\u00ae\u00b7CAEoO\u00b5EIOA22-768x485.jpg 768w, https:\/\/arttao.org\/wp-content\/uploads\/2025\/03\/EaI\u00bcIo_601830466_\u00b2EE\u00b5A\u00bfE\u00b0\u00aeEUA\u00ae\u00b7CAEoO\u00b5EIOA22-1536x970.jpg 1536w, https:\/\/arttao.org\/wp-content\/uploads\/2025\/03\/EaI\u00bcIo_601830466_\u00b2EE\u00b5A\u00bfE\u00b0\u00aeEUA\u00ae\u00b7CAEoO\u00b5EIOA22-2048x1294.jpg 2048w\" sizes=\"auto, (max-width: 1024px) 100vw, 1024px\" \/><\/figure>\n\n\n\n<p class=\"\"><a href=\"https:\/\/arttao.org\/tr\/h1-%e4%be%9d%e8%b5%96%e4%b8%8e%e6%88%90%e7%98%be%e9%97%ae%e9%a2%98\/\" data-type=\"page\" data-id=\"7032\">G.<strong>Sokratik Sorular - Ba\u011f\u0131ml\u0131l\u0131k ve Al\u0131\u015fkanl\u0131k Testi<\/strong><\/a><\/p>\n\n\n\n<p class=\"has-small-font-size\">Ba\u011f\u0131ml\u0131l\u0131k sorunlar\u0131 sadece maddelerle (alkol, nikotin ve uyu\u015fturucu gibi) s\u0131n\u0131rl\u0131 de\u011fildir; internet ba\u011f\u0131ml\u0131l\u0131\u011f\u0131, kumar ba\u011f\u0131ml\u0131l\u0131\u011f\u0131, duygusal ba\u011f\u0131ml\u0131l\u0131k ve i\u015f ba\u011f\u0131ml\u0131l\u0131\u011f\u0131 gibi davran\u0131\u015fsal ba\u011f\u0131ml\u0131l\u0131klar\u0131 da i\u00e7erir. Bunlar, bireyin belirli bir davran\u0131\u015f\u0131 kontrols\u00fcz bir \u015fekilde tekrarlamas\u0131yla karakterize edilir ve olumsuz sonu\u00e7lara ra\u011fmen durdurulmas\u0131 zordur. Ba\u011f\u0131ml\u0131l\u0131k k\u0131sa s\u00fcreli bir zevk verir ancak ki\u015fiyi yava\u015f yava\u015f \u00f6zg\u00fcrl\u00fc\u011f\u00fcnden ve iradesinden mahrum b\u0131rak\u0131r, hatta fiziksel sa\u011fl\u0131\u011f\u0131na, ili\u015fkilerine ve kariyerine zarar verir. Ba\u011f\u0131ml\u0131l\u0131\u011f\u0131n ard\u0131nda genellikle derin bir bo\u015fluk, \u00f6z denetim eksikli\u011fi veya psikolojik ac\u0131dan ka\u00e7ma e\u011filimi yatar. Etkili tedavi, &quot;kontrol&quot;den &quot;anlama&quot;ya do\u011fru bir ge\u00e7i\u015f yapmal\u0131, sa\u011fl\u0131kl\u0131 ba\u011flanma kal\u0131plar\u0131, \u00f6z sayg\u0131 duygusu ve dolayl\u0131 davran\u0131\u015flar olu\u015fturarak i\u00e7sel \u00f6zerkli\u011fi kademeli olarak yeniden sa\u011flamal\u0131d\u0131r.<\/p>","protected":false},"excerpt":{"rendered":"<p>A. \u82cf\u683c\u62c9\u5e95\u95ee\u7b54-\u7126\u8651\u76f8\u5173\u95ee\u9898\u6d4b\u8bd5 \u7126\u8651\u95ee\u9898\u8868\u73b0\u4e3a\u5bf9\u672a\u6765\u4e8b\u4ef6\u6301\u7eed\u4e14\u8fc7\u5ea6\u7684\u62c5\u5fe7\uff0c\u5f80\u5f80\u7f3a\u4e4f\u5177\u4f53\u7684\u5a01\u80c1\u4f9d\u636e\u3002\u5e38\u89c1\u7684 [&hellip;]<\/p>\n","protected":false},"author":1,"featured_media":0,"parent":0,"menu_order":0,"comment_status":"closed","ping_status":"closed","template":"","meta":{"nf_dc_page":"","om_disable_all_campaigns":false,"_monsterinsights_skip_tracking":false,"_monsterinsights_sitenote_active":false,"_monsterinsights_sitenote_note":"","_monsterinsights_sitenote_category":0,"footnotes":""},"class_list":["post-1251","page","type-page","status-publish","hentry"],"_links":{"self":[{"href":"https:\/\/arttao.org\/tr\/wp-json\/wp\/v2\/pages\/1251","targetHints":{"allow":["GET"]}}],"collection":[{"href":"https:\/\/arttao.org\/tr\/wp-json\/wp\/v2\/pages"}],"about":[{"href":"https:\/\/arttao.org\/tr\/wp-json\/wp\/v2\/types\/page"}],"author":[{"embeddable":true,"href":"https:\/\/arttao.org\/tr\/wp-json\/wp\/v2\/users\/1"}],"replies":[{"embeddable":true,"href":"https:\/\/arttao.org\/tr\/wp-json\/wp\/v2\/comments?post=1251"}],"version-history":[{"count":20,"href":"https:\/\/arttao.org\/tr\/wp-json\/wp\/v2\/pages\/1251\/revisions"}],"predecessor-version":[{"id":8874,"href":"https:\/\/arttao.org\/tr\/wp-json\/wp\/v2\/pages\/1251\/revisions\/8874"}],"wp:attachment":[{"href":"https:\/\/arttao.org\/tr\/wp-json\/wp\/v2\/media?parent=1251"}],"curies":[{"name":"wp","href":"https:\/\/api.w.org\/{rel}","templated":true}]}}