{"id":16363,"date":"2025-12-23T03:16:15","date_gmt":"2025-12-23T03:16:15","guid":{"rendered":"https:\/\/arttao.org\/?page_id=16363"},"modified":"2025-12-23T03:16:15","modified_gmt":"2025-12-23T03:16:15","slug":"hakkimizda-arttao-hakkinda","status":"publish","type":"page","link":"https:\/\/arttao.org\/tr\/%e5%85%b3%e4%ba%8e%e6%88%91%e4%bb%ac%ef%bd%9cabout-arttao\/","title":{"rendered":"Hakk\u0131m\u0131zda | Arttao Hakk\u0131nda"},"content":{"rendered":"<div style=\"max-width: 900px; margin: 0 auto; font-family: Georgia, 'Times New Roman', serif; line-height: 1.9; color: #333; padding: 10px 16px;\">\n<h2 style=\"text-align:center; margin: 8px 0 18px; font-size: 30px; letter-spacing: 0.5px;\"><\/h2>\n<p style=\"margin: 0 0 16px;\">\n    <strong>Arttao.org<\/strong> Bu bir <strong>Ruh sa\u011fl\u0131\u011f\u0131, sanat terapisi ve yapay zeka destekli hizmetler<\/strong> [Temel unsur] etraf\u0131nda \u015fekillenen kapsaml\u0131 bir platform.<br \/>\n    Ger\u00e7ek hayatta kolayca g\u00f6z ard\u0131 edilen, yanl\u0131\u015f anla\u015f\u0131lan veya s\u00fcrekli destekten yoksun olanlara odaklan\u0131yoruz ve yap\u0131land\u0131r\u0131lm\u0131\u015f i\u00e7erik ile nazik ve s\u00fcrd\u00fcr\u00fclebilir bir yakla\u015f\u0131m sunmaya kararl\u0131y\u0131z.<br \/>\n    Bireylerin kendi psikolojik durumlar\u0131n\u0131 anlamalar\u0131na, i\u00e7 d\u00fczenlerini yeniden sa\u011flamalar\u0131na ve kademeli olarak daha istikrarl\u0131 bir ya\u015fam ritmi olu\u015fturmalar\u0131na yard\u0131mc\u0131 olur.\n  <\/p>\n<h3 style=\"margin: 22px 0 10px; font-size: 20px;\">\n    Ne yap\u0131yoruz?<br \/>\n  <\/h3>\n<p style=\"margin: 0 0 12px;\">\n    Arttao basit bir &quot;psikolojik test sitesi&quot; ya da tek bir \u00e7evrimi\u00e7i kurs platformu de\u011fildir. A\u015fa\u011f\u0131dakiler de dahil olmak \u00fczere, \u00e7ok katmanl\u0131 bir psikolojik destek ve sanat terapisi sistemi olu\u015fturduk:\n  <\/p>\n<ul style=\"margin: 0 0 16px 20px; padding: 0;\">\n<li style=\"margin: 6px 0;\">Sistematik psikolojik durum de\u011ferlendirme ve \u00f6z-anlama ara\u00e7lar\u0131<\/li>\n<li style=\"margin: 6px 0;\">Kayg\u0131, depresyon, travma, uyku ve ba\u011f\u0131ml\u0131l\u0131k gibi alanlar\u0131 kapsayan uzun s\u00fcreli iyile\u015ftirme kurslar\u0131.<\/li>\n<li style=\"margin: 6px 0;\">\u00c7ay i\u00e7me, beslenme terapisi, kaligrafi, resim, m\u00fczik ve mandala izleme gibi k\u00fclt\u00fcrleraras\u0131 sanat terapisi i\u00e7eriklerini bir araya getiriyor.<\/li>\n<li style=\"margin: 6px 0;\">Yapay zek\u00e2 destekli arkada\u015fl\u0131k ve rehberlik, profesyonel t\u0131bbi bak\u0131m\u0131n yerini alacak bir &quot;te\u015fhis arac\u0131&quot; olmaktan ziyade, birer yol g\u00f6sterici niteli\u011findedir.\u201c<\/li>\n<\/ul>\n<p style=\"margin: 0 0 16px;\">\n    Biz daha \u00e7ok endi\u015feliyiz.<strong>i\u015flem<\/strong>&quot;Acil iyile\u015fme&quot; yerine, \u015funlara odaklan\u0131n:<strong>Anlama ve Uyum Sa\u011flama<\/strong>Sonu\u00e7lar\u0131 etiketlemek yerine.\n  <\/p>\n<h3 style=\"margin: 22px 0 10px; font-size: 20px;\">\n    Psikolojik deste\u011fe nas\u0131l bak\u0131yoruz?<br \/>\n  <\/h3>\n<p style=\"margin: 0 0 16px;\">\n    Psikolojik s\u0131k\u0131nt\u0131n\u0131n &quot;anormallik&quot; ile ayn\u0131 \u015fey olmad\u0131\u011f\u0131na inan\u0131yoruz; genellikle uzun s\u00fcreli stresin, \u00e7evresel fakt\u00f6rlerin, ili\u015fki bi\u00e7imlerinin ve fiziksel durumun birle\u015fik etkilerinin sonucudur.<br \/>\n    Dolay\u0131s\u0131yla, Arttao taraf\u0131ndan sa\u011flanan i\u00e7erik \u015fu prensiplere uymaktad\u0131r:\n  <\/p>\n<ul style=\"margin: 0 0 16px 20px; padding: 0;\">\n<li style=\"margin: 6px 0;\">Panik yaratmay\u0131n, belirtileri abartmay\u0131n.<\/li>\n<li style=\"margin: 6px 0;\">Karma\u015f\u0131k deneyimleri tek bir sonuca indirgemeyin.<\/li>\n<li style=\"margin: 6px 0;\">Ba\u011f\u0131ml\u0131l\u0131\u011f\u0131 te\u015fvik etmek i\u00e7in duygusal dil kullanmay\u0131n.<\/li>\n<li style=\"margin: 6px 0;\">Bireysel ritimlere sayg\u0131 g\u00f6sterin ve tekrarlara ve duraklamalara izin verin.<\/li>\n<\/ul>\n<p style=\"margin: 0 0 16px;\">\n    Burada psikolojik destek kilit bir unsurdur.<strong>Yava\u015f\u00e7a y\u00fcr\u00fcnebilecek bir yol<\/strong>\u3002\n  <\/p>\n<h3 style=\"margin: 22px 0 10px; font-size: 20px;\">\n    Sanat Terapisinin \u00d6nemi<br \/>\n  <\/h3>\n<p style=\"margin: 0 0 12px;\">\n    Sanat, &quot;ne kadar iyi ifade edildi\u011fi&quot; ile ilgili de\u011fil, daha \u00e7ok...<strong>Alg\u0131y\u0131 ve ba\u011flant\u0131y\u0131 yeniden kurmak<\/strong>Arttao&#039;da sanat terapisi bir beceri e\u011fitim program\u0131 de\u011fil, aksine g\u00fcnl\u00fck, eri\u015filebilir bir uygulamad\u0131r. \u00d6rne\u011fin:\n  <\/p>\n<ul style=\"margin: 0 0 16px 20px; padding: 0;\">\n<li style=\"margin: 6px 0;\">Mandala, &quot;bir \u015fey \u00e7izmek&quot; de\u011fil, onu izlemek ve \u00fczerinde uzun s\u00fcre durmakla ilgilidir.<\/li>\n<li style=\"margin: 6px 0;\">Kaligrafi, \u00fcslup pe\u015finde ko\u015fmak de\u011fil, ritim ve nefesle ilgilidir.<\/li>\n<li style=\"margin: 6px 0;\">\u00c7ay i\u00e7mek ve diyet terapisi, gizemli tariflerle ilgili de\u011fil, aksine v\u00fccut d\u00fczenlemesinin ba\u015flang\u0131\u00e7 noktas\u0131d\u0131r.<\/li>\n<\/ul>\n<p style=\"margin: 0 0 16px;\">\n    Burada sanat, psikolojik uyumun bir dilidir.\n  <\/p>\n<h3 style=\"margin: 22px 0 10px; font-size: 20px;\">\n    Yapay zekan\u0131n rol\u00fc<br \/>\n  <\/h3>\n<p style=\"margin: 0 0 16px;\">\n    Arttao yapay zekay\u0131 \u015fu ama\u00e7larla kullan\u0131yor...<strong>Destek ara\u00e7lar\u0131<\/strong>Yetkili yarg\u0131\u00e7lardan ziyade yapay zek\u00e2 \u015fu alanlarda \u00e7ok \u00f6nemli bir rol oynar:\n  <\/p>\n<ul style=\"margin: 0 0 16px 20px; padding: 0;\">\n<li style=\"margin: 6px 0;\">D\u00fc\u015f\u00fcnceleri ve duygusal ipu\u00e7lar\u0131n\u0131 d\u00fczenlemeye yard\u0131mc\u0131 olur.<\/li>\n<li style=\"margin: 6px 0;\">Yap\u0131land\u0131r\u0131lm\u0131\u015f d\u00fc\u015f\u00fcnme ve probleme dayal\u0131 rehberlik sa\u011flay\u0131n.<\/li>\n<li style=\"margin: 6px 0;\">Psikolojik deste\u011fe eri\u015fimdeki engelleri azaltmak<\/li>\n<\/ul>\n<p style=\"margin: 0 0 16px;\">\n    Bu i\u00e7erikteki hi\u00e7bir \u015fey t\u0131bbi te\u015fhis veya profesyonel tedavi yerine ge\u00e7me amac\u0131 ta\u015f\u0131mamaktad\u0131r. Gerekirse bir doktordan veya ruh sa\u011fl\u0131\u011f\u0131 uzman\u0131ndan yard\u0131m alman\u0131z\u0131 \u00f6neririz.\n  <\/p>\n<h3 style=\"margin: 22px 0 10px; font-size: 20px;\">\n    Vizyonumuz<br \/>\n  <\/h3>\n<p style=\"margin: 0 0 16px;\">\n    Arttao, olmay\u0131 umuyor.<strong>Uzun s\u00fcreli, istikrarl\u0131 ve a\u015f\u0131r\u0131 uyar\u0131lmadan uzak bir varolu\u015f.<\/strong>Psikolojik ve sanatsal destek alan\u0131; performans sergilemek veya &quot;ilerlemenizi raporlamak&quot; zorunda kalmadan tekrar tekrar d\u00f6nebilece\u011finiz bir yer.\n  <\/p>\n<p style=\"margin: 0 0 6px;\">\n    Sizi tan\u0131mlamaya veya d\u00fczeltmeye acele etmeyen bir platform ar\u0131yorsan\u0131z,\n  <\/p>\n<p style=\"margin: 0 0 6px;\">\n    Belki de burada bir s\u00fcre vakit ge\u00e7irebilirsiniz.\n  <\/p>\n<hr style=\"border: none; border-top: 1px solid #e6e6e6; margin: 22px 0;\" \/>\n<p style=\"margin: 0; font-size: 13px; color: #666;\">\n    Yasal Uyar\u0131: Arttao.org taraf\u0131ndan sa\u011flanan i\u00e7erik yaln\u0131zca psikolojik e\u011fitim ve \u00f6z destek referans\u0131 ama\u00e7l\u0131d\u0131r ve t\u0131bbi tavsiye veya te\u015fhis niteli\u011fi ta\u015f\u0131maz. Acil bir durumdaysan\u0131z veya kendinize zarar verme riski ta\u015f\u0131yorsan\u0131z, l\u00fctfen derhal yerel acil servislerle veya profesyonel bir kurulu\u015fla ileti\u015fime ge\u00e7in.\n  <\/p>\n<\/div>","protected":false},"excerpt":{"rendered":"<p>Arttao.org \u662f\u4e00\u4e2a\u4ee5 \u5fc3\u7406\u5065\u5eb7\u3001\u827a\u672f\u7597\u6108\u4e0e\u4eba\u5de5\u667a\u80fd\u8f85\u52a9\u652f\u6301 \u4e3a\u6838\u5fc3\u7684\u7efc\u5408\u6027\u5e73\u53f0\u3002 \u6211\u4eec\u5173\u6ce8\u90a3\u4e9b\u5728\u73b0\u5b9e [&hellip;]<\/p>\n","protected":false},"author":1,"featured_media":0,"parent":0,"menu_order":0,"comment_status":"closed","ping_status":"closed","template":"","meta":{"nf_dc_page":"","om_disable_all_campaigns":false,"_monsterinsights_skip_tracking":false,"_monsterinsights_sitenote_active":false,"_monsterinsights_sitenote_note":"","_monsterinsights_sitenote_category":0,"footnotes":""},"class_list":["post-16363","page","type-page","status-publish","hentry"],"_links":{"self":[{"href":"https:\/\/arttao.org\/tr\/wp-json\/wp\/v2\/pages\/16363","targetHints":{"allow":["GET"]}}],"collection":[{"href":"https:\/\/arttao.org\/tr\/wp-json\/wp\/v2\/pages"}],"about":[{"href":"https:\/\/arttao.org\/tr\/wp-json\/wp\/v2\/types\/page"}],"author":[{"embeddable":true,"href":"https:\/\/arttao.org\/tr\/wp-json\/wp\/v2\/users\/1"}],"replies":[{"embeddable":true,"href":"https:\/\/arttao.org\/tr\/wp-json\/wp\/v2\/comments?post=16363"}],"version-history":[{"count":1,"href":"https:\/\/arttao.org\/tr\/wp-json\/wp\/v2\/pages\/16363\/revisions"}],"predecessor-version":[{"id":16364,"href":"https:\/\/arttao.org\/tr\/wp-json\/wp\/v2\/pages\/16363\/revisions\/16364"}],"wp:attachment":[{"href":"https:\/\/arttao.org\/tr\/wp-json\/wp\/v2\/media?parent=16363"}],"curies":[{"name":"wp","href":"https:\/\/api.w.org\/{rel}","templated":true}]}}