{"id":6853,"date":"2025-06-28T05:27:50","date_gmt":"2025-06-28T05:27:50","guid":{"rendered":"https:\/\/arttao.org\/?page_id=6853"},"modified":"2025-07-25T19:15:08","modified_gmt":"2025-07-25T19:15:08","slug":"sokratik-soru-cevap-kaygiya-iliskin-sorular-testi","status":"publish","type":"page","link":"https:\/\/arttao.org\/tr\/a-%e8%8b%8f%e6%a0%bc%e6%8b%89%e5%ba%95%e9%97%ae%e7%ad%94-%e7%84%a6%e8%99%91%e7%9b%b8%e5%85%b3%e9%97%ae%e9%a2%98%e6%b5%8b%e8%af%95\/","title":{"rendered":"A. Sokratik Soru ve Cevaplar - Kayg\u0131ya Dayal\u0131 Sorular Testi"},"content":{"rendered":"<p class=\"\"><\/p>\n\n\n\n<figure class=\"wp-block-image size-large is-resized\"><img loading=\"lazy\" decoding=\"async\" width=\"1024\" height=\"735\" src=\"https:\/\/arttao.org\/wp-content\/uploads\/2025\/06\/EaI\u00bcIo_601793889_\u00bf\u00a8I\u00a8D\u00a1A\u00aeo\u00a2I\u00b7\u00b4\u00f7\u00a8\u00b6a\u00b7CAEoO\u00b5EIOA-1024x735.jpg\" alt=\"\" class=\"wp-image-7104\" style=\"width:69px;height:auto\" srcset=\"https:\/\/arttao.org\/wp-content\/uploads\/2025\/06\/EaI\u00bcIo_601793889_\u00bf\u00a8I\u00a8D\u00a1A\u00aeo\u00a2I\u00b7\u00b4\u00f7\u00a8\u00b6a\u00b7CAEoO\u00b5EIOA-1024x735.jpg 1024w, https:\/\/arttao.org\/wp-content\/uploads\/2025\/06\/EaI\u00bcIo_601793889_\u00bf\u00a8I\u00a8D\u00a1A\u00aeo\u00a2I\u00b7\u00b4\u00f7\u00a8\u00b6a\u00b7CAEoO\u00b5EIOA-300x215.jpg 300w, https:\/\/arttao.org\/wp-content\/uploads\/2025\/06\/EaI\u00bcIo_601793889_\u00bf\u00a8I\u00a8D\u00a1A\u00aeo\u00a2I\u00b7\u00b4\u00f7\u00a8\u00b6a\u00b7CAEoO\u00b5EIOA-768x551.jpg 768w, https:\/\/arttao.org\/wp-content\/uploads\/2025\/06\/EaI\u00bcIo_601793889_\u00bf\u00a8I\u00a8D\u00a1A\u00aeo\u00a2I\u00b7\u00b4\u00f7\u00a8\u00b6a\u00b7CAEoO\u00b5EIOA-1536x1102.jpg 1536w, https:\/\/arttao.org\/wp-content\/uploads\/2025\/06\/EaI\u00bcIo_601793889_\u00bf\u00a8I\u00a8D\u00a1A\u00aeo\u00a2I\u00b7\u00b4\u00f7\u00a8\u00b6a\u00b7CAEoO\u00b5EIOA-2048x1469.jpg 2048w\" sizes=\"auto, (max-width: 1024px) 100vw, 1024px\" \/><\/figure>\n\n\n\n<p class=\"\">A<a href=\"https:\/\/arttao.org\/tr\/a2-%e4%bb%80%e4%b9%88%e6%98%af%e5%bf%83%e7%90%86%e7%84%a6%e8%99%91%e9%97%ae%e9%a2%98%ef%bc%9f\/\">.\u00a0<strong>Psikolojik kayg\u0131 nedir?<\/strong><\/a><\/p>\n\n\n\n<p class=\"has-small-font-size\">Psikolojik bir teste ba\u015flamadan \u00f6nce &quot;kayg\u0131 nedir&quot; sorusunu anlamak \u00e7ok \u00f6nemlidir. Bir\u00e7ok insan kayg\u0131 testlerine belirsiz veya yanl\u0131\u015f anla\u015f\u0131lm\u0131\u015f kavramlarla yakla\u015f\u0131r ve &quot;kayg\u0131 e\u015fittir k\u0131r\u0131lganl\u0131k&quot; veya &quot;kayg\u0131 e\u015fittir hastal\u0131k&quot; diye d\u00fc\u015f\u00fcn\u00fcr. Bu durum savunma mekanizmalar\u0131na, ger\u00e7ek duygular\u0131n a\u015f\u0131r\u0131 bast\u0131r\u0131lmas\u0131na ve testin ge\u00e7erlili\u011fini ve sonras\u0131ndaki iyile\u015fme s\u00fcre\u00e7lerini olumsuz etkileyebilir.<\/p>\n\n\n\n<p class=\"has-small-font-size\">Kayg\u0131n\u0131n do\u011fas\u0131n\u0131 anlamak, bireylerin damgalanm\u0131\u015f korkular\u0131ndan kurtulmalar\u0131na yard\u0131mc\u0131 olabilir. Kayg\u0131 bir kusur de\u011fil, yayg\u0131n bir insan stres tepkisidir. Orta d\u00fczeydeki kayg\u0131 koruyucu bir i\u015fleve sahiptir, ancak a\u015f\u0131r\u0131, s\u0131k ve kal\u0131c\u0131 hale gelip g\u00fcnl\u00fck ya\u015fam\u0131 etkiledi\u011finde psikolojik bir probleme d\u00f6n\u00fc\u015febilir. Bu nedenle, test \u00f6ncesinde &quot;normal kayg\u0131&quot; ve &quot;patolojik kayg\u0131&quot; aras\u0131ndaki fark\u0131 a\u00e7\u0131kl\u0131\u011fa kavu\u015fturmak, \u00f6z fark\u0131ndal\u0131\u011f\u0131 art\u0131rmaya ve utan\u00e7 veya inkara d\u00fc\u015fmek yerine kendi durumuna objektif bir bak\u0131\u015f a\u00e7\u0131s\u0131yla bakmaya yard\u0131mc\u0131 olur.<\/p>\n\n\n\n<p class=\"has-small-font-size\">Daha da \u00f6nemlisi, kayg\u0131n\u0131n alt\u0131nda yatan mekanizmalar\u0131 (bili\u015fsel \u00e7arp\u0131tma, a\u015f\u0131r\u0131 tetikte olma ve ka\u00e7\u0131nma davran\u0131\u015flar\u0131 gibi) anlamadan, test s\u0131ras\u0131nda semptomlar\u0131 daha do\u011fru bir \u015fekilde belirleyemeyiz ve sonraki analiz ve tedavi i\u00e7in temel olu\u015fturamay\u0131z. K\u0131sacas\u0131, kayg\u0131n\u0131n ger\u00e7ek anlam\u0131n\u0131 anlamak, etkili psikolojik de\u011ferlendirme ve \u00f6z bak\u0131m i\u00e7in ba\u015flang\u0131\u00e7 noktas\u0131d\u0131r.<\/p>\n\n\n\n<p class=\"has-small-font-size\"><\/p>\n\n\n\n<figure class=\"wp-block-image size-large is-resized\"><img loading=\"lazy\" decoding=\"async\" width=\"1024\" height=\"735\" src=\"https:\/\/arttao.org\/wp-content\/uploads\/2025\/06\/EaI\u00bcIo_601793889_\u00bf\u00a8I\u00a8D\u00a1A\u00aeo\u00a2I\u00b7\u00b4\u00f7\u00a8\u00b6a\u00b7CAEoO\u00b5EIOA-1024x735.jpg\" alt=\"\" class=\"wp-image-7104\" style=\"width:68px;height:auto\" srcset=\"https:\/\/arttao.org\/wp-content\/uploads\/2025\/06\/EaI\u00bcIo_601793889_\u00bf\u00a8I\u00a8D\u00a1A\u00aeo\u00a2I\u00b7\u00b4\u00f7\u00a8\u00b6a\u00b7CAEoO\u00b5EIOA-1024x735.jpg 1024w, https:\/\/arttao.org\/wp-content\/uploads\/2025\/06\/EaI\u00bcIo_601793889_\u00bf\u00a8I\u00a8D\u00a1A\u00aeo\u00a2I\u00b7\u00b4\u00f7\u00a8\u00b6a\u00b7CAEoO\u00b5EIOA-300x215.jpg 300w, https:\/\/arttao.org\/wp-content\/uploads\/2025\/06\/EaI\u00bcIo_601793889_\u00bf\u00a8I\u00a8D\u00a1A\u00aeo\u00a2I\u00b7\u00b4\u00f7\u00a8\u00b6a\u00b7CAEoO\u00b5EIOA-768x551.jpg 768w, https:\/\/arttao.org\/wp-content\/uploads\/2025\/06\/EaI\u00bcIo_601793889_\u00bf\u00a8I\u00a8D\u00a1A\u00aeo\u00a2I\u00b7\u00b4\u00f7\u00a8\u00b6a\u00b7CAEoO\u00b5EIOA-1536x1102.jpg 1536w, https:\/\/arttao.org\/wp-content\/uploads\/2025\/06\/EaI\u00bcIo_601793889_\u00bf\u00a8I\u00a8D\u00a1A\u00aeo\u00a2I\u00b7\u00b4\u00f7\u00a8\u00b6a\u00b7CAEoO\u00b5EIOA-2048x1469.jpg 2048w\" sizes=\"auto, (max-width: 1024px) 100vw, 1024px\" \/><\/figure>\n\n\n\n<p class=\"has-medium-font-size\">A.<a style=\"font-weight: bold;\" href=\"https:\/\/arttao.org\/tr\/a-%e7%84%a6%e8%99%91%e7%9b%b8%e5%85%b3%e9%97%ae%e9%a2%98\/\"><strong>Kayg\u0131 ile ilgili soru testi<\/strong><\/a><\/p>\n\n\n\n<p class=\"has-small-font-size\">Psikolojik bir teste girmeden \u00f6nce, &quot;test kayg\u0131s\u0131yla ilgili sorunlar\u0131n&quot; ne oldu\u011funu anlamak \u00e7ok \u00f6nemlidir. Bu, yaln\u0131zca test sonu\u00e7lar\u0131n\u0131n do\u011frulu\u011funu etkilemekle kalmaz, ayn\u0131 zamanda testten ger\u00e7ekten fayda g\u00f6r\u00fcp g\u00f6remeyece\u011finizi de belirler. Bir\u00e7ok insan, &quot;kayg\u0131&quot; kelimesini g\u00f6rd\u00fc\u011f\u00fcnde kolayca &quot;Ak\u0131l hastal\u0131\u011f\u0131m m\u0131 var?&quot; veya &quot;Bende bir sorun mu var?&quot; ile ili\u015fkilendirir. Bu, savunmac\u0131 bir zihniyet yaratabilir ve cevaplar\u0131n\u0131n do\u011frulu\u011funu etkileyebilir. Ger\u00e7ekte, kayg\u0131 yayg\u0131n bir duygusal tepkidir; yaln\u0131zca s\u0131k, a\u015f\u0131r\u0131 veya g\u00fcnl\u00fck ya\u015fam\u0131 aksatacak d\u00fczeyde oldu\u011funda psikolojik bir s\u0131k\u0131nt\u0131 olarak kabul edilir.<\/p>\n\n\n\n<p class=\"has-small-font-size\">\u201c&quot;Kayg\u0131ya Ba\u011fl\u0131 Sorunlar&quot; testi etiketleme amac\u0131 ta\u015f\u0131maz; kayg\u0131 t\u00fcr\u00fcn\u00fc (genel kayg\u0131, sosyal kayg\u0131, \u00f6zg\u00fcl fobiler vb.), altta yatan mekanizmalar\u0131 (bili\u015fsel \u00e7arp\u0131tma ve ka\u00e7\u0131nma davran\u0131\u015flar\u0131 gibi), fiziksel tepkileri (kalp at\u0131\u015f h\u0131z\u0131nda art\u0131\u015f ve kas gerginli\u011fi gibi) ve duygusal ifadeyi belirlemenize yard\u0131mc\u0131 olmay\u0131 ama\u00e7lar. Bu anlay\u0131\u015f, paniklemek yerine kayg\u0131yla daha stratejik bir \u015fekilde ba\u015fa \u00e7\u0131kman\u0131z\u0131 sa\u011flar.<\/p>\n\n\n\n<p class=\"has-small-font-size\">S\u0131nav\u0131n yap\u0131s\u0131n\u0131 ve amac\u0131n\u0131 \u00f6nceden anlamak, &quot;s\u0131nav zihniyetinden&quot; kurtulman\u0131za ve daha a\u00e7\u0131k ve d\u00fcr\u00fcst bir tav\u0131rla cevap vermenize yard\u0131mc\u0131 olur. Bu zihinsel haz\u0131rl\u0131k, s\u0131nav ge\u00e7erlili\u011fini art\u0131rmada \u00e7ok \u00f6nemli bir ad\u0131md\u0131r. K\u0131sacas\u0131, s\u0131nav kayg\u0131s\u0131n\u0131n do\u011fas\u0131n\u0131 anlamak, kendini ke\u015ffetme ve iyile\u015fmenin ilk ad\u0131m\u0131d\u0131r.<strong>\u3002<\/strong><\/p>\n\n\n\n<p class=\"\"><\/p>","protected":false},"excerpt":{"rendered":"<p>A.\u00a0\u4ec0\u4e48\u662f\u5fc3\u7406\u7126\u8651\u95ee\u9898\uff1f \u5728\u5fc3\u7406\u6d4b\u8bd5\u5f00\u59cb\u4e4b\u524d\uff0c\u4e86\u89e3\u201c\u4ec0\u4e48\u662f\u5fc3\u7406\u7126\u8651\u95ee\u9898\u201d\u5177\u6709\u975e\u5e38\u91cd\u8981\u7684\u610f\u4e49\u3002\u8bb8\u591a\u4eba\u5728\u9762\u5bf9\u7126\u8651 [&hellip;]<\/p>\n","protected":false},"author":1,"featured_media":0,"parent":0,"menu_order":0,"comment_status":"closed","ping_status":"closed","template":"","meta":{"nf_dc_page":"","om_disable_all_campaigns":false,"_monsterinsights_skip_tracking":false,"_monsterinsights_sitenote_active":false,"_monsterinsights_sitenote_note":"","_monsterinsights_sitenote_category":0,"footnotes":""},"class_list":["post-6853","page","type-page","status-publish","hentry"],"_links":{"self":[{"href":"https:\/\/arttao.org\/tr\/wp-json\/wp\/v2\/pages\/6853","targetHints":{"allow":["GET"]}}],"collection":[{"href":"https:\/\/arttao.org\/tr\/wp-json\/wp\/v2\/pages"}],"about":[{"href":"https:\/\/arttao.org\/tr\/wp-json\/wp\/v2\/types\/page"}],"author":[{"embeddable":true,"href":"https:\/\/arttao.org\/tr\/wp-json\/wp\/v2\/users\/1"}],"replies":[{"embeddable":true,"href":"https:\/\/arttao.org\/tr\/wp-json\/wp\/v2\/comments?post=6853"}],"version-history":[{"count":10,"href":"https:\/\/arttao.org\/tr\/wp-json\/wp\/v2\/pages\/6853\/revisions"}],"predecessor-version":[{"id":8184,"href":"https:\/\/arttao.org\/tr\/wp-json\/wp\/v2\/pages\/6853\/revisions\/8184"}],"wp:attachment":[{"href":"https:\/\/arttao.org\/tr\/wp-json\/wp\/v2\/media?parent=6853"}],"curies":[{"name":"wp","href":"https:\/\/api.w.org\/{rel}","templated":true}]}}