{"id":6864,"date":"2025-06-28T06:05:33","date_gmt":"2025-06-28T06:05:33","guid":{"rendered":"https:\/\/arttao.org\/?page_id=6864"},"modified":"2025-07-25T19:16:17","modified_gmt":"2025-07-25T19:16:17","slug":"b-depresyonla-ilgili-konulara-dair-sokratik-soru-cevap-testi","status":"publish","type":"page","link":"https:\/\/arttao.org\/tr\/b-%e8%8b%8f%e6%a0%bc%e6%8b%89%e5%ba%95%e9%97%ae%e7%ad%94-%e6%8a%91%e9%83%81%e7%9b%b8%e5%85%b3%e9%97%ae%e9%a2%98%e6%b5%8b%e8%af%95\/","title":{"rendered":"B. Sokratik Sorular - Depresyonla \u0130lgili Sorular Testi"},"content":{"rendered":"<p class=\"\"><\/p>\n\n\n\n<figure class=\"wp-block-image size-large is-resized\"><img loading=\"lazy\" decoding=\"async\" width=\"927\" height=\"1024\" src=\"https:\/\/arttao.org\/wp-content\/uploads\/2025\/05\/EaI\u00bcIo_601794473_\u00a8\u00b7\u00a2EUA\u00aeD\u00a4In\u00b7CAEoO\u00b5EIOA2-927x1024.jpg\" alt=\"\" class=\"wp-image-3663\" style=\"width:56px;height:auto\" srcset=\"https:\/\/arttao.org\/wp-content\/uploads\/2025\/05\/EaI\u00bcIo_601794473_\u00a8\u00b7\u00a2EUA\u00aeD\u00a4In\u00b7CAEoO\u00b5EIOA2-927x1024.jpg 927w, https:\/\/arttao.org\/wp-content\/uploads\/2025\/05\/EaI\u00bcIo_601794473_\u00a8\u00b7\u00a2EUA\u00aeD\u00a4In\u00b7CAEoO\u00b5EIOA2-272x300.jpg 272w, https:\/\/arttao.org\/wp-content\/uploads\/2025\/05\/EaI\u00bcIo_601794473_\u00a8\u00b7\u00a2EUA\u00aeD\u00a4In\u00b7CAEoO\u00b5EIOA2-768x848.jpg 768w, https:\/\/arttao.org\/wp-content\/uploads\/2025\/05\/EaI\u00bcIo_601794473_\u00a8\u00b7\u00a2EUA\u00aeD\u00a4In\u00b7CAEoO\u00b5EIOA2-1391x1536.jpg 1391w, https:\/\/arttao.org\/wp-content\/uploads\/2025\/05\/EaI\u00bcIo_601794473_\u00a8\u00b7\u00a2EUA\u00aeD\u00a4In\u00b7CAEoO\u00b5EIOA2-1855x2048.jpg 1855w\" sizes=\"auto, (max-width: 927px) 100vw, 927px\" \/><\/figure>\n\n\n\n<p class=\"\"><a href=\"https:\/\/arttao.org\/tr\/b-%e4%bb%80%e4%b9%88%e6%98%af%e6%8a%91%e9%83%81%e7%9b%b8%e5%85%b3%e9%97%ae%e9%a2%98%ef%bc%9f\/\" data-type=\"page\" data-id=\"6936\">B. <strong>Depresyonla ilgili sorunlar nelerdir?<\/strong><\/a><\/p>\n\n\n\n<p class=\"has-small-font-size\">Psikolojik bir teste girmeden \u00f6nce, &quot;depresyonla ilgili sorunlar\u0131n neler oldu\u011funu&quot; anlamak \u00e7ok \u00f6nemlidir. Bir\u00e7ok insan depresyonu sadece ge\u00e7ici mutsuzluk veya d\u00fc\u015f\u00fck ruh hali olarak yanl\u0131\u015f anlar; ancak depresif bozukluklar \u00e7ok daha karma\u015f\u0131kt\u0131r. Bunlar, s\u00fcrekli karamsarl\u0131k, ilgi kayb\u0131, enerji azalmas\u0131, umutsuzluk \u015feklinde kendini g\u00f6sterebilir ve hatta uyku bozukluklar\u0131, i\u015ftah de\u011fi\u015fiklikleri ve \u00f6z sayg\u0131 eksikli\u011fi ile birlikte g\u00f6r\u00fclebilir. Bu temel \u00f6zellikleri anlamadan, test kat\u0131l\u0131mc\u0131lar\u0131 genellikle kendi sorunlar\u0131n\u0131 g\u00f6zden ka\u00e7\u0131r\u0131r veya bunlar\u0131 ya\u015fam stresi, yorgunluk veya ki\u015filik sorunlar\u0131na ba\u011flar, b\u00f6ylece do\u011fru te\u015fhis ve yard\u0131m arama f\u0131rsatlar\u0131n\u0131 ka\u00e7\u0131r\u0131rlar.<\/p>\n\n\n\n<p class=\"has-small-font-size\">Ayr\u0131ca, maj\u00f6r depresif bozukluk, s\u00fcrekli depresyon, mevsimsel duygusal bozukluk ve do\u011fum sonras\u0131 depresyon gibi farkl\u0131 depresyon t\u00fcrleri, belirtileri ve ya\u015fam \u00fczerindeki olumsuz etkileri bak\u0131m\u0131ndan farkl\u0131l\u0131k g\u00f6sterir. Bu t\u00fcrler hakk\u0131nda temel bir anlay\u0131\u015f olmadan, test sonu\u00e7lar\u0131 y\u00fczeysel kalabilir ve altta yatan ger\u00e7ek sorunlar\u0131 ortaya \u00e7\u0131karamayabilir. Daha da \u00f6nemlisi, depresyonun bir zay\u0131fl\u0131k veya ba\u015far\u0131s\u0131zl\u0131k de\u011fil, tan\u0131mlanabilen, desteklenebilen ve iyile\u015ftirilebilen bir psikolojik durum oldu\u011funu anlamak, bireylerin test s\u00fcrecinde daha a\u00e7\u0131k ve kabullenici bir zihniyete sahip olmalar\u0131na yard\u0131mc\u0131 olur.<\/p>\n\n\n\n<p class=\"has-small-font-size\">Dolay\u0131s\u0131yla, s\u0131nav \u00f6ncesinde bilgi haz\u0131rl\u0131\u011f\u0131 sadece de\u011ferlendirmenin do\u011frulu\u011funu art\u0131rmakla kalmaz, ayn\u0131 zamanda ki\u015finin kendi psikolojik olgular\u0131n\u0131 anlamas\u0131n\u0131 da geli\u015ftirerek psikolojik ke\u015ffi daha bilin\u00e7li ve g\u00fc\u00e7l\u00fc hale getirir.<\/p>\n\n\n\n<p class=\"has-small-font-size\"><\/p>\n\n\n\n<figure class=\"wp-block-image size-large is-resized\"><img loading=\"lazy\" decoding=\"async\" width=\"927\" height=\"1024\" src=\"https:\/\/arttao.org\/wp-content\/uploads\/2025\/05\/EaI\u00bcIo_601794473_\u00a8\u00b7\u00a2EUA\u00aeD\u00a4In\u00b7CAEoO\u00b5EIOA2-927x1024.jpg\" alt=\"\" class=\"wp-image-3663\" style=\"width:55px;height:auto\" srcset=\"https:\/\/arttao.org\/wp-content\/uploads\/2025\/05\/EaI\u00bcIo_601794473_\u00a8\u00b7\u00a2EUA\u00aeD\u00a4In\u00b7CAEoO\u00b5EIOA2-927x1024.jpg 927w, https:\/\/arttao.org\/wp-content\/uploads\/2025\/05\/EaI\u00bcIo_601794473_\u00a8\u00b7\u00a2EUA\u00aeD\u00a4In\u00b7CAEoO\u00b5EIOA2-272x300.jpg 272w, https:\/\/arttao.org\/wp-content\/uploads\/2025\/05\/EaI\u00bcIo_601794473_\u00a8\u00b7\u00a2EUA\u00aeD\u00a4In\u00b7CAEoO\u00b5EIOA2-768x848.jpg 768w, https:\/\/arttao.org\/wp-content\/uploads\/2025\/05\/EaI\u00bcIo_601794473_\u00a8\u00b7\u00a2EUA\u00aeD\u00a4In\u00b7CAEoO\u00b5EIOA2-1391x1536.jpg 1391w, https:\/\/arttao.org\/wp-content\/uploads\/2025\/05\/EaI\u00bcIo_601794473_\u00a8\u00b7\u00a2EUA\u00aeD\u00a4In\u00b7CAEoO\u00b5EIOA2-1855x2048.jpg 1855w\" sizes=\"auto, (max-width: 927px) 100vw, 927px\" \/><\/figure>\n\n\n\n<p class=\"\"><a href=\"https:\/\/arttao.org\/tr\/%e4%ba%8c-%e6%8a%91%e9%83%81%e7%9b%b8%e5%85%b3%e9%97%ae%e9%a2%98-2\/\" data-type=\"page\" data-id=\"1476\">B. <strong>Depresyonla ilgili soru testleri <\/strong><\/a><\/p>\n\n\n\n<p class=\"has-small-font-size\">Depresyon, s\u00fcrekli d\u00fc\u015f\u00fck ruh haliyle karakterize edilen bir ruhsal bozukluktur. Yayg\u0131n belirtiler aras\u0131nda s\u00fcrekli \u00fcz\u00fcnt\u00fc, g\u00fcnl\u00fck aktivitelere ilgi kayb\u0131, kendini k\u00fc\u00e7\u00fcmseme, yorgunluk, konsantrasyon azalmas\u0131 ve hatta umutsuzluk ve intihar d\u00fc\u015f\u00fcnceleri yer al\u0131r. \u015eiddetli vakalara i\u015ftah veya kilo de\u011fi\u015fiklikleri, uyku sorunlar\u0131, duygusal uyu\u015fukluk ve fiziksel a\u011fr\u0131 da e\u015flik edebilir. Depresyon ge\u00e7ici bir d\u00fc\u015f\u00fck ruh hali de\u011fil, iki haftadan uzun s\u00fcren ve i\u015flevselli\u011fi \u00f6nemli \u00f6l\u00e7\u00fcde etkileyen bir ruhsal durumdur. Biyolojik genetik, ya\u015fam travmas\u0131, sosyal izolasyon veya uzun s\u00fcreli stresten kaynaklanabilir. Uzun s\u00fcreli depresyon ayr\u0131ca sosyal i\u015flevsellikte azalmaya, ki\u015fileraras\u0131 yabanc\u0131la\u015fmaya ve ya\u015famda anlam kayb\u0131na yol a\u00e7abilir. Duygular\u0131n zaman\u0131nda ifade edilmesi ve profesyonel m\u00fcdahale \u00e7ok \u00f6nemlidir.<\/p>\n\n\n\n<p class=\"\"><\/p>","protected":false},"excerpt":{"rendered":"<p>B. \u4ec0\u4e48\u662f\u6291\u90c1\u76f8\u5173\u95ee\u9898\uff1f \u5728\u5fc3\u7406\u6d4b\u8bd5\u524d\uff0c\u7406\u89e3\u201c\u4ec0\u4e48\u662f\u6291\u90c1\u76f8\u5173\u95ee\u9898\u201d\u5177\u6709\u5173\u952e\u610f\u4e49\u3002\u5f88\u591a\u4eba\u5c06\u6291\u90c1\u8bef\u89e3\u4e3a\u4e00\u65f6\u7684\u4e0d\u5f00 [&hellip;]<\/p>\n","protected":false},"author":1,"featured_media":0,"parent":0,"menu_order":0,"comment_status":"closed","ping_status":"closed","template":"","meta":{"nf_dc_page":"","om_disable_all_campaigns":false,"_monsterinsights_skip_tracking":false,"_monsterinsights_sitenote_active":false,"_monsterinsights_sitenote_note":"","_monsterinsights_sitenote_category":0,"footnotes":""},"class_list":["post-6864","page","type-page","status-publish","hentry"],"_links":{"self":[{"href":"https:\/\/arttao.org\/tr\/wp-json\/wp\/v2\/pages\/6864","targetHints":{"allow":["GET"]}}],"collection":[{"href":"https:\/\/arttao.org\/tr\/wp-json\/wp\/v2\/pages"}],"about":[{"href":"https:\/\/arttao.org\/tr\/wp-json\/wp\/v2\/types\/page"}],"author":[{"embeddable":true,"href":"https:\/\/arttao.org\/tr\/wp-json\/wp\/v2\/users\/1"}],"replies":[{"embeddable":true,"href":"https:\/\/arttao.org\/tr\/wp-json\/wp\/v2\/comments?post=6864"}],"version-history":[{"count":6,"href":"https:\/\/arttao.org\/tr\/wp-json\/wp\/v2\/pages\/6864\/revisions"}],"predecessor-version":[{"id":8185,"href":"https:\/\/arttao.org\/tr\/wp-json\/wp\/v2\/pages\/6864\/revisions\/8185"}],"wp:attachment":[{"href":"https:\/\/arttao.org\/tr\/wp-json\/wp\/v2\/media?parent=6864"}],"curies":[{"name":"wp","href":"https:\/\/api.w.org\/{rel}","templated":true}]}}