{"id":7618,"date":"2025-07-06T22:10:23","date_gmt":"2025-07-06T22:10:23","guid":{"rendered":"https:\/\/arttao.org\/?page_id=7618"},"modified":"2025-11-23T07:19:23","modified_gmt":"2025-11-23T07:19:23","slug":"d-travma-ve-stres-sorunlari-dersi","status":"publish","type":"page","link":"https:\/\/arttao.org\/tr\/d-%e5%88%9b%e4%bc%a4%e4%b8%8e%e5%ba%94%e6%bf%80%e9%97%ae%e9%a2%98-%e8%af%be%e7%a8%8b\/","title":{"rendered":"D. Travma ve Stres Sorunlar\u0131 - Kurs"},"content":{"rendered":"<p class=\"\"><\/p>\n\n\n\n<p class=\"\"><\/p>\n\n\n\n<figure class=\"wp-block-image size-large is-resized\"><img loading=\"lazy\" decoding=\"async\" width=\"1011\" height=\"1024\" src=\"https:\/\/arttao.org\/wp-content\/uploads\/2025\/07\/EaI\u00bcIo_601794473_\u00a8\u00b7\u00a2EUA\u00aeD\u00a4In\u00b7CAEoO\u00b5EIOA1-1011x1024.jpg\" alt=\"\" class=\"wp-image-7624\" style=\"width:67px;height:auto\" srcset=\"https:\/\/arttao.org\/wp-content\/uploads\/2025\/07\/EaI\u00bcIo_601794473_\u00a8\u00b7\u00a2EUA\u00aeD\u00a4In\u00b7CAEoO\u00b5EIOA1-1011x1024.jpg 1011w, https:\/\/arttao.org\/wp-content\/uploads\/2025\/07\/EaI\u00bcIo_601794473_\u00a8\u00b7\u00a2EUA\u00aeD\u00a4In\u00b7CAEoO\u00b5EIOA1-296x300.jpg 296w, https:\/\/arttao.org\/wp-content\/uploads\/2025\/07\/EaI\u00bcIo_601794473_\u00a8\u00b7\u00a2EUA\u00aeD\u00a4In\u00b7CAEoO\u00b5EIOA1-768x778.jpg 768w, https:\/\/arttao.org\/wp-content\/uploads\/2025\/07\/EaI\u00bcIo_601794473_\u00a8\u00b7\u00a2EUA\u00aeD\u00a4In\u00b7CAEoO\u00b5EIOA1-1516x1536.jpg 1516w, https:\/\/arttao.org\/wp-content\/uploads\/2025\/07\/EaI\u00bcIo_601794473_\u00a8\u00b7\u00a2EUA\u00aeD\u00a4In\u00b7CAEoO\u00b5EIOA1-2021x2048.jpg 2021w\" sizes=\"auto, (max-width: 1011px) 100vw, 1011px\" \/><\/figure>\n\n\n\n<p class=\"\"><a href=\"https:\/\/arttao.org\/tr\/%e7%ac%ac%e4%ba%8c%e5%8d%81%e4%ba%94%e8%af%be%ef%bc%9a%e5%88%9b%e4%bc%a4%e5%90%8e%e5%ba%94%e6%bf%80%e9%9a%9c%e7%a2%8d%ef%bc%88ptsd%ef%bc%89%ef%bc%88%e7%ac%ac881%ef%bd%9e920%e8%af%be%ef%bc%89\/\" data-type=\"page\" data-id=\"12411\">Ders 25: Travma Sonras\u0131 Stres Bozuklu\u011fu (TSSB) (Dersler 901-940)<\/a><\/p>\n\n\n\n<p class=\"has-small-font-size\">Bu ders, b\u00fcy\u00fck bir travmatik olay taraf\u0131ndan tetiklenen kal\u0131c\u0131 bir psikolojik tepki olan Travma Sonras\u0131 Stres Bozuklu\u011fu&#039;na (TSSB) odaklanmaktad\u0131r. TSSB&#039;nin temel semptomlar\u0131n\u0131 sistematik olarak a\u00e7\u0131klayaca\u011f\u0131z: geri d\u00f6n\u00fc\u015fler, ka\u00e7\u0131nma, olumsuz duygular ve a\u015f\u0131r\u0131 tetikte olma hali. Vaka \u00e7al\u0131\u015fmalar\u0131 arac\u0131l\u0131\u011f\u0131yla, kat\u0131l\u0131mc\u0131lar\u0131n kabuslar, duygusal uyu\u015fukluk ve \u00f6fke patlamalar\u0131 gibi g\u00fcnl\u00fck ya\u015famda kolayca g\u00f6zden ka\u00e7an belirtileri belirlemelerine yard\u0131mc\u0131 olaca\u011f\u0131z. Ayr\u0131ca, ders, bireylerin a\u015f\u0131r\u0131 stresle kar\u015f\u0131la\u015ft\u0131klar\u0131nda geli\u015ftirdikleri psikolojik savunma mekanizmalar\u0131n\u0131 a\u00e7\u0131klayan &quot;korku-donma-haf\u0131za s\u0131k\u0131\u015ft\u0131rma&quot; modeli gibi mekanizmalar\u0131n\u0131 da inceliyor. Bu ders sayesinde kat\u0131l\u0131mc\u0131lar, TSSB&#039;nin bir zay\u0131fl\u0131k belirtisi de\u011fil, beynin a\u015f\u0131r\u0131 durumlarda kendini koruma giri\u015fimi oldu\u011funu anlayacaklard\u0131r. Ayr\u0131ca, kat\u0131l\u0131mc\u0131lar\u0131n ilk g\u00fcvenli psikolojik ke\u015fiflerini yapmalar\u0131na yard\u0131mc\u0131 olmak i\u00e7in yapay zeka etkile\u015fimli bir mod\u00fcl\u00fcn yan\u0131 s\u0131ra, G\u00f6z Hareketleriyle Duyars\u0131zla\u015ft\u0131rma Terapisi (EMDR), maruz kalma terapisi ve fark\u0131ndal\u0131k meditasyonu gibi yayg\u0131n olarak kullan\u0131lan psikolojik terapileri ve kendi kendini onarma yollar\u0131n\u0131 da tan\u0131taca\u011f\u0131z. Bu kurs, travmatik olaylar ya\u015fam\u0131\u015f, an\u0131lar\u0131nda hapsolmu\u015f hisseden veya yard\u0131m mesleklerinde \u00e7al\u0131\u015fan kat\u0131l\u0131mc\u0131lar i\u00e7in uygundur.<\/p>\n\n\n\n<figure class=\"wp-block-image size-large is-resized\"><img loading=\"lazy\" decoding=\"async\" width=\"1011\" height=\"1024\" src=\"https:\/\/arttao.org\/wp-content\/uploads\/2025\/07\/EaI\u00bcIo_601794473_\u00a8\u00b7\u00a2EUA\u00aeD\u00a4In\u00b7CAEoO\u00b5EIOA1-1011x1024.jpg\" alt=\"\" class=\"wp-image-7624\" style=\"width:69px;height:auto\" srcset=\"https:\/\/arttao.org\/wp-content\/uploads\/2025\/07\/EaI\u00bcIo_601794473_\u00a8\u00b7\u00a2EUA\u00aeD\u00a4In\u00b7CAEoO\u00b5EIOA1-1011x1024.jpg 1011w, https:\/\/arttao.org\/wp-content\/uploads\/2025\/07\/EaI\u00bcIo_601794473_\u00a8\u00b7\u00a2EUA\u00aeD\u00a4In\u00b7CAEoO\u00b5EIOA1-296x300.jpg 296w, https:\/\/arttao.org\/wp-content\/uploads\/2025\/07\/EaI\u00bcIo_601794473_\u00a8\u00b7\u00a2EUA\u00aeD\u00a4In\u00b7CAEoO\u00b5EIOA1-768x778.jpg 768w, https:\/\/arttao.org\/wp-content\/uploads\/2025\/07\/EaI\u00bcIo_601794473_\u00a8\u00b7\u00a2EUA\u00aeD\u00a4In\u00b7CAEoO\u00b5EIOA1-1516x1536.jpg 1516w, https:\/\/arttao.org\/wp-content\/uploads\/2025\/07\/EaI\u00bcIo_601794473_\u00a8\u00b7\u00a2EUA\u00aeD\u00a4In\u00b7CAEoO\u00b5EIOA1-2021x2048.jpg 2021w\" sizes=\"auto, (max-width: 1011px) 100vw, 1011px\" \/><\/figure>\n\n\n\n<p class=\"\"><a href=\"https:\/\/arttao.org\/tr\/%e7%ac%ac%e4%ba%8c%e5%8d%81%e5%85%ad%e8%af%be%ef%bc%9a%e5%bf%83%e7%90%86%e6%80%a5%e6%80%a7%e5%ba%94%e6%bf%80%e9%9a%9c%e7%a2%8d%ef%bc%88%e7%ac%ac921%ef%bd%9e960%e8%af%be%ef%bc%89\/\" data-type=\"page\" data-id=\"12413\">Ders 26: Akut Stres Bozuklu\u011fu (Dersler 941-980)<\/a><\/p>\n\n\n\n<p class=\"has-small-font-size\">Akut stres bozuklu\u011fu (ASB), genellikle b\u00fcy\u00fck bir travmatik olaydan sonraki birka\u00e7 g\u00fcn i\u00e7inde ortaya \u00e7\u0131kar ve ani bir psikolojik \u015foka verilen k\u0131sa s\u00fcreli, yo\u011fun bir tepkidir. Bu kurs, kat\u0131l\u0131mc\u0131lar\u0131n kafa kar\u0131\u015f\u0131kl\u0131\u011f\u0131, dissosiyasyon, duygusal patlamalar veya s\u00fcrekli uyan\u0131kl\u0131k gibi ASB&#039;nin erken belirtilerini ve ayr\u0131ca travma sonras\u0131 stres bozuklu\u011fu (TSSB) ile benzerliklerini ve farkl\u0131l\u0131klar\u0131n\u0131 belirlemelerine yard\u0131mc\u0131 olacakt\u0131r. Kurs, ASB&#039;nin &quot;acil bir psikolojik sinyal&quot; oldu\u011funu ve zaman\u0131nda te\u015fhis ve m\u00fcdahalenin, uzun s\u00fcreli bir psikolojik bozuklu\u011fa d\u00f6n\u00fc\u015fme riskini \u00f6nemli \u00f6l\u00e7\u00fcde azaltabilece\u011fini vurgulamaktad\u0131r. Kriz durumlar\u0131nda beynin &quot;sava\u015f-ka\u00e7-donma&quot; tepkisini a\u00e7\u0131klayarak, kat\u0131l\u0131mc\u0131lar\u0131n bir olaydan sonra neden y\u00f6nelim bozuklu\u011fu, ilgisizlik veya uykusuzluk ya\u015fayabileceklerini anlamalar\u0131na yard\u0131mc\u0131 olaca\u011f\u0131z. Ayr\u0131ca, bu kurs, nefes d\u00fczenlemesi, fiziksel temas teknikleri ve duygusal lokalizasyon egzersizleri de dahil olmak \u00fczere stresin ilk a\u015famalar\u0131 i\u00e7in uygun psikolojik ilk yard\u0131m teknikleri sunar ve kat\u0131l\u0131mc\u0131lar\u0131 ilk destek sistemini (aile, t\u0131bbi bak\u0131m ve yapay zeka arkada\u015fl\u0131k mod\u00fclleri) kurmaya te\u015fvik eder. Bu kurs, ani olaylar, y\u00fcksek bask\u0131 alt\u0131ndaki i\u015f yerleri veya afet durumlar\u0131 ya\u015fam\u0131\u015f ve sonras\u0131nda iyile\u015fme s\u00fcrecine g\u00fcvenli bir psikolojik temel olu\u015fturmak isteyen \u00f6\u011frenciler i\u00e7in uygundur.<\/p>\n\n\n\n<figure class=\"wp-block-image size-large is-resized\"><img loading=\"lazy\" decoding=\"async\" width=\"1011\" height=\"1024\" src=\"https:\/\/arttao.org\/wp-content\/uploads\/2025\/07\/EaI\u00bcIo_601794473_\u00a8\u00b7\u00a2EUA\u00aeD\u00a4In\u00b7CAEoO\u00b5EIOA1-1011x1024.jpg\" alt=\"\" class=\"wp-image-7624\" style=\"width:70px;height:auto\" srcset=\"https:\/\/arttao.org\/wp-content\/uploads\/2025\/07\/EaI\u00bcIo_601794473_\u00a8\u00b7\u00a2EUA\u00aeD\u00a4In\u00b7CAEoO\u00b5EIOA1-1011x1024.jpg 1011w, https:\/\/arttao.org\/wp-content\/uploads\/2025\/07\/EaI\u00bcIo_601794473_\u00a8\u00b7\u00a2EUA\u00aeD\u00a4In\u00b7CAEoO\u00b5EIOA1-296x300.jpg 296w, https:\/\/arttao.org\/wp-content\/uploads\/2025\/07\/EaI\u00bcIo_601794473_\u00a8\u00b7\u00a2EUA\u00aeD\u00a4In\u00b7CAEoO\u00b5EIOA1-768x778.jpg 768w, https:\/\/arttao.org\/wp-content\/uploads\/2025\/07\/EaI\u00bcIo_601794473_\u00a8\u00b7\u00a2EUA\u00aeD\u00a4In\u00b7CAEoO\u00b5EIOA1-1516x1536.jpg 1516w, https:\/\/arttao.org\/wp-content\/uploads\/2025\/07\/EaI\u00bcIo_601794473_\u00a8\u00b7\u00a2EUA\u00aeD\u00a4In\u00b7CAEoO\u00b5EIOA1-2021x2048.jpg 2021w\" sizes=\"auto, (max-width: 1011px) 100vw, 1011px\" \/><\/figure>\n\n\n\n<p class=\"\"><a href=\"https:\/\/arttao.org\/tr\/%e7%ac%ac%e4%ba%8c%e5%8d%81%e4%b8%83%e8%af%be%ef%bc%9a%e5%bf%83%e7%90%86%e9%80%82%e5%ba%94%e9%9a%9c%e7%a2%8d%ef%bc%88%e7%ac%ac961%ef%bd%9e1000%e8%af%be%ef%bc%89\/\" data-type=\"page\" data-id=\"12422\">Ders 27: Psikolojik Uyum Bozukluklar\u0131 (Dersler 981-1020)<\/a><\/p>\n\n\n\n<p class=\"has-small-font-size\">Bireyler bo\u015fanma, i\u015fsizlik, g\u00f6\u00e7 veya ciddi fiziksel hastal\u0131k gibi \u00f6nemli ya\u015fam de\u011fi\u015fiklikleriyle kar\u015f\u0131la\u015ft\u0131klar\u0131nda, alt\u0131 ay i\u00e7inde kal\u0131c\u0131 ve \u00f6nemli duygusal s\u0131k\u0131nt\u0131 veya i\u015flevsel bozukluk, uyum bozuklu\u011funa i\u015faret edebilir. Bu kurs, kat\u0131l\u0131mc\u0131lar\u0131n bu &quot;ne hastal\u0131k ne de normallik&quot; psikolojik durumunu anlamalar\u0131na ve &quot;\u00c7ok mu k\u0131r\u0131lgan\u0131m?&quot; gibi \u00f6z-su\u00e7lamalar\u0131n \u00fcstesinden gelmelerine yard\u0131mc\u0131 olacakt\u0131r. Uyum bozuklu\u011fu, \u00e7evresel de\u011fi\u015fikliklere &quot;ge\u00e7ici olarak uyum sa\u011flayamama&quot; durumuna verilen psikolojik bir tepkidir ve genellikle kayg\u0131, depresyon, sinirlilik, dikkat azalmas\u0131, fiziksel rahats\u0131zl\u0131k veya hayata kar\u015f\u0131 ilgi kayb\u0131 olarak kendini g\u00f6sterir. Bu kurs, kat\u0131l\u0131mc\u0131lara &quot;yayg\u0131n ruh hali de\u011fi\u015fimleri&quot; ile &quot;uyum bozuklu\u011fu&quot; aras\u0131ndaki kritik noktay\u0131 ay\u0131rt etmede yol g\u00f6stermek i\u00e7in vaka \u00e7al\u0131\u015fmalar\u0131 kullanacak ve ya\u015fam ritimlerini ve psikolojik d\u00fczeni nas\u0131l yeniden in\u015fa edeceklerine odaklanacakt\u0131r. &quot;\u00dc\u00e7 Ad\u0131ml\u0131 Anlam Yeniden Yap\u0131land\u0131rma Y\u00f6ntemi&quot;, &quot;Yeni Rol Tan\u0131mlama Egzersizleri&quot; ve &quot;\u00d6z S\u0131n\u0131rlar\u0131 Yeniden Belirleme&quot; gibi yap\u0131land\u0131r\u0131lm\u0131\u015f psikolojik uyum stratejileri arac\u0131l\u0131\u011f\u0131yla, bu kurs kat\u0131l\u0131mc\u0131lar\u0131n i\u00e7sel istikrarlar\u0131n\u0131 kademeli olarak yeniden kazanmalar\u0131na yard\u0131mc\u0131 olur. Ya\u015fam de\u011fi\u015fiklikleri ya\u015fayan ve \u015fu anda ge\u00e7i\u015f d\u00f6neminde olan \u00f6\u011frenciler i\u00e7in uygundur.<\/p>\n\n\n\n<figure class=\"wp-block-image size-large is-resized\"><img loading=\"lazy\" decoding=\"async\" width=\"1011\" height=\"1024\" src=\"https:\/\/arttao.org\/wp-content\/uploads\/2025\/07\/EaI\u00bcIo_601794473_\u00a8\u00b7\u00a2EUA\u00aeD\u00a4In\u00b7CAEoO\u00b5EIOA1-1011x1024.jpg\" alt=\"\" class=\"wp-image-7624\" style=\"width:72px;height:auto\" srcset=\"https:\/\/arttao.org\/wp-content\/uploads\/2025\/07\/EaI\u00bcIo_601794473_\u00a8\u00b7\u00a2EUA\u00aeD\u00a4In\u00b7CAEoO\u00b5EIOA1-1011x1024.jpg 1011w, https:\/\/arttao.org\/wp-content\/uploads\/2025\/07\/EaI\u00bcIo_601794473_\u00a8\u00b7\u00a2EUA\u00aeD\u00a4In\u00b7CAEoO\u00b5EIOA1-296x300.jpg 296w, https:\/\/arttao.org\/wp-content\/uploads\/2025\/07\/EaI\u00bcIo_601794473_\u00a8\u00b7\u00a2EUA\u00aeD\u00a4In\u00b7CAEoO\u00b5EIOA1-768x778.jpg 768w, https:\/\/arttao.org\/wp-content\/uploads\/2025\/07\/EaI\u00bcIo_601794473_\u00a8\u00b7\u00a2EUA\u00aeD\u00a4In\u00b7CAEoO\u00b5EIOA1-1516x1536.jpg 1516w, https:\/\/arttao.org\/wp-content\/uploads\/2025\/07\/EaI\u00bcIo_601794473_\u00a8\u00b7\u00a2EUA\u00aeD\u00a4In\u00b7CAEoO\u00b5EIOA1-2021x2048.jpg 2021w\" sizes=\"auto, (max-width: 1011px) 100vw, 1011px\" \/><\/figure>\n\n\n\n<p class=\"\"><a href=\"https:\/\/arttao.org\/tr\/%e7%ac%ac%e4%ba%8c%e5%8d%81%e5%85%ab%e8%af%be%ef%bc%9a%e7%ab%a5%e5%b9%b4%e5%bf%83%e7%90%86%e5%88%9b%e4%bc%a4%ef%bc%88%e7%ac%ac1001%ef%bd%9e1040%e8%af%be%ef%bc%89\/\" data-type=\"page\" data-id=\"12415\">Ders 28: \u00c7ocukluk D\u00f6nemi Psikolojik Travmas\u0131 (Dersler 1021-1060)<\/a><\/p>\n\n\n\n<p class=\"has-small-font-size\">\u00c7ocukluk travmas\u0131n\u0131n izleri genellikle yeti\u015fkinlikteki duygusal istikrars\u0131zl\u0131k, ki\u015fileraras\u0131 zorluklar ve kendini inkar etme durumlar\u0131nda gizli kal\u0131r. Bu kurs, kat\u0131l\u0131mc\u0131lar\u0131 duygusal ihmal, s\u00f6zl\u00fc a\u015fa\u011f\u0131lama, \u015fiddete tan\u0131k olma veya bak\u0131m verenlerin kayb\u0131 gibi \u00e7ocukluktan kalma potansiyel travmatik olaylar\u0131 nazik\u00e7e yeniden ele almaya y\u00f6nlendirecektir. Kat\u0131l\u0131mc\u0131lar\u0131n &quot;geli\u015fimsel travma&quot;n\u0131n benzersiz do\u011fas\u0131n\u0131 anlamalar\u0131na yard\u0131mc\u0131 olaca\u011f\u0131z: bu, mutlaka tek bir b\u00fcy\u00fck olay de\u011fil, s\u00fcrekli, incelikli bir duygusal yoksunluk veya kontrol edici davran\u0131\u015f s\u00fcreci olabilir. Kurs, kat\u0131l\u0131mc\u0131lar\u0131 meditasyon, \u00e7izim ve yapay zeka diyalog egzersizleri arac\u0131l\u0131\u011f\u0131yla \u00e7ocukluk benlikleriyle kademeli olarak ba\u011flant\u0131 kurmaya y\u00f6nlendiren &quot;i\u00e7 \u00e7ocuk&quot; teorisini tan\u0131tacakt\u0131r. G\u00fcvenli bir \u00e7er\u00e7eve i\u00e7inde ke\u015ffetmek, iyile\u015fmenin ilk ad\u0131m\u0131d\u0131r. Ayr\u0131ca, kat\u0131l\u0131mc\u0131lar\u0131n yak\u0131n ili\u015fkilerinde veya stres tepkilerinde tekrarlayan senaryolar\u0131n\u0131 g\u00f6zlemlemelerine yard\u0131mc\u0131 olmak i\u00e7in &quot;tekrarlayan \u00f6r\u00fcnt\u00fc tan\u0131ma&quot; arac\u0131n\u0131 da tan\u0131taca\u011f\u0131z. Sanat terapisi, s\u00f6zel ifade ve sembolik yeniden yap\u0131land\u0131rma yoluyla, bu kurs kat\u0131l\u0131mc\u0131lar\u0131 derin bir \u00f6z bak\u0131m yolculu\u011funa \u00e7\u0131kmaya te\u015fvik eder. Bu program, \u00f6zellikle \u00e7ocukluk an\u0131lar\u0131ndan hala rahats\u0131zl\u0131k duyan veya davran\u0131\u015flar\u0131n\u0131n k\u00f6kenlerini anlamak isteyen kat\u0131l\u0131mc\u0131lar i\u00e7in uygundur.<\/p>\n\n\n\n<figure class=\"wp-block-image size-large is-resized\"><img loading=\"lazy\" decoding=\"async\" width=\"1011\" height=\"1024\" src=\"https:\/\/arttao.org\/wp-content\/uploads\/2025\/07\/EaI\u00bcIo_601794473_\u00a8\u00b7\u00a2EUA\u00aeD\u00a4In\u00b7CAEoO\u00b5EIOA1-1011x1024.jpg\" alt=\"\" class=\"wp-image-7624\" style=\"width:70px;height:auto\" srcset=\"https:\/\/arttao.org\/wp-content\/uploads\/2025\/07\/EaI\u00bcIo_601794473_\u00a8\u00b7\u00a2EUA\u00aeD\u00a4In\u00b7CAEoO\u00b5EIOA1-1011x1024.jpg 1011w, https:\/\/arttao.org\/wp-content\/uploads\/2025\/07\/EaI\u00bcIo_601794473_\u00a8\u00b7\u00a2EUA\u00aeD\u00a4In\u00b7CAEoO\u00b5EIOA1-296x300.jpg 296w, https:\/\/arttao.org\/wp-content\/uploads\/2025\/07\/EaI\u00bcIo_601794473_\u00a8\u00b7\u00a2EUA\u00aeD\u00a4In\u00b7CAEoO\u00b5EIOA1-768x778.jpg 768w, https:\/\/arttao.org\/wp-content\/uploads\/2025\/07\/EaI\u00bcIo_601794473_\u00a8\u00b7\u00a2EUA\u00aeD\u00a4In\u00b7CAEoO\u00b5EIOA1-1516x1536.jpg 1516w, https:\/\/arttao.org\/wp-content\/uploads\/2025\/07\/EaI\u00bcIo_601794473_\u00a8\u00b7\u00a2EUA\u00aeD\u00a4In\u00b7CAEoO\u00b5EIOA1-2021x2048.jpg 2021w\" sizes=\"auto, (max-width: 1011px) 100vw, 1011px\" \/><\/figure>\n\n\n\n<p class=\"\"><a href=\"https:\/\/arttao.org\/tr\/%e7%ac%ac%e4%ba%8c%e5%8d%81%e4%b9%9d%e8%af%be%ef%bc%9a%e5%bf%83%e7%90%86%e5%a4%8d%e6%9d%82%e6%80%a7%e5%88%9b%e4%bc%a4%ef%bc%88%e7%ac%ac1041%ef%bd%9e1080%e8%af%be%ef%bc%89\/\" data-type=\"page\" data-id=\"12417\">Ders 29: Karma\u015f\u0131k Psikolojik Travma (Dersler 1061-1100)<\/a><\/p>\n\n\n\n<p class=\"has-small-font-size\">Karma\u015f\u0131k travma, tek bir olay\u0131n psikolojik etkisinden farkl\u0131d\u0131r; genellikle kronik aile i\u00e7i \u015fiddet, duygusal manip\u00fclasyon, g\u00fc\u00e7 bask\u0131s\u0131 veya a\u015f\u0131r\u0131 izolasyon gibi uzun s\u00fcreli, tekrarlayan stres veya zarardan kaynaklan\u0131r. Bu kurs, kat\u0131l\u0131mc\u0131lar\u0131n karma\u015f\u0131k travman\u0131n sadece duygusal bir sorun de\u011fil, genellikle duygu d\u00fczenlemede zorluk, ili\u015fki kutupla\u015fmas\u0131, kendini k\u00fc\u00e7\u00fcmseme veya kimlik karma\u015fas\u0131 olarak kendini g\u00f6steren &quot;hasarl\u0131 benlik yap\u0131s\u0131&quot;n\u0131n psikolojik bir durumu oldu\u011funu anlamalar\u0131na yard\u0131mc\u0131 olacakt\u0131r. Beyin yap\u0131s\u0131, bili\u015fsel i\u015flev ve duygusal sistem \u00fczerindeki uzun vadeli etkilerini analiz etmek i\u00e7in &quot;karma\u015f\u0131k travma modeli&quot; ve &quot;kronik stresin n\u00f6rofizyolojik mekanizmalar\u0131n\u0131&quot; birle\u015ftirece\u011fiz. Kursta sunulan iyile\u015ftirme y\u00f6ntemleri aras\u0131nda \u00e7ok d\u00fczeyli onar\u0131m egzersizleri (duygu \u2192 bili\u015f \u2192 kimlik \u2192 ili\u015fki), fark\u0131ndal\u0131k meditasyonu, \u00f6z \u015fefkat rit\u00fcelleri ve &quot;g\u00fcven yeniden in\u015fa etme&quot; diyalog egzersizleri yer almaktad\u0131r. Yapay zeka destekli yap\u0131land\u0131r\u0131lm\u0131\u015f yazma ve ifade egzersizleri arac\u0131l\u0131\u011f\u0131yla kat\u0131l\u0131mc\u0131lar, uzun s\u00fcredir bast\u0131r\u0131lm\u0131\u015f duygular\u0131 ve an\u0131lar\u0131 g\u00fcvenli bir \u00e7er\u00e7eve i\u00e7inde d\u00fczenleyebilirler. Bu kurs, duygular\u0131n\u0131 kontrol etmekte uzun s\u00fcredir zorluk \u00e7eken, ba\u015fkalar\u0131na g\u00fcvenmekte zorlanan veya kimli\u011fi bulan\u0131kla\u015fm\u0131\u015f ki\u015filer i\u00e7in uygundur.<\/p>\n\n\n\n<figure class=\"wp-block-image size-large is-resized\"><img loading=\"lazy\" decoding=\"async\" width=\"1011\" height=\"1024\" src=\"https:\/\/arttao.org\/wp-content\/uploads\/2025\/07\/EaI\u00bcIo_601794473_\u00a8\u00b7\u00a2EUA\u00aeD\u00a4In\u00b7CAEoO\u00b5EIOA1-1011x1024.jpg\" alt=\"\" class=\"wp-image-7624\" style=\"width:71px;height:auto\" srcset=\"https:\/\/arttao.org\/wp-content\/uploads\/2025\/07\/EaI\u00bcIo_601794473_\u00a8\u00b7\u00a2EUA\u00aeD\u00a4In\u00b7CAEoO\u00b5EIOA1-1011x1024.jpg 1011w, https:\/\/arttao.org\/wp-content\/uploads\/2025\/07\/EaI\u00bcIo_601794473_\u00a8\u00b7\u00a2EUA\u00aeD\u00a4In\u00b7CAEoO\u00b5EIOA1-296x300.jpg 296w, https:\/\/arttao.org\/wp-content\/uploads\/2025\/07\/EaI\u00bcIo_601794473_\u00a8\u00b7\u00a2EUA\u00aeD\u00a4In\u00b7CAEoO\u00b5EIOA1-768x778.jpg 768w, https:\/\/arttao.org\/wp-content\/uploads\/2025\/07\/EaI\u00bcIo_601794473_\u00a8\u00b7\u00a2EUA\u00aeD\u00a4In\u00b7CAEoO\u00b5EIOA1-1516x1536.jpg 1516w, https:\/\/arttao.org\/wp-content\/uploads\/2025\/07\/EaI\u00bcIo_601794473_\u00a8\u00b7\u00a2EUA\u00aeD\u00a4In\u00b7CAEoO\u00b5EIOA1-2021x2048.jpg 2021w\" sizes=\"auto, (max-width: 1011px) 100vw, 1011px\" \/><\/figure>\n\n\n\n<p class=\"\"><a href=\"https:\/\/arttao.org\/tr\/%e7%ac%ac%e4%b8%89%e5%8d%81%e8%af%be%ef%bc%9a%e7%aa%81%e5%8f%91%e4%ba%8b%e4%bb%b6%e5%bf%83%e7%90%86%e5%88%9b%e4%bc%a4%ef%bc%88%e7%ac%ac1081%ef%bd%9e1120%e8%af%be%ef%bc%89\/\" data-type=\"page\" data-id=\"12419\">Ders 30: Ani Olaylardan Kaynaklanan Psikolojik Travma (Dersler 1101-1140)<\/a><\/p>\n\n\n\n<p class=\"has-small-font-size\">Afetler, kazalar, \u015fiddet ve salg\u0131n hastal\u0131klar gibi ani olaylar kar\u015f\u0131s\u0131nda insanlar genellikle yo\u011fun psikolojik \u015fok ya\u015farlar. Bu kurs, bu \u00f6zel travmatik deneyim t\u00fcr\u00fcne odaklanmaktad\u0131r. Ani travman\u0131n \u00fc\u00e7 a\u015famas\u0131n\u0131 analiz edece\u011fiz: anl\u0131k stres tepkisi, k\u0131sa s\u00fcreli y\u00f6nelim bozuklu\u011fu ve uyum d\u00f6nemi ve orta ila uzun vadeli travmatik risk. Kurs, bir olaydan sonraki psikolojik gidi\u015fat\u0131 yeniden yap\u0131land\u0131rmak i\u00e7in ger\u00e7ek ya\u015fam vakalar\u0131n\u0131 kullan\u0131r ve g\u00fcvenlik duygusunu yeniden in\u015fa etme, ifade kanallar\u0131n\u0131 a\u00e7ma, bilgiyi netle\u015ftirme, duygusal y\u00f6netim ve kaynak rehberli\u011fi de dahil olmak \u00fczere &quot;psikolojik ilk yard\u0131m\u0131n be\u015f ad\u0131m\u0131n\u0131&quot; tan\u0131t\u0131r. Ek olarak, bu kurs, kat\u0131l\u0131mc\u0131lar\u0131n ani stres alt\u0131nda kendi tepki t\u00fcrlerini g\u00f6zden ge\u00e7irmelerine ve etkili ki\u015fiselle\u015ftirilmi\u015f destek yollar\u0131n\u0131 ke\u015ffetmelerine yard\u0131mc\u0131 olmak i\u00e7in \u00f6zel olarak tasarlanm\u0131\u015f bir &quot;Ani Olaylar \u0130\u00e7in Psikolojik Haritalama Egzersizi&quot; i\u00e7ermektedir. \u0130ster kat\u0131l\u0131mc\u0131, ister g\u00f6zlemci, ister yard\u0131mc\u0131 personel olun, bu kurs psikolojik bilimi insanc\u0131l bak\u0131mla birle\u015ftiren ba\u015fa \u00e7\u0131kma stratejileri sunar. M\u00fczik terapisi, nefes stabilizasyon teknikleri ve imge olu\u015fturma gibi mod\u00fcller arac\u0131l\u0131\u011f\u0131yla, kat\u0131l\u0131mc\u0131lar\u0131n \u015fok s\u0131ras\u0131nda temel g\u00fcveni ve psikolojik istikrar\u0131 yeniden kazanmalar\u0131na yard\u0131mc\u0131 oluyoruz.<\/p>\n\n\n\n<p class=\"has-small-font-size\"><\/p>","protected":false},"excerpt":{"rendered":"<p>\u7b2c\u4e8c\u5341\u4e94\u8bfe\uff1a\u521b\u4f24\u540e\u5e94\u6fc0\u969c\u788d\uff08PTSD\uff09\uff08\u7b2c901\uff5e940\u8bfe\uff09 \u672c\u8bfe\u805a\u7126\u521b\u4f24\u540e\u5e94\u6fc0\u969c\u788d\uff08PTSD\uff09\uff0c\u4e00\u79cd\u56e0\u91cd\u5927\u5fc3 [&hellip;]<\/p>\n","protected":false},"author":1,"featured_media":0,"parent":0,"menu_order":0,"comment_status":"closed","ping_status":"closed","template":"","meta":{"nf_dc_page":"","om_disable_all_campaigns":false,"_monsterinsights_skip_tracking":false,"_monsterinsights_sitenote_active":false,"_monsterinsights_sitenote_note":"","_monsterinsights_sitenote_category":0,"footnotes":""},"class_list":["post-7618","page","type-page","status-publish","hentry"],"_links":{"self":[{"href":"https:\/\/arttao.org\/tr\/wp-json\/wp\/v2\/pages\/7618","targetHints":{"allow":["GET"]}}],"collection":[{"href":"https:\/\/arttao.org\/tr\/wp-json\/wp\/v2\/pages"}],"about":[{"href":"https:\/\/arttao.org\/tr\/wp-json\/wp\/v2\/types\/page"}],"author":[{"embeddable":true,"href":"https:\/\/arttao.org\/tr\/wp-json\/wp\/v2\/users\/1"}],"replies":[{"embeddable":true,"href":"https:\/\/arttao.org\/tr\/wp-json\/wp\/v2\/comments?post=7618"}],"version-history":[{"count":5,"href":"https:\/\/arttao.org\/tr\/wp-json\/wp\/v2\/pages\/7618\/revisions"}],"predecessor-version":[{"id":14563,"href":"https:\/\/arttao.org\/tr\/wp-json\/wp\/v2\/pages\/7618\/revisions\/14563"}],"wp:attachment":[{"href":"https:\/\/arttao.org\/tr\/wp-json\/wp\/v2\/media?parent=7618"}],"curies":[{"name":"wp","href":"https:\/\/api.w.org\/{rel}","templated":true}]}}