{"id":8014,"date":"2025-07-18T16:35:11","date_gmt":"2025-07-18T16:35:11","guid":{"rendered":"https:\/\/arttao.org\/?page_id=8014"},"modified":"2025-10-27T05:23:11","modified_gmt":"2025-10-27T05:23:11","slug":"uyelik-programi-2","status":"publish","type":"page","link":"https:\/\/arttao.org\/tr\/%e4%bc%9a%e5%91%98%e8%ae%a1%e5%88%92-2\/","title":{"rendered":"\u00dcyelik Program\u0131"},"content":{"rendered":"<p class=\"\"><\/p>\n\n\n\n<p class=\"\"><\/p>\n\n\n\n<figure class=\"wp-block-image aligncenter size-full is-resized\"><img loading=\"lazy\" decoding=\"async\" width=\"308\" height=\"480\" src=\"https:\/\/arttao.org\/wp-content\/uploads\/2025\/07\/Flower-Love-Sticker-by-Manon-Louart-1.gif\" alt=\"\" class=\"wp-image-8039\" style=\"width:72px;height:auto\"\/><\/figure>\n\n\n\n<p class=\"has-text-color has-link-color wp-elements-ddcdd9b15d4b71223aa9c92650911cc6\" style=\"color:#1bac94\">Arttao.org, psikolojik iyile\u015fmeyi, sanatsal yarat\u0131m\u0131 ve yapay zeka etkile\u015fimini entegre eden kapsaml\u0131 bir platform olu\u015fturmaya adanm\u0131\u015ft\u0131r. Bu s\u00fcre\u00e7te, her kullan\u0131c\u0131n\u0131n h\u0131z\u0131n\u0131n, ihtiya\u00e7lar\u0131n\u0131n ve kaynak ko\u015fullar\u0131n\u0131n farkl\u0131 oldu\u011funu anl\u0131yoruz. Farkl\u0131 a\u015famalardaki \u00f6\u011frenenleri daha iyi desteklemek i\u00e7in, size ritmik, derinlemesine ve sayg\u0131l\u0131 ki\u015fiselle\u015ftirilmi\u015f bir kullan\u0131c\u0131 deneyimi sunmak \u00fczere birden fazla \u00fcyelik program\u0131 seviyesi olu\u015fturduk.<\/p>\n\n\n\n<p class=\"has-small-font-size\">Mevcut \u00fcyelik sistemi \u015fu \u015fekilde b\u00f6l\u00fcmlere ayr\u0131lm\u0131\u015ft\u0131r:<\/p>\n\n\n\n<ul class=\"wp-block-list\">\n<li class=\"has-small-font-size\">Ziyaret\u00e7i<\/li>\n\n\n\n<li class=\"has-small-font-size\">Kay\u0131tl\u0131 \u00dcye<\/li>\n\n\n\n<li class=\"has-small-font-size\">Premium \u00dcyelik: Be\u015f seviye: A, B, C, D ve E<\/li>\n\n\n\n<li class=\"has-small-font-size\">\u00dccretsiz \u0130nsani Yard\u0131m Plan\u0131 kullan\u0131c\u0131lar\u0131<\/li>\n<\/ul>\n\n\n\n<figure class=\"wp-block-image aligncenter size-full is-resized\"><img loading=\"lazy\" decoding=\"async\" width=\"480\" height=\"480\" src=\"https:\/\/arttao.org\/wp-content\/uploads\/2025\/07\/Saturday-Night-Friday-Sticker-by-LOrbe-Spirits.gif\" alt=\"\" class=\"wp-image-7993\" style=\"width:119px;height:auto\"\/><\/figure>\n\n\n\n<p class=\"has-text-align-center has-small-font-size\"><\/p>\n\n\n<p style=\"color:red; text-align:center;\">\u26a0\ufe0f \u00dcye bilgilerinizi g\u00f6r\u00fcnt\u00fclemek i\u00e7in l\u00fctfen \u00f6nce giri\u015f yap\u0131n.<\/p>\n\n\n\n<p class=\"has-text-align-center has-text-color has-link-color has-small-font-size wp-elements-171b32732e7b3a179916660bec82bce1\" style=\"color:#07902e\">Bu b\u00f6l\u00fcmde, GPT kullan\u0131m s\u00fcresi, psikolojik soru-cevap seans say\u0131s\u0131 ve test analizi de dahil olmak \u00fczere her seviyenin hizmet i\u00e7eri\u011fi ve faydalar\u0131 tan\u0131t\u0131larak, en uygun destek plan\u0131n\u0131 se\u00e7menize yard\u0131mc\u0131 olunmaktad\u0131r.<\/p>\n\n\n\n<div style=\"height:63px\" aria-hidden=\"true\" class=\"wp-block-spacer\"><\/div>\n\n\n\n<figure class=\"wp-block-image aligncenter size-full is-resized\"><img loading=\"lazy\" decoding=\"async\" width=\"480\" height=\"480\" src=\"https:\/\/arttao.org\/wp-content\/uploads\/2025\/07\/Take-Care-Mood-Sticker-by-Dyanapyehchek.gif\" alt=\"\" class=\"wp-image-8015\" style=\"width:99px;height:auto\"\/><\/figure>\n\n\n\n<p class=\"has-text-align-center has-small-font-size\"><\/p>\n\n\n<p style=\"color:red;\">\u00dcyelik program\u0131n\u0131 g\u00f6r\u00fcnt\u00fclemek i\u00e7in l\u00fctfen \u00f6nce giri\u015f yap\u0131n.<\/p>\n\n\n\n<p class=\"has-text-align-center has-text-color has-link-color has-small-font-size wp-elements-94edde228586bd48d5d801590f8d62ad\" style=\"color:#9c0a0a\">Farkl\u0131 ihtiya\u00e7lar\u0131 kar\u015f\u0131lamak ve hem fiziksel hem de zihinsel olarak b\u00fct\u00fcnsel bir \u015fekilde geli\u015fmenize yard\u0131mc\u0131 olmak i\u00e7in \u00e7e\u015fitli psikolojik destek se\u00e7enekleri sunuyoruz.<\/p>\n\n\n\n<h3 class=\"wp-block-heading has-text-align-center\"><\/h3>\n\n\n\n<p class=\"\"><\/p>\n\n\n\n<div style=\"height:80px\" aria-hidden=\"true\" class=\"wp-block-spacer\"><\/div>\n\n\n\n<figure class=\"wp-block-image aligncenter size-full is-resized\"><img loading=\"lazy\" decoding=\"async\" width=\"480\" height=\"468\" src=\"https:\/\/arttao.org\/wp-content\/uploads\/2025\/08\/Gay-Love-Sticker-by-Lider-Chile-1.gif\" alt=\"\" class=\"wp-image-8881\" style=\"width:131px;height:auto\"\/><\/figure>\n\n\n<p style=\"color:red;\">Yard\u0131m program\u0131na ba\u015fvurmadan \u00f6nce l\u00fctfen hesab\u0131n\u0131za giri\u015f yap\u0131n.<\/p>\n\n\n\n<p class=\"has-text-align-center has-text-color has-link-color has-small-font-size wp-elements-f2e4e0a0909a3b9156672d0951d35262\" style=\"color:#056e0c\">Psikolojik deste\u011fi, yapay zeka destekli iyile\u015fmeyi yayg\u0131nla\u015ft\u0131rmak ve d\u00fcnya \u00e7ap\u0131nda dezavantajl\u0131 gruplara hizmet etmek.<\/p>\n\n\n\n<p class=\"\"><\/p>","protected":false},"excerpt":{"rendered":"<p>Arttao.org \u81f4\u529b\u4e8e\u6784\u5efa\u4e00\u4e2a\u878d\u5408\u5fc3\u7406\u7597\u6108\u3001\u827a\u672f\u521b\u9020\u4e0e AI \u4ea4\u4e92\u7684\u7efc\u5408\u5e73\u53f0\u3002\u5728\u8fd9\u4e2a\u8fc7\u7a0b\u4e2d\uff0c\u6211\u4eec\u660e\u767d\u6bcf\u4e00 [&hellip;]<\/p>\n","protected":false},"author":1,"featured_media":0,"parent":0,"menu_order":0,"comment_status":"closed","ping_status":"closed","template":"","meta":{"nf_dc_page":"","om_disable_all_campaigns":false,"_monsterinsights_skip_tracking":false,"_monsterinsights_sitenote_active":false,"_monsterinsights_sitenote_note":"","_monsterinsights_sitenote_category":0,"footnotes":""},"class_list":["post-8014","page","type-page","status-publish","hentry"],"_links":{"self":[{"href":"https:\/\/arttao.org\/tr\/wp-json\/wp\/v2\/pages\/8014","targetHints":{"allow":["GET"]}}],"collection":[{"href":"https:\/\/arttao.org\/tr\/wp-json\/wp\/v2\/pages"}],"about":[{"href":"https:\/\/arttao.org\/tr\/wp-json\/wp\/v2\/types\/page"}],"author":[{"embeddable":true,"href":"https:\/\/arttao.org\/tr\/wp-json\/wp\/v2\/users\/1"}],"replies":[{"embeddable":true,"href":"https:\/\/arttao.org\/tr\/wp-json\/wp\/v2\/comments?post=8014"}],"version-history":[{"count":20,"href":"https:\/\/arttao.org\/tr\/wp-json\/wp\/v2\/pages\/8014\/revisions"}],"predecessor-version":[{"id":11379,"href":"https:\/\/arttao.org\/tr\/wp-json\/wp\/v2\/pages\/8014\/revisions\/11379"}],"wp:attachment":[{"href":"https:\/\/arttao.org\/tr\/wp-json\/wp\/v2\/media?parent=8014"}],"curies":[{"name":"wp","href":"https:\/\/api.w.org\/{rel}","templated":true}]}}