{"id":12676,"date":"2025-11-12T06:14:40","date_gmt":"2025-11-12T06:14:40","guid":{"rendered":"https:\/\/arttao.org\/?page_id=12676"},"modified":"2025-11-12T06:45:05","modified_gmt":"2025-11-12T06:45:05","slug":"bai-hoc-43-cac-rao-can-trong-viec-su-dung-vat-lieu-bai-hoc-1541-1560","status":"publish","type":"page","link":"https:\/\/arttao.org\/vi\/%e7%ac%ac%e5%9b%9b%e5%8d%81%e4%b8%89%e8%af%be%ef%bc%9a%e7%89%a9%e8%b4%a8%e4%bd%bf%e7%94%a8%e9%9a%9c%e7%a2%8d%ef%bc%88%e7%ac%ac1541%ef%bd%9e1560%e8%af%be%ef%bc%89\/","title":{"rendered":"B\u00e0i h\u1ecdc 43: R\u1ed1i lo\u1ea1n s\u1eed d\u1ee5ng ch\u1ea5t g\u00e2y nghi\u1ec7n \u2013 S\u1ef1 ph\u1ee5 thu\u1ed9c (v\u00ed d\u1ee5: ma t\u00fay, thu\u1ed1c an th\u1ea7n) (B\u00e0i h\u1ecdc 1541\u20131560)"},"content":{"rendered":"<div class=\"healing-outline-wrap\" style=\"max-width:800px;margin:24px auto;font-family:-apple-system,BlinkMacSystemFont,'Segoe UI',Roboto,Helvetica,Arial,sans-serif;line-height:1.6;color:#111;font-size:15px;\"><h2 style=\"font-size:20px;color:#00695c;margin:0 0 16px;font-weight:600;border-left:4px solid #F5DEB3;padding-left:8px;\">B\u00e0i h\u1ecdc 43: R\u1ed1i lo\u1ea1n s\u1eed d\u1ee5ng ch\u1ea5t g\u00e2y nghi\u1ec7n \u2013 Nghi\u1ec7n thu\u1ed1c (v\u00ed d\u1ee5: thu\u1ed1c g\u00e2y nghi\u1ec7n, thu\u1ed1c an th\u1ea7n) (B\u00e0i h\u1ecdc 1541\u20131560) \u00b7 Danh m\u1ee5c kh\u00f3a h\u1ecdc<\/h2><div style=\"margin:0 0 16px;\"><div style=\"font-size:15px;color:#00695c;font-weight:600;margin-bottom:4px;\">\u0110\u1eb7c \u0111i\u1ec3m tri\u1ec7u ch\u1ee9ng:<\/div><div style=\"font-size:15px;line-height:1.7;color:#333;\">R\u1ed1i lo\u1ea1n s\u1eed d\u1ee5ng ch\u1ea5t g\u00e2y nghi\u1ec7n (SUD) \u0111\u01b0\u1ee3c \u0111\u1eb7c tr\u01b0ng b\u1edfi vi\u1ec7c s\u1eed d\u1ee5ng li\u00ean t\u1ee5c c\u00e1c ch\u1ea5t h\u01b0\u1edbng th\u1ea7n, d\u1eabn \u0111\u1ebfn m\u1ea5t ki\u1ec3m so\u00e1t, dung n\u1ea1p v\u00e0 h\u1ed9i ch\u1ee9ng cai, th\u00e8m thu\u1ed1c d\u1eef d\u1ed9i v\u00e0 suy gi\u1ea3m ch\u1ee9c n\u0103ng trong c\u00e1c l\u0129nh v\u1ef1c nh\u01b0 h\u1ecdc t\u1eadp, c\u00f4ng vi\u1ec7c v\u00e0 c\u00e1c m\u1ed1i quan h\u1ec7, k\u00e8m theo nguy c\u01a1 qu\u00e1 li\u1ec1u v\u00e0 r\u1ee7i ro ph\u00e1p l\u00fd\/ngh\u1ec1 nghi\u1ec7p.<\/div><\/div><div style=\"margin:0 0 24px;\"><div style=\"font-size:15px;color:#00695c;font-weight:600;margin-bottom:4px;\">M\u1ee5c ti\u00eau kh\u00f3a h\u1ecdc:<\/div><div style=\"font-size:15px;line-height:1.7;color:#333;\">Tr\u00ean c\u01a1 s\u1edf \u0111\u1ea3m b\u1ea3o an to\u00e0n, m\u1ed9t ph\u01b0\u01a1ng ph\u00e1p to\u00e0n di\u1ec7n \u0111\u01b0\u1ee3c \u00e1p d\u1ee5ng, bao g\u1ed3m &quot;gi\u1ea3i \u0111\u1ed9c y t\u1ebf, t\u0103ng c\u01b0\u1eddng \u0111\u1ed9ng l\u1ef1c, chi\u1ebfn l\u01b0\u1ee3c h\u00e0nh vi, duy tr\u00ec\/h\u1ed7 tr\u1ee3 thu\u1ed1c, gi\u1ea3m thi\u1ec3u t\u00e1c h\u1ea1i, h\u1ed7 tr\u1ee3 gia \u0111\u00ecnh v\u00e0 b\u1ea1n b\u00e8, ph\u00f2ng ng\u1eeba t\u00e1i nghi\u1ec7n v\u00e0 theo d\u00f5i l\u00e2u d\u00e0i,&quot; nh\u1eb1m gi\u1ea3m thi\u1ec3u r\u1ee7i ro, ph\u1ee5c h\u1ed3i ch\u1ee9c n\u0103ng v\u00e0 x\u00e2y d\u1ef1ng l\u1ea1i cu\u1ed9c s\u1ed1ng.<\/div><\/div><ol style=\"margin:0;padding-left:20px;font-size:15px;color:#111;\"><li style=\"margin:0 0 16px 0;list-style:decimal;\"><div style=\"margin-bottom:4px;\"><a href=\"https:\/\/arttao.org\/vi\/%e7%ac%ac1541%e8%af%be%ef%bc%9a%e7%89%a9%e8%b4%a8%e4%bd%bf%e7%94%a8%e9%9a%9c%e7%a2%8d%e7%9a%84%e6%a6%82%e8%bf%b0\/\" style=\"color:#00695c;text-decoration:none;border-bottom:1px solid #F5DEB3;font-weight:600;\">T\u1ed5ng quan v\u1ec1 r\u1ed1i lo\u1ea1n s\u1eed d\u1ee5ng ch\u1ea5t g\u00e2y nghi\u1ec7n (SUDs)<\/a><\/div><div style=\"font-size:14px;line-height:1.6;color:#333;\">Hi\u1ec3u r\u00f5 ph\u1ea1m vi v\u00e0 c\u00e1c \u0111\u1eb7c \u0111i\u1ec3m c\u1ed1t l\u00f5i c\u1ee7a r\u1ed1i lo\u1ea1n s\u1eed d\u1ee5ng ch\u1ea5t g\u00e2y nghi\u1ec7n: m\u1ea5t ki\u1ec3m so\u00e1t, dung n\u1ea1p thu\u1ed1c, h\u1ed9i ch\u1ee9ng cai, th\u00e8m thu\u1ed1c v\u00e0 suy gi\u1ea3m ch\u1ee9c n\u0103ng.<\/div><\/li><li style=\"margin:0 0 16px 0;list-style:decimal;\"><div style=\"margin-bottom:4px;\"><a href=\"https:\/\/arttao.org\/vi\/%e7%ac%ac1542%e8%af%be%ef%bc%9a%e8%8d%af%e7%89%a9%e4%be%9d%e8%b5%96%e7%9a%84%e7%97%87%e7%8a%b6%e4%b8%8e%e8%a1%a8%e7%8e%b0\/\" style=\"color:#00695c;text-decoration:none;border-bottom:1px solid #F5DEB3;font-weight:600;\">Tri\u1ec7u ch\u1ee9ng v\u00e0 bi\u1ec3u hi\u1ec7n: dung n\u1ea1p thu\u1ed1c, h\u1ed9i ch\u1ee9ng cai, th\u00e8m thu\u1ed1c v\u00e0 suy gi\u1ea3m ch\u1ee9c n\u0103ng.<\/a><\/div><div style=\"font-size:14px;line-height:1.6;color:#333;\">X\u00e1c \u0111\u1ecbnh c\u00e1c h\u00e0nh vi \u0111i\u1ec3n h\u00ecnh v\u00e0 d\u1ea5u hi\u1ec7u sinh l\u00fd \u0111\u1ec3 thi\u1ebft l\u1eadp m\u1ee9c c\u01a1 s\u1edf cho vi\u1ec7c can thi\u1ec7p.<\/div><\/li><li style=\"margin:0 0 16px 0;list-style:decimal;\"><div style=\"margin-bottom:4px;\"><a href=\"https:\/\/arttao.org\/vi\/%e7%ac%ac1543%e8%af%be%ef%bc%9a%e8%8d%af%e7%89%a9%e4%be%9d%e8%b5%96%e7%9a%84%e6%88%90%e5%9b%a0\/\" style=\"color:#00695c;text-decoration:none;border-bottom:1px solid #F5DEB3;font-weight:600;\">Nguy\u00ean nh\u00e2n v\u00e0 c\u00e1c y\u1ebfu t\u1ed1 r\u1ee7i ro: M\u00f4 h\u00ecnh sinh h\u1ecdc-t\u00e2m l\u00fd-x\u00e3 h\u1ed9i<\/a><\/div><div style=\"font-size:14px;line-height:1.6;color:#333;\">S\u1ef1 t\u01b0\u01a1ng t\u00e1c gi\u1eefa t\u00ednh nh\u1ea1y c\u1ea3m di truy\u1ec1n, c\u0103ng th\u1eb3ng v\u00e0 ch\u1ea5n th\u01b0\u01a1ng, c\u00f9ng v\u1edbi s\u1ef1 c\u1ee7ng c\u1ed1 t\u1eeb b\u1ea1n b\u00e8 v\u00e0 m\u00f4i tr\u01b0\u1eddng.<\/div><\/li><li style=\"margin:0 0 16px 0;list-style:decimal;\"><div style=\"margin-bottom:4px;\"><a href=\"https:\/\/arttao.org\/vi\/%e7%ac%ac1544%e8%af%be%ef%bc%9a%e8%8d%af%e7%89%a9%e4%be%9d%e8%b5%96%e7%9a%84%e8%af%8a%e6%96%ad%e4%b8%8e%e8%af%84%e4%bc%b0\/\" style=\"color:#00695c;text-decoration:none;border-bottom:1px solid #F5DEB3;font-weight:600;\">\u0110\u00e1nh gi\u00e1 ch\u1ea9n \u0111o\u00e1n v\u00e0 ph\u00e2n lo\u1ea1i m\u1ee9c \u0111\u1ed9 nghi\u00eam tr\u1ecdng (bao g\u1ed3m c\u00e1c ch\u1ec9 s\u1ed1 DSM-5)<\/a><\/div><div style=\"font-size:14px;line-height:1.6;color:#333;\">M\u1ee9c \u0111\u1ed9 nghi\u00eam tr\u1ecdng \u0111\u01b0\u1ee3c \u0111\u00e1nh gi\u00e1 b\u1eb1ng c\u00e1ch k\u1ebft h\u1ee3p c\u00e1c y\u1ebfu t\u1ed1 c\u1ea5u tr\u00fac v\u00e0 c\u00e1c kh\u00eda c\u1ea1nh ch\u1ee9c n\u0103ng.<\/div><\/li><li style=\"margin:0 0 16px 0;list-style:decimal;\"><div style=\"margin-bottom:4px;\"><a href=\"https:\/\/arttao.org\/vi\/%e7%ac%ac1545%e8%af%be%ef%bc%9a%e8%8d%af%e7%89%a9%e4%be%9d%e8%b5%96%e7%9a%84%e6%b2%bb%e7%96%97%e4%b8%8e%e7%ae%a1%e7%90%86\/\" style=\"color:#00695c;text-decoration:none;border-bottom:1px solid #F5DEB3;font-weight:600;\">T\u1ed5ng quan v\u1ec1 l\u1ed9 tr\u00ecnh \u0111i\u1ec1u tr\u1ecb: Gi\u1ea3i \u0111\u1ed9c, \u0111i\u1ec1u tr\u1ecb duy tr\u00ec, h\u1ed7 tr\u1ee3 t\u00e2m l\u00fd v\u00e0 x\u00e3 h\u1ed9i.<\/a><\/div><div style=\"font-size:14px;line-height:1.6;color:#333;\">Ph\u01b0\u01a1ng ph\u00e1p ti\u1ebfp c\u1eadn theo t\u1eebng giai \u0111o\u1ea1n: \u1ed4n \u0111\u1ecbnh c\u00e1c ch\u1ec9 s\u1ed1 sinh t\u1ed3n \u2014 C\u1ee7ng c\u1ed1 \u0111\u1ed9ng l\u1ef1c \u2014 Ph\u1ee5c h\u1ed3i ch\u1ee9c n\u0103ng.<\/div><\/li><li style=\"margin:0 0 16px 0;list-style:decimal;\"><div style=\"margin-bottom:4px;\"><a href=\"https:\/\/arttao.org\/vi\/%e7%ac%ac1546%e8%af%be%ef%bc%9a%e6%88%92%e6%96%ad%e7%bb%bc%e5%90%88%e5%be%81%e8%af%86%e5%88%ab%e4%b8%8e%e5%8c%bb%e5%ad%a6%e7%ae%a1%e7%90%86%ef%bc%88%e9%98%bf%e7%89%87-%e9%95%87%e9%9d%99%e5%82%ac\/\" style=\"color:#00695c;text-decoration:none;border-bottom:1px solid #F5DEB3;font-weight:600;\">Nh\u1eadn di\u1ec7n v\u00e0 x\u1eed l\u00fd y t\u1ebf h\u1ed9i ch\u1ee9ng cai nghi\u1ec7n (thu\u1ed1c phi\u1ec7n\/thu\u1ed1c an th\u1ea7n\/thu\u1ed1c ng\u1ee7\/thu\u1ed1c k\u00edch th\u00edch)<\/a><\/div><div style=\"font-size:14px;line-height:1.6;color:#333;\">C\u00e1c tri\u1ec7u ch\u1ee9ng nguy c\u01a1 cao, bi\u1ebfn ch\u1ee9ng v\u00e0 ch\u1ec9 \u0111\u1ecbnh nh\u1eadp vi\u1ec7n\/kh\u00e1m ngo\u1ea1i tr\u00fa.<\/div><\/li><li style=\"margin:0 0 16px 0;list-style:decimal;\"><div style=\"margin-bottom:4px;\"><a href=\"https:\/\/arttao.org\/vi\/%e7%ac%ac1546%e8%af%be%ef%bc%9a%e8%8d%af%e7%89%a9%e4%be%9d%e8%b5%96%e7%9a%84%e8%87%aa%e6%88%91%e7%ae%a1%e7%90%86%e4%b8%8e%e6%88%92%e6%af%92%e9%a2%84%e9%98%b2\/\" style=\"color:#00695c;text-decoration:none;border-bottom:1px solid #F5DEB3;font-weight:600;\">T\u1ef1 qu\u1ea3n l\u00fd v\u00e0 ph\u00f2ng ng\u1eeba nghi\u1ec7n ma t\u00fay<\/a><\/div><div style=\"font-size:14px;line-height:1.6;color:#333;\">Qu\u1ea3n l\u00fd khung th\u1eddi gian t\u1eeb khi b\u1eaft \u0111\u1ea7u \u0111\u1ebfn \u0111\u1ec9nh \u0111i\u1ec3m: C\u00e1c b\u00e0i t\u1eadp v\u1ec1 tr\u00ec ho\u00e3n, thay th\u1ebf, chuy\u1ec3n \u0111\u1ed5i v\u00e0 \u1ed5n \u0111\u1ecbnh.<\/div><\/li><li style=\"margin:0 0 16px 0;list-style:decimal;\"><div style=\"margin-bottom:4px;\"><a href=\"https:\/\/arttao.org\/vi\/%e7%ac%ac1548%e8%af%be%ef%bc%9a%e9%ab%98%e9%a3%8e%e9%99%a9%e8%a7%a6%e5%8f%91%e4%b8%8e%e5%a4%8d%e5%8f%91%e9%93%be%e8%b7%af%ef%bc%88%e6%83%85%e7%bb%aa-%e6%83%85%e5%a2%83-%e4%ba%ba%e9%99%85%ef%bc%89\/\" style=\"color:#00695c;text-decoration:none;border-bottom:1px solid #F5DEB3;font-weight:600;\">C\u00e1c y\u1ebfu t\u1ed1 k\u00edch ho\u1ea1t v\u00e0 con \u0111\u01b0\u1eddng t\u00e1i ph\u00e1t c\u00f3 nguy c\u01a1 cao (c\u1ea3m x\u00fac\/t\u00ecnh hu\u1ed1ng\/quan h\u1ec7 gi\u1eefa c\u00e1c c\u00e1 nh\u00e2n)<\/a><\/div><div style=\"font-size:14px;line-height:1.6;color:#333;\">H\u00e3y l\u1eadp s\u01a1 \u0111\u1ed3 &quot;t\u00e1c nh\u00e2n k\u00edch th\u00edch - suy ngh\u0129 - ph\u1ea3n \u1ee9ng&quot; c\u00e1 nh\u00e2n v\u00e0 x\u00e1c \u0111\u1ecbnh c\u00e1c \u0111i\u1ec3m c\u1ea3n tr\u1edf.<\/div><\/li><li style=\"margin:0 0 16px 0;list-style:decimal;\"><div style=\"margin-bottom:4px;\"><a href=\"https:\/\/arttao.org\/vi\/%e7%ac%ac1549%e8%af%be%ef%bc%9a%e5%8a%a8%e6%9c%ba%e5%a2%9e%e5%bc%ba%e8%ae%bf%e8%b0%88%ef%bc%88mi%ef%bc%89%e7%9a%84%e5%ba%94%e7%94%a8%e8%a6%81%e7%82%b9\/\" style=\"color:#00695c;text-decoration:none;border-bottom:1px solid #F5DEB3;font-weight:600;\">Nh\u1eefng \u0111i\u1ec3m ch\u00ednh c\u1ea7n l\u01b0u \u00fd khi \u00e1p d\u1ee5ng ph\u1ecfng v\u1ea5n t\u0103ng c\u01b0\u1eddng \u0111\u1ed9ng l\u1ef1c (MI)<\/a><\/div><div style=\"font-size:14px;line-height:1.6;color:#333;\">Th\u00fac \u0111\u1ea9y s\u1ef1 thay \u0111\u1ed5i n\u1ed9i t\u1ea1i th\u00f4ng qua s\u1ef1 th\u1ea5u c\u1ea3m, th\u00edch \u1ee9ng v\u1edbi ho\u00e0n c\u1ea3nh thay \u0111\u1ed5i v\u00e0 t\u00ecm ki\u1ebfm nh\u1eefng \u0111i\u1ec3m thi\u1ebfu s\u00f3t.<\/div><\/li><li style=\"margin:0 0 16px 0;list-style:decimal;\"><div style=\"margin-bottom:4px;\"><a href=\"https:\/\/arttao.org\/vi\/%e7%ac%ac1550%e8%af%be%ef%bc%9a%e8%ae%a4%e7%9f%a5%e8%a1%8c%e4%b8%ba%e7%ad%96%e7%95%a5%ef%bc%9a%e8%a7%a6%e5%8f%91-%e6%b8%b4%e6%b1%82-%e5%8f%8d%e5%ba%94%e9%97%ad%e7%8e%af%e8%ae%ad\/\" style=\"color:#00695c;text-decoration:none;border-bottom:1px solid #F5DEB3;font-weight:600;\">C\u00e1c chi\u1ebfn l\u01b0\u1ee3c nh\u1eadn th\u1ee9c-h\u00e0nh vi: Hu\u1ea5n luy\u1ec7n v\u00f2ng k\u00edn K\u00edch ho\u1ea1t-Mong mu\u1ed1n-Ph\u1ea3n \u1ee9ng<\/a><\/div><div style=\"font-size:14px;line-height:1.6;color:#333;\">Th\u1ef1c hi\u1ec7n th\u01b0\u1eddng quy c\u00e1c ch\u01b0\u01a1ng tr\u00ecnh ghi ch\u00e9p, t\u00e1i c\u1ea5u tr\u00fac, thay th\u1ebf v\u00e0 khen th\u01b0\u1edfng.<\/div><\/li><li style=\"margin:0 0 16px 0;list-style:decimal;\"><div style=\"margin-bottom:4px;\"><a href=\"https:\/\/arttao.org\/vi\/%e7%ac%ac1551%e8%af%be%ef%bc%9a%e9%98%bf%e7%89%87%e7%b1%bb%e4%bd%bf%e7%94%a8%e9%9a%9c%e7%a2%8d%e7%94%a8%e8%8d%af%ef%bc%9a%e7%be%8e%e6%b2%99%e9%85%ae-%e5%b8%83%e6%a1%82%e5%97%aa-%e7%ba%b3%e6%9b%b2\/\" style=\"color:#00695c;text-decoration:none;border-bottom:1px solid #F5DEB3;font-weight:600;\">Thu\u1ed1c \u0111i\u1ec1u tr\u1ecb r\u1ed1i lo\u1ea1n s\u1eed d\u1ee5ng opioid: T\u1ed5ng quan v\u1ec1 Methadone\/Bucilcin\/Naltrexone<\/a><\/div><div style=\"font-size:14px;line-height:1.6;color:#333;\">Ch\u1ec9 \u0111\u1ecbnh, ch\u1ed1ng ch\u1ec9 \u0111\u1ecbnh v\u00e0 chi\u1ebfn l\u01b0\u1ee3c tu\u00e2n th\u1ee7 \u0111i\u1ec1u tr\u1ecb, k\u1ebft h\u1ee3p v\u1edbi can thi\u1ec7p t\u00e2m l\u00fd.<\/div><\/li><li style=\"margin:0 0 16px 0;list-style:decimal;\"><div style=\"margin-bottom:4px;\"><a href=\"https:\/\/arttao.org\/vi\/%e7%ac%ac1552%e8%af%be%ef%bc%9a%e8%8b%af%e4%ba%8c%e6%b0%ae%e5%8d%93%e7%b1%bb%e4%be%9d%e8%b5%96%e7%9a%84%e6%b8%90%e5%87%8f%e6%96%b9%e6%a1%88%e4%b8%8e%e5%ae%89%e5%85%a8%e7%9b%91%e6%b5%8b\/\" style=\"color:#00695c;text-decoration:none;border-bottom:1px solid #F5DEB3;font-weight:600;\">C\u00e1c ph\u00e1c \u0111\u1ed3 gi\u1ea3m li\u1ec1u benzodiazepine v\u00e0 gi\u00e1m s\u00e1t an to\u00e0n<\/a><\/div><div style=\"font-size:14px;line-height:1.6;color:#333;\">T\u00ednh to\u00e1n ch\u00e9o, gi\u1ea3m d\u1ea7n v\u00e0 qu\u1ea3n l\u00fd nguy c\u01a1 \u0111\u1ed9ng kinh.<\/div><\/li><li style=\"margin:0 0 16px 0;list-style:decimal;\"><div style=\"margin-bottom:4px;\"><a href=\"https:\/\/arttao.org\/vi\/%e7%ac%ac1553%e8%af%be%ef%bc%9a%e5%85%b4%e5%a5%8b%e5%89%82%ef%bc%88%e7%94%b2%e5%9f%ba%e8%8b%af%e4%b8%99%e8%83%ba-%e5%8f%af%e5%8d%a1%e5%9b%a0%ef%bc%89%e5%b9%b2%e9%a2%84%e4%b8%8e%e5%a4%8d%e5%8f%91\/\" style=\"color:#00695c;text-decoration:none;border-bottom:1px solid #F5DEB3;font-weight:600;\">Can thi\u1ec7p v\u00e0 ph\u00f2ng ng\u1eeba t\u00e1i nghi\u1ec7n ch\u1ea5t k\u00edch th\u00edch (Methamphetamine\/Cocaine)<\/a><\/div><div style=\"font-size:14px;line-height:1.6;color:#333;\">Ph\u01b0\u01a1ng ph\u00e1p n\u00e0y d\u1ef1a tr\u00ean li\u1ec7u ph\u00e1p h\u00e0nh vi, qu\u1ea3n l\u00fd ph\u1ea7n th\u01b0\u1edfng v\u00e0 h\u1ed7 tr\u1ee3 x\u00e3 h\u1ed9i.<\/div><\/li><li style=\"margin:0 0 16px 0;list-style:decimal;\"><div style=\"margin-bottom:4px;\"><a href=\"https:\/\/arttao.org\/vi\/%e7%ac%ac1554%e8%af%be%ef%bc%9a%e5%8d%b1%e5%ae%b3%e9%99%8d%e4%bd%8e%ef%bc%88harm-reduction%ef%bc%89%e4%b8%8e%e8%bf%87%e9%87%8f%e9%a2%84%e9%98%b2%ef%bc%88%e7%ba%b3%e6%b4%9b%e9%85%ae%ef%bc%89\/\" style=\"color:#00695c;text-decoration:none;border-bottom:1px solid #F5DEB3;font-weight:600;\">Gi\u1ea3m thi\u1ec3u t\u00e1c h\u1ea1i v\u00e0 ph\u00f2ng ng\u1eeba qu\u00e1 li\u1ec1u (naloxone)<\/a><\/div><div style=\"font-size:14px;line-height:1.6;color:#333;\">H\u00e3y mang theo naloxone, tham gia c\u00e1c bu\u1ed5i gi\u00e1o d\u1ee5c \u0111\u1ed3ng \u0111\u1eb3ng v\u00e0 t\u00ecm hi\u1ec3u th\u00f4ng tin v\u1ec1 c\u00e1ch s\u1eed d\u1ee5ng thu\u1ed1c an to\u00e0n.<\/div><\/li><li style=\"margin:0 0 16px 0;list-style:decimal;\"><div style=\"margin-bottom:4px;\"><a href=\"https:\/\/arttao.org\/vi\/%e7%ac%ac1555%e8%af%be%ef%bc%9a%e5%85%b1%e7%97%85%e5%a4%84%e7%90%86%ef%bc%9a%e6%8a%91%e9%83%81-%e7%84%a6%e8%99%91-%e5%8f%8c%e7%9b%b8-ptsd-%e4%b8%8e%e8%87%aa%e6%9d%80%e9%a3%8e%e9%99%a9\/\" style=\"color:#00695c;text-decoration:none;border-bottom:1px solid #F5DEB3;font-weight:600;\">Qu\u1ea3n l\u00fd c\u00e1c b\u1ec7nh l\u00fd \u0111\u1ed3ng m\u1eafc: Tr\u1ea7m c\u1ea3m\/Lo \u00e2u\/R\u1ed1i lo\u1ea1n l\u01b0\u1ee1ng c\u1ef1c\/R\u1ed1i lo\u1ea1n c\u0103ng th\u1eb3ng sau ch\u1ea5n th\u01b0\u01a1ng v\u00e0 nguy c\u01a1 t\u1ef1 t\u1eed<\/a><\/div><div style=\"font-size:14px;line-height:1.6;color:#333;\">\u0110\u00e1nh gi\u00e1 song song v\u00e0 chuy\u1ec3n tuy\u1ebfn ph\u1ed1i h\u1ee3p, \u01b0u ti\u00ean h\u00e0ng \u0111\u1ea7u l\u00e0 \u0111\u1ea3m b\u1ea3o an to\u00e0n.<\/div><\/li><li style=\"margin:0 0 16px 0;list-style:decimal;\"><div style=\"margin-bottom:4px;\"><a href=\"https:\/\/arttao.org\/vi\/%e7%ac%ac1556%e8%af%be%ef%bc%9a%e6%b3%95%e5%be%8b%e4%b8%8e%e8%81%8c%e4%b8%9a%e5%ae%89%e5%85%a8%ef%bc%9a%e5%a4%84%e6%96%b9%e8%8d%af%e6%bb%a5%e7%94%a8%e3%80%81%e9%a9%be%e9%a9%b6%e4%b8%8e%e5%b7%a5\/\" style=\"color:#00695c;text-decoration:none;border-bottom:1px solid #F5DEB3;font-weight:600;\">Lu\u1eadt ph\u00e1p v\u00e0 An to\u00e0n Lao \u0111\u1ed9ng: L\u1ea1m d\u1ee5ng thu\u1ed1c k\u00ea \u0111\u01a1n, L\u00e1i xe v\u00e0 Tu\u00e2n th\u1ee7 quy \u0111\u1ecbnh an to\u00e0n lao \u0111\u1ed9ng<\/a><\/div><div style=\"font-size:14px;line-height:1.6;color:#333;\">X\u00e1c \u0111\u1ecbnh r\u00f5 r\u00e0ng c\u00e1c h\u1eadu qu\u1ea3 ph\u00e1p l\u00fd v\u00e0 r\u1ee7i ro ngh\u1ec1 nghi\u1ec7p, \u0111\u1ed3ng th\u1eddi \u0111\u1ec1 xu\u1ea5t c\u00e1c gi\u1ea3i ph\u00e1p thay th\u1ebf.<\/div><\/li><li style=\"margin:0 0 16px 0;list-style:decimal;\"><div style=\"margin-bottom:4px;\"><a href=\"https:\/\/arttao.org\/vi\/%e7%ac%ac1557%e8%af%be%ef%bc%9a%e7%89%b9%e6%ae%8a%e4%ba%ba%e7%be%a4%ef%bc%9a%e5%ad%95%e6%9c%9f-%e9%9d%92%e5%b0%91%e5%b9%b4-%e6%85%a2%e7%97%85%e6%82%a3%e8%80%85%e7%9a%84%e5%b9%b2%e9%a2%84%e8%a6%81\/\" style=\"color:#00695c;text-decoration:none;border-bottom:1px solid #F5DEB3;font-weight:600;\">C\u00e1c \u0111i\u1ec3m can thi\u1ec7p ch\u00ednh \u0111\u1ed1i v\u1edbi c\u00e1c nh\u00f3m \u0111\u1ed1i t\u01b0\u1ee3ng \u0111\u1eb7c bi\u1ec7t: ph\u1ee5 n\u1eef mang thai\/thanh thi\u1ebfu ni\u00ean\/b\u1ec7nh nh\u00e2n m\u1eafc b\u1ec7nh m\u00e3n t\u00ednh.<\/a><\/div><div style=\"font-size:14px;line-height:1.6;color:#333;\">B\u1ea3o v\u1ec7 s\u1ef1 ph\u00e1t tri\u1ec3n v\u00e0 \u1ed5n \u0111\u1ecbnh c\u00e1c b\u1ec7nh m\u00e3n t\u00ednh, \u0111\u1ed3ng th\u1eddi t\u0103ng c\u01b0\u1eddng s\u1ef1 h\u1ee3p t\u00e1c gi\u1eefa gia \u0111\u00ecnh v\u00e0 nh\u00e0 tr\u01b0\u1eddng.<\/div><\/li><li style=\"margin:0 0 16px 0;list-style:decimal;\"><div style=\"margin-bottom:4px;\"><a href=\"https:\/\/arttao.org\/vi\/%e7%ac%ac1558%e8%af%be%ef%bc%9a%e5%ae%b6%e5%ba%ad%e6%94%af%e6%8c%81%e3%80%81%e6%b2%9f%e9%80%9a%e4%b8%8e%e7%95%8c%e9%99%90%ef%bc%88cra-craft-%e6%80%9d%e8%b7%af%ef%bc%89\/\" style=\"color:#00695c;text-decoration:none;border-bottom:1px solid #F5DEB3;font-weight:600;\">S\u1ef1 h\u1ed7 tr\u1ee3, giao ti\u1ebfp v\u00e0 ranh gi\u1edbi trong gia \u0111\u00ecnh (ph\u01b0\u01a1ng ph\u00e1p CRA\/CRAFT)<\/a><\/div><div style=\"font-size:14px;line-height:1.6;color:#333;\">Bi\u1ebfn l\u1eddi ch\u1ec9 tr\u00edch th\u00e0nh s\u1ef1 \u1ee7ng h\u1ed9 v\u00e0 thi\u1ebft l\u1eadp ranh gi\u1edbi cho nh\u1eefng v\u1ea5n \u0111\u1ec1 nh\u01b0 ti\u1ec1n b\u1ea1c v\u00e0 nh\u00e0 \u1edf.<\/div><\/li><li style=\"margin:0 0 16px 0;list-style:decimal;\"><div style=\"margin-bottom:4px;\"><a href=\"https:\/\/arttao.org\/vi\/%e7%ac%ac1559%e8%af%be%ef%bc%9a%e5%9b%9e%e8%90%bd%e5%90%8e%e7%9a%84%e5%bf%ab%e9%80%9f%e5%9b%9e%e8%bd%a8%ef%bc%9a%e4%b8%aa%e4%ba%ba%e5%a4%8d%e7%9b%98%e4%b8%8e%e6%94%af%e6%8c%81%e7%b3%bb%e7%bb%9f\/\" style=\"color:#00695c;text-decoration:none;border-bottom:1px solid #F5DEB3;font-weight:600;\">Nhanh ch\u00f3ng quay l\u1ea1i \u0111\u00fang h\u01b0\u1edbng sau \u0111\u1ee3t gi\u1ea3m gi\u00e1: \u0111\u00e1nh gi\u00e1 c\u00e1 nh\u00e2n v\u00e0 c\u00e1c cu\u1ed9c g\u1ecdi h\u1ed7 tr\u1ee3 t\u1eeb h\u1ec7 th\u1ed1ng.<\/a><\/div><div style=\"font-size:14px;line-height:1.6;color:#333;\">H\u00e3y coi vi\u1ec7c t\u00e1i ph\u00e1t l\u00e0 m\u1ed9t qu\u00e1 tr\u00ecnh di\u1ec5n ra v\u00e0 nhanh ch\u00f3ng quay tr\u1edf l\u1ea1i con \u0111\u01b0\u1eddng ph\u1ee5c h\u1ed3i.<\/div><\/li><li style=\"margin:0 0 16px 0;list-style:decimal;\"><div style=\"margin-bottom:4px;\"><a href=\"https:\/\/arttao.org\/vi\/%e7%ac%ac1560%e8%af%be%ef%bc%9a%e7%89%a9%e8%b4%a8%e4%bd%bf%e7%94%a8%e9%9a%9c%e7%a2%8d%e7%9a%84%e5%85%b1%e7%97%85%e9%97%ae%e9%a2%98%e4%b8%8e%e5%ae%b6%e4%ba%ba%e6%94%af%e6%8c%81%e6%9c%ba%e5%88%b6\/\" style=\"color:#00695c;text-decoration:none;border-bottom:1px solid #F5DEB3;font-weight:600;\">C\u00e1c b\u1ec7nh \u0111\u1ed3ng m\u1eafc c\u1ee7a r\u1ed1i lo\u1ea1n s\u1eed d\u1ee5ng ch\u1ea5t g\u00e2y nghi\u1ec7n v\u00e0 c\u00e1c c\u01a1 ch\u1ebf h\u1ed7 tr\u1ee3 gia \u0111\u00ecnh<\/a><\/div><div style=\"font-size:14px;line-height:1.6;color:#333;\">M\u1ee5c ti\u00eau t\u1eebng giai \u0111o\u1ea1n + \u0111\u00e1nh gi\u00e1 quy m\u00f4 + k\u1ebft n\u1ed1i x\u00e3 h\u1ed9i \u0111\u1ec3 c\u1ee7ng c\u1ed1 qu\u00e1 tr\u00ecnh ph\u1ee5c h\u1ed3i.<\/div><\/li><li style=\"margin:0 0 16px 0;list-style:decimal;\"><div style=\"margin-bottom:4px;\"><a href=\"https:\/\/arttao.org\/vi\/mandala-truyen-thong-tu-do-khoa-hoc-bo-tro\/\" style=\"color:#00695c;text-decoration:none;border-bottom:1px solid #F5DEB3;font-weight:600;\">Mandala truy\u1ec1n th\u1ed1ng t\u1ef1 do (Kh\u00f3a h\u1ecdc b\u1ed5 tr\u1ee3)<\/a><\/div><div style=\"font-size:14px;line-height:1.6;color:#333;\">\u201c&quot;Mandala t\u1ef1 do truy\u1ec1n th\u1ed1ng&quot; l\u00e0 h\u00ecnh th\u1ee9c s\u00e1ng t\u1ea1o m\u1edf nh\u1ea5t, kh\u00f4ng gi\u1ea3 \u0111\u1ecbnh c\u1ea5u tr\u00fac, ch\u1ee7 \u0111\u1ec1 hay bi\u1ec3u t\u01b0\u1ee3ng n\u00e0o, nh\u1ea5n m\u1ea1nh v\u00e0o c\u00e1c \u0111\u01b0\u1eddng n\u00e9t v\u00e0 m\u00e0u s\u1eafc tu\u00f4n ch\u1ea3y t\u1ef1 nhi\u00ean t\u1eeb b\u00ean trong.<\/div><\/li><li style=\"margin:0 0 16px 0;list-style:decimal;\"><div style=\"margin-bottom:4px;\"><a href=\"https:\/\/arttao.org\/vi\/bai-hoc-45-nghien-internet-su-phu-thuoc-vao-internet-hoac-tro-choi-dien-tu\/\" style=\"color:#00695c;text-decoration:none;border-bottom:1px solid #F5DEB3;font-weight:600;\">B\u00e0i h\u1ecdc 43: R\u1ed1i lo\u1ea1n s\u1eed d\u1ee5ng ch\u1ea5t g\u00e2y nghi\u1ec7n (B\u00e0i h\u1ecdc 1541\u20131560) \u0110\u00e1nh gi\u00e1 kh\u00f3a h\u1ecdc<\/a><\/div><div style=\"font-size:14px;line-height:1.6;color:#333;\">Vui l\u00f2ng \u0111i\u1ec1n v\u00e0o phi\u1ebfu \u0111\u00e1nh gi\u00e1 kh\u00f3a h\u1ecdc \u0111\u1ec3 xem l\u1ea1i nh\u1eefng g\u00ec b\u1ea1n \u0111\u00e3 h\u1ecdc v\u00e0 \u0111\u01b0a ra \u00fd ki\u1ebfn \u0111\u00f3ng g\u00f3p. \u0110i\u1ec1u n\u00e0y s\u1ebd gi\u00fap b\u1ea1n hi\u1ec3u s\u00e2u h\u01a1n v\u1ec1 kh\u00f3a h\u1ecdc v\u00e0 c\u0169ng gi\u00fap ch\u00fang t\u00f4i c\u1ea3i thi\u1ec7n ch\u1ea5t l\u01b0\u1ee3ng kh\u00f3a h\u1ecdc.<\/div><\/li><\/ol><div style=\"margin-top:24px;font-size:13px;color:#666;line-height:1.5;background:#fff8dc;border:1px solid #F5DEB3;border-radius:8px;padding:12px 12px;\">L\u01b0u \u00fd: N\u1ed9i dung n\u00e0y ch\u1ec9 nh\u1eb1m m\u1ee5c \u0111\u00edch t\u1ef1 t\u00ecm hi\u1ec3u v\u00e0 \u0111\u00e0o t\u1ea1o, kh\u00f4ng thay th\u1ebf cho ch\u1ea9n \u0111o\u00e1n y t\u1ebf chuy\u00ean nghi\u1ec7p v\u00e0 \u0111i\u1ec1u tr\u1ecb kh\u1ea9n c\u1ea5p. N\u1ebfu xu\u1ea5t hi\u1ec7n c\u00e1c tri\u1ec7u ch\u1ee9ng nguy hi\u1ec3m ho\u1eb7c suy gi\u1ea3m ch\u1ee9c n\u0103ng \u0111\u00e1ng k\u1ec3, vui l\u00f2ng \u0111\u1ebfn g\u1eb7p b\u00e1c s\u0129 ngay l\u1eadp t\u1ee9c v\u00e0 l\u00e0m theo l\u1eddi khuy\u00ean c\u1ee7a chuy\u00ean gia.<\/div><\/div>","protected":false},"excerpt":{"rendered":"","protected":false},"author":1,"featured_media":0,"parent":0,"menu_order":0,"comment_status":"closed","ping_status":"closed","template":"","meta":{"nf_dc_page":"","om_disable_all_campaigns":false,"_monsterinsights_skip_tracking":false,"_monsterinsights_sitenote_active":false,"_monsterinsights_sitenote_note":"","_monsterinsights_sitenote_category":0,"footnotes":""},"class_list":["post-12676","page","type-page","status-publish","hentry"],"_links":{"self":[{"href":"https:\/\/arttao.org\/vi\/wp-json\/wp\/v2\/pages\/12676","targetHints":{"allow":["GET"]}}],"collection":[{"href":"https:\/\/arttao.org\/vi\/wp-json\/wp\/v2\/pages"}],"about":[{"href":"https:\/\/arttao.org\/vi\/wp-json\/wp\/v2\/types\/page"}],"author":[{"embeddable":true,"href":"https:\/\/arttao.org\/vi\/wp-json\/wp\/v2\/users\/1"}],"replies":[{"embeddable":true,"href":"https:\/\/arttao.org\/vi\/wp-json\/wp\/v2\/comments?post=12676"}],"version-history":[{"count":2,"href":"https:\/\/arttao.org\/vi\/wp-json\/wp\/v2\/pages\/12676\/revisions"}],"predecessor-version":[{"id":12684,"href":"https:\/\/arttao.org\/vi\/wp-json\/wp\/v2\/pages\/12676\/revisions\/12684"}],"wp:attachment":[{"href":"https:\/\/arttao.org\/vi\/wp-json\/wp\/v2\/media?parent=12676"}],"curies":[{"name":"wp","href":"https:\/\/api.w.org\/{rel}","templated":true}]}}