{"id":16363,"date":"2025-12-23T03:16:15","date_gmt":"2025-12-23T03:16:15","guid":{"rendered":"https:\/\/arttao.org\/?page_id=16363"},"modified":"2025-12-23T03:16:15","modified_gmt":"2025-12-23T03:16:15","slug":"ve-chung-toi-gioi-thieu-ve-arttao","status":"publish","type":"page","link":"https:\/\/arttao.org\/vi\/%e5%85%b3%e4%ba%8e%e6%88%91%e4%bb%ac%ef%bd%9cabout-arttao\/","title":{"rendered":"V\u1ec1 ch\u00fang t\u00f4i | V\u1ec1 Arttao"},"content":{"rendered":"<div style=\"max-width: 900px; margin: 0 auto; font-family: Georgia, 'Times New Roman', serif; line-height: 1.9; color: #333; padding: 10px 16px;\">\n<h2 style=\"text-align:center; margin: 8px 0 18px; font-size: 30px; letter-spacing: 0.5px;\"><\/h2>\n<p style=\"margin: 0 0 16px;\">\n    <strong>Arttao.org<\/strong> \u0110\u00f3 l\u00e0 m\u1ed9t <strong>S\u1ee9c kh\u1ecfe t\u00e2m th\u1ea7n, tr\u1ecb li\u1ec7u ngh\u1ec7 thu\u1eadt v\u00e0 h\u1ed7 tr\u1ee3 b\u1eb1ng tr\u00ed tu\u1ec7 nh\u00e2n t\u1ea1o<\/strong> M\u1ed9t n\u1ec1n t\u1ea3ng to\u00e0n di\u1ec7n t\u1eadp trung v\u00e0o [c\u1ed1t l\u00f5i].<br \/>\n    Ch\u00fang t\u00f4i t\u1eadp trung v\u00e0o nh\u1eefng ng\u01b0\u1eddi d\u1ec5 b\u1ecb b\u1ecf qua, hi\u1ec3u l\u1ea7m ho\u1eb7c thi\u1ebfu s\u1ef1 h\u1ed7 tr\u1ee3 b\u1ec1n v\u1eefng trong cu\u1ed9c s\u1ed1ng th\u1ef1c t\u1ebf, v\u00e0 cam k\u1ebft cung c\u1ea5p n\u1ed9i dung c\u00f3 c\u1ea5u tr\u00fac c\u00f9ng ph\u01b0\u01a1ng ph\u00e1p ti\u1ebfp c\u1eadn nh\u1eb9 nh\u00e0ng v\u00e0 b\u1ec1n v\u1eefng.<br \/>\n    N\u00f3 gi\u00fap m\u1ed7i c\u00e1 nh\u00e2n hi\u1ec3u \u0111\u01b0\u1ee3c tr\u1ea1ng th\u00e1i t\u00e2m l\u00fd c\u1ee7a ch\u00ednh m\u00ecnh, kh\u00f4i ph\u1ee5c s\u1ef1 c\u00e2n b\u1eb1ng n\u1ed9i t\u00e2m v\u00e0 d\u1ea7n d\u1ea7n thi\u1ebft l\u1eadp m\u1ed9t nh\u1ecbp s\u1ed1ng \u1ed5n \u0111\u1ecbnh h\u01a1n.\n  <\/p>\n<h3 style=\"margin: 22px 0 10px; font-size: 20px;\">\n    Ch\u00fang ta \u0111ang l\u00e0m g\u00ec v\u1eady?<br \/>\n  <\/h3>\n<p style=\"margin: 0 0 12px;\">\n    Arttao kh\u00f4ng ch\u1ec9 \u0111\u01a1n thu\u1ea7n l\u00e0 m\u1ed9t &quot;trang web ki\u1ec3m tra t\u00e2m l\u00fd&quot;, c\u0169ng kh\u00f4ng ph\u1ea3i l\u00e0 m\u1ed9t n\u1ec1n t\u1ea3ng kh\u00f3a h\u1ecdc tr\u1ef1c tuy\u1ebfn duy nh\u1ea5t. Ch\u00fang t\u00f4i \u0111\u00e3 x\u00e2y d\u1ef1ng m\u1ed9t h\u1ec7 th\u1ed1ng h\u1ed7 tr\u1ee3 t\u00e2m l\u00fd v\u00e0 tr\u1ecb li\u1ec7u ngh\u1ec7 thu\u1eadt \u0111a t\u1ea7ng, bao g\u1ed3m nh\u01b0ng kh\u00f4ng gi\u1edbi h\u1ea1n \u1edf:\n  <\/p>\n<ul style=\"margin: 0 0 16px 20px; padding: 0;\">\n<li style=\"margin: 6px 0;\">C\u00f4ng c\u1ee5 \u0111\u00e1nh gi\u00e1 tr\u1ea1ng th\u00e1i t\u00e2m l\u00fd v\u00e0 t\u1ef1 hi\u1ec3u b\u1ea3n th\u00e2n m\u1ed9t c\u00e1ch c\u00f3 h\u1ec7 th\u1ed1ng<\/li>\n<li style=\"margin: 6px 0;\">C\u00e1c kh\u00f3a tr\u1ecb li\u1ec7u d\u00e0i h\u1ea1n bao g\u1ed3m c\u00e1c l\u0129nh v\u1ef1c nh\u01b0 lo \u00e2u, tr\u1ea7m c\u1ea3m, ch\u1ea5n th\u01b0\u01a1ng t\u00e2m l\u00fd, r\u1ed1i lo\u1ea1n gi\u1ea5c ng\u1ee7 v\u00e0 nghi\u1ec7n ng\u1eadp.<\/li>\n<li style=\"margin: 6px 0;\">N\u1ed9i dung tr\u1ecb li\u1ec7u ngh\u1ec7 thu\u1eadt \u0111a v\u0103n h\u00f3a k\u1ebft h\u1ee3p gi\u1eefa u\u1ed1ng tr\u00e0, tr\u1ecb li\u1ec7u b\u1eb1ng \u1ea9m th\u1ef1c, th\u01b0 ph\u00e1p, h\u1ed9i h\u1ecda, \u00e2m nh\u1ea1c v\u00e0 chi\u00eam ng\u01b0\u1ee1ng mandala.<\/li>\n<li style=\"margin: 6px 0;\">H\u1ed7 tr\u1ee3 v\u00e0 h\u01b0\u1edbng d\u1eabn b\u1eb1ng tr\u00ed tu\u1ec7 nh\u00e2n t\u1ea1o, ch\u1ee9 kh\u00f4ng ph\u1ea3i l\u00e0 &quot;c\u00f4ng c\u1ee5 ch\u1ea9n \u0111o\u00e1n&quot; \u0111\u1ec3 thay th\u1ebf ch\u0103m s\u00f3c y t\u1ebf chuy\u00ean nghi\u1ec7p.\u201c<\/li>\n<\/ul>\n<p style=\"margin: 0 0 16px;\">\n    Ch\u00fang t\u00f4i quan t\u00e2m h\u01a1n<strong>qu\u00e1 tr\u00ecnh<\/strong>Thay v\u00ec t\u1eadp trung v\u00e0o &quot;c\u1ea3i thi\u1ec7n ngay l\u1eadp t\u1ee9c&quot;, h\u00e3y t\u1eadp trung v\u00e0o...<strong>Hi\u1ec3u bi\u1ebft v\u00e0 \u0110i\u1ec1u ch\u1ec9nh<\/strong>Thay v\u00ec d\u00e1n nh\u00e3n c\u00e1c k\u1ebft lu\u1eadn.\n  <\/p>\n<h3 style=\"margin: 22px 0 10px; font-size: 20px;\">\n    Ch\u00fang ta nh\u00ecn nh\u1eadn h\u1ed7 tr\u1ee3 t\u00e2m l\u00fd nh\u01b0 th\u1ebf n\u00e0o?<br \/>\n  <\/h3>\n<p style=\"margin: 0 0 16px;\">\n    Ch\u00fang t\u00f4i tin r\u1eb1ng r\u1ed1i lo\u1ea1n t\u00e2m l\u00fd kh\u00f4ng \u0111\u1ed3ng ngh\u0129a v\u1edbi &quot;b\u1ea5t th\u01b0\u1eddng&quot;; n\u00f3 th\u01b0\u1eddng l\u00e0 k\u1ebft qu\u1ea3 c\u1ee7a s\u1ef1 k\u1ebft h\u1ee3p c\u00e1c y\u1ebfu t\u1ed1 nh\u01b0 c\u0103ng th\u1eb3ng k\u00e9o d\u00e0i, c\u00e1c y\u1ebfu t\u1ed1 m\u00f4i tr\u01b0\u1eddng, c\u00e1c ki\u1ec3u m\u1eabu quan h\u1ec7 v\u00e0 t\u00ecnh tr\u1ea1ng th\u1ec3 ch\u1ea5t.<br \/>\n    Do \u0111\u00f3, n\u1ed9i dung do Arttao cung c\u1ea5p tu\u00e2n theo c\u00e1c nguy\u00ean t\u1eafc sau:\n  <\/p>\n<ul style=\"margin: 0 0 16px 20px; padding: 0;\">\n<li style=\"margin: 6px 0;\">\u0110\u1eebng ho\u1ea3ng s\u1ee3, \u0111\u1eebng ph\u00f3ng \u0111\u1ea1i c\u00e1c tri\u1ec7u ch\u1ee9ng.<\/li>\n<li style=\"margin: 6px 0;\">\u0110\u1eebng \u0111\u01a1n gi\u1ea3n h\u00f3a nh\u1eefng tr\u1ea3i nghi\u1ec7m ph\u1ee9c t\u1ea1p th\u00e0nh m\u1ed9t k\u1ebft lu\u1eadn duy nh\u1ea5t.<\/li>\n<li style=\"margin: 6px 0;\">Kh\u00f4ng n\u00ean d\u00f9ng ng\u00f4n ng\u1eef c\u1ea3m x\u00fac \u0111\u1ec3 t\u1ea1o ra s\u1ef1 ph\u1ee5 thu\u1ed9c.<\/li>\n<li style=\"margin: 6px 0;\">H\u00e3y t\u00f4n tr\u1ecdng nh\u1ecbp \u0111i\u1ec7u c\u00e1 nh\u00e2n v\u00e0 cho ph\u00e9p s\u1ef1 l\u1eb7p l\u1ea1i v\u00e0 nh\u1eefng kho\u1ea3ng l\u1eb7ng.<\/li>\n<\/ul>\n<p style=\"margin: 0 0 16px;\">\n    \u1ede \u0111\u00e2y, h\u1ed7 tr\u1ee3 t\u00e2m l\u00fd l\u00e0 m\u1ed9t y\u1ebfu t\u1ed1 then ch\u1ed1t.<strong>M\u1ed9t con \u0111\u01b0\u1eddng c\u00f3 th\u1ec3 \u0111i b\u1ed9 ch\u1eadm r\u00e3i.<\/strong>\u3002\n  <\/p>\n<h3 style=\"margin: 22px 0 10px; font-size: 20px;\">\n    \u00dd ngh\u0129a c\u1ee7a li\u1ec7u ph\u00e1p ngh\u1ec7 thu\u1eadt<br \/>\n  <\/h3>\n<p style=\"margin: 0 0 12px;\">\n    Ngh\u1ec7 thu\u1eadt kh\u00f4ng ph\u1ea3i l\u00e0 &quot;th\u1ec3 hi\u1ec7n hay \u0111\u1ebfn m\u1ee9c n\u00e0o&quot;, m\u00e0 l\u00e0...<strong>Kh\u00f4i ph\u1ee5c nh\u1eadn th\u1ee9c v\u00e0 s\u1ef1 k\u1ebft n\u1ed1i<\/strong>T\u1ea1i Arttao, li\u1ec7u ph\u00e1p ngh\u1ec7 thu\u1eadt kh\u00f4ng ph\u1ea3i l\u00e0 m\u1ed9t ch\u01b0\u01a1ng tr\u00ecnh \u0111\u00e0o t\u1ea1o k\u1ef9 n\u0103ng, m\u00e0 l\u00e0 m\u1ed9t ho\u1ea1t \u0111\u1ed9ng th\u1ef1c h\u00e0nh h\u00e0ng ng\u00e0y, d\u1ec5 ti\u1ebfp c\u1eadn. V\u00ed d\u1ee5:\n  <\/p>\n<ul style=\"margin: 0 0 16px 20px; padding: 0;\">\n<li style=\"margin: 6px 0;\">Mandala kh\u00f4ng ch\u1ec9 \u0111\u01a1n thu\u1ea7n l\u00e0 &quot;v\u1ebd m\u1ed9t c\u00e1i g\u00ec \u0111\u00f3&quot;, m\u00e0 c\u00f2n l\u00e0 vi\u1ec7c chi\u00eam ng\u01b0\u1ee1ng v\u00e0 d\u1eebng l\u1ea1i \u0111\u1ec3 ng\u1eafm nh\u00ecn n\u00f3.<\/li>\n<li style=\"margin: 6px 0;\">Th\u01b0 ph\u00e1p kh\u00f4ng ph\u1ea3i l\u00e0 theo \u0111u\u1ed5i phong c\u00e1ch, m\u00e0 l\u00e0 v\u1ec1 nh\u1ecbp \u0111i\u1ec7u v\u00e0 h\u01a1i th\u1edf.<\/li>\n<li style=\"margin: 6px 0;\">Vi\u1ec7c u\u1ed1ng tr\u00e0 v\u00e0 li\u1ec7u ph\u00e1p \u0103n u\u1ed1ng kh\u00f4ng ph\u1ea3i l\u00e0 nh\u1eefng c\u00f4ng th\u1ee9c b\u00ed \u1ea9n, m\u00e0 l\u00e0 \u0111i\u1ec3m kh\u1edfi \u0111\u1ea7u cho vi\u1ec7c \u0111i\u1ec1u ch\u1ec9nh c\u01a1 th\u1ec3.<\/li>\n<\/ul>\n<p style=\"margin: 0 0 16px;\">\n    \u1ede \u0111\u00e2y, ngh\u1ec7 thu\u1eadt l\u00e0 ng\u00f4n ng\u1eef c\u1ee7a s\u1ef1 \u0111i\u1ec1u ch\u1ec9nh t\u00e2m l\u00fd.\n  <\/p>\n<h3 style=\"margin: 22px 0 10px; font-size: 20px;\">\n    Vai tr\u00f2 c\u1ee7a tr\u00ed tu\u1ec7 nh\u00e2n t\u1ea1o<br \/>\n  <\/h3>\n<p style=\"margin: 0 0 16px;\">\n    Arttao s\u1eed d\u1ee5ng tr\u00ed tu\u1ec7 nh\u00e2n t\u1ea1o nh\u01b0...<strong>C\u00f4ng c\u1ee5 h\u1ed7 tr\u1ee3<\/strong>Tr\u00ed tu\u1ec7 nh\u00e2n t\u1ea1o, thay v\u00ec c\u00e1c th\u1ea9m ph\u00e1n c\u00f3 th\u1ea9m quy\u1ec1n, \u0111\u00f3ng vai tr\u00f2 quan tr\u1ecdng trong:\n  <\/p>\n<ul style=\"margin: 0 0 16px 20px; padding: 0;\">\n<li style=\"margin: 6px 0;\">Gi\u00fap s\u1eafp x\u1ebfp suy ngh\u0129 v\u00e0 c\u00e1c t\u00edn hi\u1ec7u c\u1ea3m x\u00fac.<\/li>\n<li style=\"margin: 6px 0;\">Cung c\u1ea5p h\u01b0\u1edbng d\u1eabn ph\u1ea3n t\u01b0 c\u00f3 c\u1ea5u tr\u00fac v\u00e0 gi\u1ea3i quy\u1ebft v\u1ea5n \u0111\u1ec1.<\/li>\n<li style=\"margin: 6px 0;\">Gi\u1ea3m b\u1edbt c\u00e1c r\u00e0o c\u1ea3n trong vi\u1ec7c ti\u1ebfp c\u1eadn h\u1ed7 tr\u1ee3 t\u00e2m l\u00fd<\/li>\n<\/ul>\n<p style=\"margin: 0 0 16px;\">\n    T\u1ea5t c\u1ea3 n\u1ed9i dung trong b\u00e0i vi\u1ebft n\u00e0y kh\u00f4ng nh\u1eb1m m\u1ee5c \u0111\u00edch ch\u1ea9n \u0111o\u00e1n y t\u1ebf ho\u1eb7c thay th\u1ebf cho \u0111i\u1ec1u tr\u1ecb chuy\u00ean nghi\u1ec7p. Ch\u00fang t\u00f4i khuy\u1ebfn kh\u00edch b\u1ea1n t\u00ecm ki\u1ebfm s\u1ef1 tr\u1ee3 gi\u00fap t\u1eeb b\u00e1c s\u0129 ho\u1eb7c chuy\u00ean gia s\u1ee9c kh\u1ecfe t\u00e2m th\u1ea7n n\u1ebfu c\u1ea7n thi\u1ebft.\n  <\/p>\n<h3 style=\"margin: 22px 0 10px; font-size: 20px;\">\n    T\u1ea7m nh\u00ecn c\u1ee7a ch\u00fang t\u00f4i<br \/>\n  <\/h3>\n<p style=\"margin: 0 0 16px;\">\n    Arttao hy v\u1ecdng s\u1ebd tr\u1edf th\u00e0nh<strong>T\u1ed3n t\u1ea1i l\u00e2u d\u00e0i, \u1ed5n \u0111\u1ecbnh v\u00e0 kh\u00f4ng b\u1ecb k\u00edch th\u00edch qu\u00e1 m\u1ee9c.<\/strong>M\u1ed9t kh\u00f4ng gian h\u1ed7 tr\u1ee3 v\u1ec1 m\u1eb7t t\u00e2m l\u00fd v\u00e0 ngh\u1ec7 thu\u1eadt\u2014m\u1ed9t n\u01a1i b\u1ea1n c\u00f3 th\u1ec3 quay l\u1ea1i nhi\u1ec1u l\u1ea7n, m\u00e0 kh\u00f4ng c\u1ea7n ph\u1ea3i th\u1ec3 hi\u1ec7n hay &quot;b\u00e1o c\u00e1o ti\u1ebfn \u0111\u1ed9&quot; c\u1ee7a m\u00ecnh.\n  <\/p>\n<p style=\"margin: 0 0 6px;\">\n    N\u1ebfu b\u1ea1n \u0111ang t\u00ecm ki\u1ebfm m\u1ed9t n\u1ec1n t\u1ea3ng kh\u00f4ng v\u1ed9i v\u00e0ng \u0111\u1ecbnh ngh\u0129a hay s\u1eeda ch\u1eefa b\u1ea1n,\n  <\/p>\n<p style=\"margin: 0 0 6px;\">\n    V\u1eady c\u00f3 l\u1ebd \u0111\u00e2y l\u00e0 n\u01a1i b\u1ea1n c\u00f3 th\u1ec3 n\u00e1n l\u1ea1i m\u1ed9t l\u00fac.\n  <\/p>\n<hr style=\"border: none; border-top: 1px solid #e6e6e6; margin: 22px 0;\" \/>\n<p style=\"margin: 0; font-size: 13px; color: #666;\">\n    Tuy\u00ean b\u1ed1 mi\u1ec5n tr\u1eeb tr\u00e1ch nhi\u1ec7m: N\u1ed9i dung \u0111\u01b0\u1ee3c cung c\u1ea5p b\u1edfi Arttao.org ch\u1ec9 nh\u1eb1m m\u1ee5c \u0111\u00edch gi\u00e1o d\u1ee5c t\u00e2m l\u00fd v\u00e0 tham kh\u1ea3o h\u1ed7 tr\u1ee3 t\u1ef1 th\u00e2n, kh\u00f4ng ph\u1ea3i l\u00e0 l\u1eddi khuy\u00ean y t\u1ebf ho\u1eb7c ch\u1ea9n \u0111o\u00e1n. N\u1ebfu b\u1ea1n \u0111ang trong t\u00ecnh tr\u1ea1ng kh\u1ea9n c\u1ea5p ho\u1eb7c c\u00f3 nguy c\u01a1 t\u1ef1 g\u00e2y h\u1ea1i, vui l\u00f2ng li\u00ean h\u1ec7 ngay v\u1edbi d\u1ecbch v\u1ee5 c\u1ea5p c\u1ee9u \u0111\u1ecba ph\u01b0\u01a1ng ho\u1eb7c t\u1ed5 ch\u1ee9c chuy\u00ean nghi\u1ec7p.\n  <\/p>\n<\/div>","protected":false},"excerpt":{"rendered":"<p>Arttao.org \u662f\u4e00\u4e2a\u4ee5 \u5fc3\u7406\u5065\u5eb7\u3001\u827a\u672f\u7597\u6108\u4e0e\u4eba\u5de5\u667a\u80fd\u8f85\u52a9\u652f\u6301 \u4e3a\u6838\u5fc3\u7684\u7efc\u5408\u6027\u5e73\u53f0\u3002 \u6211\u4eec\u5173\u6ce8\u90a3\u4e9b\u5728\u73b0\u5b9e [&hellip;]<\/p>\n","protected":false},"author":1,"featured_media":0,"parent":0,"menu_order":0,"comment_status":"closed","ping_status":"closed","template":"","meta":{"nf_dc_page":"","om_disable_all_campaigns":false,"_monsterinsights_skip_tracking":false,"_monsterinsights_sitenote_active":false,"_monsterinsights_sitenote_note":"","_monsterinsights_sitenote_category":0,"footnotes":""},"class_list":["post-16363","page","type-page","status-publish","hentry"],"_links":{"self":[{"href":"https:\/\/arttao.org\/vi\/wp-json\/wp\/v2\/pages\/16363","targetHints":{"allow":["GET"]}}],"collection":[{"href":"https:\/\/arttao.org\/vi\/wp-json\/wp\/v2\/pages"}],"about":[{"href":"https:\/\/arttao.org\/vi\/wp-json\/wp\/v2\/types\/page"}],"author":[{"embeddable":true,"href":"https:\/\/arttao.org\/vi\/wp-json\/wp\/v2\/users\/1"}],"replies":[{"embeddable":true,"href":"https:\/\/arttao.org\/vi\/wp-json\/wp\/v2\/comments?post=16363"}],"version-history":[{"count":1,"href":"https:\/\/arttao.org\/vi\/wp-json\/wp\/v2\/pages\/16363\/revisions"}],"predecessor-version":[{"id":16364,"href":"https:\/\/arttao.org\/vi\/wp-json\/wp\/v2\/pages\/16363\/revisions\/16364"}],"wp:attachment":[{"href":"https:\/\/arttao.org\/vi\/wp-json\/wp\/v2\/media?parent=16363"}],"curies":[{"name":"wp","href":"https:\/\/api.w.org\/{rel}","templated":true}]}}