{"id":491,"date":"2025-03-24T19:09:00","date_gmt":"2025-03-24T19:09:00","guid":{"rendered":"https:\/\/arttao.org\/?page_id=491"},"modified":"2025-11-12T06:48:28","modified_gmt":"2025-11-12T06:48:28","slug":"7-van-de-ve-chat-gay-nghien-va-nghien-ngap","status":"publish","type":"page","link":"https:\/\/arttao.org\/vi\/%e4%b8%83-%e4%be%9d%e8%b5%96%e4%b8%8e%e6%88%90%e7%98%be%e9%97%ae%e9%a2%98%ef%bc%88substance-and-addiction-issues%ef%bc%89\/","title":{"rendered":"G. C\u00e1c v\u1ea5n \u0111\u1ec1 v\u1ec1 s\u1ef1 ph\u1ee5 thu\u1ed9c v\u00e0 nghi\u1ec7n ng\u1eadp - Kh\u00f3a h\u1ecdc"},"content":{"rendered":"<p class=\"\"><\/p>\n\n\n\n<p class=\"\">G. <strong>C\u00e1c v\u1ea5n \u0111\u1ec1 v\u1ec1 s\u1ef1 ph\u1ee5 thu\u1ed9c v\u00e0 nghi\u1ec7n ng\u1eadp<\/strong><\/p>\n\n\n\n<p class=\"\">&nbsp;&nbsp;<\/p>\n\n\n\n<figure class=\"wp-block-image size-large is-resized\"><img loading=\"lazy\" decoding=\"async\" width=\"1024\" height=\"923\" src=\"https:\/\/arttao.org\/wp-content\/uploads\/2025\/05\/EaI\u00bcIo_601335144_\u00a8\u00b6aOD\u00b5A\u00bfE\u00b0\u00aeA\u00aeo\u00a2\u00b7CAEoO\u00b5EIOA22-1024x923.jpg\" alt=\"\" class=\"wp-image-2962\" style=\"width:60px;height:auto\" srcset=\"https:\/\/arttao.org\/wp-content\/uploads\/2025\/05\/EaI\u00bcIo_601335144_\u00a8\u00b6aOD\u00b5A\u00bfE\u00b0\u00aeA\u00aeo\u00a2\u00b7CAEoO\u00b5EIOA22-1024x923.jpg 1024w, https:\/\/arttao.org\/wp-content\/uploads\/2025\/05\/EaI\u00bcIo_601335144_\u00a8\u00b6aOD\u00b5A\u00bfE\u00b0\u00aeA\u00aeo\u00a2\u00b7CAEoO\u00b5EIOA22-300x270.jpg 300w, https:\/\/arttao.org\/wp-content\/uploads\/2025\/05\/EaI\u00bcIo_601335144_\u00a8\u00b6aOD\u00b5A\u00bfE\u00b0\u00aeA\u00aeo\u00a2\u00b7CAEoO\u00b5EIOA22-768x692.jpg 768w, https:\/\/arttao.org\/wp-content\/uploads\/2025\/05\/EaI\u00bcIo_601335144_\u00a8\u00b6aOD\u00b5A\u00bfE\u00b0\u00aeA\u00aeo\u00a2\u00b7CAEoO\u00b5EIOA22-1536x1384.jpg 1536w, https:\/\/arttao.org\/wp-content\/uploads\/2025\/05\/EaI\u00bcIo_601335144_\u00a8\u00b6aOD\u00b5A\u00bfE\u00b0\u00aeA\u00aeo\u00a2\u00b7CAEoO\u00b5EIOA22-2048x1846.jpg 2048w\" sizes=\"auto, (max-width: 1024px) 100vw, 1024px\" \/><\/figure>\n\n\n\n<p class=\"\"><a href=\"https:\/\/arttao.org\/vi\/%e7%ac%ac%e5%9b%9b%e5%8d%81%e4%ba%8c%e8%af%be%ef%bc%9a%e9%85%92%e7%b2%be%e4%bd%bf%e7%94%a8%e9%9a%9c%e7%a2%8d%ef%bc%88%e7%ac%ac1521%ef%bd%9e1540%e8%af%be%ef%bc%89\/\" data-type=\"page\" data-id=\"12674\">B\u00e0i h\u1ecdc 42:<strong>r\u1ed1i lo\u1ea1n s\u1eed d\u1ee5ng r\u01b0\u1ee3u<\/strong>(B\u00e0i h\u1ecdc 1521-1540)<\/a><\/p>\n\n\n\n<p class=\"has-small-font-size\">R\u1ed1i lo\u1ea1n s\u1eed d\u1ee5ng r\u01b0\u1ee3u \u0111\u01b0\u1ee3c \u0111\u1eb7c tr\u01b0ng b\u1edfi vi\u1ec7c u\u1ed1ng r\u01b0\u1ee3u dai d\u1eb3ng, kh\u00f3 cai nghi\u1ec7n v\u00e0 gi\u1ea3m kh\u1ea3 n\u0103ng t\u1ef1 ki\u1ec3m so\u00e1t, khi\u1ebfn vi\u1ec7c ng\u1eebng u\u1ed1ng tr\u1edf n\u00ean kh\u00f3 kh\u0103n b\u1ea5t ch\u1ea5p nh\u1eefng \u1ea3nh h\u01b0\u1edfng \u0111\u1ebfn s\u1ee9c kh\u1ecfe v\u00e0 cu\u1ed9c s\u1ed1ng. Kh\u00f3a h\u1ecdc n\u00e0y s\u1ebd ph\u00e2n t\u00edch c\u00e1c c\u01a1 ch\u1ebf g\u00e2y nghi\u1ec7n, c\u00e1c y\u1ebfu t\u1ed1 k\u00edch ho\u1ea1t v\u00e0 nh\u1eefng quan ni\u1ec7m sai l\u1ea7m trong x\u00e3 h\u1ed9i \u0111\u1ec3 gi\u00fap hi\u1ec3u \u0111\u01b0\u1ee3c r\u01b0\u1ee3u tr\u1edf th\u00e0nh c\u00f4ng c\u1ee5 &quot;t\u1ef1 g\u00e2y t\u00ea&quot; nh\u01b0 th\u1ebf n\u00e0o, \u0111\u1ed3ng th\u1eddi cung c\u1ea5p c\u00e1c chi\u1ebfn l\u01b0\u1ee3c \u0111i\u1ec1u ch\u1ec9nh t\u00e2m l\u00fd v\u00e0 h\u1ed7 tr\u1ee3 cai nghi\u1ec7n.<\/p>\n\n\n\n<figure class=\"wp-block-image size-large is-resized\"><img loading=\"lazy\" decoding=\"async\" width=\"1024\" height=\"923\" src=\"https:\/\/arttao.org\/wp-content\/uploads\/2025\/05\/EaI\u00bcIo_601335144_\u00a8\u00b6aOD\u00b5A\u00bfE\u00b0\u00aeA\u00aeo\u00a2\u00b7CAEoO\u00b5EIOA22-1024x923.jpg\" alt=\"\" class=\"wp-image-2962\" style=\"width:59px;height:auto\" srcset=\"https:\/\/arttao.org\/wp-content\/uploads\/2025\/05\/EaI\u00bcIo_601335144_\u00a8\u00b6aOD\u00b5A\u00bfE\u00b0\u00aeA\u00aeo\u00a2\u00b7CAEoO\u00b5EIOA22-1024x923.jpg 1024w, https:\/\/arttao.org\/wp-content\/uploads\/2025\/05\/EaI\u00bcIo_601335144_\u00a8\u00b6aOD\u00b5A\u00bfE\u00b0\u00aeA\u00aeo\u00a2\u00b7CAEoO\u00b5EIOA22-300x270.jpg 300w, https:\/\/arttao.org\/wp-content\/uploads\/2025\/05\/EaI\u00bcIo_601335144_\u00a8\u00b6aOD\u00b5A\u00bfE\u00b0\u00aeA\u00aeo\u00a2\u00b7CAEoO\u00b5EIOA22-768x692.jpg 768w, https:\/\/arttao.org\/wp-content\/uploads\/2025\/05\/EaI\u00bcIo_601335144_\u00a8\u00b6aOD\u00b5A\u00bfE\u00b0\u00aeA\u00aeo\u00a2\u00b7CAEoO\u00b5EIOA22-1536x1384.jpg 1536w, https:\/\/arttao.org\/wp-content\/uploads\/2025\/05\/EaI\u00bcIo_601335144_\u00a8\u00b6aOD\u00b5A\u00bfE\u00b0\u00aeA\u00aeo\u00a2\u00b7CAEoO\u00b5EIOA22-2048x1846.jpg 2048w\" sizes=\"auto, (max-width: 1024px) 100vw, 1024px\" \/><\/figure>\n\n\n\n<p class=\"\"><a href=\"https:\/\/arttao.org\/vi\/%e7%ac%ac%e5%9b%9b%e5%8d%81%e4%b8%89%e8%af%be%ef%bc%9a%e7%89%a9%e8%b4%a8%e4%bd%bf%e7%94%a8%e9%9a%9c%e7%a2%8d%ef%bc%88%e7%ac%ac1541%ef%bd%9e1560%e8%af%be%ef%bc%89\/\" data-type=\"page\" data-id=\"12676\">B\u00e0i h\u1ecdc 43:<strong>R\u1ed1i lo\u1ea1n s\u1eed d\u1ee5ng ch\u1ea5t g\u00e2y nghi\u1ec7n \u2013 (v\u00ed d\u1ee5: ma t\u00fay, thu\u1ed1c an th\u1ea7n) ph\u1ee5 thu\u1ed9c<\/strong>(B\u00e0i h\u1ecdc 1541-1560)<\/a>\uff09<\/p>\n\n\n\n<p class=\"has-small-font-size\">Kh\u00f3a h\u1ecdc n\u00e0y t\u1eadp trung v\u00e0o c\u00e1c v\u1ea5n \u0111\u1ec1 t\u00e2m l\u00fd v\u00e0 h\u00e0nh vi do l\u1ea1m d\u1ee5ng ch\u1ea5t g\u00e2y nghi\u1ec7n g\u00e2y ra, bao g\u1ed3m ma t\u00fay, thu\u1ed1c k\u00ea \u0111\u01a1n v\u00e0 thu\u1ed1c an th\u1ea7n. R\u1ed1i lo\u1ea1n s\u1eed d\u1ee5ng ch\u1ea5t g\u00e2y nghi\u1ec7n kh\u00f4ng ch\u1ec9 g\u00e2y h\u1ea1i cho c\u01a1 th\u1ec3 m\u00e0 c\u00f2n l\u00e0m gi\u00e1n \u0111o\u1ea1n nghi\u00eam tr\u1ecdng ch\u1ee9c n\u0103ng c\u1ea3m x\u00fac v\u00e0 nh\u1eadn th\u1ee9c. Kh\u00f3a h\u1ecdc s\u1ebd gi\u00fap nh\u1eadn di\u1ec7n c\u00e1c chu k\u1ef3 nghi\u1ec7n, c\u00e1c y\u1ebfu t\u1ed1 k\u00edch ho\u1ea1t v\u00e0 c\u00e1c c\u01a1 ch\u1ebf thay th\u1ebf t\u00e2m l\u00fd, \u0111\u01b0\u1ee3c b\u1ed5 sung b\u1eb1ng h\u1ed7 tr\u1ee3 ph\u1ee5c h\u1ed3i ch\u1ee9c n\u0103ng v\u00e0 \u0111\u00e0o t\u1ea1o ph\u00f2ng ng\u1eeba t\u00e1i nghi\u1ec7n.<\/p>\n\n\n\n<figure class=\"wp-block-image size-large is-resized\"><img loading=\"lazy\" decoding=\"async\" width=\"1024\" height=\"923\" src=\"https:\/\/arttao.org\/wp-content\/uploads\/2025\/05\/EaI\u00bcIo_601335144_\u00a8\u00b6aOD\u00b5A\u00bfE\u00b0\u00aeA\u00aeo\u00a2\u00b7CAEoO\u00b5EIOA22-1024x923.jpg\" alt=\"\" class=\"wp-image-2962\" style=\"width:62px;height:auto\" srcset=\"https:\/\/arttao.org\/wp-content\/uploads\/2025\/05\/EaI\u00bcIo_601335144_\u00a8\u00b6aOD\u00b5A\u00bfE\u00b0\u00aeA\u00aeo\u00a2\u00b7CAEoO\u00b5EIOA22-1024x923.jpg 1024w, https:\/\/arttao.org\/wp-content\/uploads\/2025\/05\/EaI\u00bcIo_601335144_\u00a8\u00b6aOD\u00b5A\u00bfE\u00b0\u00aeA\u00aeo\u00a2\u00b7CAEoO\u00b5EIOA22-300x270.jpg 300w, https:\/\/arttao.org\/wp-content\/uploads\/2025\/05\/EaI\u00bcIo_601335144_\u00a8\u00b6aOD\u00b5A\u00bfE\u00b0\u00aeA\u00aeo\u00a2\u00b7CAEoO\u00b5EIOA22-768x692.jpg 768w, https:\/\/arttao.org\/wp-content\/uploads\/2025\/05\/EaI\u00bcIo_601335144_\u00a8\u00b6aOD\u00b5A\u00bfE\u00b0\u00aeA\u00aeo\u00a2\u00b7CAEoO\u00b5EIOA22-1536x1384.jpg 1536w, https:\/\/arttao.org\/wp-content\/uploads\/2025\/05\/EaI\u00bcIo_601335144_\u00a8\u00b6aOD\u00b5A\u00bfE\u00b0\u00aeA\u00aeo\u00a2\u00b7CAEoO\u00b5EIOA22-2048x1846.jpg 2048w\" sizes=\"auto, (max-width: 1024px) 100vw, 1024px\" \/><\/figure>\n\n\n\n<p class=\"\"><a href=\"https:\/\/arttao.org\/vi\/%e7%ac%ac%e5%9b%9b%e5%8d%81%e5%9b%9b%e8%af%be%ef%bc%9a%e8%b5%8c%e5%8d%9a%e9%9a%9c%e7%a2%8d%ef%bc%88%e7%ac%ac1561%ef%bd%9e1580%e8%af%be%ef%bc%89\/\" data-type=\"page\" data-id=\"12678\">B\u00e0i h\u1ecdc 44:<strong>R\u1ed1i lo\u1ea1n c\u1edd b\u1ea1c<\/strong>(B\u00e0i h\u1ecdc 1561-1580)<\/a><\/p>\n\n\n\n<p class=\"has-small-font-size\">Nghi\u1ec7n c\u1edd b\u1ea1c l\u00e0 m\u1ed9t d\u1ea1ng nghi\u1ec7n kh\u00f4ng li\u00ean quan \u0111\u1ebfn ch\u1ea5t g\u00e2y nghi\u1ec7n, \u0111\u1eb7c tr\u01b0ng b\u1edfi s\u1ef1 th\u00f4i th\u00fac kh\u00f4ng th\u1ec3 ki\u1ec3m so\u00e1t \u0111\u01b0\u1ee3c \u0111\u1ec3 \u0111\u00e1nh b\u1ea1c, r\u1ea5t kh\u00f3 \u0111\u1ec3 d\u1eebng l\u1ea1i b\u1ea5t ch\u1ea5p nh\u1eefng h\u1eadu qu\u1ea3 nghi\u00eam tr\u1ecdng v\u1ec1 kinh t\u1ebf, quan h\u1ec7 c\u00e1 nh\u00e2n ho\u1eb7c c\u1ea3m x\u00fac. Kh\u00f3a h\u1ecdc n\u00e0y s\u1ebd kh\u00e1m ph\u00e1 s\u1ef1 r\u1ed1i lo\u1ea1n trong vi\u1ec7c ra quy\u1ebft \u0111\u1ecbnh r\u1ee7i ro, c\u01a1 ch\u1ebf khen th\u01b0\u1edfng c\u1ee7a n\u00e3o b\u1ed9 v\u00e0 c\u00e1c y\u1ebfu t\u1ed1 n\u00e9 tr\u00e1nh c\u1ea3m x\u00fac, cung c\u1ea5p c\u00e1c ph\u01b0\u01a1ng ph\u00e1p can thi\u1ec7p nh\u1eadn th\u1ee9c, h\u1ea1n ch\u1ebf h\u00e0nh vi v\u00e0 thay \u0111\u1ed5i h\u1ed7 tr\u1ee3.<\/p>\n\n\n\n<figure class=\"wp-block-image size-large is-resized\"><img loading=\"lazy\" decoding=\"async\" width=\"1024\" height=\"923\" src=\"https:\/\/arttao.org\/wp-content\/uploads\/2025\/05\/EaI\u00bcIo_601335144_\u00a8\u00b6aOD\u00b5A\u00bfE\u00b0\u00aeA\u00aeo\u00a2\u00b7CAEoO\u00b5EIOA22-1024x923.jpg\" alt=\"\" class=\"wp-image-2962\" style=\"width:65px;height:auto\" srcset=\"https:\/\/arttao.org\/wp-content\/uploads\/2025\/05\/EaI\u00bcIo_601335144_\u00a8\u00b6aOD\u00b5A\u00bfE\u00b0\u00aeA\u00aeo\u00a2\u00b7CAEoO\u00b5EIOA22-1024x923.jpg 1024w, https:\/\/arttao.org\/wp-content\/uploads\/2025\/05\/EaI\u00bcIo_601335144_\u00a8\u00b6aOD\u00b5A\u00bfE\u00b0\u00aeA\u00aeo\u00a2\u00b7CAEoO\u00b5EIOA22-300x270.jpg 300w, https:\/\/arttao.org\/wp-content\/uploads\/2025\/05\/EaI\u00bcIo_601335144_\u00a8\u00b6aOD\u00b5A\u00bfE\u00b0\u00aeA\u00aeo\u00a2\u00b7CAEoO\u00b5EIOA22-768x692.jpg 768w, https:\/\/arttao.org\/wp-content\/uploads\/2025\/05\/EaI\u00bcIo_601335144_\u00a8\u00b6aOD\u00b5A\u00bfE\u00b0\u00aeA\u00aeo\u00a2\u00b7CAEoO\u00b5EIOA22-1536x1384.jpg 1536w, https:\/\/arttao.org\/wp-content\/uploads\/2025\/05\/EaI\u00bcIo_601335144_\u00a8\u00b6aOD\u00b5A\u00bfE\u00b0\u00aeA\u00aeo\u00a2\u00b7CAEoO\u00b5EIOA22-2048x1846.jpg 2048w\" sizes=\"auto, (max-width: 1024px) 100vw, 1024px\" \/><\/figure>\n\n\n\n<p class=\"\"><a href=\"https:\/\/arttao.org\/vi\/%e7%ac%ac%e5%9b%9b%e5%8d%81%e4%ba%94%e8%af%be%ef%bc%9a%e7%bd%91%e7%bb%9c%e6%88%90%e7%98%be%ef%bc%88%e7%ac%ac1581%ef%bd%9e1600%e8%af%be%ef%bc%89\/\" data-type=\"page\" data-id=\"12680\">B\u00e0i h\u1ecdc 45:<strong>Nghi\u1ec7n internet \u2013 s\u1ef1 ph\u1ee5 thu\u1ed9c v\u00e0o internet ho\u1eb7c tr\u00f2 ch\u01a1i \u0111i\u1ec7n t\u1eed<\/strong>(B\u00e0i h\u1ecdc 1581-1600)<\/a>\u00a0<\/p>\n\n\n\n<p class=\"has-small-font-size\">Nghi\u1ec7n internet th\u01b0\u1eddng bi\u1ec3u hi\u1ec7n qua vi\u1ec7c qu\u00e1 \u0111\u1eafm ch\u00ecm v\u00e0o game, m\u1ea1ng x\u00e3 h\u1ed9i ho\u1eb7c video ng\u1eafn, kh\u00f3 ki\u1ec3m so\u00e1t b\u1ea3n th\u00e2n, tr\u1ed1n tr\u00e1nh th\u1ef1c t\u1ea1i, v\u00e0 \u0111i k\u00e8m v\u1edbi lo l\u1eafng, m\u1ea5t t\u1eadp trung v\u00e0 r\u1ed1i lo\u1ea1n gi\u1ea5c ng\u1ee7. Kh\u00f3a h\u1ecdc n\u00e0y s\u1ebd ph\u00e2n t\u00edch c\u01a1 ch\u1ebf k\u00edch th\u00edch c\u1ee7a internet l\u00ean h\u1ec7 th\u1ed1ng khen th\u01b0\u1edfng c\u1ee7a n\u00e3o b\u1ed9, gi\u00fap x\u00e2y d\u1ef1ng l\u1ea1i nh\u1ecbp s\u1ed1ng, t\u00ednh t\u1ef1 k\u1ef7 lu\u1eadt v\u00e0 c\u1ea3m gi\u00e1c g\u1eafn k\u1ebft v\u1edbi th\u1ef1c t\u1ebf, \u0111\u1ed3ng th\u1eddi cung c\u1ea5p c\u00e1c gi\u1ea3i ph\u00e1p thay th\u1ebf v\u1ec1 h\u00e0nh vi v\u00e0 ph\u01b0\u01a1ng ph\u00e1p cai nghi\u1ec7n k\u1ef9 thu\u1eadt s\u1ed1.<\/p>","protected":false},"excerpt":{"rendered":"<p>G. \u4f9d\u8d56\u4e0e\u6210\u763e\u95ee\u9898 &nbsp;&nbsp; \u7b2c\u56db\u5341\u4e8c\u8bfe\uff1a\u9152\u7cbe\u4f7f\u7528\u969c\u788d\uff08\u7b2c1521\uff5e1540\u8bfe\uff09 \u9152\u7cbe\u4f7f\u7528\u969c [&hellip;]<\/p>\n","protected":false},"author":1,"featured_media":0,"parent":0,"menu_order":0,"comment_status":"closed","ping_status":"closed","template":"","meta":{"nf_dc_page":"","om_disable_all_campaigns":false,"_monsterinsights_skip_tracking":false,"_monsterinsights_sitenote_active":false,"_monsterinsights_sitenote_note":"","_monsterinsights_sitenote_category":0,"footnotes":""},"class_list":["post-491","page","type-page","status-publish","hentry"],"_links":{"self":[{"href":"https:\/\/arttao.org\/vi\/wp-json\/wp\/v2\/pages\/491","targetHints":{"allow":["GET"]}}],"collection":[{"href":"https:\/\/arttao.org\/vi\/wp-json\/wp\/v2\/pages"}],"about":[{"href":"https:\/\/arttao.org\/vi\/wp-json\/wp\/v2\/types\/page"}],"author":[{"embeddable":true,"href":"https:\/\/arttao.org\/vi\/wp-json\/wp\/v2\/users\/1"}],"replies":[{"embeddable":true,"href":"https:\/\/arttao.org\/vi\/wp-json\/wp\/v2\/comments?post=491"}],"version-history":[{"count":14,"href":"https:\/\/arttao.org\/vi\/wp-json\/wp\/v2\/pages\/491\/revisions"}],"predecessor-version":[{"id":12686,"href":"https:\/\/arttao.org\/vi\/wp-json\/wp\/v2\/pages\/491\/revisions\/12686"}],"wp:attachment":[{"href":"https:\/\/arttao.org\/vi\/wp-json\/wp\/v2\/media?parent=491"}],"curies":[{"name":"wp","href":"https:\/\/api.w.org\/{rel}","templated":true}]}}