{"id":6864,"date":"2025-06-28T06:05:33","date_gmt":"2025-06-28T06:05:33","guid":{"rendered":"https:\/\/arttao.org\/?page_id=6864"},"modified":"2025-07-25T19:16:17","modified_gmt":"2025-07-25T19:16:17","slug":"b-bai-kiem-tra-trac-nghiem-socratic-ve-cac-van-de-lien-quan-den-tram-cam","status":"publish","type":"page","link":"https:\/\/arttao.org\/vi\/b-%e8%8b%8f%e6%a0%bc%e6%8b%89%e5%ba%95%e9%97%ae%e7%ad%94-%e6%8a%91%e9%83%81%e7%9b%b8%e5%85%b3%e9%97%ae%e9%a2%98%e6%b5%8b%e8%af%95\/","title":{"rendered":"B. C\u00e2u h\u1ecfi ki\u1ec3u Socrates - B\u00e0i ki\u1ec3m tra c\u00e1c c\u00e2u h\u1ecfi li\u00ean quan \u0111\u1ebfn tr\u1ea7m c\u1ea3m"},"content":{"rendered":"<p class=\"\"><\/p>\n\n\n\n<figure class=\"wp-block-image size-large is-resized\"><img loading=\"lazy\" decoding=\"async\" width=\"927\" height=\"1024\" src=\"https:\/\/arttao.org\/wp-content\/uploads\/2025\/05\/EaI\u00bcIo_601794473_\u00a8\u00b7\u00a2EUA\u00aeD\u00a4In\u00b7CAEoO\u00b5EIOA2-927x1024.jpg\" alt=\"\" class=\"wp-image-3663\" style=\"width:56px;height:auto\" srcset=\"https:\/\/arttao.org\/wp-content\/uploads\/2025\/05\/EaI\u00bcIo_601794473_\u00a8\u00b7\u00a2EUA\u00aeD\u00a4In\u00b7CAEoO\u00b5EIOA2-927x1024.jpg 927w, https:\/\/arttao.org\/wp-content\/uploads\/2025\/05\/EaI\u00bcIo_601794473_\u00a8\u00b7\u00a2EUA\u00aeD\u00a4In\u00b7CAEoO\u00b5EIOA2-272x300.jpg 272w, https:\/\/arttao.org\/wp-content\/uploads\/2025\/05\/EaI\u00bcIo_601794473_\u00a8\u00b7\u00a2EUA\u00aeD\u00a4In\u00b7CAEoO\u00b5EIOA2-768x848.jpg 768w, https:\/\/arttao.org\/wp-content\/uploads\/2025\/05\/EaI\u00bcIo_601794473_\u00a8\u00b7\u00a2EUA\u00aeD\u00a4In\u00b7CAEoO\u00b5EIOA2-1391x1536.jpg 1391w, https:\/\/arttao.org\/wp-content\/uploads\/2025\/05\/EaI\u00bcIo_601794473_\u00a8\u00b7\u00a2EUA\u00aeD\u00a4In\u00b7CAEoO\u00b5EIOA2-1855x2048.jpg 1855w\" sizes=\"auto, (max-width: 927px) 100vw, 927px\" \/><\/figure>\n\n\n\n<p class=\"\"><a href=\"https:\/\/arttao.org\/vi\/b-%e4%bb%80%e4%b9%88%e6%98%af%e6%8a%91%e9%83%81%e7%9b%b8%e5%85%b3%e9%97%ae%e9%a2%98%ef%bc%9f\/\" data-type=\"page\" data-id=\"6936\">B. <strong>C\u00e1c v\u1ea5n \u0111\u1ec1 li\u00ean quan \u0111\u1ebfn tr\u1ea7m c\u1ea3m l\u00e0 g\u00ec?<\/strong><\/a><\/p>\n\n\n\n<p class=\"has-small-font-size\">Tr\u01b0\u1edbc khi l\u00e0m b\u00e0i ki\u1ec3m tra t\u00e2m l\u00fd, vi\u1ec7c hi\u1ec3u r\u00f5 &quot;c\u00e1c v\u1ea5n \u0111\u1ec1 li\u00ean quan \u0111\u1ebfn tr\u1ea7m c\u1ea3m l\u00e0 g\u00ec&quot; l\u00e0 v\u00f4 c\u00f9ng quan tr\u1ecdng. Nhi\u1ec1u ng\u01b0\u1eddi hi\u1ec3u nh\u1ea7m tr\u1ea7m c\u1ea3m ch\u1ec9 \u0111\u01a1n thu\u1ea7n l\u00e0 s\u1ef1 bu\u1ed3n b\u00e3 t\u1ea1m th\u1eddi ho\u1eb7c t\u00e2m tr\u1ea1ng ch\u00e1n n\u1ea3n; tuy nhi\u00ean, r\u1ed1i lo\u1ea1n tr\u1ea7m c\u1ea3m ph\u1ee9c t\u1ea1p h\u01a1n nhi\u1ec1u. Ch\u00fang c\u00f3 th\u1ec3 bi\u1ec3u hi\u1ec7n d\u01b0\u1edbi d\u1ea1ng s\u1ef1 bi quan dai d\u1eb3ng, m\u1ea5t h\u1ee9ng th\u00fa, gi\u1ea3m n\u0103ng l\u01b0\u1ee3ng, tuy\u1ec7t v\u1ecdng, v\u00e0 th\u1eadm ch\u00ed \u0111i k\u00e8m v\u1edbi r\u1ed1i lo\u1ea1n gi\u1ea5c ng\u1ee7, thay \u0111\u1ed5i kh\u1ea9u v\u1ecb v\u00e0 t\u1ef1 ti. N\u1ebfu kh\u00f4ng hi\u1ec3u nh\u1eefng \u0111\u1eb7c \u0111i\u1ec3m c\u1ed1t l\u00f5i n\u00e0y, ng\u01b0\u1eddi l\u00e0m b\u00e0i ki\u1ec3m tra th\u01b0\u1eddng b\u1ecf qua c\u00e1c v\u1ea5n \u0111\u1ec1 c\u1ee7a ch\u00ednh m\u00ecnh ho\u1eb7c cho r\u1eb1ng \u0111\u00f3 l\u00e0 do c\u0103ng th\u1eb3ng trong cu\u1ed9c s\u1ed1ng, m\u1ec7t m\u1ecfi ho\u1eb7c c\u00e1c v\u1ea5n \u0111\u1ec1 v\u1ec1 t\u00ednh c\u00e1ch, do \u0111\u00f3 b\u1ecf l\u1ee1 c\u01a1 h\u1ed9i ch\u1ea9n \u0111o\u00e1n ch\u00ednh x\u00e1c v\u00e0 t\u00ecm ki\u1ebfm s\u1ef1 gi\u00fap \u0111\u1ee1.<\/p>\n\n\n\n<p class=\"has-small-font-size\">H\u01a1n n\u1eefa, c\u00e1c lo\u1ea1i tr\u1ea7m c\u1ea3m kh\u00e1c nhau, ch\u1eb3ng h\u1ea1n nh\u01b0 r\u1ed1i lo\u1ea1n tr\u1ea7m c\u1ea3m n\u1eb7ng, tr\u1ea7m c\u1ea3m dai d\u1eb3ng, r\u1ed1i lo\u1ea1n c\u1ea3m x\u00fac theo m\u00f9a v\u00e0 tr\u1ea7m c\u1ea3m sau sinh, c\u00f3 s\u1ef1 kh\u00e1c bi\u1ec7t v\u1ec1 bi\u1ec3u hi\u1ec7n v\u00e0 m\u1ee9c \u0111\u1ed9 \u1ea3nh h\u01b0\u1edfng. N\u1ebfu kh\u00f4ng c\u00f3 hi\u1ec3u bi\u1ebft c\u01a1 b\u1ea3n v\u1ec1 c\u00e1c lo\u1ea1i n\u00e0y, k\u1ebft qu\u1ea3 x\u00e9t nghi\u1ec7m c\u00f3 th\u1ec3 d\u1ec5 d\u00e0ng ch\u1ec9 mang t\u00ednh b\u1ec1 ngo\u00e0i v\u00e0 kh\u00f4ng th\u1ec3 ph\u00e1t hi\u1ec7n ra c\u00e1c v\u1ea5n \u0111\u1ec1 th\u1ef1c s\u1ef1 ti\u1ec1m \u1ea9n. Quan tr\u1ecdng h\u01a1n, vi\u1ec7c hi\u1ec3u r\u1eb1ng tr\u1ea7m c\u1ea3m kh\u00f4ng ph\u1ea3i l\u00e0 \u0111i\u1ec3m y\u1ebfu hay th\u1ea5t b\u1ea1i, m\u00e0 l\u00e0 m\u1ed9t tr\u1ea1ng th\u00e1i t\u00e2m l\u00fd c\u00f3 th\u1ec3 \u0111\u01b0\u1ee3c nh\u1eadn bi\u1ebft, h\u1ed7 tr\u1ee3 v\u00e0 ch\u1eefa l\u00e0nh, gi\u00fap c\u00e1c c\u00e1 nh\u00e2n duy tr\u00ec m\u1ed9t th\u00e1i \u0111\u1ed9 c\u1edfi m\u1edf v\u00e0 ch\u1ea5p nh\u1eadn h\u01a1n trong qu\u00e1 tr\u00ecnh x\u00e9t nghi\u1ec7m.<\/p>\n\n\n\n<p class=\"has-small-font-size\">Do \u0111\u00f3, vi\u1ec7c chu\u1ea9n b\u1ecb ki\u1ebfn th\u1ee9c tr\u01b0\u1edbc khi l\u00e0m b\u00e0i ki\u1ec3m tra kh\u00f4ng ch\u1ec9 c\u1ea3i thi\u1ec7n \u0111\u1ed9 ch\u00ednh x\u00e1c c\u1ee7a b\u00e0i \u0111\u00e1nh gi\u00e1 m\u00e0 c\u00f2n n\u00e2ng cao s\u1ef1 hi\u1ec3u bi\u1ebft v\u1ec1 c\u00e1c hi\u1ec7n t\u01b0\u1ee3ng t\u00e2m l\u00fd c\u1ee7a b\u1ea3n th\u00e2n, gi\u00fap vi\u1ec7c kh\u00e1m ph\u00e1 t\u00e2m l\u00fd tr\u1edf n\u00ean c\u00f3 \u00fd th\u1ee9c v\u00e0 hi\u1ec7u qu\u1ea3 h\u01a1n.<\/p>\n\n\n\n<p class=\"has-small-font-size\"><\/p>\n\n\n\n<figure class=\"wp-block-image size-large is-resized\"><img loading=\"lazy\" decoding=\"async\" width=\"927\" height=\"1024\" src=\"https:\/\/arttao.org\/wp-content\/uploads\/2025\/05\/EaI\u00bcIo_601794473_\u00a8\u00b7\u00a2EUA\u00aeD\u00a4In\u00b7CAEoO\u00b5EIOA2-927x1024.jpg\" alt=\"\" class=\"wp-image-3663\" style=\"width:55px;height:auto\" srcset=\"https:\/\/arttao.org\/wp-content\/uploads\/2025\/05\/EaI\u00bcIo_601794473_\u00a8\u00b7\u00a2EUA\u00aeD\u00a4In\u00b7CAEoO\u00b5EIOA2-927x1024.jpg 927w, https:\/\/arttao.org\/wp-content\/uploads\/2025\/05\/EaI\u00bcIo_601794473_\u00a8\u00b7\u00a2EUA\u00aeD\u00a4In\u00b7CAEoO\u00b5EIOA2-272x300.jpg 272w, https:\/\/arttao.org\/wp-content\/uploads\/2025\/05\/EaI\u00bcIo_601794473_\u00a8\u00b7\u00a2EUA\u00aeD\u00a4In\u00b7CAEoO\u00b5EIOA2-768x848.jpg 768w, https:\/\/arttao.org\/wp-content\/uploads\/2025\/05\/EaI\u00bcIo_601794473_\u00a8\u00b7\u00a2EUA\u00aeD\u00a4In\u00b7CAEoO\u00b5EIOA2-1391x1536.jpg 1391w, https:\/\/arttao.org\/wp-content\/uploads\/2025\/05\/EaI\u00bcIo_601794473_\u00a8\u00b7\u00a2EUA\u00aeD\u00a4In\u00b7CAEoO\u00b5EIOA2-1855x2048.jpg 1855w\" sizes=\"auto, (max-width: 927px) 100vw, 927px\" \/><\/figure>\n\n\n\n<p class=\"\"><a href=\"https:\/\/arttao.org\/vi\/%e4%ba%8c-%e6%8a%91%e9%83%81%e7%9b%b8%e5%85%b3%e9%97%ae%e9%a2%98-2\/\" data-type=\"page\" data-id=\"1476\">B. <strong>B\u00e0i ki\u1ec3m tra c\u00e2u h\u1ecfi li\u00ean quan \u0111\u1ebfn tr\u1ea7m c\u1ea3m <\/strong><\/a><\/p>\n\n\n\n<p class=\"has-small-font-size\">Tr\u1ea7m c\u1ea3m l\u00e0 m\u1ed9t r\u1ed1i lo\u1ea1n t\u00e2m th\u1ea7n \u0111\u1eb7c tr\u01b0ng b\u1edfi t\u00e2m tr\u1ea1ng bu\u1ed3n b\u00e3 k\u00e9o d\u00e0i. C\u00e1c tri\u1ec7u ch\u1ee9ng ph\u1ed5 bi\u1ebfn bao g\u1ed3m bu\u1ed3n b\u00e3 dai d\u1eb3ng, m\u1ea5t h\u1ee9ng th\u00fa v\u1edbi c\u00e1c ho\u1ea1t \u0111\u1ed9ng h\u00e0ng ng\u00e0y, t\u1ef1 ti, m\u1ec7t m\u1ecfi, gi\u1ea3m kh\u1ea3 n\u0103ng t\u1eadp trung, v\u00e0 th\u1eadm ch\u00ed c\u1ea3m gi\u00e1c tuy\u1ec7t v\u1ecdng v\u00e0 \u00fd ngh\u0129 t\u1ef1 t\u1eed. C\u00e1c tr\u01b0\u1eddng h\u1ee3p n\u1eb7ng c\u00f3 th\u1ec3 k\u00e8m theo thay \u0111\u1ed5i v\u1ec1 kh\u1ea9u v\u1ecb ho\u1eb7c c\u00e2n n\u1eb7ng, kh\u00f3 ng\u1ee7, t\u00ea li\u1ec7t c\u1ea3m x\u00fac v\u00e0 \u0111au \u0111\u1edbn v\u1ec1 th\u1ec3 ch\u1ea5t. Tr\u1ea7m c\u1ea3m kh\u00f4ng ph\u1ea3i l\u00e0 t\u00e2m tr\u1ea1ng bu\u1ed3n b\u00e3 t\u1ea1m th\u1eddi, m\u00e0 l\u00e0 m\u1ed9t tr\u1ea1ng th\u00e1i tinh th\u1ea7n k\u00e9o d\u00e0i h\u01a1n hai tu\u1ea7n v\u00e0 \u1ea3nh h\u01b0\u1edfng \u0111\u00e1ng k\u1ec3 \u0111\u1ebfn kh\u1ea3 n\u0103ng ho\u1ea1t \u0111\u1ed9ng. N\u00f3 c\u00f3 th\u1ec3 b\u1eaft ngu\u1ed3n t\u1eeb y\u1ebfu t\u1ed1 di truy\u1ec1n, ch\u1ea5n th\u01b0\u01a1ng t\u00e2m l\u00fd, c\u00f4 l\u1eadp x\u00e3 h\u1ed9i ho\u1eb7c c\u0103ng th\u1eb3ng k\u00e9o d\u00e0i. Tr\u1ea7m c\u1ea3m k\u00e9o d\u00e0i c\u0169ng c\u00f3 th\u1ec3 d\u1eabn \u0111\u1ebfn suy gi\u1ea3m ch\u1ee9c n\u0103ng x\u00e3 h\u1ed9i, xa l\u00e1nh c\u00e1c m\u1ed1i quan h\u1ec7 v\u00e0 m\u1ea5t \u0111i \u00fd ngh\u0129a cu\u1ed9c s\u1ed1ng. Vi\u1ec7c b\u00e0y t\u1ecf c\u1ea3m x\u00fac k\u1ecbp th\u1eddi v\u00e0 s\u1ef1 can thi\u1ec7p chuy\u00ean nghi\u1ec7p l\u00e0 r\u1ea5t quan tr\u1ecdng.<\/p>\n\n\n\n<p class=\"\"><\/p>","protected":false},"excerpt":{"rendered":"<p>B. \u4ec0\u4e48\u662f\u6291\u90c1\u76f8\u5173\u95ee\u9898\uff1f \u5728\u5fc3\u7406\u6d4b\u8bd5\u524d\uff0c\u7406\u89e3\u201c\u4ec0\u4e48\u662f\u6291\u90c1\u76f8\u5173\u95ee\u9898\u201d\u5177\u6709\u5173\u952e\u610f\u4e49\u3002\u5f88\u591a\u4eba\u5c06\u6291\u90c1\u8bef\u89e3\u4e3a\u4e00\u65f6\u7684\u4e0d\u5f00 [&hellip;]<\/p>\n","protected":false},"author":1,"featured_media":0,"parent":0,"menu_order":0,"comment_status":"closed","ping_status":"closed","template":"","meta":{"nf_dc_page":"","om_disable_all_campaigns":false,"_monsterinsights_skip_tracking":false,"_monsterinsights_sitenote_active":false,"_monsterinsights_sitenote_note":"","_monsterinsights_sitenote_category":0,"footnotes":""},"class_list":["post-6864","page","type-page","status-publish","hentry"],"_links":{"self":[{"href":"https:\/\/arttao.org\/vi\/wp-json\/wp\/v2\/pages\/6864","targetHints":{"allow":["GET"]}}],"collection":[{"href":"https:\/\/arttao.org\/vi\/wp-json\/wp\/v2\/pages"}],"about":[{"href":"https:\/\/arttao.org\/vi\/wp-json\/wp\/v2\/types\/page"}],"author":[{"embeddable":true,"href":"https:\/\/arttao.org\/vi\/wp-json\/wp\/v2\/users\/1"}],"replies":[{"embeddable":true,"href":"https:\/\/arttao.org\/vi\/wp-json\/wp\/v2\/comments?post=6864"}],"version-history":[{"count":6,"href":"https:\/\/arttao.org\/vi\/wp-json\/wp\/v2\/pages\/6864\/revisions"}],"predecessor-version":[{"id":8185,"href":"https:\/\/arttao.org\/vi\/wp-json\/wp\/v2\/pages\/6864\/revisions\/8185"}],"wp:attachment":[{"href":"https:\/\/arttao.org\/vi\/wp-json\/wp\/v2\/media?parent=6864"}],"curies":[{"name":"wp","href":"https:\/\/api.w.org\/{rel}","templated":true}]}}