{"id":6866,"date":"2025-06-28T06:19:19","date_gmt":"2025-06-28T06:19:19","guid":{"rendered":"https:\/\/arttao.org\/?page_id=6866"},"modified":"2025-10-18T06:32:36","modified_gmt":"2025-10-18T06:32:36","slug":"c-bai-kiem-tra-ve-su-cuong-che-va-xung-dong-theo-phuong-phap-socrates","status":"publish","type":"page","link":"https:\/\/arttao.org\/vi\/c-%e8%8b%8f%e6%a0%bc%e6%8b%89%e5%ba%95-%e5%bc%ba%e8%bf%ab%e4%b8%8e%e5%86%b2%e5%8a%a8%e9%97%ae%e9%a2%98%e6%b5%8b%e8%af%95\/","title":{"rendered":"C. Socrates - B\u00e0i ki\u1ec3m tra v\u1ec1 s\u1ef1 c\u01b0\u1ee1ng ch\u1ebf v\u00e0 xung \u0111\u1ed9ng"},"content":{"rendered":"<p class=\"\"><\/p>\n\n\n\n<figure class=\"wp-block-image size-large is-resized\"><img loading=\"lazy\" decoding=\"async\" width=\"927\" height=\"1024\" src=\"https:\/\/arttao.org\/wp-content\/uploads\/2025\/05\/EaI\u00bcIo_601830467_\u00b4\u00f7\u00a8\u00b5A\u00bfE\u00b0\u00ae\u00bf\u00a8I\u00a8A\u00aeo\u00a2D\u00a4In\u00b7CAEoO\u00b5EIOA2-927x1024.jpg\" alt=\"\" class=\"wp-image-3665\" style=\"width:58px;height:auto\" srcset=\"https:\/\/arttao.org\/wp-content\/uploads\/2025\/05\/EaI\u00bcIo_601830467_\u00b4\u00f7\u00a8\u00b5A\u00bfE\u00b0\u00ae\u00bf\u00a8I\u00a8A\u00aeo\u00a2D\u00a4In\u00b7CAEoO\u00b5EIOA2-927x1024.jpg 927w, https:\/\/arttao.org\/wp-content\/uploads\/2025\/05\/EaI\u00bcIo_601830467_\u00b4\u00f7\u00a8\u00b5A\u00bfE\u00b0\u00ae\u00bf\u00a8I\u00a8A\u00aeo\u00a2D\u00a4In\u00b7CAEoO\u00b5EIOA2-272x300.jpg 272w, https:\/\/arttao.org\/wp-content\/uploads\/2025\/05\/EaI\u00bcIo_601830467_\u00b4\u00f7\u00a8\u00b5A\u00bfE\u00b0\u00ae\u00bf\u00a8I\u00a8A\u00aeo\u00a2D\u00a4In\u00b7CAEoO\u00b5EIOA2-768x848.jpg 768w, https:\/\/arttao.org\/wp-content\/uploads\/2025\/05\/EaI\u00bcIo_601830467_\u00b4\u00f7\u00a8\u00b5A\u00bfE\u00b0\u00ae\u00bf\u00a8I\u00a8A\u00aeo\u00a2D\u00a4In\u00b7CAEoO\u00b5EIOA2-1391x1536.jpg 1391w, https:\/\/arttao.org\/wp-content\/uploads\/2025\/05\/EaI\u00bcIo_601830467_\u00b4\u00f7\u00a8\u00b5A\u00bfE\u00b0\u00ae\u00bf\u00a8I\u00a8A\u00aeo\u00a2D\u00a4In\u00b7CAEoO\u00b5EIOA2-1854x2048.jpg 1854w\" sizes=\"auto, (max-width: 927px) 100vw, 927px\" \/><\/figure>\n\n\n\n<p class=\"\"><a href=\"https:\/\/arttao.org\/vi\/c1-%e4%bb%80%e4%b9%88%e6%98%af%e5%bc%ba%e8%bf%ab%e4%b8%8e%e5%86%b2%e5%8a%a8%e9%97%ae%e9%a2%98%ef%bc%9f\/\" data-type=\"page\" data-id=\"7274\">C.<strong> R\u1ed1i lo\u1ea1n \u00e1m \u1ea3nh c\u01b0\u1ee1ng ch\u1ebf v\u00e0 r\u1ed1i lo\u1ea1n b\u1ed1c \u0111\u1ed3ng l\u00e0 g\u00ec?<\/strong><\/a><\/p>\n\n\n\n<p class=\"has-small-font-size\">Tr\u01b0\u1edbc khi ti\u1ebfn h\u00e0nh c\u00e1c b\u00e0i ki\u1ec3m tra t\u00e2m l\u00fd, vi\u1ec7c hi\u1ec3u r\u00f5 &quot;c\u00e1c v\u1ea5n \u0111\u1ec1 c\u01b0\u1ee1ng ch\u1ebf v\u00e0 b\u1ed1c \u0111\u1ed3ng&quot; l\u00e0 g\u00ec l\u00e0 v\u00f4 c\u00f9ng quan tr\u1ecdng \u0111\u1ec3 c\u00f3 \u0111\u01b0\u1ee3c k\u1ebft qu\u1ea3 \u0111\u00e1nh gi\u00e1 ch\u00ednh x\u00e1c v\u00e0 hi\u1ec7u qu\u1ea3. C\u00e1c v\u1ea5n \u0111\u1ec1 c\u01b0\u1ee1ng ch\u1ebf v\u00e0 b\u1ed1c \u0111\u1ed3ng kh\u00f4ng ch\u1ec9 \u0111\u01a1n thu\u1ea7n l\u00e0 v\u1ea5n \u0111\u1ec1 &quot;t\u00ednh c\u00e1ch&quot; hay &quot;thi\u1ebfu t\u1ef1 ch\u1ee7&quot;, m\u00e0 b\u1eaft ngu\u1ed3n t\u1eeb s\u1ef1 m\u1ea5t c\u00e2n b\u1eb1ng trong c\u00e1c c\u01a1 ch\u1ebf t\u00e2m l\u00fd li\u00ean quan \u0111\u1ebfn lo l\u1eafng, k\u00ecm n\u00e9n v\u00e0 ki\u1ec3m so\u00e1t. V\u00ed d\u1ee5, c\u00e1c h\u00e0nh vi c\u01b0\u1ee1ng ch\u1ebf (nh\u01b0 r\u1eeda tay li\u00ean t\u1ee5c ho\u1eb7c ki\u1ec3m tra kh\u00f3a c\u1eeda th\u01b0\u1eddng xuy\u00ean) th\u01b0\u1eddng l\u00e0 c\u00e1ch \u0111\u1ec3 gi\u1ea3m b\u1edbt s\u1ef1 lo l\u1eafng kh\u00f4ng th\u1ec3 ch\u1ecbu \u0111\u1ef1ng \u0111\u01b0\u1ee3c; trong khi c\u00e1c h\u00e0nh vi b\u1ed1c \u0111\u1ed3ng (nh\u01b0 n\u1ed5i gi\u1eadn \u0111\u1ed9t ng\u1ed9t, mua s\u1eafm b\u1ed1c \u0111\u1ed3ng ho\u1eb7c nh\u1ed5 t\u00f3c) l\u00e0 s\u1ef1 gi\u1ea3i t\u1ecfa nh\u1ea5t th\u1eddi kh\u1ecfi c\u0103ng th\u1eb3ng ho\u1eb7c tr\u1ed1ng r\u1ed7ng b\u00ean trong. N\u1ebfu kh\u00f4ng nh\u1eadn ra nh\u1eefng hi\u1ec7n t\u01b0\u1ee3ng n\u00e0y, nhi\u1ec1u ng\u01b0\u1eddi d\u1ec5 d\u00e0ng hi\u1ec3u nh\u1ea7m ch\u00fang l\u00e0 &quot;s\u1ef1 l\u1eadp d\u1ecb&quot;, &quot;l\u01b0\u1eddi bi\u1ebfng&quot; ho\u1eb7c &quot;thi\u1ebfu k\u1ef7 lu\u1eadt&quot;, do \u0111\u00f3 b\u1ecf qua ngu\u1ed3n g\u1ed1c t\u00e2m l\u00fd c\u1ee7a ch\u00fang.<\/p>\n\n\n\n<p class=\"has-small-font-size\">Vi\u1ec7c l\u00e0m b\u00e0i ki\u1ec3m tra m\u00e0 kh\u00f4ng hi\u1ec3u b\u1ea3n ch\u1ea5t c\u1ee7a nh\u1eefng v\u1ea5n \u0111\u1ec1 n\u00e0y c\u00f3 th\u1ec3 khi\u1ebfn ng\u01b0\u1eddi tr\u1ea3 l\u1eddi \u0111\u00e1nh gi\u00e1 th\u1ea5p m\u1ee9c \u0111\u1ed9 \u0111au kh\u1ed5 c\u1ee7a h\u1ecd ho\u1eb7c c\u1ed1 t\u00ecnh che gi\u1ea5u h\u00e0nh vi, d\u1eabn \u0111\u1ebfn k\u1ebft qu\u1ea3 ki\u1ec3m tra sai l\u1ec7ch v\u00e0 \u1ea3nh h\u01b0\u1edfng \u0111\u1ebfn c\u00e1c \u0111\u00e1nh gi\u00e1 v\u00e0 ph\u01b0\u01a1ng ph\u00e1p \u0111i\u1ec1u tr\u1ecb sau \u0111\u00f3. Ng\u01b0\u1ee3c l\u1ea1i, n\u1ebfu hi\u1ec3u \u0111\u01b0\u1ee3c c\u01a1 ch\u1ebf ti\u1ec1m \u1ea9n c\u1ee7a nh\u1eefng v\u1ea5n \u0111\u1ec1 n\u00e0y tr\u01b0\u1edbc khi l\u00e0m b\u00e0i ki\u1ec3m tra, c\u00e1c c\u00e1 nh\u00e2n c\u00f3 th\u1ec3 c\u1edfi m\u1edf h\u01a1n trong vi\u1ec7c \u0111\u1ed1i m\u1eb7t v\u1edbi h\u00e0nh vi v\u00e0 suy ngh\u0129 c\u1ee7a m\u00ecnh, t\u1eeb \u0111\u00f3 tr\u1ea3 l\u1eddi c\u00e2u h\u1ecfi ch\u00ednh x\u00e1c h\u01a1n v\u00e0 n\u00e2ng cao t\u00ednh h\u1ee3p l\u1ec7 c\u1ee7a vi\u1ec7c \u0111\u00e1nh gi\u00e1.<\/p>\n\n\n\n<p class=\"has-small-font-size\">Hi\u1ec3u r\u00f5 b\u1ea3n ch\u1ea5t c\u1ee7a &quot;c\u00e1c v\u1ea5n \u0111\u1ec1 c\u01b0\u1ee1ng ch\u1ebf v\u00e0 b\u1ed1c \u0111\u1ed3ng&quot; l\u00e0 b\u01b0\u1edbc chu\u1ea9n b\u1ecb quan tr\u1ecdng tr\u01b0\u1edbc khi l\u00e0m x\u00e9t nghi\u1ec7m v\u00e0 l\u00e0 b\u01b0\u1edbc \u0111\u1ea7u ti\u00ean h\u01b0\u1edbng t\u1edbi s\u1ef1 ch\u1eefa l\u00e0nh t\u00e2m l\u00fd v\u00e0 nh\u1eadn th\u1ee9c b\u1ea3n th\u00e2n. \u0110\u00e2y l\u00e0 b\u01b0\u1edbc then ch\u1ed1t gi\u00fap b\u1ea1n chuy\u1ec3n h\u00f3a &quot;nh\u1eefng tr\u1ea3i nghi\u1ec7m kh\u00f4ng th\u1ec3 n\u00f3i th\u00e0nh l\u1eddi&quot; th\u00e0nh &quot;nh\u1eefng v\u1ea5n \u0111\u1ec1 c\u00f3 th\u1ec3 hi\u1ec3u \u0111\u01b0\u1ee3c&quot;.<\/p>\n\n\n\n<p class=\"has-small-font-size\"><\/p>\n\n\n\n<figure class=\"wp-block-image size-large is-resized\"><img loading=\"lazy\" decoding=\"async\" width=\"927\" height=\"1024\" src=\"https:\/\/arttao.org\/wp-content\/uploads\/2025\/05\/EaI\u00bcIo_601830467_\u00b4\u00f7\u00a8\u00b5A\u00bfE\u00b0\u00ae\u00bf\u00a8I\u00a8A\u00aeo\u00a2D\u00a4In\u00b7CAEoO\u00b5EIOA2-927x1024.jpg\" alt=\"\" class=\"wp-image-3665\" style=\"width:55px;height:auto\" srcset=\"https:\/\/arttao.org\/wp-content\/uploads\/2025\/05\/EaI\u00bcIo_601830467_\u00b4\u00f7\u00a8\u00b5A\u00bfE\u00b0\u00ae\u00bf\u00a8I\u00a8A\u00aeo\u00a2D\u00a4In\u00b7CAEoO\u00b5EIOA2-927x1024.jpg 927w, https:\/\/arttao.org\/wp-content\/uploads\/2025\/05\/EaI\u00bcIo_601830467_\u00b4\u00f7\u00a8\u00b5A\u00bfE\u00b0\u00ae\u00bf\u00a8I\u00a8A\u00aeo\u00a2D\u00a4In\u00b7CAEoO\u00b5EIOA2-272x300.jpg 272w, https:\/\/arttao.org\/wp-content\/uploads\/2025\/05\/EaI\u00bcIo_601830467_\u00b4\u00f7\u00a8\u00b5A\u00bfE\u00b0\u00ae\u00bf\u00a8I\u00a8A\u00aeo\u00a2D\u00a4In\u00b7CAEoO\u00b5EIOA2-768x848.jpg 768w, https:\/\/arttao.org\/wp-content\/uploads\/2025\/05\/EaI\u00bcIo_601830467_\u00b4\u00f7\u00a8\u00b5A\u00bfE\u00b0\u00ae\u00bf\u00a8I\u00a8A\u00aeo\u00a2D\u00a4In\u00b7CAEoO\u00b5EIOA2-1391x1536.jpg 1391w, https:\/\/arttao.org\/wp-content\/uploads\/2025\/05\/EaI\u00bcIo_601830467_\u00b4\u00f7\u00a8\u00b5A\u00bfE\u00b0\u00ae\u00bf\u00a8I\u00a8A\u00aeo\u00a2D\u00a4In\u00b7CAEoO\u00b5EIOA2-1854x2048.jpg 1854w\" sizes=\"auto, (max-width: 927px) 100vw, 927px\" \/><\/figure>\n\n\n\n<p class=\"\"><a href=\"https:\/\/arttao.org\/vi\/%e4%b8%89-%e5%bc%ba%e8%bf%ab%e4%b8%8e%e5%86%b2%e5%8a%a8%e9%97%ae%e9%a2%98\/\" data-type=\"page\" data-id=\"1480\">C. <strong>B\u00e0i ki\u1ec3m tra v\u1ec1 c\u00e1c v\u1ea5n \u0111\u1ec1 c\u01b0\u1ee1ng ch\u1ebf v\u00e0 b\u1ed1c \u0111\u1ed3ng <\/strong><\/a><\/p>\n\n\n\n<p class=\"has-small-font-size\">Tr\u01b0\u1edbc khi l\u00e0m b\u00e0i ki\u1ec3m tra t\u00e2m l\u00fd, \u0111i\u1ec1u quan tr\u1ecdng l\u00e0 ph\u1ea3i hi\u1ec3u r\u00f5 th\u1ebf n\u00e0o l\u00e0 \u00e1m \u1ea3nh c\u01b0\u1ee1ng ch\u1ebf v\u00e0 t\u00ednh b\u1ed1c \u0111\u1ed3ng. \u00c1m \u1ea3nh c\u01b0\u1ee1ng ch\u1ebf v\u00e0 t\u00ednh b\u1ed1c \u0111\u1ed3ng kh\u00f4ng ch\u1ec9 \u0111\u01a1n thu\u1ea7n l\u00e0 nh\u1eefng th\u00f3i quen x\u1ea5u hay khuy\u1ebft \u0111i\u1ec3m v\u1ec1 t\u00ednh c\u00e1ch, m\u00e0 l\u00e0 nh\u1eefng bi\u1ec3u hi\u1ec7n c\u1ee7a xung \u0111\u1ed9t n\u1ed9i t\u00e2m c\u00f3 li\u00ean quan m\u1eadt thi\u1ebft \u0111\u1ebfn c\u0103ng th\u1eb3ng t\u00e2m l\u00fd. C\u00e1c v\u1ea5n \u0111\u1ec1 \u00e1m \u1ea3nh c\u01b0\u1ee1ng ch\u1ebf th\u01b0\u1eddng bi\u1ec3u hi\u1ec7n d\u01b0\u1edbi d\u1ea1ng nh\u1eefng suy ngh\u0129 v\u00e0 h\u00e0nh vi l\u1eb7p \u0111i l\u1eb7p l\u1ea1i, kh\u00f4ng th\u1ec3 ki\u1ec3m so\u00e1t (nh\u01b0 nghi ng\u1edd v\u00e0 lo l\u1eafng) (nh\u01b0 li\u00ean t\u1ee5c r\u1eeda tay ho\u1eb7c ki\u1ec3m tra li\u00ean t\u1ee5c), th\u01b0\u1eddng che gi\u1ea5u s\u1ef1 lo l\u1eafng v\u00e0 s\u1ee3 h\u00e3i s\u00e2u s\u1eafc. M\u1eb7t kh\u00e1c, t\u00ednh b\u1ed1c \u0111\u1ed3ng bi\u1ec3u hi\u1ec7n d\u01b0\u1edbi d\u1ea1ng nh\u1eefng xung \u0111\u1ed9ng h\u00e0nh vi kh\u00f4ng th\u1ec3 ki\u1ec3m so\u00e1t, ch\u1eb3ng h\u1ea1n nh\u01b0 nh\u1eefng c\u01a1n gi\u1eadn d\u1eef \u0111\u1ed9t ng\u1ed9t, mua s\u1eafm qu\u00e1 m\u1ee9c, nh\u1ed5 t\u00f3c ho\u1eb7c c\u1eafn m\u00f3ng tay; \u0111\u00e2y th\u01b0\u1eddng l\u00e0 nh\u1eefng ph\u1ea3n \u1ee9ng t\u1ef1 \u0111\u1ed9ng x\u1ea3y ra trong th\u1eddi gian ng\u1eafn \u0111\u1ec3 gi\u1ea3i t\u1ecfa c\u0103ng th\u1eb3ng c\u1ea3m x\u00fac.<\/p>\n\n\n\n<p class=\"has-small-font-size\">N\u1ebfu kh\u00f4ng hi\u1ec3u r\u00f5 c\u00e1c tri\u1ec7u ch\u1ee9ng n\u00e0y tr\u01b0\u1edbc khi l\u00e0m b\u00e0i ki\u1ec3m tra, c\u00e1 nh\u00e2n c\u00f3 th\u1ec3 nh\u1ea7m l\u1eabn ch\u00fang l\u00e0 nh\u1eefng b\u1ec7nh nh\u1eb9 ho\u1eb7c v\u1ea5n \u0111\u1ec1 v\u1ec1 t\u00ednh c\u00e1ch, d\u1eabn \u0111\u1ebfn vi\u1ec7c \u0111\u00e1nh gi\u00e1 th\u1ea5p m\u1ee9c \u0111\u1ed9 nghi\u00eam tr\u1ecdng c\u1ee7a v\u1ea5n \u0111\u1ec1 v\u00e0 g\u00e2y ra s\u1ef1 ng\u1ea7n ng\u1ea1i tr\u1ea3 l\u1eddi trung th\u1ef1c ho\u1eb7c c\u1ed1 t\u00ecnh n\u00e9 tr\u00e1nh trong qu\u00e1 tr\u00ecnh ki\u1ec3m tra. Hi\u1ec3u r\u00f5 nh\u1eefng v\u1ea5n \u0111\u1ec1 n\u00e0y c\u00f3 th\u1ec3 gi\u00fap c\u00e1 nh\u00e2n di\u1ec5n \u0111\u1ea1t tr\u1ea3i nghi\u1ec7m c\u1ee7a m\u00ecnh m\u1ed9t c\u00e1ch trung th\u1ef1c v\u00e0 ch\u00ednh x\u00e1c h\u01a1n, l\u00e0m cho c\u00e1c b\u00e0i ki\u1ec3m tra t\u00e2m l\u00fd tr\u1edf n\u00ean c\u00f3 gi\u00e1 tr\u1ecb h\u01a1n v\u00e0 cung c\u1ea5p n\u1ec1n t\u1ea3ng x\u00e1c th\u1ef1c h\u01a1n cho s\u1ef1 can thi\u1ec7p v\u00e0 c\u1ea3i thi\u1ec7n t\u00e2m l\u00fd sau n\u00e0y. Ki\u1ec3m tra t\u00e2m l\u00fd kh\u00f4ng ph\u1ea3i l\u00e0 \u0111\u1ec3 &quot;x\u00e1c \u0111\u1ecbnh xem b\u1ea1n c\u00f3 b\u1ecb b\u1ec7nh hay kh\u00f4ng&quot;, m\u00e0 l\u00e0 \u0111\u1ec3 hi\u1ec3u r\u00f5 h\u01a1n v\u1ec1 nh\u1eefng xung \u0111\u1ed9t n\u1ed9i t\u00e2m v\u00e0 m\u00f4 h\u00ecnh c\u1ea3m x\u00fac m\u00e0 b\u1ea1n tr\u1ea3i qua. Nh\u1eadn bi\u1ebft tr\u01b0\u1edbc nh\u1eefng c\u01a1 ch\u1ebf t\u00e2m l\u00fd n\u00e0y gi\u00fap ti\u1ebfp c\u1eadn qu\u00e1 tr\u00ecnh ki\u1ec3m tra v\u1edbi th\u00e1i \u0111\u1ed9 c\u1edfi m\u1edf v\u00e0 ch\u1ea5p nh\u1eadn.<\/p>","protected":false},"excerpt":{"rendered":"<p>C. \u4ec0\u4e48\u662f\u5f3a\u8feb\u4e0e\u51b2\u52a8\u95ee\u9898\uff1f \u5728\u8fdb\u884c\u5fc3\u7406\u6d4b\u8bd5\u524d\uff0c\u6df1\u5165\u4e86\u89e3\u4ec0\u4e48\u662f\u201c\u5f3a\u8feb\u4e0e\u51b2\u52a8\u95ee\u9898\u201d\uff0c\u5bf9\u4e8e\u83b7\u5f97\u771f\u5b9e\u3001\u6709\u6548\u7684\u8bc4\u4f30\u7ed3\u679c [&hellip;]<\/p>\n","protected":false},"author":1,"featured_media":0,"parent":0,"menu_order":0,"comment_status":"closed","ping_status":"closed","template":"","meta":{"nf_dc_page":"","om_disable_all_campaigns":false,"_monsterinsights_skip_tracking":false,"_monsterinsights_sitenote_active":false,"_monsterinsights_sitenote_note":"","_monsterinsights_sitenote_category":0,"footnotes":""},"class_list":["post-6866","page","type-page","status-publish","hentry"],"_links":{"self":[{"href":"https:\/\/arttao.org\/vi\/wp-json\/wp\/v2\/pages\/6866","targetHints":{"allow":["GET"]}}],"collection":[{"href":"https:\/\/arttao.org\/vi\/wp-json\/wp\/v2\/pages"}],"about":[{"href":"https:\/\/arttao.org\/vi\/wp-json\/wp\/v2\/types\/page"}],"author":[{"embeddable":true,"href":"https:\/\/arttao.org\/vi\/wp-json\/wp\/v2\/users\/1"}],"replies":[{"embeddable":true,"href":"https:\/\/arttao.org\/vi\/wp-json\/wp\/v2\/comments?post=6866"}],"version-history":[{"count":11,"href":"https:\/\/arttao.org\/vi\/wp-json\/wp\/v2\/pages\/6866\/revisions"}],"predecessor-version":[{"id":11288,"href":"https:\/\/arttao.org\/vi\/wp-json\/wp\/v2\/pages\/6866\/revisions\/11288"}],"wp:attachment":[{"href":"https:\/\/arttao.org\/vi\/wp-json\/wp\/v2\/media?parent=6866"}],"curies":[{"name":"wp","href":"https:\/\/api.w.org\/{rel}","templated":true}]}}