{"id":7385,"date":"2025-07-01T01:25:42","date_gmt":"2025-07-01T01:25:42","guid":{"rendered":"https:\/\/arttao.org\/?page_id=7385"},"modified":"2025-10-28T20:23:12","modified_gmt":"2025-10-28T20:23:12","slug":"lieu-phap-chua-lanh-tam-ly-ag","status":"publish","type":"page","link":"https:\/\/arttao.org\/vi\/a-g-%e5%bf%83%e7%90%86%e7%96%97%e6%84%88\/","title":{"rendered":"AG. Ch\u1eefa l\u00e0nh t\u00e2m l\u00fd"},"content":{"rendered":"<section class=\"arttao-healing-path is-layout-flow wp-block-group-is-layout-flow\">\n\n  \n  <div style=\"height:40px\" aria-hidden=\"true\" class=\"wp-block-spacer\"><\/div>\n  \n\n  <!-- ===== A. \u7126\u8651\u76f8\u5173\u95ee\u9898 ===== -->\n  \n  <figure class=\"wp-block-image size-large is-resized\">\n    <img loading=\"lazy\" decoding=\"async\" width=\"1024\" height=\"723\" src=\"https:\/\/arttao.org\/wp-content\/uploads\/2025\/07\/EaI\u00bcIo_601794472_AAAo\u00b5A\u00a8\u00b6aoIEUA\u00ae\u00b7CAEoO\u00b5EIOA1-1024x723.jpg\"\n         alt=\"C\u00e1c v\u1ea5n \u0111\u1ec1 li\u00ean quan \u0111\u1ebfn lo \u00e2u\" class=\"wp-image-7386\"\n         style=\"width:71px;height:auto\" srcset=\"https:\/\/arttao.org\/wp-content\/uploads\/2025\/07\/EaI\u00bcIo_601794472_AAAo\u00b5A\u00a8\u00b6aoIEUA\u00ae\u00b7CAEoO\u00b5EIOA1-1024x723.jpg 1024w, https:\/\/arttao.org\/wp-content\/uploads\/2025\/07\/EaI\u00bcIo_601794472_AAAo\u00b5A\u00a8\u00b6aoIEUA\u00ae\u00b7CAEoO\u00b5EIOA1-300x212.jpg 300w, https:\/\/arttao.org\/wp-content\/uploads\/2025\/07\/EaI\u00bcIo_601794472_AAAo\u00b5A\u00a8\u00b6aoIEUA\u00ae\u00b7CAEoO\u00b5EIOA1-768x542.jpg 768w, https:\/\/arttao.org\/wp-content\/uploads\/2025\/07\/EaI\u00bcIo_601794472_AAAo\u00b5A\u00a8\u00b6aoIEUA\u00ae\u00b7CAEoO\u00b5EIOA1-1536x1085.jpg 1536w, https:\/\/arttao.org\/wp-content\/uploads\/2025\/07\/EaI\u00bcIo_601794472_AAAo\u00b5A\u00a8\u00b6aoIEUA\u00ae\u00b7CAEoO\u00b5EIOA1-2048x1446.jpg 2048w\" sizes=\"auto, (max-width: 1024px) 100vw, 1024px\" \/>\n  <\/figure>\n  \n\n  \n  <p>\n    <a href=\"https:\/\/arttao.org\/vi\/%e4%b8%80-%e7%84%a6%e8%99%91%e7%9b%b8%e5%85%b3%e9%97%ae%e9%a2%98%ef%bc%88anxiety-related-issues%ef%bc%89-2\/\">\n      <strong>A. C\u00e1c kh\u00f3a h\u1ecdc v\u1ec1 c\u00e1c v\u1ea5n \u0111\u1ec1 li\u00ean quan \u0111\u1ebfn lo \u00e2u<\/strong>\n    <\/a>\n  <\/p>\n  \n\n  \n  <p class=\"has-small-font-size\">\n    Lo \u00e2u l\u00e0 m\u1ed9t tr\u1ea1ng th\u00e1i t\u00e2m l\u00fd ph\u1ed5 bi\u1ebfn nh\u01b0ng th\u01b0\u1eddng b\u1ecb b\u1ecf qua, c\u00f3 th\u1ec3 bi\u1ec3u hi\u1ec7n d\u01b0\u1edbi d\u1ea1ng lo l\u1eafng dai d\u1eb3ng, t\u1ef1 soi x\u00e9t b\u1ea3n th\u00e2n ho\u1eb7c c\u1ea3m gi\u00e1c kh\u00f4ng th\u1ec3 ki\u1ec3m so\u00e1t t\u01b0\u01a1ng lai. Kh\u00f3a h\u1ecdc n\u00e0y gi\u00fap ng\u01b0\u1eddi h\u1ecdc nh\u1eadn bi\u1ebft c\u00e1c lo\u1ea1i lo \u00e2u \u0111i\u1ec3n h\u00ecnh nh\u01b0 lo \u00e2u lan t\u1ecfa, lo \u00e2u x\u00e3 h\u1ed9i, c\u00e1c c\u01a1n ho\u1ea3ng lo\u1ea1n v\u00e0 c\u00e1c ch\u1ee9ng s\u1ee3 h\u00e3i c\u1ee5 th\u1ec3, hi\u1ec3u \u0111\u01b0\u1ee3c c\u00e1c bi\u1ec3u hi\u1ec7n t\u00e2m l\u00fd v\u00e0 th\u1ec3 ch\u1ea5t c\u1ee7a lo \u00e2u, v\u00e0 x\u00e2y d\u1ef1ng l\u1ea1i c\u1ea3m gi\u00e1c an to\u00e0n v\u00e0 c\u00e2n b\u1eb1ng.\n  <\/p>\n  \n\n  <!-- ===== B. \u6291\u90c1\u76f8\u5173\u95ee\u9898 ===== -->\n  <figure class=\"wp-block-image size-large is-resized\">\n    <img decoding=\"async\" src=\"https:\/\/arttao.org\/wp-content\/uploads\/2025\/06\/EaI\u00bcIo_601793889_\u00bf\u00a8I\u00a8D\u00a1A\u00aeo\u00a2I\u00b7\u00b4\u00f7\u00a8\u00b6a\u00b7CAEoO\u00b5EIOA-1024x735.jpg\"\n         alt=\"C\u00e1c v\u1ea5n \u0111\u1ec1 li\u00ean quan \u0111\u1ebfn tr\u1ea7m c\u1ea3m\"\n         style=\"width:71px;height:auto\"\/>\n  <\/figure>\n\n  <p>\n    <a href=\"https:\/\/arttao.org\/vi\/%e4%ba%8c-%e6%8a%91%e9%83%81%e7%9b%b8%e5%85%b3%e9%97%ae%e9%a2%98\/\">\n      <strong>B. C\u00e1c kh\u00f3a h\u1ecdc v\u1ec1 c\u00e1c v\u1ea5n \u0111\u1ec1 li\u00ean quan \u0111\u1ebfn tr\u1ea7m c\u1ea3m<\/strong>\n    <\/a>\n  <\/p>\n\n  <p class=\"has-small-font-size\">\n    Tr\u1ea7m c\u1ea3m kh\u00f4ng ch\u1ec9 \u0111\u01a1n thu\u1ea7n l\u00e0 t\u00e2m tr\u1ea1ng bu\u1ed3n b\u00e3, m\u00e0 c\u00f2n l\u00e0 s\u1ef1 suy gi\u1ea3m n\u0103ng l\u01b0\u1ee3ng t\u00e2m l\u00fd. Ph\u1ea7n n\u00e0y s\u1ebd t\u00ecm hi\u1ec3u c\u00e1c lo\u1ea1i tr\u1ea7m c\u1ea3m nh\u01b0 r\u1ed1i lo\u1ea1n tr\u1ea7m c\u1ea3m n\u1eb7ng, tr\u1ea7m c\u1ea3m dai d\u1eb3ng v\u00e0 tr\u1ea7m c\u1ea3m sau sinh, ph\u00e2n t\u00edch c\u01a1 ch\u1ebf chu k\u1ef3 nh\u1eadn th\u1ee9c v\u00e0 c\u1ea3m x\u00fac, \u0111\u1ed3ng th\u1eddi gi\u00fap b\u1ea1n nh\u1eadn bi\u1ebft c\u00e1c d\u1ea5u hi\u1ec7u c\u1ea3nh b\u00e1o s\u1edbm \u0111\u1ec3 kh\u00f4i ph\u1ee5c s\u1ee9c s\u1ed1ng n\u1ed9i t\u00e2m v\u00e0 \u00fd ngh\u0129a cu\u1ed9c s\u1ed1ng.\n  <\/p>\n\n  <!-- ===== C. \u5f3a\u8feb\u4e0e\u51b2\u52a8 ===== -->\n  <figure class=\"wp-block-image size-large is-resized\">\n    <img decoding=\"async\" src=\"https:\/\/arttao.org\/wp-content\/uploads\/2025\/06\/EaI\u00bcIo_601793890_\u00bf\u00a8I\u00a8D\u00a1A\u00aeo\u00a2\u00b2a_\u00b7CAEoO\u00b5EIOA1-1024x770.jpg\"\n         alt=\"S\u1ef1 c\u01b0\u1ee1ng ch\u1ebf v\u00e0 xung \u0111\u1ed9ng\"\n         style=\"width:74px;height:auto\"\/>\n  <\/figure>\n\n  <p>\n    <a href=\"https:\/\/arttao.org\/vi\/%e5%bc%ba%e8%bf%ab%e4%b8%8e%e5%86%b2%e5%8a%a8%e9%97%ae%e9%a2%98%ef%bc%88obsessive-compulsive-and-impulse-issues%ef%bc%89\/\">\n      <strong>C. Kh\u00f3a h\u1ecdc v\u1ec1 c\u00e1c v\u1ea5n \u0111\u1ec1 c\u01b0\u1ee1ng ch\u1ebf v\u00e0 b\u1ed1c \u0111\u1ed3ng<\/strong>\n    <\/a>\n  <\/p>\n\n  <p class=\"has-small-font-size\">\n    S\u1ef1 c\u01b0\u1ee1ng ch\u1ebf v\u00e0 xung \u0111\u1ed9ng l\u00e0 hai c\u1ef1c c\u1ee7a xung \u0111\u1ed9t t\u00e2m l\u00fd: m\u1ed9t l\u00e0 &quot;kh\u00f4ng th\u1ec3 t\u1ef1 ki\u1ec1m ch\u1ebf \u0111\u1ec3 l\u00e0m \u0111i\u1ec1u \u0111\u00f3&quot;, v\u00e0 c\u00e1i kia l\u00e0 &quot;kh\u00f4ng th\u1ec3 t\u1ef1 ki\u1ec1m ch\u1ebf \u0111\u1ec3 kh\u00f4ng l\u00e0m \u0111i\u1ec1u \u0111\u00f3&quot;. Kh\u00f3a h\u1ecdc n\u00e0y gi\u00fap b\u1ea1n hi\u1ec3u c\u00e1c c\u01a1 ch\u1ebf g\u00e2y lo \u00e2u, c\u00e1c thi\u00ean ki\u1ebfn nh\u1eadn th\u1ee9c v\u00e0 ph\u01b0\u01a1ng ph\u00e1p hu\u1ea5n luy\u1ec7n \u0111i\u1ec1u ch\u1ec9nh c\u1ea3m x\u00fac \u0111\u1eb1ng sau ch\u00fang, d\u1ea1y b\u1ea1n c\u00e1ch chuy\u1ec3n t\u1eeb k\u00ecm n\u00e9n sang chuy\u1ec3n h\u00f3a v\u00e0 x\u00e2y d\u1ef1ng l\u1ea1i s\u1ef1 c\u00e2n b\u1eb1ng t\u00e2m l\u00fd.\n  <\/p>\n\n  <!-- ===== D. \u521b\u4f24\u4e0e\u5e94\u6fc0 ===== -->\n  <figure class=\"wp-block-image size-large is-resized\">\n    <img decoding=\"async\" src=\"https:\/\/arttao.org\/wp-content\/uploads\/2025\/06\/EaI\u00bcIo_601794471_\u00b3EE\u00b1\u00b3\u00be\u00b0EI\u00b5AEUA\u00ae\u00b7CAEoO\u00b5EIOA22-1024x674.jpg\"\n         alt=\"Ch\u1ea5n th\u01b0\u01a1ng v\u00e0 c\u0103ng th\u1eb3ng\"\n         style=\"width:81px;height:auto\"\/>\n  <\/figure>\n\n  <p>\n    <a href=\"https:\/\/arttao.org\/vi\/d-khoa-hoc-ve-cac-van-de-chan-thuong-va-cang-thang\/\">\n      <strong>D. Kh\u00f3a h\u1ecdc v\u1ec1 c\u00e1c v\u1ea5n \u0111\u1ec1 ch\u1ea5n th\u01b0\u01a1ng v\u00e0 c\u0103ng th\u1eb3ng<\/strong>\n    <\/a>\n  <\/p>\n\n  <p class=\"has-small-font-size\">\n    Ch\u1ea5n th\u01b0\u01a1ng t\u00e2m l\u00fd kh\u00f4ng ch\u1ec9 b\u1eaft ngu\u1ed3n t\u1eeb c\u00e1c s\u1ef1 ki\u1ec7n b\u00ean ngo\u00e0i m\u00e0 c\u00f2n c\u00f3 th\u1ec3 xu\u1ea5t ph\u00e1t t\u1eeb s\u1ef1 b\u1ecf b\u00ea l\u00e2u d\u00e0i v\u00e0 thi\u1ebfu th\u1ed1n t\u00ecnh c\u1ea3m. Kh\u00f3a h\u1ecdc n\u00e0y gi\u00fap b\u1ea1n hi\u1ec3u v\u1ec1 c\u01a1 ch\u1ebf th\u1ea7n kinh c\u1ee7a ch\u1ea5n th\u01b0\u01a1ng c\u00f4ng khai v\u00e0 ti\u1ec1m \u1ea9n, hi\u1ec7n t\u01b0\u1ee3ng \u0111\u00f3ng b\u0103ng c\u1ea3m x\u00fac, v\u00e0 c\u00e1ch x\u00e2y d\u1ef1ng l\u1ea1i c\u1ea3m gi\u00e1c an to\u00e0n v\u00e0 l\u00f2ng tin gi\u1eefa c\u00e1c c\u00e1 nh\u00e2n, cho ph\u00e9p qu\u00e1 tr\u00ecnh ch\u1eefa l\u00e0nh th\u1ef1c s\u1ef1 b\u1eaft \u0111\u1ea7u.\n  <\/p>\n\n  <!-- ===== E. \u60c5\u7eea\u6ce2\u52a8 ===== -->\n  <figure class=\"wp-block-image size-large is-resized\">\n    <img decoding=\"async\" src=\"https:\/\/arttao.org\/wp-content\/uploads\/2025\/06\/EaI\u00bcIo_601786897_\u00b2EE\u00b7\u00a2EI\u00b5AA\u00aeo\u00a2\u00b7CAEoO\u00b5EIOA22-1024x654.jpg\"\n         alt=\"Bi\u1ebfn \u0111\u1ed9ng c\u1ea3m x\u00fac\"\n         style=\"width:79px;height:auto\"\/>\n  <\/figure>\n\n  <p>\n    <a href=\"https:\/\/arttao.org\/vi\/%e4%ba%94-%e6%83%85%e7%bb%aa%e6%b3%a2%e5%8a%a8%e9%97%ae%e9%a2%98%ef%bc%88mood-dysregulation-issues%ef%bc%89\/\">\n      <strong>E. Kh\u00f3a h\u1ecdc v\u1ec1 s\u1ef1 bi\u1ebfn \u0111\u1ed9ng c\u1ea3m x\u00fac<\/strong>\n    <\/a>\n  <\/p>\n\n  <p class=\"has-small-font-size\">\n    S\u1ef1 thay \u0111\u1ed5i t\u00e2m tr\u1ea1ng c\u00f3 th\u1ec3 b\u1eaft ngu\u1ed3n t\u1eeb s\u1ef1 m\u1ea5t c\u00e2n b\u1eb1ng trong h\u1ec7 th\u1ed1ng \u0111i\u1ec1u ch\u1ec9nh. B\u00e0i h\u1ecdc n\u00e0y t\u1eadp trung v\u00e0o c\u00e1c v\u1ea5n \u0111\u1ec1 nh\u01b0 r\u1ed1i lo\u1ea1n \u0111i\u1ec1u ch\u1ec9nh t\u00e2m tr\u1ea1ng v\u00e0 r\u1ed1i lo\u1ea1n l\u01b0\u1ee1ng c\u1ef1c, gi\u00fap ng\u01b0\u1eddi h\u1ecdc nh\u1eadn bi\u1ebft c\u00e1c nhu c\u1ea7u t\u00e2m l\u00fd \u0111\u1eb1ng sau c\u1ea3m x\u00fac v\u00e0 chuy\u1ec3n h\u00f3a c\u1ea3m x\u00fac th\u00e0nh th\u00f4ng tin thay v\u00ec g\u00e1nh n\u1eb7ng.\n  <\/p>\n\n  <!-- ===== F. \u7761\u7720\u4e0e\u8eaf\u4f53 ===== -->\n  <figure class=\"wp-block-image size-large is-resized\">\n    <img decoding=\"async\" src=\"https:\/\/arttao.org\/wp-content\/uploads\/2025\/06\/EaI\u00bcIo_601786894_\u00b3EE\u00b1\u00b3\u00be\u00b0EI\u00b5AEUA\u00ae\u00b7CAEoO\u00b5EIOA22-1024x637.jpg\"\n         alt=\"Gi\u1ea5c ng\u1ee7 v\u00e0 c\u01a1 th\u1ec3\"\n         style=\"width:84px;height:auto\"\/>\n  <\/figure>\n\n  <p>\n    <a href=\"https:\/\/arttao.org\/vi\/%e5%85%ad-%e7%9d%a1%e7%9c%a0%e4%b8%8e%e8%ba%af%e4%bd%93%e9%97%ae%e9%a2%98%ef%bc%88sleep-and-somatic-issues%ef%bc%89\/\">\n      <strong>F. Kh\u00f3a h\u1ecdc v\u1ec1 Gi\u1ea5c ng\u1ee7 v\u00e0 c\u00e1c V\u1ea5n \u0111\u1ec1 Th\u1ec3 ch\u1ea5t<\/strong>\n    <\/a>\n  <\/p>\n\n  <p class=\"has-small-font-size\">\n    C\u01a1 th\u1ec3 l\u00e0 t\u1ea5m g\u01b0\u01a1ng ph\u1ea3n chi\u1ebfu t\u00e2m tr\u00ed. Ph\u1ea7n n\u00e0y gi\u1ea3i th\u00edch c\u00e1ch c\u00e1c v\u1ea5n \u0111\u1ec1 t\u00e2m l\u00fd bi\u1ec3u hi\u1ec7n th\u00e0nh c\u00e1c tri\u1ec7u ch\u1ee9ng th\u1ec3 ch\u1ea5t, ch\u1eb3ng h\u1ea1n nh\u01b0 m\u1ea5t ng\u1ee7, \u0111au \u0111\u1ea7u v\u00e0 r\u1ed1i lo\u1ea1n ti\u00eau h\u00f3a, \u0111\u1ed3ng th\u1eddi h\u01b0\u1edbng d\u1eabn c\u00e1c k\u1ef9 thu\u1eadt \u0111i\u1ec1u ch\u1ec9nh t\u00e2m tr\u00ed - c\u01a1 th\u1ec3 \u0111\u1ec3 gi\u00fap kh\u00f4i ph\u1ee5c kh\u1ea3 n\u0103ng ho\u1ea1t \u0111\u1ed9ng c\u1ee7a c\u01a1 th\u1ec3 nh\u01b0 m\u1ed9t n\u01a1i tr\u00fa \u1ea9n an to\u00e0n.\n  <\/p>\n\n  <!-- ===== G. \u4f9d\u8d56\u4e0e\u6210\u763e ===== -->\n  <figure class=\"wp-block-image size-large is-resized\">\n    <img decoding=\"async\" src=\"https:\/\/arttao.org\/wp-content\/uploads\/2025\/06\/EaI\u00bcIo_601799129_AE\u00afAA\u00b5AA\u00ae\u00d7O\u00b7CAEoO\u00b5EIOA22-1024x696.jpg\"\n         alt=\"S\u1ef1 ph\u1ee5 thu\u1ed9c v\u00e0 nghi\u1ec7n ng\u1eadp\"\n         style=\"width:81px;height:auto\"\/>\n  <\/figure>\n\n  <p>\n    <a href=\"https:\/\/arttao.org\/vi\/7-van-de-ve-chat-gay-nghien-va-nghien-ngap\/\">\n      <strong>G. Kh\u00f3a h\u1ecdc v\u1ec1 c\u00e1c v\u1ea5n \u0111\u1ec1 ph\u1ee5 thu\u1ed9c v\u00e0 nghi\u1ec7n ng\u1eadp<\/strong>\n    <\/a>\n  <\/p>\n\n  <p class=\"has-small-font-size\">\n    Ngu\u1ed3n g\u1ed1c c\u1ee7a ch\u1ee9ng nghi\u1ec7n kh\u00f4ng n\u1eb1m \u1edf &quot;s\u1ef1 y\u00eau th\u00edch&quot;, m\u00e0 \u1edf &quot;s\u1ef1 n\u00e9 tr\u00e1nh&quot;. Kh\u00f3a h\u1ecdc n\u00e0y kh\u00e1m ph\u00e1 c\u1ea5u tr\u00fac t\u00e2m l\u00fd, h\u1ec7 th\u1ed1ng ph\u1ea7n th\u01b0\u1edfng v\u00e0 s\u1ef1 thi\u1ebfu h\u1ee5t g\u1eafn b\u00f3 c\u1ee7a ch\u1ee9ng nghi\u1ec7n ch\u1ea5t v\u00e0 nghi\u1ec7n h\u00e0nh vi, gi\u00fap ng\u01b0\u1eddi h\u1ecdc hi\u1ec3u \u0111\u01b0\u1ee3c logic sinh t\u1ed3n c\u1ee7a ch\u1ee9ng nghi\u1ec7n v\u00e0 x\u00e2y d\u1ef1ng l\u1ea1i c\u00e1c k\u1ebft n\u1ed1i n\u1ed9i t\u00e2m th\u00f4ng qua nh\u1eadn th\u1ee9c v\u00e0 s\u1ef1 \u0111\u1ed3ng c\u1ea3m.\n  <\/p>\n\n<\/section>","protected":false},"excerpt":{"rendered":"<p>A. \u7126\u8651\u76f8\u5173\u95ee\u9898\u8bfe\u7a0b \u7126\u8651\u662f\u4e00\u79cd\u5e38\u89c1\u4f46\u9690\u853d\u7684\u5fc3\u7406\u72b6\u6001\uff0c\u5b83\u53ef\u80fd\u8868\u73b0\u4e3a\u6301\u7eed\u62c5\u5fe7\u3001\u81ea\u6211\u5ba1\u89c6\u6216\u5bf9\u672a\u6765\u7684\u65e0\u6cd5\u638c\u63a7\u3002 \u672c [&hellip;]<\/p>\n","protected":false},"author":1,"featured_media":0,"parent":0,"menu_order":0,"comment_status":"closed","ping_status":"closed","template":"","meta":{"nf_dc_page":"","om_disable_all_campaigns":false,"_monsterinsights_skip_tracking":false,"_monsterinsights_sitenote_active":false,"_monsterinsights_sitenote_note":"","_monsterinsights_sitenote_category":0,"footnotes":""},"class_list":["post-7385","page","type-page","status-publish","hentry"],"_links":{"self":[{"href":"https:\/\/arttao.org\/vi\/wp-json\/wp\/v2\/pages\/7385","targetHints":{"allow":["GET"]}}],"collection":[{"href":"https:\/\/arttao.org\/vi\/wp-json\/wp\/v2\/pages"}],"about":[{"href":"https:\/\/arttao.org\/vi\/wp-json\/wp\/v2\/types\/page"}],"author":[{"embeddable":true,"href":"https:\/\/arttao.org\/vi\/wp-json\/wp\/v2\/users\/1"}],"replies":[{"embeddable":true,"href":"https:\/\/arttao.org\/vi\/wp-json\/wp\/v2\/comments?post=7385"}],"version-history":[{"count":11,"href":"https:\/\/arttao.org\/vi\/wp-json\/wp\/v2\/pages\/7385\/revisions"}],"predecessor-version":[{"id":11409,"href":"https:\/\/arttao.org\/vi\/wp-json\/wp\/v2\/pages\/7385\/revisions\/11409"}],"wp:attachment":[{"href":"https:\/\/arttao.org\/vi\/wp-json\/wp\/v2\/media?parent=7385"}],"curies":[{"name":"wp","href":"https:\/\/api.w.org\/{rel}","templated":true}]}}