{"id":8014,"date":"2025-07-18T16:35:11","date_gmt":"2025-07-18T16:35:11","guid":{"rendered":"https:\/\/arttao.org\/?page_id=8014"},"modified":"2025-10-27T05:23:11","modified_gmt":"2025-10-27T05:23:11","slug":"chuong-trinh-thanh-vien-2","status":"publish","type":"page","link":"https:\/\/arttao.org\/vi\/%e4%bc%9a%e5%91%98%e8%ae%a1%e5%88%92-2\/","title":{"rendered":"Ch\u01b0\u01a1ng tr\u00ecnh th\u00e0nh vi\u00ean"},"content":{"rendered":"<p class=\"\"><\/p>\n\n\n\n<p class=\"\"><\/p>\n\n\n\n<figure class=\"wp-block-image aligncenter size-full is-resized\"><img loading=\"lazy\" decoding=\"async\" width=\"308\" height=\"480\" src=\"https:\/\/arttao.org\/wp-content\/uploads\/2025\/07\/Flower-Love-Sticker-by-Manon-Louart-1.gif\" alt=\"\" class=\"wp-image-8039\" style=\"width:72px;height:auto\"\/><\/figure>\n\n\n\n<p class=\"has-text-color has-link-color wp-elements-ddcdd9b15d4b71223aa9c92650911cc6\" style=\"color:#1bac94\">Arttao.org cam k\u1ebft x\u00e2y d\u1ef1ng m\u1ed9t n\u1ec1n t\u1ea3ng to\u00e0n di\u1ec7n t\u00edch h\u1ee3p tr\u1ecb li\u1ec7u t\u00e2m l\u00fd, s\u00e1ng t\u1ea1o ngh\u1ec7 thu\u1eadt v\u00e0 t\u01b0\u01a1ng t\u00e1c v\u1edbi tr\u00ed tu\u1ec7 nh\u00e2n t\u1ea1o. Trong qu\u00e1 tr\u00ecnh n\u00e0y, ch\u00fang t\u00f4i hi\u1ec3u r\u1eb1ng t\u1ed1c \u0111\u1ed9, nhu c\u1ea7u v\u00e0 \u0111i\u1ec1u ki\u1ec7n ngu\u1ed3n l\u1ef1c c\u1ee7a m\u1ed7i ng\u01b0\u1eddi d\u00f9ng l\u00e0 kh\u00e1c nhau. \u0110\u1ec3 h\u1ed7 tr\u1ee3 t\u1ed1t h\u01a1n cho ng\u01b0\u1eddi h\u1ecdc \u1edf c\u00e1c giai \u0111o\u1ea1n kh\u00e1c nhau, ch\u00fang t\u00f4i \u0111\u00e3 thi\u1ebft l\u1eadp nhi\u1ec1u c\u1ea5p \u0111\u1ed9 ch\u01b0\u01a1ng tr\u00ecnh th\u00e0nh vi\u00ean nh\u1eb1m cung c\u1ea5p cho b\u1ea1n tr\u1ea3i nghi\u1ec7m ng\u01b0\u1eddi d\u00f9ng \u0111\u01b0\u1ee3c c\u00e1 nh\u00e2n h\u00f3a, c\u00f3 nh\u1ecbp \u0111i\u1ec7u, chuy\u00ean s\u00e2u v\u00e0 t\u00f4n tr\u1ecdng.<\/p>\n\n\n\n<p class=\"has-small-font-size\">H\u1ec7 th\u1ed1ng th\u00e0nh vi\u00ean hi\u1ec7n t\u1ea1i \u0111\u01b0\u1ee3c chia th\u00e0nh:<\/p>\n\n\n\n<ul class=\"wp-block-list\">\n<li class=\"has-small-font-size\">Kh\u00e1ch tham quan<\/li>\n\n\n\n<li class=\"has-small-font-size\">Th\u00e0nh vi\u00ean \u0111\u00e3 \u0111\u0103ng k\u00fd<\/li>\n\n\n\n<li class=\"has-small-font-size\">G\u00f3i th\u00e0nh vi\u00ean cao c\u1ea5p: N\u0103m c\u1ea5p \u0111\u1ed9: A, B, C, D v\u00e0 E<\/li>\n\n\n\n<li class=\"has-small-font-size\">Ng\u01b0\u1eddi d\u00f9ng G\u00f3i Nh\u00e2n \u0111\u1ea1o Mi\u1ec5n ph\u00ed<\/li>\n<\/ul>\n\n\n\n<figure class=\"wp-block-image aligncenter size-full is-resized\"><img loading=\"lazy\" decoding=\"async\" width=\"480\" height=\"480\" src=\"https:\/\/arttao.org\/wp-content\/uploads\/2025\/07\/Saturday-Night-Friday-Sticker-by-LOrbe-Spirits.gif\" alt=\"\" class=\"wp-image-7993\" style=\"width:119px;height:auto\"\/><\/figure>\n\n\n\n<p class=\"has-text-align-center has-small-font-size\"><\/p>\n\n\n<p style=\"color:red; text-align:center;\">\u26a0\ufe0f Vui l\u00f2ng \u0111\u0103ng nh\u1eadp tr\u01b0\u1edbc \u0111\u1ec3 xem th\u00f4ng tin th\u00e0nh vi\u00ean c\u1ee7a b\u1ea1n.<\/p>\n\n\n\n<p class=\"has-text-align-center has-text-color has-link-color has-small-font-size wp-elements-171b32732e7b3a179916660bec82bce1\" style=\"color:#07902e\">Ph\u1ea7n n\u00e0y gi\u1edbi thi\u1ec7u n\u1ed9i dung d\u1ecbch v\u1ee5 v\u00e0 l\u1ee3i \u00edch c\u1ee7a t\u1eebng c\u1ea5p \u0111\u1ed9, bao g\u1ed3m th\u1eddi gian s\u1eed d\u1ee5ng GPT, s\u1ed1 l\u01b0\u1ee3ng bu\u1ed5i h\u1ecfi \u0111\u00e1p t\u00e2m l\u00fd v\u00e0 ph\u00e2n t\u00edch k\u1ebft qu\u1ea3 ki\u1ec3m tra, gi\u00fap b\u1ea1n l\u1ef1a ch\u1ecdn g\u00f3i h\u1ed7 tr\u1ee3 ph\u00f9 h\u1ee3p nh\u1ea5t.<\/p>\n\n\n\n<div style=\"height:63px\" aria-hidden=\"true\" class=\"wp-block-spacer\"><\/div>\n\n\n\n<figure class=\"wp-block-image aligncenter size-full is-resized\"><img loading=\"lazy\" decoding=\"async\" width=\"480\" height=\"480\" src=\"https:\/\/arttao.org\/wp-content\/uploads\/2025\/07\/Take-Care-Mood-Sticker-by-Dyanapyehchek.gif\" alt=\"\" class=\"wp-image-8015\" style=\"width:99px;height:auto\"\/><\/figure>\n\n\n\n<p class=\"has-text-align-center has-small-font-size\"><\/p>\n\n\n<p style=\"color:red;\">Vui l\u00f2ng \u0111\u0103ng nh\u1eadp tr\u01b0\u1edbc \u0111\u1ec3 xem ch\u01b0\u01a1ng tr\u00ecnh th\u00e0nh vi\u00ean.<\/p>\n\n\n\n<p class=\"has-text-align-center has-text-color has-link-color has-small-font-size wp-elements-94edde228586bd48d5d801590f8d62ad\" style=\"color:#9c0a0a\">Ch\u00fang t\u00f4i cung c\u1ea5p nhi\u1ec1u l\u1ef1a ch\u1ecdn h\u1ed7 tr\u1ee3 t\u00e2m l\u00fd kh\u00e1c nhau \u0111\u1ec3 \u0111\u00e1p \u1ee9ng c\u00e1c nhu c\u1ea7u \u0111a d\u1ea1ng v\u00e0 gi\u00fap b\u1ea1n ph\u00e1t tri\u1ec3n to\u00e0n di\u1ec7n, c\u1ea3 v\u1ec1 th\u1ec3 ch\u1ea5t v\u00e0 tinh th\u1ea7n.<\/p>\n\n\n\n<h3 class=\"wp-block-heading has-text-align-center\"><\/h3>\n\n\n\n<p class=\"\"><\/p>\n\n\n\n<div style=\"height:80px\" aria-hidden=\"true\" class=\"wp-block-spacer\"><\/div>\n\n\n\n<figure class=\"wp-block-image aligncenter size-full is-resized\"><img loading=\"lazy\" decoding=\"async\" width=\"480\" height=\"468\" src=\"https:\/\/arttao.org\/wp-content\/uploads\/2025\/08\/Gay-Love-Sticker-by-Lider-Chile-1.gif\" alt=\"\" class=\"wp-image-8881\" style=\"width:131px;height:auto\"\/><\/figure>\n\n\n<p style=\"color:red;\">Vui l\u00f2ng \u0111\u0103ng nh\u1eadp v\u00e0o t\u00e0i kho\u1ea3n c\u1ee7a b\u1ea1n tr\u01b0\u1edbc khi \u0111\u0103ng k\u00fd ch\u01b0\u01a1ng tr\u00ecnh t\u1eeb thi\u1ec7n.<\/p>\n\n\n\n<p class=\"has-text-align-center has-text-color has-link-color has-small-font-size wp-elements-f2e4e0a0909a3b9156672d0951d35262\" style=\"color:#056e0c\">Ph\u1ed5 bi\u1ebfn h\u1ed7 tr\u1ee3 t\u00e2m l\u00fd, ch\u1eefa b\u1ec7nh b\u1eb1ng tr\u00ed tu\u1ec7 nh\u00e2n t\u1ea1o v\u00e0 ph\u1ee5c v\u1ee5 c\u00e1c nh\u00f3m d\u00e2n c\u01b0 y\u1ebfu th\u1ebf tr\u00ean to\u00e0n th\u1ebf gi\u1edbi.<\/p>\n\n\n\n<p class=\"\"><\/p>","protected":false},"excerpt":{"rendered":"<p>Arttao.org \u81f4\u529b\u4e8e\u6784\u5efa\u4e00\u4e2a\u878d\u5408\u5fc3\u7406\u7597\u6108\u3001\u827a\u672f\u521b\u9020\u4e0e AI \u4ea4\u4e92\u7684\u7efc\u5408\u5e73\u53f0\u3002\u5728\u8fd9\u4e2a\u8fc7\u7a0b\u4e2d\uff0c\u6211\u4eec\u660e\u767d\u6bcf\u4e00 [&hellip;]<\/p>\n","protected":false},"author":1,"featured_media":0,"parent":0,"menu_order":0,"comment_status":"closed","ping_status":"closed","template":"","meta":{"nf_dc_page":"","om_disable_all_campaigns":false,"_monsterinsights_skip_tracking":false,"_monsterinsights_sitenote_active":false,"_monsterinsights_sitenote_note":"","_monsterinsights_sitenote_category":0,"footnotes":""},"class_list":["post-8014","page","type-page","status-publish","hentry"],"_links":{"self":[{"href":"https:\/\/arttao.org\/vi\/wp-json\/wp\/v2\/pages\/8014","targetHints":{"allow":["GET"]}}],"collection":[{"href":"https:\/\/arttao.org\/vi\/wp-json\/wp\/v2\/pages"}],"about":[{"href":"https:\/\/arttao.org\/vi\/wp-json\/wp\/v2\/types\/page"}],"author":[{"embeddable":true,"href":"https:\/\/arttao.org\/vi\/wp-json\/wp\/v2\/users\/1"}],"replies":[{"embeddable":true,"href":"https:\/\/arttao.org\/vi\/wp-json\/wp\/v2\/comments?post=8014"}],"version-history":[{"count":20,"href":"https:\/\/arttao.org\/vi\/wp-json\/wp\/v2\/pages\/8014\/revisions"}],"predecessor-version":[{"id":11379,"href":"https:\/\/arttao.org\/vi\/wp-json\/wp\/v2\/pages\/8014\/revisions\/11379"}],"wp:attachment":[{"href":"https:\/\/arttao.org\/vi\/wp-json\/wp\/v2\/media?parent=8014"}],"curies":[{"name":"wp","href":"https:\/\/api.w.org\/{rel}","templated":true}]}}