{"id":8287,"date":"2025-07-30T20:45:47","date_gmt":"2025-07-30T20:45:47","guid":{"rendered":"https:\/\/arttao.org\/?page_id=8287"},"modified":"2025-10-30T05:49:08","modified_gmt":"2025-10-30T05:49:08","slug":"dieu-huong-khoa-hoc","status":"publish","type":"page","link":"https:\/\/arttao.org\/vi\/%e8%af%be%e7%a8%8b%e5%af%bc%e8%88%aa\/","title":{"rendered":"K\u00eanh ch\u1eefa l\u00e0nh"},"content":{"rendered":"<div style=\"height:81px\" aria-hidden=\"true\" class=\"wp-block-spacer\"><\/div>\n\n\n\n<figure class=\"wp-block-image aligncenter size-full is-resized\"><img loading=\"lazy\" decoding=\"async\" width=\"480\" height=\"480\" src=\"https:\/\/arttao.org\/wp-content\/uploads\/2025\/03\/Procreate-Lock-Sticker.gif\" alt=\"\" class=\"wp-image-7453\" style=\"width:86px;height:auto\"\/><\/figure>\n\n\n\n<h2 class=\"wp-block-heading has-text-align-center has-text-color has-link-color has-large-font-size wp-elements-337cb5f0de9753cbf9cb37fe76f210f2\" style=\"color:#0ea10c\"><strong> <\/strong><a href=\"https:\/\/arttao.org\/vi\/mot-bai-kiem-tra-tam-ly\/\" data-type=\"page\" data-id=\"1251\">AG.<strong> B\u00e0i ki\u1ec3m tra t\u00e2m l\u00fd <\/strong><\/a>B\u00e0i ki\u1ec3m tra<\/h2>\n\n\n\n<p class=\"has-text-align-center has-small-font-size\">S\u1eed d\u1ee5ng t\u01b0 duy tri\u1ebft h\u1ecdc \u0111\u1ec3 h\u01b0\u1edbng d\u1eabn qu\u00e1 tr\u00ecnh t\u1ef1 kh\u00e1m ph\u00e1 b\u1ea3n th\u00e2n, d\u1ea7n d\u1ea7n l\u00e0m s\u00e1ng t\u1ecf nh\u1eefng nguy\u00ean nh\u00e2n s\u00e2u xa d\u1eabn \u0111\u1ebfn s\u1ef1 \u0111au kh\u1ed5 v\u1ec1 c\u1ea3m x\u00fac v\u00e0 h\u00e0nh vi.<\/p>\n\n\n\n<p class=\"has-text-align-center has-small-font-size\"><\/p>\n\n\n\n<div style=\"height:56px\" aria-hidden=\"true\" class=\"wp-block-spacer\"><\/div>\n\n\n\n<figure class=\"wp-block-image aligncenter size-full is-resized\"><img loading=\"lazy\" decoding=\"async\" width=\"480\" height=\"480\" src=\"https:\/\/arttao.org\/wp-content\/uploads\/2025\/03\/Sticker-by-OK-Motion-Club.gif\" alt=\"\" class=\"wp-image-7410\" style=\"width:86px;height:auto\"\/><\/figure>\n\n\n\n<p class=\"has-text-align-center has-text-color has-link-color has-large-font-size wp-elements-c162658051d2b5f3922355f43fdd27d4\" style=\"color:#a92f0b;margin-top:0;margin-bottom:0;padding-top:var(--wp--preset--spacing--10);padding-right:0;padding-bottom:var(--wp--preset--spacing--10);padding-left:0\"><a href=\"https:\/\/arttao.org\/vi\/lieu-phap-chua-lanh-tam-ly-ag\/\" data-type=\"page\" data-id=\"7385\">AG. <strong>Ch\u1eefa l\u00e0nh t\u00e2m l\u00fd<\/strong><\/a>kh\u00f3a h\u1ecdc<\/p>\n\n\n\n<p class=\"has-text-align-center has-small-font-size\">C\u00e1c kh\u00f3a h\u1ecdc tr\u1ecb li\u1ec7u t\u00e2m l\u00fd c\u1ee7a ch\u00fang t\u00f4i bao g\u1ed3m m\u1ed9t c\u00e1ch c\u00f3 h\u1ec7 th\u1ed1ng b\u1ea3y v\u1ea5n \u0111\u1ec1 t\u00e2m l\u00fd ch\u00ednh, gi\u00fap b\u1ea1n v\u01b0\u1ee3t qua kh\u00f3 kh\u0103n v\u00e0 x\u00e2y d\u1ef1ng l\u1ea1i s\u1ee9c m\u1ea1nh n\u1ed9i t\u00e2m c\u0169ng nh\u01b0 c\u1ea3m gi\u00e1c an to\u00e0n.<\/p>\n\n\n\n<div style=\"height:73px\" aria-hidden=\"true\" class=\"wp-block-spacer\"><\/div>\n\n\n\n<figure class=\"wp-block-image aligncenter size-full is-resized\"><img loading=\"lazy\" decoding=\"async\" width=\"480\" height=\"480\" src=\"https:\/\/arttao.org\/wp-content\/uploads\/2025\/03\/Pool-Party-Fun-Sticker.gif\" alt=\"\" class=\"wp-image-7536\" style=\"width:85px;height:auto\"\/><\/figure>\n\n\n\n<p class=\"has-text-align-center has-text-color has-link-color has-medium-font-size wp-elements-9600486917ebe91f04c77f94b9bf7e01\" style=\"color:#0619a4\"><a href=\"https:\/\/arttao.org\/vi\/quan-ly-suc-khoe\/\" data-type=\"page\" data-id=\"7754\">Trung t\u00e2m d\u1eef li\u1ec7u ch\u1eefa b\u1ec7nh b\u1eb1ng AI<\/a><\/p>\n\n\n\n<p class=\"has-text-align-center has-small-font-size\">R\u00e8n luy\u1ec7n c\u1ea3 th\u1ec3 ch\u1ea5t v\u00e0 tinh th\u1ea7n: X\u00e2y d\u1ef1ng m\u1ed9t h\u1ec7 th\u1ed1ng qu\u1ea3n l\u00fd s\u1ee9c kh\u1ecfe v\u1eefng m\u1ea1nh trong cu\u1ed9c s\u1ed1ng h\u00e0ng ng\u00e0y.<\/p>\n\n\n\n<div style=\"height:0px\" aria-hidden=\"true\" class=\"wp-block-spacer\"><\/div>\n\n\n\n<div style=\"height:81px\" aria-hidden=\"true\" class=\"wp-block-spacer\"><\/div>\n\n\n\n<figure class=\"wp-block-image aligncenter size-full is-resized\"><img loading=\"lazy\" decoding=\"async\" width=\"480\" height=\"480\" src=\"https:\/\/arttao.org\/wp-content\/uploads\/2025\/03\/Teen-Wolf-Halloween-Sticker-by-OK-Motion-Club.gif\" alt=\"\" class=\"wp-image-7409\" style=\"width:75px;height:auto\"\/><\/figure>\n\n\n\n<p class=\"has-text-align-center has-text-color has-link-color wp-elements-982e7b9851bd02f2d9fb3f2f20a8f5bd\" style=\"color:#05601f\"><a href=\"https:\/\/arttao.org\/vi\/1-4-huong-dan-chua-lanh\/\" data-type=\"page\" data-id=\"7400\">Trung t\u00e2m d\u1ecbch v\u1ee5 kh\u00e1ch h\u00e0ng AI<\/a><\/p>\n\n\n\n<p class=\"has-text-align-center has-small-font-size\">Kh\u00e1m ph\u00e1 nh\u1eefng con \u0111\u01b0\u1eddng ch\u1eefa l\u00e0nh d\u1eabn d\u1eaft b\u1ea1n t\u1eebng b\u01b0\u1edbc tr\u00ean h\u00e0nh tr\u00ecnh ph\u00e1t tri\u1ec3n b\u1ea3n th\u00e2n v\u00e0 ph\u1ee5c h\u1ed3i t\u00e2m l\u00fd.<\/p>\n\n\n\n<div style=\"height:58px\" aria-hidden=\"true\" class=\"wp-block-spacer\"><\/div>\n\n\n    <div id=\"ats-361862\"\n         class=\"ats  size-md\"\n         data-url=\"https:\/\/arttao.org\/vi\/\"\n         data-title=\"Arttao \u5206\u4eab\"\n         data-open=\"0\">\n      <div class=\"ats-center\">\n        <button type=\"button\" class=\"ats-trigger\" aria-haspopup=\"true\" aria-expanded=\"false\" title=\"chia s\u1ebb\">\n                    <span>chia s\u1ebb<\/span>\n        <\/button>\n      <\/div>\n\n      <div class=\"ats-pop\" role=\"menu\" aria-label=\"chia s\u1ebb th\u1ef1c \u0111\u01a1n\">\n        <div class=\"ats-row\">\n          <!-- \u590d\u5236 -->\n          <button type=\"button\" class=\"ats-btn\" data-act=\"copy\" role=\"menuitem\" aria-label=\"b\u1ea3n sao\" title=\"b\u1ea3n sao\">\n            <svg class=\"ico-copy\" viewbox=\"0 0 24 24\" aria-hidden=\"true\"><path d=\"M8 7h8a2 2 0 0 1 2 2v9a2 2 0 0 1-2 2H8a2 2 0 0 1-2-2V9a2 2 0 0 1 2-2zm-1-4h10v2H7V3z\"\/><\/svg>\n          <\/button>\n          <!-- \u77ed\u4fe1 -->\n          <button type=\"button\" class=\"ats-btn\" data-act=\"sms\" role=\"menuitem\" aria-label=\"Tin nh\u1eafn ng\u1eafn\" title=\"Tin nh\u1eafn ng\u1eafn\">\n            <svg class=\"ico-sms\" viewbox=\"0 0 24 24\" aria-hidden=\"true\"><path d=\"M20 2H4a2 2 0 0 0-2 2v14l4-4h14a2 2 0 0 0 2-2V4a2 2 0 0 0-2-2z\"\/><\/svg>\n          <\/button>\n          <!-- Facebook -->\n          <button type=\"button\" class=\"ats-btn\" data-act=\"fb\" role=\"menuitem\" aria-label=\"Facebook\" title=\"Facebook\">\n            <svg class=\"ico-fb\" viewbox=\"0 0 24 24\" aria-hidden=\"true\"><path d=\"M22 12a10 10 0 1 0-11.6 9.9v-7h-2.1V12h2.1V9.8c0-2.1 1.2-3.3 3.1-3.3.9 0 1.8.2 1.8.2v2h-1c-1 0-1.3.6-1.3 1.2V12h2.3l-.4 2.9h-1.9v7A10 10 0 0 0 22 12\"\/><\/svg>\n          <\/button>\n          <!-- X -->\n          <button type=\"button\" class=\"ats-btn\" data-act=\"x\" role=\"menuitem\" aria-label=\"X\" title=\"X\">\n            <svg class=\"ico-x\" viewbox=\"0 0 24 24\" aria-hidden=\"true\"><path d=\"M18.9 2H22l-7.1 8.1L23 22h-6.9l-5.4-7-6.2 7H2.4l7.6-8.6L1.3 2h7l4.9 6.4L18.9 2z\"\/><\/svg>\n          <\/button>\n          <!-- Instagram\uff08\u5b9e\u4f8b\u552f\u4e00\u6e10\u53d8 ID\uff09 -->\n          <button type=\"button\" class=\"ats-btn\" data-act=\"ins\" role=\"menuitem\" aria-label=\"Instagram\" title=\"Instagram\">\n            <svg viewbox=\"0 0 24 24\" aria-hidden=\"true\">\n              <defs>\n                <lineargradient id=\"igGrad-ats-361862\" x1=\"0%\" y1=\"0%\" x2=\"100%\" y2=\"100%\">\n                  <stop offset=\"0%\"  stop-color=\"#F58529\"\/>\n                  <stop offset=\"35%\" stop-color=\"#DD2A7B\"\/>\n                  <stop offset=\"70%\" stop-color=\"#8134AF\"\/>\n                  <stop offset=\"100%\" stop-color=\"#515BD4\"\/>\n                <\/lineargradient>\n              <\/defs>\n              <path fill=\"url(#igGrad-ats-361862)\" d=\"M7 2h10a5 5 0 0 1 5 5v10a5 5 0 0 1-5 5H7a5 5 0 0 1-5-5V7a5 5 0 0 1 5-5zm10 2H7a3 3 0 0 0-3 3v10a3 3 0 0 0 3 3h10a3 3 0 0 0 3-3V7a3 3 0 0 0-3-3zm-5 3.5A4.5 4.5 0 1 1 7.5 12 4.5 4.5 0 0 1 12 7.5zM17.8 6a1 1 0 1 1-1 1 1 1 0 0 1 1-1z\"\/>\n            <\/svg>\n          <\/button>\n          <!-- TikTok -->\n          <button type=\"button\" class=\"ats-btn\" data-act=\"tiktok\" role=\"menuitem\" aria-label=\"TikTok\" title=\"TikTok\">\n            <svg viewbox=\"0 0 24 24\" aria-hidden=\"true\">\n              <circle cx=\"12\" cy=\"12\" r=\"11\" fill=\"#000\"\/>\n              <path d=\"M15 3c1.2 1.9 2.7 3 5 3v3c-1.9 0-3.5-.6-5-1.8V14a5 5 0 1 1-5-5 5 5 0 0 1 1 .1V12.2a2.8 2.8 0 1 0 2 2.7V3z\" fill=\"#25F4EE\" transform=\"translate(-0.5,0.3)\"\/>\n              <path d=\"M15 3c1.2 1.9 2.7 3 5 3v3c-1.9 0-3.5-.6-5-1.8V14a5 5 0 1 1-5-5 5 5 0 0 1 1 .1V12.2a2.8 2.8 0 1 0 2 2.7V3z\" fill=\"#FE2C55\" transform=\"translate(0.5,-0.3)\"\/>\n              <path d=\"M15 3c1.2 1.9 2.7 3 5 3v3c-1.9 0-3.5-.6-5-1.8V14a5 5 0 1 1-5-5 5 5 0 0 1 1 .1V12.2a2.8 2.8 0 1 0 2 2.7V3z\" fill=\"#fff\"\/>\n            <\/svg>\n          <\/button>\n          <!-- \u6296\u97f3 -->\n          <button type=\"button\" class=\"ats-btn\" data-act=\"douyin\" role=\"menuitem\" aria-label=\"Tik Tok\" title=\"Tik Tok\">\n            <svg class=\"ico-dy\" viewbox=\"0 0 24 24\" aria-hidden=\"true\"><path d=\"M15 3c1.2 1.9 2.7 3 5 3v3c-1.9 0-3.5-.6-5-1.8V14a5 5 0 1 1-5-5 5 5 0 0 1 1 .1V12.2a2.8 2.8 0 1 0 2 2.7V3z\"\/><\/svg>\n          <\/button>\n        <\/div>\n        <div class=\"ats-tip\" aria-live=\"polite\"><\/div>\n      <\/div>\n    <\/div>\n    \n\n\n\n<p class=\"has-text-align-center has-small-font-size\"><\/p>","protected":false},"excerpt":{"rendered":"<p>A-G. \u5fc3\u7406\u6d4b\u8bd5 \u6d4b\u8bd5 \u4ee5\u54f2\u601d\u5f15\u5bfc\u5185\u5728\u63a2\u7d22\uff0c\u9010\u6b65\u9610\u660e\u60c5\u7eea\u56f0\u6270\u4e0e\u884c\u4e3a\u80cc\u540e\u7684\u6df1\u5c42\u539f\u56e0 A-G. \u5fc3\u7406\u7597\u6108\u8bfe\u7a0b \u5fc3 [&hellip;]<\/p>\n","protected":false},"author":1,"featured_media":0,"parent":0,"menu_order":0,"comment_status":"closed","ping_status":"closed","template":"","meta":{"nf_dc_page":"","om_disable_all_campaigns":false,"_monsterinsights_skip_tracking":false,"_monsterinsights_sitenote_active":false,"_monsterinsights_sitenote_note":"","_monsterinsights_sitenote_category":0,"footnotes":""},"class_list":["post-8287","page","type-page","status-publish","hentry"],"_links":{"self":[{"href":"https:\/\/arttao.org\/vi\/wp-json\/wp\/v2\/pages\/8287","targetHints":{"allow":["GET"]}}],"collection":[{"href":"https:\/\/arttao.org\/vi\/wp-json\/wp\/v2\/pages"}],"about":[{"href":"https:\/\/arttao.org\/vi\/wp-json\/wp\/v2\/types\/page"}],"author":[{"embeddable":true,"href":"https:\/\/arttao.org\/vi\/wp-json\/wp\/v2\/users\/1"}],"replies":[{"embeddable":true,"href":"https:\/\/arttao.org\/vi\/wp-json\/wp\/v2\/comments?post=8287"}],"version-history":[{"count":21,"href":"https:\/\/arttao.org\/vi\/wp-json\/wp\/v2\/pages\/8287\/revisions"}],"predecessor-version":[{"id":16291,"href":"https:\/\/arttao.org\/vi\/wp-json\/wp\/v2\/pages\/8287\/revisions\/16291"}],"wp:attachment":[{"href":"https:\/\/arttao.org\/vi\/wp-json\/wp\/v2\/media?parent=8287"}],"curies":[{"name":"wp","href":"https:\/\/api.w.org\/{rel}","templated":true}]}}